{"id":6610,"date":"2022-10-11T11:44:33","date_gmt":"2022-10-11T14:44:33","guid":{"rendered":"https:\/\/www.pacoteshyatt.com.br\/rio-de-janeiro\/?post_type=product&#038;p=6610"},"modified":"2025-12-26T12:22:31","modified_gmt":"2025-12-26T15:22:31","slug":"brunch-de-natal","status":"publish","type":"product","link":"https:\/\/www.pacoteshyatt.com.br\/rio-de-janeiro\/product\/brunch-de-natal\/","title":{"rendered":"14\/12 | Brunch Infantil de Natal"},"content":{"rendered":"<div>\n<p data-start=\"278\" data-end=\"475\">\u00daltimos ingressos dispon\u00edeis para reserva atrav\u00e9s do telefone\/whatsapp: <strong>(21) 3797-9524<\/strong> ou e-mail <strong>RIOGH-hostesses@hyatt.com<\/strong>.<\/p>\n<p>Si vienes de fuera de Brasil, haga\u00a0<a href=\"https:\/\/www.hyattexperiences.com\/grand-hyatt\/riogh?lang=es#!\/e\/14-12-brunch-de-navidad-a7d78758\">clic aqu\u00ed<\/a>\u00a0|\u00a0<em>If you are coming from outside Brazil,\u00a0<a href=\"https:\/\/www.hyattexperiences.com\/grand-hyatt\/riogh#!\/e\/12-14-christimas-children-s-brunch-a7d78758\">click here<\/a><\/em><\/p>\n<p data-start=\"278\" data-end=\"475\">Venha viver a magia do Natal em um encontro leve, divertido para toda a fam\u00edlia e amigos!<br \/>\nNosso <strong>brunch de Natal<\/strong> foi pensado para colecionar bons momentos, reunindo alta gastronomia em uma experi\u00eancia descontra\u00edda e acolhedora \u00e0 luz do dia. <strong data-start=\"990\" data-end=\"1069\">Teremos a presen\u00e7a do Papai Noel al\u00e9m de atividades para as crian\u00e7as com o nosso time de recrea\u00e7\u00e3o!<\/strong><\/p>\n<p data-start=\"477\" data-end=\"628\">O ambiente se enfeita com decora\u00e7\u00e3o natalina, um buffet com receitas t\u00edpicas e um card\u00e1pio de bebidas alc\u00f3olicas e n\u00e3o alco\u00f3licas liberadas.<\/p>\n<p data-start=\"630\" data-end=\"655\"><strong data-start=\"630\" data-end=\"655\">A experi\u00eancia de brunch de Natal inclui:<\/strong><\/p>\n<p data-start=\"659\" data-end=\"759\">\u2022 Buffet com sele\u00e7\u00e3o de pratos quentes e frios, saladas, itens de caf\u00e9 da manh\u00e3, massas e sobremesas.\u00a0<strong>Confira o menu completo na aba abaixo.\u00a0<\/strong><\/p>\n<p data-start=\"864\" data-end=\"929\">\u2022 <strong>Bebidas inclu\u00eddas:<\/strong> espumante, cerveja e vinhos tinto e branco. Al\u00e9m de \u00e1gua, sucos e refrigerante.<\/p>\n<p data-start=\"864\" data-end=\"929\"><strong>\u2022 Bar de drinks<\/strong> com um menu variado.<\/p>\n<p data-start=\"864\" data-end=\"929\"><strong>\u2022 M\u00fasica ao vivo com a banda Viol\u00fadico\u00a0<\/strong>para a alegria da crian\u00e7ada!<\/p>\n<p data-start=\"864\" data-end=\"929\"><strong data-start=\"1165\" data-end=\"1187\">\u2022 Mesa individual<\/strong> para aproveitar a tarde com seus amigos e familiares.<\/p>\n<p><strong>\u2022 Presen\u00e7a do Papai Noel para interagir com as crian\u00e7as e fam\u00edlias!<\/strong><\/p>\n<p>\u2022 <strong>Recrea\u00e7\u00e3o infantil<\/strong> para os pequenos.<\/p>\n<p>&nbsp;<\/p>\n<\/div>\n<p>&nbsp;<\/p>\n<p><strong>Informa\u00e7\u00f5es:<\/strong><\/p>\n<p>\u2022<strong> Data:<\/strong> 14\/12\/2025<\/p>\n<p>\u2022<strong> Hora:<\/strong> das 13h \u00e0s 16h<\/p>\n<p>&nbsp;<\/p>\n<div>\n<p data-start=\"1071\" data-end=\"1170\"><strong data-start=\"1071\" data-end=\"1170\">Fa\u00e7a sua reserva e viva um Natal inesquec\u00edvel.<\/strong><\/p>\n<p data-start=\"1071\" data-end=\"1170\">\n<\/div>\n<hr \/>\n<p><em><strong>Todos os pre\u00e7os\u00a0 j\u00e1 incluem taxa de servi\u00e7o.<\/strong><\/em><\/p>\n<div>\n<p><span style=\"color: #bd2137\">Para mais informa\u00e7\u00f5es, entre em contato atrav\u00e9s do telefone<\/span><span style=\"color: #bd2137\">\u00a0<strong><em>21 3797-9524<\/em><\/strong> ou email <em><strong>RIOGH-hostesses@hyatt.com<\/strong><\/em>.<\/span><\/p>\n<\/div>\n","protected":false},"excerpt":{"rendered":"<p>\u00daltimos ingressos dispon\u00edeis para reserva atrav\u00e9s do telefone\/whatsapp: (21) 3797-9524 ou e-mail RIOGH-hostesses@hyatt.com. Si vienes de fuera de Brasil, haga\u00a0clic aqu\u00ed\u00a0|\u00a0If you are coming from outside Brazil,\u00a0click here Venha viver a magia do Natal em um encontro leve, divertido para toda a fam\u00edlia e amigos! Nosso brunch de Natal foi pensado para colecionar bons momentos, [&hellip;]<\/p>\n","protected":false},"featured_media":20031,"template":"","meta":{"_eb_attr":""},"product_cat":[119,76,74],"product_tag":[],"bundled_by":[],"bundle_stock_status":"instock","bundle_stock_quantity":null,"bundle_virtual":false,"bundle_layout":"","bundle_add_to_cart_form_location":"","bundle_editable_in_cart":false,"bundle_sold_individually_context":"","bundle_item_grouping":"","bundle_min_size":"","bundle_max_size":"","bundled_items":[],"yoast_head":"<!-- This site is optimized with the Yoast SEO plugin v18.4.1 - https:\/\/yoast.com\/wordpress\/plugins\/seo\/ -->\n<title>Brunch de Natal (c\/ programa\u00e7\u00e3o kids) - Grand Hyatt RJ<\/title>\n<meta name=\"description\" content=\"Brunch de Natal no Grand Hyatt Rio 14 de dezembro: buffet exclusivo, Papai Noel, m\u00fasica ao vivo e divers\u00e3o em fam\u00edlia. Reserve j\u00e1!\" \/>\n<meta name=\"robots\" content=\"index, follow, max-snippet:-1, max-image-preview:large, max-video-preview:-1\" \/>\n<link rel=\"canonical\" href=\"https:\/\/www.pacoteshyatt.com.br\/rio-de-janeiro\/product\/brunch-de-natal\/\" \/>\n<meta property=\"og:locale\" content=\"pt_BR\" \/>\n<meta property=\"og:type\" content=\"article\" \/>\n<meta property=\"og:title\" content=\"Brunch de Natal (c\/ programa\u00e7\u00e3o kids) - Grand Hyatt RJ\" \/>\n<meta property=\"og:description\" content=\"Brunch de Natal no Grand Hyatt Rio 14 de dezembro: buffet exclusivo, Papai Noel, m\u00fasica ao vivo e divers\u00e3o em fam\u00edlia. Reserve j\u00e1!\" \/>\n<meta property=\"og:url\" content=\"https:\/\/www.pacoteshyatt.com.br\/rio-de-janeiro\/product\/brunch-de-natal\/\" \/>\n<meta property=\"og:site_name\" content=\"GRAND HYATT RIO DE JANEIRO\" \/>\n<meta property=\"article:modified_time\" content=\"2025-12-26T15:22:31+00:00\" \/>\n<meta property=\"og:image\" content=\"https:\/\/www.pacoteshyatt.com.br\/rio-de-janeiro\/wp-content\/uploads\/sites\/2\/2022\/10\/GHRJ_ImagemOferta_PTBR_308x200_Natal_2025_v1.png\" \/>\n\t<meta property=\"og:image:width\" content=\"308\" \/>\n\t<meta property=\"og:image:height\" content=\"200\" \/>\n\t<meta property=\"og:image:type\" content=\"image\/png\" \/>\n<meta name=\"twitter:card\" content=\"summary_large_image\" \/>\n<meta name=\"twitter:label1\" content=\"Est. tempo de leitura\" \/>\n\t<meta name=\"twitter:data1\" content=\"2 minutos\" \/>\n<script type=\"application\/ld+json\" class=\"yoast-schema-graph\">{\"@context\":\"https:\/\/schema.org\",\"@graph\":[{\"@type\":\"WebSite\",\"@id\":\"https:\/\/www.pacoteshyatt.com.br\/rio-de-janeiro\/#website\",\"url\":\"https:\/\/www.pacoteshyatt.com.br\/rio-de-janeiro\/\",\"name\":\"GRAND HYATT RIO DE JANEIRO\",\"description\":\"Um verdadeiro resort urbano na Barra da Tijuca!\",\"potentialAction\":[{\"@type\":\"SearchAction\",\"target\":{\"@type\":\"EntryPoint\",\"urlTemplate\":\"https:\/\/www.pacoteshyatt.com.br\/rio-de-janeiro\/?s={search_term_string}\"},\"query-input\":\"required name=search_term_string\"}],\"inLanguage\":\"pt-BR\"},{\"@type\":\"ImageObject\",\"@id\":\"https:\/\/www.pacoteshyatt.com.br\/rio-de-janeiro\/product\/brunch-de-natal\/#primaryimage\",\"inLanguage\":\"pt-BR\",\"url\":\"https:\/\/www.pacoteshyatt.com.br\/rio-de-janeiro\/wp-content\/uploads\/sites\/2\/2022\/10\/GHRJ_ImagemOferta_PTBR_308x200_Natal_2025_v1.png\",\"contentUrl\":\"https:\/\/www.pacoteshyatt.com.br\/rio-de-janeiro\/wp-content\/uploads\/sites\/2\/2022\/10\/GHRJ_ImagemOferta_PTBR_308x200_Natal_2025_v1.png\",\"width\":308,\"height\":200,\"caption\":\"brunch de natal no rio de janeiro\"},{\"@type\":\"WebPage\",\"@id\":\"https:\/\/www.pacoteshyatt.com.br\/rio-de-janeiro\/product\/brunch-de-natal\/#webpage\",\"url\":\"https:\/\/www.pacoteshyatt.com.br\/rio-de-janeiro\/product\/brunch-de-natal\/\",\"name\":\"Brunch de Natal (c\/ programa\u00e7\u00e3o kids) - Grand Hyatt RJ\",\"isPartOf\":{\"@id\":\"https:\/\/www.pacoteshyatt.com.br\/rio-de-janeiro\/#website\"},\"primaryImageOfPage\":{\"@id\":\"https:\/\/www.pacoteshyatt.com.br\/rio-de-janeiro\/product\/brunch-de-natal\/#primaryimage\"},\"datePublished\":\"2022-10-11T14:44:33+00:00\",\"dateModified\":\"2025-12-26T15:22:31+00:00\",\"description\":\"Brunch de Natal no Grand Hyatt Rio 14 de dezembro: buffet exclusivo, Papai Noel, m\u00fasica ao vivo e divers\u00e3o em fam\u00edlia. Reserve j\u00e1!\",\"breadcrumb\":{\"@id\":\"https:\/\/www.pacoteshyatt.com.br\/rio-de-janeiro\/product\/brunch-de-natal\/#breadcrumb\"},\"inLanguage\":\"pt-BR\",\"potentialAction\":[{\"@type\":\"ReadAction\",\"target\":[\"https:\/\/www.pacoteshyatt.com.br\/rio-de-janeiro\/product\/brunch-de-natal\/\"]}]},{\"@type\":\"BreadcrumbList\",\"@id\":\"https:\/\/www.pacoteshyatt.com.br\/rio-de-janeiro\/product\/brunch-de-natal\/#breadcrumb\",\"itemListElement\":[{\"@type\":\"ListItem\",\"position\":1,\"name\":\"Home\",\"item\":\"https:\/\/www.pacoteshyatt.com.br\/rio-de-janeiro\/\"},{\"@type\":\"ListItem\",\"position\":2,\"name\":\"Cat\u00e1logo\",\"item\":\"https:\/\/www.pacoteshyatt.com.br\/rio-de-janeiro\/catalogo\/\"},{\"@type\":\"ListItem\",\"position\":3,\"name\":\"14\/12 | Brunch Infantil de Natal\"}]}]}<\/script>\n<!-- \/ Yoast SEO plugin. -->","yoast_head_json":{"title":"Brunch de Natal (c\/ programa\u00e7\u00e3o kids) - Grand Hyatt RJ","description":"Brunch de Natal no Grand Hyatt Rio 14 de dezembro: buffet exclusivo, Papai Noel, m\u00fasica ao vivo e divers\u00e3o em fam\u00edlia. Reserve j\u00e1!","robots":{"index":"index","follow":"follow","max-snippet":"max-snippet:-1","max-image-preview":"max-image-preview:large","max-video-preview":"max-video-preview:-1"},"canonical":"https:\/\/www.pacoteshyatt.com.br\/rio-de-janeiro\/product\/brunch-de-natal\/","og_locale":"pt_BR","og_type":"article","og_title":"Brunch de Natal (c\/ programa\u00e7\u00e3o kids) - Grand Hyatt RJ","og_description":"Brunch de Natal no Grand Hyatt Rio 14 de dezembro: buffet exclusivo, Papai Noel, m\u00fasica ao vivo e divers\u00e3o em fam\u00edlia. Reserve j\u00e1!","og_url":"https:\/\/www.pacoteshyatt.com.br\/rio-de-janeiro\/product\/brunch-de-natal\/","og_site_name":"GRAND HYATT RIO DE JANEIRO","article_modified_time":"2025-12-26T15:22:31+00:00","og_image":[{"width":308,"height":200,"url":"https:\/\/www.pacoteshyatt.com.br\/rio-de-janeiro\/wp-content\/uploads\/sites\/2\/2022\/10\/GHRJ_ImagemOferta_PTBR_308x200_Natal_2025_v1.png","type":"image\/png"}],"twitter_card":"summary_large_image","twitter_misc":{"Est. tempo de leitura":"2 minutos"},"schema":{"@context":"https:\/\/schema.org","@graph":[{"@type":"WebSite","@id":"https:\/\/www.pacoteshyatt.com.br\/rio-de-janeiro\/#website","url":"https:\/\/www.pacoteshyatt.com.br\/rio-de-janeiro\/","name":"GRAND HYATT RIO DE JANEIRO","description":"Um verdadeiro resort urbano na Barra da Tijuca!","potentialAction":[{"@type":"SearchAction","target":{"@type":"EntryPoint","urlTemplate":"https:\/\/www.pacoteshyatt.com.br\/rio-de-janeiro\/?s={search_term_string}"},"query-input":"required name=search_term_string"}],"inLanguage":"pt-BR"},{"@type":"ImageObject","@id":"https:\/\/www.pacoteshyatt.com.br\/rio-de-janeiro\/product\/brunch-de-natal\/#primaryimage","inLanguage":"pt-BR","url":"https:\/\/www.pacoteshyatt.com.br\/rio-de-janeiro\/wp-content\/uploads\/sites\/2\/2022\/10\/GHRJ_ImagemOferta_PTBR_308x200_Natal_2025_v1.png","contentUrl":"https:\/\/www.pacoteshyatt.com.br\/rio-de-janeiro\/wp-content\/uploads\/sites\/2\/2022\/10\/GHRJ_ImagemOferta_PTBR_308x200_Natal_2025_v1.png","width":308,"height":200,"caption":"brunch de natal no rio de janeiro"},{"@type":"WebPage","@id":"https:\/\/www.pacoteshyatt.com.br\/rio-de-janeiro\/product\/brunch-de-natal\/#webpage","url":"https:\/\/www.pacoteshyatt.com.br\/rio-de-janeiro\/product\/brunch-de-natal\/","name":"Brunch de Natal (c\/ programa\u00e7\u00e3o kids) - Grand Hyatt RJ","isPartOf":{"@id":"https:\/\/www.pacoteshyatt.com.br\/rio-de-janeiro\/#website"},"primaryImageOfPage":{"@id":"https:\/\/www.pacoteshyatt.com.br\/rio-de-janeiro\/product\/brunch-de-natal\/#primaryimage"},"datePublished":"2022-10-11T14:44:33+00:00","dateModified":"2025-12-26T15:22:31+00:00","description":"Brunch de Natal no Grand Hyatt Rio 14 de dezembro: buffet exclusivo, Papai Noel, m\u00fasica ao vivo e divers\u00e3o em fam\u00edlia. Reserve j\u00e1!","breadcrumb":{"@id":"https:\/\/www.pacoteshyatt.com.br\/rio-de-janeiro\/product\/brunch-de-natal\/#breadcrumb"},"inLanguage":"pt-BR","potentialAction":[{"@type":"ReadAction","target":["https:\/\/www.pacoteshyatt.com.br\/rio-de-janeiro\/product\/brunch-de-natal\/"]}]},{"@type":"BreadcrumbList","@id":"https:\/\/www.pacoteshyatt.com.br\/rio-de-janeiro\/product\/brunch-de-natal\/#breadcrumb","itemListElement":[{"@type":"ListItem","position":1,"name":"Home","item":"https:\/\/www.pacoteshyatt.com.br\/rio-de-janeiro\/"},{"@type":"ListItem","position":2,"name":"Cat\u00e1logo","item":"https:\/\/www.pacoteshyatt.com.br\/rio-de-janeiro\/catalogo\/"},{"@type":"ListItem","position":3,"name":"14\/12 | Brunch Infantil de Natal"}]}]}},"_links":{"self":[{"href":"https:\/\/www.pacoteshyatt.com.br\/rio-de-janeiro\/wp-json\/wp\/v2\/product\/6610"}],"collection":[{"href":"https:\/\/www.pacoteshyatt.com.br\/rio-de-janeiro\/wp-json\/wp\/v2\/product"}],"about":[{"href":"https:\/\/www.pacoteshyatt.com.br\/rio-de-janeiro\/wp-json\/wp\/v2\/types\/product"}],"wp:featuredmedia":[{"embeddable":true,"href":"https:\/\/www.pacoteshyatt.com.br\/rio-de-janeiro\/wp-json\/wp\/v2\/media\/20031"}],"wp:attachment":[{"href":"https:\/\/www.pacoteshyatt.com.br\/rio-de-janeiro\/wp-json\/wp\/v2\/media?parent=6610"}],"wp:term":[{"taxonomy":"product_cat","embeddable":true,"href":"https:\/\/www.pacoteshyatt.com.br\/rio-de-janeiro\/wp-json\/wp\/v2\/product_cat?post=6610"},{"taxonomy":"product_tag","embeddable":true,"href":"https:\/\/www.pacoteshyatt.com.br\/rio-de-janeiro\/wp-json\/wp\/v2\/product_tag?post=6610"}],"curies":[{"name":"wp","href":"https:\/\/api.w.org\/{rel}","templated":true}]}}