{"id":6643,"date":"2022-10-11T18:04:25","date_gmt":"2022-10-11T21:04:25","guid":{"rendered":"https:\/\/www.pacoteshyatt.com.br\/rio-de-janeiro\/?post_type=product&#038;p=6643"},"modified":"2025-12-26T12:22:40","modified_gmt":"2025-12-26T15:22:40","slug":"ceia-de-natal","status":"publish","type":"product","link":"https:\/\/www.pacoteshyatt.com.br\/rio-de-janeiro\/product\/ceia-de-natal\/","title":{"rendered":"24\/12 | Ceia de Natal"},"content":{"rendered":"<p style=\"text-align: center\"><span style=\"color: #bd2137\"><strong>VENDAS ONLINE ENCERRADAS!<\/strong><br \/>\nPara adquirir o seu voucher, entre em contato atrav\u00e9s do <a href=\"https:\/\/wa.me\/5511942414458\">WhatsApp<\/a> ou visite o nosso plant\u00e3o de vendas presencial, localizado no lobby do Grand Hyattt Rio de Janeiro, de 10h \u00e0s 20h.<\/span><\/p>\n<p>&nbsp;<\/p>\n<p><em><strong>Si vienes de fuera de Brasil, haga <a href=\"https:\/\/www.hyattexperiences.com\/grand-hyatt\/riogh?lang=es-ES#!\/e\/24-12-cena-de-navidad-40f7fbdc?lang=es-ES\">clic aqu\u00ed<\/a> |\u00a0If you are coming from outside Brazil, <a href=\"https:\/\/www.hyattexperiences.com\/grand-hyatt\/riogh#!\/e\/40f7fbdc\">click here<\/a><\/strong><\/em><\/p>\n<p>&nbsp;<\/p>\n<p data-start=\"177\" data-end=\"357\">Uma noite especial merece um cen\u00e1rio \u00e0 altura.<br \/>\nCelebre o Natal em um ambiente elegante e acolhedor, com decora\u00e7\u00e3o tem\u00e1tica, atmosfera intimista e momentos pensados para toda a fam\u00edlia.<\/p>\n<p data-start=\"359\" data-end=\"641\">Compartilhe bons momentos com quem ama em uma experi\u00eancia completa, com alta gastronomia, m\u00fasica ao vivo e um toque de encanto para as crian\u00e7as. A noite ser\u00e1 ainda mais m\u00e1gica com a presen\u00e7a do Papai Noel, que far\u00e1 a entrega de presentes trazidos dos participantes &#8211; trazendo alegria aos pequenos e emo\u00e7\u00e3o aos adultos.<\/p>\n<p data-start=\"643\" data-end=\"751\">Nossa ceia de natal no hotel combina tradi\u00e7\u00e3o e variedade, com uma sele\u00e7\u00e3o cuidadosa de sabores e um servi\u00e7o digno desta data especial.<\/p>\n<p data-start=\"753\" data-end=\"778\"><strong>A experi\u00eancia de ceia de natal inclui:<\/strong><\/p>\n<p data-start=\"753\" data-end=\"778\"><strong>\u2022 Buffet especial completo para noite de Natal: <\/strong>com pratos tradicionais natalinos, saladas, antepastos, massas, risotos e frutos do mar. <strong>Confira o card\u00e1pio completo abaixo da descri\u00e7\u00e3o!<\/strong><\/p>\n<p data-start=\"753\" data-end=\"778\"><strong>\u2022 Bebidas alco\u00f3licas e n\u00e3o alco\u00f3licas inclu\u00eddas:<\/strong> \u00e1gua, sucos e refrigerantes. Espumante, cerveja, vinhos branco e tinto premium, whisky Chivas 12 anos e bar de drinks com capirinhas, caipiroskas, Gin Tonic, Aperol e Negroni.<\/p>\n<p data-start=\"753\" data-end=\"778\"><strong>\u2022 M\u00fasica ao vivo:<\/strong> com a artista <strong>Nath Audizio<\/strong> cantando pop, jazz e MBP, e DJ nos intervalos para animar a noite de Natal!<\/p>\n<p data-start=\"753\" data-end=\"778\"><strong data-start=\"1165\" data-end=\"1187\">\u2022 Mesa individual<\/strong> para aproveitar a noite com seus amigos e familiares.<\/p>\n<p data-start=\"753\" data-end=\"778\"><strong>\u2022 Presen\u00e7a do Papai Noel com entrega de presentes para as crian\u00e7as*<\/strong><\/p>\n<p data-start=\"753\" data-end=\"778\"><strong>\u2022 Recrea\u00e7\u00e3o infantil\u00a0<\/strong>para os pequenos<\/p>\n<p>&nbsp;<\/p>\n<p><strong>Informa\u00e7\u00f5es:<\/strong><\/p>\n<p><strong>\u2022 Local:\u00a0<\/strong>Grand Ballroom<\/p>\n<p><strong>\u2022 Data:\u00a0<\/strong>24\/12\/25<\/p>\n<p><strong>\u2022 Hor\u00e1rio: <\/strong>das 20h \u00e0 1h<\/p>\n<p><strong>Valores &#8211; Primeiro Lote:<\/strong><\/p>\n<p><strong>\u2022 Adulto: <\/strong>R$1350<\/p>\n<p><strong>\u2022 Adolescente (de 13 a 17 anos): <\/strong>R$1012,50<\/p>\n<p><strong>\u2022 Crian\u00e7as (de 6 a 12 anos): <\/strong>R$675<\/p>\n<p><strong>\u2022 Crian\u00e7as (de 0 a 5 anos):<\/strong> R$50<\/p>\n<p>&nbsp;<\/p>\n<p data-start=\"1058\" data-end=\"1151\"><strong data-start=\"1058\" data-end=\"1151\">Fa\u00e7a sua reserva e celebre o Natal com eleg\u00e2ncia, sabor e boas mem\u00f3rias.<\/strong><\/p>\n<p>&nbsp;<\/p>\n<p>&nbsp;<\/p>\n<p><strong><em><span style=\"color: #bd2137\">*O Papai Noel poder\u00e1 realizar a entrega de presentes \u00e0s crian\u00e7as que estar\u00e3o na Ceia de Natal. Apenas poder\u00e1 ser entregue 1 (um) presente por crian\u00e7a, que dever\u00e1 estar embrulhado e identificado com o seu nome e entregue na entrada do evento.\u00a0<\/span><\/em><\/strong><\/p>\n<p>&nbsp;<\/p>\n<hr \/>\n<p><strong>Para mais informa\u00e7\u00f5es entre em contato atrav\u00e9s do telefone\u00a0<a href=\"tel:21 3797-1234\"><em>21 3797-1234<\/em><\/a> ou email <a href=\"mailto:vendas.rj@hyatt.com\"><em>vendas.rj@hyatt.com<\/em><\/a>.<\/strong><\/p>\n","protected":false},"excerpt":{"rendered":"<p>VENDAS ONLINE ENCERRADAS! Para adquirir o seu voucher, entre em contato atrav\u00e9s do WhatsApp ou visite o nosso plant\u00e3o de vendas presencial, localizado no lobby do Grand Hyattt Rio de Janeiro, de 10h \u00e0s 20h. &nbsp; Si vienes de fuera de Brasil, haga clic aqu\u00ed |\u00a0If you are coming from outside Brazil, click here &nbsp; [&hellip;]<\/p>\n","protected":false},"featured_media":20025,"template":"","meta":{"_eb_attr":""},"product_cat":[119,20,76,74],"product_tag":[],"bundled_by":[],"bundle_stock_status":"instock","bundle_stock_quantity":null,"bundle_virtual":false,"bundle_layout":"","bundle_add_to_cart_form_location":"","bundle_editable_in_cart":false,"bundle_sold_individually_context":"","bundle_item_grouping":"","bundle_min_size":"","bundle_max_size":"","bundled_items":[],"yoast_head":"<!-- This site is optimized with the Yoast SEO plugin v18.4.1 - https:\/\/yoast.com\/wordpress\/plugins\/seo\/ -->\n<title>Ceia de Natal em Hotel no Rio de Janeiro- Grand Hyatt<\/title>\n<meta name=\"description\" content=\"Celebre uma noite especial com a fam\u00edlia no amado Grand Hyatt Barra da Tijuca com buffet completo, m\u00fasica ao vivo e Papai Noel para as crian\u00e7as. Reserve j\u00e1!\" \/>\n<meta name=\"robots\" content=\"index, follow, max-snippet:-1, max-image-preview:large, max-video-preview:-1\" \/>\n<link rel=\"canonical\" href=\"https:\/\/www.pacoteshyatt.com.br\/rio-de-janeiro\/product\/ceia-de-natal\/\" \/>\n<meta property=\"og:locale\" content=\"pt_BR\" \/>\n<meta property=\"og:type\" content=\"article\" \/>\n<meta property=\"og:title\" content=\"Ceia de Natal em Hotel no Rio de Janeiro- Grand Hyatt\" \/>\n<meta property=\"og:description\" content=\"Celebre uma noite especial com a fam\u00edlia no amado Grand Hyatt Barra da Tijuca com buffet completo, m\u00fasica ao vivo e Papai Noel para as crian\u00e7as. Reserve j\u00e1!\" \/>\n<meta property=\"og:url\" content=\"https:\/\/www.pacoteshyatt.com.br\/rio-de-janeiro\/product\/ceia-de-natal\/\" \/>\n<meta property=\"og:site_name\" content=\"GRAND HYATT RIO DE JANEIRO\" \/>\n<meta property=\"article:modified_time\" content=\"2025-12-26T15:22:40+00:00\" \/>\n<meta property=\"og:image\" content=\"https:\/\/www.pacoteshyatt.com.br\/rio-de-janeiro\/wp-content\/uploads\/sites\/2\/2022\/10\/GHRJ_ImagemOferta_PTBR_308x200_GrandballNatal_2025_v1.png\" \/>\n\t<meta property=\"og:image:width\" content=\"308\" \/>\n\t<meta property=\"og:image:height\" content=\"200\" \/>\n\t<meta property=\"og:image:type\" content=\"image\/png\" \/>\n<meta name=\"twitter:card\" content=\"summary_large_image\" \/>\n<meta name=\"twitter:label1\" content=\"Est. tempo de leitura\" \/>\n\t<meta name=\"twitter:data1\" content=\"3 minutos\" \/>\n<script type=\"application\/ld+json\" class=\"yoast-schema-graph\">{\"@context\":\"https:\/\/schema.org\",\"@graph\":[{\"@type\":\"WebSite\",\"@id\":\"https:\/\/www.pacoteshyatt.com.br\/rio-de-janeiro\/#website\",\"url\":\"https:\/\/www.pacoteshyatt.com.br\/rio-de-janeiro\/\",\"name\":\"GRAND HYATT RIO DE JANEIRO\",\"description\":\"Um verdadeiro resort urbano na Barra da Tijuca!\",\"potentialAction\":[{\"@type\":\"SearchAction\",\"target\":{\"@type\":\"EntryPoint\",\"urlTemplate\":\"https:\/\/www.pacoteshyatt.com.br\/rio-de-janeiro\/?s={search_term_string}\"},\"query-input\":\"required name=search_term_string\"}],\"inLanguage\":\"pt-BR\"},{\"@type\":\"ImageObject\",\"@id\":\"https:\/\/www.pacoteshyatt.com.br\/rio-de-janeiro\/product\/ceia-de-natal\/#primaryimage\",\"inLanguage\":\"pt-BR\",\"url\":\"https:\/\/www.pacoteshyatt.com.br\/rio-de-janeiro\/wp-content\/uploads\/sites\/2\/2022\/10\/GHRJ_ImagemOferta_PTBR_308x200_GrandballNatal_2025_v1.png\",\"contentUrl\":\"https:\/\/www.pacoteshyatt.com.br\/rio-de-janeiro\/wp-content\/uploads\/sites\/2\/2022\/10\/GHRJ_ImagemOferta_PTBR_308x200_GrandballNatal_2025_v1.png\",\"width\":308,\"height\":200,\"caption\":\"Ceia de Natal com buffet no hotel Grand Hyatt Rio de Janeiro\"},{\"@type\":\"WebPage\",\"@id\":\"https:\/\/www.pacoteshyatt.com.br\/rio-de-janeiro\/product\/ceia-de-natal\/#webpage\",\"url\":\"https:\/\/www.pacoteshyatt.com.br\/rio-de-janeiro\/product\/ceia-de-natal\/\",\"name\":\"Ceia de Natal em Hotel no Rio de Janeiro- Grand Hyatt\",\"isPartOf\":{\"@id\":\"https:\/\/www.pacoteshyatt.com.br\/rio-de-janeiro\/#website\"},\"primaryImageOfPage\":{\"@id\":\"https:\/\/www.pacoteshyatt.com.br\/rio-de-janeiro\/product\/ceia-de-natal\/#primaryimage\"},\"datePublished\":\"2022-10-11T21:04:25+00:00\",\"dateModified\":\"2025-12-26T15:22:40+00:00\",\"description\":\"Celebre uma noite especial com a fam\u00edlia no amado Grand Hyatt Barra da Tijuca com buffet completo, m\u00fasica ao vivo e Papai Noel para as crian\u00e7as. Reserve j\u00e1!\",\"breadcrumb\":{\"@id\":\"https:\/\/www.pacoteshyatt.com.br\/rio-de-janeiro\/product\/ceia-de-natal\/#breadcrumb\"},\"inLanguage\":\"pt-BR\",\"potentialAction\":[{\"@type\":\"ReadAction\",\"target\":[\"https:\/\/www.pacoteshyatt.com.br\/rio-de-janeiro\/product\/ceia-de-natal\/\"]}]},{\"@type\":\"BreadcrumbList\",\"@id\":\"https:\/\/www.pacoteshyatt.com.br\/rio-de-janeiro\/product\/ceia-de-natal\/#breadcrumb\",\"itemListElement\":[{\"@type\":\"ListItem\",\"position\":1,\"name\":\"Home\",\"item\":\"https:\/\/www.pacoteshyatt.com.br\/rio-de-janeiro\/\"},{\"@type\":\"ListItem\",\"position\":2,\"name\":\"Cat\u00e1logo\",\"item\":\"https:\/\/www.pacoteshyatt.com.br\/rio-de-janeiro\/catalogo\/\"},{\"@type\":\"ListItem\",\"position\":3,\"name\":\"24\/12 | Ceia de Natal\"}]}]}<\/script>\n<!-- \/ Yoast SEO plugin. -->","yoast_head_json":{"title":"Ceia de Natal em Hotel no Rio de Janeiro- Grand Hyatt","description":"Celebre uma noite especial com a fam\u00edlia no amado Grand Hyatt Barra da Tijuca com buffet completo, m\u00fasica ao vivo e Papai Noel para as crian\u00e7as. Reserve j\u00e1!","robots":{"index":"index","follow":"follow","max-snippet":"max-snippet:-1","max-image-preview":"max-image-preview:large","max-video-preview":"max-video-preview:-1"},"canonical":"https:\/\/www.pacoteshyatt.com.br\/rio-de-janeiro\/product\/ceia-de-natal\/","og_locale":"pt_BR","og_type":"article","og_title":"Ceia de Natal em Hotel no Rio de Janeiro- Grand Hyatt","og_description":"Celebre uma noite especial com a fam\u00edlia no amado Grand Hyatt Barra da Tijuca com buffet completo, m\u00fasica ao vivo e Papai Noel para as crian\u00e7as. Reserve j\u00e1!","og_url":"https:\/\/www.pacoteshyatt.com.br\/rio-de-janeiro\/product\/ceia-de-natal\/","og_site_name":"GRAND HYATT RIO DE JANEIRO","article_modified_time":"2025-12-26T15:22:40+00:00","og_image":[{"width":308,"height":200,"url":"https:\/\/www.pacoteshyatt.com.br\/rio-de-janeiro\/wp-content\/uploads\/sites\/2\/2022\/10\/GHRJ_ImagemOferta_PTBR_308x200_GrandballNatal_2025_v1.png","type":"image\/png"}],"twitter_card":"summary_large_image","twitter_misc":{"Est. tempo de leitura":"3 minutos"},"schema":{"@context":"https:\/\/schema.org","@graph":[{"@type":"WebSite","@id":"https:\/\/www.pacoteshyatt.com.br\/rio-de-janeiro\/#website","url":"https:\/\/www.pacoteshyatt.com.br\/rio-de-janeiro\/","name":"GRAND HYATT RIO DE JANEIRO","description":"Um verdadeiro resort urbano na Barra da Tijuca!","potentialAction":[{"@type":"SearchAction","target":{"@type":"EntryPoint","urlTemplate":"https:\/\/www.pacoteshyatt.com.br\/rio-de-janeiro\/?s={search_term_string}"},"query-input":"required name=search_term_string"}],"inLanguage":"pt-BR"},{"@type":"ImageObject","@id":"https:\/\/www.pacoteshyatt.com.br\/rio-de-janeiro\/product\/ceia-de-natal\/#primaryimage","inLanguage":"pt-BR","url":"https:\/\/www.pacoteshyatt.com.br\/rio-de-janeiro\/wp-content\/uploads\/sites\/2\/2022\/10\/GHRJ_ImagemOferta_PTBR_308x200_GrandballNatal_2025_v1.png","contentUrl":"https:\/\/www.pacoteshyatt.com.br\/rio-de-janeiro\/wp-content\/uploads\/sites\/2\/2022\/10\/GHRJ_ImagemOferta_PTBR_308x200_GrandballNatal_2025_v1.png","width":308,"height":200,"caption":"Ceia de Natal com buffet no hotel Grand Hyatt Rio de Janeiro"},{"@type":"WebPage","@id":"https:\/\/www.pacoteshyatt.com.br\/rio-de-janeiro\/product\/ceia-de-natal\/#webpage","url":"https:\/\/www.pacoteshyatt.com.br\/rio-de-janeiro\/product\/ceia-de-natal\/","name":"Ceia de Natal em Hotel no Rio de Janeiro- Grand Hyatt","isPartOf":{"@id":"https:\/\/www.pacoteshyatt.com.br\/rio-de-janeiro\/#website"},"primaryImageOfPage":{"@id":"https:\/\/www.pacoteshyatt.com.br\/rio-de-janeiro\/product\/ceia-de-natal\/#primaryimage"},"datePublished":"2022-10-11T21:04:25+00:00","dateModified":"2025-12-26T15:22:40+00:00","description":"Celebre uma noite especial com a fam\u00edlia no amado Grand Hyatt Barra da Tijuca com buffet completo, m\u00fasica ao vivo e Papai Noel para as crian\u00e7as. Reserve j\u00e1!","breadcrumb":{"@id":"https:\/\/www.pacoteshyatt.com.br\/rio-de-janeiro\/product\/ceia-de-natal\/#breadcrumb"},"inLanguage":"pt-BR","potentialAction":[{"@type":"ReadAction","target":["https:\/\/www.pacoteshyatt.com.br\/rio-de-janeiro\/product\/ceia-de-natal\/"]}]},{"@type":"BreadcrumbList","@id":"https:\/\/www.pacoteshyatt.com.br\/rio-de-janeiro\/product\/ceia-de-natal\/#breadcrumb","itemListElement":[{"@type":"ListItem","position":1,"name":"Home","item":"https:\/\/www.pacoteshyatt.com.br\/rio-de-janeiro\/"},{"@type":"ListItem","position":2,"name":"Cat\u00e1logo","item":"https:\/\/www.pacoteshyatt.com.br\/rio-de-janeiro\/catalogo\/"},{"@type":"ListItem","position":3,"name":"24\/12 | Ceia de Natal"}]}]}},"_links":{"self":[{"href":"https:\/\/www.pacoteshyatt.com.br\/rio-de-janeiro\/wp-json\/wp\/v2\/product\/6643"}],"collection":[{"href":"https:\/\/www.pacoteshyatt.com.br\/rio-de-janeiro\/wp-json\/wp\/v2\/product"}],"about":[{"href":"https:\/\/www.pacoteshyatt.com.br\/rio-de-janeiro\/wp-json\/wp\/v2\/types\/product"}],"wp:featuredmedia":[{"embeddable":true,"href":"https:\/\/www.pacoteshyatt.com.br\/rio-de-janeiro\/wp-json\/wp\/v2\/media\/20025"}],"wp:attachment":[{"href":"https:\/\/www.pacoteshyatt.com.br\/rio-de-janeiro\/wp-json\/wp\/v2\/media?parent=6643"}],"wp:term":[{"taxonomy":"product_cat","embeddable":true,"href":"https:\/\/www.pacoteshyatt.com.br\/rio-de-janeiro\/wp-json\/wp\/v2\/product_cat?post=6643"},{"taxonomy":"product_tag","embeddable":true,"href":"https:\/\/www.pacoteshyatt.com.br\/rio-de-janeiro\/wp-json\/wp\/v2\/product_tag?post=6643"}],"curies":[{"name":"wp","href":"https:\/\/api.w.org\/{rel}","templated":true}]}}