{"id":75,"date":"2020-10-20T22:30:30","date_gmt":"2020-10-21T01:30:30","guid":{"rendered":"https:\/\/www.pacoteshyatt.com.br\/rio-de-janeiro\/?post_type=product&#038;p=75"},"modified":"2026-01-23T17:40:29","modified_gmt":"2026-01-23T20:40:29","slug":"day-use-piscina-dias-de-semana","status":"publish","type":"product","link":"https:\/\/www.pacoteshyatt.com.br\/rio-de-janeiro\/product\/day-use-piscina-dias-de-semana\/","title":{"rendered":"Day Use Piscina | Dias de semana"},"content":{"rendered":"<p data-start=\"250\" data-end=\"315\">Que tal transformar um dia comum em uma experi\u00eancia inesquec\u00edvel?<\/p>\n<p data-start=\"317\" data-end=\"569\">Com o <strong data-start=\"323\" data-end=\"342\">Day Use Piscina<\/strong>, voc\u00ea tem acesso exclusivo \u00e0 deslumbrante \u00e1rea da piscina do hotel, com toda a sofistica\u00e7\u00e3o, conforto e hospitalidade que o Grand Hyatt Rio de Janeiro oferece.<\/p>\n<p data-start=\"571\" data-end=\"758\">Ideal para quem mora no Rio ou est\u00e1 de passagem pela Barra da Tijuca, essa experi\u00eancia \u00e9 perfeita para relaxar, recarregar as energias e curtir momentos \u00fanicos em um cen\u00e1rio paradis\u00edaco.<\/p>\n<p data-start=\"760\" data-end=\"793\"><strong data-start=\"760\" data-end=\"793\">O que esperar do seu Day Use*:<\/strong><\/p>\n<ul data-start=\"794\" data-end=\"1008\">\n<li data-start=\"794\" data-end=\"847\">\n<p data-start=\"796\" data-end=\"847\">Acesso \u00e0 piscina em ambiente exclusivo e elegante<\/p>\n<\/li>\n<li data-start=\"848\" data-end=\"897\">\n<p data-start=\"850\" data-end=\"897\">Saunas seca e \u00e0 vapor do Atiaia Spa<\/p>\n<\/li>\n<li data-start=\"898\" data-end=\"944\">\n<p data-start=\"900\" data-end=\"944\">Servi\u00e7o de praia com guarda-sol e espregui\u00e7adeira na areia<\/p>\n<\/li>\n<li data-start=\"945\" data-end=\"1008\">\n<p data-start=\"947\" data-end=\"1008\">Desconto de 20% nos tratamentos do Atiaia Spa<\/p>\n<\/li>\n<\/ul>\n<p>&nbsp;<\/p>\n<p data-start=\"1010\" data-end=\"1145\">Permita-se desacelerar e viver um dia especial. Reserve agora e descubra como \u00e9 passar o dia em um dos hot\u00e9is mais prestigiados do Rio.<\/p>\n<p data-start=\"1010\" data-end=\"1145\">*Confira as condi\u00e7\u00f5es na aba &#8220;Benef\u00edcios do Day Use&#8221; abaixo<\/p>\n<p><strong><em>\u00a0<\/em><\/strong><\/p>\n<p>&nbsp;<\/p>\n<p><strong><span style=\"color: #bd2137\"><em><span class=\"ui-provider a b c d e f g h i j k l m n o p q r s t u v w x y z ab ac ae af ag ah ai aj ak\" dir=\"ltr\"><i>ESTE VOUCHER TEM VALIDADE DE 3 MESES, MEDIANTE AGENDAMENTO PR\u00c9VIO E DISPONIBILIDADE.<br \/>\n<\/i><\/span><\/em><\/span><\/strong><\/p>\n<p><strong><i>AP\u00d3S A COMPRA, \u00c9 NECESS\u00c1RIO REALIZAR O AGENDAMENTO ATRAV\u00c9S DO WHATSAPP: (21) 3797-9566<\/i><\/strong><\/p>\n","protected":false},"excerpt":{"rendered":"<p>Viva a experi\u00eancia de\u00a0um dia na piscina no Grand Hyatt Rio de Janeiro.<\/p>\n","protected":false},"featured_media":2104,"template":"","meta":{"_eb_attr":""},"product_cat":[19,21,68,71],"product_tag":[],"bundled_by":[],"bundle_stock_status":"instock","bundle_stock_quantity":null,"bundle_virtual":false,"bundle_layout":"","bundle_add_to_cart_form_location":"","bundle_editable_in_cart":false,"bundle_sold_individually_context":"","bundle_item_grouping":"","bundle_min_size":"","bundle_max_size":"","bundled_items":[],"yoast_head":"<!-- This site is optimized with the Yoast SEO plugin v18.4.1 - https:\/\/yoast.com\/wordpress\/plugins\/seo\/ -->\n<title>Day Use Piscina c\/ Sauna em Promo\u00e7\u00e3o - Grand Hyatt RJ<\/title>\n<meta name=\"description\" content=\"Para aproveitar um dia de descanso na Barra da Tijuca, o Day Use de Piscina conta com benef\u00edcios diversos para os dias da semana. Saiba mais!\" \/>\n<meta name=\"robots\" content=\"index, follow, max-snippet:-1, max-image-preview:large, max-video-preview:-1\" \/>\n<link rel=\"canonical\" href=\"https:\/\/www.pacoteshyatt.com.br\/rio-de-janeiro\/product\/day-use-piscina-dias-de-semana\/\" \/>\n<meta property=\"og:locale\" content=\"pt_BR\" \/>\n<meta property=\"og:type\" content=\"article\" \/>\n<meta property=\"og:title\" content=\"Day Use Piscina c\/ Sauna em Promo\u00e7\u00e3o - Grand Hyatt RJ\" \/>\n<meta property=\"og:description\" content=\"Para aproveitar um dia de descanso na Barra da Tijuca, o Day Use de Piscina conta com benef\u00edcios diversos para os dias da semana. Saiba mais!\" \/>\n<meta property=\"og:url\" content=\"https:\/\/www.pacoteshyatt.com.br\/rio-de-janeiro\/product\/day-use-piscina-dias-de-semana\/\" \/>\n<meta property=\"og:site_name\" content=\"GRAND HYATT RIO DE JANEIRO\" \/>\n<meta property=\"article:modified_time\" content=\"2026-01-23T20:40:29+00:00\" \/>\n<meta property=\"og:image\" content=\"https:\/\/www.pacoteshyatt.com.br\/rio-de-janeiro\/wp-content\/uploads\/sites\/2\/2021\/01\/piscinas.jpg\" \/>\n\t<meta property=\"og:image:width\" content=\"308\" \/>\n\t<meta property=\"og:image:height\" content=\"200\" \/>\n\t<meta property=\"og:image:type\" content=\"image\/jpeg\" \/>\n<meta name=\"twitter:card\" content=\"summary_large_image\" \/>\n<meta name=\"twitter:label1\" content=\"Est. tempo de leitura\" \/>\n\t<meta name=\"twitter:data1\" content=\"1 minuto\" \/>\n<script type=\"application\/ld+json\" class=\"yoast-schema-graph\">{\"@context\":\"https:\/\/schema.org\",\"@graph\":[{\"@type\":\"WebSite\",\"@id\":\"https:\/\/www.pacoteshyatt.com.br\/rio-de-janeiro\/#website\",\"url\":\"https:\/\/www.pacoteshyatt.com.br\/rio-de-janeiro\/\",\"name\":\"GRAND HYATT RIO DE JANEIRO\",\"description\":\"Um verdadeiro resort urbano na Barra da Tijuca!\",\"potentialAction\":[{\"@type\":\"SearchAction\",\"target\":{\"@type\":\"EntryPoint\",\"urlTemplate\":\"https:\/\/www.pacoteshyatt.com.br\/rio-de-janeiro\/?s={search_term_string}\"},\"query-input\":\"required name=search_term_string\"}],\"inLanguage\":\"pt-BR\"},{\"@type\":\"ImageObject\",\"@id\":\"https:\/\/www.pacoteshyatt.com.br\/rio-de-janeiro\/product\/day-use-piscina-dias-de-semana\/#primaryimage\",\"inLanguage\":\"pt-BR\",\"url\":\"https:\/\/www.pacoteshyatt.com.br\/rio-de-janeiro\/wp-content\/uploads\/sites\/2\/2021\/01\/piscinas.jpg\",\"contentUrl\":\"https:\/\/www.pacoteshyatt.com.br\/rio-de-janeiro\/wp-content\/uploads\/sites\/2\/2021\/01\/piscinas.jpg\",\"width\":308,\"height\":200,\"caption\":\"www.tbfoto.com.br HYATT - RJ\/RJ - 01\/11\/2017 Foto: Tadeu Brunelli ATENCAO: Toda foto deve ser publicada com o credito do autor, na sua integra sem cortes ou modificacoes, de acordo com a Lei N\u00ba 9.610 de 19\/02\/1998.\"},{\"@type\":\"WebPage\",\"@id\":\"https:\/\/www.pacoteshyatt.com.br\/rio-de-janeiro\/product\/day-use-piscina-dias-de-semana\/#webpage\",\"url\":\"https:\/\/www.pacoteshyatt.com.br\/rio-de-janeiro\/product\/day-use-piscina-dias-de-semana\/\",\"name\":\"Day Use Piscina c\/ Sauna em Promo\u00e7\u00e3o - Grand Hyatt RJ\",\"isPartOf\":{\"@id\":\"https:\/\/www.pacoteshyatt.com.br\/rio-de-janeiro\/#website\"},\"primaryImageOfPage\":{\"@id\":\"https:\/\/www.pacoteshyatt.com.br\/rio-de-janeiro\/product\/day-use-piscina-dias-de-semana\/#primaryimage\"},\"datePublished\":\"2020-10-21T01:30:30+00:00\",\"dateModified\":\"2026-01-23T20:40:29+00:00\",\"description\":\"Para aproveitar um dia de descanso na Barra da Tijuca, o Day Use de Piscina conta com benef\u00edcios diversos para os dias da semana. Saiba mais!\",\"breadcrumb\":{\"@id\":\"https:\/\/www.pacoteshyatt.com.br\/rio-de-janeiro\/product\/day-use-piscina-dias-de-semana\/#breadcrumb\"},\"inLanguage\":\"pt-BR\",\"potentialAction\":[{\"@type\":\"ReadAction\",\"target\":[\"https:\/\/www.pacoteshyatt.com.br\/rio-de-janeiro\/product\/day-use-piscina-dias-de-semana\/\"]}]},{\"@type\":\"BreadcrumbList\",\"@id\":\"https:\/\/www.pacoteshyatt.com.br\/rio-de-janeiro\/product\/day-use-piscina-dias-de-semana\/#breadcrumb\",\"itemListElement\":[{\"@type\":\"ListItem\",\"position\":1,\"name\":\"Home\",\"item\":\"https:\/\/www.pacoteshyatt.com.br\/rio-de-janeiro\/\"},{\"@type\":\"ListItem\",\"position\":2,\"name\":\"Cat\u00e1logo\",\"item\":\"https:\/\/www.pacoteshyatt.com.br\/rio-de-janeiro\/catalogo\/\"},{\"@type\":\"ListItem\",\"position\":3,\"name\":\"Day Use Piscina | Dias de semana\"}]}]}<\/script>\n<!-- \/ Yoast SEO plugin. -->","yoast_head_json":{"title":"Day Use Piscina c\/ Sauna em Promo\u00e7\u00e3o - Grand Hyatt RJ","description":"Para aproveitar um dia de descanso na Barra da Tijuca, o Day Use de Piscina conta com benef\u00edcios diversos para os dias da semana. Saiba mais!","robots":{"index":"index","follow":"follow","max-snippet":"max-snippet:-1","max-image-preview":"max-image-preview:large","max-video-preview":"max-video-preview:-1"},"canonical":"https:\/\/www.pacoteshyatt.com.br\/rio-de-janeiro\/product\/day-use-piscina-dias-de-semana\/","og_locale":"pt_BR","og_type":"article","og_title":"Day Use Piscina c\/ Sauna em Promo\u00e7\u00e3o - Grand Hyatt RJ","og_description":"Para aproveitar um dia de descanso na Barra da Tijuca, o Day Use de Piscina conta com benef\u00edcios diversos para os dias da semana. Saiba mais!","og_url":"https:\/\/www.pacoteshyatt.com.br\/rio-de-janeiro\/product\/day-use-piscina-dias-de-semana\/","og_site_name":"GRAND HYATT RIO DE JANEIRO","article_modified_time":"2026-01-23T20:40:29+00:00","og_image":[{"width":308,"height":200,"url":"https:\/\/www.pacoteshyatt.com.br\/rio-de-janeiro\/wp-content\/uploads\/sites\/2\/2021\/01\/piscinas.jpg","type":"image\/jpeg"}],"twitter_card":"summary_large_image","twitter_misc":{"Est. tempo de leitura":"1 minuto"},"schema":{"@context":"https:\/\/schema.org","@graph":[{"@type":"WebSite","@id":"https:\/\/www.pacoteshyatt.com.br\/rio-de-janeiro\/#website","url":"https:\/\/www.pacoteshyatt.com.br\/rio-de-janeiro\/","name":"GRAND HYATT RIO DE JANEIRO","description":"Um verdadeiro resort urbano na Barra da Tijuca!","potentialAction":[{"@type":"SearchAction","target":{"@type":"EntryPoint","urlTemplate":"https:\/\/www.pacoteshyatt.com.br\/rio-de-janeiro\/?s={search_term_string}"},"query-input":"required name=search_term_string"}],"inLanguage":"pt-BR"},{"@type":"ImageObject","@id":"https:\/\/www.pacoteshyatt.com.br\/rio-de-janeiro\/product\/day-use-piscina-dias-de-semana\/#primaryimage","inLanguage":"pt-BR","url":"https:\/\/www.pacoteshyatt.com.br\/rio-de-janeiro\/wp-content\/uploads\/sites\/2\/2021\/01\/piscinas.jpg","contentUrl":"https:\/\/www.pacoteshyatt.com.br\/rio-de-janeiro\/wp-content\/uploads\/sites\/2\/2021\/01\/piscinas.jpg","width":308,"height":200,"caption":"www.tbfoto.com.br HYATT - RJ\/RJ - 01\/11\/2017 Foto: Tadeu Brunelli ATENCAO: Toda foto deve ser publicada com o credito do autor, na sua integra sem cortes ou modificacoes, de acordo com a Lei N\u00ba 9.610 de 19\/02\/1998."},{"@type":"WebPage","@id":"https:\/\/www.pacoteshyatt.com.br\/rio-de-janeiro\/product\/day-use-piscina-dias-de-semana\/#webpage","url":"https:\/\/www.pacoteshyatt.com.br\/rio-de-janeiro\/product\/day-use-piscina-dias-de-semana\/","name":"Day Use Piscina c\/ Sauna em Promo\u00e7\u00e3o - Grand Hyatt RJ","isPartOf":{"@id":"https:\/\/www.pacoteshyatt.com.br\/rio-de-janeiro\/#website"},"primaryImageOfPage":{"@id":"https:\/\/www.pacoteshyatt.com.br\/rio-de-janeiro\/product\/day-use-piscina-dias-de-semana\/#primaryimage"},"datePublished":"2020-10-21T01:30:30+00:00","dateModified":"2026-01-23T20:40:29+00:00","description":"Para aproveitar um dia de descanso na Barra da Tijuca, o Day Use de Piscina conta com benef\u00edcios diversos para os dias da semana. Saiba mais!","breadcrumb":{"@id":"https:\/\/www.pacoteshyatt.com.br\/rio-de-janeiro\/product\/day-use-piscina-dias-de-semana\/#breadcrumb"},"inLanguage":"pt-BR","potentialAction":[{"@type":"ReadAction","target":["https:\/\/www.pacoteshyatt.com.br\/rio-de-janeiro\/product\/day-use-piscina-dias-de-semana\/"]}]},{"@type":"BreadcrumbList","@id":"https:\/\/www.pacoteshyatt.com.br\/rio-de-janeiro\/product\/day-use-piscina-dias-de-semana\/#breadcrumb","itemListElement":[{"@type":"ListItem","position":1,"name":"Home","item":"https:\/\/www.pacoteshyatt.com.br\/rio-de-janeiro\/"},{"@type":"ListItem","position":2,"name":"Cat\u00e1logo","item":"https:\/\/www.pacoteshyatt.com.br\/rio-de-janeiro\/catalogo\/"},{"@type":"ListItem","position":3,"name":"Day Use Piscina | Dias de semana"}]}]}},"_links":{"self":[{"href":"https:\/\/www.pacoteshyatt.com.br\/rio-de-janeiro\/wp-json\/wp\/v2\/product\/75"}],"collection":[{"href":"https:\/\/www.pacoteshyatt.com.br\/rio-de-janeiro\/wp-json\/wp\/v2\/product"}],"about":[{"href":"https:\/\/www.pacoteshyatt.com.br\/rio-de-janeiro\/wp-json\/wp\/v2\/types\/product"}],"wp:featuredmedia":[{"embeddable":true,"href":"https:\/\/www.pacoteshyatt.com.br\/rio-de-janeiro\/wp-json\/wp\/v2\/media\/2104"}],"wp:attachment":[{"href":"https:\/\/www.pacoteshyatt.com.br\/rio-de-janeiro\/wp-json\/wp\/v2\/media?parent=75"}],"wp:term":[{"taxonomy":"product_cat","embeddable":true,"href":"https:\/\/www.pacoteshyatt.com.br\/rio-de-janeiro\/wp-json\/wp\/v2\/product_cat?post=75"},{"taxonomy":"product_tag","embeddable":true,"href":"https:\/\/www.pacoteshyatt.com.br\/rio-de-janeiro\/wp-json\/wp\/v2\/product_tag?post=75"}],"curies":[{"name":"wp","href":"https:\/\/api.w.org\/{rel}","templated":true}]}}