{"id":77,"date":"2020-10-20T22:31:44","date_gmt":"2020-10-21T01:31:44","guid":{"rendered":"https:\/\/www.pacoteshyatt.com.br\/rio-de-janeiro\/?post_type=product&#038;p=77"},"modified":"2026-01-23T17:41:43","modified_gmt":"2026-01-23T20:41:43","slug":"day-use-cabana","status":"publish","type":"product","link":"https:\/\/www.pacoteshyatt.com.br\/rio-de-janeiro\/product\/day-use-cabana\/","title":{"rendered":"Day Use Cabana"},"content":{"rendered":"<p data-start=\"246\" data-end=\"566\">Desfrute de um dia inesquec\u00edvel no maior <strong data-start=\"287\" data-end=\"323\">Resort Urbano da Cidade Maravilhosa<\/strong>.<br \/>\nO <strong data-start=\"327\" data-end=\"345\">Day Use Cabana<\/strong> oferece uma experi\u00eancia \u00fanica, com <strong data-start=\"383\" data-end=\"413\">acesso exclusivo \u00e0 piscina<\/strong> do Grand Hyatt Rio de Janeiro, em uma cabana privativa com benef\u00edcios especiais para tornar o seu dia ainda mais agrad\u00e1vel.<\/p>\n<p data-start=\"568\" data-end=\"724\">Perfeito para relaxar sob o sol, celebrar momentos ou simplesmente aproveitar o melhor da nossa estrutura de lazer com conforto, privacidade e sofistica\u00e7\u00e3o.<\/p>\n<p data-start=\"726\" data-end=\"752\"><strong>Benef\u00edcios inclusos:<br \/>\n<\/strong><strong data-start=\"755\" data-end=\"800\">\u2022 Cabana exclusiva de frente para a piscina<\/strong>, garantindo privacidade e conforto.<br \/>\n<strong data-start=\"1243\" data-end=\"1261\">\u2022 <\/strong>Acesso completo ao <strong data-start=\"860\" data-end=\"908\">deck molhado, piscina, saunas seca e a vapor<\/strong>, al\u00e9m de <strong data-start=\"918\" data-end=\"938\">servi\u00e7o de praia<\/strong>.<br \/>\n<strong data-start=\"944\" data-end=\"971\">\u2022 Servi\u00e7o de bar especial<\/strong> com:<br data-start=\"976\" data-end=\"979\" \/>2 biscoitos Globo<br data-start=\"1000\" data-end=\"1003\" \/>1 chap\u00e9u Panam\u00e1 personalizado Grand Hyatt<br data-start=\"1048\" data-end=\"1051\" \/>2 coquet\u00e9is cl\u00e1ssicos da carta da piscina<br data-start=\"1096\" data-end=\"1099\" \/>4 unidades de cervejas nacionais<br data-start=\"1135\" data-end=\"1138\" \/>2 unidades de \u00e1gua de coco<br \/>\n<strong data-start=\"1243\" data-end=\"1261\">\u2022 <\/strong>Acesso aos <strong data-start=\"1184\" data-end=\"1212\">vesti\u00e1rios do Atiaia Spa<\/strong>, nosso spa de excel\u00eancia.<\/p>\n<p>&nbsp;<\/p>\n<p data-start=\"1323\" data-end=\"1339\"><strong>Condi\u00e7\u00f5es:<br \/>\n<\/strong>V\u00e1lido para at\u00e9 <strong data-start=\"1358\" data-end=\"1371\">2 adultos<\/strong> (capacidade m\u00e1xima de <strong data-start=\"1394\" data-end=\"1407\">3 pessoas<\/strong>).*<br \/>\nPara a <strong data-start=\"1422\" data-end=\"1441\">terceira pessoa<\/strong>, ser\u00e1 cobrada a tarifa de <strong data-start=\"1468\" data-end=\"1486\">Day Use normal<\/strong>.<\/p>\n<p data-start=\"1491\" data-end=\"1505\"><strong>Valores:<br \/>\n<\/strong><strong data-start=\"1508\" data-end=\"1521\">R$ 275,00<\/strong> \u2013 Dias de semana<br \/>\n<strong data-start=\"1543\" data-end=\"1556\">R$ 385,00<\/strong> \u2013 Finais de semana e feriados<\/p>\n<p data-start=\"1590\" data-end=\"1702\">Aproveite o cen\u00e1rio paradis\u00edaco da Barra da Tijuca com toda a estrutura e excel\u00eancia do\u00a0<strong>Grand Hyatt Rio de Janeiro<\/strong><\/p>\n<p>&nbsp;<\/p>\n<p>&nbsp;<\/p>\n<hr \/>\n<p><strong><span style=\"color: #bd2137\"><em><span class=\"ui-provider a b c d e f g h i j k l m n o p q r s t u v w x y z ab ac ae af ag ah ai aj ak\" dir=\"ltr\"><i>ESTE VOUCHER TEM VALIDADE DE 3 MESES, MEDIANTE AGENDAMENTO PR\u00c9VIO E DISPONIBILIDADE.<br \/>\nNO PER\u00cdODO DE 20 DE DEZEMBRO A 20 DE JANEIRO O DAY USE N\u00c3O ESTAR\u00c1 DISPON\u00cdVEL.<br \/>\n<\/i><\/span><\/em><\/span><\/strong><\/p>\n<p><span style=\"color: #bd2137\"><i>*Ap\u00f3s a compra, \u00e9 necess\u00e1rio realizar o agendamento atrav\u00e9s do Whatsapp: (21) 3797-9566<\/i><\/span><\/p>\n","protected":false},"excerpt":{"rendered":"<p><span lang=\"PT-BR\">O Day Use Cabana oferece acesso \u00e0 piscina do Grand Hyatt Rio de Janeiro <strong>com benef\u00edcios exclusivos, <\/strong><\/span><strong>servi\u00e7o de bar e espa\u00e7o reservado.<\/strong><\/p>\n","protected":false},"featured_media":2105,"template":"","meta":{"_eb_attr":""},"product_cat":[126,21],"product_tag":[],"bundled_by":[],"bundle_stock_status":"instock","bundle_stock_quantity":null,"bundle_virtual":false,"bundle_layout":"","bundle_add_to_cart_form_location":"","bundle_editable_in_cart":false,"bundle_sold_individually_context":"","bundle_item_grouping":"","bundle_min_size":"","bundle_max_size":"","bundled_items":[],"yoast_head":"<!-- This site is optimized with the Yoast SEO plugin v18.4.1 - https:\/\/yoast.com\/wordpress\/plugins\/seo\/ -->\n<title>Day Use Cabana: Piscina e Servi\u00e7o de Bar - Hyatt RJ<\/title>\n<meta name=\"description\" content=\"Desfrute de um dia exclusivo com o Day Use Cabana no Grand Hyatt Rio de Janeiro: cabana privativa, piscina, servi\u00e7o de bar e mais. Reserve j\u00e1!\" \/>\n<meta name=\"robots\" content=\"index, follow, max-snippet:-1, max-image-preview:large, max-video-preview:-1\" \/>\n<link rel=\"canonical\" href=\"https:\/\/www.pacoteshyatt.com.br\/rio-de-janeiro\/product\/day-use-cabana\/\" \/>\n<meta property=\"og:locale\" content=\"pt_BR\" \/>\n<meta property=\"og:type\" content=\"article\" \/>\n<meta property=\"og:title\" content=\"Day Use Cabana: Piscina e Servi\u00e7o de Bar - Hyatt RJ\" \/>\n<meta property=\"og:description\" content=\"Desfrute de um dia exclusivo com o Day Use Cabana no Grand Hyatt Rio de Janeiro: cabana privativa, piscina, servi\u00e7o de bar e mais. Reserve j\u00e1!\" \/>\n<meta property=\"og:url\" content=\"https:\/\/www.pacoteshyatt.com.br\/rio-de-janeiro\/product\/day-use-cabana\/\" \/>\n<meta property=\"og:site_name\" content=\"GRAND HYATT RIO DE JANEIRO\" \/>\n<meta property=\"article:modified_time\" content=\"2026-01-23T20:41:43+00:00\" \/>\n<meta property=\"og:image\" content=\"https:\/\/www.pacoteshyatt.com.br\/rio-de-janeiro\/wp-content\/uploads\/sites\/2\/2021\/01\/CABANA1.jpg\" \/>\n\t<meta property=\"og:image:width\" content=\"308\" \/>\n\t<meta property=\"og:image:height\" content=\"200\" \/>\n\t<meta property=\"og:image:type\" content=\"image\/jpeg\" \/>\n<meta name=\"twitter:card\" content=\"summary_large_image\" \/>\n<meta name=\"twitter:label1\" content=\"Est. tempo de leitura\" \/>\n\t<meta name=\"twitter:data1\" content=\"1 minuto\" \/>\n<script type=\"application\/ld+json\" class=\"yoast-schema-graph\">{\"@context\":\"https:\/\/schema.org\",\"@graph\":[{\"@type\":\"WebSite\",\"@id\":\"https:\/\/www.pacoteshyatt.com.br\/rio-de-janeiro\/#website\",\"url\":\"https:\/\/www.pacoteshyatt.com.br\/rio-de-janeiro\/\",\"name\":\"GRAND HYATT RIO DE JANEIRO\",\"description\":\"Um verdadeiro resort urbano na Barra da Tijuca!\",\"potentialAction\":[{\"@type\":\"SearchAction\",\"target\":{\"@type\":\"EntryPoint\",\"urlTemplate\":\"https:\/\/www.pacoteshyatt.com.br\/rio-de-janeiro\/?s={search_term_string}\"},\"query-input\":\"required name=search_term_string\"}],\"inLanguage\":\"pt-BR\"},{\"@type\":\"ImageObject\",\"@id\":\"https:\/\/www.pacoteshyatt.com.br\/rio-de-janeiro\/product\/day-use-cabana\/#primaryimage\",\"inLanguage\":\"pt-BR\",\"url\":\"https:\/\/www.pacoteshyatt.com.br\/rio-de-janeiro\/wp-content\/uploads\/sites\/2\/2021\/01\/CABANA1.jpg\",\"contentUrl\":\"https:\/\/www.pacoteshyatt.com.br\/rio-de-janeiro\/wp-content\/uploads\/sites\/2\/2021\/01\/CABANA1.jpg\",\"width\":308,\"height\":200,\"caption\":\"www.tbfoto.com.br GRAND HYATT - RJ\/RJ - 12\/03\/2019 Foto: Tadeu Brunelli ATENCAO: Toda foto deve ser publicada com o credito do autor, na sua integra sem cortes ou modificacoes, de acordo com a Lei N\u00ba 9.610 de 19\/02\/1998.\"},{\"@type\":\"WebPage\",\"@id\":\"https:\/\/www.pacoteshyatt.com.br\/rio-de-janeiro\/product\/day-use-cabana\/#webpage\",\"url\":\"https:\/\/www.pacoteshyatt.com.br\/rio-de-janeiro\/product\/day-use-cabana\/\",\"name\":\"Day Use Cabana: Piscina e Servi\u00e7o de Bar - Hyatt RJ\",\"isPartOf\":{\"@id\":\"https:\/\/www.pacoteshyatt.com.br\/rio-de-janeiro\/#website\"},\"primaryImageOfPage\":{\"@id\":\"https:\/\/www.pacoteshyatt.com.br\/rio-de-janeiro\/product\/day-use-cabana\/#primaryimage\"},\"datePublished\":\"2020-10-21T01:31:44+00:00\",\"dateModified\":\"2026-01-23T20:41:43+00:00\",\"description\":\"Desfrute de um dia exclusivo com o Day Use Cabana no Grand Hyatt Rio de Janeiro: cabana privativa, piscina, servi\u00e7o de bar e mais. Reserve j\u00e1!\",\"breadcrumb\":{\"@id\":\"https:\/\/www.pacoteshyatt.com.br\/rio-de-janeiro\/product\/day-use-cabana\/#breadcrumb\"},\"inLanguage\":\"pt-BR\",\"potentialAction\":[{\"@type\":\"ReadAction\",\"target\":[\"https:\/\/www.pacoteshyatt.com.br\/rio-de-janeiro\/product\/day-use-cabana\/\"]}]},{\"@type\":\"BreadcrumbList\",\"@id\":\"https:\/\/www.pacoteshyatt.com.br\/rio-de-janeiro\/product\/day-use-cabana\/#breadcrumb\",\"itemListElement\":[{\"@type\":\"ListItem\",\"position\":1,\"name\":\"Home\",\"item\":\"https:\/\/www.pacoteshyatt.com.br\/rio-de-janeiro\/\"},{\"@type\":\"ListItem\",\"position\":2,\"name\":\"Cat\u00e1logo\",\"item\":\"https:\/\/www.pacoteshyatt.com.br\/rio-de-janeiro\/catalogo\/\"},{\"@type\":\"ListItem\",\"position\":3,\"name\":\"Day Use Cabana\"}]}]}<\/script>\n<!-- \/ Yoast SEO plugin. -->","yoast_head_json":{"title":"Day Use Cabana: Piscina e Servi\u00e7o de Bar - Hyatt RJ","description":"Desfrute de um dia exclusivo com o Day Use Cabana no Grand Hyatt Rio de Janeiro: cabana privativa, piscina, servi\u00e7o de bar e mais. Reserve j\u00e1!","robots":{"index":"index","follow":"follow","max-snippet":"max-snippet:-1","max-image-preview":"max-image-preview:large","max-video-preview":"max-video-preview:-1"},"canonical":"https:\/\/www.pacoteshyatt.com.br\/rio-de-janeiro\/product\/day-use-cabana\/","og_locale":"pt_BR","og_type":"article","og_title":"Day Use Cabana: Piscina e Servi\u00e7o de Bar - Hyatt RJ","og_description":"Desfrute de um dia exclusivo com o Day Use Cabana no Grand Hyatt Rio de Janeiro: cabana privativa, piscina, servi\u00e7o de bar e mais. Reserve j\u00e1!","og_url":"https:\/\/www.pacoteshyatt.com.br\/rio-de-janeiro\/product\/day-use-cabana\/","og_site_name":"GRAND HYATT RIO DE JANEIRO","article_modified_time":"2026-01-23T20:41:43+00:00","og_image":[{"width":308,"height":200,"url":"https:\/\/www.pacoteshyatt.com.br\/rio-de-janeiro\/wp-content\/uploads\/sites\/2\/2021\/01\/CABANA1.jpg","type":"image\/jpeg"}],"twitter_card":"summary_large_image","twitter_misc":{"Est. tempo de leitura":"1 minuto"},"schema":{"@context":"https:\/\/schema.org","@graph":[{"@type":"WebSite","@id":"https:\/\/www.pacoteshyatt.com.br\/rio-de-janeiro\/#website","url":"https:\/\/www.pacoteshyatt.com.br\/rio-de-janeiro\/","name":"GRAND HYATT RIO DE JANEIRO","description":"Um verdadeiro resort urbano na Barra da Tijuca!","potentialAction":[{"@type":"SearchAction","target":{"@type":"EntryPoint","urlTemplate":"https:\/\/www.pacoteshyatt.com.br\/rio-de-janeiro\/?s={search_term_string}"},"query-input":"required name=search_term_string"}],"inLanguage":"pt-BR"},{"@type":"ImageObject","@id":"https:\/\/www.pacoteshyatt.com.br\/rio-de-janeiro\/product\/day-use-cabana\/#primaryimage","inLanguage":"pt-BR","url":"https:\/\/www.pacoteshyatt.com.br\/rio-de-janeiro\/wp-content\/uploads\/sites\/2\/2021\/01\/CABANA1.jpg","contentUrl":"https:\/\/www.pacoteshyatt.com.br\/rio-de-janeiro\/wp-content\/uploads\/sites\/2\/2021\/01\/CABANA1.jpg","width":308,"height":200,"caption":"www.tbfoto.com.br GRAND HYATT - RJ\/RJ - 12\/03\/2019 Foto: Tadeu Brunelli ATENCAO: Toda foto deve ser publicada com o credito do autor, na sua integra sem cortes ou modificacoes, de acordo com a Lei N\u00ba 9.610 de 19\/02\/1998."},{"@type":"WebPage","@id":"https:\/\/www.pacoteshyatt.com.br\/rio-de-janeiro\/product\/day-use-cabana\/#webpage","url":"https:\/\/www.pacoteshyatt.com.br\/rio-de-janeiro\/product\/day-use-cabana\/","name":"Day Use Cabana: Piscina e Servi\u00e7o de Bar - Hyatt RJ","isPartOf":{"@id":"https:\/\/www.pacoteshyatt.com.br\/rio-de-janeiro\/#website"},"primaryImageOfPage":{"@id":"https:\/\/www.pacoteshyatt.com.br\/rio-de-janeiro\/product\/day-use-cabana\/#primaryimage"},"datePublished":"2020-10-21T01:31:44+00:00","dateModified":"2026-01-23T20:41:43+00:00","description":"Desfrute de um dia exclusivo com o Day Use Cabana no Grand Hyatt Rio de Janeiro: cabana privativa, piscina, servi\u00e7o de bar e mais. Reserve j\u00e1!","breadcrumb":{"@id":"https:\/\/www.pacoteshyatt.com.br\/rio-de-janeiro\/product\/day-use-cabana\/#breadcrumb"},"inLanguage":"pt-BR","potentialAction":[{"@type":"ReadAction","target":["https:\/\/www.pacoteshyatt.com.br\/rio-de-janeiro\/product\/day-use-cabana\/"]}]},{"@type":"BreadcrumbList","@id":"https:\/\/www.pacoteshyatt.com.br\/rio-de-janeiro\/product\/day-use-cabana\/#breadcrumb","itemListElement":[{"@type":"ListItem","position":1,"name":"Home","item":"https:\/\/www.pacoteshyatt.com.br\/rio-de-janeiro\/"},{"@type":"ListItem","position":2,"name":"Cat\u00e1logo","item":"https:\/\/www.pacoteshyatt.com.br\/rio-de-janeiro\/catalogo\/"},{"@type":"ListItem","position":3,"name":"Day Use Cabana"}]}]}},"_links":{"self":[{"href":"https:\/\/www.pacoteshyatt.com.br\/rio-de-janeiro\/wp-json\/wp\/v2\/product\/77"}],"collection":[{"href":"https:\/\/www.pacoteshyatt.com.br\/rio-de-janeiro\/wp-json\/wp\/v2\/product"}],"about":[{"href":"https:\/\/www.pacoteshyatt.com.br\/rio-de-janeiro\/wp-json\/wp\/v2\/types\/product"}],"wp:featuredmedia":[{"embeddable":true,"href":"https:\/\/www.pacoteshyatt.com.br\/rio-de-janeiro\/wp-json\/wp\/v2\/media\/2105"}],"wp:attachment":[{"href":"https:\/\/www.pacoteshyatt.com.br\/rio-de-janeiro\/wp-json\/wp\/v2\/media?parent=77"}],"wp:term":[{"taxonomy":"product_cat","embeddable":true,"href":"https:\/\/www.pacoteshyatt.com.br\/rio-de-janeiro\/wp-json\/wp\/v2\/product_cat?post=77"},{"taxonomy":"product_tag","embeddable":true,"href":"https:\/\/www.pacoteshyatt.com.br\/rio-de-janeiro\/wp-json\/wp\/v2\/product_tag?post=77"}],"curies":[{"name":"wp","href":"https:\/\/api.w.org\/{rel}","templated":true}]}}