{"id":81,"date":"2020-10-20T22:34:49","date_gmt":"2020-10-21T01:34:49","guid":{"rendered":"https:\/\/www.pacoteshyatt.com.br\/rio-de-janeiro\/?post_type=product&#038;p=81"},"modified":"2026-05-04T14:50:04","modified_gmt":"2026-05-04T17:50:04","slug":"day-spa-bem-estar","status":"publish","type":"product","link":"https:\/\/www.pacoteshyatt.com.br\/rio-de-janeiro\/product\/day-spa-bem-estar\/","title":{"rendered":"Day Spa Bem-Estar"},"content":{"rendered":"<p>Cuide-se em grande estilo em um dos melhores\u00a0resorts urbanos do Rio de Janeiro.<\/p>\n<p>O\u00a0<strong>Day Spa Bem-estar<\/strong>\u00a0\u00e9 indicado para pessoas que possuem uma rotina agitada e precisam de uma pausa para descanso durante o dia.<\/p>\n<p>Confira os\u00a0<strong>tratamentos inclu\u00eddos<\/strong>:<\/p>\n<p>&#8211; Massagem relaxante (80min);<br \/>\n&#8211; Massagem nos p\u00e9s (30min);<\/p>\n<p>Dura\u00e7\u00e3o total aproximada:<strong> 2h<\/strong><\/p>\n<p>&nbsp;<\/p>\n<hr \/>\n<p><strong><span style=\"color: #bd2137\"><em><span class=\"ui-provider a b c d e f g h i j k l m n o p q r s t u v w x y z ab ac ae af ag ah ai aj ak\" dir=\"ltr\"><i>ESTE VOUCHER TEM 3 MESES DE VALIDADE, MEDIANTE AGENDAMENTO PR\u00c9VIO E DISPONIBILIDADE.<\/i><\/span><\/em><\/span><\/strong><\/p>\n<p><span style=\"color: #bd2137\"><i>Ap\u00f3s a compra, \u00e9 necess\u00e1rio realizar o agendamento atrav\u00e9s do Whatsapp: (21) 3797-9566. Para essa experi\u00eancia, n\u00e3o atendemos gestantes. Consulte disponibilidade.<\/i><\/span><\/p>\n","protected":false},"excerpt":{"rendered":"<p>Cuide-se em grande estilo em um dos melhores\u00a0resorts urbanos do Rio de Janeiro. O\u00a0Day Spa Bem-estar\u00a0\u00e9 indicado para pessoas que possuem uma rotina agitada e precisam de uma pausa para descanso durante o dia. Confira os\u00a0tratamentos inclu\u00eddos: &#8211; Massagem relaxante (80min); &#8211; Massagem nos p\u00e9s (30min); Dura\u00e7\u00e3o total aproximada: 2h &nbsp; ESTE VOUCHER TEM 3 [&hellip;]<\/p>\n","protected":false},"featured_media":7969,"template":"","meta":{"_eb_attr":""},"product_cat":[19,22,68,71],"product_tag":[],"bundled_by":[],"bundle_stock_status":"instock","bundle_stock_quantity":null,"bundle_virtual":false,"bundle_layout":"","bundle_add_to_cart_form_location":"","bundle_editable_in_cart":false,"bundle_sold_individually_context":"","bundle_item_grouping":"","bundle_min_size":"","bundle_max_size":"","bundled_items":[],"yoast_head":"<!-- This site is optimized with the Yoast SEO plugin v18.4.1 - https:\/\/yoast.com\/wordpress\/plugins\/seo\/ -->\n<title>Day Spa Bem-Estar: Pacote Relaxante - Grand Hyatt SP<\/title>\n<meta name=\"description\" content=\"Desligue o celular, conecte com voc\u00ea. O Day Spa Bem-estar \u00e9 o ref\u00fagio que sua rotina agitada! Pacote inclu\u00eddo massagem geral e de p\u00e9s. Garanta sua vaga agora!\" \/>\n<meta name=\"robots\" content=\"index, follow, max-snippet:-1, max-image-preview:large, max-video-preview:-1\" \/>\n<link rel=\"canonical\" href=\"https:\/\/www.pacoteshyatt.com.br\/rio-de-janeiro\/product\/day-spa-bem-estar\/\" \/>\n<meta property=\"og:locale\" content=\"pt_BR\" \/>\n<meta property=\"og:type\" content=\"article\" \/>\n<meta property=\"og:title\" content=\"Day Spa Bem-Estar: Pacote Relaxante - Grand Hyatt SP\" \/>\n<meta property=\"og:description\" content=\"Desligue o celular, conecte com voc\u00ea. O Day Spa Bem-estar \u00e9 o ref\u00fagio que sua rotina agitada! Pacote inclu\u00eddo massagem geral e de p\u00e9s. Garanta sua vaga agora!\" \/>\n<meta property=\"og:url\" content=\"https:\/\/www.pacoteshyatt.com.br\/rio-de-janeiro\/product\/day-spa-bem-estar\/\" \/>\n<meta property=\"og:site_name\" content=\"GRAND HYATT RIO DE JANEIRO\" \/>\n<meta property=\"article:modified_time\" content=\"2026-05-04T17:50:04+00:00\" \/>\n<meta property=\"og:image\" content=\"https:\/\/www.pacoteshyatt.com.br\/rio-de-janeiro\/wp-content\/uploads\/sites\/2\/2023\/01\/spa-corporal-1-e1685716018336.png\" \/>\n\t<meta property=\"og:image:width\" content=\"356\" \/>\n\t<meta property=\"og:image:height\" content=\"200\" \/>\n\t<meta property=\"og:image:type\" content=\"image\/png\" \/>\n<meta name=\"twitter:card\" content=\"summary_large_image\" \/>\n<meta name=\"twitter:label1\" content=\"Est. tempo de leitura\" \/>\n\t<meta name=\"twitter:data1\" content=\"1 minuto\" \/>\n<script type=\"application\/ld+json\" class=\"yoast-schema-graph\">{\"@context\":\"https:\/\/schema.org\",\"@graph\":[{\"@type\":\"WebSite\",\"@id\":\"https:\/\/www.pacoteshyatt.com.br\/rio-de-janeiro\/#website\",\"url\":\"https:\/\/www.pacoteshyatt.com.br\/rio-de-janeiro\/\",\"name\":\"GRAND HYATT RIO DE JANEIRO\",\"description\":\"Um verdadeiro resort urbano na Barra da Tijuca!\",\"potentialAction\":[{\"@type\":\"SearchAction\",\"target\":{\"@type\":\"EntryPoint\",\"urlTemplate\":\"https:\/\/www.pacoteshyatt.com.br\/rio-de-janeiro\/?s={search_term_string}\"},\"query-input\":\"required name=search_term_string\"}],\"inLanguage\":\"pt-BR\"},{\"@type\":\"ImageObject\",\"@id\":\"https:\/\/www.pacoteshyatt.com.br\/rio-de-janeiro\/product\/day-spa-bem-estar\/#primaryimage\",\"inLanguage\":\"pt-BR\",\"url\":\"https:\/\/www.pacoteshyatt.com.br\/rio-de-janeiro\/wp-content\/uploads\/sites\/2\/2023\/01\/spa-corporal-1-e1685716018336.png\",\"contentUrl\":\"https:\/\/www.pacoteshyatt.com.br\/rio-de-janeiro\/wp-content\/uploads\/sites\/2\/2023\/01\/spa-corporal-1-e1685716018336.png\",\"width\":356,\"height\":200,\"caption\":\"Mulher recebendo massagem relaxante noDay Spa bem-estar corpo e p\u00e9s\"},{\"@type\":\"WebPage\",\"@id\":\"https:\/\/www.pacoteshyatt.com.br\/rio-de-janeiro\/product\/day-spa-bem-estar\/#webpage\",\"url\":\"https:\/\/www.pacoteshyatt.com.br\/rio-de-janeiro\/product\/day-spa-bem-estar\/\",\"name\":\"Day Spa Bem-Estar: Pacote Relaxante - Grand Hyatt SP\",\"isPartOf\":{\"@id\":\"https:\/\/www.pacoteshyatt.com.br\/rio-de-janeiro\/#website\"},\"primaryImageOfPage\":{\"@id\":\"https:\/\/www.pacoteshyatt.com.br\/rio-de-janeiro\/product\/day-spa-bem-estar\/#primaryimage\"},\"datePublished\":\"2020-10-21T01:34:49+00:00\",\"dateModified\":\"2026-05-04T17:50:04+00:00\",\"description\":\"Desligue o celular, conecte com voc\u00ea. O Day Spa Bem-estar \u00e9 o ref\u00fagio que sua rotina agitada! Pacote inclu\u00eddo massagem geral e de p\u00e9s. Garanta sua vaga agora!\",\"breadcrumb\":{\"@id\":\"https:\/\/www.pacoteshyatt.com.br\/rio-de-janeiro\/product\/day-spa-bem-estar\/#breadcrumb\"},\"inLanguage\":\"pt-BR\",\"potentialAction\":[{\"@type\":\"ReadAction\",\"target\":[\"https:\/\/www.pacoteshyatt.com.br\/rio-de-janeiro\/product\/day-spa-bem-estar\/\"]}]},{\"@type\":\"BreadcrumbList\",\"@id\":\"https:\/\/www.pacoteshyatt.com.br\/rio-de-janeiro\/product\/day-spa-bem-estar\/#breadcrumb\",\"itemListElement\":[{\"@type\":\"ListItem\",\"position\":1,\"name\":\"Home\",\"item\":\"https:\/\/www.pacoteshyatt.com.br\/rio-de-janeiro\/\"},{\"@type\":\"ListItem\",\"position\":2,\"name\":\"Cat\u00e1logo\",\"item\":\"https:\/\/www.pacoteshyatt.com.br\/rio-de-janeiro\/catalogo\/\"},{\"@type\":\"ListItem\",\"position\":3,\"name\":\"Day Spa Bem-Estar\"}]}]}<\/script>\n<!-- \/ Yoast SEO plugin. -->","yoast_head_json":{"title":"Day Spa Bem-Estar: Pacote Relaxante - Grand Hyatt SP","description":"Desligue o celular, conecte com voc\u00ea. O Day Spa Bem-estar \u00e9 o ref\u00fagio que sua rotina agitada! Pacote inclu\u00eddo massagem geral e de p\u00e9s. Garanta sua vaga agora!","robots":{"index":"index","follow":"follow","max-snippet":"max-snippet:-1","max-image-preview":"max-image-preview:large","max-video-preview":"max-video-preview:-1"},"canonical":"https:\/\/www.pacoteshyatt.com.br\/rio-de-janeiro\/product\/day-spa-bem-estar\/","og_locale":"pt_BR","og_type":"article","og_title":"Day Spa Bem-Estar: Pacote Relaxante - Grand Hyatt SP","og_description":"Desligue o celular, conecte com voc\u00ea. O Day Spa Bem-estar \u00e9 o ref\u00fagio que sua rotina agitada! Pacote inclu\u00eddo massagem geral e de p\u00e9s. Garanta sua vaga agora!","og_url":"https:\/\/www.pacoteshyatt.com.br\/rio-de-janeiro\/product\/day-spa-bem-estar\/","og_site_name":"GRAND HYATT RIO DE JANEIRO","article_modified_time":"2026-05-04T17:50:04+00:00","og_image":[{"width":356,"height":200,"url":"https:\/\/www.pacoteshyatt.com.br\/rio-de-janeiro\/wp-content\/uploads\/sites\/2\/2023\/01\/spa-corporal-1-e1685716018336.png","type":"image\/png"}],"twitter_card":"summary_large_image","twitter_misc":{"Est. tempo de leitura":"1 minuto"},"schema":{"@context":"https:\/\/schema.org","@graph":[{"@type":"WebSite","@id":"https:\/\/www.pacoteshyatt.com.br\/rio-de-janeiro\/#website","url":"https:\/\/www.pacoteshyatt.com.br\/rio-de-janeiro\/","name":"GRAND HYATT RIO DE JANEIRO","description":"Um verdadeiro resort urbano na Barra da Tijuca!","potentialAction":[{"@type":"SearchAction","target":{"@type":"EntryPoint","urlTemplate":"https:\/\/www.pacoteshyatt.com.br\/rio-de-janeiro\/?s={search_term_string}"},"query-input":"required name=search_term_string"}],"inLanguage":"pt-BR"},{"@type":"ImageObject","@id":"https:\/\/www.pacoteshyatt.com.br\/rio-de-janeiro\/product\/day-spa-bem-estar\/#primaryimage","inLanguage":"pt-BR","url":"https:\/\/www.pacoteshyatt.com.br\/rio-de-janeiro\/wp-content\/uploads\/sites\/2\/2023\/01\/spa-corporal-1-e1685716018336.png","contentUrl":"https:\/\/www.pacoteshyatt.com.br\/rio-de-janeiro\/wp-content\/uploads\/sites\/2\/2023\/01\/spa-corporal-1-e1685716018336.png","width":356,"height":200,"caption":"Mulher recebendo massagem relaxante noDay Spa bem-estar corpo e p\u00e9s"},{"@type":"WebPage","@id":"https:\/\/www.pacoteshyatt.com.br\/rio-de-janeiro\/product\/day-spa-bem-estar\/#webpage","url":"https:\/\/www.pacoteshyatt.com.br\/rio-de-janeiro\/product\/day-spa-bem-estar\/","name":"Day Spa Bem-Estar: Pacote Relaxante - Grand Hyatt SP","isPartOf":{"@id":"https:\/\/www.pacoteshyatt.com.br\/rio-de-janeiro\/#website"},"primaryImageOfPage":{"@id":"https:\/\/www.pacoteshyatt.com.br\/rio-de-janeiro\/product\/day-spa-bem-estar\/#primaryimage"},"datePublished":"2020-10-21T01:34:49+00:00","dateModified":"2026-05-04T17:50:04+00:00","description":"Desligue o celular, conecte com voc\u00ea. O Day Spa Bem-estar \u00e9 o ref\u00fagio que sua rotina agitada! Pacote inclu\u00eddo massagem geral e de p\u00e9s. Garanta sua vaga agora!","breadcrumb":{"@id":"https:\/\/www.pacoteshyatt.com.br\/rio-de-janeiro\/product\/day-spa-bem-estar\/#breadcrumb"},"inLanguage":"pt-BR","potentialAction":[{"@type":"ReadAction","target":["https:\/\/www.pacoteshyatt.com.br\/rio-de-janeiro\/product\/day-spa-bem-estar\/"]}]},{"@type":"BreadcrumbList","@id":"https:\/\/www.pacoteshyatt.com.br\/rio-de-janeiro\/product\/day-spa-bem-estar\/#breadcrumb","itemListElement":[{"@type":"ListItem","position":1,"name":"Home","item":"https:\/\/www.pacoteshyatt.com.br\/rio-de-janeiro\/"},{"@type":"ListItem","position":2,"name":"Cat\u00e1logo","item":"https:\/\/www.pacoteshyatt.com.br\/rio-de-janeiro\/catalogo\/"},{"@type":"ListItem","position":3,"name":"Day Spa Bem-Estar"}]}]}},"_links":{"self":[{"href":"https:\/\/www.pacoteshyatt.com.br\/rio-de-janeiro\/wp-json\/wp\/v2\/product\/81"}],"collection":[{"href":"https:\/\/www.pacoteshyatt.com.br\/rio-de-janeiro\/wp-json\/wp\/v2\/product"}],"about":[{"href":"https:\/\/www.pacoteshyatt.com.br\/rio-de-janeiro\/wp-json\/wp\/v2\/types\/product"}],"wp:featuredmedia":[{"embeddable":true,"href":"https:\/\/www.pacoteshyatt.com.br\/rio-de-janeiro\/wp-json\/wp\/v2\/media\/7969"}],"wp:attachment":[{"href":"https:\/\/www.pacoteshyatt.com.br\/rio-de-janeiro\/wp-json\/wp\/v2\/media?parent=81"}],"wp:term":[{"taxonomy":"product_cat","embeddable":true,"href":"https:\/\/www.pacoteshyatt.com.br\/rio-de-janeiro\/wp-json\/wp\/v2\/product_cat?post=81"},{"taxonomy":"product_tag","embeddable":true,"href":"https:\/\/www.pacoteshyatt.com.br\/rio-de-janeiro\/wp-json\/wp\/v2\/product_tag?post=81"}],"curies":[{"name":"wp","href":"https:\/\/api.w.org\/{rel}","templated":true}]}}