{"id":8323,"date":"2023-03-13T15:58:28","date_gmt":"2023-03-13T18:58:28","guid":{"rendered":"https:\/\/www.pacoteshyatt.com.br\/rio-de-janeiro\/?post_type=product&#038;p=8323"},"modified":"2026-04-06T09:58:11","modified_gmt":"2026-04-06T12:58:11","slug":"brunch-de-pascoa","status":"publish","type":"product","link":"https:\/\/www.pacoteshyatt.com.br\/rio-de-janeiro\/product\/brunch-de-pascoa\/","title":{"rendered":"05\/04 | Brunch de P\u00e1scoa"},"content":{"rendered":"<div style=\"text-align: center\"><span style=\"color: #bd2137\">If you are not Brazilian, get this experience by <a href=\"https:\/\/www.hyattexperiences.com\/grand-hyatt\/riogh#!\/e\/313a129b\">clicking here<\/a>.<br \/>\nSi no eres brasile\u00f1o, adquiere esta experiencia haciendo <a href=\"https:\/\/www.hyattexperiences.com\/grand-hyatt\/riogh#!\/e\/313a129b\">clic aqu\u00ed<\/a>.<\/span><\/div>\n<p>&nbsp;<\/p>\n<p>Aproveite um delicioso <strong>Brunch de P\u00e1scoa <\/strong>com o melhor da gastronomia do Grand Hyatt Rio de Janeiro e a <strong>presen\u00e7a do Coelhinho da P\u00e1scoa!<\/strong><\/p>\n<p>Celebre em fam\u00edlia em um <strong>brunch com buffet completo<\/strong> com uma variedade de itens que v\u00e3o desde antepastos, petiscos, queijos e frios, at\u00e9 saladas, pratos quentes e grelhados. Aproveite as esta\u00e7\u00f5es de pratos preparados ao vivo, receitas exclusivas elaboradas por nossos chefs e a esta\u00e7\u00e3o kids com deliciosas op\u00e7\u00f5es para os pequenos. Para encerrar, uma mesa repleta de sobremesas tem\u00e1ticas incluindo esta\u00e7\u00e3o de ovinhos de p\u00e1scoa recheados ao vivo, bebidas inclusas e m\u00fasica ao vivo com Quartetinho Jazz para embalar a tarde.<\/p>\n<p>As crian\u00e7as se divertem com <strong>recrea\u00e7\u00e3o infantil tem\u00e1tica<\/strong> e <strong>ca\u00e7a aos ovos com o Coelhinho da P\u00e1scoa<\/strong>. Para os adultos, o evento conta com espumante, vinhos tinto e branco, cerveja e caipirinha liberadas, al\u00e9m de bebidas n\u00e3o alco\u00f3licas para todos.<\/p>\n<p><strong>Data: 05\/04\/26, domingo<\/strong><br \/>\n<strong>Hor\u00e1rio: das 13h \u00e0s 16h<\/strong><br \/>\n<strong>Vendas online encerradas!<\/strong><\/p>\n<p><strong>Valores:<\/strong><br \/>\nAdulto &#8211; Segundo Lote: R$508,50<br \/>\nAdolescente &#8211; Segundo Lote: R$321,15<br \/>\nCrian\u00e7a (6 a 12 anos) &#8211; Segundo Lote: R$254,10<br \/>\nCrian\u00e7a (0 a 5 anos): R$50<\/p>\n<p>&nbsp;<\/p>\n<hr \/>\n<p>&nbsp;<\/p>\n<p><span style=\"color: #bd2137\"><strong><span class=\"ui-provider a b c d e f g h i j k l m n o p q r s t u v w x y z ab ac ae af ag ah ai aj ak\" dir=\"ltr\">Este voucher \u00e9 v\u00e1lido para o Brunch de P\u00e1scoa que acontecer\u00e1 no dia 05\/04\/2026, n\u00e3o sendo poss\u00edvel utiliz\u00e1-lo em outra data.<\/span><\/strong><\/span><\/p>\n<p><span style=\"color: #bd2137\">Para pedidos especiais, utilize o campo de &#8220;Informa\u00e7\u00e3o Adicional&#8221; durante a finaliza\u00e7\u00e3o do pagamento ou envie um e-mail para riogh-marketing@hyatt.com<\/span><\/p>\n","protected":false},"excerpt":{"rendered":"<p>If you are not Brazilian, get this experience by clicking here. Si no eres brasile\u00f1o, adquiere esta experiencia haciendo clic aqu\u00ed. &nbsp; Aproveite um delicioso Brunch de P\u00e1scoa com o melhor da gastronomia do Grand Hyatt Rio de Janeiro e a presen\u00e7a do Coelhinho da P\u00e1scoa! Celebre em fam\u00edlia em um brunch com buffet completo [&hellip;]<\/p>\n","protected":false},"featured_media":22773,"template":"","meta":{"_eb_attr":""},"product_cat":[108,135,123,20,56,68,70],"product_tag":[],"bundled_by":[],"bundle_stock_status":"outofstock","bundle_stock_quantity":0,"bundle_virtual":false,"bundle_layout":"","bundle_add_to_cart_form_location":"","bundle_editable_in_cart":false,"bundle_sold_individually_context":"","bundle_item_grouping":"","bundle_min_size":"","bundle_max_size":"","bundled_items":[],"yoast_head":"<!-- This site is optimized with the Yoast SEO plugin v18.4.1 - https:\/\/yoast.com\/wordpress\/plugins\/seo\/ -->\n<title>Brunch de P\u00e1scoa com Ca\u00e7a aos Ovos 05\/04 - Grand Hyatt RJ<\/title>\n<meta name=\"description\" content=\"O Brunch de P\u00e1scoa do Grand Hyatt Rio oferece buffet completo no domingo e programa\u00e7\u00e3o para as crian\u00e7as. Reserve agora esta saborosa experi\u00eancia!\" \/>\n<meta name=\"robots\" content=\"index, follow, max-snippet:-1, max-image-preview:large, max-video-preview:-1\" \/>\n<link rel=\"canonical\" href=\"https:\/\/www.pacoteshyatt.com.br\/rio-de-janeiro\/product\/brunch-de-pascoa\/\" \/>\n<meta property=\"og:locale\" content=\"pt_BR\" \/>\n<meta property=\"og:type\" content=\"article\" \/>\n<meta property=\"og:title\" content=\"Brunch de P\u00e1scoa com Ca\u00e7a aos Ovos 05\/04 - Grand Hyatt RJ\" \/>\n<meta property=\"og:description\" content=\"O Brunch de P\u00e1scoa do Grand Hyatt Rio oferece buffet completo no domingo e programa\u00e7\u00e3o para as crian\u00e7as. Reserve agora esta saborosa experi\u00eancia!\" \/>\n<meta property=\"og:url\" content=\"https:\/\/www.pacoteshyatt.com.br\/rio-de-janeiro\/product\/brunch-de-pascoa\/\" \/>\n<meta property=\"og:site_name\" content=\"GRAND HYATT RIO DE JANEIRO\" \/>\n<meta property=\"article:modified_time\" content=\"2026-04-06T12:58:11+00:00\" \/>\n<meta property=\"og:image\" content=\"https:\/\/www.pacoteshyatt.com.br\/rio-de-janeiro\/wp-content\/uploads\/sites\/2\/2023\/03\/GHRJ_BannersPacotes_308x200px_Pascoa_2026_V01.png\" \/>\n\t<meta property=\"og:image:width\" content=\"308\" \/>\n\t<meta property=\"og:image:height\" content=\"200\" \/>\n\t<meta property=\"og:image:type\" content=\"image\/png\" \/>\n<meta name=\"twitter:card\" content=\"summary_large_image\" \/>\n<meta name=\"twitter:label1\" content=\"Est. tempo de leitura\" \/>\n\t<meta name=\"twitter:data1\" content=\"2 minutos\" \/>\n<script type=\"application\/ld+json\" class=\"yoast-schema-graph\">{\"@context\":\"https:\/\/schema.org\",\"@graph\":[{\"@type\":\"WebSite\",\"@id\":\"https:\/\/www.pacoteshyatt.com.br\/rio-de-janeiro\/#website\",\"url\":\"https:\/\/www.pacoteshyatt.com.br\/rio-de-janeiro\/\",\"name\":\"GRAND HYATT RIO DE JANEIRO\",\"description\":\"Um verdadeiro resort urbano na Barra da Tijuca!\",\"potentialAction\":[{\"@type\":\"SearchAction\",\"target\":{\"@type\":\"EntryPoint\",\"urlTemplate\":\"https:\/\/www.pacoteshyatt.com.br\/rio-de-janeiro\/?s={search_term_string}\"},\"query-input\":\"required name=search_term_string\"}],\"inLanguage\":\"pt-BR\"},{\"@type\":\"ImageObject\",\"@id\":\"https:\/\/www.pacoteshyatt.com.br\/rio-de-janeiro\/product\/brunch-de-pascoa\/#primaryimage\",\"inLanguage\":\"pt-BR\",\"url\":\"https:\/\/www.pacoteshyatt.com.br\/rio-de-janeiro\/wp-content\/uploads\/sites\/2\/2023\/03\/GHRJ_BannersPacotes_308x200px_Pascoa_2026_V01.png\",\"contentUrl\":\"https:\/\/www.pacoteshyatt.com.br\/rio-de-janeiro\/wp-content\/uploads\/sites\/2\/2023\/03\/GHRJ_BannersPacotes_308x200px_Pascoa_2026_V01.png\",\"width\":308,\"height\":200},{\"@type\":\"WebPage\",\"@id\":\"https:\/\/www.pacoteshyatt.com.br\/rio-de-janeiro\/product\/brunch-de-pascoa\/#webpage\",\"url\":\"https:\/\/www.pacoteshyatt.com.br\/rio-de-janeiro\/product\/brunch-de-pascoa\/\",\"name\":\"Brunch de P\u00e1scoa com Ca\u00e7a aos Ovos 05\/04 - Grand Hyatt RJ\",\"isPartOf\":{\"@id\":\"https:\/\/www.pacoteshyatt.com.br\/rio-de-janeiro\/#website\"},\"primaryImageOfPage\":{\"@id\":\"https:\/\/www.pacoteshyatt.com.br\/rio-de-janeiro\/product\/brunch-de-pascoa\/#primaryimage\"},\"datePublished\":\"2023-03-13T18:58:28+00:00\",\"dateModified\":\"2026-04-06T12:58:11+00:00\",\"description\":\"O Brunch de P\u00e1scoa do Grand Hyatt Rio oferece buffet completo no domingo e programa\u00e7\u00e3o para as crian\u00e7as. Reserve agora esta saborosa experi\u00eancia!\",\"breadcrumb\":{\"@id\":\"https:\/\/www.pacoteshyatt.com.br\/rio-de-janeiro\/product\/brunch-de-pascoa\/#breadcrumb\"},\"inLanguage\":\"pt-BR\",\"potentialAction\":[{\"@type\":\"ReadAction\",\"target\":[\"https:\/\/www.pacoteshyatt.com.br\/rio-de-janeiro\/product\/brunch-de-pascoa\/\"]}]},{\"@type\":\"BreadcrumbList\",\"@id\":\"https:\/\/www.pacoteshyatt.com.br\/rio-de-janeiro\/product\/brunch-de-pascoa\/#breadcrumb\",\"itemListElement\":[{\"@type\":\"ListItem\",\"position\":1,\"name\":\"Home\",\"item\":\"https:\/\/www.pacoteshyatt.com.br\/rio-de-janeiro\/\"},{\"@type\":\"ListItem\",\"position\":2,\"name\":\"Cat\u00e1logo\",\"item\":\"https:\/\/www.pacoteshyatt.com.br\/rio-de-janeiro\/catalogo\/\"},{\"@type\":\"ListItem\",\"position\":3,\"name\":\"05\/04 | Brunch de P\u00e1scoa\"}]}]}<\/script>\n<!-- \/ Yoast SEO plugin. -->","yoast_head_json":{"title":"Brunch de P\u00e1scoa com Ca\u00e7a aos Ovos 05\/04 - Grand Hyatt RJ","description":"O Brunch de P\u00e1scoa do Grand Hyatt Rio oferece buffet completo no domingo e programa\u00e7\u00e3o para as crian\u00e7as. Reserve agora esta saborosa experi\u00eancia!","robots":{"index":"index","follow":"follow","max-snippet":"max-snippet:-1","max-image-preview":"max-image-preview:large","max-video-preview":"max-video-preview:-1"},"canonical":"https:\/\/www.pacoteshyatt.com.br\/rio-de-janeiro\/product\/brunch-de-pascoa\/","og_locale":"pt_BR","og_type":"article","og_title":"Brunch de P\u00e1scoa com Ca\u00e7a aos Ovos 05\/04 - Grand Hyatt RJ","og_description":"O Brunch de P\u00e1scoa do Grand Hyatt Rio oferece buffet completo no domingo e programa\u00e7\u00e3o para as crian\u00e7as. Reserve agora esta saborosa experi\u00eancia!","og_url":"https:\/\/www.pacoteshyatt.com.br\/rio-de-janeiro\/product\/brunch-de-pascoa\/","og_site_name":"GRAND HYATT RIO DE JANEIRO","article_modified_time":"2026-04-06T12:58:11+00:00","og_image":[{"width":308,"height":200,"url":"https:\/\/www.pacoteshyatt.com.br\/rio-de-janeiro\/wp-content\/uploads\/sites\/2\/2023\/03\/GHRJ_BannersPacotes_308x200px_Pascoa_2026_V01.png","type":"image\/png"}],"twitter_card":"summary_large_image","twitter_misc":{"Est. tempo de leitura":"2 minutos"},"schema":{"@context":"https:\/\/schema.org","@graph":[{"@type":"WebSite","@id":"https:\/\/www.pacoteshyatt.com.br\/rio-de-janeiro\/#website","url":"https:\/\/www.pacoteshyatt.com.br\/rio-de-janeiro\/","name":"GRAND HYATT RIO DE JANEIRO","description":"Um verdadeiro resort urbano na Barra da Tijuca!","potentialAction":[{"@type":"SearchAction","target":{"@type":"EntryPoint","urlTemplate":"https:\/\/www.pacoteshyatt.com.br\/rio-de-janeiro\/?s={search_term_string}"},"query-input":"required name=search_term_string"}],"inLanguage":"pt-BR"},{"@type":"ImageObject","@id":"https:\/\/www.pacoteshyatt.com.br\/rio-de-janeiro\/product\/brunch-de-pascoa\/#primaryimage","inLanguage":"pt-BR","url":"https:\/\/www.pacoteshyatt.com.br\/rio-de-janeiro\/wp-content\/uploads\/sites\/2\/2023\/03\/GHRJ_BannersPacotes_308x200px_Pascoa_2026_V01.png","contentUrl":"https:\/\/www.pacoteshyatt.com.br\/rio-de-janeiro\/wp-content\/uploads\/sites\/2\/2023\/03\/GHRJ_BannersPacotes_308x200px_Pascoa_2026_V01.png","width":308,"height":200},{"@type":"WebPage","@id":"https:\/\/www.pacoteshyatt.com.br\/rio-de-janeiro\/product\/brunch-de-pascoa\/#webpage","url":"https:\/\/www.pacoteshyatt.com.br\/rio-de-janeiro\/product\/brunch-de-pascoa\/","name":"Brunch de P\u00e1scoa com Ca\u00e7a aos Ovos 05\/04 - Grand Hyatt RJ","isPartOf":{"@id":"https:\/\/www.pacoteshyatt.com.br\/rio-de-janeiro\/#website"},"primaryImageOfPage":{"@id":"https:\/\/www.pacoteshyatt.com.br\/rio-de-janeiro\/product\/brunch-de-pascoa\/#primaryimage"},"datePublished":"2023-03-13T18:58:28+00:00","dateModified":"2026-04-06T12:58:11+00:00","description":"O Brunch de P\u00e1scoa do Grand Hyatt Rio oferece buffet completo no domingo e programa\u00e7\u00e3o para as crian\u00e7as. Reserve agora esta saborosa experi\u00eancia!","breadcrumb":{"@id":"https:\/\/www.pacoteshyatt.com.br\/rio-de-janeiro\/product\/brunch-de-pascoa\/#breadcrumb"},"inLanguage":"pt-BR","potentialAction":[{"@type":"ReadAction","target":["https:\/\/www.pacoteshyatt.com.br\/rio-de-janeiro\/product\/brunch-de-pascoa\/"]}]},{"@type":"BreadcrumbList","@id":"https:\/\/www.pacoteshyatt.com.br\/rio-de-janeiro\/product\/brunch-de-pascoa\/#breadcrumb","itemListElement":[{"@type":"ListItem","position":1,"name":"Home","item":"https:\/\/www.pacoteshyatt.com.br\/rio-de-janeiro\/"},{"@type":"ListItem","position":2,"name":"Cat\u00e1logo","item":"https:\/\/www.pacoteshyatt.com.br\/rio-de-janeiro\/catalogo\/"},{"@type":"ListItem","position":3,"name":"05\/04 | Brunch de P\u00e1scoa"}]}]}},"_links":{"self":[{"href":"https:\/\/www.pacoteshyatt.com.br\/rio-de-janeiro\/wp-json\/wp\/v2\/product\/8323"}],"collection":[{"href":"https:\/\/www.pacoteshyatt.com.br\/rio-de-janeiro\/wp-json\/wp\/v2\/product"}],"about":[{"href":"https:\/\/www.pacoteshyatt.com.br\/rio-de-janeiro\/wp-json\/wp\/v2\/types\/product"}],"wp:featuredmedia":[{"embeddable":true,"href":"https:\/\/www.pacoteshyatt.com.br\/rio-de-janeiro\/wp-json\/wp\/v2\/media\/22773"}],"wp:attachment":[{"href":"https:\/\/www.pacoteshyatt.com.br\/rio-de-janeiro\/wp-json\/wp\/v2\/media?parent=8323"}],"wp:term":[{"taxonomy":"product_cat","embeddable":true,"href":"https:\/\/www.pacoteshyatt.com.br\/rio-de-janeiro\/wp-json\/wp\/v2\/product_cat?post=8323"},{"taxonomy":"product_tag","embeddable":true,"href":"https:\/\/www.pacoteshyatt.com.br\/rio-de-janeiro\/wp-json\/wp\/v2\/product_tag?post=8323"}],"curies":[{"name":"wp","href":"https:\/\/api.w.org\/{rel}","templated":true}]}}