{"id":8601,"date":"2023-04-17T10:09:30","date_gmt":"2023-04-17T13:09:30","guid":{"rendered":"https:\/\/www.pacoteshyatt.com.br\/rio-de-janeiro\/?post_type=product&#038;p=8601"},"modified":"2025-06-04T00:45:56","modified_gmt":"2025-06-04T03:45:56","slug":"massagem-dia-das-maes","status":"publish","type":"product","link":"https:\/\/www.pacoteshyatt.com.br\/rio-de-janeiro\/product\/massagem-dia-das-maes\/","title":{"rendered":"Massagem Dia das M\u00e3es especial em sala dupla"},"content":{"rendered":"<p><strong>Que tal presentear a sua m\u00e3e com uma experi\u00eancia verdadeiramente relaxante? <\/strong><\/p>\n<p>Uma experi\u00eancia de <strong>massagem no Rio de Janeiro<\/strong> de 50 minutos em sala dupla, para voc\u00ea curtir esse momento especial ao lado da mulher que voc\u00ea mais admira! Vivam, juntos, um dia leve com uma revigorante imers\u00e3o no Atiaia Spa.<\/p>\n<p>Escolha uma das massagens abaixo:<\/p>\n<p><strong>Massagem Atiaia |<\/strong> Com \u00f3leo essencial exclusivo, usa diversas manobras, como amassamento, percuss\u00e3o, deslizamento, acupress\u00e3o e drenagem, proporcionando revigor ao corpo.<\/p>\n<p><strong>Massagem Relaxante | <\/strong>Promove relaxamento profundo atrav\u00e9s de movimentos harmoniosos, ritmados e compassados.<\/p>\n<p><strong>Massagem Profunda | <\/strong>Alivia dores e tens\u00f5es musculares por meio de manobras que penetram as diversas camadas dos m\u00fasculos.<\/p>\n<p><span style=\"color: #bd2137\"><i>*Ap\u00f3s a compra, \u00e9 necess\u00e1rio realizar o agendamento atrav\u00e9s do Whatsapp: (21) 3797-9566<\/i><\/span><\/p>\n","protected":false},"excerpt":{"rendered":"<p>Que tal presentear a sua m\u00e3e com uma experi\u00eancia verdadeiramente relaxante? Uma experi\u00eancia de massagem no Rio de Janeiro de 50 minutos em sala dupla, para voc\u00ea curtir esse momento especial ao lado da mulher que voc\u00ea mais admira! Vivam, juntos, um dia leve com uma revigorante imers\u00e3o no Atiaia Spa. Escolha uma das massagens [&hellip;]<\/p>\n","protected":false},"featured_media":18865,"template":"","meta":{"_eb_attr":""},"product_cat":[135,19,23],"product_tag":[],"bundled_by":[],"bundle_stock_status":"outofstock","bundle_stock_quantity":null,"bundle_virtual":false,"bundle_layout":"","bundle_add_to_cart_form_location":"","bundle_editable_in_cart":false,"bundle_sold_individually_context":"","bundle_item_grouping":"","bundle_min_size":"","bundle_max_size":"","bundled_items":[],"yoast_head":"<!-- This site is optimized with the Yoast SEO plugin v18.4.1 - https:\/\/yoast.com\/wordpress\/plugins\/seo\/ -->\n<title>Massagem Rio de Janeiro de Dia das M\u00e3es - Grand Hyatt Rio<\/title>\n<meta name=\"description\" content=\"Uma experi\u00eancia de massagem no Rio de Janeiro para o Dia das M\u00e3es. Uma experi\u00eancia completa de m\u00e3e e filha de 50 minutos em sala dupla. Reserve agora!\" \/>\n<meta name=\"robots\" content=\"index, follow, max-snippet:-1, max-image-preview:large, max-video-preview:-1\" \/>\n<link rel=\"canonical\" href=\"https:\/\/www.pacoteshyatt.com.br\/rio-de-janeiro\/product\/massagem-dia-das-maes\/\" \/>\n<meta property=\"og:locale\" content=\"pt_BR\" \/>\n<meta property=\"og:type\" content=\"article\" \/>\n<meta property=\"og:title\" content=\"Massagem Rio de Janeiro de Dia das M\u00e3es - Grand Hyatt Rio\" \/>\n<meta property=\"og:description\" content=\"Uma experi\u00eancia de massagem no Rio de Janeiro para o Dia das M\u00e3es. Uma experi\u00eancia completa de m\u00e3e e filha de 50 minutos em sala dupla. Reserve agora!\" \/>\n<meta property=\"og:url\" content=\"https:\/\/www.pacoteshyatt.com.br\/rio-de-janeiro\/product\/massagem-dia-das-maes\/\" \/>\n<meta property=\"og:site_name\" content=\"GRAND HYATT RIO DE JANEIRO\" \/>\n<meta property=\"article:modified_time\" content=\"2025-06-04T03:45:56+00:00\" \/>\n<meta property=\"og:image\" content=\"https:\/\/www.pacoteshyatt.com.br\/rio-de-janeiro\/wp-content\/uploads\/sites\/2\/2023\/04\/GHRJ_CapasOfertas_DiadasMaes_2025_308x200px_v1.jpg\" \/>\n\t<meta property=\"og:image:width\" content=\"308\" \/>\n\t<meta property=\"og:image:height\" content=\"200\" \/>\n\t<meta property=\"og:image:type\" content=\"image\/jpeg\" \/>\n<meta name=\"twitter:card\" content=\"summary_large_image\" \/>\n<meta name=\"twitter:label1\" content=\"Est. tempo de leitura\" \/>\n\t<meta name=\"twitter:data1\" content=\"1 minuto\" \/>\n<script type=\"application\/ld+json\" class=\"yoast-schema-graph\">{\"@context\":\"https:\/\/schema.org\",\"@graph\":[{\"@type\":\"WebSite\",\"@id\":\"https:\/\/www.pacoteshyatt.com.br\/rio-de-janeiro\/#website\",\"url\":\"https:\/\/www.pacoteshyatt.com.br\/rio-de-janeiro\/\",\"name\":\"GRAND HYATT RIO DE JANEIRO\",\"description\":\"Um verdadeiro resort urbano na Barra da Tijuca!\",\"potentialAction\":[{\"@type\":\"SearchAction\",\"target\":{\"@type\":\"EntryPoint\",\"urlTemplate\":\"https:\/\/www.pacoteshyatt.com.br\/rio-de-janeiro\/?s={search_term_string}\"},\"query-input\":\"required name=search_term_string\"}],\"inLanguage\":\"pt-BR\"},{\"@type\":\"ImageObject\",\"@id\":\"https:\/\/www.pacoteshyatt.com.br\/rio-de-janeiro\/product\/massagem-dia-das-maes\/#primaryimage\",\"inLanguage\":\"pt-BR\",\"url\":\"https:\/\/www.pacoteshyatt.com.br\/rio-de-janeiro\/wp-content\/uploads\/sites\/2\/2023\/04\/GHRJ_CapasOfertas_DiadasMaes_2025_308x200px_v1.jpg\",\"contentUrl\":\"https:\/\/www.pacoteshyatt.com.br\/rio-de-janeiro\/wp-content\/uploads\/sites\/2\/2023\/04\/GHRJ_CapasOfertas_DiadasMaes_2025_308x200px_v1.jpg\",\"width\":308,\"height\":200,\"caption\":\"spa-m\u00e3e-filha\"},{\"@type\":\"WebPage\",\"@id\":\"https:\/\/www.pacoteshyatt.com.br\/rio-de-janeiro\/product\/massagem-dia-das-maes\/#webpage\",\"url\":\"https:\/\/www.pacoteshyatt.com.br\/rio-de-janeiro\/product\/massagem-dia-das-maes\/\",\"name\":\"Massagem Rio de Janeiro de Dia das M\u00e3es - Grand Hyatt Rio\",\"isPartOf\":{\"@id\":\"https:\/\/www.pacoteshyatt.com.br\/rio-de-janeiro\/#website\"},\"primaryImageOfPage\":{\"@id\":\"https:\/\/www.pacoteshyatt.com.br\/rio-de-janeiro\/product\/massagem-dia-das-maes\/#primaryimage\"},\"datePublished\":\"2023-04-17T13:09:30+00:00\",\"dateModified\":\"2025-06-04T03:45:56+00:00\",\"description\":\"Uma experi\u00eancia de massagem no Rio de Janeiro para o Dia das M\u00e3es. Uma experi\u00eancia completa de m\u00e3e e filha de 50 minutos em sala dupla. Reserve agora!\",\"breadcrumb\":{\"@id\":\"https:\/\/www.pacoteshyatt.com.br\/rio-de-janeiro\/product\/massagem-dia-das-maes\/#breadcrumb\"},\"inLanguage\":\"pt-BR\",\"potentialAction\":[{\"@type\":\"ReadAction\",\"target\":[\"https:\/\/www.pacoteshyatt.com.br\/rio-de-janeiro\/product\/massagem-dia-das-maes\/\"]}]},{\"@type\":\"BreadcrumbList\",\"@id\":\"https:\/\/www.pacoteshyatt.com.br\/rio-de-janeiro\/product\/massagem-dia-das-maes\/#breadcrumb\",\"itemListElement\":[{\"@type\":\"ListItem\",\"position\":1,\"name\":\"Home\",\"item\":\"https:\/\/www.pacoteshyatt.com.br\/rio-de-janeiro\/\"},{\"@type\":\"ListItem\",\"position\":2,\"name\":\"Cat\u00e1logo\",\"item\":\"https:\/\/www.pacoteshyatt.com.br\/rio-de-janeiro\/catalogo\/\"},{\"@type\":\"ListItem\",\"position\":3,\"name\":\"Massagem Dia das M\u00e3es especial em sala dupla\"}]}]}<\/script>\n<!-- \/ Yoast SEO plugin. -->","yoast_head_json":{"title":"Massagem Rio de Janeiro de Dia das M\u00e3es - Grand Hyatt Rio","description":"Uma experi\u00eancia de massagem no Rio de Janeiro para o Dia das M\u00e3es. Uma experi\u00eancia completa de m\u00e3e e filha de 50 minutos em sala dupla. Reserve agora!","robots":{"index":"index","follow":"follow","max-snippet":"max-snippet:-1","max-image-preview":"max-image-preview:large","max-video-preview":"max-video-preview:-1"},"canonical":"https:\/\/www.pacoteshyatt.com.br\/rio-de-janeiro\/product\/massagem-dia-das-maes\/","og_locale":"pt_BR","og_type":"article","og_title":"Massagem Rio de Janeiro de Dia das M\u00e3es - Grand Hyatt Rio","og_description":"Uma experi\u00eancia de massagem no Rio de Janeiro para o Dia das M\u00e3es. Uma experi\u00eancia completa de m\u00e3e e filha de 50 minutos em sala dupla. Reserve agora!","og_url":"https:\/\/www.pacoteshyatt.com.br\/rio-de-janeiro\/product\/massagem-dia-das-maes\/","og_site_name":"GRAND HYATT RIO DE JANEIRO","article_modified_time":"2025-06-04T03:45:56+00:00","og_image":[{"width":308,"height":200,"url":"https:\/\/www.pacoteshyatt.com.br\/rio-de-janeiro\/wp-content\/uploads\/sites\/2\/2023\/04\/GHRJ_CapasOfertas_DiadasMaes_2025_308x200px_v1.jpg","type":"image\/jpeg"}],"twitter_card":"summary_large_image","twitter_misc":{"Est. tempo de leitura":"1 minuto"},"schema":{"@context":"https:\/\/schema.org","@graph":[{"@type":"WebSite","@id":"https:\/\/www.pacoteshyatt.com.br\/rio-de-janeiro\/#website","url":"https:\/\/www.pacoteshyatt.com.br\/rio-de-janeiro\/","name":"GRAND HYATT RIO DE JANEIRO","description":"Um verdadeiro resort urbano na Barra da Tijuca!","potentialAction":[{"@type":"SearchAction","target":{"@type":"EntryPoint","urlTemplate":"https:\/\/www.pacoteshyatt.com.br\/rio-de-janeiro\/?s={search_term_string}"},"query-input":"required name=search_term_string"}],"inLanguage":"pt-BR"},{"@type":"ImageObject","@id":"https:\/\/www.pacoteshyatt.com.br\/rio-de-janeiro\/product\/massagem-dia-das-maes\/#primaryimage","inLanguage":"pt-BR","url":"https:\/\/www.pacoteshyatt.com.br\/rio-de-janeiro\/wp-content\/uploads\/sites\/2\/2023\/04\/GHRJ_CapasOfertas_DiadasMaes_2025_308x200px_v1.jpg","contentUrl":"https:\/\/www.pacoteshyatt.com.br\/rio-de-janeiro\/wp-content\/uploads\/sites\/2\/2023\/04\/GHRJ_CapasOfertas_DiadasMaes_2025_308x200px_v1.jpg","width":308,"height":200,"caption":"spa-m\u00e3e-filha"},{"@type":"WebPage","@id":"https:\/\/www.pacoteshyatt.com.br\/rio-de-janeiro\/product\/massagem-dia-das-maes\/#webpage","url":"https:\/\/www.pacoteshyatt.com.br\/rio-de-janeiro\/product\/massagem-dia-das-maes\/","name":"Massagem Rio de Janeiro de Dia das M\u00e3es - Grand Hyatt Rio","isPartOf":{"@id":"https:\/\/www.pacoteshyatt.com.br\/rio-de-janeiro\/#website"},"primaryImageOfPage":{"@id":"https:\/\/www.pacoteshyatt.com.br\/rio-de-janeiro\/product\/massagem-dia-das-maes\/#primaryimage"},"datePublished":"2023-04-17T13:09:30+00:00","dateModified":"2025-06-04T03:45:56+00:00","description":"Uma experi\u00eancia de massagem no Rio de Janeiro para o Dia das M\u00e3es. Uma experi\u00eancia completa de m\u00e3e e filha de 50 minutos em sala dupla. Reserve agora!","breadcrumb":{"@id":"https:\/\/www.pacoteshyatt.com.br\/rio-de-janeiro\/product\/massagem-dia-das-maes\/#breadcrumb"},"inLanguage":"pt-BR","potentialAction":[{"@type":"ReadAction","target":["https:\/\/www.pacoteshyatt.com.br\/rio-de-janeiro\/product\/massagem-dia-das-maes\/"]}]},{"@type":"BreadcrumbList","@id":"https:\/\/www.pacoteshyatt.com.br\/rio-de-janeiro\/product\/massagem-dia-das-maes\/#breadcrumb","itemListElement":[{"@type":"ListItem","position":1,"name":"Home","item":"https:\/\/www.pacoteshyatt.com.br\/rio-de-janeiro\/"},{"@type":"ListItem","position":2,"name":"Cat\u00e1logo","item":"https:\/\/www.pacoteshyatt.com.br\/rio-de-janeiro\/catalogo\/"},{"@type":"ListItem","position":3,"name":"Massagem Dia das M\u00e3es especial em sala dupla"}]}]}},"_links":{"self":[{"href":"https:\/\/www.pacoteshyatt.com.br\/rio-de-janeiro\/wp-json\/wp\/v2\/product\/8601"}],"collection":[{"href":"https:\/\/www.pacoteshyatt.com.br\/rio-de-janeiro\/wp-json\/wp\/v2\/product"}],"about":[{"href":"https:\/\/www.pacoteshyatt.com.br\/rio-de-janeiro\/wp-json\/wp\/v2\/types\/product"}],"wp:featuredmedia":[{"embeddable":true,"href":"https:\/\/www.pacoteshyatt.com.br\/rio-de-janeiro\/wp-json\/wp\/v2\/media\/18865"}],"wp:attachment":[{"href":"https:\/\/www.pacoteshyatt.com.br\/rio-de-janeiro\/wp-json\/wp\/v2\/media?parent=8601"}],"wp:term":[{"taxonomy":"product_cat","embeddable":true,"href":"https:\/\/www.pacoteshyatt.com.br\/rio-de-janeiro\/wp-json\/wp\/v2\/product_cat?post=8601"},{"taxonomy":"product_tag","embeddable":true,"href":"https:\/\/www.pacoteshyatt.com.br\/rio-de-janeiro\/wp-json\/wp\/v2\/product_tag?post=8601"}],"curies":[{"name":"wp","href":"https:\/\/api.w.org\/{rel}","templated":true}]}}