{"id":8972,"date":"2023-05-16T14:02:00","date_gmt":"2023-05-16T17:02:00","guid":{"rendered":"https:\/\/www.pacoteshyatt.com.br\/rio-de-janeiro\/?post_type=product&#038;p=8972"},"modified":"2025-08-12T10:33:00","modified_gmt":"2025-08-12T13:33:00","slug":"brunch-de-dia-dos-pais","status":"publish","type":"product","link":"https:\/\/www.pacoteshyatt.com.br\/rio-de-janeiro\/product\/brunch-de-dia-dos-pais\/","title":{"rendered":"10\/08 | Almo\u00e7o Especial de Dia dos Pais"},"content":{"rendered":"<p>Aproveite o <strong>Almo\u00e7o de Dia dos Pais<\/strong> do Grand Hyatt Barra da Tijuca em fam\u00edlia com um menu impec\u00e1vel preparado com o requinte que a data merece. Uma experi\u00eancia gastron\u00f4mica completa para toda a fam\u00edlia!<\/p>\n<p>&nbsp;<\/p>\n<p><strong>Detalhes da Experi\u00eancia de dia dos pais:<\/strong><\/p>\n<p><strong>&#8211; <\/strong>Um <strong>Almo\u00e7o Especial<\/strong> com um <strong>Buffet completo e uma esta\u00e7\u00e3o de Churrasco com m\u00fasica ao vivo<\/strong>. Ser\u00e3o servidas <strong>carnes nobres<\/strong> e uma sele\u00e7\u00e3o de acompanhamentos frescos e saborosos.\u00a0<strong>Confira o Menu na aba abaixo.<\/strong><br \/>\n<strong>&#8211; Bebidas Inclusas:<\/strong> <strong>Chopp gelado<\/strong>, <strong>Caipirinha, <\/strong>al\u00e9m de <strong>refrigerantes, \u00e1gua e suco<\/strong>, servidos \u00e0 vontade.<br \/>\n<strong>&#8211; M<\/strong><strong>usica ao vivo<\/strong> com Theo Bial trazendo o melhor da MPB para compor a tarde.<br \/>\n<strong>&#8211; Recrea\u00e7\u00e3o infantil<\/strong> para os pequenos!<\/p>\n<p>&nbsp;<\/p>\n<p>O Almo\u00e7o de Dia dos Pais do Grand Hyatt traz a inesquec\u00edvel combina\u00e7\u00e3o perfeita de sabor e conforto.<\/p>\n<p>&nbsp;<\/p>\n<hr \/>\n<p><strong>Informa\u00e7\u00f5es:<br \/>\nPrimeiro lote esgotado! Segundo lote esgotado!<br \/>\n<\/strong><strong>Data:<\/strong> 10\/08\/2025<br \/>\n<strong>Hor\u00e1rio:<\/strong> 12:30 \u00e0s 16h<br \/>\n<strong>Local:<\/strong> Grand Hyatt Rio de Janeiro &#8211; Barra da Tijuca<\/p>\n","protected":false},"excerpt":{"rendered":"<p>Aproveite o Almo\u00e7o de Dia dos Pais do Grand Hyatt Barra da Tijuca em fam\u00edlia com um menu impec\u00e1vel preparado com o requinte que a data merece. Uma experi\u00eancia gastron\u00f4mica completa para toda a fam\u00edlia! &nbsp; Detalhes da Experi\u00eancia de dia dos pais: &#8211; Um Almo\u00e7o Especial com um Buffet completo e uma esta\u00e7\u00e3o de [&hellip;]<\/p>\n","protected":false},"featured_media":19924,"template":"","meta":{"_eb_attr":""},"product_cat":[135,20,68],"product_tag":[],"bundled_by":[],"bundle_stock_status":"outofstock","bundle_stock_quantity":0,"bundle_virtual":false,"bundle_layout":"","bundle_add_to_cart_form_location":"","bundle_editable_in_cart":false,"bundle_sold_individually_context":"","bundle_item_grouping":"","bundle_min_size":"","bundle_max_size":"","bundled_items":[],"yoast_head":"<!-- This site is optimized with the Yoast SEO plugin v18.4.1 - https:\/\/yoast.com\/wordpress\/plugins\/seo\/ -->\n<title>Almo\u00e7o de Dia dos Pais com Open Bar - Grand Hyatt RJ<\/title>\n<meta name=\"description\" content=\"Celebre o Dia dos Pais em um Almo\u00e7o Especial com buffet completo e uma esta\u00e7\u00e3o de churrasco ao vivo, al\u00e9m de Chopp e Caipirinha liberado. Vouchers aqui!\" \/>\n<meta name=\"robots\" content=\"index, follow, max-snippet:-1, max-image-preview:large, max-video-preview:-1\" \/>\n<link rel=\"canonical\" href=\"https:\/\/www.pacoteshyatt.com.br\/rio-de-janeiro\/product\/brunch-de-dia-dos-pais\/\" \/>\n<meta property=\"og:locale\" content=\"pt_BR\" \/>\n<meta property=\"og:type\" content=\"article\" \/>\n<meta property=\"og:title\" content=\"Almo\u00e7o de Dia dos Pais com Open Bar - Grand Hyatt RJ\" \/>\n<meta property=\"og:description\" content=\"Celebre o Dia dos Pais em um Almo\u00e7o Especial com buffet completo e uma esta\u00e7\u00e3o de churrasco ao vivo, al\u00e9m de Chopp e Caipirinha liberado. Vouchers aqui!\" \/>\n<meta property=\"og:url\" content=\"https:\/\/www.pacoteshyatt.com.br\/rio-de-janeiro\/product\/brunch-de-dia-dos-pais\/\" \/>\n<meta property=\"og:site_name\" content=\"GRAND HYATT RIO DE JANEIRO\" \/>\n<meta property=\"article:modified_time\" content=\"2025-08-12T13:33:00+00:00\" \/>\n<meta property=\"og:image\" content=\"https:\/\/www.pacoteshyatt.com.br\/rio-de-janeiro\/wp-content\/uploads\/sites\/2\/2023\/05\/GHRJ_IMGOFERTA_308x200px_DiadosPais_Brunch_2025_01.png\" \/>\n\t<meta property=\"og:image:width\" content=\"308\" \/>\n\t<meta property=\"og:image:height\" content=\"200\" \/>\n\t<meta property=\"og:image:type\" content=\"image\/png\" \/>\n<meta name=\"twitter:card\" content=\"summary_large_image\" \/>\n<meta name=\"twitter:label1\" content=\"Est. tempo de leitura\" \/>\n\t<meta name=\"twitter:data1\" content=\"1 minuto\" \/>\n<script type=\"application\/ld+json\" class=\"yoast-schema-graph\">{\"@context\":\"https:\/\/schema.org\",\"@graph\":[{\"@type\":\"WebSite\",\"@id\":\"https:\/\/www.pacoteshyatt.com.br\/rio-de-janeiro\/#website\",\"url\":\"https:\/\/www.pacoteshyatt.com.br\/rio-de-janeiro\/\",\"name\":\"GRAND HYATT RIO DE JANEIRO\",\"description\":\"Um verdadeiro resort urbano na Barra da Tijuca!\",\"potentialAction\":[{\"@type\":\"SearchAction\",\"target\":{\"@type\":\"EntryPoint\",\"urlTemplate\":\"https:\/\/www.pacoteshyatt.com.br\/rio-de-janeiro\/?s={search_term_string}\"},\"query-input\":\"required name=search_term_string\"}],\"inLanguage\":\"pt-BR\"},{\"@type\":\"ImageObject\",\"@id\":\"https:\/\/www.pacoteshyatt.com.br\/rio-de-janeiro\/product\/brunch-de-dia-dos-pais\/#primaryimage\",\"inLanguage\":\"pt-BR\",\"url\":\"https:\/\/www.pacoteshyatt.com.br\/rio-de-janeiro\/wp-content\/uploads\/sites\/2\/2023\/05\/GHRJ_IMGOFERTA_308x200px_DiadosPais_Brunch_2025_01.png\",\"contentUrl\":\"https:\/\/www.pacoteshyatt.com.br\/rio-de-janeiro\/wp-content\/uploads\/sites\/2\/2023\/05\/GHRJ_IMGOFERTA_308x200px_DiadosPais_Brunch_2025_01.png\",\"width\":308,\"height\":200},{\"@type\":\"WebPage\",\"@id\":\"https:\/\/www.pacoteshyatt.com.br\/rio-de-janeiro\/product\/brunch-de-dia-dos-pais\/#webpage\",\"url\":\"https:\/\/www.pacoteshyatt.com.br\/rio-de-janeiro\/product\/brunch-de-dia-dos-pais\/\",\"name\":\"Almo\u00e7o de Dia dos Pais com Open Bar - Grand Hyatt RJ\",\"isPartOf\":{\"@id\":\"https:\/\/www.pacoteshyatt.com.br\/rio-de-janeiro\/#website\"},\"primaryImageOfPage\":{\"@id\":\"https:\/\/www.pacoteshyatt.com.br\/rio-de-janeiro\/product\/brunch-de-dia-dos-pais\/#primaryimage\"},\"datePublished\":\"2023-05-16T17:02:00+00:00\",\"dateModified\":\"2025-08-12T13:33:00+00:00\",\"description\":\"Celebre o Dia dos Pais em um Almo\u00e7o Especial com buffet completo e uma esta\u00e7\u00e3o de churrasco ao vivo, al\u00e9m de Chopp e Caipirinha liberado. Vouchers aqui!\",\"breadcrumb\":{\"@id\":\"https:\/\/www.pacoteshyatt.com.br\/rio-de-janeiro\/product\/brunch-de-dia-dos-pais\/#breadcrumb\"},\"inLanguage\":\"pt-BR\",\"potentialAction\":[{\"@type\":\"ReadAction\",\"target\":[\"https:\/\/www.pacoteshyatt.com.br\/rio-de-janeiro\/product\/brunch-de-dia-dos-pais\/\"]}]},{\"@type\":\"BreadcrumbList\",\"@id\":\"https:\/\/www.pacoteshyatt.com.br\/rio-de-janeiro\/product\/brunch-de-dia-dos-pais\/#breadcrumb\",\"itemListElement\":[{\"@type\":\"ListItem\",\"position\":1,\"name\":\"Home\",\"item\":\"https:\/\/www.pacoteshyatt.com.br\/rio-de-janeiro\/\"},{\"@type\":\"ListItem\",\"position\":2,\"name\":\"Cat\u00e1logo\",\"item\":\"https:\/\/www.pacoteshyatt.com.br\/rio-de-janeiro\/catalogo\/\"},{\"@type\":\"ListItem\",\"position\":3,\"name\":\"10\/08 | Almo\u00e7o Especial de Dia dos Pais\"}]}]}<\/script>\n<!-- \/ Yoast SEO plugin. -->","yoast_head_json":{"title":"Almo\u00e7o de Dia dos Pais com Open Bar - Grand Hyatt RJ","description":"Celebre o Dia dos Pais em um Almo\u00e7o Especial com buffet completo e uma esta\u00e7\u00e3o de churrasco ao vivo, al\u00e9m de Chopp e Caipirinha liberado. Vouchers aqui!","robots":{"index":"index","follow":"follow","max-snippet":"max-snippet:-1","max-image-preview":"max-image-preview:large","max-video-preview":"max-video-preview:-1"},"canonical":"https:\/\/www.pacoteshyatt.com.br\/rio-de-janeiro\/product\/brunch-de-dia-dos-pais\/","og_locale":"pt_BR","og_type":"article","og_title":"Almo\u00e7o de Dia dos Pais com Open Bar - Grand Hyatt RJ","og_description":"Celebre o Dia dos Pais em um Almo\u00e7o Especial com buffet completo e uma esta\u00e7\u00e3o de churrasco ao vivo, al\u00e9m de Chopp e Caipirinha liberado. Vouchers aqui!","og_url":"https:\/\/www.pacoteshyatt.com.br\/rio-de-janeiro\/product\/brunch-de-dia-dos-pais\/","og_site_name":"GRAND HYATT RIO DE JANEIRO","article_modified_time":"2025-08-12T13:33:00+00:00","og_image":[{"width":308,"height":200,"url":"https:\/\/www.pacoteshyatt.com.br\/rio-de-janeiro\/wp-content\/uploads\/sites\/2\/2023\/05\/GHRJ_IMGOFERTA_308x200px_DiadosPais_Brunch_2025_01.png","type":"image\/png"}],"twitter_card":"summary_large_image","twitter_misc":{"Est. tempo de leitura":"1 minuto"},"schema":{"@context":"https:\/\/schema.org","@graph":[{"@type":"WebSite","@id":"https:\/\/www.pacoteshyatt.com.br\/rio-de-janeiro\/#website","url":"https:\/\/www.pacoteshyatt.com.br\/rio-de-janeiro\/","name":"GRAND HYATT RIO DE JANEIRO","description":"Um verdadeiro resort urbano na Barra da Tijuca!","potentialAction":[{"@type":"SearchAction","target":{"@type":"EntryPoint","urlTemplate":"https:\/\/www.pacoteshyatt.com.br\/rio-de-janeiro\/?s={search_term_string}"},"query-input":"required name=search_term_string"}],"inLanguage":"pt-BR"},{"@type":"ImageObject","@id":"https:\/\/www.pacoteshyatt.com.br\/rio-de-janeiro\/product\/brunch-de-dia-dos-pais\/#primaryimage","inLanguage":"pt-BR","url":"https:\/\/www.pacoteshyatt.com.br\/rio-de-janeiro\/wp-content\/uploads\/sites\/2\/2023\/05\/GHRJ_IMGOFERTA_308x200px_DiadosPais_Brunch_2025_01.png","contentUrl":"https:\/\/www.pacoteshyatt.com.br\/rio-de-janeiro\/wp-content\/uploads\/sites\/2\/2023\/05\/GHRJ_IMGOFERTA_308x200px_DiadosPais_Brunch_2025_01.png","width":308,"height":200},{"@type":"WebPage","@id":"https:\/\/www.pacoteshyatt.com.br\/rio-de-janeiro\/product\/brunch-de-dia-dos-pais\/#webpage","url":"https:\/\/www.pacoteshyatt.com.br\/rio-de-janeiro\/product\/brunch-de-dia-dos-pais\/","name":"Almo\u00e7o de Dia dos Pais com Open Bar - Grand Hyatt RJ","isPartOf":{"@id":"https:\/\/www.pacoteshyatt.com.br\/rio-de-janeiro\/#website"},"primaryImageOfPage":{"@id":"https:\/\/www.pacoteshyatt.com.br\/rio-de-janeiro\/product\/brunch-de-dia-dos-pais\/#primaryimage"},"datePublished":"2023-05-16T17:02:00+00:00","dateModified":"2025-08-12T13:33:00+00:00","description":"Celebre o Dia dos Pais em um Almo\u00e7o Especial com buffet completo e uma esta\u00e7\u00e3o de churrasco ao vivo, al\u00e9m de Chopp e Caipirinha liberado. Vouchers aqui!","breadcrumb":{"@id":"https:\/\/www.pacoteshyatt.com.br\/rio-de-janeiro\/product\/brunch-de-dia-dos-pais\/#breadcrumb"},"inLanguage":"pt-BR","potentialAction":[{"@type":"ReadAction","target":["https:\/\/www.pacoteshyatt.com.br\/rio-de-janeiro\/product\/brunch-de-dia-dos-pais\/"]}]},{"@type":"BreadcrumbList","@id":"https:\/\/www.pacoteshyatt.com.br\/rio-de-janeiro\/product\/brunch-de-dia-dos-pais\/#breadcrumb","itemListElement":[{"@type":"ListItem","position":1,"name":"Home","item":"https:\/\/www.pacoteshyatt.com.br\/rio-de-janeiro\/"},{"@type":"ListItem","position":2,"name":"Cat\u00e1logo","item":"https:\/\/www.pacoteshyatt.com.br\/rio-de-janeiro\/catalogo\/"},{"@type":"ListItem","position":3,"name":"10\/08 | Almo\u00e7o Especial de Dia dos Pais"}]}]}},"_links":{"self":[{"href":"https:\/\/www.pacoteshyatt.com.br\/rio-de-janeiro\/wp-json\/wp\/v2\/product\/8972"}],"collection":[{"href":"https:\/\/www.pacoteshyatt.com.br\/rio-de-janeiro\/wp-json\/wp\/v2\/product"}],"about":[{"href":"https:\/\/www.pacoteshyatt.com.br\/rio-de-janeiro\/wp-json\/wp\/v2\/types\/product"}],"wp:featuredmedia":[{"embeddable":true,"href":"https:\/\/www.pacoteshyatt.com.br\/rio-de-janeiro\/wp-json\/wp\/v2\/media\/19924"}],"wp:attachment":[{"href":"https:\/\/www.pacoteshyatt.com.br\/rio-de-janeiro\/wp-json\/wp\/v2\/media?parent=8972"}],"wp:term":[{"taxonomy":"product_cat","embeddable":true,"href":"https:\/\/www.pacoteshyatt.com.br\/rio-de-janeiro\/wp-json\/wp\/v2\/product_cat?post=8972"},{"taxonomy":"product_tag","embeddable":true,"href":"https:\/\/www.pacoteshyatt.com.br\/rio-de-janeiro\/wp-json\/wp\/v2\/product_tag?post=8972"}],"curies":[{"name":"wp","href":"https:\/\/api.w.org\/{rel}","templated":true}]}}