{"id":9034,"date":"2023-05-19T14:25:35","date_gmt":"2023-05-19T17:25:35","guid":{"rendered":"https:\/\/www.pacoteshyatt.com.br\/rio-de-janeiro\/?post_type=product&#038;p=9034"},"modified":"2025-02-12T10:16:49","modified_gmt":"2025-02-12T13:16:49","slug":"varal-de-frios-com-fondue","status":"publish","type":"product","link":"https:\/\/www.pacoteshyatt.com.br\/rio-de-janeiro\/product\/varal-de-frios-com-fondue\/","title":{"rendered":"Varal de Frios com fondue de queijo e chocolate | Cant\u00f4"},"content":{"rendered":"<p>Conhe\u00e7a a novidade, a\u00a0partir do dia 10\/06<strong>,<\/strong> do restaurante Cant\u00f4 Gastr\u00f4 &amp; Lounge para a esta\u00e7\u00e3o mais fria do ano: o saboroso e instagram\u00e1vel <strong>Varal de Frios com Fondue de queijo<\/strong><em>, e de sobremesa o <\/em><strong>Fondue chocolate<\/strong>. Prepare-se para desfrutar de momentos agrad\u00e1veis em nosso lounge ao lado de boa companhia.<\/p>\n<p>Tradicional da Su\u00ed\u00e7a, o fondue tem v\u00e1rias vers\u00f5es sobre a sua origem, e se vier acompanhado de um delicioso varal de frios, ent\u00e3o! Conhe\u00e7a:<\/p>\n<h2>O Varal de Frios e Fondue \u00e9 composto por:<\/h2>\n<p>&#8211; <strong>Fondue de queijos<\/strong> artesanais brasileiro, servido em p\u00e3o r\u00fastico italiano;<br \/>\n&#8211; Sele\u00e7\u00e3o de frios;<br \/>\n&#8211; P\u00e3es de fermenta\u00e7\u00e3o natural e lavosh, feito por nossos artes\u00e3os boulanger;<br \/>\n&#8211; Lingui\u00e7a aperitivo;<br \/>\n&#8211; Picles de legumes e vegetais;<br \/>\n&#8211; Frutos secos, como damasco e figo;<br \/>\n&#8211; Por fim, goiabada. O casal perfeito, Romeu e Julieta;<br \/>\n&#8211; <strong>Fondue de chocolate<\/strong> preparado com chocolate belga. Para acompanhar: frutas, marshmallow caseiro, brownie e cookie.<\/p>\n<p>Como sugest\u00e3o, indicamos vinhos brancos e espumantes brut para harmonizar com o jantar<\/p>\n<h2>Hor\u00e1rio e valores<\/h2>\n<p>Todos os dias a partir de 19h<\/p>\n<p><strong>Valor R$ 352*<br \/>\n<\/strong>*j\u00e1 incluso taxa de servi\u00e7o<\/p>\n<p><em>O <strong>Varal de Frios com Fondue<\/strong> \u00e9 indicado para duas pessoas.<\/em><\/p>\n","protected":false},"excerpt":{"rendered":"<p>Conhe\u00e7a a novidade, a\u00a0partir do dia 10\/06, do restaurante Cant\u00f4 Gastr\u00f4 &amp; Lounge para a esta\u00e7\u00e3o mais fria do ano: o saboroso e instagram\u00e1vel Varal de Frios com Fondue de queijo, e de sobremesa o Fondue chocolate. Prepare-se para desfrutar de momentos agrad\u00e1veis em nosso lounge ao lado de boa companhia. Tradicional da Su\u00ed\u00e7a, o [&hellip;]<\/p>\n","protected":false},"featured_media":6124,"template":"","meta":{"_eb_attr":""},"product_cat":[15],"product_tag":[],"bundled_by":[],"bundle_stock_status":"outofstock","bundle_stock_quantity":null,"bundle_virtual":false,"bundle_layout":"","bundle_add_to_cart_form_location":"","bundle_editable_in_cart":false,"bundle_sold_individually_context":"","bundle_item_grouping":"","bundle_min_size":"","bundle_max_size":"","bundled_items":[],"yoast_head":"<!-- This site is optimized with the Yoast SEO plugin v18.4.1 - https:\/\/yoast.com\/wordpress\/plugins\/seo\/ -->\n<title>Varal de Frios e Fondue de Queijo - Hyatt Rio de Janeiro<\/title>\n<meta name=\"description\" content=\"Aproveite o Varal de Frios com Fondue no Restaurante Cant\u00f4. Deguste queijos artesanais, frios selecionados e fondue de chocolate belga. Experi\u00eancia \u00fanica. Veja!\" \/>\n<meta name=\"robots\" content=\"index, follow, max-snippet:-1, max-image-preview:large, max-video-preview:-1\" \/>\n<link rel=\"canonical\" href=\"https:\/\/www.pacoteshyatt.com.br\/rio-de-janeiro\/product\/varal-de-frios-com-fondue\/\" \/>\n<meta property=\"og:locale\" content=\"pt_BR\" \/>\n<meta property=\"og:type\" content=\"article\" \/>\n<meta property=\"og:title\" content=\"Varal de Frios e Fondue de Queijo - Hyatt Rio de Janeiro\" \/>\n<meta property=\"og:description\" content=\"Aproveite o Varal de Frios com Fondue no Restaurante Cant\u00f4. Deguste queijos artesanais, frios selecionados e fondue de chocolate belga. Experi\u00eancia \u00fanica. Veja!\" \/>\n<meta property=\"og:url\" content=\"https:\/\/www.pacoteshyatt.com.br\/rio-de-janeiro\/product\/varal-de-frios-com-fondue\/\" \/>\n<meta property=\"og:site_name\" content=\"GRAND HYATT RIO DE JANEIRO\" \/>\n<meta property=\"article:modified_time\" content=\"2025-02-12T13:16:49+00:00\" \/>\n<meta property=\"og:image\" content=\"https:\/\/www.pacoteshyatt.com.br\/rio-de-janeiro\/wp-content\/uploads\/sites\/2\/2022\/06\/oferta_gastronomia_varal-de-frios-com-fondue.png\" \/>\n\t<meta property=\"og:image:width\" content=\"308\" \/>\n\t<meta property=\"og:image:height\" content=\"200\" \/>\n\t<meta property=\"og:image:type\" content=\"image\/png\" \/>\n<meta name=\"twitter:card\" content=\"summary_large_image\" \/>\n<meta name=\"twitter:label1\" content=\"Est. tempo de leitura\" \/>\n\t<meta name=\"twitter:data1\" content=\"2 minutos\" \/>\n<script type=\"application\/ld+json\" class=\"yoast-schema-graph\">{\"@context\":\"https:\/\/schema.org\",\"@graph\":[{\"@type\":\"WebSite\",\"@id\":\"https:\/\/www.pacoteshyatt.com.br\/rio-de-janeiro\/#website\",\"url\":\"https:\/\/www.pacoteshyatt.com.br\/rio-de-janeiro\/\",\"name\":\"GRAND HYATT RIO DE JANEIRO\",\"description\":\"Um verdadeiro resort urbano na Barra da Tijuca!\",\"potentialAction\":[{\"@type\":\"SearchAction\",\"target\":{\"@type\":\"EntryPoint\",\"urlTemplate\":\"https:\/\/www.pacoteshyatt.com.br\/rio-de-janeiro\/?s={search_term_string}\"},\"query-input\":\"required name=search_term_string\"}],\"inLanguage\":\"pt-BR\"},{\"@type\":\"ImageObject\",\"@id\":\"https:\/\/www.pacoteshyatt.com.br\/rio-de-janeiro\/product\/varal-de-frios-com-fondue\/#primaryimage\",\"inLanguage\":\"pt-BR\",\"url\":\"https:\/\/www.pacoteshyatt.com.br\/rio-de-janeiro\/wp-content\/uploads\/sites\/2\/2022\/06\/oferta_gastronomia_varal-de-frios-com-fondue.png\",\"contentUrl\":\"https:\/\/www.pacoteshyatt.com.br\/rio-de-janeiro\/wp-content\/uploads\/sites\/2\/2022\/06\/oferta_gastronomia_varal-de-frios-com-fondue.png\",\"width\":308,\"height\":200,\"caption\":\"Fundue e varal de frios no Cant\u00f4\"},{\"@type\":\"WebPage\",\"@id\":\"https:\/\/www.pacoteshyatt.com.br\/rio-de-janeiro\/product\/varal-de-frios-com-fondue\/#webpage\",\"url\":\"https:\/\/www.pacoteshyatt.com.br\/rio-de-janeiro\/product\/varal-de-frios-com-fondue\/\",\"name\":\"Varal de Frios e Fondue de Queijo - Hyatt Rio de Janeiro\",\"isPartOf\":{\"@id\":\"https:\/\/www.pacoteshyatt.com.br\/rio-de-janeiro\/#website\"},\"primaryImageOfPage\":{\"@id\":\"https:\/\/www.pacoteshyatt.com.br\/rio-de-janeiro\/product\/varal-de-frios-com-fondue\/#primaryimage\"},\"datePublished\":\"2023-05-19T17:25:35+00:00\",\"dateModified\":\"2025-02-12T13:16:49+00:00\",\"description\":\"Aproveite o Varal de Frios com Fondue no Restaurante Cant\u00f4. Deguste queijos artesanais, frios selecionados e fondue de chocolate belga. Experi\u00eancia \u00fanica. Veja!\",\"breadcrumb\":{\"@id\":\"https:\/\/www.pacoteshyatt.com.br\/rio-de-janeiro\/product\/varal-de-frios-com-fondue\/#breadcrumb\"},\"inLanguage\":\"pt-BR\",\"potentialAction\":[{\"@type\":\"ReadAction\",\"target\":[\"https:\/\/www.pacoteshyatt.com.br\/rio-de-janeiro\/product\/varal-de-frios-com-fondue\/\"]}]},{\"@type\":\"BreadcrumbList\",\"@id\":\"https:\/\/www.pacoteshyatt.com.br\/rio-de-janeiro\/product\/varal-de-frios-com-fondue\/#breadcrumb\",\"itemListElement\":[{\"@type\":\"ListItem\",\"position\":1,\"name\":\"Home\",\"item\":\"https:\/\/www.pacoteshyatt.com.br\/rio-de-janeiro\/\"},{\"@type\":\"ListItem\",\"position\":2,\"name\":\"Cat\u00e1logo\",\"item\":\"https:\/\/www.pacoteshyatt.com.br\/rio-de-janeiro\/catalogo\/\"},{\"@type\":\"ListItem\",\"position\":3,\"name\":\"Varal de Frios com fondue de queijo e chocolate | Cant\u00f4\"}]}]}<\/script>\n<!-- \/ Yoast SEO plugin. -->","yoast_head_json":{"title":"Varal de Frios e Fondue de Queijo - Hyatt Rio de Janeiro","description":"Aproveite o Varal de Frios com Fondue no Restaurante Cant\u00f4. Deguste queijos artesanais, frios selecionados e fondue de chocolate belga. Experi\u00eancia \u00fanica. Veja!","robots":{"index":"index","follow":"follow","max-snippet":"max-snippet:-1","max-image-preview":"max-image-preview:large","max-video-preview":"max-video-preview:-1"},"canonical":"https:\/\/www.pacoteshyatt.com.br\/rio-de-janeiro\/product\/varal-de-frios-com-fondue\/","og_locale":"pt_BR","og_type":"article","og_title":"Varal de Frios e Fondue de Queijo - Hyatt Rio de Janeiro","og_description":"Aproveite o Varal de Frios com Fondue no Restaurante Cant\u00f4. Deguste queijos artesanais, frios selecionados e fondue de chocolate belga. Experi\u00eancia \u00fanica. Veja!","og_url":"https:\/\/www.pacoteshyatt.com.br\/rio-de-janeiro\/product\/varal-de-frios-com-fondue\/","og_site_name":"GRAND HYATT RIO DE JANEIRO","article_modified_time":"2025-02-12T13:16:49+00:00","og_image":[{"width":308,"height":200,"url":"https:\/\/www.pacoteshyatt.com.br\/rio-de-janeiro\/wp-content\/uploads\/sites\/2\/2022\/06\/oferta_gastronomia_varal-de-frios-com-fondue.png","type":"image\/png"}],"twitter_card":"summary_large_image","twitter_misc":{"Est. tempo de leitura":"2 minutos"},"schema":{"@context":"https:\/\/schema.org","@graph":[{"@type":"WebSite","@id":"https:\/\/www.pacoteshyatt.com.br\/rio-de-janeiro\/#website","url":"https:\/\/www.pacoteshyatt.com.br\/rio-de-janeiro\/","name":"GRAND HYATT RIO DE JANEIRO","description":"Um verdadeiro resort urbano na Barra da Tijuca!","potentialAction":[{"@type":"SearchAction","target":{"@type":"EntryPoint","urlTemplate":"https:\/\/www.pacoteshyatt.com.br\/rio-de-janeiro\/?s={search_term_string}"},"query-input":"required name=search_term_string"}],"inLanguage":"pt-BR"},{"@type":"ImageObject","@id":"https:\/\/www.pacoteshyatt.com.br\/rio-de-janeiro\/product\/varal-de-frios-com-fondue\/#primaryimage","inLanguage":"pt-BR","url":"https:\/\/www.pacoteshyatt.com.br\/rio-de-janeiro\/wp-content\/uploads\/sites\/2\/2022\/06\/oferta_gastronomia_varal-de-frios-com-fondue.png","contentUrl":"https:\/\/www.pacoteshyatt.com.br\/rio-de-janeiro\/wp-content\/uploads\/sites\/2\/2022\/06\/oferta_gastronomia_varal-de-frios-com-fondue.png","width":308,"height":200,"caption":"Fundue e varal de frios no Cant\u00f4"},{"@type":"WebPage","@id":"https:\/\/www.pacoteshyatt.com.br\/rio-de-janeiro\/product\/varal-de-frios-com-fondue\/#webpage","url":"https:\/\/www.pacoteshyatt.com.br\/rio-de-janeiro\/product\/varal-de-frios-com-fondue\/","name":"Varal de Frios e Fondue de Queijo - Hyatt Rio de Janeiro","isPartOf":{"@id":"https:\/\/www.pacoteshyatt.com.br\/rio-de-janeiro\/#website"},"primaryImageOfPage":{"@id":"https:\/\/www.pacoteshyatt.com.br\/rio-de-janeiro\/product\/varal-de-frios-com-fondue\/#primaryimage"},"datePublished":"2023-05-19T17:25:35+00:00","dateModified":"2025-02-12T13:16:49+00:00","description":"Aproveite o Varal de Frios com Fondue no Restaurante Cant\u00f4. Deguste queijos artesanais, frios selecionados e fondue de chocolate belga. Experi\u00eancia \u00fanica. Veja!","breadcrumb":{"@id":"https:\/\/www.pacoteshyatt.com.br\/rio-de-janeiro\/product\/varal-de-frios-com-fondue\/#breadcrumb"},"inLanguage":"pt-BR","potentialAction":[{"@type":"ReadAction","target":["https:\/\/www.pacoteshyatt.com.br\/rio-de-janeiro\/product\/varal-de-frios-com-fondue\/"]}]},{"@type":"BreadcrumbList","@id":"https:\/\/www.pacoteshyatt.com.br\/rio-de-janeiro\/product\/varal-de-frios-com-fondue\/#breadcrumb","itemListElement":[{"@type":"ListItem","position":1,"name":"Home","item":"https:\/\/www.pacoteshyatt.com.br\/rio-de-janeiro\/"},{"@type":"ListItem","position":2,"name":"Cat\u00e1logo","item":"https:\/\/www.pacoteshyatt.com.br\/rio-de-janeiro\/catalogo\/"},{"@type":"ListItem","position":3,"name":"Varal de Frios com fondue de queijo e chocolate | Cant\u00f4"}]}]}},"_links":{"self":[{"href":"https:\/\/www.pacoteshyatt.com.br\/rio-de-janeiro\/wp-json\/wp\/v2\/product\/9034"}],"collection":[{"href":"https:\/\/www.pacoteshyatt.com.br\/rio-de-janeiro\/wp-json\/wp\/v2\/product"}],"about":[{"href":"https:\/\/www.pacoteshyatt.com.br\/rio-de-janeiro\/wp-json\/wp\/v2\/types\/product"}],"wp:featuredmedia":[{"embeddable":true,"href":"https:\/\/www.pacoteshyatt.com.br\/rio-de-janeiro\/wp-json\/wp\/v2\/media\/6124"}],"wp:attachment":[{"href":"https:\/\/www.pacoteshyatt.com.br\/rio-de-janeiro\/wp-json\/wp\/v2\/media?parent=9034"}],"wp:term":[{"taxonomy":"product_cat","embeddable":true,"href":"https:\/\/www.pacoteshyatt.com.br\/rio-de-janeiro\/wp-json\/wp\/v2\/product_cat?post=9034"},{"taxonomy":"product_tag","embeddable":true,"href":"https:\/\/www.pacoteshyatt.com.br\/rio-de-janeiro\/wp-json\/wp\/v2\/product_tag?post=9034"}],"curies":[{"name":"wp","href":"https:\/\/api.w.org\/{rel}","templated":true}]}}