{"id":9533,"date":"2023-06-14T09:44:20","date_gmt":"2023-06-14T12:44:20","guid":{"rendered":"https:\/\/www.pacoteshyatt.com.br\/rio-de-janeiro\/?post_type=product&#038;p=9533"},"modified":"2026-05-04T14:52:54","modified_gmt":"2026-05-04T17:52:54","slug":"massagem-infantil","status":"publish","type":"product","link":"https:\/\/www.pacoteshyatt.com.br\/rio-de-janeiro\/product\/massagem-infantil\/","title":{"rendered":"Mini Day Spa Kids"},"content":{"rendered":"<p><strong>Spa tamb\u00e9m \u00e9 lugar de crian\u00e7a!<\/strong><\/p>\n<p>Uma massagem relaxante e a experi\u00eancia no Atiaia Spa n\u00e3o tem idade. As crian\u00e7as tamb\u00e9m merecem seu momento de relaxamento e uma massagem leve e interativa para acalmar os \u00e2nimos, melhorar o humor, aliviar o estresse e as dores musculares, e por fim ajudar no sono.<\/p>\n<p>O Spa Kids permite \u00e0 crian\u00e7a escolher os \u00f3leos que ser\u00e3o usados em sua massagem e o tipo de massagem que ela prefere, entretendo e criando uma imers\u00e3o na experi\u00eancia. <strong>Lembrando que a crian\u00e7a deve estar sempre acompanhada do respons\u00e1vel.<\/strong><\/p>\n<p>&nbsp;<\/p>\n<p><strong>Massagem Kids<\/strong><\/p>\n<p>R$ 176,00 &#8211; 20min<\/p>\n<p>R$ 242,00 &#8211; 30 min<\/p>\n<p>&nbsp;<\/p>\n<p><em>\u00a0<\/em><em>Massagem <strong>exclusiva<\/strong> para<strong> crian\u00e7as<\/strong>.<\/em><\/p>\n<p>&nbsp;<\/p>\n<hr \/>\n<p><strong><span style=\"color: #bd2137\"><em><span class=\"ui-provider a b c d e f g h i j k l m n o p q r s t u v w x y z ab ac ae af ag ah ai aj ak\" dir=\"ltr\"><i>ESTE VOUCHER TEM VALIDADE DE 3 MESES, MEDIANTE AGENDAMENTO PR\u00c9VIO E DISPONIBILIDADE.<\/i><\/span><\/em><\/span><\/strong><\/p>\n<p><span style=\"color: #bd2137\"><i>Ap\u00f3s a compra, \u00e9 necess\u00e1rio realizar o agendamento atrav\u00e9s do Whatsapp: (21) 3797-9566. Consulte disponibilidade.<\/i><\/span><\/p>\n","protected":false},"excerpt":{"rendered":"<p>Spa tamb\u00e9m \u00e9 lugar de crian\u00e7a! Uma massagem relaxante e a experi\u00eancia no Atiaia Spa n\u00e3o tem idade. As crian\u00e7as tamb\u00e9m merecem seu momento de relaxamento e uma massagem leve e interativa para acalmar os \u00e2nimos, melhorar o humor, aliviar o estresse e as dores musculares, e por fim ajudar no sono. O Spa Kids [&hellip;]<\/p>\n","protected":false},"featured_media":8557,"template":"","meta":{"_eb_attr":""},"product_cat":[19,23],"product_tag":[],"bundled_by":[],"bundle_stock_status":"instock","bundle_stock_quantity":null,"bundle_virtual":false,"bundle_layout":"","bundle_add_to_cart_form_location":"","bundle_editable_in_cart":false,"bundle_sold_individually_context":"","bundle_item_grouping":"","bundle_min_size":"","bundle_max_size":"","bundled_items":[],"yoast_head":"<!-- This site is optimized with the Yoast SEO plugin v18.4.1 - https:\/\/yoast.com\/wordpress\/plugins\/seo\/ -->\n<title>Mini Day Spa Kids: Massagem para crian\u00e7as - Grand Hyatt Rio<\/title>\n<meta name=\"description\" content=\"Momentos de paz para toda a fam\u00edlia no Atiaia Spa. Uma massagem infantil exclusiva para renovar as energias dos pequenos no Grand Hyatt Rio. Agende sua sess\u00e3o!\" \/>\n<meta name=\"robots\" content=\"index, follow, max-snippet:-1, max-image-preview:large, max-video-preview:-1\" \/>\n<link rel=\"canonical\" href=\"https:\/\/www.pacoteshyatt.com.br\/rio-de-janeiro\/product\/massagem-infantil\/\" \/>\n<meta property=\"og:locale\" content=\"pt_BR\" \/>\n<meta property=\"og:type\" content=\"article\" \/>\n<meta property=\"og:title\" content=\"Mini Day Spa Kids: Massagem para crian\u00e7as - Grand Hyatt Rio\" \/>\n<meta property=\"og:description\" content=\"Momentos de paz para toda a fam\u00edlia no Atiaia Spa. Uma massagem infantil exclusiva para renovar as energias dos pequenos no Grand Hyatt Rio. Agende sua sess\u00e3o!\" \/>\n<meta property=\"og:url\" content=\"https:\/\/www.pacoteshyatt.com.br\/rio-de-janeiro\/product\/massagem-infantil\/\" \/>\n<meta property=\"og:site_name\" content=\"GRAND HYATT RIO DE JANEIRO\" \/>\n<meta property=\"article:modified_time\" content=\"2026-05-04T17:52:54+00:00\" \/>\n<meta property=\"og:image\" content=\"https:\/\/www.pacoteshyatt.com.br\/rio-de-janeiro\/wp-content\/uploads\/sites\/2\/2023\/04\/Hyatt_SPADiaDasMaes_PAGE-506x313px.jpg\" \/>\n\t<meta property=\"og:image:width\" content=\"506\" \/>\n\t<meta property=\"og:image:height\" content=\"313\" \/>\n\t<meta property=\"og:image:type\" content=\"image\/jpeg\" \/>\n<meta name=\"twitter:card\" content=\"summary_large_image\" \/>\n<meta name=\"twitter:label1\" content=\"Est. tempo de leitura\" \/>\n\t<meta name=\"twitter:data1\" content=\"1 minuto\" \/>\n<script type=\"application\/ld+json\" class=\"yoast-schema-graph\">{\"@context\":\"https:\/\/schema.org\",\"@graph\":[{\"@type\":\"WebSite\",\"@id\":\"https:\/\/www.pacoteshyatt.com.br\/rio-de-janeiro\/#website\",\"url\":\"https:\/\/www.pacoteshyatt.com.br\/rio-de-janeiro\/\",\"name\":\"GRAND HYATT RIO DE JANEIRO\",\"description\":\"Um verdadeiro resort urbano na Barra da Tijuca!\",\"potentialAction\":[{\"@type\":\"SearchAction\",\"target\":{\"@type\":\"EntryPoint\",\"urlTemplate\":\"https:\/\/www.pacoteshyatt.com.br\/rio-de-janeiro\/?s={search_term_string}\"},\"query-input\":\"required name=search_term_string\"}],\"inLanguage\":\"pt-BR\"},{\"@type\":\"ImageObject\",\"@id\":\"https:\/\/www.pacoteshyatt.com.br\/rio-de-janeiro\/product\/massagem-infantil\/#primaryimage\",\"inLanguage\":\"pt-BR\",\"url\":\"https:\/\/www.pacoteshyatt.com.br\/rio-de-janeiro\/wp-content\/uploads\/sites\/2\/2023\/04\/Hyatt_SPADiaDasMaes_PAGE-506x313px.jpg\",\"contentUrl\":\"https:\/\/www.pacoteshyatt.com.br\/rio-de-janeiro\/wp-content\/uploads\/sites\/2\/2023\/04\/Hyatt_SPADiaDasMaes_PAGE-506x313px.jpg\",\"width\":506,\"height\":313,\"caption\":\"Spa Infantil no Rio de Janeiro\"},{\"@type\":\"WebPage\",\"@id\":\"https:\/\/www.pacoteshyatt.com.br\/rio-de-janeiro\/product\/massagem-infantil\/#webpage\",\"url\":\"https:\/\/www.pacoteshyatt.com.br\/rio-de-janeiro\/product\/massagem-infantil\/\",\"name\":\"Mini Day Spa Kids: Massagem para crian\u00e7as - Grand Hyatt Rio\",\"isPartOf\":{\"@id\":\"https:\/\/www.pacoteshyatt.com.br\/rio-de-janeiro\/#website\"},\"primaryImageOfPage\":{\"@id\":\"https:\/\/www.pacoteshyatt.com.br\/rio-de-janeiro\/product\/massagem-infantil\/#primaryimage\"},\"datePublished\":\"2023-06-14T12:44:20+00:00\",\"dateModified\":\"2026-05-04T17:52:54+00:00\",\"description\":\"Momentos de paz para toda a fam\u00edlia no Atiaia Spa. Uma massagem infantil exclusiva para renovar as energias dos pequenos no Grand Hyatt Rio. Agende sua sess\u00e3o!\",\"breadcrumb\":{\"@id\":\"https:\/\/www.pacoteshyatt.com.br\/rio-de-janeiro\/product\/massagem-infantil\/#breadcrumb\"},\"inLanguage\":\"pt-BR\",\"potentialAction\":[{\"@type\":\"ReadAction\",\"target\":[\"https:\/\/www.pacoteshyatt.com.br\/rio-de-janeiro\/product\/massagem-infantil\/\"]}]},{\"@type\":\"BreadcrumbList\",\"@id\":\"https:\/\/www.pacoteshyatt.com.br\/rio-de-janeiro\/product\/massagem-infantil\/#breadcrumb\",\"itemListElement\":[{\"@type\":\"ListItem\",\"position\":1,\"name\":\"Home\",\"item\":\"https:\/\/www.pacoteshyatt.com.br\/rio-de-janeiro\/\"},{\"@type\":\"ListItem\",\"position\":2,\"name\":\"Cat\u00e1logo\",\"item\":\"https:\/\/www.pacoteshyatt.com.br\/rio-de-janeiro\/catalogo\/\"},{\"@type\":\"ListItem\",\"position\":3,\"name\":\"Mini Day Spa Kids\"}]}]}<\/script>\n<!-- \/ Yoast SEO plugin. -->","yoast_head_json":{"title":"Mini Day Spa Kids: Massagem para crian\u00e7as - Grand Hyatt Rio","description":"Momentos de paz para toda a fam\u00edlia no Atiaia Spa. Uma massagem infantil exclusiva para renovar as energias dos pequenos no Grand Hyatt Rio. Agende sua sess\u00e3o!","robots":{"index":"index","follow":"follow","max-snippet":"max-snippet:-1","max-image-preview":"max-image-preview:large","max-video-preview":"max-video-preview:-1"},"canonical":"https:\/\/www.pacoteshyatt.com.br\/rio-de-janeiro\/product\/massagem-infantil\/","og_locale":"pt_BR","og_type":"article","og_title":"Mini Day Spa Kids: Massagem para crian\u00e7as - Grand Hyatt Rio","og_description":"Momentos de paz para toda a fam\u00edlia no Atiaia Spa. Uma massagem infantil exclusiva para renovar as energias dos pequenos no Grand Hyatt Rio. Agende sua sess\u00e3o!","og_url":"https:\/\/www.pacoteshyatt.com.br\/rio-de-janeiro\/product\/massagem-infantil\/","og_site_name":"GRAND HYATT RIO DE JANEIRO","article_modified_time":"2026-05-04T17:52:54+00:00","og_image":[{"width":506,"height":313,"url":"https:\/\/www.pacoteshyatt.com.br\/rio-de-janeiro\/wp-content\/uploads\/sites\/2\/2023\/04\/Hyatt_SPADiaDasMaes_PAGE-506x313px.jpg","type":"image\/jpeg"}],"twitter_card":"summary_large_image","twitter_misc":{"Est. tempo de leitura":"1 minuto"},"schema":{"@context":"https:\/\/schema.org","@graph":[{"@type":"WebSite","@id":"https:\/\/www.pacoteshyatt.com.br\/rio-de-janeiro\/#website","url":"https:\/\/www.pacoteshyatt.com.br\/rio-de-janeiro\/","name":"GRAND HYATT RIO DE JANEIRO","description":"Um verdadeiro resort urbano na Barra da Tijuca!","potentialAction":[{"@type":"SearchAction","target":{"@type":"EntryPoint","urlTemplate":"https:\/\/www.pacoteshyatt.com.br\/rio-de-janeiro\/?s={search_term_string}"},"query-input":"required name=search_term_string"}],"inLanguage":"pt-BR"},{"@type":"ImageObject","@id":"https:\/\/www.pacoteshyatt.com.br\/rio-de-janeiro\/product\/massagem-infantil\/#primaryimage","inLanguage":"pt-BR","url":"https:\/\/www.pacoteshyatt.com.br\/rio-de-janeiro\/wp-content\/uploads\/sites\/2\/2023\/04\/Hyatt_SPADiaDasMaes_PAGE-506x313px.jpg","contentUrl":"https:\/\/www.pacoteshyatt.com.br\/rio-de-janeiro\/wp-content\/uploads\/sites\/2\/2023\/04\/Hyatt_SPADiaDasMaes_PAGE-506x313px.jpg","width":506,"height":313,"caption":"Spa Infantil no Rio de Janeiro"},{"@type":"WebPage","@id":"https:\/\/www.pacoteshyatt.com.br\/rio-de-janeiro\/product\/massagem-infantil\/#webpage","url":"https:\/\/www.pacoteshyatt.com.br\/rio-de-janeiro\/product\/massagem-infantil\/","name":"Mini Day Spa Kids: Massagem para crian\u00e7as - Grand Hyatt Rio","isPartOf":{"@id":"https:\/\/www.pacoteshyatt.com.br\/rio-de-janeiro\/#website"},"primaryImageOfPage":{"@id":"https:\/\/www.pacoteshyatt.com.br\/rio-de-janeiro\/product\/massagem-infantil\/#primaryimage"},"datePublished":"2023-06-14T12:44:20+00:00","dateModified":"2026-05-04T17:52:54+00:00","description":"Momentos de paz para toda a fam\u00edlia no Atiaia Spa. Uma massagem infantil exclusiva para renovar as energias dos pequenos no Grand Hyatt Rio. Agende sua sess\u00e3o!","breadcrumb":{"@id":"https:\/\/www.pacoteshyatt.com.br\/rio-de-janeiro\/product\/massagem-infantil\/#breadcrumb"},"inLanguage":"pt-BR","potentialAction":[{"@type":"ReadAction","target":["https:\/\/www.pacoteshyatt.com.br\/rio-de-janeiro\/product\/massagem-infantil\/"]}]},{"@type":"BreadcrumbList","@id":"https:\/\/www.pacoteshyatt.com.br\/rio-de-janeiro\/product\/massagem-infantil\/#breadcrumb","itemListElement":[{"@type":"ListItem","position":1,"name":"Home","item":"https:\/\/www.pacoteshyatt.com.br\/rio-de-janeiro\/"},{"@type":"ListItem","position":2,"name":"Cat\u00e1logo","item":"https:\/\/www.pacoteshyatt.com.br\/rio-de-janeiro\/catalogo\/"},{"@type":"ListItem","position":3,"name":"Mini Day Spa Kids"}]}]}},"_links":{"self":[{"href":"https:\/\/www.pacoteshyatt.com.br\/rio-de-janeiro\/wp-json\/wp\/v2\/product\/9533"}],"collection":[{"href":"https:\/\/www.pacoteshyatt.com.br\/rio-de-janeiro\/wp-json\/wp\/v2\/product"}],"about":[{"href":"https:\/\/www.pacoteshyatt.com.br\/rio-de-janeiro\/wp-json\/wp\/v2\/types\/product"}],"wp:featuredmedia":[{"embeddable":true,"href":"https:\/\/www.pacoteshyatt.com.br\/rio-de-janeiro\/wp-json\/wp\/v2\/media\/8557"}],"wp:attachment":[{"href":"https:\/\/www.pacoteshyatt.com.br\/rio-de-janeiro\/wp-json\/wp\/v2\/media?parent=9533"}],"wp:term":[{"taxonomy":"product_cat","embeddable":true,"href":"https:\/\/www.pacoteshyatt.com.br\/rio-de-janeiro\/wp-json\/wp\/v2\/product_cat?post=9533"},{"taxonomy":"product_tag","embeddable":true,"href":"https:\/\/www.pacoteshyatt.com.br\/rio-de-janeiro\/wp-json\/wp\/v2\/product_tag?post=9533"}],"curies":[{"name":"wp","href":"https:\/\/api.w.org\/{rel}","templated":true}]}}