{"id":9962,"date":"2023-07-13T14:16:53","date_gmt":"2023-07-13T17:16:53","guid":{"rendered":"https:\/\/www.pacoteshyatt.com.br\/rio-de-janeiro\/?post_type=product&#038;p=9962"},"modified":"2024-11-30T11:27:58","modified_gmt":"2024-11-30T14:27:58","slug":"hyatt-wine-club-rj","status":"publish","type":"product","link":"https:\/\/www.pacoteshyatt.com.br\/rio-de-janeiro\/product\/hyatt-wine-club-rj\/","title":{"rendered":"29\/11 | Wine Club &#8211; Vinhos de Ver\u00e3o"},"content":{"rendered":"<p><span style=\"text-decoration: underline\"><i>vendas antecipadas encerradas, ingressos podem ser adquiridos diretamente no local do evento<\/i><\/span>.<\/p>\n<p>O <strong>Wine Club<\/strong> \u00e9 um evento que re\u00fane r\u00f3tulos de grandes produtores e distribuidores nacionais e internacionais do mercado para uma noite de degusta\u00e7\u00e3o repleta de sabores. A escolha perfeita para os amantes de vinho de todo o pa\u00eds.<\/p>\n<p>Com a chegada do Ver\u00e3o e as comemora\u00e7\u00f5es de Fim de Ano, esta edi\u00e7\u00e3o do Wine Club dedica seus r\u00f3tulos \u00e0 vinhos refrescantes e espumantes para os ensaios dos brindes de Ano Novo.<\/p>\n<p>Desfrute de toda essa experi\u00eancia em um espa\u00e7o sofisticado, com diversas op\u00e7\u00f5es de petiscos preparados pelos nossos chefs, com queijos, p\u00e3es, e outras especialidades que ir\u00e3o harmonizar com todos os tipos de vinho.<\/p>\n<p>Al\u00e9m de apresentarem seus r\u00f3tulos, as vin\u00edcolas e distribuidoras participantes tamb\u00e9m colocar\u00e3o suas produ\u00e7\u00f5es \u00e0 venda no evento. Confira abaixo:<\/p>\n<p><a href=\"https:\/\/www.mistral.com.br\/?adgroupid=132698327656&amp;campaignid=15908636863&amp;gclid=Cj0KCQjwsoe5BhDiARIsAOXVoUv5Vidnckzx_SqZJxYTvXNBAhwhevJWun-rcRbeUYyGob2szvEhub0aAoAOEALw_wcB\">Mistral<\/a> \/\/ <a href=\"https:\/\/www.interfood.com.br\/?gad_source=1&amp;gclid=Cj0KCQjwsoe5BhDiARIsAOXVoUsG9IkuX2M5tcoy5yrMP7mzumCjTBVdTFQvcKdYVBBPr4mtbaov1QAaAoIhEALw_wcB\">Interfood<\/a> \/\/ <a href=\"https:\/\/ansicbrasil.com.br\/?_sm_vck=LNsQHrHVF7bbfvqV75PSFsPRDf6q4P1J5DQrs07HnRsHrDPNLM4q\">ANSIC<\/a> \/\/ <a href=\"https:\/\/www.grandcru.com.br\/\">Grand Cru<\/a> \/\/ <a href=\"https:\/\/www.decanter.com.br\/outlet?utm_source=google&amp;utm_medium=cpc&amp;utm_campaign=googleshopping&amp;utm_id=pmax&amp;gad_source=1&amp;gclid=Cj0KCQjwsoe5BhDiARIsAOXVoUtoGZlTVLw7lbjpu7f_9yYhxTXkjXtb6PnjT4mPQqFfxQupUk0fcBQaAnD7EALw_wcB\">Decanter<\/a> \/\/ <a href=\"https:\/\/vinhosviapiana.com.br\/\">Viapiana<\/a> \/\/ <a href=\"https:\/\/buenowines.com.br\/\">Bueno Wines<\/a> \/\/<a href=\"https:\/\/www.boutiqueluizargenta.com.br\/\"> Luiz Argenta<\/a> \/\/ <a href=\"https:\/\/www.vinhoscristofoli.com.br\/\">Crist\u00f3foli<\/a> \/\/ Sotero Bebidas &#8211; representando <a href=\"https:\/\/www.cantinagelain.com.br\/\">Cantina Gelain<\/a> &amp; <a href=\"https:\/\/www.vinicoladebon.com\/\">Vin\u00edcola Debon<\/a> \/\/ <a href=\"https:\/\/www.portodivino.com.br\/\">Porto Di Vino<\/a><\/p>\n<p><strong>Wine Club<\/strong> \u2013 edi\u00e7\u00e3o Vinhos de Ver\u00e3o acontece na <span style=\"text-decoration: underline\">sexta-feira, dia 29\/11, \u00e0s 19:30h.<\/span><\/p>\n<p>&nbsp;<\/p>\n<p><strong><em>Este voucher d\u00e1 direito ao evento Wine Club, para uma pessoa, a ser utilizado apenas no dia 29\/11.<\/em><\/strong><\/p>\n<p>&nbsp;<\/p>\n<p><em>*<span style=\"text-decoration: underline\">evento destinado para maiores de 18 anos<\/span><\/em>.<\/p>\n","protected":false},"excerpt":{"rendered":"<p>vendas antecipadas encerradas, ingressos podem ser adquiridos diretamente no local do evento. O Wine Club \u00e9 um evento que re\u00fane r\u00f3tulos de grandes produtores e distribuidores nacionais e internacionais do mercado para uma noite de degusta\u00e7\u00e3o repleta de sabores. A escolha perfeita para os amantes de vinho de todo o pa\u00eds. Com a chegada do [&hellip;]<\/p>\n","protected":false},"featured_media":10016,"template":"","meta":{"_eb_attr":""},"product_cat":[135,110,20,68],"product_tag":[],"bundled_by":[],"bundle_stock_status":"outofstock","bundle_stock_quantity":null,"bundle_virtual":false,"bundle_layout":"","bundle_add_to_cart_form_location":"","bundle_editable_in_cart":false,"bundle_sold_individually_context":"","bundle_item_grouping":"","bundle_min_size":"","bundle_max_size":"","bundled_items":[],"yoast_head":"<!-- This site is optimized with the Yoast SEO plugin v18.4.1 - https:\/\/yoast.com\/wordpress\/plugins\/seo\/ -->\n<title>Wine Club: Vinhos de Ver\u00e3o - Hyatt RJ<\/title>\n<meta name=\"description\" content=\"O\u00a0Wine Club re\u00fane r\u00f3tulos de grandes produtores de vinho nacionais e internacionais para uma noite de degusta\u00e7\u00e3o repleta de sabores. Adquira aqui o Voucher\" \/>\n<meta name=\"robots\" content=\"index, follow, max-snippet:-1, max-image-preview:large, max-video-preview:-1\" \/>\n<link rel=\"canonical\" href=\"https:\/\/www.pacoteshyatt.com.br\/rio-de-janeiro\/product\/hyatt-wine-club-rj\/\" \/>\n<meta property=\"og:locale\" content=\"pt_BR\" \/>\n<meta property=\"og:type\" content=\"article\" \/>\n<meta property=\"og:title\" content=\"Wine Club: Vinhos de Ver\u00e3o - Hyatt RJ\" \/>\n<meta property=\"og:description\" content=\"O\u00a0Wine Club re\u00fane r\u00f3tulos de grandes produtores de vinho nacionais e internacionais para uma noite de degusta\u00e7\u00e3o repleta de sabores. Adquira aqui o Voucher\" \/>\n<meta property=\"og:url\" content=\"https:\/\/www.pacoteshyatt.com.br\/rio-de-janeiro\/product\/hyatt-wine-club-rj\/\" \/>\n<meta property=\"og:site_name\" content=\"GRAND HYATT RIO DE JANEIRO\" \/>\n<meta property=\"article:modified_time\" content=\"2024-11-30T14:27:58+00:00\" \/>\n<meta property=\"og:image\" content=\"https:\/\/www.pacoteshyatt.com.br\/rio-de-janeiro\/wp-content\/uploads\/sites\/2\/2023\/07\/GHSP_WineClub-2023_Banner_308x200px_v1.jpg\" \/>\n\t<meta property=\"og:image:width\" content=\"308\" \/>\n\t<meta property=\"og:image:height\" content=\"200\" \/>\n\t<meta property=\"og:image:type\" content=\"image\/jpeg\" \/>\n<meta name=\"twitter:card\" content=\"summary_large_image\" \/>\n<meta name=\"twitter:label1\" content=\"Est. tempo de leitura\" \/>\n\t<meta name=\"twitter:data1\" content=\"2 minutos\" \/>\n<script type=\"application\/ld+json\" class=\"yoast-schema-graph\">{\"@context\":\"https:\/\/schema.org\",\"@graph\":[{\"@type\":\"WebSite\",\"@id\":\"https:\/\/www.pacoteshyatt.com.br\/rio-de-janeiro\/#website\",\"url\":\"https:\/\/www.pacoteshyatt.com.br\/rio-de-janeiro\/\",\"name\":\"GRAND HYATT RIO DE JANEIRO\",\"description\":\"Um verdadeiro resort urbano na Barra da Tijuca!\",\"potentialAction\":[{\"@type\":\"SearchAction\",\"target\":{\"@type\":\"EntryPoint\",\"urlTemplate\":\"https:\/\/www.pacoteshyatt.com.br\/rio-de-janeiro\/?s={search_term_string}\"},\"query-input\":\"required name=search_term_string\"}],\"inLanguage\":\"pt-BR\"},{\"@type\":\"ImageObject\",\"@id\":\"https:\/\/www.pacoteshyatt.com.br\/rio-de-janeiro\/product\/hyatt-wine-club-rj\/#primaryimage\",\"inLanguage\":\"pt-BR\",\"url\":\"https:\/\/www.pacoteshyatt.com.br\/rio-de-janeiro\/wp-content\/uploads\/sites\/2\/2023\/07\/GHSP_WineClub-2023_Banner_308x200px_v1.jpg\",\"contentUrl\":\"https:\/\/www.pacoteshyatt.com.br\/rio-de-janeiro\/wp-content\/uploads\/sites\/2\/2023\/07\/GHSP_WineClub-2023_Banner_308x200px_v1.jpg\",\"width\":308,\"height\":200,\"caption\":\"Wine Club no rio de janeiro\"},{\"@type\":\"WebPage\",\"@id\":\"https:\/\/www.pacoteshyatt.com.br\/rio-de-janeiro\/product\/hyatt-wine-club-rj\/#webpage\",\"url\":\"https:\/\/www.pacoteshyatt.com.br\/rio-de-janeiro\/product\/hyatt-wine-club-rj\/\",\"name\":\"Wine Club: Vinhos de Ver\u00e3o - Hyatt RJ\",\"isPartOf\":{\"@id\":\"https:\/\/www.pacoteshyatt.com.br\/rio-de-janeiro\/#website\"},\"primaryImageOfPage\":{\"@id\":\"https:\/\/www.pacoteshyatt.com.br\/rio-de-janeiro\/product\/hyatt-wine-club-rj\/#primaryimage\"},\"datePublished\":\"2023-07-13T17:16:53+00:00\",\"dateModified\":\"2024-11-30T14:27:58+00:00\",\"description\":\"O\u00a0Wine Club re\u00fane r\u00f3tulos de grandes produtores de vinho nacionais e internacionais para uma noite de degusta\u00e7\u00e3o repleta de sabores. Adquira aqui o Voucher\",\"breadcrumb\":{\"@id\":\"https:\/\/www.pacoteshyatt.com.br\/rio-de-janeiro\/product\/hyatt-wine-club-rj\/#breadcrumb\"},\"inLanguage\":\"pt-BR\",\"potentialAction\":[{\"@type\":\"ReadAction\",\"target\":[\"https:\/\/www.pacoteshyatt.com.br\/rio-de-janeiro\/product\/hyatt-wine-club-rj\/\"]}]},{\"@type\":\"BreadcrumbList\",\"@id\":\"https:\/\/www.pacoteshyatt.com.br\/rio-de-janeiro\/product\/hyatt-wine-club-rj\/#breadcrumb\",\"itemListElement\":[{\"@type\":\"ListItem\",\"position\":1,\"name\":\"Home\",\"item\":\"https:\/\/www.pacoteshyatt.com.br\/rio-de-janeiro\/\"},{\"@type\":\"ListItem\",\"position\":2,\"name\":\"Cat\u00e1logo\",\"item\":\"https:\/\/www.pacoteshyatt.com.br\/rio-de-janeiro\/catalogo\/\"},{\"@type\":\"ListItem\",\"position\":3,\"name\":\"29\/11 | Wine Club &#8211; Vinhos de Ver\u00e3o\"}]}]}<\/script>\n<!-- \/ Yoast SEO plugin. -->","yoast_head_json":{"title":"Wine Club: Vinhos de Ver\u00e3o - Hyatt RJ","description":"O\u00a0Wine Club re\u00fane r\u00f3tulos de grandes produtores de vinho nacionais e internacionais para uma noite de degusta\u00e7\u00e3o repleta de sabores. Adquira aqui o Voucher","robots":{"index":"index","follow":"follow","max-snippet":"max-snippet:-1","max-image-preview":"max-image-preview:large","max-video-preview":"max-video-preview:-1"},"canonical":"https:\/\/www.pacoteshyatt.com.br\/rio-de-janeiro\/product\/hyatt-wine-club-rj\/","og_locale":"pt_BR","og_type":"article","og_title":"Wine Club: Vinhos de Ver\u00e3o - Hyatt RJ","og_description":"O\u00a0Wine Club re\u00fane r\u00f3tulos de grandes produtores de vinho nacionais e internacionais para uma noite de degusta\u00e7\u00e3o repleta de sabores. Adquira aqui o Voucher","og_url":"https:\/\/www.pacoteshyatt.com.br\/rio-de-janeiro\/product\/hyatt-wine-club-rj\/","og_site_name":"GRAND HYATT RIO DE JANEIRO","article_modified_time":"2024-11-30T14:27:58+00:00","og_image":[{"width":308,"height":200,"url":"https:\/\/www.pacoteshyatt.com.br\/rio-de-janeiro\/wp-content\/uploads\/sites\/2\/2023\/07\/GHSP_WineClub-2023_Banner_308x200px_v1.jpg","type":"image\/jpeg"}],"twitter_card":"summary_large_image","twitter_misc":{"Est. tempo de leitura":"2 minutos"},"schema":{"@context":"https:\/\/schema.org","@graph":[{"@type":"WebSite","@id":"https:\/\/www.pacoteshyatt.com.br\/rio-de-janeiro\/#website","url":"https:\/\/www.pacoteshyatt.com.br\/rio-de-janeiro\/","name":"GRAND HYATT RIO DE JANEIRO","description":"Um verdadeiro resort urbano na Barra da Tijuca!","potentialAction":[{"@type":"SearchAction","target":{"@type":"EntryPoint","urlTemplate":"https:\/\/www.pacoteshyatt.com.br\/rio-de-janeiro\/?s={search_term_string}"},"query-input":"required name=search_term_string"}],"inLanguage":"pt-BR"},{"@type":"ImageObject","@id":"https:\/\/www.pacoteshyatt.com.br\/rio-de-janeiro\/product\/hyatt-wine-club-rj\/#primaryimage","inLanguage":"pt-BR","url":"https:\/\/www.pacoteshyatt.com.br\/rio-de-janeiro\/wp-content\/uploads\/sites\/2\/2023\/07\/GHSP_WineClub-2023_Banner_308x200px_v1.jpg","contentUrl":"https:\/\/www.pacoteshyatt.com.br\/rio-de-janeiro\/wp-content\/uploads\/sites\/2\/2023\/07\/GHSP_WineClub-2023_Banner_308x200px_v1.jpg","width":308,"height":200,"caption":"Wine Club no rio de janeiro"},{"@type":"WebPage","@id":"https:\/\/www.pacoteshyatt.com.br\/rio-de-janeiro\/product\/hyatt-wine-club-rj\/#webpage","url":"https:\/\/www.pacoteshyatt.com.br\/rio-de-janeiro\/product\/hyatt-wine-club-rj\/","name":"Wine Club: Vinhos de Ver\u00e3o - Hyatt RJ","isPartOf":{"@id":"https:\/\/www.pacoteshyatt.com.br\/rio-de-janeiro\/#website"},"primaryImageOfPage":{"@id":"https:\/\/www.pacoteshyatt.com.br\/rio-de-janeiro\/product\/hyatt-wine-club-rj\/#primaryimage"},"datePublished":"2023-07-13T17:16:53+00:00","dateModified":"2024-11-30T14:27:58+00:00","description":"O\u00a0Wine Club re\u00fane r\u00f3tulos de grandes produtores de vinho nacionais e internacionais para uma noite de degusta\u00e7\u00e3o repleta de sabores. Adquira aqui o Voucher","breadcrumb":{"@id":"https:\/\/www.pacoteshyatt.com.br\/rio-de-janeiro\/product\/hyatt-wine-club-rj\/#breadcrumb"},"inLanguage":"pt-BR","potentialAction":[{"@type":"ReadAction","target":["https:\/\/www.pacoteshyatt.com.br\/rio-de-janeiro\/product\/hyatt-wine-club-rj\/"]}]},{"@type":"BreadcrumbList","@id":"https:\/\/www.pacoteshyatt.com.br\/rio-de-janeiro\/product\/hyatt-wine-club-rj\/#breadcrumb","itemListElement":[{"@type":"ListItem","position":1,"name":"Home","item":"https:\/\/www.pacoteshyatt.com.br\/rio-de-janeiro\/"},{"@type":"ListItem","position":2,"name":"Cat\u00e1logo","item":"https:\/\/www.pacoteshyatt.com.br\/rio-de-janeiro\/catalogo\/"},{"@type":"ListItem","position":3,"name":"29\/11 | Wine Club &#8211; Vinhos de Ver\u00e3o"}]}]}},"_links":{"self":[{"href":"https:\/\/www.pacoteshyatt.com.br\/rio-de-janeiro\/wp-json\/wp\/v2\/product\/9962"}],"collection":[{"href":"https:\/\/www.pacoteshyatt.com.br\/rio-de-janeiro\/wp-json\/wp\/v2\/product"}],"about":[{"href":"https:\/\/www.pacoteshyatt.com.br\/rio-de-janeiro\/wp-json\/wp\/v2\/types\/product"}],"wp:featuredmedia":[{"embeddable":true,"href":"https:\/\/www.pacoteshyatt.com.br\/rio-de-janeiro\/wp-json\/wp\/v2\/media\/10016"}],"wp:attachment":[{"href":"https:\/\/www.pacoteshyatt.com.br\/rio-de-janeiro\/wp-json\/wp\/v2\/media?parent=9962"}],"wp:term":[{"taxonomy":"product_cat","embeddable":true,"href":"https:\/\/www.pacoteshyatt.com.br\/rio-de-janeiro\/wp-json\/wp\/v2\/product_cat?post=9962"},{"taxonomy":"product_tag","embeddable":true,"href":"https:\/\/www.pacoteshyatt.com.br\/rio-de-janeiro\/wp-json\/wp\/v2\/product_tag?post=9962"}],"curies":[{"name":"wp","href":"https:\/\/api.w.org\/{rel}","templated":true}]}}