{"id":10478,"date":"2023-10-10T17:17:04","date_gmt":"2023-10-10T20:17:04","guid":{"rendered":"https:\/\/www.pacoteshyatt.com.br\/sao-paulo\/?page_id=10478"},"modified":"2026-03-31T17:10:21","modified_gmt":"2026-03-31T20:10:21","slug":"experiencias","status":"publish","type":"page","link":"https:\/\/www.pacoteshyatt.com.br\/sao-paulo\/experiencias\/","title":{"rendered":"EXPERI\u00caNCIAS DO GRAND HYATT SP"},"content":{"rendered":"\n<div class=\"wp-container-69e4b101778fb wp-block-group intro-content-home text-center\"><div class=\"wp-block-group__inner-container\"><div class=\"wp-bootstrap-blocks-container container mb-2\">\n\t\n<div class=\"wp-bootstrap-blocks-row row\">\n\t\n\n<div class=\"col-12 col-md-12 inner-intro-content\">\n\t\t\t\n\n<div class=\"wp-container-69e4b10175cd0 wp-block-group inner-content\"><div class=\"wp-block-group__inner-container\">\n<h1>Experi\u00eancias de Abril do Grand Hyatt SP<\/h1>\n\n\n\n<p>Preparamos uma sele\u00e7\u00e3o de <strong>experi\u00eancias em Abril do Grand Hyatt SP<\/strong> imperd\u00edveis, para voc\u00ea aproveitar com grande estilo as op\u00e7\u00f5es de hospedagens, massagens relaxantes e eventos gastron\u00f4micos. <\/p>\n\n\n\n<p><\/p>\n\n\n\n<p><\/p>\n<\/div><\/div>\n\n\t<\/div>\n\n<\/div>\n\n<\/div>\n<\/div><\/div>\n\n\n\n<div class=\"wp-container-69e4b101df0cd wp-block-group grand-taste-top-section\"><div class=\"wp-block-group__inner-container\"><div class=\"wp-bootstrap-blocks-container container mb-2 product-descrip-section\">\n\t\n<div class=\"wp-bootstrap-blocks-row row inner-taste-col\">\n\t\n\n<div class=\"col-12 col-md-6\">\n\t\t\t\n\n<div class=\"wp-container-69e4b1017a9f4 wp-block-group\"><div class=\"wp-block-group__inner-container\">\n<div class=\"wp-block-columns\">\n<div class=\"wp-block-column\" style=\"flex-basis:100%\">\n<div class=\"wp-container-69e4b1017a140 wp-block-group\"><div class=\"wp-block-group__inner-container\">\n<figure class=\"gb-block-image gb-block-image-d1e98cf0\"><img loading=\"lazy\" width=\"500\" height=\"250\" class=\"gb-image gb-image-d1e98cf0\" src=\"https:\/\/www.pacoteshyatt.com.br\/sao-paulo\/wp-content\/uploads\/sites\/3\/2026\/03\/Design-sem-nome.png\" alt=\"\" title=\"Design sem nome\" srcset=\"https:\/\/www.pacoteshyatt.com.br\/sao-paulo\/wp-content\/uploads\/sites\/3\/2026\/03\/Design-sem-nome.png 500w, https:\/\/www.pacoteshyatt.com.br\/sao-paulo\/wp-content\/uploads\/sites\/3\/2026\/03\/Design-sem-nome-300x150.png 300w, https:\/\/www.pacoteshyatt.com.br\/sao-paulo\/wp-content\/uploads\/sites\/3\/2026\/03\/Design-sem-nome-308x154.png 308w, https:\/\/www.pacoteshyatt.com.br\/sao-paulo\/wp-content\/uploads\/sites\/3\/2026\/03\/Design-sem-nome-348x174.png 348w\" sizes=\"(max-width: 500px) 100vw, 500px\" \/><\/figure>\n<\/div><\/div>\n<\/div>\n<\/div>\n<\/div><\/div>\n\n\t<\/div>\n\n\n\n<div class=\"col-12 col-md-6 description-content\">\n\t\t\t\n\n<h2 class=\"has-text-align-center has-pink-color has-text-color\">P\u00e1scoa no Grand Hyatt S\u00e3o Paulo<\/h2>\n\n\n<div class=\"gb-container gb-container-a9339252\">\n\n<p class=\"has-text-align-center\">Viva a P\u00e1scoa no Grand Hyatt S\u00e3o Paulo com uma programa\u00e7\u00e3o especial para toda a fam\u00edlia, unindo conforto, lazer e gastronomia.<br>O pacote de hospedagem inclui almo\u00e7o tradicional de P\u00e1scoa, recrea\u00e7\u00e3o infantil, mimo exclusivo Haoma e experi\u00eancias de bem-estar como o Ritual Facial de Cacau no Amanary Spa.<br>Momentos inesquec\u00edveis aguardam voc\u00ea em um ambiente acolhedor, com pratos t\u00edpicos, sobremesas tem\u00e1ticas e atra\u00e7\u00f5es para crian\u00e7as e adultos. Sabores intensos, clima descontra\u00eddo e experi\u00eancias memor\u00e1veis para toda a fam\u00edlia.<\/p>\n\n<\/div>\n\n\n<p class=\"has-text-align-center\"><\/p>\n\n\n\n<p class=\"has-text-align-center\"><b><a href=\"https:\/\/www.pacoteshyatt.com.br\/sao-paulo\/pascoa\/\">ADQUIRA AQUI<\/a><\/b><\/p>\n\n\t<\/div>\n\n<\/div>\n\n\n<div class=\"wp-bootstrap-blocks-row row inner-taste-col\">\n\t\n\n<div class=\"col-12 col-md-6\">\n\t\t\t\n\n<div class=\"wp-container-69e4b1017ed11 wp-block-group\"><div class=\"wp-block-group__inner-container\">\n<div class=\"wp-block-columns\">\n<div class=\"wp-block-column\" style=\"flex-basis:100%\">\n<div class=\"wp-container-69e4b1017e569 wp-block-group\"><div class=\"wp-block-group__inner-container\">\n<figure class=\"gb-block-image gb-block-image-7adcf0fa\"><img loading=\"lazy\" width=\"500\" height=\"250\" class=\"gb-image gb-image-7adcf0fa\" src=\"https:\/\/www.pacoteshyatt.com.br\/sao-paulo\/wp-content\/uploads\/sites\/3\/2026\/03\/Design-sem-nome-1.png\" alt=\"\" title=\"Design sem nome (1)\" srcset=\"https:\/\/www.pacoteshyatt.com.br\/sao-paulo\/wp-content\/uploads\/sites\/3\/2026\/03\/Design-sem-nome-1.png 500w, https:\/\/www.pacoteshyatt.com.br\/sao-paulo\/wp-content\/uploads\/sites\/3\/2026\/03\/Design-sem-nome-1-300x150.png 300w, https:\/\/www.pacoteshyatt.com.br\/sao-paulo\/wp-content\/uploads\/sites\/3\/2026\/03\/Design-sem-nome-1-308x154.png 308w, https:\/\/www.pacoteshyatt.com.br\/sao-paulo\/wp-content\/uploads\/sites\/3\/2026\/03\/Design-sem-nome-1-348x174.png 348w\" sizes=\"(max-width: 500px) 100vw, 500px\" \/><\/figure>\n<\/div><\/div>\n<\/div>\n<\/div>\n<\/div><\/div>\n\n\t<\/div>\n\n\n\n<div class=\"col-12 col-md-6 description-content\">\n\t\t\t\n\n<h2 class=\"has-text-align-center has-pink-color has-text-color\">Grand Chefs &#8211; Yves Saliba<\/h2>\n\n\n<div class=\"gb-container gb-container-cfc5e60d\">\n\n<p>O Grand Hyatt S\u00e3o Paulo recebe mais uma edi\u00e7\u00e3o do Grand Chefs, promovendo o encontro entre chefs que expressam a ess\u00eancia da culin\u00e1ria italiana contempor\u00e2nea.<br>A noite conta com um menu exclusivo de cinco tempos, assinado a quatro m\u00e3os com Yves Saliba, do Cucina di Pastaio, celebrando t\u00e9cnica, identidade e alta gastronomia.<\/p>\n\n<\/div>\n\n\n<p class=\"has-text-align-center\"><\/p>\n\n\n\n<p class=\"has-text-align-center\"><b><a href=\"https:\/\/www.pacoteshyatt.com.br\/sao-paulo\/pascoa\/\">ADQUIRA AQUI<\/a><\/b><\/p>\n\n\t<\/div>\n\n<\/div>\n\n\n<div class=\"wp-bootstrap-blocks-row row inner-taste-col\">\n\t\n\n<div class=\"col-12 col-md-6\">\n\t\t\t\n\n<div class=\"wp-container-69e4b1018cb44 wp-block-group\"><div class=\"wp-block-group__inner-container\">\n<div class=\"wp-block-columns\">\n<div class=\"wp-block-column\" style=\"flex-basis:100%\">\n<div class=\"wp-container-69e4b1018bf2a wp-block-group\"><div class=\"wp-block-group__inner-container\">\n<figure class=\"gb-block-image gb-block-image-f97a3491\"><img loading=\"lazy\" width=\"500\" height=\"250\" class=\"gb-image gb-image-f97a3491\" src=\"https:\/\/www.pacoteshyatt.com.br\/sao-paulo\/wp-content\/uploads\/sites\/3\/2023\/10\/Feijuca_final.png\" alt=\"Feijuca\" title=\"Feijuca_final\" srcset=\"https:\/\/www.pacoteshyatt.com.br\/sao-paulo\/wp-content\/uploads\/sites\/3\/2023\/10\/Feijuca_final.png 500w, https:\/\/www.pacoteshyatt.com.br\/sao-paulo\/wp-content\/uploads\/sites\/3\/2023\/10\/Feijuca_final-300x150.png 300w, https:\/\/www.pacoteshyatt.com.br\/sao-paulo\/wp-content\/uploads\/sites\/3\/2023\/10\/Feijuca_final-308x154.png 308w, https:\/\/www.pacoteshyatt.com.br\/sao-paulo\/wp-content\/uploads\/sites\/3\/2023\/10\/Feijuca_final-348x174.png 348w\" sizes=\"(max-width: 500px) 100vw, 500px\" \/><\/figure>\n<\/div><\/div>\n<\/div>\n<\/div>\n<\/div><\/div>\n\n\t<\/div>\n\n\n\n<div class=\"col-12 col-md-6 description-content\">\n\t\t\t\n\n<h2 class=\"has-text-align-center has-pink-color has-text-color\">FEIJOADA DO HYATT<\/h2>\n\n\n<div class=\"gb-container gb-container-ba07dca9\">\n\n<p class=\"has-text-align-center\">Todos os s\u00e1bados, desfrute da tradicional feijoada brasileira com um toque de Grand Hyatt S\u00e3o Paulo, e surpreenda-se com a variedade de sabores em nosso buffet, que contempla esta\u00e7\u00e3o de saladas, petiscos, e sobremesas t\u00edpicas.<\/p>\n\n<\/div>\n\n\n<p class=\"has-text-align-center\">A nossa Feijoada do Hyatt tamb\u00e9m conta com caipirinhas \u00e0 vontade e m\u00fasica ao vivo, a op\u00e7\u00e3o perfeita para acompanhar a tarde de s\u00e1bado repleta de tradicionalidade e alta gastonomia.<\/p>\n\n\n\n<p class=\"has-text-align-center\"><b><a href=\"https:\/\/www.pacoteshyatt.com.br\/sao-paulo\/product\/feijuca-do-hyatt\/\">ADQUIRA AQUI<\/a><\/b><\/p>\n\n\t<\/div>\n\n<\/div>\n\n\n<div class=\"wp-bootstrap-blocks-row row inner-taste-col\">\n\t\n\n<div class=\"col-12 col-md-6\">\n\t\t\t\n\n<div class=\"wp-container-69e4b101982e7 wp-block-group\"><div class=\"wp-block-group__inner-container\">\n<div class=\"wp-block-columns\">\n<div class=\"wp-block-column\" style=\"flex-basis:100%\">\n<div class=\"wp-container-69e4b10196fe8 wp-block-group\"><div class=\"wp-block-group__inner-container\">\n<figure class=\"gb-block-image gb-block-image-f0d5398d\"><img loading=\"lazy\" width=\"500\" height=\"250\" class=\"gb-image gb-image-f0d5398d\" src=\"https:\/\/www.pacoteshyatt.com.br\/sao-paulo\/wp-content\/uploads\/sites\/3\/2023\/10\/Sunday-Brunch_final.png\" alt=\"Sunday Brunch\" title=\"Sunday Brunch_final\" srcset=\"https:\/\/www.pacoteshyatt.com.br\/sao-paulo\/wp-content\/uploads\/sites\/3\/2023\/10\/Sunday-Brunch_final.png 500w, https:\/\/www.pacoteshyatt.com.br\/sao-paulo\/wp-content\/uploads\/sites\/3\/2023\/10\/Sunday-Brunch_final-300x150.png 300w, https:\/\/www.pacoteshyatt.com.br\/sao-paulo\/wp-content\/uploads\/sites\/3\/2023\/10\/Sunday-Brunch_final-308x154.png 308w, https:\/\/www.pacoteshyatt.com.br\/sao-paulo\/wp-content\/uploads\/sites\/3\/2023\/10\/Sunday-Brunch_final-348x174.png 348w\" sizes=\"(max-width: 500px) 100vw, 500px\" \/><\/figure>\n<\/div><\/div>\n<\/div>\n<\/div>\n<\/div><\/div>\n\n\t<\/div>\n\n\n\n<div class=\"col-12 col-md-6 description-content\">\n\t\t\t\n\n<h2 class=\"has-text-align-center has-pink-color has-text-color\">SUNDAY BRUNCH<\/h2>\n\n\n\n<p class=\"has-text-align-center\">Viva a experi\u00eancia do caf\u00e9 da manh\u00e3 tardio no Grand Hyatt S\u00e3o Paulo.<\/p>\n\n\n\n<p class=\"has-text-align-center\">Nosso tradicional Sunday Brunch que acontece todos os domingos contempla uma sele\u00e7\u00e3o de itens de alta gastronomia como esta\u00e7\u00e3o de frutos do mar, ostras, carnes nobres, embutidos al\u00e9m dos itens de caf\u00e9 da manh\u00e3 como ovos poch\u00ea e beneditino, muffins e waffles.<\/p>\n\n\n\n<p class=\"has-text-align-center\">Bebidas como espumante, vinho tinto e branco est\u00e3o inclusas no pacote assim como bebidas n\u00e3o alc\u00f3olicas como \u00e1gua, suco e refrigerante.<\/p>\n\n\n\n<p class=\"has-text-align-center\"><a href=\"https:\/\/www.pacoteshyatt.com.br\/sao-paulo\/product\/sunday-brunch\/\"><b>ADQUIRA AQUI<\/b><br><\/a><\/p>\n\n\t<\/div>\n\n<\/div>\n\n\n<div class=\"wp-bootstrap-blocks-row row inner-taste-col\">\n\t\n\n<div class=\"col-12 col-md-6\">\n\t\t\t\n\n<div class=\"wp-container-69e4b101bb00d wp-block-group\"><div class=\"wp-block-group__inner-container\">\n<div class=\"wp-block-columns\">\n<div class=\"wp-block-column\" style=\"flex-basis:100%\">\n<div class=\"wp-container-69e4b101b699a wp-block-group\"><div class=\"wp-block-group__inner-container\">\n<figure class=\"gb-block-image gb-block-image-bda02466\"><img loading=\"lazy\" width=\"500\" height=\"250\" class=\"gb-image gb-image-bda02466\" src=\"https:\/\/www.pacoteshyatt.com.br\/sao-paulo\/wp-content\/uploads\/sites\/3\/2023\/11\/Day-Use_.png\" alt=\"Day Use_\" title=\"Day Use_\" srcset=\"https:\/\/www.pacoteshyatt.com.br\/sao-paulo\/wp-content\/uploads\/sites\/3\/2023\/11\/Day-Use_.png 500w, https:\/\/www.pacoteshyatt.com.br\/sao-paulo\/wp-content\/uploads\/sites\/3\/2023\/11\/Day-Use_-300x150.png 300w, https:\/\/www.pacoteshyatt.com.br\/sao-paulo\/wp-content\/uploads\/sites\/3\/2023\/11\/Day-Use_-308x154.png 308w, https:\/\/www.pacoteshyatt.com.br\/sao-paulo\/wp-content\/uploads\/sites\/3\/2023\/11\/Day-Use_-348x174.png 348w\" sizes=\"(max-width: 500px) 100vw, 500px\" \/><\/figure>\n<\/div><\/div>\n<\/div>\n<\/div>\n<\/div><\/div>\n\n\t<\/div>\n\n\n\n<div class=\"col-12 col-md-6 description-content\">\n\t\t\t\n\n<h2 class=\"has-text-align-center has-pink-color has-text-color\">DAY USE COM ALMO\u00c7O<\/h2>\n\n\n\n<p class=\"has-text-align-center\">Tenha acesso as \u00e1reas comuns do hotel como Fitness Center, sauna, piscinas interna climatizada e externa. Com almo\u00e7o incluso em nosso renomado Restaurante Cittadino.<\/p>\n\n\n\n<p class=\"has-text-align-center\"><a href=\"https:\/\/www.pacoteshyatt.com.br\/sao-paulo\/product\/day-use-piscina-alimentacao\/\"><b>ADQUIRA AQUI<\/b><br><\/a><\/p>\n\n\t<\/div>\n\n<\/div>\n\n\n<div class=\"wp-bootstrap-blocks-row row inner-taste-col\">\n\t\n\n<div class=\"col-12 col-md-12\">\n\t\t\t\n\n<h2 class=\"has-text-align-center has-pink-color has-text-color\" style=\"font-size:45px;font-style:normal;font-weight:300;text-transform:uppercase\"><strong>Vem a\u00ed<\/strong><\/h2>\n\n\t<\/div>\n\n\n\n<div class=\"col-12 col-md-12\">\n\t\t\t\t<\/div>\n\n<\/div>\n\n\n<div class=\"wp-bootstrap-blocks-row row inner-taste-col\">\n\t\n\n<div class=\"col-12 col-md-6\">\n\t\t\t\n\n<div class=\"wp-container-69e4b101da933 wp-block-group\"><div class=\"wp-block-group__inner-container\">\n<div class=\"wp-block-columns\">\n<div class=\"wp-block-column\" style=\"flex-basis:100%\">\n<div class=\"wp-container-69e4b101da19b wp-block-group\"><div class=\"wp-block-group__inner-container\">\n<figure class=\"gb-block-image gb-block-image-d3e65887\"><img loading=\"lazy\" width=\"500\" height=\"250\" class=\"gb-image gb-image-d3e65887\" src=\"https:\/\/www.pacoteshyatt.com.br\/sao-paulo\/wp-content\/uploads\/sites\/3\/2023\/08\/05.png\" alt=\"FESTIVAIS1\" title=\"05\" srcset=\"https:\/\/www.pacoteshyatt.com.br\/sao-paulo\/wp-content\/uploads\/sites\/3\/2023\/08\/05.png 500w, https:\/\/www.pacoteshyatt.com.br\/sao-paulo\/wp-content\/uploads\/sites\/3\/2023\/08\/05-300x150.png 300w, https:\/\/www.pacoteshyatt.com.br\/sao-paulo\/wp-content\/uploads\/sites\/3\/2023\/08\/05-308x154.png 308w, https:\/\/www.pacoteshyatt.com.br\/sao-paulo\/wp-content\/uploads\/sites\/3\/2023\/08\/05-348x174.png 348w\" sizes=\"(max-width: 500px) 100vw, 500px\" \/><\/figure>\n<\/div><\/div>\n<\/div>\n<\/div>\n<\/div><\/div>\n\n\t<\/div>\n\n\n\n<div class=\"col-12 col-md-6 description-content\">\n\t\t\t\n\n<h2 class=\"has-text-align-center has-pink-color has-text-color\">ACONTECE EM S\u00c3O PAULO<\/h2>\n\n\n\n<p class=\"has-text-align-center\">Confira aqui os melhores Shows, Exposi\u00e7\u00f5es, Festivais e muito mais da cidade e hospede-se no melhor hotel de S\u00e3o Paulo.<\/p>\n\n\n\n<p class=\"has-text-align-center\"><br><b><a href=\"https:\/\/www.pacoteshyatt.com.br\/sao-paulo\/festivais\/\">CONFIRA AQUI<\/a><\/b><\/p>\n\n\n\n<p><\/p>\n\n\n\n<p><br><\/p>\n\n\t<\/div>\n\n<\/div>\n\n<\/div>\n<\/div><\/div>\n\n\n\n<div class=\"wp-container-69e4b1025a4da wp-block-group\"><div class=\"wp-block-group__inner-container\">        <div class=\"service-section\">\n            <div class=\"container\">\n                <div class=\"row\">\n                    <div class=\"inner-service-col col-12\">\n                                                    <div class=\"all-section-title\">\n                                <h2>NOSSAS ACOMODA\u00c7\u00d5ES<\/h2>\n                            <\/div>\n                                                <div class=\"d-flex flex-wrap inner-service-section justify-content-center\">\n                                    <div class=\"col-6 col-sm-4 col-lg-3 custom-3-col\">\n                                <a href=\"https:\/\/www.pacoteshyatt.com.br\/sao-paulo\/padrao\/\" class=\"service-image\">\n                                    <div class=\"inner-service-image\">\n                                        <img src=\"https:\/\/www.pacoteshyatt.com.br\/sao-paulo\/wp-content\/uploads\/sites\/3\/2025\/07\/Grand-Hyatt-Sao-Paulo-Diplomatic-Room-scaled.jpg\" alt=\"Padr\u00e3o\">\n                                    <\/div>\n                                    <div class=\"btn-col\">\n                                        <span class=\"btn with-border\">| Padr\u00e3o<\/span>\n                                    <\/div>\n                                <\/a>\n                            <\/div>\n                                        <div class=\"col-6 col-sm-4 col-lg-3 custom-3-col\">\n                                <a href=\"https:\/\/www.pacoteshyatt.com.br\/sao-paulo\/club\/\" class=\"service-image\">\n                                    <div class=\"inner-service-image\">\n                                        <img src=\"https:\/\/www.pacoteshyatt.com.br\/sao-paulo\/wp-content\/uploads\/sites\/3\/2025\/07\/SAOGH_P787-Grand-Club-Table-Daytime.jpg\" alt=\"Club\">\n                                    <\/div>\n                                    <div class=\"btn-col\">\n                                        <span class=\"btn with-border\">| Club<\/span>\n                                    <\/div>\n                                <\/a>\n                            <\/div>\n                                        <div class=\"col-6 col-sm-4 col-lg-3 custom-3-col\">\n                                <a href=\"https:\/\/www.pacoteshyatt.com.br\/sao-paulo\/suites\/ \" class=\"service-image\">\n                                    <div class=\"inner-service-image\">\n                                        <img src=\"https:\/\/www.pacoteshyatt.com.br\/sao-paulo\/wp-content\/uploads\/sites\/3\/2025\/07\/Grand-Hyatt-Sao-Paulo-Suite-Entrance-scaled.jpg\" alt=\"Suites\">\n                                    <\/div>\n                                    <div class=\"btn-col\">\n                                        <span class=\"btn with-border\">| Suites<\/span>\n                                    <\/div>\n                                <\/a>\n                            <\/div>\n                                    <\/div>\n                    <\/div>\n                <\/div>\n            <\/div>\n        <\/div>\n        <\/div><\/div>\n","protected":false},"excerpt":{"rendered":"","protected":false},"author":8,"featured_media":11563,"parent":0,"menu_order":0,"comment_status":"closed","ping_status":"closed","template":"","meta":{"_eb_attr":""},"yoast_head":"<!-- This site is optimized with the Yoast SEO plugin v18.4.1 - https:\/\/yoast.com\/wordpress\/plugins\/seo\/ -->\n<title>Experi\u00eancias do Grand Hyatt S\u00e3o Paulo - Pacotes Hyatt<\/title>\n<meta name=\"description\" content=\"Descubra experi\u00eancias inesquec\u00edveis neste Janeiro no Grand Hyatt S\u00e3o Paulo! Aproveite op\u00e7\u00f5es de hospedagem, massagens relaxantes e muito mais! Acesse:\" \/>\n<meta name=\"robots\" content=\"index, follow, max-snippet:-1, max-image-preview:large, max-video-preview:-1\" \/>\n<link rel=\"canonical\" href=\"https:\/\/www.pacoteshyatt.com.br\/sao-paulo\/experiencias\/\" \/>\n<meta property=\"og:locale\" content=\"pt_BR\" \/>\n<meta property=\"og:type\" content=\"article\" \/>\n<meta property=\"og:title\" content=\"Experi\u00eancias do Grand Hyatt S\u00e3o Paulo - Pacotes Hyatt\" \/>\n<meta property=\"og:description\" content=\"Descubra experi\u00eancias inesquec\u00edveis neste Janeiro no Grand Hyatt S\u00e3o Paulo! Aproveite op\u00e7\u00f5es de hospedagem, massagens relaxantes e muito mais! Acesse:\" \/>\n<meta property=\"og:url\" content=\"https:\/\/www.pacoteshyatt.com.br\/sao-paulo\/experiencias\/\" \/>\n<meta property=\"og:site_name\" content=\"GRAND HYATT S\u00c3O PAULO\" \/>\n<meta property=\"article:modified_time\" content=\"2026-03-31T20:10:21+00:00\" \/>\n<meta property=\"og:image\" content=\"https:\/\/www.pacoteshyatt.com.br\/sao-paulo\/wp-content\/uploads\/sites\/3\/2024\/01\/Banner-Desktop-Experiencias.png\" \/>\n\t<meta property=\"og:image:width\" content=\"425\" \/>\n\t<meta property=\"og:image:height\" content=\"425\" \/>\n\t<meta property=\"og:image:type\" content=\"image\/png\" \/>\n<meta name=\"twitter:card\" content=\"summary_large_image\" \/>\n<meta name=\"twitter:label1\" content=\"Est. tempo de leitura\" \/>\n\t<meta name=\"twitter:data1\" content=\"4 minutos\" \/>\n<script type=\"application\/ld+json\" class=\"yoast-schema-graph\">{\"@context\":\"https:\/\/schema.org\",\"@graph\":[{\"@type\":\"WebSite\",\"@id\":\"https:\/\/www.pacoteshyatt.com.br\/sao-paulo\/#website\",\"url\":\"https:\/\/www.pacoteshyatt.com.br\/sao-paulo\/\",\"name\":\"GRAND HYATT S\u00c3O PAULO\",\"description\":\"S\u00f3 mais um site Hot\u00e9is Grand Hyatt Rio de Janeiro e S\u00e3o Paulo sites\",\"potentialAction\":[{\"@type\":\"SearchAction\",\"target\":{\"@type\":\"EntryPoint\",\"urlTemplate\":\"https:\/\/www.pacoteshyatt.com.br\/sao-paulo\/?s={search_term_string}\"},\"query-input\":\"required name=search_term_string\"}],\"inLanguage\":\"pt-BR\"},{\"@type\":\"ImageObject\",\"@id\":\"https:\/\/www.pacoteshyatt.com.br\/sao-paulo\/experiencias\/#primaryimage\",\"inLanguage\":\"pt-BR\",\"url\":\"https:\/\/www.pacoteshyatt.com.br\/sao-paulo\/wp-content\/uploads\/sites\/3\/2024\/01\/Banner-Desktop-Experiencias.png\",\"contentUrl\":\"https:\/\/www.pacoteshyatt.com.br\/sao-paulo\/wp-content\/uploads\/sites\/3\/2024\/01\/Banner-Desktop-Experiencias.png\",\"width\":425,\"height\":425,\"caption\":\"Experi\u00eancias em SP no ver\u00e3o\"},{\"@type\":\"WebPage\",\"@id\":\"https:\/\/www.pacoteshyatt.com.br\/sao-paulo\/experiencias\/#webpage\",\"url\":\"https:\/\/www.pacoteshyatt.com.br\/sao-paulo\/experiencias\/\",\"name\":\"Experi\u00eancias do Grand Hyatt S\u00e3o Paulo - Pacotes Hyatt\",\"isPartOf\":{\"@id\":\"https:\/\/www.pacoteshyatt.com.br\/sao-paulo\/#website\"},\"primaryImageOfPage\":{\"@id\":\"https:\/\/www.pacoteshyatt.com.br\/sao-paulo\/experiencias\/#primaryimage\"},\"datePublished\":\"2023-10-10T20:17:04+00:00\",\"dateModified\":\"2026-03-31T20:10:21+00:00\",\"description\":\"Descubra experi\u00eancias inesquec\u00edveis neste Janeiro no Grand Hyatt S\u00e3o Paulo! Aproveite op\u00e7\u00f5es de hospedagem, massagens relaxantes e muito mais! Acesse:\",\"breadcrumb\":{\"@id\":\"https:\/\/www.pacoteshyatt.com.br\/sao-paulo\/experiencias\/#breadcrumb\"},\"inLanguage\":\"pt-BR\",\"potentialAction\":[{\"@type\":\"ReadAction\",\"target\":[\"https:\/\/www.pacoteshyatt.com.br\/sao-paulo\/experiencias\/\"]}]},{\"@type\":\"BreadcrumbList\",\"@id\":\"https:\/\/www.pacoteshyatt.com.br\/sao-paulo\/experiencias\/#breadcrumb\",\"itemListElement\":[{\"@type\":\"ListItem\",\"position\":1,\"name\":\"Home\",\"item\":\"https:\/\/www.pacoteshyatt.com.br\/sao-paulo\/\"},{\"@type\":\"ListItem\",\"position\":2,\"name\":\"EXPERI\u00caNCIAS DO GRAND HYATT SP\"}]}]}<\/script>\n<!-- \/ Yoast SEO plugin. -->","yoast_head_json":{"title":"Experi\u00eancias do Grand Hyatt S\u00e3o Paulo - Pacotes Hyatt","description":"Descubra experi\u00eancias inesquec\u00edveis neste Janeiro no Grand Hyatt S\u00e3o Paulo! Aproveite op\u00e7\u00f5es de hospedagem, massagens relaxantes e muito mais! Acesse:","robots":{"index":"index","follow":"follow","max-snippet":"max-snippet:-1","max-image-preview":"max-image-preview:large","max-video-preview":"max-video-preview:-1"},"canonical":"https:\/\/www.pacoteshyatt.com.br\/sao-paulo\/experiencias\/","og_locale":"pt_BR","og_type":"article","og_title":"Experi\u00eancias do Grand Hyatt S\u00e3o Paulo - Pacotes Hyatt","og_description":"Descubra experi\u00eancias inesquec\u00edveis neste Janeiro no Grand Hyatt S\u00e3o Paulo! Aproveite op\u00e7\u00f5es de hospedagem, massagens relaxantes e muito mais! Acesse:","og_url":"https:\/\/www.pacoteshyatt.com.br\/sao-paulo\/experiencias\/","og_site_name":"GRAND HYATT S\u00c3O PAULO","article_modified_time":"2026-03-31T20:10:21+00:00","og_image":[{"width":425,"height":425,"url":"https:\/\/www.pacoteshyatt.com.br\/sao-paulo\/wp-content\/uploads\/sites\/3\/2024\/01\/Banner-Desktop-Experiencias.png","type":"image\/png"}],"twitter_card":"summary_large_image","twitter_misc":{"Est. tempo de leitura":"4 minutos"},"schema":{"@context":"https:\/\/schema.org","@graph":[{"@type":"WebSite","@id":"https:\/\/www.pacoteshyatt.com.br\/sao-paulo\/#website","url":"https:\/\/www.pacoteshyatt.com.br\/sao-paulo\/","name":"GRAND HYATT S\u00c3O PAULO","description":"S\u00f3 mais um site Hot\u00e9is Grand Hyatt Rio de Janeiro e S\u00e3o Paulo sites","potentialAction":[{"@type":"SearchAction","target":{"@type":"EntryPoint","urlTemplate":"https:\/\/www.pacoteshyatt.com.br\/sao-paulo\/?s={search_term_string}"},"query-input":"required name=search_term_string"}],"inLanguage":"pt-BR"},{"@type":"ImageObject","@id":"https:\/\/www.pacoteshyatt.com.br\/sao-paulo\/experiencias\/#primaryimage","inLanguage":"pt-BR","url":"https:\/\/www.pacoteshyatt.com.br\/sao-paulo\/wp-content\/uploads\/sites\/3\/2024\/01\/Banner-Desktop-Experiencias.png","contentUrl":"https:\/\/www.pacoteshyatt.com.br\/sao-paulo\/wp-content\/uploads\/sites\/3\/2024\/01\/Banner-Desktop-Experiencias.png","width":425,"height":425,"caption":"Experi\u00eancias em SP no ver\u00e3o"},{"@type":"WebPage","@id":"https:\/\/www.pacoteshyatt.com.br\/sao-paulo\/experiencias\/#webpage","url":"https:\/\/www.pacoteshyatt.com.br\/sao-paulo\/experiencias\/","name":"Experi\u00eancias do Grand Hyatt S\u00e3o Paulo - Pacotes Hyatt","isPartOf":{"@id":"https:\/\/www.pacoteshyatt.com.br\/sao-paulo\/#website"},"primaryImageOfPage":{"@id":"https:\/\/www.pacoteshyatt.com.br\/sao-paulo\/experiencias\/#primaryimage"},"datePublished":"2023-10-10T20:17:04+00:00","dateModified":"2026-03-31T20:10:21+00:00","description":"Descubra experi\u00eancias inesquec\u00edveis neste Janeiro no Grand Hyatt S\u00e3o Paulo! Aproveite op\u00e7\u00f5es de hospedagem, massagens relaxantes e muito mais! Acesse:","breadcrumb":{"@id":"https:\/\/www.pacoteshyatt.com.br\/sao-paulo\/experiencias\/#breadcrumb"},"inLanguage":"pt-BR","potentialAction":[{"@type":"ReadAction","target":["https:\/\/www.pacoteshyatt.com.br\/sao-paulo\/experiencias\/"]}]},{"@type":"BreadcrumbList","@id":"https:\/\/www.pacoteshyatt.com.br\/sao-paulo\/experiencias\/#breadcrumb","itemListElement":[{"@type":"ListItem","position":1,"name":"Home","item":"https:\/\/www.pacoteshyatt.com.br\/sao-paulo\/"},{"@type":"ListItem","position":2,"name":"EXPERI\u00caNCIAS DO GRAND HYATT SP"}]}]}},"_links":{"self":[{"href":"https:\/\/www.pacoteshyatt.com.br\/sao-paulo\/wp-json\/wp\/v2\/pages\/10478"}],"collection":[{"href":"https:\/\/www.pacoteshyatt.com.br\/sao-paulo\/wp-json\/wp\/v2\/pages"}],"about":[{"href":"https:\/\/www.pacoteshyatt.com.br\/sao-paulo\/wp-json\/wp\/v2\/types\/page"}],"author":[{"embeddable":true,"href":"https:\/\/www.pacoteshyatt.com.br\/sao-paulo\/wp-json\/wp\/v2\/users\/8"}],"replies":[{"embeddable":true,"href":"https:\/\/www.pacoteshyatt.com.br\/sao-paulo\/wp-json\/wp\/v2\/comments?post=10478"}],"version-history":[{"count":205,"href":"https:\/\/www.pacoteshyatt.com.br\/sao-paulo\/wp-json\/wp\/v2\/pages\/10478\/revisions"}],"predecessor-version":[{"id":21567,"href":"https:\/\/www.pacoteshyatt.com.br\/sao-paulo\/wp-json\/wp\/v2\/pages\/10478\/revisions\/21567"}],"wp:featuredmedia":[{"embeddable":true,"href":"https:\/\/www.pacoteshyatt.com.br\/sao-paulo\/wp-json\/wp\/v2\/media\/11563"}],"wp:attachment":[{"href":"https:\/\/www.pacoteshyatt.com.br\/sao-paulo\/wp-json\/wp\/v2\/media?parent=10478"}],"curies":[{"name":"wp","href":"https:\/\/api.w.org\/{rel}","templated":true}]}}