{"id":18793,"date":"2025-08-19T12:03:24","date_gmt":"2025-08-19T15:03:24","guid":{"rendered":"https:\/\/www.pacoteshyatt.com.br\/sao-paulo\/?page_id=18793"},"modified":"2025-10-22T11:07:20","modified_gmt":"2025-10-22T14:07:20","slug":"cittadino-coffee-bar","status":"publish","type":"page","link":"https:\/\/www.pacoteshyatt.com.br\/sao-paulo\/cittadino-coffee-bar\/","title":{"rendered":"CITTADINO COFFEE BAR"},"content":{"rendered":"\n<div class=\"wp-container-69f000b35c3ce wp-block-group intro-content-home text-center\"><div class=\"wp-block-group__inner-container\"><div class=\"wp-bootstrap-blocks-container container mb-2\">\n\t\n<div class=\"wp-bootstrap-blocks-row row\">\n\t\n\n<div class=\"col-12 col-md-12 inner-intro-content\">\n\t\t\t\n\n<div class=\"wp-container-69f000b35be90 wp-block-group inner-content\"><div class=\"wp-block-group__inner-container\">\n<h1 class=\"has-text-align-center\">CITTADINO COFFEE BAR<\/h1>\n\n\n\n<p class=\"has-text-align-center\"> <\/p>\n\n\n\n<p>O  ponto de encontro no lobby do Grand Hyatt S\u00e3o Paulo. Um espa\u00e7o aconchegante que combina cafeteria e lobby bar, pensado para acompanhar o ritmo do dia a dia.<\/p>\n\n\n\n<p>Com servi\u00e7o ao longo do dia, oferece caf\u00e9s especiais, al\u00e9m do exclusivo Expresso da Casa. O card\u00e1pio tamb\u00e9m inclui snacks, sandu\u00edches, pratos r\u00e1pidos, sobremesas, gelatos e op\u00e7\u00f5es de drinks.<\/p>\n\n\n\n<p>\u00c9 o lugar ideal para uma pausa sem pressa, uma reuni\u00e3o descontra\u00edda ou at\u00e9 mesmo para relaxar e aproveitar a atmosfera acolhedora do lobby.<\/p>\n\n\n\n<p><\/p>\n<\/div><\/div>\n\n\t<\/div>\n\n<\/div>\n\n<\/div>\n<\/div><\/div>\n\n\n\n<div class=\"wp-container-69f000b35c88f wp-block-group\"><div class=\"wp-block-group__inner-container\"><\/div><\/div>\n\n\n<div class=\"gb-container gb-container-10d313fc d-block\">\n<div class=\"gb-container gb-container-cbb7a810\">\n\n<h2 class=\"gb-headline gb-headline-6a678108 gb-headline-text\">Cittadino Cofee Bar \u2013 Funcionamento<\/h2>\n\n\n\n<p class=\"gb-headline gb-headline-1638ac22 gb-headline-text\">Segunda a Domingo a partir de 8h at\u00e9 19h.<\/p>\n\n\n\n<p><a href=\"https:\/\/sites.google.com\/view\/cittadino-restaurante\/cittadino-coffee-bar\">Menu Digital<\/a><\/p>\n\n<\/div>\n<\/div>\n\n        <div class=\"destaques-section d-md-block\">\n            <div class=\"container\">\n                <div class=\"row\">\n                    <div class=\"inner-destaques-col col-12\">\n                        <div class=\"all-section-title\">\n                            <h2>Destaques<\/h2>\n                        <\/div>\n                                                    <div class=\"swiper-container\">\n                               <div class=\"swiper-wrapper\">\n                                                                      <div class=\"swiper-slide\">\n                                       <div>\n                                           <a href=\"https:\/\/www.pacoteshyatt.com.br\/sao-paulo\/product\/almoco-dia-das-maes\/\" class=\"woocommerce-LoopProduct-link woocommerce-loop-product__link\"><img class=\"catalog-image\" src=\"https:\/\/www.pacoteshyatt.com.br\/sao-paulo\/wp-content\/uploads\/sites\/3\/2021\/03\/GHSP_DiaDasMaes_BannerDestaques_308x200px_Almoc\u0327o_v2.png\"\/><\/a>                                           <div class=\"product-details\">\n                                               <a href=\"https:\/\/www.pacoteshyatt.com.br\/sao-paulo\/product\/almoco-dia-das-maes\/\" class=\"woocommerce-LoopProduct-link woocommerce-loop-product__link\"><h2 class=\"woocommerce-loop-product__title\">10\/05 | ALMO\u00c7O DIA DAS M\u00c3ES<\/h2><\/a>                                           <\/div>\n                                       <\/div>\n                                       <div>\n                                           <div class=\"product-details\">\n                                               \n<div class=\"price\"><span class=\"part\">&nbsp;<\/span><strong class=\"price\">&#82;&#36; 450,00<\/strong><\/div>\n<div class=\"d-flex justify-content-between align-items-center mb-2 mr-3\">\n<a href=\"https:\/\/www.pacoteshyatt.com.br\/sao-paulo\/product\/almoco-dia-das-maes\/\" class=\"btn button product_type_variable add_to_cart_button\" >Saiba Mais<\/a><span class=\"cart-icon pr-2\"><a href=\"https:\/\/www.pacoteshyatt.com.br\/sao-paulo\/product\/almoco-dia-das-maes\/\" data-quantity=\"1\" class=\"button product_type_variable add_to_cart_button\" data-product_id=\"1705\" data-product_sku=\"\" aria-label=\"Selecione as op\u00e7\u00f5es para &ldquo;10\/05 | ALMO\u00c7O DIA DAS M\u00c3ES&rdquo;\" rel=\"nofollow\"><\/a><\/span><\/div>\n                                           <\/div>\n                                       <\/div>\n                                   <\/div>\n                                                                      <div class=\"swiper-slide\">\n                                       <div>\n                                           <a href=\"https:\/\/www.pacoteshyatt.com.br\/sao-paulo\/product\/feijoada-do-hyatt\/\" class=\"woocommerce-LoopProduct-link woocommerce-loop-product__link\"><img class=\"catalog-image\" src=\"https:\/\/www.pacoteshyatt.com.br\/sao-paulo\/wp-content\/uploads\/sites\/3\/2020\/08\/GHSP_Feijuca_BannerDestaques_308x200px_v2.png\"\/><\/a>                                           <div class=\"product-details\">\n                                               <a href=\"https:\/\/www.pacoteshyatt.com.br\/sao-paulo\/product\/feijoada-do-hyatt\/\" class=\"woocommerce-LoopProduct-link woocommerce-loop-product__link\"><h2 class=\"woocommerce-loop-product__title\">S\u00c1BADOS | FEIJOADA DO HYATT<\/h2><\/a>                                           <\/div>\n                                       <\/div>\n                                       <div>\n                                           <div class=\"product-details\">\n                                               \n<div class=\"price\"><span class=\"part\">&nbsp;<\/span><strong class=\"price\">&#82;&#36; 210,00<\/strong><\/div>\n<div class=\"d-flex justify-content-between align-items-center mb-2 mr-3\">\n<a href=\"https:\/\/www.pacoteshyatt.com.br\/sao-paulo\/product\/feijoada-do-hyatt\/\" class=\"btn button product_type_variable add_to_cart_button\" >Saiba Mais<\/a><span class=\"cart-icon pr-2\"><a href=\"https:\/\/www.pacoteshyatt.com.br\/sao-paulo\/product\/feijoada-do-hyatt\/\" data-quantity=\"1\" class=\"button product_type_variable add_to_cart_button\" data-product_id=\"61\" data-product_sku=\"\" aria-label=\"Selecione as op\u00e7\u00f5es para &ldquo;S\u00c1BADOS | FEIJOADA DO HYATT&rdquo;\" rel=\"nofollow\"><\/a><\/span><\/div>\n                                           <\/div>\n                                       <\/div>\n                                   <\/div>\n                                                                      <div class=\"swiper-slide\">\n                                       <div>\n                                           <a href=\"https:\/\/www.pacoteshyatt.com.br\/sao-paulo\/product\/sunday-brunch\/\" class=\"woocommerce-LoopProduct-link woocommerce-loop-product__link\"><img class=\"catalog-image\" src=\"https:\/\/www.pacoteshyatt.com.br\/sao-paulo\/wp-content\/uploads\/sites\/3\/2020\/12\/GHSP_SundayBrunch_Banner_308x200px_v2C.png\"\/><\/a>                                           <div class=\"product-details\">\n                                               <a href=\"https:\/\/www.pacoteshyatt.com.br\/sao-paulo\/product\/sunday-brunch\/\" class=\"woocommerce-LoopProduct-link woocommerce-loop-product__link\"><h2 class=\"woocommerce-loop-product__title\">SUNDAY BRUNCH | DOMINGOS<\/h2><\/a>                                           <\/div>\n                                       <\/div>\n                                       <div>\n                                           <div class=\"product-details\">\n                                               \n<div class=\"price\"><span class=\"part\">&nbsp;<\/span><strong class=\"price\">&#82;&#36; 360,00<\/strong><\/div>\n<div class=\"d-flex justify-content-between align-items-center mb-2 mr-3\">\n<a href=\"https:\/\/www.pacoteshyatt.com.br\/sao-paulo\/product\/sunday-brunch\/\" class=\"btn button product_type_variable add_to_cart_button\" >Saiba Mais<\/a><span class=\"cart-icon pr-2\"><a href=\"https:\/\/www.pacoteshyatt.com.br\/sao-paulo\/product\/sunday-brunch\/\" data-quantity=\"1\" class=\"button product_type_variable add_to_cart_button\" data-product_id=\"470\" data-product_sku=\"\" aria-label=\"Selecione as op\u00e7\u00f5es para &ldquo;SUNDAY BRUNCH | DOMINGOS&rdquo;\" rel=\"nofollow\"><\/a><\/span><\/div>\n                                           <\/div>\n                                       <\/div>\n                                   <\/div>\n                                                                  <\/div>\n                           <\/div>\n                           <div class=\"swiper-button-next\"><\/div>\n                           <div class=\"swiper-button-prev\"><\/div>\n                                        <\/div>\n                <\/div>\n            <\/div>\n        <\/div>\n                       \n        ","protected":false},"excerpt":{"rendered":"<p>Cittadino Cofee Bar \u2013 Funcionamento Segunda a Domingo a partir de 8h at\u00e9 19h. Menu Digital<\/p>\n","protected":false},"author":110749,"featured_media":11908,"parent":0,"menu_order":0,"comment_status":"closed","ping_status":"closed","template":"","meta":{"_eb_attr":""},"yoast_head":"<!-- This site is optimized with the Yoast SEO plugin v18.4.1 - https:\/\/yoast.com\/wordpress\/plugins\/seo\/ -->\n<title>Cittadino Coffee Bar | Hyatt SP<\/title>\n<meta name=\"description\" content=\"Cittadino Coffee Bar no Grand Hyatt S\u00e3o Paulo: espa\u00e7o no lobby ideal para reuni\u00f5es, pausas e encontros, com op\u00e7\u00f5es de caf\u00e9, pratos r\u00e1pidos e drinks.\" \/>\n<meta name=\"robots\" content=\"index, follow, max-snippet:-1, max-image-preview:large, max-video-preview:-1\" \/>\n<link rel=\"canonical\" href=\"https:\/\/www.pacoteshyatt.com.br\/sao-paulo\/cittadino-coffee-bar\/\" \/>\n<meta property=\"og:locale\" content=\"pt_BR\" \/>\n<meta property=\"og:type\" content=\"article\" \/>\n<meta property=\"og:title\" content=\"Cittadino Coffee Bar | Hyatt SP\" \/>\n<meta property=\"og:description\" content=\"Cittadino Coffee Bar no Grand Hyatt S\u00e3o Paulo: espa\u00e7o no lobby ideal para reuni\u00f5es, pausas e encontros, com op\u00e7\u00f5es de caf\u00e9, pratos r\u00e1pidos e drinks.\" \/>\n<meta property=\"og:url\" content=\"https:\/\/www.pacoteshyatt.com.br\/sao-paulo\/cittadino-coffee-bar\/\" \/>\n<meta property=\"og:site_name\" content=\"GRAND HYATT S\u00c3O PAULO\" \/>\n<meta property=\"article:modified_time\" content=\"2025-10-22T14:07:20+00:00\" \/>\n<meta property=\"og:image\" content=\"https:\/\/www.pacoteshyatt.com.br\/sao-paulo\/wp-content\/uploads\/sites\/3\/2020\/12\/GHSP_SundayBrunch_BannerMobile_425x425px_v2D.png\" \/>\n\t<meta property=\"og:image:width\" content=\"425\" \/>\n\t<meta property=\"og:image:height\" content=\"425\" \/>\n\t<meta property=\"og:image:type\" content=\"image\/png\" \/>\n<meta name=\"twitter:card\" content=\"summary_large_image\" \/>\n<meta name=\"twitter:label1\" content=\"Est. tempo de leitura\" \/>\n\t<meta name=\"twitter:data1\" content=\"1 minuto\" \/>\n<script type=\"application\/ld+json\" class=\"yoast-schema-graph\">{\"@context\":\"https:\/\/schema.org\",\"@graph\":[{\"@type\":\"WebSite\",\"@id\":\"https:\/\/www.pacoteshyatt.com.br\/sao-paulo\/#website\",\"url\":\"https:\/\/www.pacoteshyatt.com.br\/sao-paulo\/\",\"name\":\"GRAND HYATT S\u00c3O PAULO\",\"description\":\"S\u00f3 mais um site Hot\u00e9is Grand Hyatt Rio de Janeiro e S\u00e3o Paulo sites\",\"potentialAction\":[{\"@type\":\"SearchAction\",\"target\":{\"@type\":\"EntryPoint\",\"urlTemplate\":\"https:\/\/www.pacoteshyatt.com.br\/sao-paulo\/?s={search_term_string}\"},\"query-input\":\"required name=search_term_string\"}],\"inLanguage\":\"pt-BR\"},{\"@type\":\"ImageObject\",\"@id\":\"https:\/\/www.pacoteshyatt.com.br\/sao-paulo\/cittadino-coffee-bar\/#primaryimage\",\"inLanguage\":\"pt-BR\",\"url\":\"https:\/\/www.pacoteshyatt.com.br\/sao-paulo\/wp-content\/uploads\/sites\/3\/2020\/12\/GHSP_SundayBrunch_BannerMobile_425x425px_v2D.png\",\"contentUrl\":\"https:\/\/www.pacoteshyatt.com.br\/sao-paulo\/wp-content\/uploads\/sites\/3\/2020\/12\/GHSP_SundayBrunch_BannerMobile_425x425px_v2D.png\",\"width\":425,\"height\":425},{\"@type\":\"WebPage\",\"@id\":\"https:\/\/www.pacoteshyatt.com.br\/sao-paulo\/cittadino-coffee-bar\/#webpage\",\"url\":\"https:\/\/www.pacoteshyatt.com.br\/sao-paulo\/cittadino-coffee-bar\/\",\"name\":\"Cittadino Coffee Bar | Hyatt SP\",\"isPartOf\":{\"@id\":\"https:\/\/www.pacoteshyatt.com.br\/sao-paulo\/#website\"},\"primaryImageOfPage\":{\"@id\":\"https:\/\/www.pacoteshyatt.com.br\/sao-paulo\/cittadino-coffee-bar\/#primaryimage\"},\"datePublished\":\"2025-08-19T15:03:24+00:00\",\"dateModified\":\"2025-10-22T14:07:20+00:00\",\"description\":\"Cittadino Coffee Bar no Grand Hyatt S\u00e3o Paulo: espa\u00e7o no lobby ideal para reuni\u00f5es, pausas e encontros, com op\u00e7\u00f5es de caf\u00e9, pratos r\u00e1pidos e drinks.\",\"breadcrumb\":{\"@id\":\"https:\/\/www.pacoteshyatt.com.br\/sao-paulo\/cittadino-coffee-bar\/#breadcrumb\"},\"inLanguage\":\"pt-BR\",\"potentialAction\":[{\"@type\":\"ReadAction\",\"target\":[\"https:\/\/www.pacoteshyatt.com.br\/sao-paulo\/cittadino-coffee-bar\/\"]}]},{\"@type\":\"BreadcrumbList\",\"@id\":\"https:\/\/www.pacoteshyatt.com.br\/sao-paulo\/cittadino-coffee-bar\/#breadcrumb\",\"itemListElement\":[{\"@type\":\"ListItem\",\"position\":1,\"name\":\"Home\",\"item\":\"https:\/\/www.pacoteshyatt.com.br\/sao-paulo\/\"},{\"@type\":\"ListItem\",\"position\":2,\"name\":\"CITTADINO COFFEE BAR\"}]}]}<\/script>\n<!-- \/ Yoast SEO plugin. -->","yoast_head_json":{"title":"Cittadino Coffee Bar | Hyatt SP","description":"Cittadino Coffee Bar no Grand Hyatt S\u00e3o Paulo: espa\u00e7o no lobby ideal para reuni\u00f5es, pausas e encontros, com op\u00e7\u00f5es de caf\u00e9, pratos r\u00e1pidos e drinks.","robots":{"index":"index","follow":"follow","max-snippet":"max-snippet:-1","max-image-preview":"max-image-preview:large","max-video-preview":"max-video-preview:-1"},"canonical":"https:\/\/www.pacoteshyatt.com.br\/sao-paulo\/cittadino-coffee-bar\/","og_locale":"pt_BR","og_type":"article","og_title":"Cittadino Coffee Bar | Hyatt SP","og_description":"Cittadino Coffee Bar no Grand Hyatt S\u00e3o Paulo: espa\u00e7o no lobby ideal para reuni\u00f5es, pausas e encontros, com op\u00e7\u00f5es de caf\u00e9, pratos r\u00e1pidos e drinks.","og_url":"https:\/\/www.pacoteshyatt.com.br\/sao-paulo\/cittadino-coffee-bar\/","og_site_name":"GRAND HYATT S\u00c3O PAULO","article_modified_time":"2025-10-22T14:07:20+00:00","og_image":[{"width":425,"height":425,"url":"https:\/\/www.pacoteshyatt.com.br\/sao-paulo\/wp-content\/uploads\/sites\/3\/2020\/12\/GHSP_SundayBrunch_BannerMobile_425x425px_v2D.png","type":"image\/png"}],"twitter_card":"summary_large_image","twitter_misc":{"Est. tempo de leitura":"1 minuto"},"schema":{"@context":"https:\/\/schema.org","@graph":[{"@type":"WebSite","@id":"https:\/\/www.pacoteshyatt.com.br\/sao-paulo\/#website","url":"https:\/\/www.pacoteshyatt.com.br\/sao-paulo\/","name":"GRAND HYATT S\u00c3O PAULO","description":"S\u00f3 mais um site Hot\u00e9is Grand Hyatt Rio de Janeiro e S\u00e3o Paulo sites","potentialAction":[{"@type":"SearchAction","target":{"@type":"EntryPoint","urlTemplate":"https:\/\/www.pacoteshyatt.com.br\/sao-paulo\/?s={search_term_string}"},"query-input":"required name=search_term_string"}],"inLanguage":"pt-BR"},{"@type":"ImageObject","@id":"https:\/\/www.pacoteshyatt.com.br\/sao-paulo\/cittadino-coffee-bar\/#primaryimage","inLanguage":"pt-BR","url":"https:\/\/www.pacoteshyatt.com.br\/sao-paulo\/wp-content\/uploads\/sites\/3\/2020\/12\/GHSP_SundayBrunch_BannerMobile_425x425px_v2D.png","contentUrl":"https:\/\/www.pacoteshyatt.com.br\/sao-paulo\/wp-content\/uploads\/sites\/3\/2020\/12\/GHSP_SundayBrunch_BannerMobile_425x425px_v2D.png","width":425,"height":425},{"@type":"WebPage","@id":"https:\/\/www.pacoteshyatt.com.br\/sao-paulo\/cittadino-coffee-bar\/#webpage","url":"https:\/\/www.pacoteshyatt.com.br\/sao-paulo\/cittadino-coffee-bar\/","name":"Cittadino Coffee Bar | Hyatt SP","isPartOf":{"@id":"https:\/\/www.pacoteshyatt.com.br\/sao-paulo\/#website"},"primaryImageOfPage":{"@id":"https:\/\/www.pacoteshyatt.com.br\/sao-paulo\/cittadino-coffee-bar\/#primaryimage"},"datePublished":"2025-08-19T15:03:24+00:00","dateModified":"2025-10-22T14:07:20+00:00","description":"Cittadino Coffee Bar no Grand Hyatt S\u00e3o Paulo: espa\u00e7o no lobby ideal para reuni\u00f5es, pausas e encontros, com op\u00e7\u00f5es de caf\u00e9, pratos r\u00e1pidos e drinks.","breadcrumb":{"@id":"https:\/\/www.pacoteshyatt.com.br\/sao-paulo\/cittadino-coffee-bar\/#breadcrumb"},"inLanguage":"pt-BR","potentialAction":[{"@type":"ReadAction","target":["https:\/\/www.pacoteshyatt.com.br\/sao-paulo\/cittadino-coffee-bar\/"]}]},{"@type":"BreadcrumbList","@id":"https:\/\/www.pacoteshyatt.com.br\/sao-paulo\/cittadino-coffee-bar\/#breadcrumb","itemListElement":[{"@type":"ListItem","position":1,"name":"Home","item":"https:\/\/www.pacoteshyatt.com.br\/sao-paulo\/"},{"@type":"ListItem","position":2,"name":"CITTADINO COFFEE BAR"}]}]}},"_links":{"self":[{"href":"https:\/\/www.pacoteshyatt.com.br\/sao-paulo\/wp-json\/wp\/v2\/pages\/18793"}],"collection":[{"href":"https:\/\/www.pacoteshyatt.com.br\/sao-paulo\/wp-json\/wp\/v2\/pages"}],"about":[{"href":"https:\/\/www.pacoteshyatt.com.br\/sao-paulo\/wp-json\/wp\/v2\/types\/page"}],"author":[{"embeddable":true,"href":"https:\/\/www.pacoteshyatt.com.br\/sao-paulo\/wp-json\/wp\/v2\/users\/110749"}],"replies":[{"embeddable":true,"href":"https:\/\/www.pacoteshyatt.com.br\/sao-paulo\/wp-json\/wp\/v2\/comments?post=18793"}],"version-history":[{"count":4,"href":"https:\/\/www.pacoteshyatt.com.br\/sao-paulo\/wp-json\/wp\/v2\/pages\/18793\/revisions"}],"predecessor-version":[{"id":19305,"href":"https:\/\/www.pacoteshyatt.com.br\/sao-paulo\/wp-json\/wp\/v2\/pages\/18793\/revisions\/19305"}],"wp:featuredmedia":[{"embeddable":true,"href":"https:\/\/www.pacoteshyatt.com.br\/sao-paulo\/wp-json\/wp\/v2\/media\/11908"}],"wp:attachment":[{"href":"https:\/\/www.pacoteshyatt.com.br\/sao-paulo\/wp-json\/wp\/v2\/media?parent=18793"}],"curies":[{"name":"wp","href":"https:\/\/api.w.org\/{rel}","templated":true}]}}