{"id":2244,"date":"2021-05-21T17:30:21","date_gmt":"2021-05-21T20:30:21","guid":{"rendered":"https:\/\/www.pacoteshyatt.com.br\/sao-paulo\/?page_id=2244"},"modified":"2026-04-29T15:08:23","modified_gmt":"2026-04-29T18:08:23","slug":"dia-dos-namorados","status":"publish","type":"page","link":"https:\/\/www.pacoteshyatt.com.br\/sao-paulo\/dia-dos-namorados\/","title":{"rendered":"DIA DOS NAMORADOS"},"content":{"rendered":"\n<div class=\"wp-container-69f4271c088c5 wp-block-group intro-content-home text-center\"><div class=\"wp-block-group__inner-container\"><div class=\"wp-bootstrap-blocks-row row\">\n\t\n\n<div class=\"col-12 col-md-12 inner-intro-content\">\n\t\t\t\n\n<div class=\"wp-container-69f4271c082ef wp-block-group inner-content\"><div class=\"wp-block-group__inner-container\">\n<h1>DIA DOS NAMORADOS<\/h1>\n\n\n\n<p>Celebre o <strong>Dia dos Namorados<\/strong> no Grand Hyatt S\u00e3o Paulo, onde preparamos uma programa\u00e7\u00e3o especial para voc\u00ea e seu amor.<\/p>\n\n\n\n<h2>Jantar de Dia dos Namorados<\/h2>\n\n\n\n<p>Prometemos encantar os paladares mais exigentes, come\u00e7ando com uma experi\u00eancia gastron\u00f4mica excepcional em nosso jantar rom\u00e2ntico, com um menu de cinco tempos, e harmoniza\u00e7\u00e3o de vinhos.<\/p>\n\n\n\n<p>Com op\u00e7\u00f5es vegetarianas dispon\u00edveis, cada prato \u00e9 uma obra de arte culin\u00e1ria elaborada por nossos talentosos chefs, garantindo uma noite repleta de sabores e sensa\u00e7\u00f5es.<\/p>\n\n\n\n<p>Reserve agora e permita-nos cuidar de tudo durante essa data\/ocasi\u00e3o t\u00e3o especial.<\/p>\n\n\n\n<p><\/p>\n\n\n\n<p>  <\/p>\n\n\n\n<h2>Hospedagem de Dia dos Namorados<\/h2>\n\n\n\n<p>Para celebrar a data, o Grand Hyatt S\u00e3o Paulo preparou experi\u00eancias exclusivas de hospedagem pensadas especialmente para casais. Os pacotes combinam conforto, charme e detalhes que tornam a ocasi\u00e3o ainda mais significativa \u2014 com op\u00e7\u00f5es que incluem amenidades especiais, caf\u00e9 da manh\u00e3 e outras surpresas para transformar o Dia dos Namorados em um momento \u00fanico.<\/p>\n\n\n\n<p>Para tornar a noite ainda mais completa, voc\u00ea pode inserir em sua hospedagem a op\u00e7\u00e3o que inclui o jantar.<\/p>\n\n\n\n<p>Escolha a experi\u00eancia que mais combina com voc\u00eas e viva uma celebra\u00e7\u00e3o inesquec\u00edvel a dois.<\/p>\n\n\n\n<p> <\/p>\n<\/div><\/div>\n\n\t<\/div>\n\n\n\n<div class=\"col-12\">\n\t\t\t\t<\/div>\n\n<\/div>\n<\/div><\/div>\n\n\n        <div class=\"destaques-section d-md-block\">\n            <div class=\"container\">\n                <div class=\"row\">\n                    <div class=\"inner-destaques-col col-12\">\n                        <div class=\"all-section-title\">\n                            <h2>Surpreenda<\/h2>\n                        <\/div>\n                                                    <div class=\"products row\">\n                                                                      <div class=\"col-lg-3 col-12\">\n                                           <div>\n                                               <a href=\"https:\/\/www.pacoteshyatt.com.br\/sao-paulo\/product\/day-spa-seducao\/\" class=\"woocommerce-LoopProduct-link woocommerce-loop-product__link\"><img class=\"catalog-image\" src=\"https:\/\/www.pacoteshyatt.com.br\/sao-paulo\/wp-content\/uploads\/sites\/3\/2020\/10\/GHSP_DaySpaSeducao_BannerDestaques_308x200px_v1.png\"\/><\/a>                                               <div class=\"product-details\">\n                                                   <a href=\"https:\/\/www.pacoteshyatt.com.br\/sao-paulo\/product\/day-spa-seducao\/\" class=\"woocommerce-LoopProduct-link woocommerce-loop-product__link\"><h2 class=\"woocommerce-loop-product__title\">DAY SPA SEDU\u00c7\u00c3O<\/h2><\/a>                                               <\/div>\n                                           <\/div>\n                                           <div>\n                                               <div class=\"product-details mb-4\">\n                                                   \n<div class=\"price\"><span class=\"part\">&nbsp;<\/span><strong class=\"price\">&#82;&#36; 2.350,00<\/strong><\/div>\n<div class=\"d-flex justify-content-between align-items-center mb-2 mr-3\">\n<a href=\"https:\/\/www.pacoteshyatt.com.br\/sao-paulo\/product\/day-spa-seducao\/\" class=\"btn button product_type_simple add_to_cart_button ajax_add_to_cart\" >Saiba Mais<\/a><span class=\"cart-icon pr-2\"><a href=\"?add-to-cart=114\" data-quantity=\"1\" class=\"button product_type_simple add_to_cart_button ajax_add_to_cart\" data-product_id=\"114\" data-product_sku=\"\" aria-label=\"Adicionar &ldquo;DAY SPA SEDU\u00c7\u00c3O&rdquo; no seu carrinho\" rel=\"nofollow\"><\/a><\/span><\/div>\n                                               <\/div>\n                                           <\/div>\n                                       <\/div>\n                                                          <\/div>\n                                            <\/div>\n                <\/div>\n            <\/div>\n        <\/div>\n                       \n        ","protected":false},"excerpt":{"rendered":"","protected":false},"author":8,"featured_media":12895,"parent":0,"menu_order":0,"comment_status":"closed","ping_status":"closed","template":"","meta":{"_eb_attr":""},"yoast_head":"<!-- This site is optimized with the Yoast SEO plugin v18.4.1 - https:\/\/yoast.com\/wordpress\/plugins\/seo\/ -->\n<title>Programa\u00e7\u00e3o de Dia dos Namorados em SP - Pacotes Hyatt<\/title>\n<meta name=\"description\" content=\"Quer saber o que h\u00e1 de melhor no dia dos namorados em S\u00e3o Paulo? Venha conhecer a melhor programa\u00e7\u00e3o da capital, preparada pelo Hyatt para voc\u00ea e seu amor!\" \/>\n<meta name=\"robots\" content=\"index, follow, max-snippet:-1, max-image-preview:large, max-video-preview:-1\" \/>\n<link rel=\"canonical\" href=\"https:\/\/www.pacoteshyatt.com.br\/sao-paulo\/dia-dos-namorados\/\" \/>\n<meta property=\"og:locale\" content=\"pt_BR\" \/>\n<meta property=\"og:type\" content=\"article\" \/>\n<meta property=\"og:title\" content=\"Programa\u00e7\u00e3o de Dia dos Namorados em SP - Pacotes Hyatt\" \/>\n<meta property=\"og:description\" content=\"Quer saber o que h\u00e1 de melhor no dia dos namorados em S\u00e3o Paulo? Venha conhecer a melhor programa\u00e7\u00e3o da capital, preparada pelo Hyatt para voc\u00ea e seu amor!\" \/>\n<meta property=\"og:url\" content=\"https:\/\/www.pacoteshyatt.com.br\/sao-paulo\/dia-dos-namorados\/\" \/>\n<meta property=\"og:site_name\" content=\"GRAND HYATT S\u00c3O PAULO\" \/>\n<meta property=\"article:modified_time\" content=\"2026-04-29T18:08:23+00:00\" \/>\n<meta property=\"og:image\" content=\"https:\/\/www.pacoteshyatt.com.br\/sao-paulo\/wp-content\/uploads\/sites\/3\/2021\/05\/GHSP_DiaDosNamorados_Banner_GrandValentines_308x200px_v1.png\" \/>\n\t<meta property=\"og:image:width\" content=\"308\" \/>\n\t<meta property=\"og:image:height\" content=\"200\" \/>\n\t<meta property=\"og:image:type\" content=\"image\/png\" \/>\n<meta name=\"twitter:card\" content=\"summary_large_image\" \/>\n<meta name=\"twitter:label1\" content=\"Est. tempo de leitura\" \/>\n\t<meta name=\"twitter:data1\" content=\"2 minutos\" \/>\n<script type=\"application\/ld+json\" class=\"yoast-schema-graph\">{\"@context\":\"https:\/\/schema.org\",\"@graph\":[{\"@type\":\"WebSite\",\"@id\":\"https:\/\/www.pacoteshyatt.com.br\/sao-paulo\/#website\",\"url\":\"https:\/\/www.pacoteshyatt.com.br\/sao-paulo\/\",\"name\":\"GRAND HYATT S\u00c3O PAULO\",\"description\":\"S\u00f3 mais um site Hot\u00e9is Grand Hyatt Rio de Janeiro e S\u00e3o Paulo sites\",\"potentialAction\":[{\"@type\":\"SearchAction\",\"target\":{\"@type\":\"EntryPoint\",\"urlTemplate\":\"https:\/\/www.pacoteshyatt.com.br\/sao-paulo\/?s={search_term_string}\"},\"query-input\":\"required name=search_term_string\"}],\"inLanguage\":\"pt-BR\"},{\"@type\":\"ImageObject\",\"@id\":\"https:\/\/www.pacoteshyatt.com.br\/sao-paulo\/dia-dos-namorados\/#primaryimage\",\"inLanguage\":\"pt-BR\",\"url\":\"https:\/\/www.pacoteshyatt.com.br\/sao-paulo\/wp-content\/uploads\/sites\/3\/2021\/05\/GHSP_DiaDosNamorados_Banner_GrandValentines_308x200px_v1.png\",\"contentUrl\":\"https:\/\/www.pacoteshyatt.com.br\/sao-paulo\/wp-content\/uploads\/sites\/3\/2021\/05\/GHSP_DiaDosNamorados_Banner_GrandValentines_308x200px_v1.png\",\"width\":308,\"height\":200,\"caption\":\"Programa\u00e7\u00e3o de Dia dos Namorados em S\u00e3o Paulo\"},{\"@type\":\"WebPage\",\"@id\":\"https:\/\/www.pacoteshyatt.com.br\/sao-paulo\/dia-dos-namorados\/#webpage\",\"url\":\"https:\/\/www.pacoteshyatt.com.br\/sao-paulo\/dia-dos-namorados\/\",\"name\":\"Programa\u00e7\u00e3o de Dia dos Namorados em SP - Pacotes Hyatt\",\"isPartOf\":{\"@id\":\"https:\/\/www.pacoteshyatt.com.br\/sao-paulo\/#website\"},\"primaryImageOfPage\":{\"@id\":\"https:\/\/www.pacoteshyatt.com.br\/sao-paulo\/dia-dos-namorados\/#primaryimage\"},\"datePublished\":\"2021-05-21T20:30:21+00:00\",\"dateModified\":\"2026-04-29T18:08:23+00:00\",\"description\":\"Quer saber o que h\u00e1 de melhor no dia dos namorados em S\u00e3o Paulo? Venha conhecer a melhor programa\u00e7\u00e3o da capital, preparada pelo Hyatt para voc\u00ea e seu amor!\",\"breadcrumb\":{\"@id\":\"https:\/\/www.pacoteshyatt.com.br\/sao-paulo\/dia-dos-namorados\/#breadcrumb\"},\"inLanguage\":\"pt-BR\",\"potentialAction\":[{\"@type\":\"ReadAction\",\"target\":[\"https:\/\/www.pacoteshyatt.com.br\/sao-paulo\/dia-dos-namorados\/\"]}]},{\"@type\":\"BreadcrumbList\",\"@id\":\"https:\/\/www.pacoteshyatt.com.br\/sao-paulo\/dia-dos-namorados\/#breadcrumb\",\"itemListElement\":[{\"@type\":\"ListItem\",\"position\":1,\"name\":\"Home\",\"item\":\"https:\/\/www.pacoteshyatt.com.br\/sao-paulo\/\"},{\"@type\":\"ListItem\",\"position\":2,\"name\":\"DIA DOS NAMORADOS\"}]}]}<\/script>\n<!-- \/ Yoast SEO plugin. -->","yoast_head_json":{"title":"Programa\u00e7\u00e3o de Dia dos Namorados em SP - Pacotes Hyatt","description":"Quer saber o que h\u00e1 de melhor no dia dos namorados em S\u00e3o Paulo? Venha conhecer a melhor programa\u00e7\u00e3o da capital, preparada pelo Hyatt para voc\u00ea e seu amor!","robots":{"index":"index","follow":"follow","max-snippet":"max-snippet:-1","max-image-preview":"max-image-preview:large","max-video-preview":"max-video-preview:-1"},"canonical":"https:\/\/www.pacoteshyatt.com.br\/sao-paulo\/dia-dos-namorados\/","og_locale":"pt_BR","og_type":"article","og_title":"Programa\u00e7\u00e3o de Dia dos Namorados em SP - Pacotes Hyatt","og_description":"Quer saber o que h\u00e1 de melhor no dia dos namorados em S\u00e3o Paulo? Venha conhecer a melhor programa\u00e7\u00e3o da capital, preparada pelo Hyatt para voc\u00ea e seu amor!","og_url":"https:\/\/www.pacoteshyatt.com.br\/sao-paulo\/dia-dos-namorados\/","og_site_name":"GRAND HYATT S\u00c3O PAULO","article_modified_time":"2026-04-29T18:08:23+00:00","og_image":[{"width":308,"height":200,"url":"https:\/\/www.pacoteshyatt.com.br\/sao-paulo\/wp-content\/uploads\/sites\/3\/2021\/05\/GHSP_DiaDosNamorados_Banner_GrandValentines_308x200px_v1.png","type":"image\/png"}],"twitter_card":"summary_large_image","twitter_misc":{"Est. tempo de leitura":"2 minutos"},"schema":{"@context":"https:\/\/schema.org","@graph":[{"@type":"WebSite","@id":"https:\/\/www.pacoteshyatt.com.br\/sao-paulo\/#website","url":"https:\/\/www.pacoteshyatt.com.br\/sao-paulo\/","name":"GRAND HYATT S\u00c3O PAULO","description":"S\u00f3 mais um site Hot\u00e9is Grand Hyatt Rio de Janeiro e S\u00e3o Paulo sites","potentialAction":[{"@type":"SearchAction","target":{"@type":"EntryPoint","urlTemplate":"https:\/\/www.pacoteshyatt.com.br\/sao-paulo\/?s={search_term_string}"},"query-input":"required name=search_term_string"}],"inLanguage":"pt-BR"},{"@type":"ImageObject","@id":"https:\/\/www.pacoteshyatt.com.br\/sao-paulo\/dia-dos-namorados\/#primaryimage","inLanguage":"pt-BR","url":"https:\/\/www.pacoteshyatt.com.br\/sao-paulo\/wp-content\/uploads\/sites\/3\/2021\/05\/GHSP_DiaDosNamorados_Banner_GrandValentines_308x200px_v1.png","contentUrl":"https:\/\/www.pacoteshyatt.com.br\/sao-paulo\/wp-content\/uploads\/sites\/3\/2021\/05\/GHSP_DiaDosNamorados_Banner_GrandValentines_308x200px_v1.png","width":308,"height":200,"caption":"Programa\u00e7\u00e3o de Dia dos Namorados em S\u00e3o Paulo"},{"@type":"WebPage","@id":"https:\/\/www.pacoteshyatt.com.br\/sao-paulo\/dia-dos-namorados\/#webpage","url":"https:\/\/www.pacoteshyatt.com.br\/sao-paulo\/dia-dos-namorados\/","name":"Programa\u00e7\u00e3o de Dia dos Namorados em SP - Pacotes Hyatt","isPartOf":{"@id":"https:\/\/www.pacoteshyatt.com.br\/sao-paulo\/#website"},"primaryImageOfPage":{"@id":"https:\/\/www.pacoteshyatt.com.br\/sao-paulo\/dia-dos-namorados\/#primaryimage"},"datePublished":"2021-05-21T20:30:21+00:00","dateModified":"2026-04-29T18:08:23+00:00","description":"Quer saber o que h\u00e1 de melhor no dia dos namorados em S\u00e3o Paulo? Venha conhecer a melhor programa\u00e7\u00e3o da capital, preparada pelo Hyatt para voc\u00ea e seu amor!","breadcrumb":{"@id":"https:\/\/www.pacoteshyatt.com.br\/sao-paulo\/dia-dos-namorados\/#breadcrumb"},"inLanguage":"pt-BR","potentialAction":[{"@type":"ReadAction","target":["https:\/\/www.pacoteshyatt.com.br\/sao-paulo\/dia-dos-namorados\/"]}]},{"@type":"BreadcrumbList","@id":"https:\/\/www.pacoteshyatt.com.br\/sao-paulo\/dia-dos-namorados\/#breadcrumb","itemListElement":[{"@type":"ListItem","position":1,"name":"Home","item":"https:\/\/www.pacoteshyatt.com.br\/sao-paulo\/"},{"@type":"ListItem","position":2,"name":"DIA DOS NAMORADOS"}]}]}},"_links":{"self":[{"href":"https:\/\/www.pacoteshyatt.com.br\/sao-paulo\/wp-json\/wp\/v2\/pages\/2244"}],"collection":[{"href":"https:\/\/www.pacoteshyatt.com.br\/sao-paulo\/wp-json\/wp\/v2\/pages"}],"about":[{"href":"https:\/\/www.pacoteshyatt.com.br\/sao-paulo\/wp-json\/wp\/v2\/types\/page"}],"author":[{"embeddable":true,"href":"https:\/\/www.pacoteshyatt.com.br\/sao-paulo\/wp-json\/wp\/v2\/users\/8"}],"replies":[{"embeddable":true,"href":"https:\/\/www.pacoteshyatt.com.br\/sao-paulo\/wp-json\/wp\/v2\/comments?post=2244"}],"version-history":[{"count":53,"href":"https:\/\/www.pacoteshyatt.com.br\/sao-paulo\/wp-json\/wp\/v2\/pages\/2244\/revisions"}],"predecessor-version":[{"id":18001,"href":"https:\/\/www.pacoteshyatt.com.br\/sao-paulo\/wp-json\/wp\/v2\/pages\/2244\/revisions\/18001"}],"wp:featuredmedia":[{"embeddable":true,"href":"https:\/\/www.pacoteshyatt.com.br\/sao-paulo\/wp-json\/wp\/v2\/media\/12895"}],"wp:attachment":[{"href":"https:\/\/www.pacoteshyatt.com.br\/sao-paulo\/wp-json\/wp\/v2\/media?parent=2244"}],"curies":[{"name":"wp","href":"https:\/\/api.w.org\/{rel}","templated":true}]}}