{"id":3262,"date":"2021-09-21T13:19:52","date_gmt":"2021-09-21T16:19:52","guid":{"rendered":"https:\/\/www.pacoteshyatt.com.br\/sao-paulo\/?page_id=3262"},"modified":"2025-09-19T15:31:49","modified_gmt":"2025-09-19T18:31:49","slug":"fim-de-ano-4","status":"publish","type":"page","link":"https:\/\/www.pacoteshyatt.com.br\/sao-paulo\/fim-de-ano-4\/","title":{"rendered":"FESTAS DE FIM DE ANO"},"content":{"rendered":"\n<div class=\"wp-container-69eb1bfd414ce wp-block-group intro-content-home text-center\"><div class=\"wp-block-group__inner-container\"><div class=\"wp-bootstrap-blocks-row row\">\n\t\n\n<div class=\"col-12 col-md-12 inner-intro-content\">\n\t\t\t\n\n<div class=\"wp-container-69eb1bfd40c93 wp-block-group inner-content\"><div class=\"wp-block-group__inner-container\">\n<h1>FIM DE ANO EM S\u00c3O PAULO<\/h1>\n\n\n\n<p><em>Fim de ano est\u00e1 chegando e o Grand Hyatt S\u00e3o Paulo preparou uma programa\u00e7\u00e3o completa com diversas op\u00e7\u00f5es para voc\u00ea aproveitar com toda a fam\u00edlia.<\/em><\/p>\n\n\n\n<p><\/p>\n\n\n\n<p><\/p>\n\n\n\n<h2 class=\"has-text-align-center\">Pacotes de Final de Ano<\/h2>\n\n\n\n<p><strong>Celebre o fim de ano no Grand Hyatt S\u00e3o Paulo<\/strong><br>Encante-se com momentos \u00fanicos nesta temporada e transforme suas celebra\u00e7\u00f5es em mem\u00f3rias inesquec\u00edveis. No Grand Hyatt S\u00e3o Paulo, voc\u00ea encontra pacotes de hospedagem exclusivos que unem conforto, sofistica\u00e7\u00e3o e a oportunidade de vivenciar experi\u00eancias especiais em fam\u00edlia ou entre amigos.<\/p>\n\n\n\n<p>Todos os pacotes incluem uma ceia especial assinada por nossos chefs, com a op\u00e7\u00e3o de adicionar um almo\u00e7o exclusivo para deixar seu Natal ainda mais acolhedor ou seu R\u00e9veillon ainda mais completo. Hospede-se conosco e celebre esta \u00e9poca em grande estilo, com todo o requinte de um dos hot\u00e9is mais renomados da cidade.<\/p>\n\n\n\n<p>Reserve agora e viva uma experi\u00eancia de fim de ano inesquec\u00edvel.<\/p>\n\n\n\n<p class=\"has-text-align-center\"><\/p>\n\n\n\n<p><br><strong>Celebre esse momento especial conosco, e colecione mem\u00f3rias inesquec\u00edveis, no melhor estilo Grand, com boas vibra\u00e7\u00f5es e energias renovadas para 2026.<\/strong><\/p>\n<\/div><\/div>\n\n\t<\/div>\n\n<\/div>\n<\/div><\/div>\n\n\n        <div class=\"destaques-section d-md-block\">\n            <div class=\"container\">\n                <div class=\"row\">\n                    <div class=\"inner-destaques-col col-12\">\n                        <div class=\"all-section-title\">\n                            <h2>CONFIRA<\/h2>\n                        <\/div>\n                                                    <div class=\"products row\">\n                                                          <\/div>\n                                            <\/div>\n                <\/div>\n            <\/div>\n        <\/div>\n                       \n        ","protected":false},"excerpt":{"rendered":"","protected":false},"author":8,"featured_media":18996,"parent":0,"menu_order":0,"comment_status":"closed","ping_status":"closed","template":"","meta":{"_eb_attr":""},"yoast_head":"<!-- This site is optimized with the Yoast SEO plugin v18.4.1 - https:\/\/yoast.com\/wordpress\/plugins\/seo\/ -->\n<title>Fim de ano em S\u00e3o Paulo - Pacotes Grand Hyatt SP<\/title>\n<meta name=\"description\" content=\"Comemore o Fim de Ano em grande estilo no Grand Hyatt S\u00e3o Paulo! Pacote de Ano Novo e Natal com hospedagem, ceia, festa e caf\u00e9 da manh\u00e3. Reservas aqui:\" \/>\n<meta name=\"robots\" content=\"index, follow, max-snippet:-1, max-image-preview:large, max-video-preview:-1\" \/>\n<link rel=\"canonical\" href=\"https:\/\/www.pacoteshyatt.com.br\/sao-paulo\/fim-de-ano-4\/\" \/>\n<meta property=\"og:locale\" content=\"pt_BR\" \/>\n<meta property=\"og:type\" content=\"article\" \/>\n<meta property=\"og:title\" content=\"Fim de ano em S\u00e3o Paulo - Pacotes Grand Hyatt SP\" \/>\n<meta property=\"og:description\" content=\"Comemore o Fim de Ano em grande estilo no Grand Hyatt S\u00e3o Paulo! Pacote de Ano Novo e Natal com hospedagem, ceia, festa e caf\u00e9 da manh\u00e3. Reservas aqui:\" \/>\n<meta property=\"og:url\" content=\"https:\/\/www.pacoteshyatt.com.br\/sao-paulo\/fim-de-ano-4\/\" \/>\n<meta property=\"og:site_name\" content=\"GRAND HYATT S\u00c3O PAULO\" \/>\n<meta property=\"article:modified_time\" content=\"2025-09-19T18:31:49+00:00\" \/>\n<meta property=\"og:image\" content=\"https:\/\/www.pacoteshyatt.com.br\/sao-paulo\/wp-content\/uploads\/sites\/3\/2025\/09\/GHSP_FimDeAno_Banner_2025_308x200px_v01.png\" \/>\n\t<meta property=\"og:image:width\" content=\"308\" \/>\n\t<meta property=\"og:image:height\" content=\"200\" \/>\n\t<meta property=\"og:image:type\" content=\"image\/png\" \/>\n<meta name=\"twitter:card\" content=\"summary_large_image\" \/>\n<meta name=\"twitter:label1\" content=\"Est. tempo de leitura\" \/>\n\t<meta name=\"twitter:data1\" content=\"1 minuto\" \/>\n<script type=\"application\/ld+json\" class=\"yoast-schema-graph\">{\"@context\":\"https:\/\/schema.org\",\"@graph\":[{\"@type\":\"WebSite\",\"@id\":\"https:\/\/www.pacoteshyatt.com.br\/sao-paulo\/#website\",\"url\":\"https:\/\/www.pacoteshyatt.com.br\/sao-paulo\/\",\"name\":\"GRAND HYATT S\u00c3O PAULO\",\"description\":\"S\u00f3 mais um site Hot\u00e9is Grand Hyatt Rio de Janeiro e S\u00e3o Paulo sites\",\"potentialAction\":[{\"@type\":\"SearchAction\",\"target\":{\"@type\":\"EntryPoint\",\"urlTemplate\":\"https:\/\/www.pacoteshyatt.com.br\/sao-paulo\/?s={search_term_string}\"},\"query-input\":\"required name=search_term_string\"}],\"inLanguage\":\"pt-BR\"},{\"@type\":\"ImageObject\",\"@id\":\"https:\/\/www.pacoteshyatt.com.br\/sao-paulo\/fim-de-ano-4\/#primaryimage\",\"inLanguage\":\"pt-BR\",\"url\":\"https:\/\/www.pacoteshyatt.com.br\/sao-paulo\/wp-content\/uploads\/sites\/3\/2025\/09\/GHSP_FimDeAno_Banner_2025_308x200px_v01.png\",\"contentUrl\":\"https:\/\/www.pacoteshyatt.com.br\/sao-paulo\/wp-content\/uploads\/sites\/3\/2025\/09\/GHSP_FimDeAno_Banner_2025_308x200px_v01.png\",\"width\":308,\"height\":200},{\"@type\":\"WebPage\",\"@id\":\"https:\/\/www.pacoteshyatt.com.br\/sao-paulo\/fim-de-ano-4\/#webpage\",\"url\":\"https:\/\/www.pacoteshyatt.com.br\/sao-paulo\/fim-de-ano-4\/\",\"name\":\"Fim de ano em S\u00e3o Paulo - Pacotes Grand Hyatt SP\",\"isPartOf\":{\"@id\":\"https:\/\/www.pacoteshyatt.com.br\/sao-paulo\/#website\"},\"primaryImageOfPage\":{\"@id\":\"https:\/\/www.pacoteshyatt.com.br\/sao-paulo\/fim-de-ano-4\/#primaryimage\"},\"datePublished\":\"2021-09-21T16:19:52+00:00\",\"dateModified\":\"2025-09-19T18:31:49+00:00\",\"description\":\"Comemore o Fim de Ano em grande estilo no Grand Hyatt S\u00e3o Paulo! Pacote de Ano Novo e Natal com hospedagem, ceia, festa e caf\u00e9 da manh\u00e3. Reservas aqui:\",\"breadcrumb\":{\"@id\":\"https:\/\/www.pacoteshyatt.com.br\/sao-paulo\/fim-de-ano-4\/#breadcrumb\"},\"inLanguage\":\"pt-BR\",\"potentialAction\":[{\"@type\":\"ReadAction\",\"target\":[\"https:\/\/www.pacoteshyatt.com.br\/sao-paulo\/fim-de-ano-4\/\"]}]},{\"@type\":\"BreadcrumbList\",\"@id\":\"https:\/\/www.pacoteshyatt.com.br\/sao-paulo\/fim-de-ano-4\/#breadcrumb\",\"itemListElement\":[{\"@type\":\"ListItem\",\"position\":1,\"name\":\"Home\",\"item\":\"https:\/\/www.pacoteshyatt.com.br\/sao-paulo\/\"},{\"@type\":\"ListItem\",\"position\":2,\"name\":\"FESTAS DE FIM DE ANO\"}]}]}<\/script>\n<!-- \/ Yoast SEO plugin. -->","yoast_head_json":{"title":"Fim de ano em S\u00e3o Paulo - Pacotes Grand Hyatt SP","description":"Comemore o Fim de Ano em grande estilo no Grand Hyatt S\u00e3o Paulo! Pacote de Ano Novo e Natal com hospedagem, ceia, festa e caf\u00e9 da manh\u00e3. Reservas aqui:","robots":{"index":"index","follow":"follow","max-snippet":"max-snippet:-1","max-image-preview":"max-image-preview:large","max-video-preview":"max-video-preview:-1"},"canonical":"https:\/\/www.pacoteshyatt.com.br\/sao-paulo\/fim-de-ano-4\/","og_locale":"pt_BR","og_type":"article","og_title":"Fim de ano em S\u00e3o Paulo - Pacotes Grand Hyatt SP","og_description":"Comemore o Fim de Ano em grande estilo no Grand Hyatt S\u00e3o Paulo! Pacote de Ano Novo e Natal com hospedagem, ceia, festa e caf\u00e9 da manh\u00e3. Reservas aqui:","og_url":"https:\/\/www.pacoteshyatt.com.br\/sao-paulo\/fim-de-ano-4\/","og_site_name":"GRAND HYATT S\u00c3O PAULO","article_modified_time":"2025-09-19T18:31:49+00:00","og_image":[{"width":308,"height":200,"url":"https:\/\/www.pacoteshyatt.com.br\/sao-paulo\/wp-content\/uploads\/sites\/3\/2025\/09\/GHSP_FimDeAno_Banner_2025_308x200px_v01.png","type":"image\/png"}],"twitter_card":"summary_large_image","twitter_misc":{"Est. tempo de leitura":"1 minuto"},"schema":{"@context":"https:\/\/schema.org","@graph":[{"@type":"WebSite","@id":"https:\/\/www.pacoteshyatt.com.br\/sao-paulo\/#website","url":"https:\/\/www.pacoteshyatt.com.br\/sao-paulo\/","name":"GRAND HYATT S\u00c3O PAULO","description":"S\u00f3 mais um site Hot\u00e9is Grand Hyatt Rio de Janeiro e S\u00e3o Paulo sites","potentialAction":[{"@type":"SearchAction","target":{"@type":"EntryPoint","urlTemplate":"https:\/\/www.pacoteshyatt.com.br\/sao-paulo\/?s={search_term_string}"},"query-input":"required name=search_term_string"}],"inLanguage":"pt-BR"},{"@type":"ImageObject","@id":"https:\/\/www.pacoteshyatt.com.br\/sao-paulo\/fim-de-ano-4\/#primaryimage","inLanguage":"pt-BR","url":"https:\/\/www.pacoteshyatt.com.br\/sao-paulo\/wp-content\/uploads\/sites\/3\/2025\/09\/GHSP_FimDeAno_Banner_2025_308x200px_v01.png","contentUrl":"https:\/\/www.pacoteshyatt.com.br\/sao-paulo\/wp-content\/uploads\/sites\/3\/2025\/09\/GHSP_FimDeAno_Banner_2025_308x200px_v01.png","width":308,"height":200},{"@type":"WebPage","@id":"https:\/\/www.pacoteshyatt.com.br\/sao-paulo\/fim-de-ano-4\/#webpage","url":"https:\/\/www.pacoteshyatt.com.br\/sao-paulo\/fim-de-ano-4\/","name":"Fim de ano em S\u00e3o Paulo - Pacotes Grand Hyatt SP","isPartOf":{"@id":"https:\/\/www.pacoteshyatt.com.br\/sao-paulo\/#website"},"primaryImageOfPage":{"@id":"https:\/\/www.pacoteshyatt.com.br\/sao-paulo\/fim-de-ano-4\/#primaryimage"},"datePublished":"2021-09-21T16:19:52+00:00","dateModified":"2025-09-19T18:31:49+00:00","description":"Comemore o Fim de Ano em grande estilo no Grand Hyatt S\u00e3o Paulo! Pacote de Ano Novo e Natal com hospedagem, ceia, festa e caf\u00e9 da manh\u00e3. Reservas aqui:","breadcrumb":{"@id":"https:\/\/www.pacoteshyatt.com.br\/sao-paulo\/fim-de-ano-4\/#breadcrumb"},"inLanguage":"pt-BR","potentialAction":[{"@type":"ReadAction","target":["https:\/\/www.pacoteshyatt.com.br\/sao-paulo\/fim-de-ano-4\/"]}]},{"@type":"BreadcrumbList","@id":"https:\/\/www.pacoteshyatt.com.br\/sao-paulo\/fim-de-ano-4\/#breadcrumb","itemListElement":[{"@type":"ListItem","position":1,"name":"Home","item":"https:\/\/www.pacoteshyatt.com.br\/sao-paulo\/"},{"@type":"ListItem","position":2,"name":"FESTAS DE FIM DE ANO"}]}]}},"_links":{"self":[{"href":"https:\/\/www.pacoteshyatt.com.br\/sao-paulo\/wp-json\/wp\/v2\/pages\/3262"}],"collection":[{"href":"https:\/\/www.pacoteshyatt.com.br\/sao-paulo\/wp-json\/wp\/v2\/pages"}],"about":[{"href":"https:\/\/www.pacoteshyatt.com.br\/sao-paulo\/wp-json\/wp\/v2\/types\/page"}],"author":[{"embeddable":true,"href":"https:\/\/www.pacoteshyatt.com.br\/sao-paulo\/wp-json\/wp\/v2\/users\/8"}],"replies":[{"embeddable":true,"href":"https:\/\/www.pacoteshyatt.com.br\/sao-paulo\/wp-json\/wp\/v2\/comments?post=3262"}],"version-history":[{"count":76,"href":"https:\/\/www.pacoteshyatt.com.br\/sao-paulo\/wp-json\/wp\/v2\/pages\/3262\/revisions"}],"predecessor-version":[{"id":19001,"href":"https:\/\/www.pacoteshyatt.com.br\/sao-paulo\/wp-json\/wp\/v2\/pages\/3262\/revisions\/19001"}],"wp:featuredmedia":[{"embeddable":true,"href":"https:\/\/www.pacoteshyatt.com.br\/sao-paulo\/wp-json\/wp\/v2\/media\/18996"}],"wp:attachment":[{"href":"https:\/\/www.pacoteshyatt.com.br\/sao-paulo\/wp-json\/wp\/v2\/media?parent=3262"}],"curies":[{"name":"wp","href":"https:\/\/api.w.org\/{rel}","templated":true}]}}