{"id":354,"date":"2020-11-27T11:33:55","date_gmt":"2020-11-27T14:33:55","guid":{"rendered":"https:\/\/www.pacoteshyatt.com.br\/sao-paulo\/?page_id=354"},"modified":"2026-04-14T10:24:24","modified_gmt":"2026-04-14T13:24:24","slug":"dia-das-maes","status":"publish","type":"page","link":"https:\/\/www.pacoteshyatt.com.br\/sao-paulo\/dia-das-maes\/","title":{"rendered":"DIA DAS M\u00c3ES"},"content":{"rendered":"\n<div class=\"wp-container-6a004c4540bc5 wp-block-group intro-content-home text-center\"><div class=\"wp-block-group__inner-container\"><div class=\"wp-bootstrap-blocks-row row\">\n\t\n\n<div class=\"col-12 col-md-12 inner-intro-content\">\n\t\t\t\n\n<div class=\"wp-container-6a004c45406fd wp-block-group inner-content\"><div class=\"wp-block-group__inner-container\">\n<h1>DIA DAS M\u00c3ES NO GRAND HYATT S\u00c3O PAULO<\/h1>\n\n\n\n<p>Neste Dia das M\u00e3es, o Grand Hyatt S\u00e3o Paulo convida voc\u00ea a celebrar com experi\u00eancias que transformam carinho em mem\u00f3ria. Uma curadoria especial re\u00fane gastronomia e bem-estar em ambientes sofisticados e acolhedores, pensados para homenagear quem cuida com amor.<\/p>\n\n\n\n<p>Da experi\u00eancia gastron\u00f4mica criada para reunir a fam\u00edlia \u00e0 mesa aos rituais de spa dedicados ao relaxamento, \u00e0 conex\u00e3o e ao cuidado profundo, cada detalhe foi pensado para proporcionar momentos de presen\u00e7a e afeto. Entre as op\u00e7\u00f5es, est\u00e3o experi\u00eancias de bem-estar personalizadas, rituais especiais para gestantes e propostas para serem vividas a dois, fortalecendo v\u00ednculos e criando lembran\u00e7as inesquec\u00edveis.<\/p>\n\n\n\n<p>Celebre o Dia das M\u00e3es com tempo de qualidade, cuidado e sofistica\u00e7\u00e3o no Grand Hyatt S\u00e3o Paulo.<\/p>\n\n\n\n<p><\/p>\n\n\n\n<p><\/p>\n\n\n\n<p><\/p>\n<\/div><\/div>\n\n\t<\/div>\n\n<\/div>\n<\/div><\/div>\n\n\n        <div class=\"destaques-section d-md-block\">\n            <div class=\"container\">\n                <div class=\"row\">\n                    <div class=\"inner-destaques-col col-12\">\n                        <div class=\"all-section-title\">\n                            <h2>Surpreenda<\/h2>\n                        <\/div>\n                                                    <div class=\"products row\">\n                                                                      <div class=\"col-lg-3 col-12\">\n                                           <div>\n                                               <a href=\"https:\/\/www.pacoteshyatt.com.br\/sao-paulo\/product\/almoco-dia-das-maes\/\" class=\"woocommerce-LoopProduct-link woocommerce-loop-product__link\"><img class=\"catalog-image\" src=\"https:\/\/www.pacoteshyatt.com.br\/sao-paulo\/wp-content\/uploads\/sites\/3\/2021\/03\/GHSP_DiaDasMaes_BannerDestaques_308x200px_Almoc\u0327o_v2.png\"\/><\/a>                                               <div class=\"product-details\">\n                                                   <a href=\"https:\/\/www.pacoteshyatt.com.br\/sao-paulo\/product\/almoco-dia-das-maes\/\" class=\"woocommerce-LoopProduct-link woocommerce-loop-product__link\"><h2 class=\"woocommerce-loop-product__title\">10\/05 | ALMO\u00c7O DIA DAS M\u00c3ES<\/h2><\/a>                                               <\/div>\n                                           <\/div>\n                                           <div>\n                                               <div class=\"product-details mb-4\">\n                                                   \n<div class=\"price\"><span class=\"part\">&nbsp;<\/span><strong class=\"price\">&#82;&#36; 450,00<\/strong><\/div>\n<div class=\"d-flex justify-content-between align-items-center mb-2 mr-3\">\n<a href=\"https:\/\/www.pacoteshyatt.com.br\/sao-paulo\/product\/almoco-dia-das-maes\/\" class=\"btn button product_type_variable\" >Esgotado<\/a><span class=\"cart-icon pr-2\"><a href=\"https:\/\/www.pacoteshyatt.com.br\/sao-paulo\/product\/almoco-dia-das-maes\/\" data-quantity=\"1\" class=\"button product_type_variable\" data-product_id=\"1705\" data-product_sku=\"\" aria-label=\"Selecione as op\u00e7\u00f5es para &ldquo;10\/05 | ALMO\u00c7O DIA DAS M\u00c3ES&rdquo;\" rel=\"nofollow\"><\/a><\/span><\/div>\n                                               <\/div>\n                                           <\/div>\n                                       <\/div>\n                                                                      <div class=\"col-lg-3 col-12\">\n                                           <div>\n                                               <a href=\"https:\/\/www.pacoteshyatt.com.br\/sao-paulo\/product\/amanary-spa-gift\/\" class=\"woocommerce-LoopProduct-link woocommerce-loop-product__link\"><img class=\"catalog-image\" src=\"https:\/\/www.pacoteshyatt.com.br\/sao-paulo\/wp-content\/uploads\/sites\/3\/2024\/04\/GHSP_DiaDasMaes_BannerDestaques_308x200px_GiftVoucher_v2.png\"\/><\/a>                                               <div class=\"product-details\">\n                                                   <a href=\"https:\/\/www.pacoteshyatt.com.br\/sao-paulo\/product\/amanary-spa-gift\/\" class=\"woocommerce-LoopProduct-link woocommerce-loop-product__link\"><h2 class=\"woocommerce-loop-product__title\">GIFT VOUCHER<\/h2><\/a>                                               <\/div>\n                                           <\/div>\n                                           <div>\n                                               <div class=\"product-details mb-4\">\n                                                   \n<div class=\"price\"><span class=\"part\">A partir de <\/span><strong class=\"price\">&#82;&#36; 500,00<\/strong> <\/span><\/div>\n<div class=\"d-flex justify-content-between align-items-center mb-2 mr-3\">\n<a href=\"https:\/\/www.pacoteshyatt.com.br\/sao-paulo\/product\/amanary-spa-gift\/\" class=\"btn button product_type_variable add_to_cart_button\" >Saiba Mais<\/a><span class=\"cart-icon pr-2\"><a href=\"https:\/\/www.pacoteshyatt.com.br\/sao-paulo\/product\/amanary-spa-gift\/\" data-quantity=\"1\" class=\"button product_type_variable add_to_cart_button\" data-product_id=\"12534\" data-product_sku=\"\" aria-label=\"Selecione as op\u00e7\u00f5es para &ldquo;GIFT VOUCHER&rdquo;\" rel=\"nofollow\"><\/a><\/span><\/div>\n                                               <\/div>\n                                           <\/div>\n                                       <\/div>\n                                                                      <div class=\"col-lg-3 col-12\">\n                                           <div>\n                                               <a href=\"https:\/\/www.pacoteshyatt.com.br\/sao-paulo\/product\/conexao-amanary\/\" class=\"woocommerce-LoopProduct-link woocommerce-loop-product__link\"><img class=\"catalog-image\" src=\"https:\/\/www.pacoteshyatt.com.br\/sao-paulo\/wp-content\/uploads\/sites\/3\/2024\/04\/GHSP_DiaDasMaes_BannerDestaques_308x200px_Spa_v2.png\"\/><\/a>                                               <div class=\"product-details\">\n                                                   <a href=\"https:\/\/www.pacoteshyatt.com.br\/sao-paulo\/product\/conexao-amanary\/\" class=\"woocommerce-LoopProduct-link woocommerce-loop-product__link\"><h2 class=\"woocommerce-loop-product__title\">CONEX\u00c3O AMANARY | DIA DAS M\u00c3ES<\/h2><\/a>                                               <\/div>\n                                           <\/div>\n                                           <div>\n                                               <div class=\"product-details mb-4\">\n                                                   \n<div class=\"price\"><span class=\"part\">&nbsp;<\/span><strong class=\"price\">&#82;&#36; 900,00<\/strong><\/div>\n<div class=\"d-flex justify-content-between align-items-center mb-2 mr-3\">\n<a href=\"https:\/\/www.pacoteshyatt.com.br\/sao-paulo\/product\/conexao-amanary\/\" class=\"btn button product_type_simple add_to_cart_button ajax_add_to_cart\" >Saiba Mais<\/a><span class=\"cart-icon pr-2\"><a href=\"?add-to-cart=12538\" data-quantity=\"1\" class=\"button product_type_simple add_to_cart_button ajax_add_to_cart\" data-product_id=\"12538\" data-product_sku=\"\" aria-label=\"Adicionar &ldquo;CONEX\u00c3O AMANARY | DIA DAS M\u00c3ES&rdquo; no seu carrinho\" rel=\"nofollow\"><\/a><\/span><\/div>\n                                               <\/div>\n                                           <\/div>\n                                       <\/div>\n                                                                      <div class=\"col-lg-3 col-12\">\n                                           <div>\n                                               <a href=\"https:\/\/www.pacoteshyatt.com.br\/sao-paulo\/product\/amanary-plenitude\/\" class=\"woocommerce-LoopProduct-link woocommerce-loop-product__link\"><img class=\"catalog-image\" src=\"https:\/\/www.pacoteshyatt.com.br\/sao-paulo\/wp-content\/uploads\/sites\/3\/2024\/04\/GHSP_DiaDasMaes_BannerDestaques_308x200px_Plenitude_v2.png\"\/><\/a>                                               <div class=\"product-details\">\n                                                   <a href=\"https:\/\/www.pacoteshyatt.com.br\/sao-paulo\/product\/amanary-plenitude\/\" class=\"woocommerce-LoopProduct-link woocommerce-loop-product__link\"><h2 class=\"woocommerce-loop-product__title\">AMANARY PLENITUDE<\/h2><\/a>                                               <\/div>\n                                           <\/div>\n                                           <div>\n                                               <div class=\"product-details mb-4\">\n                                                   \n<div class=\"price\"><span class=\"part\">A partir de <\/span><strong class=\"price\">&#82;&#36; 640,00<\/strong> <\/span><\/div>\n<div class=\"d-flex justify-content-between align-items-center mb-2 mr-3\">\n<a href=\"https:\/\/www.pacoteshyatt.com.br\/sao-paulo\/product\/amanary-plenitude\/\" class=\"btn button product_type_variable add_to_cart_button\" >Saiba Mais<\/a><span class=\"cart-icon pr-2\"><a href=\"https:\/\/www.pacoteshyatt.com.br\/sao-paulo\/product\/amanary-plenitude\/\" data-quantity=\"1\" class=\"button product_type_variable add_to_cart_button\" data-product_id=\"12540\" data-product_sku=\"\" aria-label=\"Selecione as op\u00e7\u00f5es para &ldquo;AMANARY PLENITUDE&rdquo;\" rel=\"nofollow\"><\/a><\/span><\/div>\n                                               <\/div>\n                                           <\/div>\n                                       <\/div>\n                                                          <\/div>\n                                            <\/div>\n                <\/div>\n            <\/div>\n        <\/div>\n                       \n        ","protected":false},"excerpt":{"rendered":"","protected":false},"author":1,"featured_media":12560,"parent":0,"menu_order":0,"comment_status":"closed","ping_status":"closed","template":"","meta":{"_eb_attr":""},"yoast_head":"<!-- This site is optimized with the Yoast SEO plugin v18.4.1 - https:\/\/yoast.com\/wordpress\/plugins\/seo\/ -->\n<title>Dia das M\u00e3es no Grand Hyatt S\u00e3o Paulo<\/title>\n<meta name=\"description\" content=\"O melhor hotel de S\u00e3o Paulo preparou para voc\u00ea e sua m\u00e3e o melhor tipo de comemora\u00e7\u00e3o neste Dia das M\u00e3es. Massagens e Almo\u00e7o de Dia das M\u00e3es! Confira!\" \/>\n<meta name=\"robots\" content=\"index, follow, max-snippet:-1, max-image-preview:large, max-video-preview:-1\" \/>\n<link rel=\"canonical\" href=\"https:\/\/www.pacoteshyatt.com.br\/sao-paulo\/dia-das-maes\/\" \/>\n<meta property=\"og:locale\" content=\"pt_BR\" \/>\n<meta property=\"og:type\" content=\"article\" \/>\n<meta property=\"og:title\" content=\"Dia das M\u00e3es no Grand Hyatt S\u00e3o Paulo\" \/>\n<meta property=\"og:description\" content=\"O melhor hotel de S\u00e3o Paulo preparou para voc\u00ea e sua m\u00e3e o melhor tipo de comemora\u00e7\u00e3o neste Dia das M\u00e3es. Massagens e Almo\u00e7o de Dia das M\u00e3es! Confira!\" \/>\n<meta property=\"og:url\" content=\"https:\/\/www.pacoteshyatt.com.br\/sao-paulo\/dia-das-maes\/\" \/>\n<meta property=\"og:site_name\" content=\"GRAND HYATT S\u00c3O PAULO\" \/>\n<meta property=\"article:modified_time\" content=\"2026-04-14T13:24:24+00:00\" \/>\n<meta property=\"og:image\" content=\"https:\/\/www.pacoteshyatt.com.br\/sao-paulo\/wp-content\/uploads\/sites\/3\/2021\/03\/GHSP_DiaDasMaes_Banner_425x425px_ComCTA_v2-1.png\" \/>\n\t<meta property=\"og:image:width\" content=\"425\" \/>\n\t<meta property=\"og:image:height\" content=\"425\" \/>\n\t<meta property=\"og:image:type\" content=\"image\/png\" \/>\n<meta name=\"twitter:card\" content=\"summary_large_image\" \/>\n<meta name=\"twitter:label1\" content=\"Est. tempo de leitura\" \/>\n\t<meta name=\"twitter:data1\" content=\"1 minuto\" \/>\n<script type=\"application\/ld+json\" class=\"yoast-schema-graph\">{\"@context\":\"https:\/\/schema.org\",\"@graph\":[{\"@type\":\"WebSite\",\"@id\":\"https:\/\/www.pacoteshyatt.com.br\/sao-paulo\/#website\",\"url\":\"https:\/\/www.pacoteshyatt.com.br\/sao-paulo\/\",\"name\":\"GRAND HYATT S\u00c3O PAULO\",\"description\":\"S\u00f3 mais um site Hot\u00e9is Grand Hyatt Rio de Janeiro e S\u00e3o Paulo sites\",\"potentialAction\":[{\"@type\":\"SearchAction\",\"target\":{\"@type\":\"EntryPoint\",\"urlTemplate\":\"https:\/\/www.pacoteshyatt.com.br\/sao-paulo\/?s={search_term_string}\"},\"query-input\":\"required name=search_term_string\"}],\"inLanguage\":\"pt-BR\"},{\"@type\":\"ImageObject\",\"@id\":\"https:\/\/www.pacoteshyatt.com.br\/sao-paulo\/dia-das-maes\/#primaryimage\",\"inLanguage\":\"pt-BR\",\"url\":\"https:\/\/www.pacoteshyatt.com.br\/sao-paulo\/wp-content\/uploads\/sites\/3\/2021\/03\/GHSP_DiaDasMaes_Banner_425x425px_ComCTA_v2-1.png\",\"contentUrl\":\"https:\/\/www.pacoteshyatt.com.br\/sao-paulo\/wp-content\/uploads\/sites\/3\/2021\/03\/GHSP_DiaDasMaes_Banner_425x425px_ComCTA_v2-1.png\",\"width\":425,\"height\":425,\"caption\":\"Dia Das M\u00e3es 2024\"},{\"@type\":\"WebPage\",\"@id\":\"https:\/\/www.pacoteshyatt.com.br\/sao-paulo\/dia-das-maes\/#webpage\",\"url\":\"https:\/\/www.pacoteshyatt.com.br\/sao-paulo\/dia-das-maes\/\",\"name\":\"Dia das M\u00e3es no Grand Hyatt S\u00e3o Paulo\",\"isPartOf\":{\"@id\":\"https:\/\/www.pacoteshyatt.com.br\/sao-paulo\/#website\"},\"primaryImageOfPage\":{\"@id\":\"https:\/\/www.pacoteshyatt.com.br\/sao-paulo\/dia-das-maes\/#primaryimage\"},\"datePublished\":\"2020-11-27T14:33:55+00:00\",\"dateModified\":\"2026-04-14T13:24:24+00:00\",\"description\":\"O melhor hotel de S\u00e3o Paulo preparou para voc\u00ea e sua m\u00e3e o melhor tipo de comemora\u00e7\u00e3o neste Dia das M\u00e3es. Massagens e Almo\u00e7o de Dia das M\u00e3es! Confira!\",\"breadcrumb\":{\"@id\":\"https:\/\/www.pacoteshyatt.com.br\/sao-paulo\/dia-das-maes\/#breadcrumb\"},\"inLanguage\":\"pt-BR\",\"potentialAction\":[{\"@type\":\"ReadAction\",\"target\":[\"https:\/\/www.pacoteshyatt.com.br\/sao-paulo\/dia-das-maes\/\"]}]},{\"@type\":\"BreadcrumbList\",\"@id\":\"https:\/\/www.pacoteshyatt.com.br\/sao-paulo\/dia-das-maes\/#breadcrumb\",\"itemListElement\":[{\"@type\":\"ListItem\",\"position\":1,\"name\":\"Home\",\"item\":\"https:\/\/www.pacoteshyatt.com.br\/sao-paulo\/\"},{\"@type\":\"ListItem\",\"position\":2,\"name\":\"DIA DAS M\u00c3ES\"}]}]}<\/script>\n<!-- \/ Yoast SEO plugin. -->","yoast_head_json":{"title":"Dia das M\u00e3es no Grand Hyatt S\u00e3o Paulo","description":"O melhor hotel de S\u00e3o Paulo preparou para voc\u00ea e sua m\u00e3e o melhor tipo de comemora\u00e7\u00e3o neste Dia das M\u00e3es. Massagens e Almo\u00e7o de Dia das M\u00e3es! Confira!","robots":{"index":"index","follow":"follow","max-snippet":"max-snippet:-1","max-image-preview":"max-image-preview:large","max-video-preview":"max-video-preview:-1"},"canonical":"https:\/\/www.pacoteshyatt.com.br\/sao-paulo\/dia-das-maes\/","og_locale":"pt_BR","og_type":"article","og_title":"Dia das M\u00e3es no Grand Hyatt S\u00e3o Paulo","og_description":"O melhor hotel de S\u00e3o Paulo preparou para voc\u00ea e sua m\u00e3e o melhor tipo de comemora\u00e7\u00e3o neste Dia das M\u00e3es. Massagens e Almo\u00e7o de Dia das M\u00e3es! Confira!","og_url":"https:\/\/www.pacoteshyatt.com.br\/sao-paulo\/dia-das-maes\/","og_site_name":"GRAND HYATT S\u00c3O PAULO","article_modified_time":"2026-04-14T13:24:24+00:00","og_image":[{"width":425,"height":425,"url":"https:\/\/www.pacoteshyatt.com.br\/sao-paulo\/wp-content\/uploads\/sites\/3\/2021\/03\/GHSP_DiaDasMaes_Banner_425x425px_ComCTA_v2-1.png","type":"image\/png"}],"twitter_card":"summary_large_image","twitter_misc":{"Est. tempo de leitura":"1 minuto"},"schema":{"@context":"https:\/\/schema.org","@graph":[{"@type":"WebSite","@id":"https:\/\/www.pacoteshyatt.com.br\/sao-paulo\/#website","url":"https:\/\/www.pacoteshyatt.com.br\/sao-paulo\/","name":"GRAND HYATT S\u00c3O PAULO","description":"S\u00f3 mais um site Hot\u00e9is Grand Hyatt Rio de Janeiro e S\u00e3o Paulo sites","potentialAction":[{"@type":"SearchAction","target":{"@type":"EntryPoint","urlTemplate":"https:\/\/www.pacoteshyatt.com.br\/sao-paulo\/?s={search_term_string}"},"query-input":"required name=search_term_string"}],"inLanguage":"pt-BR"},{"@type":"ImageObject","@id":"https:\/\/www.pacoteshyatt.com.br\/sao-paulo\/dia-das-maes\/#primaryimage","inLanguage":"pt-BR","url":"https:\/\/www.pacoteshyatt.com.br\/sao-paulo\/wp-content\/uploads\/sites\/3\/2021\/03\/GHSP_DiaDasMaes_Banner_425x425px_ComCTA_v2-1.png","contentUrl":"https:\/\/www.pacoteshyatt.com.br\/sao-paulo\/wp-content\/uploads\/sites\/3\/2021\/03\/GHSP_DiaDasMaes_Banner_425x425px_ComCTA_v2-1.png","width":425,"height":425,"caption":"Dia Das M\u00e3es 2024"},{"@type":"WebPage","@id":"https:\/\/www.pacoteshyatt.com.br\/sao-paulo\/dia-das-maes\/#webpage","url":"https:\/\/www.pacoteshyatt.com.br\/sao-paulo\/dia-das-maes\/","name":"Dia das M\u00e3es no Grand Hyatt S\u00e3o Paulo","isPartOf":{"@id":"https:\/\/www.pacoteshyatt.com.br\/sao-paulo\/#website"},"primaryImageOfPage":{"@id":"https:\/\/www.pacoteshyatt.com.br\/sao-paulo\/dia-das-maes\/#primaryimage"},"datePublished":"2020-11-27T14:33:55+00:00","dateModified":"2026-04-14T13:24:24+00:00","description":"O melhor hotel de S\u00e3o Paulo preparou para voc\u00ea e sua m\u00e3e o melhor tipo de comemora\u00e7\u00e3o neste Dia das M\u00e3es. Massagens e Almo\u00e7o de Dia das M\u00e3es! Confira!","breadcrumb":{"@id":"https:\/\/www.pacoteshyatt.com.br\/sao-paulo\/dia-das-maes\/#breadcrumb"},"inLanguage":"pt-BR","potentialAction":[{"@type":"ReadAction","target":["https:\/\/www.pacoteshyatt.com.br\/sao-paulo\/dia-das-maes\/"]}]},{"@type":"BreadcrumbList","@id":"https:\/\/www.pacoteshyatt.com.br\/sao-paulo\/dia-das-maes\/#breadcrumb","itemListElement":[{"@type":"ListItem","position":1,"name":"Home","item":"https:\/\/www.pacoteshyatt.com.br\/sao-paulo\/"},{"@type":"ListItem","position":2,"name":"DIA DAS M\u00c3ES"}]}]}},"_links":{"self":[{"href":"https:\/\/www.pacoteshyatt.com.br\/sao-paulo\/wp-json\/wp\/v2\/pages\/354"}],"collection":[{"href":"https:\/\/www.pacoteshyatt.com.br\/sao-paulo\/wp-json\/wp\/v2\/pages"}],"about":[{"href":"https:\/\/www.pacoteshyatt.com.br\/sao-paulo\/wp-json\/wp\/v2\/types\/page"}],"author":[{"embeddable":true,"href":"https:\/\/www.pacoteshyatt.com.br\/sao-paulo\/wp-json\/wp\/v2\/users\/1"}],"replies":[{"embeddable":true,"href":"https:\/\/www.pacoteshyatt.com.br\/sao-paulo\/wp-json\/wp\/v2\/comments?post=354"}],"version-history":[{"count":53,"href":"https:\/\/www.pacoteshyatt.com.br\/sao-paulo\/wp-json\/wp\/v2\/pages\/354\/revisions"}],"predecessor-version":[{"id":21678,"href":"https:\/\/www.pacoteshyatt.com.br\/sao-paulo\/wp-json\/wp\/v2\/pages\/354\/revisions\/21678"}],"wp:featuredmedia":[{"embeddable":true,"href":"https:\/\/www.pacoteshyatt.com.br\/sao-paulo\/wp-json\/wp\/v2\/media\/12560"}],"wp:attachment":[{"href":"https:\/\/www.pacoteshyatt.com.br\/sao-paulo\/wp-json\/wp\/v2\/media?parent=354"}],"curies":[{"name":"wp","href":"https:\/\/api.w.org\/{rel}","templated":true}]}}