{"id":377,"date":"2020-12-01T13:35:51","date_gmt":"2020-12-01T16:35:51","guid":{"rendered":"https:\/\/www.pacoteshyatt.com.br\/sao-paulo\/?page_id=377"},"modified":"2026-03-18T17:30:31","modified_gmt":"2026-03-18T20:30:31","slug":"cittadino","status":"publish","type":"page","link":"https:\/\/www.pacoteshyatt.com.br\/sao-paulo\/cittadino\/","title":{"rendered":"CITTADINO"},"content":{"rendered":"\n<div class=\"wp-container-69e23dade8b58 wp-block-group intro-content-home text-center\"><div class=\"wp-block-group__inner-container\"><div class=\"wp-bootstrap-blocks-container container mb-2\">\n\t\n<div class=\"wp-bootstrap-blocks-row row\">\n\t\n\n<div class=\"col-12 col-md-12 inner-intro-content\">\n\t\t\t\n\n<div class=\"wp-container-69e23dade861b wp-block-group inner-content\"><div class=\"wp-block-group__inner-container\">\n<h1 class=\"has-text-align-center\">Cittadino<\/h1>\n\n\n\n<p class=\"has-text-align-center\"> <\/p>\n\n\n\n<p>Descubra o Cittadino, um restaurante que celebra a ess\u00eancia da culin\u00e1ria italiana com identidade paulistana. Aqui, tradi\u00e7\u00e3o e modernidade se encontram para criar pratos que respeitam suas ra\u00edzes, mas trazem frescor, eleg\u00e2ncia e sabor em cada detalhe.<\/p>\n\n\n\n<p>O menu do <strong>restaurante Grand Hyatt SP<\/strong> mergulha na ess\u00eancia da gastronomia italiana, com massas frescas preparadas artesanalmente todos os dias e receitas que conversam com o mundo sem perder a personalidade de S\u00e3o Paulo.<\/p>\n\n\n\n<p>Seja voc\u00ea um paulistano que cruza bairros e culturas, ou um viajante que deseja sentir o esp\u00edrito da cidade, o Cittadino oferece um ambiente acolhedor e sofisticado, onde cada prato conta uma hist\u00f3ria e cada ingrediente \u00e9 escolhido com cuidado.<\/p>\n\n\n\n<p>Viva uma experi\u00eancia italiana sob medida para quem valoriza qualidade, autenticidade e sofistica\u00e7\u00e3o \u2013 desfrute do Cittadino no Grand Hyatt S\u00e3o Paulo.<\/p>\n\n\n\n<p><\/p>\n<\/div><\/div>\n\n\t<\/div>\n\n<\/div>\n\n<\/div>\n<\/div><\/div>\n\n\n\n<div class=\"wp-container-69e23dade8f23 wp-block-group\"><div class=\"wp-block-group__inner-container\"><\/div><\/div>\n\n\n        <div class=\"fancionam-section\">\n            <div class=\"container\">\n                <div class=\"innre-fancionam-col\">\n                    <div class=\"fanci-col-inner text-center\">\n                        <h2>Cittadino &#8211; Funcionamento<\/h2>\n                        <div class=\"row\">\n                            <div class=\"col-12 col-md-6\">\n                                <div class=\"inner-content\">\n                                    <h3>Almo\u00e7o<\/h3>\n                                    <p><p>Buffet &#8211; Segunda a sexta a partir de 12h at\u00e9 15h<br \/>\nFinal de semana e feriados a partir das 12h30 at\u00e9 \u00e0s 16h<\/p>\n<p><a href=\"https:\/\/sites.google.com\/view\/cittadino-restaurante\/p%C3%A1gina-inicial\">Menu Digital<\/a><\/p>\n<p>&nbsp;<\/p>\n<\/p>\n                                <\/div>\n                            <\/div>\n                                                        <div class=\"col-12 col-md-6\">\n                                <div class=\"inner-content left-border\">\n                                    <h3>Jantar<\/h3>\n                                    <p><p>A la Carte Segunda a domingo a partir de 19h at\u00e9 23h.<\/p>\n<p><a href=\"https:\/\/sites.google.com\/view\/cittadino-restaurante\/p%C3%A1gina-inicial\">Menu Digital<\/a><\/p>\n<p>&nbsp;<\/p>\n<\/p>\n                                <\/div>\n                            <\/div>\n                                                    <\/div>\n                                                    <span class=\"middle-content d-none d-md-block\">\n                                Consulte-nos para informa\u00e7\u00f5es de funcionamento nos feriados e datas comemorativas.                            <\/span>\n                                            <\/div>\n                <\/div>\n            <\/div>\n        <\/div>\n        \n\n        <div class=\"destaques-section d-md-block\">\n            <div class=\"container\">\n                <div class=\"row\">\n                    <div class=\"inner-destaques-col col-12\">\n                        <div class=\"all-section-title\">\n                            <h2>Destaques<\/h2>\n                        <\/div>\n                                                    <div class=\"swiper-container\">\n                               <div class=\"swiper-wrapper\">\n                                                                      <div class=\"swiper-slide\">\n                                       <div>\n                                           <a href=\"https:\/\/www.pacoteshyatt.com.br\/sao-paulo\/product\/grand-chefs\/\" class=\"woocommerce-LoopProduct-link woocommerce-loop-product__link\"><img class=\"catalog-image\" src=\"https:\/\/www.pacoteshyatt.com.br\/sao-paulo\/wp-content\/uploads\/sites\/3\/2026\/03\/GHSP_GrandChefsAbril_BannerDestaques_308x200px_v5.png\"\/><\/a>                                           <div class=\"product-details\">\n                                               <a href=\"https:\/\/www.pacoteshyatt.com.br\/sao-paulo\/product\/grand-chefs\/\" class=\"woocommerce-LoopProduct-link woocommerce-loop-product__link\"><h2 class=\"woocommerce-loop-product__title\">16\/04 | GRAND CHEFS<\/h2><\/a>                                           <\/div>\n                                       <\/div>\n                                       <div>\n                                           <div class=\"product-details\">\n                                               \n<div class=\"price\"><span class=\"part\">A partir de <\/span><strong class=\"price\">&#82;&#36; 450,00<\/strong> <\/span><\/div>\n<div class=\"d-flex justify-content-between align-items-center mb-2 mr-3\">\n<a href=\"https:\/\/www.pacoteshyatt.com.br\/sao-paulo\/product\/grand-chefs\/\" class=\"btn button product_type_variable add_to_cart_button\" >Saiba Mais<\/a><span class=\"cart-icon pr-2\"><a href=\"https:\/\/www.pacoteshyatt.com.br\/sao-paulo\/product\/grand-chefs\/\" data-quantity=\"1\" class=\"button product_type_variable add_to_cart_button\" data-product_id=\"480\" data-product_sku=\"\" aria-label=\"Selecione as op\u00e7\u00f5es para &ldquo;16\/04 | GRAND CHEFS&rdquo;\" rel=\"nofollow\"><\/a><\/span><\/div>\n                                           <\/div>\n                                       <\/div>\n                                   <\/div>\n                                                                      <div class=\"swiper-slide\">\n                                       <div>\n                                           <a href=\"https:\/\/www.pacoteshyatt.com.br\/sao-paulo\/product\/almoco-dia-das-maes\/\" class=\"woocommerce-LoopProduct-link woocommerce-loop-product__link\"><img class=\"catalog-image\" src=\"https:\/\/www.pacoteshyatt.com.br\/sao-paulo\/wp-content\/uploads\/sites\/3\/2021\/03\/GHSP_DiaDasMaes_BannerDestaques_308x200px_Almoc\u0327o_v2.png\"\/><\/a>                                           <div class=\"product-details\">\n                                               <a href=\"https:\/\/www.pacoteshyatt.com.br\/sao-paulo\/product\/almoco-dia-das-maes\/\" class=\"woocommerce-LoopProduct-link woocommerce-loop-product__link\"><h2 class=\"woocommerce-loop-product__title\">10\/05 | ALMO\u00c7O DIA DAS M\u00c3ES<\/h2><\/a>                                           <\/div>\n                                       <\/div>\n                                       <div>\n                                           <div class=\"product-details\">\n                                               \n<div class=\"price\"><span class=\"part\">&nbsp;<\/span><strong class=\"price\">&#82;&#36; 450,00<\/strong><\/div>\n<div class=\"d-flex justify-content-between align-items-center mb-2 mr-3\">\n<a href=\"https:\/\/www.pacoteshyatt.com.br\/sao-paulo\/product\/almoco-dia-das-maes\/\" class=\"btn button product_type_variable add_to_cart_button\" >Saiba Mais<\/a><span class=\"cart-icon pr-2\"><a href=\"https:\/\/www.pacoteshyatt.com.br\/sao-paulo\/product\/almoco-dia-das-maes\/\" data-quantity=\"1\" class=\"button product_type_variable add_to_cart_button\" data-product_id=\"1705\" data-product_sku=\"\" aria-label=\"Selecione as op\u00e7\u00f5es para &ldquo;10\/05 | ALMO\u00c7O DIA DAS M\u00c3ES&rdquo;\" rel=\"nofollow\"><\/a><\/span><\/div>\n                                           <\/div>\n                                       <\/div>\n                                   <\/div>\n                                                                      <div class=\"swiper-slide\">\n                                       <div>\n                                           <a href=\"https:\/\/www.pacoteshyatt.com.br\/sao-paulo\/product\/guest-bartender\/\" class=\"woocommerce-LoopProduct-link woocommerce-loop-product__link\"><img class=\"catalog-image\" src=\"https:\/\/www.pacoteshyatt.com.br\/sao-paulo\/wp-content\/uploads\/sites\/3\/2023\/03\/GHSP_GuestBartender_Abril_BannerDestaques_308x200px_v1.png\"\/><\/a>                                           <div class=\"product-details\">\n                                               <a href=\"https:\/\/www.pacoteshyatt.com.br\/sao-paulo\/product\/guest-bartender\/\" class=\"woocommerce-LoopProduct-link woocommerce-loop-product__link\"><h2 class=\"woocommerce-loop-product__title\">23\/04 | GUEST BARTENDER<\/h2><\/a>                                           <\/div>\n                                       <\/div>\n                                       <div>\n                                           <div class=\"product-details\">\n                                               \n<div class=\"price\"><span class=\"part\">&nbsp;<\/span><strong class=\"price\">&#82;&#36; 180,00<\/strong><\/div>\n<div class=\"d-flex justify-content-between align-items-center mb-2 mr-3\">\n<a href=\"https:\/\/www.pacoteshyatt.com.br\/sao-paulo\/product\/guest-bartender\/\" class=\"btn button product_type_simple add_to_cart_button ajax_add_to_cart\" >Saiba Mais<\/a><span class=\"cart-icon pr-2\"><a href=\"?add-to-cart=8882\" data-quantity=\"1\" class=\"button product_type_simple add_to_cart_button ajax_add_to_cart\" data-product_id=\"8882\" data-product_sku=\"\" aria-label=\"Adicionar &ldquo;23\/04 | GUEST BARTENDER&rdquo; no seu carrinho\" rel=\"nofollow\"><\/a><\/span><\/div>\n                                           <\/div>\n                                       <\/div>\n                                   <\/div>\n                                                                      <div class=\"swiper-slide\">\n                                       <div>\n                                           <a href=\"https:\/\/www.pacoteshyatt.com.br\/sao-paulo\/product\/feijoada-do-hyatt\/\" class=\"woocommerce-LoopProduct-link woocommerce-loop-product__link\"><img class=\"catalog-image\" src=\"https:\/\/www.pacoteshyatt.com.br\/sao-paulo\/wp-content\/uploads\/sites\/3\/2020\/08\/GHSP_Feijuca_BannerDestaques_308x200px_v2.png\"\/><\/a>                                           <div class=\"product-details\">\n                                               <a href=\"https:\/\/www.pacoteshyatt.com.br\/sao-paulo\/product\/feijoada-do-hyatt\/\" class=\"woocommerce-LoopProduct-link woocommerce-loop-product__link\"><h2 class=\"woocommerce-loop-product__title\">S\u00c1BADOS | FEIJOADA DO HYATT<\/h2><\/a>                                           <\/div>\n                                       <\/div>\n                                       <div>\n                                           <div class=\"product-details\">\n                                               \n<div class=\"price\"><span class=\"part\">&nbsp;<\/span><strong class=\"price\">&#82;&#36; 210,00<\/strong><\/div>\n<div class=\"d-flex justify-content-between align-items-center mb-2 mr-3\">\n<a href=\"https:\/\/www.pacoteshyatt.com.br\/sao-paulo\/product\/feijoada-do-hyatt\/\" class=\"btn button product_type_variable add_to_cart_button\" >Saiba Mais<\/a><span class=\"cart-icon pr-2\"><a href=\"https:\/\/www.pacoteshyatt.com.br\/sao-paulo\/product\/feijoada-do-hyatt\/\" data-quantity=\"1\" class=\"button product_type_variable add_to_cart_button\" data-product_id=\"61\" data-product_sku=\"\" aria-label=\"Selecione as op\u00e7\u00f5es para &ldquo;S\u00c1BADOS | FEIJOADA DO HYATT&rdquo;\" rel=\"nofollow\"><\/a><\/span><\/div>\n                                           <\/div>\n                                       <\/div>\n                                   <\/div>\n                                                                      <div class=\"swiper-slide\">\n                                       <div>\n                                           <a href=\"https:\/\/www.pacoteshyatt.com.br\/sao-paulo\/product\/sunday-brunch\/\" class=\"woocommerce-LoopProduct-link woocommerce-loop-product__link\"><img class=\"catalog-image\" src=\"https:\/\/www.pacoteshyatt.com.br\/sao-paulo\/wp-content\/uploads\/sites\/3\/2020\/12\/GHSP_SundayBrunch_Banner_308x200px_v2C.png\"\/><\/a>                                           <div class=\"product-details\">\n                                               <a href=\"https:\/\/www.pacoteshyatt.com.br\/sao-paulo\/product\/sunday-brunch\/\" class=\"woocommerce-LoopProduct-link woocommerce-loop-product__link\"><h2 class=\"woocommerce-loop-product__title\">SUNDAY BRUNCH | DOMINGOS<\/h2><\/a>                                           <\/div>\n                                       <\/div>\n                                       <div>\n                                           <div class=\"product-details\">\n                                               \n<div class=\"price\"><span class=\"part\">&nbsp;<\/span><strong class=\"price\">&#82;&#36; 360,00<\/strong><\/div>\n<div class=\"d-flex justify-content-between align-items-center mb-2 mr-3\">\n<a href=\"https:\/\/www.pacoteshyatt.com.br\/sao-paulo\/product\/sunday-brunch\/\" class=\"btn button product_type_variable add_to_cart_button\" >Saiba Mais<\/a><span class=\"cart-icon pr-2\"><a href=\"https:\/\/www.pacoteshyatt.com.br\/sao-paulo\/product\/sunday-brunch\/\" data-quantity=\"1\" class=\"button product_type_variable add_to_cart_button\" data-product_id=\"470\" data-product_sku=\"\" aria-label=\"Selecione as op\u00e7\u00f5es para &ldquo;SUNDAY BRUNCH | DOMINGOS&rdquo;\" rel=\"nofollow\"><\/a><\/span><\/div>\n                                           <\/div>\n                                       <\/div>\n                                   <\/div>\n                                                                  <\/div>\n                           <\/div>\n                           <div class=\"swiper-button-next\"><\/div>\n                           <div class=\"swiper-button-prev\"><\/div>\n                                        <\/div>\n                <\/div>\n            <\/div>\n        <\/div>\n                       \n        ","protected":false},"excerpt":{"rendered":"","protected":false},"author":1,"featured_media":19117,"parent":0,"menu_order":0,"comment_status":"closed","ping_status":"closed","template":"","meta":{"_eb_attr":""},"yoast_head":"<!-- This site is optimized with the Yoast SEO plugin v18.4.1 - https:\/\/yoast.com\/wordpress\/plugins\/seo\/ -->\n<title>Cittadino Restaurante: Gastronomia Italiana - Grand Hyatt SP<\/title>\n<meta name=\"description\" content=\"O Restaurante Cittadino no Grand Hyatt S\u00e3o Paulo, apresenta culin\u00e1ria italiana com massas artesanais frescas e uma experi\u00eancia sofisticada. Reserve agora!\" \/>\n<meta name=\"robots\" content=\"index, follow, max-snippet:-1, max-image-preview:large, max-video-preview:-1\" \/>\n<link rel=\"canonical\" href=\"https:\/\/www.pacoteshyatt.com.br\/sao-paulo\/cittadino\/\" \/>\n<meta property=\"og:locale\" content=\"pt_BR\" \/>\n<meta property=\"og:type\" content=\"article\" \/>\n<meta property=\"og:title\" content=\"Cittadino Restaurante: Gastronomia Italiana - Grand Hyatt SP\" \/>\n<meta property=\"og:description\" content=\"O Restaurante Cittadino no Grand Hyatt S\u00e3o Paulo, apresenta culin\u00e1ria italiana com massas artesanais frescas e uma experi\u00eancia sofisticada. Reserve agora!\" \/>\n<meta property=\"og:url\" content=\"https:\/\/www.pacoteshyatt.com.br\/sao-paulo\/cittadino\/\" \/>\n<meta property=\"og:site_name\" content=\"GRAND HYATT S\u00c3O PAULO\" \/>\n<meta property=\"article:modified_time\" content=\"2026-03-18T20:30:31+00:00\" \/>\n<meta property=\"og:image\" content=\"https:\/\/www.pacoteshyatt.com.br\/sao-paulo\/wp-content\/uploads\/sites\/3\/2025\/10\/2-1024x1024.png\" \/>\n\t<meta property=\"og:image:width\" content=\"1024\" \/>\n\t<meta property=\"og:image:height\" content=\"1024\" \/>\n\t<meta property=\"og:image:type\" content=\"image\/png\" \/>\n<meta name=\"twitter:card\" content=\"summary_large_image\" \/>\n<meta name=\"twitter:label1\" content=\"Est. tempo de leitura\" \/>\n\t<meta name=\"twitter:data1\" content=\"1 minuto\" \/>\n<script type=\"application\/ld+json\" class=\"yoast-schema-graph\">{\"@context\":\"https:\/\/schema.org\",\"@graph\":[{\"@type\":\"WebSite\",\"@id\":\"https:\/\/www.pacoteshyatt.com.br\/sao-paulo\/#website\",\"url\":\"https:\/\/www.pacoteshyatt.com.br\/sao-paulo\/\",\"name\":\"GRAND HYATT S\u00c3O PAULO\",\"description\":\"S\u00f3 mais um site Hot\u00e9is Grand Hyatt Rio de Janeiro e S\u00e3o Paulo sites\",\"potentialAction\":[{\"@type\":\"SearchAction\",\"target\":{\"@type\":\"EntryPoint\",\"urlTemplate\":\"https:\/\/www.pacoteshyatt.com.br\/sao-paulo\/?s={search_term_string}\"},\"query-input\":\"required name=search_term_string\"}],\"inLanguage\":\"pt-BR\"},{\"@type\":\"ImageObject\",\"@id\":\"https:\/\/www.pacoteshyatt.com.br\/sao-paulo\/cittadino\/#primaryimage\",\"inLanguage\":\"pt-BR\",\"url\":\"https:\/\/www.pacoteshyatt.com.br\/sao-paulo\/wp-content\/uploads\/sites\/3\/2025\/10\/2.png\",\"contentUrl\":\"https:\/\/www.pacoteshyatt.com.br\/sao-paulo\/wp-content\/uploads\/sites\/3\/2025\/10\/2.png\",\"width\":1080,\"height\":1080,\"caption\":\"Vista interior aconchegante do restaurante CittadinoGrand Hyatt S\u00e3o Paulo\"},{\"@type\":\"WebPage\",\"@id\":\"https:\/\/www.pacoteshyatt.com.br\/sao-paulo\/cittadino\/#webpage\",\"url\":\"https:\/\/www.pacoteshyatt.com.br\/sao-paulo\/cittadino\/\",\"name\":\"Cittadino Restaurante: Gastronomia Italiana - Grand Hyatt SP\",\"isPartOf\":{\"@id\":\"https:\/\/www.pacoteshyatt.com.br\/sao-paulo\/#website\"},\"primaryImageOfPage\":{\"@id\":\"https:\/\/www.pacoteshyatt.com.br\/sao-paulo\/cittadino\/#primaryimage\"},\"datePublished\":\"2020-12-01T16:35:51+00:00\",\"dateModified\":\"2026-03-18T20:30:31+00:00\",\"description\":\"O Restaurante Cittadino no Grand Hyatt S\u00e3o Paulo, apresenta culin\u00e1ria italiana com massas artesanais frescas e uma experi\u00eancia sofisticada. Reserve agora!\",\"breadcrumb\":{\"@id\":\"https:\/\/www.pacoteshyatt.com.br\/sao-paulo\/cittadino\/#breadcrumb\"},\"inLanguage\":\"pt-BR\",\"potentialAction\":[{\"@type\":\"ReadAction\",\"target\":[\"https:\/\/www.pacoteshyatt.com.br\/sao-paulo\/cittadino\/\"]}]},{\"@type\":\"BreadcrumbList\",\"@id\":\"https:\/\/www.pacoteshyatt.com.br\/sao-paulo\/cittadino\/#breadcrumb\",\"itemListElement\":[{\"@type\":\"ListItem\",\"position\":1,\"name\":\"Home\",\"item\":\"https:\/\/www.pacoteshyatt.com.br\/sao-paulo\/\"},{\"@type\":\"ListItem\",\"position\":2,\"name\":\"CITTADINO\"}]}]}<\/script>\n<!-- \/ Yoast SEO plugin. -->","yoast_head_json":{"title":"Cittadino Restaurante: Gastronomia Italiana - Grand Hyatt SP","description":"O Restaurante Cittadino no Grand Hyatt S\u00e3o Paulo, apresenta culin\u00e1ria italiana com massas artesanais frescas e uma experi\u00eancia sofisticada. Reserve agora!","robots":{"index":"index","follow":"follow","max-snippet":"max-snippet:-1","max-image-preview":"max-image-preview:large","max-video-preview":"max-video-preview:-1"},"canonical":"https:\/\/www.pacoteshyatt.com.br\/sao-paulo\/cittadino\/","og_locale":"pt_BR","og_type":"article","og_title":"Cittadino Restaurante: Gastronomia Italiana - Grand Hyatt SP","og_description":"O Restaurante Cittadino no Grand Hyatt S\u00e3o Paulo, apresenta culin\u00e1ria italiana com massas artesanais frescas e uma experi\u00eancia sofisticada. Reserve agora!","og_url":"https:\/\/www.pacoteshyatt.com.br\/sao-paulo\/cittadino\/","og_site_name":"GRAND HYATT S\u00c3O PAULO","article_modified_time":"2026-03-18T20:30:31+00:00","og_image":[{"width":1024,"height":1024,"url":"https:\/\/www.pacoteshyatt.com.br\/sao-paulo\/wp-content\/uploads\/sites\/3\/2025\/10\/2-1024x1024.png","type":"image\/png"}],"twitter_card":"summary_large_image","twitter_misc":{"Est. tempo de leitura":"1 minuto"},"schema":{"@context":"https:\/\/schema.org","@graph":[{"@type":"WebSite","@id":"https:\/\/www.pacoteshyatt.com.br\/sao-paulo\/#website","url":"https:\/\/www.pacoteshyatt.com.br\/sao-paulo\/","name":"GRAND HYATT S\u00c3O PAULO","description":"S\u00f3 mais um site Hot\u00e9is Grand Hyatt Rio de Janeiro e S\u00e3o Paulo sites","potentialAction":[{"@type":"SearchAction","target":{"@type":"EntryPoint","urlTemplate":"https:\/\/www.pacoteshyatt.com.br\/sao-paulo\/?s={search_term_string}"},"query-input":"required name=search_term_string"}],"inLanguage":"pt-BR"},{"@type":"ImageObject","@id":"https:\/\/www.pacoteshyatt.com.br\/sao-paulo\/cittadino\/#primaryimage","inLanguage":"pt-BR","url":"https:\/\/www.pacoteshyatt.com.br\/sao-paulo\/wp-content\/uploads\/sites\/3\/2025\/10\/2.png","contentUrl":"https:\/\/www.pacoteshyatt.com.br\/sao-paulo\/wp-content\/uploads\/sites\/3\/2025\/10\/2.png","width":1080,"height":1080,"caption":"Vista interior aconchegante do restaurante CittadinoGrand Hyatt S\u00e3o Paulo"},{"@type":"WebPage","@id":"https:\/\/www.pacoteshyatt.com.br\/sao-paulo\/cittadino\/#webpage","url":"https:\/\/www.pacoteshyatt.com.br\/sao-paulo\/cittadino\/","name":"Cittadino Restaurante: Gastronomia Italiana - Grand Hyatt SP","isPartOf":{"@id":"https:\/\/www.pacoteshyatt.com.br\/sao-paulo\/#website"},"primaryImageOfPage":{"@id":"https:\/\/www.pacoteshyatt.com.br\/sao-paulo\/cittadino\/#primaryimage"},"datePublished":"2020-12-01T16:35:51+00:00","dateModified":"2026-03-18T20:30:31+00:00","description":"O Restaurante Cittadino no Grand Hyatt S\u00e3o Paulo, apresenta culin\u00e1ria italiana com massas artesanais frescas e uma experi\u00eancia sofisticada. Reserve agora!","breadcrumb":{"@id":"https:\/\/www.pacoteshyatt.com.br\/sao-paulo\/cittadino\/#breadcrumb"},"inLanguage":"pt-BR","potentialAction":[{"@type":"ReadAction","target":["https:\/\/www.pacoteshyatt.com.br\/sao-paulo\/cittadino\/"]}]},{"@type":"BreadcrumbList","@id":"https:\/\/www.pacoteshyatt.com.br\/sao-paulo\/cittadino\/#breadcrumb","itemListElement":[{"@type":"ListItem","position":1,"name":"Home","item":"https:\/\/www.pacoteshyatt.com.br\/sao-paulo\/"},{"@type":"ListItem","position":2,"name":"CITTADINO"}]}]}},"_links":{"self":[{"href":"https:\/\/www.pacoteshyatt.com.br\/sao-paulo\/wp-json\/wp\/v2\/pages\/377"}],"collection":[{"href":"https:\/\/www.pacoteshyatt.com.br\/sao-paulo\/wp-json\/wp\/v2\/pages"}],"about":[{"href":"https:\/\/www.pacoteshyatt.com.br\/sao-paulo\/wp-json\/wp\/v2\/types\/page"}],"author":[{"embeddable":true,"href":"https:\/\/www.pacoteshyatt.com.br\/sao-paulo\/wp-json\/wp\/v2\/users\/1"}],"replies":[{"embeddable":true,"href":"https:\/\/www.pacoteshyatt.com.br\/sao-paulo\/wp-json\/wp\/v2\/comments?post=377"}],"version-history":[{"count":73,"href":"https:\/\/www.pacoteshyatt.com.br\/sao-paulo\/wp-json\/wp\/v2\/pages\/377\/revisions"}],"predecessor-version":[{"id":21479,"href":"https:\/\/www.pacoteshyatt.com.br\/sao-paulo\/wp-json\/wp\/v2\/pages\/377\/revisions\/21479"}],"wp:featuredmedia":[{"embeddable":true,"href":"https:\/\/www.pacoteshyatt.com.br\/sao-paulo\/wp-json\/wp\/v2\/media\/19117"}],"wp:attachment":[{"href":"https:\/\/www.pacoteshyatt.com.br\/sao-paulo\/wp-json\/wp\/v2\/media?parent=377"}],"curies":[{"name":"wp","href":"https:\/\/api.w.org\/{rel}","templated":true}]}}