{"id":5613,"date":"2022-03-22T19:19:37","date_gmt":"2022-03-22T22:19:37","guid":{"rendered":"https:\/\/www.pacoteshyatt.com.br\/sao-paulo\/?page_id=5613"},"modified":"2026-04-06T09:27:44","modified_gmt":"2026-04-06T12:27:44","slug":"pascoa","status":"publish","type":"page","link":"https:\/\/www.pacoteshyatt.com.br\/sao-paulo\/pascoa\/","title":{"rendered":"P\u00c1SCOA"},"content":{"rendered":"\n<div class=\"wp-container-69f222221f099 wp-block-group intro-content-home text-center\"><div class=\"wp-block-group__inner-container\"><div class=\"wp-bootstrap-blocks-container container mb-2\">\n\t\n<div class=\"wp-bootstrap-blocks-row row\">\n\t\n\n<div class=\"col-12 col-md-12 inner-intro-content\">\n\t\t\t\n\n<div class=\"wp-container-69f222221ebd7 wp-block-group inner-content\"><div class=\"wp-block-group__inner-container\">\n<h1>P\u00e1scoa no Grand Hyatt S\u00e3o Paulo   <\/h1>\n\n\n\n<p>Nossa programa\u00e7\u00e3o de <strong>P\u00e1scoa em S\u00e3o Paulo<\/strong> oferece divers\u00e3o e conforto garantidos para toda a fam\u00edlia!<\/p>\n\n\n\n<h2 class=\"gb-headline gb-headline-3a4c73c9 gb-headline-text\">Hospedagem de P\u00e1scoa<\/h2>\n\n\n\n<p>No Grand Hyatt S\u00e3o Paulo, a P\u00e1scoa \u00e9 celebrada como uma experi\u00eancia completa: o pacote de hospedagem combina conforto e bem-estar a um almo\u00e7o especial de P\u00e1scoa, atividades de recrea\u00e7\u00e3o para as crian\u00e7as e um mimo exclusivo Haoma, criado especialmente para a data. Em uma das localiza\u00e7\u00f5es mais privilegiadas da cidade, o hotel convida voc\u00ea e sua fam\u00edlia a viverem o feriado com tranquilidade, boa gastronomia e pequenos cuidados que transformam a estadia em um momento verdadeiramente memor\u00e1vel.<\/p>\n\n\n\n<h2 class=\"gb-headline gb-headline-c34ed4f9 gb-headline-text\">Ritual Facial de Cacau<\/h2>\n\n\n\n<p>Descubra o Ritual Facial de Cacau do Amanary Spa: 50 min de cuidado, aroma envolvente, m\u00e1scara de chocolate antioxidante e revitaliza\u00e7\u00e3o da pele..<\/p>\n\n\n<div class=\"gb-container gb-container-6249e292\">\n\n<div class=\"wp-container-69f222221e249 wp-block-buttons\"><\/div>\n\n<\/div>\n\n\n<h2 class=\"gb-headline gb-headline-8a70b530 gb-headline-text\">Almo\u00e7o de P\u00e1scoa<\/h2>\n\n\n\n<p>Celebre a P\u00e1scoa com um almo\u00e7o tradicional no Cittadino no domingo, 5 de abril, das 13h \u00e0s 16h, com pratos t\u00edpicos preparados para a data. O ambiente \u00e9 perfeito para fam\u00edlias, com atra\u00e7\u00f5es especiais para as crian\u00e7as e uma sele\u00e7\u00e3o de pratos para todos os gostos. Para completar, uma mesa de sobremesas tem\u00e1ticas com chocolates e doces exclusivos ado\u00e7a a ocasi\u00e3o.<\/p>\n\n\n\n<div class=\"wp-container-69f222221e7ec wp-block-buttons\"><\/div>\n\n\n\n<p>Venha aproveitar momentos inesquec\u00edveis com atividades, comidas, bebidas e sobremesas incr\u00edveis!<\/p>\n<\/div><\/div>\n\n\t<\/div>\n\n<\/div>\n\n<\/div>\n<\/div><\/div>\n\n\n\n<div class=\"wp-container-69f22222247ad wp-block-group\"><div class=\"wp-block-group__inner-container\">        <div class=\"destaques-section d-md-block\">\n            <div class=\"container\">\n                <div class=\"row\">\n                    <div class=\"inner-destaques-col col-12\">\n                        <div class=\"all-section-title\">\n                            <h2>Grand P\u00e1scoa<\/h2>\n                        <\/div>\n                                                    <div class=\"products row\">\n                                                                      <div class=\"col-lg-3 col-12\">\n                                           <div>\n                                               <a href=\"https:\/\/www.pacoteshyatt.com.br\/sao-paulo\/product\/ritual-facial-de-cacau\/\" class=\"woocommerce-LoopProduct-link woocommerce-loop-product__link\"><img class=\"catalog-image\" src=\"https:\/\/www.pacoteshyatt.com.br\/sao-paulo\/wp-content\/uploads\/sites\/3\/2026\/03\/GHSP_AmanaryPascoa_Banner_308x200px_v02A-1.png\"\/><\/a>                                               <div class=\"product-details\">\n                                                   <a href=\"https:\/\/www.pacoteshyatt.com.br\/sao-paulo\/product\/ritual-facial-de-cacau\/\" class=\"woocommerce-LoopProduct-link woocommerce-loop-product__link\"><h2 class=\"woocommerce-loop-product__title\">RITUAL FACIAL DE CACAU &#8211; ESPECIAL DE P\u00c1SCOA<\/h2><\/a>                                               <\/div>\n                                           <\/div>\n                                           <div>\n                                               <div class=\"product-details mb-4\">\n                                                   \n<div class=\"price\"><span class=\"part\">&nbsp;<\/span><strong class=\"price\">&#82;&#36; 625,00<\/strong><\/div>\n<div class=\"d-flex justify-content-between align-items-center mb-2 mr-3\">\n<a href=\"https:\/\/www.pacoteshyatt.com.br\/sao-paulo\/product\/ritual-facial-de-cacau\/\" class=\"btn button product_type_simple add_to_cart_button ajax_add_to_cart\" >Saiba Mais<\/a><span class=\"cart-icon pr-2\"><a href=\"?add-to-cart=21372\" data-quantity=\"1\" class=\"button product_type_simple add_to_cart_button ajax_add_to_cart\" data-product_id=\"21372\" data-product_sku=\"\" aria-label=\"Adicionar &ldquo;RITUAL FACIAL DE CACAU - ESPECIAL DE P\u00c1SCOA&rdquo; no seu carrinho\" rel=\"nofollow\"><\/a><\/span><\/div>\n                                               <\/div>\n                                           <\/div>\n                                       <\/div>\n                                                          <\/div>\n                                            <\/div>\n                <\/div>\n            <\/div>\n        <\/div>\n                       \n        <\/div><\/div>\n","protected":false},"excerpt":{"rendered":"","protected":false},"author":8,"featured_media":21463,"parent":0,"menu_order":0,"comment_status":"closed","ping_status":"closed","template":"","meta":{"_eb_attr":""},"yoast_head":"<!-- This site is optimized with the Yoast SEO plugin v18.4.1 - https:\/\/yoast.com\/wordpress\/plugins\/seo\/ -->\n<title>Programa\u00e7\u00e3o de P\u00e1scoa Especial - Grand Hyatt S\u00e3o Paulo<\/title>\n<meta name=\"description\" content=\"Venha conhecer toda a programa\u00e7\u00e3o do Grand Haytt S\u00e3o Paulo para a P\u00e1scoa. Saiba o que haver\u00e1 de melhor da p\u00e1scoa no hotel mais sofisticado da cidade. Acesse:\" \/>\n<meta name=\"robots\" content=\"index, follow, max-snippet:-1, max-image-preview:large, max-video-preview:-1\" \/>\n<link rel=\"canonical\" href=\"https:\/\/www.pacoteshyatt.com.br\/sao-paulo\/pascoa\/\" \/>\n<meta property=\"og:locale\" content=\"pt_BR\" \/>\n<meta property=\"og:type\" content=\"article\" \/>\n<meta property=\"og:title\" content=\"Programa\u00e7\u00e3o de P\u00e1scoa Especial - Grand Hyatt S\u00e3o Paulo\" \/>\n<meta property=\"og:description\" content=\"Venha conhecer toda a programa\u00e7\u00e3o do Grand Haytt S\u00e3o Paulo para a P\u00e1scoa. Saiba o que haver\u00e1 de melhor da p\u00e1scoa no hotel mais sofisticado da cidade. Acesse:\" \/>\n<meta property=\"og:url\" content=\"https:\/\/www.pacoteshyatt.com.br\/sao-paulo\/pascoa\/\" \/>\n<meta property=\"og:site_name\" content=\"GRAND HYATT S\u00c3O PAULO\" \/>\n<meta property=\"article:modified_time\" content=\"2026-04-06T12:27:44+00:00\" \/>\n<meta property=\"og:image\" content=\"https:\/\/www.pacoteshyatt.com.br\/sao-paulo\/wp-content\/uploads\/sites\/3\/2026\/03\/GHSP_LPPascoa_BannerMobile_425x425px_v2-2.png\" \/>\n\t<meta property=\"og:image:width\" content=\"425\" \/>\n\t<meta property=\"og:image:height\" content=\"425\" \/>\n\t<meta property=\"og:image:type\" content=\"image\/png\" \/>\n<meta name=\"twitter:card\" content=\"summary_large_image\" \/>\n<meta name=\"twitter:label1\" content=\"Est. tempo de leitura\" \/>\n\t<meta name=\"twitter:data1\" content=\"2 minutos\" \/>\n<script type=\"application\/ld+json\" class=\"yoast-schema-graph\">{\"@context\":\"https:\/\/schema.org\",\"@graph\":[{\"@type\":\"WebSite\",\"@id\":\"https:\/\/www.pacoteshyatt.com.br\/sao-paulo\/#website\",\"url\":\"https:\/\/www.pacoteshyatt.com.br\/sao-paulo\/\",\"name\":\"GRAND HYATT S\u00c3O PAULO\",\"description\":\"S\u00f3 mais um site Hot\u00e9is Grand Hyatt Rio de Janeiro e S\u00e3o Paulo sites\",\"potentialAction\":[{\"@type\":\"SearchAction\",\"target\":{\"@type\":\"EntryPoint\",\"urlTemplate\":\"https:\/\/www.pacoteshyatt.com.br\/sao-paulo\/?s={search_term_string}\"},\"query-input\":\"required name=search_term_string\"}],\"inLanguage\":\"pt-BR\"},{\"@type\":\"ImageObject\",\"@id\":\"https:\/\/www.pacoteshyatt.com.br\/sao-paulo\/pascoa\/#primaryimage\",\"inLanguage\":\"pt-BR\",\"url\":\"https:\/\/www.pacoteshyatt.com.br\/sao-paulo\/wp-content\/uploads\/sites\/3\/2026\/03\/GHSP_LPPascoa_BannerMobile_425x425px_v2-2.png\",\"contentUrl\":\"https:\/\/www.pacoteshyatt.com.br\/sao-paulo\/wp-content\/uploads\/sites\/3\/2026\/03\/GHSP_LPPascoa_BannerMobile_425x425px_v2-2.png\",\"width\":425,\"height\":425},{\"@type\":\"WebPage\",\"@id\":\"https:\/\/www.pacoteshyatt.com.br\/sao-paulo\/pascoa\/#webpage\",\"url\":\"https:\/\/www.pacoteshyatt.com.br\/sao-paulo\/pascoa\/\",\"name\":\"Programa\u00e7\u00e3o de P\u00e1scoa Especial - Grand Hyatt S\u00e3o Paulo\",\"isPartOf\":{\"@id\":\"https:\/\/www.pacoteshyatt.com.br\/sao-paulo\/#website\"},\"primaryImageOfPage\":{\"@id\":\"https:\/\/www.pacoteshyatt.com.br\/sao-paulo\/pascoa\/#primaryimage\"},\"datePublished\":\"2022-03-22T22:19:37+00:00\",\"dateModified\":\"2026-04-06T12:27:44+00:00\",\"description\":\"Venha conhecer toda a programa\u00e7\u00e3o do Grand Haytt S\u00e3o Paulo para a P\u00e1scoa. Saiba o que haver\u00e1 de melhor da p\u00e1scoa no hotel mais sofisticado da cidade. Acesse:\",\"breadcrumb\":{\"@id\":\"https:\/\/www.pacoteshyatt.com.br\/sao-paulo\/pascoa\/#breadcrumb\"},\"inLanguage\":\"pt-BR\",\"potentialAction\":[{\"@type\":\"ReadAction\",\"target\":[\"https:\/\/www.pacoteshyatt.com.br\/sao-paulo\/pascoa\/\"]}]},{\"@type\":\"BreadcrumbList\",\"@id\":\"https:\/\/www.pacoteshyatt.com.br\/sao-paulo\/pascoa\/#breadcrumb\",\"itemListElement\":[{\"@type\":\"ListItem\",\"position\":1,\"name\":\"Home\",\"item\":\"https:\/\/www.pacoteshyatt.com.br\/sao-paulo\/\"},{\"@type\":\"ListItem\",\"position\":2,\"name\":\"P\u00c1SCOA\"}]}]}<\/script>\n<!-- \/ Yoast SEO plugin. -->","yoast_head_json":{"title":"Programa\u00e7\u00e3o de P\u00e1scoa Especial - Grand Hyatt S\u00e3o Paulo","description":"Venha conhecer toda a programa\u00e7\u00e3o do Grand Haytt S\u00e3o Paulo para a P\u00e1scoa. Saiba o que haver\u00e1 de melhor da p\u00e1scoa no hotel mais sofisticado da cidade. Acesse:","robots":{"index":"index","follow":"follow","max-snippet":"max-snippet:-1","max-image-preview":"max-image-preview:large","max-video-preview":"max-video-preview:-1"},"canonical":"https:\/\/www.pacoteshyatt.com.br\/sao-paulo\/pascoa\/","og_locale":"pt_BR","og_type":"article","og_title":"Programa\u00e7\u00e3o de P\u00e1scoa Especial - Grand Hyatt S\u00e3o Paulo","og_description":"Venha conhecer toda a programa\u00e7\u00e3o do Grand Haytt S\u00e3o Paulo para a P\u00e1scoa. Saiba o que haver\u00e1 de melhor da p\u00e1scoa no hotel mais sofisticado da cidade. Acesse:","og_url":"https:\/\/www.pacoteshyatt.com.br\/sao-paulo\/pascoa\/","og_site_name":"GRAND HYATT S\u00c3O PAULO","article_modified_time":"2026-04-06T12:27:44+00:00","og_image":[{"width":425,"height":425,"url":"https:\/\/www.pacoteshyatt.com.br\/sao-paulo\/wp-content\/uploads\/sites\/3\/2026\/03\/GHSP_LPPascoa_BannerMobile_425x425px_v2-2.png","type":"image\/png"}],"twitter_card":"summary_large_image","twitter_misc":{"Est. tempo de leitura":"2 minutos"},"schema":{"@context":"https:\/\/schema.org","@graph":[{"@type":"WebSite","@id":"https:\/\/www.pacoteshyatt.com.br\/sao-paulo\/#website","url":"https:\/\/www.pacoteshyatt.com.br\/sao-paulo\/","name":"GRAND HYATT S\u00c3O PAULO","description":"S\u00f3 mais um site Hot\u00e9is Grand Hyatt Rio de Janeiro e S\u00e3o Paulo sites","potentialAction":[{"@type":"SearchAction","target":{"@type":"EntryPoint","urlTemplate":"https:\/\/www.pacoteshyatt.com.br\/sao-paulo\/?s={search_term_string}"},"query-input":"required name=search_term_string"}],"inLanguage":"pt-BR"},{"@type":"ImageObject","@id":"https:\/\/www.pacoteshyatt.com.br\/sao-paulo\/pascoa\/#primaryimage","inLanguage":"pt-BR","url":"https:\/\/www.pacoteshyatt.com.br\/sao-paulo\/wp-content\/uploads\/sites\/3\/2026\/03\/GHSP_LPPascoa_BannerMobile_425x425px_v2-2.png","contentUrl":"https:\/\/www.pacoteshyatt.com.br\/sao-paulo\/wp-content\/uploads\/sites\/3\/2026\/03\/GHSP_LPPascoa_BannerMobile_425x425px_v2-2.png","width":425,"height":425},{"@type":"WebPage","@id":"https:\/\/www.pacoteshyatt.com.br\/sao-paulo\/pascoa\/#webpage","url":"https:\/\/www.pacoteshyatt.com.br\/sao-paulo\/pascoa\/","name":"Programa\u00e7\u00e3o de P\u00e1scoa Especial - Grand Hyatt S\u00e3o Paulo","isPartOf":{"@id":"https:\/\/www.pacoteshyatt.com.br\/sao-paulo\/#website"},"primaryImageOfPage":{"@id":"https:\/\/www.pacoteshyatt.com.br\/sao-paulo\/pascoa\/#primaryimage"},"datePublished":"2022-03-22T22:19:37+00:00","dateModified":"2026-04-06T12:27:44+00:00","description":"Venha conhecer toda a programa\u00e7\u00e3o do Grand Haytt S\u00e3o Paulo para a P\u00e1scoa. Saiba o que haver\u00e1 de melhor da p\u00e1scoa no hotel mais sofisticado da cidade. Acesse:","breadcrumb":{"@id":"https:\/\/www.pacoteshyatt.com.br\/sao-paulo\/pascoa\/#breadcrumb"},"inLanguage":"pt-BR","potentialAction":[{"@type":"ReadAction","target":["https:\/\/www.pacoteshyatt.com.br\/sao-paulo\/pascoa\/"]}]},{"@type":"BreadcrumbList","@id":"https:\/\/www.pacoteshyatt.com.br\/sao-paulo\/pascoa\/#breadcrumb","itemListElement":[{"@type":"ListItem","position":1,"name":"Home","item":"https:\/\/www.pacoteshyatt.com.br\/sao-paulo\/"},{"@type":"ListItem","position":2,"name":"P\u00c1SCOA"}]}]}},"_links":{"self":[{"href":"https:\/\/www.pacoteshyatt.com.br\/sao-paulo\/wp-json\/wp\/v2\/pages\/5613"}],"collection":[{"href":"https:\/\/www.pacoteshyatt.com.br\/sao-paulo\/wp-json\/wp\/v2\/pages"}],"about":[{"href":"https:\/\/www.pacoteshyatt.com.br\/sao-paulo\/wp-json\/wp\/v2\/types\/page"}],"author":[{"embeddable":true,"href":"https:\/\/www.pacoteshyatt.com.br\/sao-paulo\/wp-json\/wp\/v2\/users\/8"}],"replies":[{"embeddable":true,"href":"https:\/\/www.pacoteshyatt.com.br\/sao-paulo\/wp-json\/wp\/v2\/comments?post=5613"}],"version-history":[{"count":52,"href":"https:\/\/www.pacoteshyatt.com.br\/sao-paulo\/wp-json\/wp\/v2\/pages\/5613\/revisions"}],"predecessor-version":[{"id":21469,"href":"https:\/\/www.pacoteshyatt.com.br\/sao-paulo\/wp-json\/wp\/v2\/pages\/5613\/revisions\/21469"}],"wp:featuredmedia":[{"embeddable":true,"href":"https:\/\/www.pacoteshyatt.com.br\/sao-paulo\/wp-json\/wp\/v2\/media\/21463"}],"wp:attachment":[{"href":"https:\/\/www.pacoteshyatt.com.br\/sao-paulo\/wp-json\/wp\/v2\/media?parent=5613"}],"curies":[{"name":"wp","href":"https:\/\/api.w.org\/{rel}","templated":true}]}}