{"id":114,"date":"2020-10-05T13:15:36","date_gmt":"2020-10-05T16:15:36","guid":{"rendered":"https:\/\/www.pacoteshyatt.com.br\/sao-paulo\/?post_type=product&#038;p=114"},"modified":"2026-04-16T12:30:18","modified_gmt":"2026-04-16T15:30:18","slug":"day-spa-seducao","status":"publish","type":"product","link":"https:\/\/www.pacoteshyatt.com.br\/sao-paulo\/product\/day-spa-seducao\/","title":{"rendered":"DAY SPA SEDU\u00c7\u00c3O"},"content":{"rendered":"<p>Day Spa Sedu\u00e7\u00e3o: Uma Experi\u00eancia a Dois em um Spa 5 Estrelas<\/p>\n<p>Surpreenda quem voc\u00ea ama com uma experi\u00eancia inesquec\u00edvel de <strong>bem-estar e romantismo<\/strong> em um dos <strong>primeiros spas 5 estrelas<\/strong> do Brasil. O <strong>Day Spa Sedu\u00e7\u00e3o para Casais<\/strong> oferece momentos de pura conex\u00e3o e relaxamento em um ambiente exclusivo e acolhedor, ideal para celebrar ocasi\u00f5es especiais ou simplesmente aproveitar um tempo de qualidade juntos.<\/p>\n<p>Desfrute de tratamentos que proporcionam <strong>relaxamento profundo<\/strong> e uma renova\u00e7\u00e3o completa, preparados cuidadosamente para garantir uma experi\u00eancia \u00fanica e inesquec\u00edvel:<\/p>\n<p><strong>Escalda-p\u00e9s Relaxante:<\/strong> Inicie sua jornada com um <strong>banho revitalizante para os p\u00e9s<\/strong>, perfeito para <strong>aliviar tens\u00f5es<\/strong> e relaxar profundamente.<\/p>\n<p><strong>Reflexologia:<\/strong> T\u00e9cnica milenar que estimula pontos reflexos nos p\u00e9s, promovendo <strong>equil\u00edbrio<\/strong> e <strong>bem-estar<\/strong> em todo o corpo. Perfeita para aliviar o stress e harmonizar as energias.<\/p>\n<p><strong>Esfolia\u00e7\u00e3o Corporal Amanary:<\/strong> Revitalize sua pele com uma esfolia\u00e7\u00e3o suave, que remove as c\u00e9lulas mortas e deixa a <strong>pele macia, renovada e luminosa.<\/strong><\/p>\n<p><strong>Candle Massage:<\/strong> Experimente o toque sensual e acolhedor da <strong>massagem com velas<\/strong>, que combina o calor relaxante com \u00f3leos nutritivos, proporcionando uma sensa\u00e7\u00e3o de <strong>profundo relaxamento e conex\u00e3o.<\/strong><\/p>\n<p><strong>Brinde com Espumante:<\/strong> Celebre o momento com uma ta\u00e7a de espumante, ideal para finalizar a experi\u00eancia de forma rom\u00e2ntica e memor\u00e1vel.<\/p>\n<p>Com <strong>2 horas e 20 minutos de dura\u00e7\u00e3o<\/strong>, o <strong>Day Spa Sedu\u00e7\u00e3o <\/strong>acontece em uma sala privativa especialmente preparada para casais, oferecendo um ambiente perfeito para <strong>relaxar e renovar la\u00e7os<\/strong>.<\/p>\n<p>Agende j\u00e1 e viva momentos de pura indulg\u00eancia e romantismo ao lado de quem voc\u00ea ama.<\/p>\n<p>&nbsp;<\/p>\n<p><strong>Este voucher inclui o Day Spa Sedu\u00e7\u00e3o para duas pessoas e day use todos os dias: acesso \u00e0 sauna seca, Fitness Center, piscinas interna climatizada e externa, e 3h de estacionamento com manobrista.<\/strong><\/p>\n","protected":false},"excerpt":{"rendered":"<p>Day Spa Sedu\u00e7\u00e3o: Uma Experi\u00eancia a Dois em um Spa 5 Estrelas Surpreenda quem voc\u00ea ama com uma experi\u00eancia inesquec\u00edvel de bem-estar e romantismo em um dos primeiros spas 5 estrelas do Brasil. O Day Spa Sedu\u00e7\u00e3o para Casais oferece momentos de pura conex\u00e3o e relaxamento em um ambiente exclusivo e acolhedor, ideal para celebrar [&hellip;]<\/p>\n","protected":false},"featured_media":20566,"comment_status":"open","ping_status":"closed","template":"","meta":{"_eb_attr":""},"product_cat":[70,20,21],"product_tag":[],"yoast_head":"<!-- This site is optimized with the Yoast SEO plugin v18.4.1 - https:\/\/yoast.com\/wordpress\/plugins\/seo\/ -->\n<title>Day Spa Sedu\u00e7\u00e3o - Pacotes Hyatt S\u00e3o Paulo<\/title>\n<meta name=\"description\" content=\"O Day Spa Sedu\u00e7\u00e3o reconectar\u00e1 voc\u00eas! Reflexologia, esfolia\u00e7\u00e3o corporal com Amanary e Candle Massagem em casal. Desfrute desse momento \u00e0 dois. Vouchers aqui:\" \/>\n<meta name=\"robots\" content=\"index, follow, max-snippet:-1, max-image-preview:large, max-video-preview:-1\" \/>\n<link rel=\"canonical\" href=\"https:\/\/www.pacoteshyatt.com.br\/sao-paulo\/product\/day-spa-seducao\/\" \/>\n<meta property=\"og:locale\" content=\"pt_BR\" \/>\n<meta property=\"og:type\" content=\"article\" \/>\n<meta property=\"og:title\" content=\"Day Spa Sedu\u00e7\u00e3o - Pacotes Hyatt S\u00e3o Paulo\" \/>\n<meta property=\"og:description\" content=\"O Day Spa Sedu\u00e7\u00e3o reconectar\u00e1 voc\u00eas! Reflexologia, esfolia\u00e7\u00e3o corporal com Amanary e Candle Massagem em casal. Desfrute desse momento \u00e0 dois. Vouchers aqui:\" \/>\n<meta property=\"og:url\" content=\"https:\/\/www.pacoteshyatt.com.br\/sao-paulo\/product\/day-spa-seducao\/\" \/>\n<meta property=\"og:site_name\" content=\"GRAND HYATT S\u00c3O PAULO\" \/>\n<meta property=\"article:modified_time\" content=\"2026-04-16T15:30:18+00:00\" \/>\n<meta property=\"og:image\" content=\"https:\/\/www.pacoteshyatt.com.br\/sao-paulo\/wp-content\/uploads\/sites\/3\/2020\/10\/GHSP_DaySpaSeducao_BannerDestaques_308x200px_v1.png\" \/>\n\t<meta property=\"og:image:width\" content=\"308\" \/>\n\t<meta property=\"og:image:height\" content=\"200\" \/>\n\t<meta property=\"og:image:type\" content=\"image\/png\" \/>\n<meta name=\"twitter:card\" content=\"summary_large_image\" \/>\n<meta name=\"twitter:label1\" content=\"Est. tempo de leitura\" \/>\n\t<meta name=\"twitter:data1\" content=\"1 minuto\" \/>\n<script type=\"application\/ld+json\" class=\"yoast-schema-graph\">{\"@context\":\"https:\/\/schema.org\",\"@graph\":[{\"@type\":\"WebSite\",\"@id\":\"https:\/\/www.pacoteshyatt.com.br\/sao-paulo\/#website\",\"url\":\"https:\/\/www.pacoteshyatt.com.br\/sao-paulo\/\",\"name\":\"GRAND HYATT S\u00c3O PAULO\",\"description\":\"S\u00f3 mais um site Hot\u00e9is Grand Hyatt Rio de Janeiro e S\u00e3o Paulo sites\",\"potentialAction\":[{\"@type\":\"SearchAction\",\"target\":{\"@type\":\"EntryPoint\",\"urlTemplate\":\"https:\/\/www.pacoteshyatt.com.br\/sao-paulo\/?s={search_term_string}\"},\"query-input\":\"required name=search_term_string\"}],\"inLanguage\":\"pt-BR\"},{\"@type\":\"ImageObject\",\"@id\":\"https:\/\/www.pacoteshyatt.com.br\/sao-paulo\/product\/day-spa-seducao\/#primaryimage\",\"inLanguage\":\"pt-BR\",\"url\":\"https:\/\/www.pacoteshyatt.com.br\/sao-paulo\/wp-content\/uploads\/sites\/3\/2020\/10\/GHSP_DaySpaSeducao_BannerDestaques_308x200px_v1.png\",\"contentUrl\":\"https:\/\/www.pacoteshyatt.com.br\/sao-paulo\/wp-content\/uploads\/sites\/3\/2020\/10\/GHSP_DaySpaSeducao_BannerDestaques_308x200px_v1.png\",\"width\":308,\"height\":200},{\"@type\":\"WebPage\",\"@id\":\"https:\/\/www.pacoteshyatt.com.br\/sao-paulo\/product\/day-spa-seducao\/#webpage\",\"url\":\"https:\/\/www.pacoteshyatt.com.br\/sao-paulo\/product\/day-spa-seducao\/\",\"name\":\"Day Spa Sedu\u00e7\u00e3o - Pacotes Hyatt S\u00e3o Paulo\",\"isPartOf\":{\"@id\":\"https:\/\/www.pacoteshyatt.com.br\/sao-paulo\/#website\"},\"primaryImageOfPage\":{\"@id\":\"https:\/\/www.pacoteshyatt.com.br\/sao-paulo\/product\/day-spa-seducao\/#primaryimage\"},\"datePublished\":\"2020-10-05T16:15:36+00:00\",\"dateModified\":\"2026-04-16T15:30:18+00:00\",\"description\":\"O Day Spa Sedu\u00e7\u00e3o reconectar\u00e1 voc\u00eas! Reflexologia, esfolia\u00e7\u00e3o corporal com Amanary e Candle Massagem em casal. Desfrute desse momento \u00e0 dois. Vouchers aqui:\",\"breadcrumb\":{\"@id\":\"https:\/\/www.pacoteshyatt.com.br\/sao-paulo\/product\/day-spa-seducao\/#breadcrumb\"},\"inLanguage\":\"pt-BR\",\"potentialAction\":[{\"@type\":\"ReadAction\",\"target\":[\"https:\/\/www.pacoteshyatt.com.br\/sao-paulo\/product\/day-spa-seducao\/\"]}]},{\"@type\":\"BreadcrumbList\",\"@id\":\"https:\/\/www.pacoteshyatt.com.br\/sao-paulo\/product\/day-spa-seducao\/#breadcrumb\",\"itemListElement\":[{\"@type\":\"ListItem\",\"position\":1,\"name\":\"Home\",\"item\":\"https:\/\/www.pacoteshyatt.com.br\/sao-paulo\/\"},{\"@type\":\"ListItem\",\"position\":2,\"name\":\"Shop\",\"item\":\"https:\/\/www.pacoteshyatt.com.br\/sao-paulo\/shop\/\"},{\"@type\":\"ListItem\",\"position\":3,\"name\":\"DAY SPA SEDU\u00c7\u00c3O\"}]}]}<\/script>\n<!-- \/ Yoast SEO plugin. -->","yoast_head_json":{"title":"Day Spa Sedu\u00e7\u00e3o - Pacotes Hyatt S\u00e3o Paulo","description":"O Day Spa Sedu\u00e7\u00e3o reconectar\u00e1 voc\u00eas! Reflexologia, esfolia\u00e7\u00e3o corporal com Amanary e Candle Massagem em casal. Desfrute desse momento \u00e0 dois. Vouchers aqui:","robots":{"index":"index","follow":"follow","max-snippet":"max-snippet:-1","max-image-preview":"max-image-preview:large","max-video-preview":"max-video-preview:-1"},"canonical":"https:\/\/www.pacoteshyatt.com.br\/sao-paulo\/product\/day-spa-seducao\/","og_locale":"pt_BR","og_type":"article","og_title":"Day Spa Sedu\u00e7\u00e3o - Pacotes Hyatt S\u00e3o Paulo","og_description":"O Day Spa Sedu\u00e7\u00e3o reconectar\u00e1 voc\u00eas! Reflexologia, esfolia\u00e7\u00e3o corporal com Amanary e Candle Massagem em casal. Desfrute desse momento \u00e0 dois. Vouchers aqui:","og_url":"https:\/\/www.pacoteshyatt.com.br\/sao-paulo\/product\/day-spa-seducao\/","og_site_name":"GRAND HYATT S\u00c3O PAULO","article_modified_time":"2026-04-16T15:30:18+00:00","og_image":[{"width":308,"height":200,"url":"https:\/\/www.pacoteshyatt.com.br\/sao-paulo\/wp-content\/uploads\/sites\/3\/2020\/10\/GHSP_DaySpaSeducao_BannerDestaques_308x200px_v1.png","type":"image\/png"}],"twitter_card":"summary_large_image","twitter_misc":{"Est. tempo de leitura":"1 minuto"},"schema":{"@context":"https:\/\/schema.org","@graph":[{"@type":"WebSite","@id":"https:\/\/www.pacoteshyatt.com.br\/sao-paulo\/#website","url":"https:\/\/www.pacoteshyatt.com.br\/sao-paulo\/","name":"GRAND HYATT S\u00c3O PAULO","description":"S\u00f3 mais um site Hot\u00e9is Grand Hyatt Rio de Janeiro e S\u00e3o Paulo sites","potentialAction":[{"@type":"SearchAction","target":{"@type":"EntryPoint","urlTemplate":"https:\/\/www.pacoteshyatt.com.br\/sao-paulo\/?s={search_term_string}"},"query-input":"required name=search_term_string"}],"inLanguage":"pt-BR"},{"@type":"ImageObject","@id":"https:\/\/www.pacoteshyatt.com.br\/sao-paulo\/product\/day-spa-seducao\/#primaryimage","inLanguage":"pt-BR","url":"https:\/\/www.pacoteshyatt.com.br\/sao-paulo\/wp-content\/uploads\/sites\/3\/2020\/10\/GHSP_DaySpaSeducao_BannerDestaques_308x200px_v1.png","contentUrl":"https:\/\/www.pacoteshyatt.com.br\/sao-paulo\/wp-content\/uploads\/sites\/3\/2020\/10\/GHSP_DaySpaSeducao_BannerDestaques_308x200px_v1.png","width":308,"height":200},{"@type":"WebPage","@id":"https:\/\/www.pacoteshyatt.com.br\/sao-paulo\/product\/day-spa-seducao\/#webpage","url":"https:\/\/www.pacoteshyatt.com.br\/sao-paulo\/product\/day-spa-seducao\/","name":"Day Spa Sedu\u00e7\u00e3o - Pacotes Hyatt S\u00e3o Paulo","isPartOf":{"@id":"https:\/\/www.pacoteshyatt.com.br\/sao-paulo\/#website"},"primaryImageOfPage":{"@id":"https:\/\/www.pacoteshyatt.com.br\/sao-paulo\/product\/day-spa-seducao\/#primaryimage"},"datePublished":"2020-10-05T16:15:36+00:00","dateModified":"2026-04-16T15:30:18+00:00","description":"O Day Spa Sedu\u00e7\u00e3o reconectar\u00e1 voc\u00eas! Reflexologia, esfolia\u00e7\u00e3o corporal com Amanary e Candle Massagem em casal. Desfrute desse momento \u00e0 dois. Vouchers aqui:","breadcrumb":{"@id":"https:\/\/www.pacoteshyatt.com.br\/sao-paulo\/product\/day-spa-seducao\/#breadcrumb"},"inLanguage":"pt-BR","potentialAction":[{"@type":"ReadAction","target":["https:\/\/www.pacoteshyatt.com.br\/sao-paulo\/product\/day-spa-seducao\/"]}]},{"@type":"BreadcrumbList","@id":"https:\/\/www.pacoteshyatt.com.br\/sao-paulo\/product\/day-spa-seducao\/#breadcrumb","itemListElement":[{"@type":"ListItem","position":1,"name":"Home","item":"https:\/\/www.pacoteshyatt.com.br\/sao-paulo\/"},{"@type":"ListItem","position":2,"name":"Shop","item":"https:\/\/www.pacoteshyatt.com.br\/sao-paulo\/shop\/"},{"@type":"ListItem","position":3,"name":"DAY SPA SEDU\u00c7\u00c3O"}]}]}},"_links":{"self":[{"href":"https:\/\/www.pacoteshyatt.com.br\/sao-paulo\/wp-json\/wp\/v2\/product\/114"}],"collection":[{"href":"https:\/\/www.pacoteshyatt.com.br\/sao-paulo\/wp-json\/wp\/v2\/product"}],"about":[{"href":"https:\/\/www.pacoteshyatt.com.br\/sao-paulo\/wp-json\/wp\/v2\/types\/product"}],"replies":[{"embeddable":true,"href":"https:\/\/www.pacoteshyatt.com.br\/sao-paulo\/wp-json\/wp\/v2\/comments?post=114"}],"wp:featuredmedia":[{"embeddable":true,"href":"https:\/\/www.pacoteshyatt.com.br\/sao-paulo\/wp-json\/wp\/v2\/media\/20566"}],"wp:attachment":[{"href":"https:\/\/www.pacoteshyatt.com.br\/sao-paulo\/wp-json\/wp\/v2\/media?parent=114"}],"wp:term":[{"taxonomy":"product_cat","embeddable":true,"href":"https:\/\/www.pacoteshyatt.com.br\/sao-paulo\/wp-json\/wp\/v2\/product_cat?post=114"},{"taxonomy":"product_tag","embeddable":true,"href":"https:\/\/www.pacoteshyatt.com.br\/sao-paulo\/wp-json\/wp\/v2\/product_tag?post=114"}],"curies":[{"name":"wp","href":"https:\/\/api.w.org\/{rel}","templated":true}]}}