{"id":11519,"date":"2024-01-08T17:51:56","date_gmt":"2024-01-08T20:51:56","guid":{"rendered":"https:\/\/www.pacoteshyatt.com.br\/sao-paulo\/?post_type=product&#038;p=11519"},"modified":"2024-05-09T15:36:03","modified_gmt":"2024-05-09T18:36:03","slug":"summer-weekend","status":"publish","type":"product","link":"https:\/\/www.pacoteshyatt.com.br\/sao-paulo\/product\/summer-weekend\/","title":{"rendered":"SUMMER WEEKEND"},"content":{"rendered":"<p>Experi\u00eancia temporariamente indispon\u00edvel!<\/p>\n<p>Lamentamos informar que, no momento, o Summer Weekend est\u00e1 temporariamente indispon\u00edvel para compra. Mas n\u00e3o se preocupe, estamos trabalhando para trazer uma experi\u00eancia renovada e ainda mais incr\u00edvel para voc\u00ea.<\/p>\n<p>Hospede-se agora com 17% OFF na tarifa membros do programa de fidelidade World of Hyatt.<\/p>\n<p>Fique de olho em nossas redes sociais para saber mais!<\/p>\n","protected":false},"excerpt":{"rendered":"<p>Experi\u00eancia temporariamente indispon\u00edvel! Lamentamos informar que, no momento, o Summer Weekend est\u00e1 temporariamente indispon\u00edvel para compra. Mas n\u00e3o se preocupe, estamos trabalhando para trazer uma experi\u00eancia renovada e ainda mais incr\u00edvel para voc\u00ea. Hospede-se agora com 17% OFF na tarifa membros do programa de fidelidade World of Hyatt. Fique de olho em nossas redes sociais [&hellip;]<\/p>\n","protected":false},"featured_media":11539,"comment_status":"open","ping_status":"closed","template":"","meta":{"_eb_attr":""},"product_cat":[15],"product_tag":[],"yoast_head":"<!-- This site is optimized with the Yoast SEO plugin v18.4.1 - https:\/\/yoast.com\/wordpress\/plugins\/seo\/ -->\n<title>Pacotes de Hospedagem Summer Wenked - Grand Hyatt S\u00e3o Paulo<\/title>\n<meta name=\"description\" content=\"Viva o ver\u00e3o com luxo e exclusividade! Descubra o Pacote Summer Weekend no Grand Hyatt SP: late check-out, Sunday Brunch refinado e muito mais! Acesse:\" \/>\n<meta name=\"robots\" content=\"index, follow, max-snippet:-1, max-image-preview:large, max-video-preview:-1\" \/>\n<link rel=\"canonical\" href=\"https:\/\/www.pacoteshyatt.com.br\/sao-paulo\/product\/summer-weekend\/\" \/>\n<meta property=\"og:locale\" content=\"pt_BR\" \/>\n<meta property=\"og:type\" content=\"article\" \/>\n<meta property=\"og:title\" content=\"Pacotes de Hospedagem Summer Wenked - Grand Hyatt S\u00e3o Paulo\" \/>\n<meta property=\"og:description\" content=\"Viva o ver\u00e3o com luxo e exclusividade! Descubra o Pacote Summer Weekend no Grand Hyatt SP: late check-out, Sunday Brunch refinado e muito mais! Acesse:\" \/>\n<meta property=\"og:url\" content=\"https:\/\/www.pacoteshyatt.com.br\/sao-paulo\/product\/summer-weekend\/\" \/>\n<meta property=\"og:site_name\" content=\"GRAND HYATT S\u00c3O PAULO\" \/>\n<meta property=\"article:modified_time\" content=\"2024-05-09T18:36:03+00:00\" \/>\n<meta property=\"og:image\" content=\"https:\/\/www.pacoteshyatt.com.br\/sao-paulo\/wp-content\/uploads\/sites\/3\/2024\/01\/GHSP_SummerWeekend_BannerMobile_308x200px_v1.png\" \/>\n\t<meta property=\"og:image:width\" content=\"308\" \/>\n\t<meta property=\"og:image:height\" content=\"200\" \/>\n\t<meta property=\"og:image:type\" content=\"image\/png\" \/>\n<meta name=\"twitter:card\" content=\"summary_large_image\" \/>\n<meta name=\"twitter:label1\" content=\"Est. tempo de leitura\" \/>\n\t<meta name=\"twitter:data1\" content=\"1 minuto\" \/>\n<script type=\"application\/ld+json\" class=\"yoast-schema-graph\">{\"@context\":\"https:\/\/schema.org\",\"@graph\":[{\"@type\":\"WebSite\",\"@id\":\"https:\/\/www.pacoteshyatt.com.br\/sao-paulo\/#website\",\"url\":\"https:\/\/www.pacoteshyatt.com.br\/sao-paulo\/\",\"name\":\"GRAND HYATT S\u00c3O PAULO\",\"description\":\"S\u00f3 mais um site Hot\u00e9is Grand Hyatt Rio de Janeiro e S\u00e3o Paulo sites\",\"potentialAction\":[{\"@type\":\"SearchAction\",\"target\":{\"@type\":\"EntryPoint\",\"urlTemplate\":\"https:\/\/www.pacoteshyatt.com.br\/sao-paulo\/?s={search_term_string}\"},\"query-input\":\"required name=search_term_string\"}],\"inLanguage\":\"pt-BR\"},{\"@type\":\"ImageObject\",\"@id\":\"https:\/\/www.pacoteshyatt.com.br\/sao-paulo\/product\/summer-weekend\/#primaryimage\",\"inLanguage\":\"pt-BR\",\"url\":\"https:\/\/www.pacoteshyatt.com.br\/sao-paulo\/wp-content\/uploads\/sites\/3\/2024\/01\/GHSP_SummerWeekend_BannerMobile_308x200px_v1.png\",\"contentUrl\":\"https:\/\/www.pacoteshyatt.com.br\/sao-paulo\/wp-content\/uploads\/sites\/3\/2024\/01\/GHSP_SummerWeekend_BannerMobile_308x200px_v1.png\",\"width\":308,\"height\":200,\"caption\":\"Pacote de Hospedagem Summer Weekend S\u00e3o Paulo\"},{\"@type\":\"WebPage\",\"@id\":\"https:\/\/www.pacoteshyatt.com.br\/sao-paulo\/product\/summer-weekend\/#webpage\",\"url\":\"https:\/\/www.pacoteshyatt.com.br\/sao-paulo\/product\/summer-weekend\/\",\"name\":\"Pacotes de Hospedagem Summer Wenked - Grand Hyatt S\u00e3o Paulo\",\"isPartOf\":{\"@id\":\"https:\/\/www.pacoteshyatt.com.br\/sao-paulo\/#website\"},\"primaryImageOfPage\":{\"@id\":\"https:\/\/www.pacoteshyatt.com.br\/sao-paulo\/product\/summer-weekend\/#primaryimage\"},\"datePublished\":\"2024-01-08T20:51:56+00:00\",\"dateModified\":\"2024-05-09T18:36:03+00:00\",\"description\":\"Viva o ver\u00e3o com luxo e exclusividade! Descubra o Pacote Summer Weekend no Grand Hyatt SP: late check-out, Sunday Brunch refinado e muito mais! Acesse:\",\"breadcrumb\":{\"@id\":\"https:\/\/www.pacoteshyatt.com.br\/sao-paulo\/product\/summer-weekend\/#breadcrumb\"},\"inLanguage\":\"pt-BR\",\"potentialAction\":[{\"@type\":\"ReadAction\",\"target\":[\"https:\/\/www.pacoteshyatt.com.br\/sao-paulo\/product\/summer-weekend\/\"]}]},{\"@type\":\"BreadcrumbList\",\"@id\":\"https:\/\/www.pacoteshyatt.com.br\/sao-paulo\/product\/summer-weekend\/#breadcrumb\",\"itemListElement\":[{\"@type\":\"ListItem\",\"position\":1,\"name\":\"Home\",\"item\":\"https:\/\/www.pacoteshyatt.com.br\/sao-paulo\/\"},{\"@type\":\"ListItem\",\"position\":2,\"name\":\"Shop\",\"item\":\"https:\/\/www.pacoteshyatt.com.br\/sao-paulo\/shop\/\"},{\"@type\":\"ListItem\",\"position\":3,\"name\":\"SUMMER WEEKEND\"}]}]}<\/script>\n<!-- \/ Yoast SEO plugin. -->","yoast_head_json":{"title":"Pacotes de Hospedagem Summer Wenked - Grand Hyatt S\u00e3o Paulo","description":"Viva o ver\u00e3o com luxo e exclusividade! Descubra o Pacote Summer Weekend no Grand Hyatt SP: late check-out, Sunday Brunch refinado e muito mais! Acesse:","robots":{"index":"index","follow":"follow","max-snippet":"max-snippet:-1","max-image-preview":"max-image-preview:large","max-video-preview":"max-video-preview:-1"},"canonical":"https:\/\/www.pacoteshyatt.com.br\/sao-paulo\/product\/summer-weekend\/","og_locale":"pt_BR","og_type":"article","og_title":"Pacotes de Hospedagem Summer Wenked - Grand Hyatt S\u00e3o Paulo","og_description":"Viva o ver\u00e3o com luxo e exclusividade! Descubra o Pacote Summer Weekend no Grand Hyatt SP: late check-out, Sunday Brunch refinado e muito mais! Acesse:","og_url":"https:\/\/www.pacoteshyatt.com.br\/sao-paulo\/product\/summer-weekend\/","og_site_name":"GRAND HYATT S\u00c3O PAULO","article_modified_time":"2024-05-09T18:36:03+00:00","og_image":[{"width":308,"height":200,"url":"https:\/\/www.pacoteshyatt.com.br\/sao-paulo\/wp-content\/uploads\/sites\/3\/2024\/01\/GHSP_SummerWeekend_BannerMobile_308x200px_v1.png","type":"image\/png"}],"twitter_card":"summary_large_image","twitter_misc":{"Est. tempo de leitura":"1 minuto"},"schema":{"@context":"https:\/\/schema.org","@graph":[{"@type":"WebSite","@id":"https:\/\/www.pacoteshyatt.com.br\/sao-paulo\/#website","url":"https:\/\/www.pacoteshyatt.com.br\/sao-paulo\/","name":"GRAND HYATT S\u00c3O PAULO","description":"S\u00f3 mais um site Hot\u00e9is Grand Hyatt Rio de Janeiro e S\u00e3o Paulo sites","potentialAction":[{"@type":"SearchAction","target":{"@type":"EntryPoint","urlTemplate":"https:\/\/www.pacoteshyatt.com.br\/sao-paulo\/?s={search_term_string}"},"query-input":"required name=search_term_string"}],"inLanguage":"pt-BR"},{"@type":"ImageObject","@id":"https:\/\/www.pacoteshyatt.com.br\/sao-paulo\/product\/summer-weekend\/#primaryimage","inLanguage":"pt-BR","url":"https:\/\/www.pacoteshyatt.com.br\/sao-paulo\/wp-content\/uploads\/sites\/3\/2024\/01\/GHSP_SummerWeekend_BannerMobile_308x200px_v1.png","contentUrl":"https:\/\/www.pacoteshyatt.com.br\/sao-paulo\/wp-content\/uploads\/sites\/3\/2024\/01\/GHSP_SummerWeekend_BannerMobile_308x200px_v1.png","width":308,"height":200,"caption":"Pacote de Hospedagem Summer Weekend S\u00e3o Paulo"},{"@type":"WebPage","@id":"https:\/\/www.pacoteshyatt.com.br\/sao-paulo\/product\/summer-weekend\/#webpage","url":"https:\/\/www.pacoteshyatt.com.br\/sao-paulo\/product\/summer-weekend\/","name":"Pacotes de Hospedagem Summer Wenked - Grand Hyatt S\u00e3o Paulo","isPartOf":{"@id":"https:\/\/www.pacoteshyatt.com.br\/sao-paulo\/#website"},"primaryImageOfPage":{"@id":"https:\/\/www.pacoteshyatt.com.br\/sao-paulo\/product\/summer-weekend\/#primaryimage"},"datePublished":"2024-01-08T20:51:56+00:00","dateModified":"2024-05-09T18:36:03+00:00","description":"Viva o ver\u00e3o com luxo e exclusividade! Descubra o Pacote Summer Weekend no Grand Hyatt SP: late check-out, Sunday Brunch refinado e muito mais! Acesse:","breadcrumb":{"@id":"https:\/\/www.pacoteshyatt.com.br\/sao-paulo\/product\/summer-weekend\/#breadcrumb"},"inLanguage":"pt-BR","potentialAction":[{"@type":"ReadAction","target":["https:\/\/www.pacoteshyatt.com.br\/sao-paulo\/product\/summer-weekend\/"]}]},{"@type":"BreadcrumbList","@id":"https:\/\/www.pacoteshyatt.com.br\/sao-paulo\/product\/summer-weekend\/#breadcrumb","itemListElement":[{"@type":"ListItem","position":1,"name":"Home","item":"https:\/\/www.pacoteshyatt.com.br\/sao-paulo\/"},{"@type":"ListItem","position":2,"name":"Shop","item":"https:\/\/www.pacoteshyatt.com.br\/sao-paulo\/shop\/"},{"@type":"ListItem","position":3,"name":"SUMMER WEEKEND"}]}]}},"_links":{"self":[{"href":"https:\/\/www.pacoteshyatt.com.br\/sao-paulo\/wp-json\/wp\/v2\/product\/11519"}],"collection":[{"href":"https:\/\/www.pacoteshyatt.com.br\/sao-paulo\/wp-json\/wp\/v2\/product"}],"about":[{"href":"https:\/\/www.pacoteshyatt.com.br\/sao-paulo\/wp-json\/wp\/v2\/types\/product"}],"replies":[{"embeddable":true,"href":"https:\/\/www.pacoteshyatt.com.br\/sao-paulo\/wp-json\/wp\/v2\/comments?post=11519"}],"wp:featuredmedia":[{"embeddable":true,"href":"https:\/\/www.pacoteshyatt.com.br\/sao-paulo\/wp-json\/wp\/v2\/media\/11539"}],"wp:attachment":[{"href":"https:\/\/www.pacoteshyatt.com.br\/sao-paulo\/wp-json\/wp\/v2\/media?parent=11519"}],"wp:term":[{"taxonomy":"product_cat","embeddable":true,"href":"https:\/\/www.pacoteshyatt.com.br\/sao-paulo\/wp-json\/wp\/v2\/product_cat?post=11519"},{"taxonomy":"product_tag","embeddable":true,"href":"https:\/\/www.pacoteshyatt.com.br\/sao-paulo\/wp-json\/wp\/v2\/product_tag?post=11519"}],"curies":[{"name":"wp","href":"https:\/\/api.w.org\/{rel}","templated":true}]}}