{"id":12404,"date":"2024-04-03T17:12:42","date_gmt":"2024-04-03T20:12:42","guid":{"rendered":"https:\/\/www.pacoteshyatt.com.br\/sao-paulo\/?post_type=product&#038;p=12404"},"modified":"2025-12-01T08:24:54","modified_gmt":"2025-12-01T11:24:54","slug":"amanary-club-grand-red","status":"publish","type":"product","link":"https:\/\/www.pacoteshyatt.com.br\/sao-paulo\/product\/amanary-club-grand-red\/","title":{"rendered":"AMANARY CLUB | GRAND RED"},"content":{"rendered":"<p>Amanary Club: Exclusividade e Bem-Estar no Grand Hyatt S\u00e3o Paulo<\/p>\n<p>Para quem valoriza uma experi\u00eancia de <strong>bem-estar, conforto e exclusividade<\/strong>, o <strong>Amanary Club<\/strong> \u00e9 o ref\u00fagio perfeito. Situado no ic\u00f4nico <strong>Grand Hyatt S\u00e3o Paulo,<\/strong> este santu\u00e1rio combina a sofistica\u00e7\u00e3o de uma academia boutique com os servi\u00e7os premium de um hotel cinco estrelas, oferecendo uma jornada completa de autocuidado.<\/p>\n<p>No <strong>Amanary Club<\/strong>, voc\u00ea tem acesso a uma <strong>academia moderna e completa<\/strong>, equipada com os mais avan\u00e7ados aparelhos de cardio e muscula\u00e7\u00e3o <strong>Technogym<\/strong>. Os equipamentos contam com recursos que permitem o <strong>monitoramento detalhado do seu treino<\/strong>, com orienta\u00e7\u00f5es em v\u00eddeo passo a passo, al\u00e9m de suporte de um <strong>instrutor dedicado <\/strong>e exame de bioimped\u00e2ncia.<\/p>\n<p>Ao se tornar membro, voc\u00ea tamb\u00e9m desfruta de <strong>acesso ilimitado<\/strong> \u00e0 <strong>sauna seca<\/strong>, \u00e0 <strong>piscina interna climatizada<\/strong> e \u00e0 <strong>piscina externa<\/strong> com servi\u00e7o de bar. Al\u00e9m disso, poder\u00e1 aproveitar as demais \u00e1reas do hotel, incluindo o Restaurante C, com descontos especiais.<\/p>\n<p>Como cada detalhe \u00e9 cuidadosamente pensado para seu conforto, os membros do Amanary Club recebem benef\u00edcios exclusivos, como <strong>descontos de at\u00e9 30%<\/strong> em massagens, <strong>10% em tratamentos faciais<\/strong>, al\u00e9m de ofertas em alimentos e bebidas no <strong>Restaurante C<\/strong> e <strong>estacionamento cortesia<\/strong> com manobrista por at\u00e9 3 horas.<\/p>\n<p>Os planos semestrais da categoria<strong> GRAND RED<\/strong> incluem uma <strong>massagem relaxante<\/strong>, enquanto os planos anuais oferecem ainda mais: <strong>massagens relaxantes<\/strong> e uma <strong>noite de cortesia<\/strong> no hotel, para que voc\u00ea possa relaxar e renovar suas energias em grande estilo.<\/p>\n<p><strong>Escolha o plano que melhor se adapta a voc\u00ea<\/strong> e fa\u00e7a parte do Amanary Club, onde o bem-estar encontra a exclusividade.<\/p>\n<p>&nbsp;<\/p>\n<p><img loading=\"lazy\" class=\"alignnone wp-image-15292\" src=\"https:\/\/www.pacoteshyatt.com.br\/sao-paulo\/wp-content\/uploads\/sites\/3\/2024\/11\/GHSP_AcademiaAmanary_Diferenciais_Red-300x169.png\" alt=\"amanary club\" width=\"1047\" height=\"590\" srcset=\"https:\/\/www.pacoteshyatt.com.br\/sao-paulo\/wp-content\/uploads\/sites\/3\/2024\/11\/GHSP_AcademiaAmanary_Diferenciais_Red-300x169.png 300w, https:\/\/www.pacoteshyatt.com.br\/sao-paulo\/wp-content\/uploads\/sites\/3\/2024\/11\/GHSP_AcademiaAmanary_Diferenciais_Red-1024x576.png 1024w, https:\/\/www.pacoteshyatt.com.br\/sao-paulo\/wp-content\/uploads\/sites\/3\/2024\/11\/GHSP_AcademiaAmanary_Diferenciais_Red-768x432.png 768w, https:\/\/www.pacoteshyatt.com.br\/sao-paulo\/wp-content\/uploads\/sites\/3\/2024\/11\/GHSP_AcademiaAmanary_Diferenciais_Red-1536x864.png 1536w, https:\/\/www.pacoteshyatt.com.br\/sao-paulo\/wp-content\/uploads\/sites\/3\/2024\/11\/GHSP_AcademiaAmanary_Diferenciais_Red-308x173.png 308w, https:\/\/www.pacoteshyatt.com.br\/sao-paulo\/wp-content\/uploads\/sites\/3\/2024\/11\/GHSP_AcademiaAmanary_Diferenciais_Red-348x196.png 348w, https:\/\/www.pacoteshyatt.com.br\/sao-paulo\/wp-content\/uploads\/sites\/3\/2024\/11\/GHSP_AcademiaAmanary_Diferenciais_Red.png 1920w\" sizes=\"(max-width: 1047px) 100vw, 1047px\" \/><\/p>\n<p>Para a contrata\u00e7\u00e3o de planos semestrais e anuais, entre em contato conosco pelo telefone (11) 2838-3300 ou pelo email saogh-spa@hyatt.com<\/p>\n","protected":false},"excerpt":{"rendered":"<p>Amanary Club: Exclusividade e Bem-Estar no Grand Hyatt S\u00e3o Paulo Para quem valoriza uma experi\u00eancia de bem-estar, conforto e exclusividade, o Amanary Club \u00e9 o ref\u00fagio perfeito. Situado no ic\u00f4nico Grand Hyatt S\u00e3o Paulo, este santu\u00e1rio combina a sofistica\u00e7\u00e3o de uma academia boutique com os servi\u00e7os premium de um hotel cinco estrelas, oferecendo uma jornada [&hellip;]<\/p>\n","protected":false},"featured_media":12416,"comment_status":"open","ping_status":"closed","template":"","meta":{"_eb_attr":""},"product_cat":[20,25],"product_tag":[],"yoast_head":"<!-- This site is optimized with the Yoast SEO plugin v18.4.1 - https:\/\/yoast.com\/wordpress\/plugins\/seo\/ -->\n<title>Plano RED Amanary Club: Vantagens - Grand Hyatt S\u00e3o Paulo<\/title>\n<meta name=\"description\" content=\"Plano Red Amanary: acesso exclusivo ao Amanary Spa com benef\u00edcios especiais para corpo e mente. Adquira aqui e viva uma experi\u00eancia \u00fanica em S\u00e3o Paulo!\" \/>\n<meta name=\"robots\" content=\"index, follow, max-snippet:-1, max-image-preview:large, max-video-preview:-1\" \/>\n<link rel=\"canonical\" href=\"https:\/\/www.pacoteshyatt.com.br\/sao-paulo\/product\/amanary-club-grand-red\/\" \/>\n<meta property=\"og:locale\" content=\"pt_BR\" \/>\n<meta property=\"og:type\" content=\"article\" \/>\n<meta property=\"og:title\" content=\"Plano RED Amanary Club: Vantagens - Grand Hyatt S\u00e3o Paulo\" \/>\n<meta property=\"og:description\" content=\"Plano Red Amanary: acesso exclusivo ao Amanary Spa com benef\u00edcios especiais para corpo e mente. Adquira aqui e viva uma experi\u00eancia \u00fanica em S\u00e3o Paulo!\" \/>\n<meta property=\"og:url\" content=\"https:\/\/www.pacoteshyatt.com.br\/sao-paulo\/product\/amanary-club-grand-red\/\" \/>\n<meta property=\"og:site_name\" content=\"GRAND HYATT S\u00c3O PAULO\" \/>\n<meta property=\"article:modified_time\" content=\"2025-12-01T11:24:54+00:00\" \/>\n<meta property=\"og:image\" content=\"https:\/\/www.pacoteshyatt.com.br\/sao-paulo\/wp-content\/uploads\/sites\/3\/2024\/04\/GHSP_AcademiaAmanary_Banner_308x200px_2024_Red-1.png\" \/>\n\t<meta property=\"og:image:width\" content=\"308\" \/>\n\t<meta property=\"og:image:height\" content=\"200\" \/>\n\t<meta property=\"og:image:type\" content=\"image\/png\" \/>\n<meta name=\"twitter:card\" content=\"summary_large_image\" \/>\n<meta name=\"twitter:label1\" content=\"Est. tempo de leitura\" \/>\n\t<meta name=\"twitter:data1\" content=\"2 minutos\" \/>\n<script type=\"application\/ld+json\" class=\"yoast-schema-graph\">{\"@context\":\"https:\/\/schema.org\",\"@graph\":[{\"@type\":\"WebSite\",\"@id\":\"https:\/\/www.pacoteshyatt.com.br\/sao-paulo\/#website\",\"url\":\"https:\/\/www.pacoteshyatt.com.br\/sao-paulo\/\",\"name\":\"GRAND HYATT S\u00c3O PAULO\",\"description\":\"S\u00f3 mais um site Hot\u00e9is Grand Hyatt Rio de Janeiro e S\u00e3o Paulo sites\",\"potentialAction\":[{\"@type\":\"SearchAction\",\"target\":{\"@type\":\"EntryPoint\",\"urlTemplate\":\"https:\/\/www.pacoteshyatt.com.br\/sao-paulo\/?s={search_term_string}\"},\"query-input\":\"required name=search_term_string\"}],\"inLanguage\":\"pt-BR\"},{\"@type\":\"ImageObject\",\"@id\":\"https:\/\/www.pacoteshyatt.com.br\/sao-paulo\/product\/amanary-club-grand-red\/#primaryimage\",\"inLanguage\":\"pt-BR\",\"url\":\"https:\/\/www.pacoteshyatt.com.br\/sao-paulo\/wp-content\/uploads\/sites\/3\/2024\/04\/GHSP_AcademiaAmanary_Banner_308x200px_2024_Red-1.png\",\"contentUrl\":\"https:\/\/www.pacoteshyatt.com.br\/sao-paulo\/wp-content\/uploads\/sites\/3\/2024\/04\/GHSP_AcademiaAmanary_Banner_308x200px_2024_Red-1.png\",\"width\":308,\"height\":200,\"caption\":\"amanary club grand red\"},{\"@type\":\"WebPage\",\"@id\":\"https:\/\/www.pacoteshyatt.com.br\/sao-paulo\/product\/amanary-club-grand-red\/#webpage\",\"url\":\"https:\/\/www.pacoteshyatt.com.br\/sao-paulo\/product\/amanary-club-grand-red\/\",\"name\":\"Plano RED Amanary Club: Vantagens - Grand Hyatt S\u00e3o Paulo\",\"isPartOf\":{\"@id\":\"https:\/\/www.pacoteshyatt.com.br\/sao-paulo\/#website\"},\"primaryImageOfPage\":{\"@id\":\"https:\/\/www.pacoteshyatt.com.br\/sao-paulo\/product\/amanary-club-grand-red\/#primaryimage\"},\"datePublished\":\"2024-04-03T20:12:42+00:00\",\"dateModified\":\"2025-12-01T11:24:54+00:00\",\"description\":\"Plano Red Amanary: acesso exclusivo ao Amanary Spa com benef\u00edcios especiais para corpo e mente. Adquira aqui e viva uma experi\u00eancia \u00fanica em S\u00e3o Paulo!\",\"breadcrumb\":{\"@id\":\"https:\/\/www.pacoteshyatt.com.br\/sao-paulo\/product\/amanary-club-grand-red\/#breadcrumb\"},\"inLanguage\":\"pt-BR\",\"potentialAction\":[{\"@type\":\"ReadAction\",\"target\":[\"https:\/\/www.pacoteshyatt.com.br\/sao-paulo\/product\/amanary-club-grand-red\/\"]}]},{\"@type\":\"BreadcrumbList\",\"@id\":\"https:\/\/www.pacoteshyatt.com.br\/sao-paulo\/product\/amanary-club-grand-red\/#breadcrumb\",\"itemListElement\":[{\"@type\":\"ListItem\",\"position\":1,\"name\":\"Home\",\"item\":\"https:\/\/www.pacoteshyatt.com.br\/sao-paulo\/\"},{\"@type\":\"ListItem\",\"position\":2,\"name\":\"Shop\",\"item\":\"https:\/\/www.pacoteshyatt.com.br\/sao-paulo\/shop\/\"},{\"@type\":\"ListItem\",\"position\":3,\"name\":\"AMANARY CLUB | GRAND RED\"}]}]}<\/script>\n<!-- \/ Yoast SEO plugin. -->","yoast_head_json":{"title":"Plano RED Amanary Club: Vantagens - Grand Hyatt S\u00e3o Paulo","description":"Plano Red Amanary: acesso exclusivo ao Amanary Spa com benef\u00edcios especiais para corpo e mente. Adquira aqui e viva uma experi\u00eancia \u00fanica em S\u00e3o Paulo!","robots":{"index":"index","follow":"follow","max-snippet":"max-snippet:-1","max-image-preview":"max-image-preview:large","max-video-preview":"max-video-preview:-1"},"canonical":"https:\/\/www.pacoteshyatt.com.br\/sao-paulo\/product\/amanary-club-grand-red\/","og_locale":"pt_BR","og_type":"article","og_title":"Plano RED Amanary Club: Vantagens - Grand Hyatt S\u00e3o Paulo","og_description":"Plano Red Amanary: acesso exclusivo ao Amanary Spa com benef\u00edcios especiais para corpo e mente. Adquira aqui e viva uma experi\u00eancia \u00fanica em S\u00e3o Paulo!","og_url":"https:\/\/www.pacoteshyatt.com.br\/sao-paulo\/product\/amanary-club-grand-red\/","og_site_name":"GRAND HYATT S\u00c3O PAULO","article_modified_time":"2025-12-01T11:24:54+00:00","og_image":[{"width":308,"height":200,"url":"https:\/\/www.pacoteshyatt.com.br\/sao-paulo\/wp-content\/uploads\/sites\/3\/2024\/04\/GHSP_AcademiaAmanary_Banner_308x200px_2024_Red-1.png","type":"image\/png"}],"twitter_card":"summary_large_image","twitter_misc":{"Est. tempo de leitura":"2 minutos"},"schema":{"@context":"https:\/\/schema.org","@graph":[{"@type":"WebSite","@id":"https:\/\/www.pacoteshyatt.com.br\/sao-paulo\/#website","url":"https:\/\/www.pacoteshyatt.com.br\/sao-paulo\/","name":"GRAND HYATT S\u00c3O PAULO","description":"S\u00f3 mais um site Hot\u00e9is Grand Hyatt Rio de Janeiro e S\u00e3o Paulo sites","potentialAction":[{"@type":"SearchAction","target":{"@type":"EntryPoint","urlTemplate":"https:\/\/www.pacoteshyatt.com.br\/sao-paulo\/?s={search_term_string}"},"query-input":"required name=search_term_string"}],"inLanguage":"pt-BR"},{"@type":"ImageObject","@id":"https:\/\/www.pacoteshyatt.com.br\/sao-paulo\/product\/amanary-club-grand-red\/#primaryimage","inLanguage":"pt-BR","url":"https:\/\/www.pacoteshyatt.com.br\/sao-paulo\/wp-content\/uploads\/sites\/3\/2024\/04\/GHSP_AcademiaAmanary_Banner_308x200px_2024_Red-1.png","contentUrl":"https:\/\/www.pacoteshyatt.com.br\/sao-paulo\/wp-content\/uploads\/sites\/3\/2024\/04\/GHSP_AcademiaAmanary_Banner_308x200px_2024_Red-1.png","width":308,"height":200,"caption":"amanary club grand red"},{"@type":"WebPage","@id":"https:\/\/www.pacoteshyatt.com.br\/sao-paulo\/product\/amanary-club-grand-red\/#webpage","url":"https:\/\/www.pacoteshyatt.com.br\/sao-paulo\/product\/amanary-club-grand-red\/","name":"Plano RED Amanary Club: Vantagens - Grand Hyatt S\u00e3o Paulo","isPartOf":{"@id":"https:\/\/www.pacoteshyatt.com.br\/sao-paulo\/#website"},"primaryImageOfPage":{"@id":"https:\/\/www.pacoteshyatt.com.br\/sao-paulo\/product\/amanary-club-grand-red\/#primaryimage"},"datePublished":"2024-04-03T20:12:42+00:00","dateModified":"2025-12-01T11:24:54+00:00","description":"Plano Red Amanary: acesso exclusivo ao Amanary Spa com benef\u00edcios especiais para corpo e mente. Adquira aqui e viva uma experi\u00eancia \u00fanica em S\u00e3o Paulo!","breadcrumb":{"@id":"https:\/\/www.pacoteshyatt.com.br\/sao-paulo\/product\/amanary-club-grand-red\/#breadcrumb"},"inLanguage":"pt-BR","potentialAction":[{"@type":"ReadAction","target":["https:\/\/www.pacoteshyatt.com.br\/sao-paulo\/product\/amanary-club-grand-red\/"]}]},{"@type":"BreadcrumbList","@id":"https:\/\/www.pacoteshyatt.com.br\/sao-paulo\/product\/amanary-club-grand-red\/#breadcrumb","itemListElement":[{"@type":"ListItem","position":1,"name":"Home","item":"https:\/\/www.pacoteshyatt.com.br\/sao-paulo\/"},{"@type":"ListItem","position":2,"name":"Shop","item":"https:\/\/www.pacoteshyatt.com.br\/sao-paulo\/shop\/"},{"@type":"ListItem","position":3,"name":"AMANARY CLUB | GRAND RED"}]}]}},"_links":{"self":[{"href":"https:\/\/www.pacoteshyatt.com.br\/sao-paulo\/wp-json\/wp\/v2\/product\/12404"}],"collection":[{"href":"https:\/\/www.pacoteshyatt.com.br\/sao-paulo\/wp-json\/wp\/v2\/product"}],"about":[{"href":"https:\/\/www.pacoteshyatt.com.br\/sao-paulo\/wp-json\/wp\/v2\/types\/product"}],"replies":[{"embeddable":true,"href":"https:\/\/www.pacoteshyatt.com.br\/sao-paulo\/wp-json\/wp\/v2\/comments?post=12404"}],"wp:featuredmedia":[{"embeddable":true,"href":"https:\/\/www.pacoteshyatt.com.br\/sao-paulo\/wp-json\/wp\/v2\/media\/12416"}],"wp:attachment":[{"href":"https:\/\/www.pacoteshyatt.com.br\/sao-paulo\/wp-json\/wp\/v2\/media?parent=12404"}],"wp:term":[{"taxonomy":"product_cat","embeddable":true,"href":"https:\/\/www.pacoteshyatt.com.br\/sao-paulo\/wp-json\/wp\/v2\/product_cat?post=12404"},{"taxonomy":"product_tag","embeddable":true,"href":"https:\/\/www.pacoteshyatt.com.br\/sao-paulo\/wp-json\/wp\/v2\/product_tag?post=12404"}],"curies":[{"name":"wp","href":"https:\/\/api.w.org\/{rel}","templated":true}]}}