{"id":14011,"date":"2024-08-29T13:13:59","date_gmt":"2024-08-29T16:13:59","guid":{"rendered":"https:\/\/www.pacoteshyatt.com.br\/sao-paulo\/?post_type=product&#038;p=14011"},"modified":"2026-03-31T15:24:38","modified_gmt":"2026-03-31T18:24:38","slug":"grand-celebration","status":"publish","type":"product","link":"https:\/\/www.pacoteshyatt.com.br\/sao-paulo\/product\/grand-celebration\/","title":{"rendered":"GRAND CELEBRATION"},"content":{"rendered":"<p>O Grand Hyatt S\u00e3o Paulo te convida a conhecer o Grand Celebration: o pacote de hospedagem ideal para celebrar ocasi\u00f5es especiais como casamentos (dia do noivo(a) com seus convidados mais pr\u00f3ximos e\/ou noite de n\u00fapcias), entre outras comemora\u00e7\u00f5es.<\/p>\n<p>O pacote oferece uma noite de hospedagem em uma de nossas su\u00edtes, com caf\u00e9 da manh\u00e3 incluso para duas pessoas, servido em nosso Restaurante Cittadino ou no apartamento.<\/p>\n<p>Comece com um Day Use especial, onde voc\u00ea ter\u00e1 acesso \u00e0 sauna seca, Fitness Center, piscina interna climatizada e externa, al\u00e9m de um tratamento de Day Spa e 20% de desconto na compra do segundo tratamento (sujeito a agendamento pr\u00e9vio e disponibilidade).<\/p>\n<p>Desfrute de nosso Welcome Coffee, com frutas, cookies, mini sandu\u00edches naturais, e sucos ou opte por um balde com 18 cervejas Heineken Long Neck com nuts e chips, servidas na acomoda\u00e7\u00e3o, preparados pelos nossos chefs, ideais para momentos especiais entre seus convidados.<\/p>\n<p>O pacote ainda inclui uma garrafa de Champagne Veuve Cliquot, decora\u00e7\u00e3o floral (buqu\u00ea de rosas e vasos solit\u00e1rios) na acomoda\u00e7\u00e3o e uma ta\u00e7a com morangos frescos, criando um ambiente festivo e sofisticado, juntamente a um bolo simb\u00f3lico e chocolates.<\/p>\n<p>Para momentos de relaxamento, a experi\u00eancia \u00e9 enriquecida com amenities exclusivos, como spray arom\u00e1tico, sais e \u00f3leo de banho.<\/p>\n<p>Com as vistas panor\u00e2micas de S\u00e3o Paulo, aproveite o early check-in \u00e0s 10h00 e o late check-out \u00e1s 16h00. O estacionamento com manobrista tamb\u00e9m est\u00e1 dispon\u00edvel para um ve\u00edculo, garantindo praticidade e seguran\u00e7a durante a estadia.<\/p>\n<p>Com cada detalhe pensado para proporcionar uma experi\u00eancia inesquec\u00edvel, o Grand Celebration \u00e9 a escolha perfeita para quem deseja celebrar ocasi\u00f5es especiais com requinte e cuidado.<strong><br \/>\n<\/strong><\/p>\n<p>&nbsp;<\/p>\n<p><strong> Consulte disponibilidade em <a href=\"mailto:saopaulo.grand@hyatt.com\">saopaulo.grand@hyatt.com<\/a><\/strong><\/p>\n<p>&nbsp;<\/p>\n<p style=\"text-align: center\"><img loading=\"lazy\" class=\"alignnone wp-image-12935\" src=\"https:\/\/www.pacoteshyatt.com.br\/sao-paulo\/wp-content\/uploads\/sites\/3\/2021\/05\/Grand-Valentines-Premium-300x138.png\" alt=\"\" width=\"780\" height=\"359\" srcset=\"https:\/\/www.pacoteshyatt.com.br\/sao-paulo\/wp-content\/uploads\/sites\/3\/2021\/05\/Grand-Valentines-Premium-300x138.png 300w, https:\/\/www.pacoteshyatt.com.br\/sao-paulo\/wp-content\/uploads\/sites\/3\/2021\/05\/Grand-Valentines-Premium-768x353.png 768w, https:\/\/www.pacoteshyatt.com.br\/sao-paulo\/wp-content\/uploads\/sites\/3\/2021\/05\/Grand-Valentines-Premium-308x142.png 308w, https:\/\/www.pacoteshyatt.com.br\/sao-paulo\/wp-content\/uploads\/sites\/3\/2021\/05\/Grand-Valentines-Premium-348x160.png 348w, https:\/\/www.pacoteshyatt.com.br\/sao-paulo\/wp-content\/uploads\/sites\/3\/2021\/05\/Grand-Valentines-Premium.png 975w\" sizes=\"(max-width: 780px) 100vw, 780px\" \/><\/p>\n","protected":false},"excerpt":{"rendered":"<p>O Grand Hyatt S\u00e3o Paulo te convida a conhecer o Grand Celebration: o pacote de hospedagem ideal para celebrar ocasi\u00f5es especiais como casamentos (dia do noivo(a) com seus convidados mais pr\u00f3ximos e\/ou noite de n\u00fapcias), entre outras comemora\u00e7\u00f5es. O pacote oferece uma noite de hospedagem em uma de nossas su\u00edtes, com caf\u00e9 da manh\u00e3 incluso [&hellip;]<\/p>\n","protected":false},"featured_media":14025,"comment_status":"open","ping_status":"closed","template":"","meta":{"_eb_attr":""},"product_cat":[19,30],"product_tag":[],"yoast_head":"<!-- This site is optimized with the Yoast SEO plugin v18.4.1 - https:\/\/yoast.com\/wordpress\/plugins\/seo\/ -->\n<title>GRAND CELEBRATION - GRAND HYATT S\u00c3O PAULO<\/title>\n<meta name=\"description\" content=\"Dia da Noiva e Noite de N\u00fapcias no Grand Hyatt S\u00e3o Paulo, a combina\u00e7\u00e3o perfeita para a prepara\u00e7\u00e3o e celebra\u00e7\u00e3o do melhor dia da sua vida.\" \/>\n<meta name=\"robots\" content=\"index, follow, max-snippet:-1, max-image-preview:large, max-video-preview:-1\" \/>\n<link rel=\"canonical\" href=\"https:\/\/www.pacoteshyatt.com.br\/sao-paulo\/product\/grand-celebration\/\" \/>\n<meta property=\"og:locale\" content=\"pt_BR\" \/>\n<meta property=\"og:type\" content=\"article\" \/>\n<meta property=\"og:title\" content=\"GRAND CELEBRATION - GRAND HYATT S\u00c3O PAULO\" \/>\n<meta property=\"og:description\" content=\"Dia da Noiva e Noite de N\u00fapcias no Grand Hyatt S\u00e3o Paulo, a combina\u00e7\u00e3o perfeita para a prepara\u00e7\u00e3o e celebra\u00e7\u00e3o do melhor dia da sua vida.\" \/>\n<meta property=\"og:url\" content=\"https:\/\/www.pacoteshyatt.com.br\/sao-paulo\/product\/grand-celebration\/\" \/>\n<meta property=\"og:site_name\" content=\"GRAND HYATT S\u00c3O PAULO\" \/>\n<meta property=\"article:modified_time\" content=\"2026-03-31T18:24:38+00:00\" \/>\n<meta property=\"og:image\" content=\"https:\/\/www.pacoteshyatt.com.br\/sao-paulo\/wp-content\/uploads\/sites\/3\/2024\/08\/308x200.png\" \/>\n\t<meta property=\"og:image:width\" content=\"308\" \/>\n\t<meta property=\"og:image:height\" content=\"200\" \/>\n\t<meta property=\"og:image:type\" content=\"image\/png\" \/>\n<meta name=\"twitter:card\" content=\"summary_large_image\" \/>\n<meta name=\"twitter:label1\" content=\"Est. tempo de leitura\" \/>\n\t<meta name=\"twitter:data1\" content=\"2 minutos\" \/>\n<script type=\"application\/ld+json\" class=\"yoast-schema-graph\">{\"@context\":\"https:\/\/schema.org\",\"@graph\":[{\"@type\":\"WebSite\",\"@id\":\"https:\/\/www.pacoteshyatt.com.br\/sao-paulo\/#website\",\"url\":\"https:\/\/www.pacoteshyatt.com.br\/sao-paulo\/\",\"name\":\"GRAND HYATT S\u00c3O PAULO\",\"description\":\"S\u00f3 mais um site Hot\u00e9is Grand Hyatt Rio de Janeiro e S\u00e3o Paulo sites\",\"potentialAction\":[{\"@type\":\"SearchAction\",\"target\":{\"@type\":\"EntryPoint\",\"urlTemplate\":\"https:\/\/www.pacoteshyatt.com.br\/sao-paulo\/?s={search_term_string}\"},\"query-input\":\"required name=search_term_string\"}],\"inLanguage\":\"pt-BR\"},{\"@type\":\"ImageObject\",\"@id\":\"https:\/\/www.pacoteshyatt.com.br\/sao-paulo\/product\/grand-celebration\/#primaryimage\",\"inLanguage\":\"pt-BR\",\"url\":\"https:\/\/www.pacoteshyatt.com.br\/sao-paulo\/wp-content\/uploads\/sites\/3\/2024\/08\/308x200.png\",\"contentUrl\":\"https:\/\/www.pacoteshyatt.com.br\/sao-paulo\/wp-content\/uploads\/sites\/3\/2024\/08\/308x200.png\",\"width\":308,\"height\":200,\"caption\":\"grand celebration\"},{\"@type\":\"WebPage\",\"@id\":\"https:\/\/www.pacoteshyatt.com.br\/sao-paulo\/product\/grand-celebration\/#webpage\",\"url\":\"https:\/\/www.pacoteshyatt.com.br\/sao-paulo\/product\/grand-celebration\/\",\"name\":\"GRAND CELEBRATION - GRAND HYATT S\u00c3O PAULO\",\"isPartOf\":{\"@id\":\"https:\/\/www.pacoteshyatt.com.br\/sao-paulo\/#website\"},\"primaryImageOfPage\":{\"@id\":\"https:\/\/www.pacoteshyatt.com.br\/sao-paulo\/product\/grand-celebration\/#primaryimage\"},\"datePublished\":\"2024-08-29T16:13:59+00:00\",\"dateModified\":\"2026-03-31T18:24:38+00:00\",\"description\":\"Dia da Noiva e Noite de N\u00fapcias no Grand Hyatt S\u00e3o Paulo, a combina\u00e7\u00e3o perfeita para a prepara\u00e7\u00e3o e celebra\u00e7\u00e3o do melhor dia da sua vida.\",\"breadcrumb\":{\"@id\":\"https:\/\/www.pacoteshyatt.com.br\/sao-paulo\/product\/grand-celebration\/#breadcrumb\"},\"inLanguage\":\"pt-BR\",\"potentialAction\":[{\"@type\":\"ReadAction\",\"target\":[\"https:\/\/www.pacoteshyatt.com.br\/sao-paulo\/product\/grand-celebration\/\"]}]},{\"@type\":\"BreadcrumbList\",\"@id\":\"https:\/\/www.pacoteshyatt.com.br\/sao-paulo\/product\/grand-celebration\/#breadcrumb\",\"itemListElement\":[{\"@type\":\"ListItem\",\"position\":1,\"name\":\"Home\",\"item\":\"https:\/\/www.pacoteshyatt.com.br\/sao-paulo\/\"},{\"@type\":\"ListItem\",\"position\":2,\"name\":\"Shop\",\"item\":\"https:\/\/www.pacoteshyatt.com.br\/sao-paulo\/shop\/\"},{\"@type\":\"ListItem\",\"position\":3,\"name\":\"GRAND CELEBRATION\"}]}]}<\/script>\n<!-- \/ Yoast SEO plugin. -->","yoast_head_json":{"title":"GRAND CELEBRATION - GRAND HYATT S\u00c3O PAULO","description":"Dia da Noiva e Noite de N\u00fapcias no Grand Hyatt S\u00e3o Paulo, a combina\u00e7\u00e3o perfeita para a prepara\u00e7\u00e3o e celebra\u00e7\u00e3o do melhor dia da sua vida.","robots":{"index":"index","follow":"follow","max-snippet":"max-snippet:-1","max-image-preview":"max-image-preview:large","max-video-preview":"max-video-preview:-1"},"canonical":"https:\/\/www.pacoteshyatt.com.br\/sao-paulo\/product\/grand-celebration\/","og_locale":"pt_BR","og_type":"article","og_title":"GRAND CELEBRATION - GRAND HYATT S\u00c3O PAULO","og_description":"Dia da Noiva e Noite de N\u00fapcias no Grand Hyatt S\u00e3o Paulo, a combina\u00e7\u00e3o perfeita para a prepara\u00e7\u00e3o e celebra\u00e7\u00e3o do melhor dia da sua vida.","og_url":"https:\/\/www.pacoteshyatt.com.br\/sao-paulo\/product\/grand-celebration\/","og_site_name":"GRAND HYATT S\u00c3O PAULO","article_modified_time":"2026-03-31T18:24:38+00:00","og_image":[{"width":308,"height":200,"url":"https:\/\/www.pacoteshyatt.com.br\/sao-paulo\/wp-content\/uploads\/sites\/3\/2024\/08\/308x200.png","type":"image\/png"}],"twitter_card":"summary_large_image","twitter_misc":{"Est. tempo de leitura":"2 minutos"},"schema":{"@context":"https:\/\/schema.org","@graph":[{"@type":"WebSite","@id":"https:\/\/www.pacoteshyatt.com.br\/sao-paulo\/#website","url":"https:\/\/www.pacoteshyatt.com.br\/sao-paulo\/","name":"GRAND HYATT S\u00c3O PAULO","description":"S\u00f3 mais um site Hot\u00e9is Grand Hyatt Rio de Janeiro e S\u00e3o Paulo sites","potentialAction":[{"@type":"SearchAction","target":{"@type":"EntryPoint","urlTemplate":"https:\/\/www.pacoteshyatt.com.br\/sao-paulo\/?s={search_term_string}"},"query-input":"required name=search_term_string"}],"inLanguage":"pt-BR"},{"@type":"ImageObject","@id":"https:\/\/www.pacoteshyatt.com.br\/sao-paulo\/product\/grand-celebration\/#primaryimage","inLanguage":"pt-BR","url":"https:\/\/www.pacoteshyatt.com.br\/sao-paulo\/wp-content\/uploads\/sites\/3\/2024\/08\/308x200.png","contentUrl":"https:\/\/www.pacoteshyatt.com.br\/sao-paulo\/wp-content\/uploads\/sites\/3\/2024\/08\/308x200.png","width":308,"height":200,"caption":"grand celebration"},{"@type":"WebPage","@id":"https:\/\/www.pacoteshyatt.com.br\/sao-paulo\/product\/grand-celebration\/#webpage","url":"https:\/\/www.pacoteshyatt.com.br\/sao-paulo\/product\/grand-celebration\/","name":"GRAND CELEBRATION - GRAND HYATT S\u00c3O PAULO","isPartOf":{"@id":"https:\/\/www.pacoteshyatt.com.br\/sao-paulo\/#website"},"primaryImageOfPage":{"@id":"https:\/\/www.pacoteshyatt.com.br\/sao-paulo\/product\/grand-celebration\/#primaryimage"},"datePublished":"2024-08-29T16:13:59+00:00","dateModified":"2026-03-31T18:24:38+00:00","description":"Dia da Noiva e Noite de N\u00fapcias no Grand Hyatt S\u00e3o Paulo, a combina\u00e7\u00e3o perfeita para a prepara\u00e7\u00e3o e celebra\u00e7\u00e3o do melhor dia da sua vida.","breadcrumb":{"@id":"https:\/\/www.pacoteshyatt.com.br\/sao-paulo\/product\/grand-celebration\/#breadcrumb"},"inLanguage":"pt-BR","potentialAction":[{"@type":"ReadAction","target":["https:\/\/www.pacoteshyatt.com.br\/sao-paulo\/product\/grand-celebration\/"]}]},{"@type":"BreadcrumbList","@id":"https:\/\/www.pacoteshyatt.com.br\/sao-paulo\/product\/grand-celebration\/#breadcrumb","itemListElement":[{"@type":"ListItem","position":1,"name":"Home","item":"https:\/\/www.pacoteshyatt.com.br\/sao-paulo\/"},{"@type":"ListItem","position":2,"name":"Shop","item":"https:\/\/www.pacoteshyatt.com.br\/sao-paulo\/shop\/"},{"@type":"ListItem","position":3,"name":"GRAND CELEBRATION"}]}]}},"_links":{"self":[{"href":"https:\/\/www.pacoteshyatt.com.br\/sao-paulo\/wp-json\/wp\/v2\/product\/14011"}],"collection":[{"href":"https:\/\/www.pacoteshyatt.com.br\/sao-paulo\/wp-json\/wp\/v2\/product"}],"about":[{"href":"https:\/\/www.pacoteshyatt.com.br\/sao-paulo\/wp-json\/wp\/v2\/types\/product"}],"replies":[{"embeddable":true,"href":"https:\/\/www.pacoteshyatt.com.br\/sao-paulo\/wp-json\/wp\/v2\/comments?post=14011"}],"wp:featuredmedia":[{"embeddable":true,"href":"https:\/\/www.pacoteshyatt.com.br\/sao-paulo\/wp-json\/wp\/v2\/media\/14025"}],"wp:attachment":[{"href":"https:\/\/www.pacoteshyatt.com.br\/sao-paulo\/wp-json\/wp\/v2\/media?parent=14011"}],"wp:term":[{"taxonomy":"product_cat","embeddable":true,"href":"https:\/\/www.pacoteshyatt.com.br\/sao-paulo\/wp-json\/wp\/v2\/product_cat?post=14011"},{"taxonomy":"product_tag","embeddable":true,"href":"https:\/\/www.pacoteshyatt.com.br\/sao-paulo\/wp-json\/wp\/v2\/product_tag?post=14011"}],"curies":[{"name":"wp","href":"https:\/\/api.w.org\/{rel}","templated":true}]}}