{"id":14380,"date":"2024-10-31T00:01:32","date_gmt":"2024-10-31T03:01:32","guid":{"rendered":"https:\/\/www.pacoteshyatt.com.br\/sao-paulo\/?post_type=product&#038;p=14380"},"modified":"2024-11-12T15:25:21","modified_gmt":"2024-11-12T18:25:21","slug":"28-11-thanksgiving-black-week","status":"publish","type":"product","link":"https:\/\/www.pacoteshyatt.com.br\/sao-paulo\/product\/28-11-thanksgiving-black-week\/","title":{"rendered":"28\/11 | THANKSGIVING | BLACK NOVEMBER"},"content":{"rendered":"<p><strong>Black Friday: 30% de Desconto no Jantar de Thanksgiving do Grand Hyatt S\u00e3o Paulo<\/strong><\/p>\n<p>Aproveite esta Black Friday e celebre o <strong>Thanksgiving<\/strong> <strong>no<\/strong> <strong>Grand Hyatt S\u00e3o Paulo<\/strong> <strong>com 30% de desconto<\/strong>! Re\u00fana familiares e amigos para uma noite especial de gratid\u00e3o e uni\u00e3o, em um jantar exclusivo que traz o melhor da tradi\u00e7\u00e3o norte-americana, agora com venda limitada.<\/p>\n<p>Desfrute do tradicional peru assado, marinado em suco de ma\u00e7\u00e3 e servido com ou sem recheio, al\u00e9m de um delicioso stuffing de alho-por\u00f3, bacon e lingui\u00e7a. Para quem prefere op\u00e7\u00f5es mais leves, nossa Salada de Figo Assado com r\u00facula, gorgonzola e vinagrete de mel, e a cl\u00e1ssica Salada Ni\u00e7oise, trazem frescor e sabor \u00e0 mesa.<\/p>\n<p>E para ado\u00e7ar a noite, nosso buffet de sobremesas inclui del\u00edcias tradicionais como a torta de ab\u00f3bora, cheesecake, torta de noz pecan, al\u00e9m de op\u00e7\u00f5es como o bolo fudge de am\u00eandoas e macarons que prometem encantar todos os paladares.<\/p>\n<p>Este <strong>Thanksgiving<\/strong> ser\u00e1 ainda mais especial com o desconto de 30%, v\u00e1lido apenas durante a Black Friday, e com vagas limitadas. Celebre em grande estilo no ambiente sofisticado do Grand Hyatt S\u00e3o Paulo, onde cada detalhe \u00e9 pensado para tornar sua noite inesquec\u00edvel.<\/p>\n<p>Garanta j\u00e1 seu lugar e n\u00e3o perca esta oportunidade \u00fanica de viver um Thanksgiving repleto de sabores, momentos especiais e descontos exclusivos!<\/p>\n","protected":false},"excerpt":{"rendered":"<p>Black Friday: 30% de Desconto no Jantar de Thanksgiving do Grand Hyatt S\u00e3o Paulo Aproveite esta Black Friday e celebre o Thanksgiving no Grand Hyatt S\u00e3o Paulo com 30% de desconto! Re\u00fana familiares e amigos para uma noite especial de gratid\u00e3o e uni\u00e3o, em um jantar exclusivo que traz o melhor da tradi\u00e7\u00e3o norte-americana, agora [&hellip;]<\/p>\n","protected":false},"featured_media":14695,"comment_status":"open","ping_status":"closed","template":"","meta":{"_eb_attr":""},"product_cat":[52,57,41,48,47,31,27],"product_tag":[],"yoast_head":"<!-- This site is optimized with the Yoast SEO plugin v18.4.1 - https:\/\/yoast.com\/wordpress\/plugins\/seo\/ -->\n<title>Thanksgiving com Desconto na Black Week - Hyatt S\u00e3o Paulo<\/title>\n<meta name=\"description\" content=\"Celebre o Thanksgiving com um jantar especial no Hyatt S\u00e3o Paulo e aproveite os descontos exclusivos da Black Week. Reserve sua experi\u00eancia gastron\u00f4mica!\" \/>\n<meta name=\"robots\" content=\"index, follow, max-snippet:-1, max-image-preview:large, max-video-preview:-1\" \/>\n<link rel=\"canonical\" href=\"https:\/\/www.pacoteshyatt.com.br\/sao-paulo\/product\/28-11-thanksgiving-black-week\/\" \/>\n<meta property=\"og:locale\" content=\"pt_BR\" \/>\n<meta property=\"og:type\" content=\"article\" \/>\n<meta property=\"og:title\" content=\"Thanksgiving com Desconto na Black Week - Hyatt S\u00e3o Paulo\" \/>\n<meta property=\"og:description\" content=\"Celebre o Thanksgiving com um jantar especial no Hyatt S\u00e3o Paulo e aproveite os descontos exclusivos da Black Week. Reserve sua experi\u00eancia gastron\u00f4mica!\" \/>\n<meta property=\"og:url\" content=\"https:\/\/www.pacoteshyatt.com.br\/sao-paulo\/product\/28-11-thanksgiving-black-week\/\" \/>\n<meta property=\"og:site_name\" content=\"GRAND HYATT S\u00c3O PAULO\" \/>\n<meta property=\"article:modified_time\" content=\"2024-11-12T18:25:21+00:00\" \/>\n<meta property=\"og:image\" content=\"https:\/\/www.pacoteshyatt.com.br\/sao-paulo\/wp-content\/uploads\/sites\/3\/2024\/09\/Campanha_Thanksgiving_308x200.png\" \/>\n\t<meta property=\"og:image:width\" content=\"308\" \/>\n\t<meta property=\"og:image:height\" content=\"200\" \/>\n\t<meta property=\"og:image:type\" content=\"image\/png\" \/>\n<meta name=\"twitter:card\" content=\"summary_large_image\" \/>\n<meta name=\"twitter:label1\" content=\"Est. tempo de leitura\" \/>\n\t<meta name=\"twitter:data1\" content=\"2 minutos\" \/>\n<script type=\"application\/ld+json\" class=\"yoast-schema-graph\">{\"@context\":\"https:\/\/schema.org\",\"@graph\":[{\"@type\":\"WebSite\",\"@id\":\"https:\/\/www.pacoteshyatt.com.br\/sao-paulo\/#website\",\"url\":\"https:\/\/www.pacoteshyatt.com.br\/sao-paulo\/\",\"name\":\"GRAND HYATT S\u00c3O PAULO\",\"description\":\"S\u00f3 mais um site Hot\u00e9is Grand Hyatt Rio de Janeiro e S\u00e3o Paulo sites\",\"potentialAction\":[{\"@type\":\"SearchAction\",\"target\":{\"@type\":\"EntryPoint\",\"urlTemplate\":\"https:\/\/www.pacoteshyatt.com.br\/sao-paulo\/?s={search_term_string}\"},\"query-input\":\"required name=search_term_string\"}],\"inLanguage\":\"pt-BR\"},{\"@type\":\"ImageObject\",\"@id\":\"https:\/\/www.pacoteshyatt.com.br\/sao-paulo\/product\/28-11-thanksgiving-black-week\/#primaryimage\",\"inLanguage\":\"pt-BR\",\"url\":\"https:\/\/www.pacoteshyatt.com.br\/sao-paulo\/wp-content\/uploads\/sites\/3\/2024\/09\/Campanha_Thanksgiving_308x200.png\",\"contentUrl\":\"https:\/\/www.pacoteshyatt.com.br\/sao-paulo\/wp-content\/uploads\/sites\/3\/2024\/09\/Campanha_Thanksgiving_308x200.png\",\"width\":308,\"height\":200,\"caption\":\"thanksgiving black\"},{\"@type\":\"WebPage\",\"@id\":\"https:\/\/www.pacoteshyatt.com.br\/sao-paulo\/product\/28-11-thanksgiving-black-week\/#webpage\",\"url\":\"https:\/\/www.pacoteshyatt.com.br\/sao-paulo\/product\/28-11-thanksgiving-black-week\/\",\"name\":\"Thanksgiving com Desconto na Black Week - Hyatt S\u00e3o Paulo\",\"isPartOf\":{\"@id\":\"https:\/\/www.pacoteshyatt.com.br\/sao-paulo\/#website\"},\"primaryImageOfPage\":{\"@id\":\"https:\/\/www.pacoteshyatt.com.br\/sao-paulo\/product\/28-11-thanksgiving-black-week\/#primaryimage\"},\"datePublished\":\"2024-10-31T03:01:32+00:00\",\"dateModified\":\"2024-11-12T18:25:21+00:00\",\"description\":\"Celebre o Thanksgiving com um jantar especial no Hyatt S\u00e3o Paulo e aproveite os descontos exclusivos da Black Week. Reserve sua experi\u00eancia gastron\u00f4mica!\",\"breadcrumb\":{\"@id\":\"https:\/\/www.pacoteshyatt.com.br\/sao-paulo\/product\/28-11-thanksgiving-black-week\/#breadcrumb\"},\"inLanguage\":\"pt-BR\",\"potentialAction\":[{\"@type\":\"ReadAction\",\"target\":[\"https:\/\/www.pacoteshyatt.com.br\/sao-paulo\/product\/28-11-thanksgiving-black-week\/\"]}]},{\"@type\":\"BreadcrumbList\",\"@id\":\"https:\/\/www.pacoteshyatt.com.br\/sao-paulo\/product\/28-11-thanksgiving-black-week\/#breadcrumb\",\"itemListElement\":[{\"@type\":\"ListItem\",\"position\":1,\"name\":\"Home\",\"item\":\"https:\/\/www.pacoteshyatt.com.br\/sao-paulo\/\"},{\"@type\":\"ListItem\",\"position\":2,\"name\":\"Shop\",\"item\":\"https:\/\/www.pacoteshyatt.com.br\/sao-paulo\/shop\/\"},{\"@type\":\"ListItem\",\"position\":3,\"name\":\"28\/11 | THANKSGIVING | BLACK NOVEMBER\"}]}]}<\/script>\n<!-- \/ Yoast SEO plugin. -->","yoast_head_json":{"title":"Thanksgiving com Desconto na Black Week - Hyatt S\u00e3o Paulo","description":"Celebre o Thanksgiving com um jantar especial no Hyatt S\u00e3o Paulo e aproveite os descontos exclusivos da Black Week. Reserve sua experi\u00eancia gastron\u00f4mica!","robots":{"index":"index","follow":"follow","max-snippet":"max-snippet:-1","max-image-preview":"max-image-preview:large","max-video-preview":"max-video-preview:-1"},"canonical":"https:\/\/www.pacoteshyatt.com.br\/sao-paulo\/product\/28-11-thanksgiving-black-week\/","og_locale":"pt_BR","og_type":"article","og_title":"Thanksgiving com Desconto na Black Week - Hyatt S\u00e3o Paulo","og_description":"Celebre o Thanksgiving com um jantar especial no Hyatt S\u00e3o Paulo e aproveite os descontos exclusivos da Black Week. Reserve sua experi\u00eancia gastron\u00f4mica!","og_url":"https:\/\/www.pacoteshyatt.com.br\/sao-paulo\/product\/28-11-thanksgiving-black-week\/","og_site_name":"GRAND HYATT S\u00c3O PAULO","article_modified_time":"2024-11-12T18:25:21+00:00","og_image":[{"width":308,"height":200,"url":"https:\/\/www.pacoteshyatt.com.br\/sao-paulo\/wp-content\/uploads\/sites\/3\/2024\/09\/Campanha_Thanksgiving_308x200.png","type":"image\/png"}],"twitter_card":"summary_large_image","twitter_misc":{"Est. tempo de leitura":"2 minutos"},"schema":{"@context":"https:\/\/schema.org","@graph":[{"@type":"WebSite","@id":"https:\/\/www.pacoteshyatt.com.br\/sao-paulo\/#website","url":"https:\/\/www.pacoteshyatt.com.br\/sao-paulo\/","name":"GRAND HYATT S\u00c3O PAULO","description":"S\u00f3 mais um site Hot\u00e9is Grand Hyatt Rio de Janeiro e S\u00e3o Paulo sites","potentialAction":[{"@type":"SearchAction","target":{"@type":"EntryPoint","urlTemplate":"https:\/\/www.pacoteshyatt.com.br\/sao-paulo\/?s={search_term_string}"},"query-input":"required name=search_term_string"}],"inLanguage":"pt-BR"},{"@type":"ImageObject","@id":"https:\/\/www.pacoteshyatt.com.br\/sao-paulo\/product\/28-11-thanksgiving-black-week\/#primaryimage","inLanguage":"pt-BR","url":"https:\/\/www.pacoteshyatt.com.br\/sao-paulo\/wp-content\/uploads\/sites\/3\/2024\/09\/Campanha_Thanksgiving_308x200.png","contentUrl":"https:\/\/www.pacoteshyatt.com.br\/sao-paulo\/wp-content\/uploads\/sites\/3\/2024\/09\/Campanha_Thanksgiving_308x200.png","width":308,"height":200,"caption":"thanksgiving black"},{"@type":"WebPage","@id":"https:\/\/www.pacoteshyatt.com.br\/sao-paulo\/product\/28-11-thanksgiving-black-week\/#webpage","url":"https:\/\/www.pacoteshyatt.com.br\/sao-paulo\/product\/28-11-thanksgiving-black-week\/","name":"Thanksgiving com Desconto na Black Week - Hyatt S\u00e3o Paulo","isPartOf":{"@id":"https:\/\/www.pacoteshyatt.com.br\/sao-paulo\/#website"},"primaryImageOfPage":{"@id":"https:\/\/www.pacoteshyatt.com.br\/sao-paulo\/product\/28-11-thanksgiving-black-week\/#primaryimage"},"datePublished":"2024-10-31T03:01:32+00:00","dateModified":"2024-11-12T18:25:21+00:00","description":"Celebre o Thanksgiving com um jantar especial no Hyatt S\u00e3o Paulo e aproveite os descontos exclusivos da Black Week. Reserve sua experi\u00eancia gastron\u00f4mica!","breadcrumb":{"@id":"https:\/\/www.pacoteshyatt.com.br\/sao-paulo\/product\/28-11-thanksgiving-black-week\/#breadcrumb"},"inLanguage":"pt-BR","potentialAction":[{"@type":"ReadAction","target":["https:\/\/www.pacoteshyatt.com.br\/sao-paulo\/product\/28-11-thanksgiving-black-week\/"]}]},{"@type":"BreadcrumbList","@id":"https:\/\/www.pacoteshyatt.com.br\/sao-paulo\/product\/28-11-thanksgiving-black-week\/#breadcrumb","itemListElement":[{"@type":"ListItem","position":1,"name":"Home","item":"https:\/\/www.pacoteshyatt.com.br\/sao-paulo\/"},{"@type":"ListItem","position":2,"name":"Shop","item":"https:\/\/www.pacoteshyatt.com.br\/sao-paulo\/shop\/"},{"@type":"ListItem","position":3,"name":"28\/11 | THANKSGIVING | BLACK NOVEMBER"}]}]}},"_links":{"self":[{"href":"https:\/\/www.pacoteshyatt.com.br\/sao-paulo\/wp-json\/wp\/v2\/product\/14380"}],"collection":[{"href":"https:\/\/www.pacoteshyatt.com.br\/sao-paulo\/wp-json\/wp\/v2\/product"}],"about":[{"href":"https:\/\/www.pacoteshyatt.com.br\/sao-paulo\/wp-json\/wp\/v2\/types\/product"}],"replies":[{"embeddable":true,"href":"https:\/\/www.pacoteshyatt.com.br\/sao-paulo\/wp-json\/wp\/v2\/comments?post=14380"}],"wp:featuredmedia":[{"embeddable":true,"href":"https:\/\/www.pacoteshyatt.com.br\/sao-paulo\/wp-json\/wp\/v2\/media\/14695"}],"wp:attachment":[{"href":"https:\/\/www.pacoteshyatt.com.br\/sao-paulo\/wp-json\/wp\/v2\/media?parent=14380"}],"wp:term":[{"taxonomy":"product_cat","embeddable":true,"href":"https:\/\/www.pacoteshyatt.com.br\/sao-paulo\/wp-json\/wp\/v2\/product_cat?post=14380"},{"taxonomy":"product_tag","embeddable":true,"href":"https:\/\/www.pacoteshyatt.com.br\/sao-paulo\/wp-json\/wp\/v2\/product_tag?post=14380"}],"curies":[{"name":"wp","href":"https:\/\/api.w.org\/{rel}","templated":true}]}}