{"id":14392,"date":"2024-10-31T00:01:42","date_gmt":"2024-10-31T03:01:42","guid":{"rendered":"https:\/\/www.pacoteshyatt.com.br\/sao-paulo\/?post_type=product&#038;p=14392"},"modified":"2025-12-01T12:03:59","modified_gmt":"2025-12-01T15:03:59","slug":"day-use-dias-de-semana-black-november","status":"publish","type":"product","link":"https:\/\/www.pacoteshyatt.com.br\/sao-paulo\/product\/day-use-dias-de-semana-black-november\/","title":{"rendered":"DAY USE | DIAS DE SEMANA"},"content":{"rendered":"<p><strong>Aproveite o Day Use no Grand Hyatt S\u00e3o Paulo<\/strong> e viva um dia de relaxamento e bem-estar incompar\u00e1veis. Em meio \u00e0 agita\u00e7\u00e3o da cidade, o Grand Hyatt S\u00e3o Paulo oferece uma experi\u00eancia \u00fanica, combinando luxo, tranquilidade e servi\u00e7os de classe mundial.<\/p>\n<p>Com o Day Use, voc\u00ea tem acesso completo \u00e0s instala\u00e7\u00f5es do hotel, aproveitando uma jornada de renova\u00e7\u00e3o e tranquilidade:<\/p>\n<ul>\n<li>Sauna Seca: Relaxe e renove suas energias com o calor revigorante da sauna seca, ideal para aliviar tens\u00f5es e purificar o corpo.<\/li>\n<li>Amanary Spa: Desfrute de tratamentos exclusivos e massagens revigorantes no nosso prestigiado Amanary Spa, um verdadeiro o\u00e1sis de bem-estar.<\/li>\n<li>Piscinas Exclusivas: Relaxe nas nossas piscinas, a interna, climatizada para qualquer esta\u00e7\u00e3o do ano, e a externa, com vistas deslumbrantes, perfeita para dias ensolarados.<\/li>\n<li>Academia Modernamente Equipada: Nossa academia conta com equipamentos Technogym de \u00faltima gera\u00e7\u00e3o, permitindo que voc\u00ea cuide do corpo em grande estilo, mantendo sua rotina de treino.<\/li>\n<\/ul>\n<p>Al\u00e9m disso, voc\u00ea conta com 3 horas de estacionamento com manobrista, oferecendo ainda mais comodidade.<\/p>\n<p>Reserve agora e viva uma experi\u00eancia de relaxamento inesquec\u00edvel!<\/p>\n<p><strong><em>V\u00c1LIDO PARA UTILIZA\u00c7\u00c3O DE SEGUNDA A SEXTA, DAS 6H \u00c0S 22H. <\/em><\/strong><\/p>\n<p><strong><em>EXCETO FERIADOS. <\/em><em>SUJEITO \u00c0 DISPONIBILIDADE E AGENDAMENTO PR\u00c9VIO.<\/em><\/strong><\/p>\n","protected":false},"excerpt":{"rendered":"<p>Aproveite o Day Use no Grand Hyatt S\u00e3o Paulo e viva um dia de relaxamento e bem-estar incompar\u00e1veis. Em meio \u00e0 agita\u00e7\u00e3o da cidade, o Grand Hyatt S\u00e3o Paulo oferece uma experi\u00eancia \u00fanica, combinando luxo, tranquilidade e servi\u00e7os de classe mundial. Com o Day Use, voc\u00ea tem acesso completo \u00e0s instala\u00e7\u00f5es do hotel, aproveitando uma [&hellip;]<\/p>\n","protected":false},"featured_media":20554,"comment_status":"open","ping_status":"closed","template":"","meta":{"_eb_attr":""},"product_cat":[53,57,47,49,20,24,31],"product_tag":[],"yoast_head":"<!-- This site is optimized with the Yoast SEO plugin v18.4.1 - https:\/\/yoast.com\/wordpress\/plugins\/seo\/ -->\n<title>Massagens Cl\u00e1ssicas Black November \u2013 Grand Hyatt S\u00e3o Paulo<\/title>\n<meta name=\"description\" content=\"Relaxe com massagens cl\u00e1ssicas no Hyatt S\u00e3o Paulo e aproveite os descontos da Black November. Bem-estar e tranquilidade em um ambiente exclusivo. Reserve j\u00e1.\" \/>\n<meta name=\"robots\" content=\"index, follow, max-snippet:-1, max-image-preview:large, max-video-preview:-1\" \/>\n<link rel=\"canonical\" href=\"https:\/\/www.pacoteshyatt.com.br\/sao-paulo\/product\/day-use-dias-de-semana-black-november\/\" \/>\n<meta property=\"og:locale\" content=\"pt_BR\" \/>\n<meta property=\"og:type\" content=\"article\" \/>\n<meta property=\"og:title\" content=\"Massagens Cl\u00e1ssicas Black November \u2013 Grand Hyatt S\u00e3o Paulo\" \/>\n<meta property=\"og:description\" content=\"Relaxe com massagens cl\u00e1ssicas no Hyatt S\u00e3o Paulo e aproveite os descontos da Black November. Bem-estar e tranquilidade em um ambiente exclusivo. Reserve j\u00e1.\" \/>\n<meta property=\"og:url\" content=\"https:\/\/www.pacoteshyatt.com.br\/sao-paulo\/product\/day-use-dias-de-semana-black-november\/\" \/>\n<meta property=\"og:site_name\" content=\"GRAND HYATT S\u00c3O PAULO\" \/>\n<meta property=\"article:modified_time\" content=\"2025-12-01T15:03:59+00:00\" \/>\n<meta property=\"og:image\" content=\"https:\/\/www.pacoteshyatt.com.br\/sao-paulo\/wp-content\/uploads\/sites\/3\/2024\/10\/GHSP_DayUseDiasDaSemana_BannerDestaques_308x200px_v1.png\" \/>\n\t<meta property=\"og:image:width\" content=\"308\" \/>\n\t<meta property=\"og:image:height\" content=\"200\" \/>\n\t<meta property=\"og:image:type\" content=\"image\/png\" \/>\n<meta name=\"twitter:card\" content=\"summary_large_image\" \/>\n<meta name=\"twitter:label1\" content=\"Est. tempo de leitura\" \/>\n\t<meta name=\"twitter:data1\" content=\"2 minutos\" \/>\n<script type=\"application\/ld+json\" class=\"yoast-schema-graph\">{\"@context\":\"https:\/\/schema.org\",\"@graph\":[{\"@type\":\"WebSite\",\"@id\":\"https:\/\/www.pacoteshyatt.com.br\/sao-paulo\/#website\",\"url\":\"https:\/\/www.pacoteshyatt.com.br\/sao-paulo\/\",\"name\":\"GRAND HYATT S\u00c3O PAULO\",\"description\":\"S\u00f3 mais um site Hot\u00e9is Grand Hyatt Rio de Janeiro e S\u00e3o Paulo sites\",\"potentialAction\":[{\"@type\":\"SearchAction\",\"target\":{\"@type\":\"EntryPoint\",\"urlTemplate\":\"https:\/\/www.pacoteshyatt.com.br\/sao-paulo\/?s={search_term_string}\"},\"query-input\":\"required name=search_term_string\"}],\"inLanguage\":\"pt-BR\"},{\"@type\":\"ImageObject\",\"@id\":\"https:\/\/www.pacoteshyatt.com.br\/sao-paulo\/product\/day-use-dias-de-semana-black-november\/#primaryimage\",\"inLanguage\":\"pt-BR\",\"url\":\"https:\/\/www.pacoteshyatt.com.br\/sao-paulo\/wp-content\/uploads\/sites\/3\/2024\/10\/GHSP_DayUseDiasDaSemana_BannerDestaques_308x200px_v1.png\",\"contentUrl\":\"https:\/\/www.pacoteshyatt.com.br\/sao-paulo\/wp-content\/uploads\/sites\/3\/2024\/10\/GHSP_DayUseDiasDaSemana_BannerDestaques_308x200px_v1.png\",\"width\":308,\"height\":200},{\"@type\":\"WebPage\",\"@id\":\"https:\/\/www.pacoteshyatt.com.br\/sao-paulo\/product\/day-use-dias-de-semana-black-november\/#webpage\",\"url\":\"https:\/\/www.pacoteshyatt.com.br\/sao-paulo\/product\/day-use-dias-de-semana-black-november\/\",\"name\":\"Massagens Cl\u00e1ssicas Black November \u2013 Grand Hyatt S\u00e3o Paulo\",\"isPartOf\":{\"@id\":\"https:\/\/www.pacoteshyatt.com.br\/sao-paulo\/#website\"},\"primaryImageOfPage\":{\"@id\":\"https:\/\/www.pacoteshyatt.com.br\/sao-paulo\/product\/day-use-dias-de-semana-black-november\/#primaryimage\"},\"datePublished\":\"2024-10-31T03:01:42+00:00\",\"dateModified\":\"2025-12-01T15:03:59+00:00\",\"description\":\"Relaxe com massagens cl\u00e1ssicas no Hyatt S\u00e3o Paulo e aproveite os descontos da Black November. Bem-estar e tranquilidade em um ambiente exclusivo. Reserve j\u00e1.\",\"breadcrumb\":{\"@id\":\"https:\/\/www.pacoteshyatt.com.br\/sao-paulo\/product\/day-use-dias-de-semana-black-november\/#breadcrumb\"},\"inLanguage\":\"pt-BR\",\"potentialAction\":[{\"@type\":\"ReadAction\",\"target\":[\"https:\/\/www.pacoteshyatt.com.br\/sao-paulo\/product\/day-use-dias-de-semana-black-november\/\"]}]},{\"@type\":\"BreadcrumbList\",\"@id\":\"https:\/\/www.pacoteshyatt.com.br\/sao-paulo\/product\/day-use-dias-de-semana-black-november\/#breadcrumb\",\"itemListElement\":[{\"@type\":\"ListItem\",\"position\":1,\"name\":\"Home\",\"item\":\"https:\/\/www.pacoteshyatt.com.br\/sao-paulo\/\"},{\"@type\":\"ListItem\",\"position\":2,\"name\":\"Shop\",\"item\":\"https:\/\/www.pacoteshyatt.com.br\/sao-paulo\/shop\/\"},{\"@type\":\"ListItem\",\"position\":3,\"name\":\"DAY USE | DIAS DE SEMANA\"}]}]}<\/script>\n<!-- \/ Yoast SEO plugin. -->","yoast_head_json":{"title":"Massagens Cl\u00e1ssicas Black November \u2013 Grand Hyatt S\u00e3o Paulo","description":"Relaxe com massagens cl\u00e1ssicas no Hyatt S\u00e3o Paulo e aproveite os descontos da Black November. Bem-estar e tranquilidade em um ambiente exclusivo. Reserve j\u00e1.","robots":{"index":"index","follow":"follow","max-snippet":"max-snippet:-1","max-image-preview":"max-image-preview:large","max-video-preview":"max-video-preview:-1"},"canonical":"https:\/\/www.pacoteshyatt.com.br\/sao-paulo\/product\/day-use-dias-de-semana-black-november\/","og_locale":"pt_BR","og_type":"article","og_title":"Massagens Cl\u00e1ssicas Black November \u2013 Grand Hyatt S\u00e3o Paulo","og_description":"Relaxe com massagens cl\u00e1ssicas no Hyatt S\u00e3o Paulo e aproveite os descontos da Black November. Bem-estar e tranquilidade em um ambiente exclusivo. Reserve j\u00e1.","og_url":"https:\/\/www.pacoteshyatt.com.br\/sao-paulo\/product\/day-use-dias-de-semana-black-november\/","og_site_name":"GRAND HYATT S\u00c3O PAULO","article_modified_time":"2025-12-01T15:03:59+00:00","og_image":[{"width":308,"height":200,"url":"https:\/\/www.pacoteshyatt.com.br\/sao-paulo\/wp-content\/uploads\/sites\/3\/2024\/10\/GHSP_DayUseDiasDaSemana_BannerDestaques_308x200px_v1.png","type":"image\/png"}],"twitter_card":"summary_large_image","twitter_misc":{"Est. tempo de leitura":"2 minutos"},"schema":{"@context":"https:\/\/schema.org","@graph":[{"@type":"WebSite","@id":"https:\/\/www.pacoteshyatt.com.br\/sao-paulo\/#website","url":"https:\/\/www.pacoteshyatt.com.br\/sao-paulo\/","name":"GRAND HYATT S\u00c3O PAULO","description":"S\u00f3 mais um site Hot\u00e9is Grand Hyatt Rio de Janeiro e S\u00e3o Paulo sites","potentialAction":[{"@type":"SearchAction","target":{"@type":"EntryPoint","urlTemplate":"https:\/\/www.pacoteshyatt.com.br\/sao-paulo\/?s={search_term_string}"},"query-input":"required name=search_term_string"}],"inLanguage":"pt-BR"},{"@type":"ImageObject","@id":"https:\/\/www.pacoteshyatt.com.br\/sao-paulo\/product\/day-use-dias-de-semana-black-november\/#primaryimage","inLanguage":"pt-BR","url":"https:\/\/www.pacoteshyatt.com.br\/sao-paulo\/wp-content\/uploads\/sites\/3\/2024\/10\/GHSP_DayUseDiasDaSemana_BannerDestaques_308x200px_v1.png","contentUrl":"https:\/\/www.pacoteshyatt.com.br\/sao-paulo\/wp-content\/uploads\/sites\/3\/2024\/10\/GHSP_DayUseDiasDaSemana_BannerDestaques_308x200px_v1.png","width":308,"height":200},{"@type":"WebPage","@id":"https:\/\/www.pacoteshyatt.com.br\/sao-paulo\/product\/day-use-dias-de-semana-black-november\/#webpage","url":"https:\/\/www.pacoteshyatt.com.br\/sao-paulo\/product\/day-use-dias-de-semana-black-november\/","name":"Massagens Cl\u00e1ssicas Black November \u2013 Grand Hyatt S\u00e3o Paulo","isPartOf":{"@id":"https:\/\/www.pacoteshyatt.com.br\/sao-paulo\/#website"},"primaryImageOfPage":{"@id":"https:\/\/www.pacoteshyatt.com.br\/sao-paulo\/product\/day-use-dias-de-semana-black-november\/#primaryimage"},"datePublished":"2024-10-31T03:01:42+00:00","dateModified":"2025-12-01T15:03:59+00:00","description":"Relaxe com massagens cl\u00e1ssicas no Hyatt S\u00e3o Paulo e aproveite os descontos da Black November. Bem-estar e tranquilidade em um ambiente exclusivo. Reserve j\u00e1.","breadcrumb":{"@id":"https:\/\/www.pacoteshyatt.com.br\/sao-paulo\/product\/day-use-dias-de-semana-black-november\/#breadcrumb"},"inLanguage":"pt-BR","potentialAction":[{"@type":"ReadAction","target":["https:\/\/www.pacoteshyatt.com.br\/sao-paulo\/product\/day-use-dias-de-semana-black-november\/"]}]},{"@type":"BreadcrumbList","@id":"https:\/\/www.pacoteshyatt.com.br\/sao-paulo\/product\/day-use-dias-de-semana-black-november\/#breadcrumb","itemListElement":[{"@type":"ListItem","position":1,"name":"Home","item":"https:\/\/www.pacoteshyatt.com.br\/sao-paulo\/"},{"@type":"ListItem","position":2,"name":"Shop","item":"https:\/\/www.pacoteshyatt.com.br\/sao-paulo\/shop\/"},{"@type":"ListItem","position":3,"name":"DAY USE | DIAS DE SEMANA"}]}]}},"_links":{"self":[{"href":"https:\/\/www.pacoteshyatt.com.br\/sao-paulo\/wp-json\/wp\/v2\/product\/14392"}],"collection":[{"href":"https:\/\/www.pacoteshyatt.com.br\/sao-paulo\/wp-json\/wp\/v2\/product"}],"about":[{"href":"https:\/\/www.pacoteshyatt.com.br\/sao-paulo\/wp-json\/wp\/v2\/types\/product"}],"replies":[{"embeddable":true,"href":"https:\/\/www.pacoteshyatt.com.br\/sao-paulo\/wp-json\/wp\/v2\/comments?post=14392"}],"wp:featuredmedia":[{"embeddable":true,"href":"https:\/\/www.pacoteshyatt.com.br\/sao-paulo\/wp-json\/wp\/v2\/media\/20554"}],"wp:attachment":[{"href":"https:\/\/www.pacoteshyatt.com.br\/sao-paulo\/wp-json\/wp\/v2\/media?parent=14392"}],"wp:term":[{"taxonomy":"product_cat","embeddable":true,"href":"https:\/\/www.pacoteshyatt.com.br\/sao-paulo\/wp-json\/wp\/v2\/product_cat?post=14392"},{"taxonomy":"product_tag","embeddable":true,"href":"https:\/\/www.pacoteshyatt.com.br\/sao-paulo\/wp-json\/wp\/v2\/product_tag?post=14392"}],"curies":[{"name":"wp","href":"https:\/\/api.w.org\/{rel}","templated":true}]}}