{"id":14651,"date":"2024-10-24T21:24:38","date_gmt":"2024-10-25T00:24:38","guid":{"rendered":"https:\/\/www.pacoteshyatt.com.br\/sao-paulo\/?post_type=product&#038;p=14651"},"modified":"2024-10-24T21:27:50","modified_gmt":"2024-10-25T00:27:50","slug":"cafe-da-manha","status":"publish","type":"product","link":"https:\/\/www.pacoteshyatt.com.br\/sao-paulo\/product\/cafe-da-manha\/","title":{"rendered":"CAF\u00c9 DA MANH\u00c3"},"content":{"rendered":"<p><i>Esta experi\u00eancia n\u00e3o est\u00e1 dispon\u00edvel no momento!<\/i><\/p>\n","protected":false},"excerpt":{"rendered":"<p>Esta experi\u00eancia n\u00e3o est\u00e1 dispon\u00edvel no momento!<\/p>\n","protected":false},"featured_media":0,"comment_status":"open","ping_status":"closed","template":"","meta":{"_eb_attr":""},"product_cat":[15],"product_tag":[],"yoast_head":"<!-- This site is optimized with the Yoast SEO plugin v18.4.1 - https:\/\/yoast.com\/wordpress\/plugins\/seo\/ -->\n<title>CAF\u00c9 DA MANH\u00c3 - GRAND HYATT S\u00c3O PAULO<\/title>\n<meta name=\"robots\" content=\"index, follow, max-snippet:-1, max-image-preview:large, max-video-preview:-1\" \/>\n<link rel=\"canonical\" href=\"https:\/\/www.pacoteshyatt.com.br\/sao-paulo\/product\/cafe-da-manha\/\" \/>\n<meta property=\"og:locale\" content=\"pt_BR\" \/>\n<meta property=\"og:type\" content=\"article\" \/>\n<meta property=\"og:title\" content=\"CAF\u00c9 DA MANH\u00c3 - GRAND HYATT S\u00c3O PAULO\" \/>\n<meta property=\"og:description\" content=\"Esta experi\u00eancia n\u00e3o est\u00e1 dispon\u00edvel no momento!\" \/>\n<meta property=\"og:url\" content=\"https:\/\/www.pacoteshyatt.com.br\/sao-paulo\/product\/cafe-da-manha\/\" \/>\n<meta property=\"og:site_name\" content=\"GRAND HYATT S\u00c3O PAULO\" \/>\n<meta property=\"article:modified_time\" content=\"2024-10-25T00:27:50+00:00\" \/>\n<meta name=\"twitter:card\" content=\"summary_large_image\" \/>\n<meta name=\"twitter:label1\" content=\"Est. tempo de leitura\" \/>\n\t<meta name=\"twitter:data1\" content=\"1 minuto\" \/>\n<script type=\"application\/ld+json\" class=\"yoast-schema-graph\">{\"@context\":\"https:\/\/schema.org\",\"@graph\":[{\"@type\":\"WebSite\",\"@id\":\"https:\/\/www.pacoteshyatt.com.br\/sao-paulo\/#website\",\"url\":\"https:\/\/www.pacoteshyatt.com.br\/sao-paulo\/\",\"name\":\"GRAND HYATT S\u00c3O PAULO\",\"description\":\"S\u00f3 mais um site Hot\u00e9is Grand Hyatt Rio de Janeiro e S\u00e3o Paulo sites\",\"potentialAction\":[{\"@type\":\"SearchAction\",\"target\":{\"@type\":\"EntryPoint\",\"urlTemplate\":\"https:\/\/www.pacoteshyatt.com.br\/sao-paulo\/?s={search_term_string}\"},\"query-input\":\"required name=search_term_string\"}],\"inLanguage\":\"pt-BR\"},{\"@type\":\"WebPage\",\"@id\":\"https:\/\/www.pacoteshyatt.com.br\/sao-paulo\/product\/cafe-da-manha\/#webpage\",\"url\":\"https:\/\/www.pacoteshyatt.com.br\/sao-paulo\/product\/cafe-da-manha\/\",\"name\":\"CAF\u00c9 DA MANH\u00c3 - GRAND HYATT S\u00c3O PAULO\",\"isPartOf\":{\"@id\":\"https:\/\/www.pacoteshyatt.com.br\/sao-paulo\/#website\"},\"datePublished\":\"2024-10-25T00:24:38+00:00\",\"dateModified\":\"2024-10-25T00:27:50+00:00\",\"breadcrumb\":{\"@id\":\"https:\/\/www.pacoteshyatt.com.br\/sao-paulo\/product\/cafe-da-manha\/#breadcrumb\"},\"inLanguage\":\"pt-BR\",\"potentialAction\":[{\"@type\":\"ReadAction\",\"target\":[\"https:\/\/www.pacoteshyatt.com.br\/sao-paulo\/product\/cafe-da-manha\/\"]}]},{\"@type\":\"BreadcrumbList\",\"@id\":\"https:\/\/www.pacoteshyatt.com.br\/sao-paulo\/product\/cafe-da-manha\/#breadcrumb\",\"itemListElement\":[{\"@type\":\"ListItem\",\"position\":1,\"name\":\"Home\",\"item\":\"https:\/\/www.pacoteshyatt.com.br\/sao-paulo\/\"},{\"@type\":\"ListItem\",\"position\":2,\"name\":\"Shop\",\"item\":\"https:\/\/www.pacoteshyatt.com.br\/sao-paulo\/shop\/\"},{\"@type\":\"ListItem\",\"position\":3,\"name\":\"CAF\u00c9 DA MANH\u00c3\"}]}]}<\/script>\n<!-- \/ Yoast SEO plugin. -->","yoast_head_json":{"title":"CAF\u00c9 DA MANH\u00c3 - GRAND HYATT S\u00c3O PAULO","robots":{"index":"index","follow":"follow","max-snippet":"max-snippet:-1","max-image-preview":"max-image-preview:large","max-video-preview":"max-video-preview:-1"},"canonical":"https:\/\/www.pacoteshyatt.com.br\/sao-paulo\/product\/cafe-da-manha\/","og_locale":"pt_BR","og_type":"article","og_title":"CAF\u00c9 DA MANH\u00c3 - GRAND HYATT S\u00c3O PAULO","og_description":"Esta experi\u00eancia n\u00e3o est\u00e1 dispon\u00edvel no momento!","og_url":"https:\/\/www.pacoteshyatt.com.br\/sao-paulo\/product\/cafe-da-manha\/","og_site_name":"GRAND HYATT S\u00c3O PAULO","article_modified_time":"2024-10-25T00:27:50+00:00","twitter_card":"summary_large_image","twitter_misc":{"Est. tempo de leitura":"1 minuto"},"schema":{"@context":"https:\/\/schema.org","@graph":[{"@type":"WebSite","@id":"https:\/\/www.pacoteshyatt.com.br\/sao-paulo\/#website","url":"https:\/\/www.pacoteshyatt.com.br\/sao-paulo\/","name":"GRAND HYATT S\u00c3O PAULO","description":"S\u00f3 mais um site Hot\u00e9is Grand Hyatt Rio de Janeiro e S\u00e3o Paulo sites","potentialAction":[{"@type":"SearchAction","target":{"@type":"EntryPoint","urlTemplate":"https:\/\/www.pacoteshyatt.com.br\/sao-paulo\/?s={search_term_string}"},"query-input":"required name=search_term_string"}],"inLanguage":"pt-BR"},{"@type":"WebPage","@id":"https:\/\/www.pacoteshyatt.com.br\/sao-paulo\/product\/cafe-da-manha\/#webpage","url":"https:\/\/www.pacoteshyatt.com.br\/sao-paulo\/product\/cafe-da-manha\/","name":"CAF\u00c9 DA MANH\u00c3 - GRAND HYATT S\u00c3O PAULO","isPartOf":{"@id":"https:\/\/www.pacoteshyatt.com.br\/sao-paulo\/#website"},"datePublished":"2024-10-25T00:24:38+00:00","dateModified":"2024-10-25T00:27:50+00:00","breadcrumb":{"@id":"https:\/\/www.pacoteshyatt.com.br\/sao-paulo\/product\/cafe-da-manha\/#breadcrumb"},"inLanguage":"pt-BR","potentialAction":[{"@type":"ReadAction","target":["https:\/\/www.pacoteshyatt.com.br\/sao-paulo\/product\/cafe-da-manha\/"]}]},{"@type":"BreadcrumbList","@id":"https:\/\/www.pacoteshyatt.com.br\/sao-paulo\/product\/cafe-da-manha\/#breadcrumb","itemListElement":[{"@type":"ListItem","position":1,"name":"Home","item":"https:\/\/www.pacoteshyatt.com.br\/sao-paulo\/"},{"@type":"ListItem","position":2,"name":"Shop","item":"https:\/\/www.pacoteshyatt.com.br\/sao-paulo\/shop\/"},{"@type":"ListItem","position":3,"name":"CAF\u00c9 DA MANH\u00c3"}]}]}},"_links":{"self":[{"href":"https:\/\/www.pacoteshyatt.com.br\/sao-paulo\/wp-json\/wp\/v2\/product\/14651"}],"collection":[{"href":"https:\/\/www.pacoteshyatt.com.br\/sao-paulo\/wp-json\/wp\/v2\/product"}],"about":[{"href":"https:\/\/www.pacoteshyatt.com.br\/sao-paulo\/wp-json\/wp\/v2\/types\/product"}],"replies":[{"embeddable":true,"href":"https:\/\/www.pacoteshyatt.com.br\/sao-paulo\/wp-json\/wp\/v2\/comments?post=14651"}],"wp:attachment":[{"href":"https:\/\/www.pacoteshyatt.com.br\/sao-paulo\/wp-json\/wp\/v2\/media?parent=14651"}],"wp:term":[{"taxonomy":"product_cat","embeddable":true,"href":"https:\/\/www.pacoteshyatt.com.br\/sao-paulo\/wp-json\/wp\/v2\/product_cat?post=14651"},{"taxonomy":"product_tag","embeddable":true,"href":"https:\/\/www.pacoteshyatt.com.br\/sao-paulo\/wp-json\/wp\/v2\/product_tag?post=14651"}],"curies":[{"name":"wp","href":"https:\/\/api.w.org\/{rel}","templated":true}]}}