{"id":16429,"date":"2025-01-09T18:00:27","date_gmt":"2025-01-09T21:00:27","guid":{"rendered":"https:\/\/www.pacoteshyatt.com.br\/sao-paulo\/?post_type=product&#038;p=16429"},"modified":"2025-04-02T09:54:17","modified_gmt":"2025-04-02T12:54:17","slug":"17-off","status":"publish","type":"product","link":"https:\/\/www.pacoteshyatt.com.br\/sao-paulo\/product\/17-off\/","title":{"rendered":"HOSPEDAGEM DE VER\u00c3O"},"content":{"rendered":"<p><strong>Experi\u00eancia Exclusiva para Membros World of Hyatt no Grand Hyatt S\u00e3o Paulo<\/strong><\/p>\n<p>Ser membro do programa de fidelidade World of Hyatt significa viver experi\u00eancias exclusivas e aproveitar benef\u00edcios especiais ao se hospedar no Grand Hyatt S\u00e3o Paulo.<\/p>\n<p>Localizado na Avenida das Na\u00e7\u00f5es Unidas, o hotel combina conforto, sofistica\u00e7\u00e3o e servi\u00e7o impec\u00e1vel. Os h\u00f3spedes desfrutam de quartos amplos com vistas deslumbrantes da cidade, al\u00e9m de acesso a uma s\u00e9rie de comodidades premium que garantem uma estada inesquec\u00edvel.<\/p>\n<p>Como membro World of Hyatt, voc\u00ea tem acesso a privil\u00e9gios exclusivos, como upgrades de categoria conforme disponibilidade, late check-out para maior comodidade e ac\u00famulo de pontos que podem ser trocados por di\u00e1rias, experi\u00eancias gastron\u00f4micas e muito mais.<\/p>\n<p>Relaxe no premiado Amanary Spa, aproveite a moderna academia e as piscinas \u2014 interna climatizada e externa, perfeita para dias de sol. A gastronomia \u00e9 outro destaque, com op\u00e7\u00f5es sofisticadas que v\u00e3o do Restaurante C ao Kinu Sushi Bar, proporcionando uma experi\u00eancia completa para os amantes da alta culin\u00e1ria.<\/p>\n<p>Torne sua estadia ainda mais especial com os benef\u00edcios exclusivos do programa World of Hyatt e aproveite ao m\u00e1ximo cada momento no Grand Hyatt S\u00e3o Paulo.<\/p>\n<p><strong>Hospede-se com privil\u00e9gios. Fa\u00e7a parte do World of Hyatt e descubra uma experi\u00eancia \u00fanica!<\/strong><\/p>\n","protected":false},"excerpt":{"rendered":"<p>Experi\u00eancia Exclusiva para Membros World of Hyatt no Grand Hyatt S\u00e3o Paulo Ser membro do programa de fidelidade World of Hyatt significa viver experi\u00eancias exclusivas e aproveitar benef\u00edcios especiais ao se hospedar no Grand Hyatt S\u00e3o Paulo. Localizado na Avenida das Na\u00e7\u00f5es Unidas, o hotel combina conforto, sofistica\u00e7\u00e3o e servi\u00e7o impec\u00e1vel. Os h\u00f3spedes desfrutam de [&hellip;]<\/p>\n","protected":false},"featured_media":16641,"comment_status":"open","ping_status":"closed","template":"","meta":{"_eb_attr":""},"product_cat":[57,80,19],"product_tag":[],"yoast_head":"<!-- This site is optimized with the Yoast SEO plugin v18.4.1 - https:\/\/yoast.com\/wordpress\/plugins\/seo\/ -->\n<title>Hospedagem de ver\u00e3o - Hyatt S\u00e3o Paulo<\/title>\n<meta name=\"description\" content=\"Aproveite benef\u00edcios no Hyatt S\u00e3o Paulo, exclusivo para membros World of Hyatt. Hospedagem com conforto, luxo e condi\u00e7\u00f5es especiais. Reserve agora!\" \/>\n<meta name=\"robots\" content=\"index, follow, max-snippet:-1, max-image-preview:large, max-video-preview:-1\" \/>\n<link rel=\"canonical\" href=\"https:\/\/www.pacoteshyatt.com.br\/sao-paulo\/product\/17-off\/\" \/>\n<meta property=\"og:locale\" content=\"pt_BR\" \/>\n<meta property=\"og:type\" content=\"article\" \/>\n<meta property=\"og:title\" content=\"Hospedagem de ver\u00e3o - Hyatt S\u00e3o Paulo\" \/>\n<meta property=\"og:description\" content=\"Aproveite benef\u00edcios no Hyatt S\u00e3o Paulo, exclusivo para membros World of Hyatt. Hospedagem com conforto, luxo e condi\u00e7\u00f5es especiais. Reserve agora!\" \/>\n<meta property=\"og:url\" content=\"https:\/\/www.pacoteshyatt.com.br\/sao-paulo\/product\/17-off\/\" \/>\n<meta property=\"og:site_name\" content=\"GRAND HYATT S\u00c3O PAULO\" \/>\n<meta property=\"article:modified_time\" content=\"2025-04-02T12:54:17+00:00\" \/>\n<meta property=\"og:image\" content=\"https:\/\/www.pacoteshyatt.com.br\/sao-paulo\/wp-content\/uploads\/sites\/3\/2025\/01\/Campanha_Verao_308x200.png\" \/>\n\t<meta property=\"og:image:width\" content=\"308\" \/>\n\t<meta property=\"og:image:height\" content=\"200\" \/>\n\t<meta property=\"og:image:type\" content=\"image\/png\" \/>\n<meta name=\"twitter:card\" content=\"summary_large_image\" \/>\n<meta name=\"twitter:label1\" content=\"Est. tempo de leitura\" \/>\n\t<meta name=\"twitter:data1\" content=\"2 minutos\" \/>\n<script type=\"application\/ld+json\" class=\"yoast-schema-graph\">{\"@context\":\"https:\/\/schema.org\",\"@graph\":[{\"@type\":\"WebSite\",\"@id\":\"https:\/\/www.pacoteshyatt.com.br\/sao-paulo\/#website\",\"url\":\"https:\/\/www.pacoteshyatt.com.br\/sao-paulo\/\",\"name\":\"GRAND HYATT S\u00c3O PAULO\",\"description\":\"S\u00f3 mais um site Hot\u00e9is Grand Hyatt Rio de Janeiro e S\u00e3o Paulo sites\",\"potentialAction\":[{\"@type\":\"SearchAction\",\"target\":{\"@type\":\"EntryPoint\",\"urlTemplate\":\"https:\/\/www.pacoteshyatt.com.br\/sao-paulo\/?s={search_term_string}\"},\"query-input\":\"required name=search_term_string\"}],\"inLanguage\":\"pt-BR\"},{\"@type\":\"ImageObject\",\"@id\":\"https:\/\/www.pacoteshyatt.com.br\/sao-paulo\/product\/17-off\/#primaryimage\",\"inLanguage\":\"pt-BR\",\"url\":\"https:\/\/www.pacoteshyatt.com.br\/sao-paulo\/wp-content\/uploads\/sites\/3\/2025\/01\/Campanha_Verao_308x200.png\",\"contentUrl\":\"https:\/\/www.pacoteshyatt.com.br\/sao-paulo\/wp-content\/uploads\/sites\/3\/2025\/01\/Campanha_Verao_308x200.png\",\"width\":308,\"height\":200,\"caption\":\"Hospedagem de Ver\u00e3o\"},{\"@type\":\"WebPage\",\"@id\":\"https:\/\/www.pacoteshyatt.com.br\/sao-paulo\/product\/17-off\/#webpage\",\"url\":\"https:\/\/www.pacoteshyatt.com.br\/sao-paulo\/product\/17-off\/\",\"name\":\"Hospedagem de ver\u00e3o - Hyatt S\u00e3o Paulo\",\"isPartOf\":{\"@id\":\"https:\/\/www.pacoteshyatt.com.br\/sao-paulo\/#website\"},\"primaryImageOfPage\":{\"@id\":\"https:\/\/www.pacoteshyatt.com.br\/sao-paulo\/product\/17-off\/#primaryimage\"},\"datePublished\":\"2025-01-09T21:00:27+00:00\",\"dateModified\":\"2025-04-02T12:54:17+00:00\",\"description\":\"Aproveite benef\u00edcios no Hyatt S\u00e3o Paulo, exclusivo para membros World of Hyatt. Hospedagem com conforto, luxo e condi\u00e7\u00f5es especiais. Reserve agora!\",\"breadcrumb\":{\"@id\":\"https:\/\/www.pacoteshyatt.com.br\/sao-paulo\/product\/17-off\/#breadcrumb\"},\"inLanguage\":\"pt-BR\",\"potentialAction\":[{\"@type\":\"ReadAction\",\"target\":[\"https:\/\/www.pacoteshyatt.com.br\/sao-paulo\/product\/17-off\/\"]}]},{\"@type\":\"BreadcrumbList\",\"@id\":\"https:\/\/www.pacoteshyatt.com.br\/sao-paulo\/product\/17-off\/#breadcrumb\",\"itemListElement\":[{\"@type\":\"ListItem\",\"position\":1,\"name\":\"Home\",\"item\":\"https:\/\/www.pacoteshyatt.com.br\/sao-paulo\/\"},{\"@type\":\"ListItem\",\"position\":2,\"name\":\"Shop\",\"item\":\"https:\/\/www.pacoteshyatt.com.br\/sao-paulo\/shop\/\"},{\"@type\":\"ListItem\",\"position\":3,\"name\":\"HOSPEDAGEM DE VER\u00c3O\"}]}]}<\/script>\n<!-- \/ Yoast SEO plugin. -->","yoast_head_json":{"title":"Hospedagem de ver\u00e3o - Hyatt S\u00e3o Paulo","description":"Aproveite benef\u00edcios no Hyatt S\u00e3o Paulo, exclusivo para membros World of Hyatt. Hospedagem com conforto, luxo e condi\u00e7\u00f5es especiais. Reserve agora!","robots":{"index":"index","follow":"follow","max-snippet":"max-snippet:-1","max-image-preview":"max-image-preview:large","max-video-preview":"max-video-preview:-1"},"canonical":"https:\/\/www.pacoteshyatt.com.br\/sao-paulo\/product\/17-off\/","og_locale":"pt_BR","og_type":"article","og_title":"Hospedagem de ver\u00e3o - Hyatt S\u00e3o Paulo","og_description":"Aproveite benef\u00edcios no Hyatt S\u00e3o Paulo, exclusivo para membros World of Hyatt. Hospedagem com conforto, luxo e condi\u00e7\u00f5es especiais. Reserve agora!","og_url":"https:\/\/www.pacoteshyatt.com.br\/sao-paulo\/product\/17-off\/","og_site_name":"GRAND HYATT S\u00c3O PAULO","article_modified_time":"2025-04-02T12:54:17+00:00","og_image":[{"width":308,"height":200,"url":"https:\/\/www.pacoteshyatt.com.br\/sao-paulo\/wp-content\/uploads\/sites\/3\/2025\/01\/Campanha_Verao_308x200.png","type":"image\/png"}],"twitter_card":"summary_large_image","twitter_misc":{"Est. tempo de leitura":"2 minutos"},"schema":{"@context":"https:\/\/schema.org","@graph":[{"@type":"WebSite","@id":"https:\/\/www.pacoteshyatt.com.br\/sao-paulo\/#website","url":"https:\/\/www.pacoteshyatt.com.br\/sao-paulo\/","name":"GRAND HYATT S\u00c3O PAULO","description":"S\u00f3 mais um site Hot\u00e9is Grand Hyatt Rio de Janeiro e S\u00e3o Paulo sites","potentialAction":[{"@type":"SearchAction","target":{"@type":"EntryPoint","urlTemplate":"https:\/\/www.pacoteshyatt.com.br\/sao-paulo\/?s={search_term_string}"},"query-input":"required name=search_term_string"}],"inLanguage":"pt-BR"},{"@type":"ImageObject","@id":"https:\/\/www.pacoteshyatt.com.br\/sao-paulo\/product\/17-off\/#primaryimage","inLanguage":"pt-BR","url":"https:\/\/www.pacoteshyatt.com.br\/sao-paulo\/wp-content\/uploads\/sites\/3\/2025\/01\/Campanha_Verao_308x200.png","contentUrl":"https:\/\/www.pacoteshyatt.com.br\/sao-paulo\/wp-content\/uploads\/sites\/3\/2025\/01\/Campanha_Verao_308x200.png","width":308,"height":200,"caption":"Hospedagem de Ver\u00e3o"},{"@type":"WebPage","@id":"https:\/\/www.pacoteshyatt.com.br\/sao-paulo\/product\/17-off\/#webpage","url":"https:\/\/www.pacoteshyatt.com.br\/sao-paulo\/product\/17-off\/","name":"Hospedagem de ver\u00e3o - Hyatt S\u00e3o Paulo","isPartOf":{"@id":"https:\/\/www.pacoteshyatt.com.br\/sao-paulo\/#website"},"primaryImageOfPage":{"@id":"https:\/\/www.pacoteshyatt.com.br\/sao-paulo\/product\/17-off\/#primaryimage"},"datePublished":"2025-01-09T21:00:27+00:00","dateModified":"2025-04-02T12:54:17+00:00","description":"Aproveite benef\u00edcios no Hyatt S\u00e3o Paulo, exclusivo para membros World of Hyatt. Hospedagem com conforto, luxo e condi\u00e7\u00f5es especiais. Reserve agora!","breadcrumb":{"@id":"https:\/\/www.pacoteshyatt.com.br\/sao-paulo\/product\/17-off\/#breadcrumb"},"inLanguage":"pt-BR","potentialAction":[{"@type":"ReadAction","target":["https:\/\/www.pacoteshyatt.com.br\/sao-paulo\/product\/17-off\/"]}]},{"@type":"BreadcrumbList","@id":"https:\/\/www.pacoteshyatt.com.br\/sao-paulo\/product\/17-off\/#breadcrumb","itemListElement":[{"@type":"ListItem","position":1,"name":"Home","item":"https:\/\/www.pacoteshyatt.com.br\/sao-paulo\/"},{"@type":"ListItem","position":2,"name":"Shop","item":"https:\/\/www.pacoteshyatt.com.br\/sao-paulo\/shop\/"},{"@type":"ListItem","position":3,"name":"HOSPEDAGEM DE VER\u00c3O"}]}]}},"_links":{"self":[{"href":"https:\/\/www.pacoteshyatt.com.br\/sao-paulo\/wp-json\/wp\/v2\/product\/16429"}],"collection":[{"href":"https:\/\/www.pacoteshyatt.com.br\/sao-paulo\/wp-json\/wp\/v2\/product"}],"about":[{"href":"https:\/\/www.pacoteshyatt.com.br\/sao-paulo\/wp-json\/wp\/v2\/types\/product"}],"replies":[{"embeddable":true,"href":"https:\/\/www.pacoteshyatt.com.br\/sao-paulo\/wp-json\/wp\/v2\/comments?post=16429"}],"wp:featuredmedia":[{"embeddable":true,"href":"https:\/\/www.pacoteshyatt.com.br\/sao-paulo\/wp-json\/wp\/v2\/media\/16641"}],"wp:attachment":[{"href":"https:\/\/www.pacoteshyatt.com.br\/sao-paulo\/wp-json\/wp\/v2\/media?parent=16429"}],"wp:term":[{"taxonomy":"product_cat","embeddable":true,"href":"https:\/\/www.pacoteshyatt.com.br\/sao-paulo\/wp-json\/wp\/v2\/product_cat?post=16429"},{"taxonomy":"product_tag","embeddable":true,"href":"https:\/\/www.pacoteshyatt.com.br\/sao-paulo\/wp-json\/wp\/v2\/product_tag?post=16429"}],"curies":[{"name":"wp","href":"https:\/\/api.w.org\/{rel}","templated":true}]}}