{"id":16671,"date":"2025-01-22T16:04:30","date_gmt":"2025-01-22T19:04:30","guid":{"rendered":"https:\/\/www.pacoteshyatt.com.br\/sao-paulo\/?post_type=product&#038;p=16671"},"modified":"2025-01-31T18:12:12","modified_gmt":"2025-01-31T21:12:12","slug":"massagem-relaxante-80","status":"publish","type":"product","link":"https:\/\/www.pacoteshyatt.com.br\/sao-paulo\/product\/massagem-relaxante-80\/","title":{"rendered":"MASSAGEM RELAXANTE &#8211; 80 MIN | 20% OFF"},"content":{"rendered":"<p><strong>Massagens Relaxantes: Benef\u00edcios para o Corpo e Mente em Cada Sess\u00e3o<\/strong><\/p>\n<p>Comece o ano priorizando seu bem-estar!<\/p>\n<p>Ao adquirir e utilizar nossas massagens relaxantes de <strong>80 minutos at\u00e9 31 de janeiro<\/strong>, voc\u00ea ganha <strong>20% de desconto!<\/strong><\/p>\n<p>\u00c9 a oportunidade perfeita para aliviar o estresse, recarregar as energias e investir em sua sa\u00fade f\u00edsica e mental.<\/p>\n<p>Escolha entre t\u00e9cnicas exclusivas como Massagem Sueca, Shiatsu, Aromaterapia, Esportiva ou Pedras Quentes (dispon\u00edvel apenas para sess\u00f5es de 80 minutos) e aproveite benef\u00edcios como melhora na circula\u00e7\u00e3o, redu\u00e7\u00e3o do estresse, fortalecimento da imunidade e equil\u00edbrio entre corpo e mente.<\/p>\n<p><strong>N\u00e3o perca tempo! Agende sua sess\u00e3o e aproveite o desconto at\u00e9 o dia 31 de janeiro.<\/strong><\/p>\n","protected":false},"excerpt":{"rendered":"<p>Massagens Relaxantes: Benef\u00edcios para o Corpo e Mente em Cada Sess\u00e3o Comece o ano priorizando seu bem-estar! Ao adquirir e utilizar nossas massagens relaxantes de 80 minutos at\u00e9 31 de janeiro, voc\u00ea ganha 20% de desconto! \u00c9 a oportunidade perfeita para aliviar o estresse, recarregar as energias e investir em sua sa\u00fade f\u00edsica e mental. [&hellip;]<\/p>\n","protected":false},"featured_media":16677,"comment_status":"open","ping_status":"closed","template":"","meta":{"_eb_attr":""},"product_cat":[57,73,80,20],"product_tag":[],"yoast_head":"<!-- This site is optimized with the Yoast SEO plugin v18.4.1 - https:\/\/yoast.com\/wordpress\/plugins\/seo\/ -->\n<title>MASSAGEM RELAXANTE - 80 MIN | 20% OFF - GRAND HYATT S\u00c3O PAULO<\/title>\n<meta name=\"description\" content=\"Reflexologia, massagens, tratamentos corporais e faciais em uma estrutura completa, no cora\u00e7\u00e3o de S\u00e3o Paulo. Conhe\u00e7a o Amanary Spa.\" \/>\n<meta name=\"robots\" content=\"index, follow, max-snippet:-1, max-image-preview:large, max-video-preview:-1\" \/>\n<link rel=\"canonical\" href=\"https:\/\/www.pacoteshyatt.com.br\/sao-paulo\/product\/massagem-relaxante-80\/\" \/>\n<meta property=\"og:locale\" content=\"pt_BR\" \/>\n<meta property=\"og:type\" content=\"article\" \/>\n<meta property=\"og:title\" content=\"MASSAGEM RELAXANTE - 80 MIN | 20% OFF - GRAND HYATT S\u00c3O PAULO\" \/>\n<meta property=\"og:description\" content=\"Reflexologia, massagens, tratamentos corporais e faciais em uma estrutura completa, no cora\u00e7\u00e3o de S\u00e3o Paulo. Conhe\u00e7a o Amanary Spa.\" \/>\n<meta property=\"og:url\" content=\"https:\/\/www.pacoteshyatt.com.br\/sao-paulo\/product\/massagem-relaxante-80\/\" \/>\n<meta property=\"og:site_name\" content=\"GRAND HYATT S\u00c3O PAULO\" \/>\n<meta property=\"article:modified_time\" content=\"2025-01-31T21:12:12+00:00\" \/>\n<meta property=\"og:image\" content=\"https:\/\/www.pacoteshyatt.com.br\/sao-paulo\/wp-content\/uploads\/sites\/3\/2025\/01\/GHSP_VeraoRelaxante_BannerDesktop_308x200px.png\" \/>\n\t<meta property=\"og:image:width\" content=\"308\" \/>\n\t<meta property=\"og:image:height\" content=\"200\" \/>\n\t<meta property=\"og:image:type\" content=\"image\/png\" \/>\n<meta name=\"twitter:card\" content=\"summary_large_image\" \/>\n<meta name=\"twitter:label1\" content=\"Est. tempo de leitura\" \/>\n\t<meta name=\"twitter:data1\" content=\"1 minuto\" \/>\n<script type=\"application\/ld+json\" class=\"yoast-schema-graph\">{\"@context\":\"https:\/\/schema.org\",\"@graph\":[{\"@type\":\"WebSite\",\"@id\":\"https:\/\/www.pacoteshyatt.com.br\/sao-paulo\/#website\",\"url\":\"https:\/\/www.pacoteshyatt.com.br\/sao-paulo\/\",\"name\":\"GRAND HYATT S\u00c3O PAULO\",\"description\":\"S\u00f3 mais um site Hot\u00e9is Grand Hyatt Rio de Janeiro e S\u00e3o Paulo sites\",\"potentialAction\":[{\"@type\":\"SearchAction\",\"target\":{\"@type\":\"EntryPoint\",\"urlTemplate\":\"https:\/\/www.pacoteshyatt.com.br\/sao-paulo\/?s={search_term_string}\"},\"query-input\":\"required name=search_term_string\"}],\"inLanguage\":\"pt-BR\"},{\"@type\":\"ImageObject\",\"@id\":\"https:\/\/www.pacoteshyatt.com.br\/sao-paulo\/product\/massagem-relaxante-80\/#primaryimage\",\"inLanguage\":\"pt-BR\",\"url\":\"https:\/\/www.pacoteshyatt.com.br\/sao-paulo\/wp-content\/uploads\/sites\/3\/2025\/01\/GHSP_VeraoRelaxante_BannerDesktop_308x200px.png\",\"contentUrl\":\"https:\/\/www.pacoteshyatt.com.br\/sao-paulo\/wp-content\/uploads\/sites\/3\/2025\/01\/GHSP_VeraoRelaxante_BannerDesktop_308x200px.png\",\"width\":308,\"height\":200},{\"@type\":\"WebPage\",\"@id\":\"https:\/\/www.pacoteshyatt.com.br\/sao-paulo\/product\/massagem-relaxante-80\/#webpage\",\"url\":\"https:\/\/www.pacoteshyatt.com.br\/sao-paulo\/product\/massagem-relaxante-80\/\",\"name\":\"MASSAGEM RELAXANTE - 80 MIN | 20% OFF - GRAND HYATT S\u00c3O PAULO\",\"isPartOf\":{\"@id\":\"https:\/\/www.pacoteshyatt.com.br\/sao-paulo\/#website\"},\"primaryImageOfPage\":{\"@id\":\"https:\/\/www.pacoteshyatt.com.br\/sao-paulo\/product\/massagem-relaxante-80\/#primaryimage\"},\"datePublished\":\"2025-01-22T19:04:30+00:00\",\"dateModified\":\"2025-01-31T21:12:12+00:00\",\"description\":\"Reflexologia, massagens, tratamentos corporais e faciais em uma estrutura completa, no cora\u00e7\u00e3o de S\u00e3o Paulo. Conhe\u00e7a o Amanary Spa.\",\"breadcrumb\":{\"@id\":\"https:\/\/www.pacoteshyatt.com.br\/sao-paulo\/product\/massagem-relaxante-80\/#breadcrumb\"},\"inLanguage\":\"pt-BR\",\"potentialAction\":[{\"@type\":\"ReadAction\",\"target\":[\"https:\/\/www.pacoteshyatt.com.br\/sao-paulo\/product\/massagem-relaxante-80\/\"]}]},{\"@type\":\"BreadcrumbList\",\"@id\":\"https:\/\/www.pacoteshyatt.com.br\/sao-paulo\/product\/massagem-relaxante-80\/#breadcrumb\",\"itemListElement\":[{\"@type\":\"ListItem\",\"position\":1,\"name\":\"Home\",\"item\":\"https:\/\/www.pacoteshyatt.com.br\/sao-paulo\/\"},{\"@type\":\"ListItem\",\"position\":2,\"name\":\"Shop\",\"item\":\"https:\/\/www.pacoteshyatt.com.br\/sao-paulo\/shop\/\"},{\"@type\":\"ListItem\",\"position\":3,\"name\":\"MASSAGEM RELAXANTE &#8211; 80 MIN | 20% OFF\"}]}]}<\/script>\n<!-- \/ Yoast SEO plugin. -->","yoast_head_json":{"title":"MASSAGEM RELAXANTE - 80 MIN | 20% OFF - GRAND HYATT S\u00c3O PAULO","description":"Reflexologia, massagens, tratamentos corporais e faciais em uma estrutura completa, no cora\u00e7\u00e3o de S\u00e3o Paulo. Conhe\u00e7a o Amanary Spa.","robots":{"index":"index","follow":"follow","max-snippet":"max-snippet:-1","max-image-preview":"max-image-preview:large","max-video-preview":"max-video-preview:-1"},"canonical":"https:\/\/www.pacoteshyatt.com.br\/sao-paulo\/product\/massagem-relaxante-80\/","og_locale":"pt_BR","og_type":"article","og_title":"MASSAGEM RELAXANTE - 80 MIN | 20% OFF - GRAND HYATT S\u00c3O PAULO","og_description":"Reflexologia, massagens, tratamentos corporais e faciais em uma estrutura completa, no cora\u00e7\u00e3o de S\u00e3o Paulo. Conhe\u00e7a o Amanary Spa.","og_url":"https:\/\/www.pacoteshyatt.com.br\/sao-paulo\/product\/massagem-relaxante-80\/","og_site_name":"GRAND HYATT S\u00c3O PAULO","article_modified_time":"2025-01-31T21:12:12+00:00","og_image":[{"width":308,"height":200,"url":"https:\/\/www.pacoteshyatt.com.br\/sao-paulo\/wp-content\/uploads\/sites\/3\/2025\/01\/GHSP_VeraoRelaxante_BannerDesktop_308x200px.png","type":"image\/png"}],"twitter_card":"summary_large_image","twitter_misc":{"Est. tempo de leitura":"1 minuto"},"schema":{"@context":"https:\/\/schema.org","@graph":[{"@type":"WebSite","@id":"https:\/\/www.pacoteshyatt.com.br\/sao-paulo\/#website","url":"https:\/\/www.pacoteshyatt.com.br\/sao-paulo\/","name":"GRAND HYATT S\u00c3O PAULO","description":"S\u00f3 mais um site Hot\u00e9is Grand Hyatt Rio de Janeiro e S\u00e3o Paulo sites","potentialAction":[{"@type":"SearchAction","target":{"@type":"EntryPoint","urlTemplate":"https:\/\/www.pacoteshyatt.com.br\/sao-paulo\/?s={search_term_string}"},"query-input":"required name=search_term_string"}],"inLanguage":"pt-BR"},{"@type":"ImageObject","@id":"https:\/\/www.pacoteshyatt.com.br\/sao-paulo\/product\/massagem-relaxante-80\/#primaryimage","inLanguage":"pt-BR","url":"https:\/\/www.pacoteshyatt.com.br\/sao-paulo\/wp-content\/uploads\/sites\/3\/2025\/01\/GHSP_VeraoRelaxante_BannerDesktop_308x200px.png","contentUrl":"https:\/\/www.pacoteshyatt.com.br\/sao-paulo\/wp-content\/uploads\/sites\/3\/2025\/01\/GHSP_VeraoRelaxante_BannerDesktop_308x200px.png","width":308,"height":200},{"@type":"WebPage","@id":"https:\/\/www.pacoteshyatt.com.br\/sao-paulo\/product\/massagem-relaxante-80\/#webpage","url":"https:\/\/www.pacoteshyatt.com.br\/sao-paulo\/product\/massagem-relaxante-80\/","name":"MASSAGEM RELAXANTE - 80 MIN | 20% OFF - GRAND HYATT S\u00c3O PAULO","isPartOf":{"@id":"https:\/\/www.pacoteshyatt.com.br\/sao-paulo\/#website"},"primaryImageOfPage":{"@id":"https:\/\/www.pacoteshyatt.com.br\/sao-paulo\/product\/massagem-relaxante-80\/#primaryimage"},"datePublished":"2025-01-22T19:04:30+00:00","dateModified":"2025-01-31T21:12:12+00:00","description":"Reflexologia, massagens, tratamentos corporais e faciais em uma estrutura completa, no cora\u00e7\u00e3o de S\u00e3o Paulo. Conhe\u00e7a o Amanary Spa.","breadcrumb":{"@id":"https:\/\/www.pacoteshyatt.com.br\/sao-paulo\/product\/massagem-relaxante-80\/#breadcrumb"},"inLanguage":"pt-BR","potentialAction":[{"@type":"ReadAction","target":["https:\/\/www.pacoteshyatt.com.br\/sao-paulo\/product\/massagem-relaxante-80\/"]}]},{"@type":"BreadcrumbList","@id":"https:\/\/www.pacoteshyatt.com.br\/sao-paulo\/product\/massagem-relaxante-80\/#breadcrumb","itemListElement":[{"@type":"ListItem","position":1,"name":"Home","item":"https:\/\/www.pacoteshyatt.com.br\/sao-paulo\/"},{"@type":"ListItem","position":2,"name":"Shop","item":"https:\/\/www.pacoteshyatt.com.br\/sao-paulo\/shop\/"},{"@type":"ListItem","position":3,"name":"MASSAGEM RELAXANTE &#8211; 80 MIN | 20% OFF"}]}]}},"_links":{"self":[{"href":"https:\/\/www.pacoteshyatt.com.br\/sao-paulo\/wp-json\/wp\/v2\/product\/16671"}],"collection":[{"href":"https:\/\/www.pacoteshyatt.com.br\/sao-paulo\/wp-json\/wp\/v2\/product"}],"about":[{"href":"https:\/\/www.pacoteshyatt.com.br\/sao-paulo\/wp-json\/wp\/v2\/types\/product"}],"replies":[{"embeddable":true,"href":"https:\/\/www.pacoteshyatt.com.br\/sao-paulo\/wp-json\/wp\/v2\/comments?post=16671"}],"wp:featuredmedia":[{"embeddable":true,"href":"https:\/\/www.pacoteshyatt.com.br\/sao-paulo\/wp-json\/wp\/v2\/media\/16677"}],"wp:attachment":[{"href":"https:\/\/www.pacoteshyatt.com.br\/sao-paulo\/wp-json\/wp\/v2\/media?parent=16671"}],"wp:term":[{"taxonomy":"product_cat","embeddable":true,"href":"https:\/\/www.pacoteshyatt.com.br\/sao-paulo\/wp-json\/wp\/v2\/product_cat?post=16671"},{"taxonomy":"product_tag","embeddable":true,"href":"https:\/\/www.pacoteshyatt.com.br\/sao-paulo\/wp-json\/wp\/v2\/product_tag?post=16671"}],"curies":[{"name":"wp","href":"https:\/\/api.w.org\/{rel}","templated":true}]}}