{"id":1704,"date":"2021-03-16T15:31:23","date_gmt":"2021-03-16T18:31:23","guid":{"rendered":"https:\/\/www.pacoteshyatt.com.br\/sao-paulo\/?post_type=product&#038;p=1704"},"modified":"2024-05-09T16:37:19","modified_gmt":"2024-05-09T19:37:19","slug":"bacalhoada-de-pascoa","status":"publish","type":"product","link":"https:\/\/www.pacoteshyatt.com.br\/sao-paulo\/product\/bacalhoada-de-pascoa\/","title":{"rendered":"29\/03 | BACALHOADA DE P\u00c1SCOA"},"content":{"rendered":"<p>Experi\u00eancia temporariamente indispon\u00edvel!<\/p>\n<p>Lamentamos informar que, no momento, a Bacalhoada de P\u00e1scoa est\u00e1 temporariamente indispon\u00edvel para compra. Mas n\u00e3o se preocupe, estamos trabalhando para trazer uma experi\u00eancia renovada e ainda mais incr\u00edvel para voc\u00ea.<\/p>\n<p>Fique de olho em nossas redes sociais para saber mais!<\/p>\n","protected":false},"excerpt":{"rendered":"<p>Experi\u00eancia temporariamente indispon\u00edvel! Lamentamos informar que, no momento, a Bacalhoada de P\u00e1scoa est\u00e1 temporariamente indispon\u00edvel para compra. Mas n\u00e3o se preocupe, estamos trabalhando para trazer uma experi\u00eancia renovada e ainda mais incr\u00edvel para voc\u00ea. Fique de olho em nossas redes sociais para saber mais!<\/p>\n","protected":false},"featured_media":12042,"comment_status":"open","ping_status":"closed","template":"","meta":{"_eb_attr":""},"product_cat":[15],"product_tag":[],"yoast_head":"<!-- This site is optimized with the Yoast SEO plugin v18.4.1 - https:\/\/yoast.com\/wordpress\/plugins\/seo\/ -->\n<title>Bacalhoada de P\u00e1scoa - Pacotes Hyatt S\u00e3o Paulo<\/title>\n<meta name=\"description\" content=\"Tradi\u00e7\u00e3o, sofistica\u00e7\u00e3o e boa culin\u00e1ria se juntam no Restaurante C do Hyatt S\u00e3o Paulo para a Bacalhoada de P\u00e1scoa! Junte a fam\u00edlia e venha! Vouchers aqui:\" \/>\n<meta name=\"robots\" content=\"index, follow, max-snippet:-1, max-image-preview:large, max-video-preview:-1\" \/>\n<link rel=\"canonical\" href=\"https:\/\/www.pacoteshyatt.com.br\/sao-paulo\/product\/bacalhoada-de-pascoa\/\" \/>\n<meta property=\"og:locale\" content=\"pt_BR\" \/>\n<meta property=\"og:type\" content=\"article\" \/>\n<meta property=\"og:title\" content=\"Bacalhoada de P\u00e1scoa - Pacotes Hyatt S\u00e3o Paulo\" \/>\n<meta property=\"og:description\" content=\"Tradi\u00e7\u00e3o, sofistica\u00e7\u00e3o e boa culin\u00e1ria se juntam no Restaurante C do Hyatt S\u00e3o Paulo para a Bacalhoada de P\u00e1scoa! Junte a fam\u00edlia e venha! Vouchers aqui:\" \/>\n<meta property=\"og:url\" content=\"https:\/\/www.pacoteshyatt.com.br\/sao-paulo\/product\/bacalhoada-de-pascoa\/\" \/>\n<meta property=\"og:site_name\" content=\"GRAND HYATT S\u00c3O PAULO\" \/>\n<meta property=\"article:modified_time\" content=\"2024-05-09T19:37:19+00:00\" \/>\n<meta property=\"og:image\" content=\"https:\/\/www.pacoteshyatt.com.br\/sao-paulo\/wp-content\/uploads\/sites\/3\/2024\/03\/GHSP_Pascoa_Banner-Bacalhoada_308x200px_v1.png\" \/>\n\t<meta property=\"og:image:width\" content=\"308\" \/>\n\t<meta property=\"og:image:height\" content=\"200\" \/>\n\t<meta property=\"og:image:type\" content=\"image\/png\" \/>\n<meta name=\"twitter:card\" content=\"summary_large_image\" \/>\n<meta name=\"twitter:label1\" content=\"Est. tempo de leitura\" \/>\n\t<meta name=\"twitter:data1\" content=\"1 minuto\" \/>\n<script type=\"application\/ld+json\" class=\"yoast-schema-graph\">{\"@context\":\"https:\/\/schema.org\",\"@graph\":[{\"@type\":\"WebSite\",\"@id\":\"https:\/\/www.pacoteshyatt.com.br\/sao-paulo\/#website\",\"url\":\"https:\/\/www.pacoteshyatt.com.br\/sao-paulo\/\",\"name\":\"GRAND HYATT S\u00c3O PAULO\",\"description\":\"S\u00f3 mais um site Hot\u00e9is Grand Hyatt Rio de Janeiro e S\u00e3o Paulo sites\",\"potentialAction\":[{\"@type\":\"SearchAction\",\"target\":{\"@type\":\"EntryPoint\",\"urlTemplate\":\"https:\/\/www.pacoteshyatt.com.br\/sao-paulo\/?s={search_term_string}\"},\"query-input\":\"required name=search_term_string\"}],\"inLanguage\":\"pt-BR\"},{\"@type\":\"ImageObject\",\"@id\":\"https:\/\/www.pacoteshyatt.com.br\/sao-paulo\/product\/bacalhoada-de-pascoa\/#primaryimage\",\"inLanguage\":\"pt-BR\",\"url\":\"https:\/\/www.pacoteshyatt.com.br\/sao-paulo\/wp-content\/uploads\/sites\/3\/2024\/03\/GHSP_Pascoa_Banner-Bacalhoada_308x200px_v1.png\",\"contentUrl\":\"https:\/\/www.pacoteshyatt.com.br\/sao-paulo\/wp-content\/uploads\/sites\/3\/2024\/03\/GHSP_Pascoa_Banner-Bacalhoada_308x200px_v1.png\",\"width\":308,\"height\":200,\"caption\":\"bacalhoada de p\u00e1scoa em s\u00e3o paulo\"},{\"@type\":\"WebPage\",\"@id\":\"https:\/\/www.pacoteshyatt.com.br\/sao-paulo\/product\/bacalhoada-de-pascoa\/#webpage\",\"url\":\"https:\/\/www.pacoteshyatt.com.br\/sao-paulo\/product\/bacalhoada-de-pascoa\/\",\"name\":\"Bacalhoada de P\u00e1scoa - Pacotes Hyatt S\u00e3o Paulo\",\"isPartOf\":{\"@id\":\"https:\/\/www.pacoteshyatt.com.br\/sao-paulo\/#website\"},\"primaryImageOfPage\":{\"@id\":\"https:\/\/www.pacoteshyatt.com.br\/sao-paulo\/product\/bacalhoada-de-pascoa\/#primaryimage\"},\"datePublished\":\"2021-03-16T18:31:23+00:00\",\"dateModified\":\"2024-05-09T19:37:19+00:00\",\"description\":\"Tradi\u00e7\u00e3o, sofistica\u00e7\u00e3o e boa culin\u00e1ria se juntam no Restaurante C do Hyatt S\u00e3o Paulo para a Bacalhoada de P\u00e1scoa! Junte a fam\u00edlia e venha! Vouchers aqui:\",\"breadcrumb\":{\"@id\":\"https:\/\/www.pacoteshyatt.com.br\/sao-paulo\/product\/bacalhoada-de-pascoa\/#breadcrumb\"},\"inLanguage\":\"pt-BR\",\"potentialAction\":[{\"@type\":\"ReadAction\",\"target\":[\"https:\/\/www.pacoteshyatt.com.br\/sao-paulo\/product\/bacalhoada-de-pascoa\/\"]}]},{\"@type\":\"BreadcrumbList\",\"@id\":\"https:\/\/www.pacoteshyatt.com.br\/sao-paulo\/product\/bacalhoada-de-pascoa\/#breadcrumb\",\"itemListElement\":[{\"@type\":\"ListItem\",\"position\":1,\"name\":\"Home\",\"item\":\"https:\/\/www.pacoteshyatt.com.br\/sao-paulo\/\"},{\"@type\":\"ListItem\",\"position\":2,\"name\":\"Shop\",\"item\":\"https:\/\/www.pacoteshyatt.com.br\/sao-paulo\/shop\/\"},{\"@type\":\"ListItem\",\"position\":3,\"name\":\"29\/03 | BACALHOADA DE P\u00c1SCOA\"}]}]}<\/script>\n<!-- \/ Yoast SEO plugin. -->","yoast_head_json":{"title":"Bacalhoada de P\u00e1scoa - Pacotes Hyatt S\u00e3o Paulo","description":"Tradi\u00e7\u00e3o, sofistica\u00e7\u00e3o e boa culin\u00e1ria se juntam no Restaurante C do Hyatt S\u00e3o Paulo para a Bacalhoada de P\u00e1scoa! Junte a fam\u00edlia e venha! Vouchers aqui:","robots":{"index":"index","follow":"follow","max-snippet":"max-snippet:-1","max-image-preview":"max-image-preview:large","max-video-preview":"max-video-preview:-1"},"canonical":"https:\/\/www.pacoteshyatt.com.br\/sao-paulo\/product\/bacalhoada-de-pascoa\/","og_locale":"pt_BR","og_type":"article","og_title":"Bacalhoada de P\u00e1scoa - Pacotes Hyatt S\u00e3o Paulo","og_description":"Tradi\u00e7\u00e3o, sofistica\u00e7\u00e3o e boa culin\u00e1ria se juntam no Restaurante C do Hyatt S\u00e3o Paulo para a Bacalhoada de P\u00e1scoa! Junte a fam\u00edlia e venha! Vouchers aqui:","og_url":"https:\/\/www.pacoteshyatt.com.br\/sao-paulo\/product\/bacalhoada-de-pascoa\/","og_site_name":"GRAND HYATT S\u00c3O PAULO","article_modified_time":"2024-05-09T19:37:19+00:00","og_image":[{"width":308,"height":200,"url":"https:\/\/www.pacoteshyatt.com.br\/sao-paulo\/wp-content\/uploads\/sites\/3\/2024\/03\/GHSP_Pascoa_Banner-Bacalhoada_308x200px_v1.png","type":"image\/png"}],"twitter_card":"summary_large_image","twitter_misc":{"Est. tempo de leitura":"1 minuto"},"schema":{"@context":"https:\/\/schema.org","@graph":[{"@type":"WebSite","@id":"https:\/\/www.pacoteshyatt.com.br\/sao-paulo\/#website","url":"https:\/\/www.pacoteshyatt.com.br\/sao-paulo\/","name":"GRAND HYATT S\u00c3O PAULO","description":"S\u00f3 mais um site Hot\u00e9is Grand Hyatt Rio de Janeiro e S\u00e3o Paulo sites","potentialAction":[{"@type":"SearchAction","target":{"@type":"EntryPoint","urlTemplate":"https:\/\/www.pacoteshyatt.com.br\/sao-paulo\/?s={search_term_string}"},"query-input":"required name=search_term_string"}],"inLanguage":"pt-BR"},{"@type":"ImageObject","@id":"https:\/\/www.pacoteshyatt.com.br\/sao-paulo\/product\/bacalhoada-de-pascoa\/#primaryimage","inLanguage":"pt-BR","url":"https:\/\/www.pacoteshyatt.com.br\/sao-paulo\/wp-content\/uploads\/sites\/3\/2024\/03\/GHSP_Pascoa_Banner-Bacalhoada_308x200px_v1.png","contentUrl":"https:\/\/www.pacoteshyatt.com.br\/sao-paulo\/wp-content\/uploads\/sites\/3\/2024\/03\/GHSP_Pascoa_Banner-Bacalhoada_308x200px_v1.png","width":308,"height":200,"caption":"bacalhoada de p\u00e1scoa em s\u00e3o paulo"},{"@type":"WebPage","@id":"https:\/\/www.pacoteshyatt.com.br\/sao-paulo\/product\/bacalhoada-de-pascoa\/#webpage","url":"https:\/\/www.pacoteshyatt.com.br\/sao-paulo\/product\/bacalhoada-de-pascoa\/","name":"Bacalhoada de P\u00e1scoa - Pacotes Hyatt S\u00e3o Paulo","isPartOf":{"@id":"https:\/\/www.pacoteshyatt.com.br\/sao-paulo\/#website"},"primaryImageOfPage":{"@id":"https:\/\/www.pacoteshyatt.com.br\/sao-paulo\/product\/bacalhoada-de-pascoa\/#primaryimage"},"datePublished":"2021-03-16T18:31:23+00:00","dateModified":"2024-05-09T19:37:19+00:00","description":"Tradi\u00e7\u00e3o, sofistica\u00e7\u00e3o e boa culin\u00e1ria se juntam no Restaurante C do Hyatt S\u00e3o Paulo para a Bacalhoada de P\u00e1scoa! Junte a fam\u00edlia e venha! Vouchers aqui:","breadcrumb":{"@id":"https:\/\/www.pacoteshyatt.com.br\/sao-paulo\/product\/bacalhoada-de-pascoa\/#breadcrumb"},"inLanguage":"pt-BR","potentialAction":[{"@type":"ReadAction","target":["https:\/\/www.pacoteshyatt.com.br\/sao-paulo\/product\/bacalhoada-de-pascoa\/"]}]},{"@type":"BreadcrumbList","@id":"https:\/\/www.pacoteshyatt.com.br\/sao-paulo\/product\/bacalhoada-de-pascoa\/#breadcrumb","itemListElement":[{"@type":"ListItem","position":1,"name":"Home","item":"https:\/\/www.pacoteshyatt.com.br\/sao-paulo\/"},{"@type":"ListItem","position":2,"name":"Shop","item":"https:\/\/www.pacoteshyatt.com.br\/sao-paulo\/shop\/"},{"@type":"ListItem","position":3,"name":"29\/03 | BACALHOADA DE P\u00c1SCOA"}]}]}},"_links":{"self":[{"href":"https:\/\/www.pacoteshyatt.com.br\/sao-paulo\/wp-json\/wp\/v2\/product\/1704"}],"collection":[{"href":"https:\/\/www.pacoteshyatt.com.br\/sao-paulo\/wp-json\/wp\/v2\/product"}],"about":[{"href":"https:\/\/www.pacoteshyatt.com.br\/sao-paulo\/wp-json\/wp\/v2\/types\/product"}],"replies":[{"embeddable":true,"href":"https:\/\/www.pacoteshyatt.com.br\/sao-paulo\/wp-json\/wp\/v2\/comments?post=1704"}],"wp:featuredmedia":[{"embeddable":true,"href":"https:\/\/www.pacoteshyatt.com.br\/sao-paulo\/wp-json\/wp\/v2\/media\/12042"}],"wp:attachment":[{"href":"https:\/\/www.pacoteshyatt.com.br\/sao-paulo\/wp-json\/wp\/v2\/media?parent=1704"}],"wp:term":[{"taxonomy":"product_cat","embeddable":true,"href":"https:\/\/www.pacoteshyatt.com.br\/sao-paulo\/wp-json\/wp\/v2\/product_cat?post=1704"},{"taxonomy":"product_tag","embeddable":true,"href":"https:\/\/www.pacoteshyatt.com.br\/sao-paulo\/wp-json\/wp\/v2\/product_tag?post=1704"}],"curies":[{"name":"wp","href":"https:\/\/api.w.org\/{rel}","templated":true}]}}