{"id":1705,"date":"2021-03-16T15:30:47","date_gmt":"2021-03-16T18:30:47","guid":{"rendered":"https:\/\/www.pacoteshyatt.com.br\/sao-paulo\/?post_type=product&#038;p=1705"},"modified":"2026-04-20T19:51:17","modified_gmt":"2026-04-20T22:51:17","slug":"almoco-dia-das-maes","status":"publish","type":"product","link":"https:\/\/www.pacoteshyatt.com.br\/sao-paulo\/product\/almoco-dia-das-maes\/","title":{"rendered":"10\/05 | ALMO\u00c7O DIA DAS M\u00c3ES"},"content":{"rendered":"<p>Celebre o <strong>Dia das M\u00e3es<\/strong> com um almo\u00e7o especial no<strong> Grand Hyatt S\u00e3o Paulo<\/strong>, pensado para reunir boa gastronomia e momentos memor\u00e1veis em fam\u00edlia.<\/p>\n<div>\n<p>Tradicionalmente realizado no Cittadino, o almo\u00e7o oferece uma experi\u00eancia completa e acolhedora em um ambiente sofisticado. A proposta inclui esta\u00e7\u00f5es de saladas, queijos e pratos quentes, com destaque para massas frescas preparadas na casa, al\u00e9m de uma sele\u00e7\u00e3o de bebidas alco\u00f3licas e n\u00e3o alco\u00f3licas para acompanhar a ocasi\u00e3o.<\/p>\n<p>A experi\u00eancia contar\u00e1 ainda com harmoniza\u00e7\u00e3o de vinhos e drinks, elevando a celebra\u00e7\u00e3o \u00e0 altura da data, al\u00e9m de um <strong>Gift By Chandon<\/strong>, tornando o momento ainda mais especial.<\/p>\n<p>O almo\u00e7o acontece no dia 10 de maio, das 13h \u00e0s 16h, e \u00e9 o convite perfeito para celebrar o Dia das M\u00e3es com eleg\u00e2ncia, sabor e afeto.<\/p>\n<\/div>\n","protected":false},"excerpt":{"rendered":"<p>Celebre o Dia das M\u00e3es com um almo\u00e7o especial no Grand Hyatt S\u00e3o Paulo, pensado para reunir boa gastronomia e momentos memor\u00e1veis em fam\u00edlia. Tradicionalmente realizado no Cittadino, o almo\u00e7o oferece uma experi\u00eancia completa e acolhedora em um ambiente sofisticado. A proposta inclui esta\u00e7\u00f5es de saladas, queijos e pratos quentes, com destaque para massas frescas [&hellip;]<\/p>\n","protected":false},"featured_media":21630,"comment_status":"open","ping_status":"closed","template":"","meta":{"_eb_attr":""},"product_cat":[57,67,27,28],"product_tag":[],"yoast_head":"<!-- This site is optimized with the Yoast SEO plugin v18.4.1 - https:\/\/yoast.com\/wordpress\/plugins\/seo\/ -->\n<title>10\/05 | ALMO\u00c7O DIA DAS M\u00c3ES - GRAND HYATT S\u00c3O PAULO<\/title>\n<meta name=\"description\" content=\"Comemore o Dia das M\u00e3es no Almo\u00e7o mais charmoso de S\u00e3o Paulo! Deguste esta\u00e7\u00e3o de carnes, frutos do mar e deliciosas sobremesas!\" \/>\n<meta name=\"robots\" content=\"index, follow, max-snippet:-1, max-image-preview:large, max-video-preview:-1\" \/>\n<link rel=\"canonical\" href=\"https:\/\/www.pacoteshyatt.com.br\/sao-paulo\/product\/almoco-dia-das-maes\/\" \/>\n<meta property=\"og:locale\" content=\"pt_BR\" \/>\n<meta property=\"og:type\" content=\"article\" \/>\n<meta property=\"og:title\" content=\"10\/05 | ALMO\u00c7O DIA DAS M\u00c3ES - GRAND HYATT S\u00c3O PAULO\" \/>\n<meta property=\"og:description\" content=\"Comemore o Dia das M\u00e3es no Almo\u00e7o mais charmoso de S\u00e3o Paulo! Deguste esta\u00e7\u00e3o de carnes, frutos do mar e deliciosas sobremesas!\" \/>\n<meta property=\"og:url\" content=\"https:\/\/www.pacoteshyatt.com.br\/sao-paulo\/product\/almoco-dia-das-maes\/\" \/>\n<meta property=\"og:site_name\" content=\"GRAND HYATT S\u00c3O PAULO\" \/>\n<meta property=\"article:modified_time\" content=\"2026-04-20T22:51:17+00:00\" \/>\n<meta property=\"og:image\" content=\"https:\/\/www.pacoteshyatt.com.br\/sao-paulo\/wp-content\/uploads\/sites\/3\/2021\/03\/GHSP_DiaDasMaes_BannerDestaques_308x200px_Almoc\u0327o_v2.png\" \/>\n\t<meta property=\"og:image:width\" content=\"308\" \/>\n\t<meta property=\"og:image:height\" content=\"200\" \/>\n\t<meta property=\"og:image:type\" content=\"image\/png\" \/>\n<meta name=\"twitter:card\" content=\"summary_large_image\" \/>\n<meta name=\"twitter:label1\" content=\"Est. tempo de leitura\" \/>\n\t<meta name=\"twitter:data1\" content=\"1 minuto\" \/>\n<script type=\"application\/ld+json\" class=\"yoast-schema-graph\">{\"@context\":\"https:\/\/schema.org\",\"@graph\":[{\"@type\":\"WebSite\",\"@id\":\"https:\/\/www.pacoteshyatt.com.br\/sao-paulo\/#website\",\"url\":\"https:\/\/www.pacoteshyatt.com.br\/sao-paulo\/\",\"name\":\"GRAND HYATT S\u00c3O PAULO\",\"description\":\"S\u00f3 mais um site Hot\u00e9is Grand Hyatt Rio de Janeiro e S\u00e3o Paulo sites\",\"potentialAction\":[{\"@type\":\"SearchAction\",\"target\":{\"@type\":\"EntryPoint\",\"urlTemplate\":\"https:\/\/www.pacoteshyatt.com.br\/sao-paulo\/?s={search_term_string}\"},\"query-input\":\"required name=search_term_string\"}],\"inLanguage\":\"pt-BR\"},{\"@type\":\"ImageObject\",\"@id\":\"https:\/\/www.pacoteshyatt.com.br\/sao-paulo\/product\/almoco-dia-das-maes\/#primaryimage\",\"inLanguage\":\"pt-BR\",\"url\":\"https:\/\/www.pacoteshyatt.com.br\/sao-paulo\/wp-content\/uploads\/sites\/3\/2021\/03\/GHSP_DiaDasMaes_BannerDestaques_308x200px_Almoc\u0327o_v2.png\",\"contentUrl\":\"https:\/\/www.pacoteshyatt.com.br\/sao-paulo\/wp-content\/uploads\/sites\/3\/2021\/03\/GHSP_DiaDasMaes_BannerDestaques_308x200px_Almoc\u0327o_v2.png\",\"width\":308,\"height\":200},{\"@type\":\"WebPage\",\"@id\":\"https:\/\/www.pacoteshyatt.com.br\/sao-paulo\/product\/almoco-dia-das-maes\/#webpage\",\"url\":\"https:\/\/www.pacoteshyatt.com.br\/sao-paulo\/product\/almoco-dia-das-maes\/\",\"name\":\"10\/05 | ALMO\u00c7O DIA DAS M\u00c3ES - GRAND HYATT S\u00c3O PAULO\",\"isPartOf\":{\"@id\":\"https:\/\/www.pacoteshyatt.com.br\/sao-paulo\/#website\"},\"primaryImageOfPage\":{\"@id\":\"https:\/\/www.pacoteshyatt.com.br\/sao-paulo\/product\/almoco-dia-das-maes\/#primaryimage\"},\"datePublished\":\"2021-03-16T18:30:47+00:00\",\"dateModified\":\"2026-04-20T22:51:17+00:00\",\"description\":\"Comemore o Dia das M\u00e3es no Almo\u00e7o mais charmoso de S\u00e3o Paulo! Deguste esta\u00e7\u00e3o de carnes, frutos do mar e deliciosas sobremesas!\",\"breadcrumb\":{\"@id\":\"https:\/\/www.pacoteshyatt.com.br\/sao-paulo\/product\/almoco-dia-das-maes\/#breadcrumb\"},\"inLanguage\":\"pt-BR\",\"potentialAction\":[{\"@type\":\"ReadAction\",\"target\":[\"https:\/\/www.pacoteshyatt.com.br\/sao-paulo\/product\/almoco-dia-das-maes\/\"]}]},{\"@type\":\"BreadcrumbList\",\"@id\":\"https:\/\/www.pacoteshyatt.com.br\/sao-paulo\/product\/almoco-dia-das-maes\/#breadcrumb\",\"itemListElement\":[{\"@type\":\"ListItem\",\"position\":1,\"name\":\"Home\",\"item\":\"https:\/\/www.pacoteshyatt.com.br\/sao-paulo\/\"},{\"@type\":\"ListItem\",\"position\":2,\"name\":\"Shop\",\"item\":\"https:\/\/www.pacoteshyatt.com.br\/sao-paulo\/shop\/\"},{\"@type\":\"ListItem\",\"position\":3,\"name\":\"10\/05 | ALMO\u00c7O DIA DAS M\u00c3ES\"}]}]}<\/script>\n<!-- \/ Yoast SEO plugin. -->","yoast_head_json":{"title":"10\/05 | ALMO\u00c7O DIA DAS M\u00c3ES - GRAND HYATT S\u00c3O PAULO","description":"Comemore o Dia das M\u00e3es no Almo\u00e7o mais charmoso de S\u00e3o Paulo! Deguste esta\u00e7\u00e3o de carnes, frutos do mar e deliciosas sobremesas!","robots":{"index":"index","follow":"follow","max-snippet":"max-snippet:-1","max-image-preview":"max-image-preview:large","max-video-preview":"max-video-preview:-1"},"canonical":"https:\/\/www.pacoteshyatt.com.br\/sao-paulo\/product\/almoco-dia-das-maes\/","og_locale":"pt_BR","og_type":"article","og_title":"10\/05 | ALMO\u00c7O DIA DAS M\u00c3ES - GRAND HYATT S\u00c3O PAULO","og_description":"Comemore o Dia das M\u00e3es no Almo\u00e7o mais charmoso de S\u00e3o Paulo! Deguste esta\u00e7\u00e3o de carnes, frutos do mar e deliciosas sobremesas!","og_url":"https:\/\/www.pacoteshyatt.com.br\/sao-paulo\/product\/almoco-dia-das-maes\/","og_site_name":"GRAND HYATT S\u00c3O PAULO","article_modified_time":"2026-04-20T22:51:17+00:00","og_image":[{"width":308,"height":200,"url":"https:\/\/www.pacoteshyatt.com.br\/sao-paulo\/wp-content\/uploads\/sites\/3\/2021\/03\/GHSP_DiaDasMaes_BannerDestaques_308x200px_Almoc\u0327o_v2.png","type":"image\/png"}],"twitter_card":"summary_large_image","twitter_misc":{"Est. tempo de leitura":"1 minuto"},"schema":{"@context":"https:\/\/schema.org","@graph":[{"@type":"WebSite","@id":"https:\/\/www.pacoteshyatt.com.br\/sao-paulo\/#website","url":"https:\/\/www.pacoteshyatt.com.br\/sao-paulo\/","name":"GRAND HYATT S\u00c3O PAULO","description":"S\u00f3 mais um site Hot\u00e9is Grand Hyatt Rio de Janeiro e S\u00e3o Paulo sites","potentialAction":[{"@type":"SearchAction","target":{"@type":"EntryPoint","urlTemplate":"https:\/\/www.pacoteshyatt.com.br\/sao-paulo\/?s={search_term_string}"},"query-input":"required name=search_term_string"}],"inLanguage":"pt-BR"},{"@type":"ImageObject","@id":"https:\/\/www.pacoteshyatt.com.br\/sao-paulo\/product\/almoco-dia-das-maes\/#primaryimage","inLanguage":"pt-BR","url":"https:\/\/www.pacoteshyatt.com.br\/sao-paulo\/wp-content\/uploads\/sites\/3\/2021\/03\/GHSP_DiaDasMaes_BannerDestaques_308x200px_Almoc\u0327o_v2.png","contentUrl":"https:\/\/www.pacoteshyatt.com.br\/sao-paulo\/wp-content\/uploads\/sites\/3\/2021\/03\/GHSP_DiaDasMaes_BannerDestaques_308x200px_Almoc\u0327o_v2.png","width":308,"height":200},{"@type":"WebPage","@id":"https:\/\/www.pacoteshyatt.com.br\/sao-paulo\/product\/almoco-dia-das-maes\/#webpage","url":"https:\/\/www.pacoteshyatt.com.br\/sao-paulo\/product\/almoco-dia-das-maes\/","name":"10\/05 | ALMO\u00c7O DIA DAS M\u00c3ES - GRAND HYATT S\u00c3O PAULO","isPartOf":{"@id":"https:\/\/www.pacoteshyatt.com.br\/sao-paulo\/#website"},"primaryImageOfPage":{"@id":"https:\/\/www.pacoteshyatt.com.br\/sao-paulo\/product\/almoco-dia-das-maes\/#primaryimage"},"datePublished":"2021-03-16T18:30:47+00:00","dateModified":"2026-04-20T22:51:17+00:00","description":"Comemore o Dia das M\u00e3es no Almo\u00e7o mais charmoso de S\u00e3o Paulo! Deguste esta\u00e7\u00e3o de carnes, frutos do mar e deliciosas sobremesas!","breadcrumb":{"@id":"https:\/\/www.pacoteshyatt.com.br\/sao-paulo\/product\/almoco-dia-das-maes\/#breadcrumb"},"inLanguage":"pt-BR","potentialAction":[{"@type":"ReadAction","target":["https:\/\/www.pacoteshyatt.com.br\/sao-paulo\/product\/almoco-dia-das-maes\/"]}]},{"@type":"BreadcrumbList","@id":"https:\/\/www.pacoteshyatt.com.br\/sao-paulo\/product\/almoco-dia-das-maes\/#breadcrumb","itemListElement":[{"@type":"ListItem","position":1,"name":"Home","item":"https:\/\/www.pacoteshyatt.com.br\/sao-paulo\/"},{"@type":"ListItem","position":2,"name":"Shop","item":"https:\/\/www.pacoteshyatt.com.br\/sao-paulo\/shop\/"},{"@type":"ListItem","position":3,"name":"10\/05 | ALMO\u00c7O DIA DAS M\u00c3ES"}]}]}},"_links":{"self":[{"href":"https:\/\/www.pacoteshyatt.com.br\/sao-paulo\/wp-json\/wp\/v2\/product\/1705"}],"collection":[{"href":"https:\/\/www.pacoteshyatt.com.br\/sao-paulo\/wp-json\/wp\/v2\/product"}],"about":[{"href":"https:\/\/www.pacoteshyatt.com.br\/sao-paulo\/wp-json\/wp\/v2\/types\/product"}],"replies":[{"embeddable":true,"href":"https:\/\/www.pacoteshyatt.com.br\/sao-paulo\/wp-json\/wp\/v2\/comments?post=1705"}],"wp:featuredmedia":[{"embeddable":true,"href":"https:\/\/www.pacoteshyatt.com.br\/sao-paulo\/wp-json\/wp\/v2\/media\/21630"}],"wp:attachment":[{"href":"https:\/\/www.pacoteshyatt.com.br\/sao-paulo\/wp-json\/wp\/v2\/media?parent=1705"}],"wp:term":[{"taxonomy":"product_cat","embeddable":true,"href":"https:\/\/www.pacoteshyatt.com.br\/sao-paulo\/wp-json\/wp\/v2\/product_cat?post=1705"},{"taxonomy":"product_tag","embeddable":true,"href":"https:\/\/www.pacoteshyatt.com.br\/sao-paulo\/wp-json\/wp\/v2\/product_tag?post=1705"}],"curies":[{"name":"wp","href":"https:\/\/api.w.org\/{rel}","templated":true}]}}