{"id":17088,"date":"2025-03-04T16:19:03","date_gmt":"2025-03-04T19:19:03","guid":{"rendered":"https:\/\/www.pacoteshyatt.com.br\/sao-paulo\/?post_type=product&#038;p=17088"},"modified":"2025-05-14T09:34:41","modified_gmt":"2025-05-14T12:34:41","slug":"hospedagem-cultural","status":"publish","type":"product","link":"https:\/\/www.pacoteshyatt.com.br\/sao-paulo\/product\/hospedagem-cultural\/","title":{"rendered":"HOSPEDAGEM CULTURAL"},"content":{"rendered":"<p data-start=\"49\" data-end=\"338\">Prepare-se para uma experi\u00eancia completa de cultura e conforto com o <strong data-start=\"118\" data-end=\"137\">Pacote Cultural<\/strong> do Grand Hyatt S\u00e3o Paulo. Hospede-se com toda a sofistica\u00e7\u00e3o e viva a magia do teatro assistindo ao espet\u00e1culo <strong data-start=\"249\" data-end=\"278\">&#8220;Uma Bab\u00e1 Quase Perfeita&#8221;<\/strong>, sucesso da Broadway agora em cartaz na capital paulista.<\/p>\n<p data-start=\"340\" data-end=\"599\">O pacote inclui <strong data-start=\"356\" data-end=\"385\">di\u00e1rias com caf\u00e9 da manh\u00e3<\/strong> e <strong data-start=\"388\" data-end=\"421\">dois ingressos para o musical<\/strong>, garantindo momentos inesquec\u00edveis de entretenimento.<\/p>\n<p data-start=\"601\" data-end=\"834\">Durante sua estadia, aproveite toda a estrutura do Grand Hyatt S\u00e3o Paulo. Relaxe no <strong data-start=\"685\" data-end=\"700\">Amanary Spa<\/strong>, desfrute da piscina e entregue-se a uma verdadeira experi\u00eancia gastron\u00f4mica com os sabores \u00fanicos dos nossos restaurantes e bares.<\/p>\n<p data-start=\"836\" data-end=\"943\">Uma viagem perfeita pela cultura e pelo bem-estar, combinando o melhor da hospedagem e do entretenimento.<\/p>\n<p data-start=\"945\" data-end=\"1006\" data-is-last-node=\"\" data-is-only-node=\"\"><strong>Reserve agora e torne sua experi\u00eancia ainda mais especial!<\/strong><\/p>\n","protected":false},"excerpt":{"rendered":"<p>Prepare-se para uma experi\u00eancia completa de cultura e conforto com o Pacote Cultural do Grand Hyatt S\u00e3o Paulo. Hospede-se com toda a sofistica\u00e7\u00e3o e viva a magia do teatro assistindo ao espet\u00e1culo &#8220;Uma Bab\u00e1 Quase Perfeita&#8221;, sucesso da Broadway agora em cartaz na capital paulista. O pacote inclui di\u00e1rias com caf\u00e9 da manh\u00e3 e dois [&hellip;]<\/p>\n","protected":false},"featured_media":17228,"comment_status":"open","ping_status":"closed","template":"","meta":{"_eb_attr":""},"product_cat":[57,19],"product_tag":[],"yoast_head":"<!-- This site is optimized with the Yoast SEO plugin v18.4.1 - https:\/\/yoast.com\/wordpress\/plugins\/seo\/ -->\n<title>Hospedagem Cultural - Hyatt S\u00e3o Paulo<\/title>\n<meta name=\"description\" content=\"Aproveite benef\u00edcios no Hyatt S\u00e3o Paulo, exclusivo para membros World of Hyatt. Hospedagem com conforto, luxo e condi\u00e7\u00f5es especiais. Reserve agora!\" \/>\n<meta name=\"robots\" content=\"index, follow, max-snippet:-1, max-image-preview:large, max-video-preview:-1\" \/>\n<link rel=\"canonical\" href=\"https:\/\/www.pacoteshyatt.com.br\/sao-paulo\/product\/hospedagem-cultural\/\" \/>\n<meta property=\"og:locale\" content=\"pt_BR\" \/>\n<meta property=\"og:type\" content=\"article\" \/>\n<meta property=\"og:title\" content=\"Hospedagem Cultural - Hyatt S\u00e3o Paulo\" \/>\n<meta property=\"og:description\" content=\"Aproveite benef\u00edcios no Hyatt S\u00e3o Paulo, exclusivo para membros World of Hyatt. Hospedagem com conforto, luxo e condi\u00e7\u00f5es especiais. Reserve agora!\" \/>\n<meta property=\"og:url\" content=\"https:\/\/www.pacoteshyatt.com.br\/sao-paulo\/product\/hospedagem-cultural\/\" \/>\n<meta property=\"og:site_name\" content=\"GRAND HYATT S\u00c3O PAULO\" \/>\n<meta property=\"article:modified_time\" content=\"2025-05-14T12:34:41+00:00\" \/>\n<meta property=\"og:image\" content=\"https:\/\/www.pacoteshyatt.com.br\/sao-paulo\/wp-content\/uploads\/sites\/3\/2025\/03\/GHSP_PacoteCultural_Banner_308x200px_v1.png\" \/>\n\t<meta property=\"og:image:width\" content=\"308\" \/>\n\t<meta property=\"og:image:height\" content=\"200\" \/>\n\t<meta property=\"og:image:type\" content=\"image\/png\" \/>\n<meta name=\"twitter:card\" content=\"summary_large_image\" \/>\n<meta name=\"twitter:label1\" content=\"Est. tempo de leitura\" \/>\n\t<meta name=\"twitter:data1\" content=\"2 minutos\" \/>\n<script type=\"application\/ld+json\" class=\"yoast-schema-graph\">{\"@context\":\"https:\/\/schema.org\",\"@graph\":[{\"@type\":\"WebSite\",\"@id\":\"https:\/\/www.pacoteshyatt.com.br\/sao-paulo\/#website\",\"url\":\"https:\/\/www.pacoteshyatt.com.br\/sao-paulo\/\",\"name\":\"GRAND HYATT S\u00c3O PAULO\",\"description\":\"S\u00f3 mais um site Hot\u00e9is Grand Hyatt Rio de Janeiro e S\u00e3o Paulo sites\",\"potentialAction\":[{\"@type\":\"SearchAction\",\"target\":{\"@type\":\"EntryPoint\",\"urlTemplate\":\"https:\/\/www.pacoteshyatt.com.br\/sao-paulo\/?s={search_term_string}\"},\"query-input\":\"required name=search_term_string\"}],\"inLanguage\":\"pt-BR\"},{\"@type\":\"ImageObject\",\"@id\":\"https:\/\/www.pacoteshyatt.com.br\/sao-paulo\/product\/hospedagem-cultural\/#primaryimage\",\"inLanguage\":\"pt-BR\",\"url\":\"https:\/\/www.pacoteshyatt.com.br\/sao-paulo\/wp-content\/uploads\/sites\/3\/2025\/03\/GHSP_PacoteCultural_Banner_308x200px_v1.png\",\"contentUrl\":\"https:\/\/www.pacoteshyatt.com.br\/sao-paulo\/wp-content\/uploads\/sites\/3\/2025\/03\/GHSP_PacoteCultural_Banner_308x200px_v1.png\",\"width\":308,\"height\":200},{\"@type\":\"WebPage\",\"@id\":\"https:\/\/www.pacoteshyatt.com.br\/sao-paulo\/product\/hospedagem-cultural\/#webpage\",\"url\":\"https:\/\/www.pacoteshyatt.com.br\/sao-paulo\/product\/hospedagem-cultural\/\",\"name\":\"Hospedagem Cultural - Hyatt S\u00e3o Paulo\",\"isPartOf\":{\"@id\":\"https:\/\/www.pacoteshyatt.com.br\/sao-paulo\/#website\"},\"primaryImageOfPage\":{\"@id\":\"https:\/\/www.pacoteshyatt.com.br\/sao-paulo\/product\/hospedagem-cultural\/#primaryimage\"},\"datePublished\":\"2025-03-04T19:19:03+00:00\",\"dateModified\":\"2025-05-14T12:34:41+00:00\",\"description\":\"Aproveite benef\u00edcios no Hyatt S\u00e3o Paulo, exclusivo para membros World of Hyatt. Hospedagem com conforto, luxo e condi\u00e7\u00f5es especiais. Reserve agora!\",\"breadcrumb\":{\"@id\":\"https:\/\/www.pacoteshyatt.com.br\/sao-paulo\/product\/hospedagem-cultural\/#breadcrumb\"},\"inLanguage\":\"pt-BR\",\"potentialAction\":[{\"@type\":\"ReadAction\",\"target\":[\"https:\/\/www.pacoteshyatt.com.br\/sao-paulo\/product\/hospedagem-cultural\/\"]}]},{\"@type\":\"BreadcrumbList\",\"@id\":\"https:\/\/www.pacoteshyatt.com.br\/sao-paulo\/product\/hospedagem-cultural\/#breadcrumb\",\"itemListElement\":[{\"@type\":\"ListItem\",\"position\":1,\"name\":\"Home\",\"item\":\"https:\/\/www.pacoteshyatt.com.br\/sao-paulo\/\"},{\"@type\":\"ListItem\",\"position\":2,\"name\":\"Shop\",\"item\":\"https:\/\/www.pacoteshyatt.com.br\/sao-paulo\/shop\/\"},{\"@type\":\"ListItem\",\"position\":3,\"name\":\"HOSPEDAGEM CULTURAL\"}]}]}<\/script>\n<!-- \/ Yoast SEO plugin. -->","yoast_head_json":{"title":"Hospedagem Cultural - Hyatt S\u00e3o Paulo","description":"Aproveite benef\u00edcios no Hyatt S\u00e3o Paulo, exclusivo para membros World of Hyatt. Hospedagem com conforto, luxo e condi\u00e7\u00f5es especiais. Reserve agora!","robots":{"index":"index","follow":"follow","max-snippet":"max-snippet:-1","max-image-preview":"max-image-preview:large","max-video-preview":"max-video-preview:-1"},"canonical":"https:\/\/www.pacoteshyatt.com.br\/sao-paulo\/product\/hospedagem-cultural\/","og_locale":"pt_BR","og_type":"article","og_title":"Hospedagem Cultural - Hyatt S\u00e3o Paulo","og_description":"Aproveite benef\u00edcios no Hyatt S\u00e3o Paulo, exclusivo para membros World of Hyatt. Hospedagem com conforto, luxo e condi\u00e7\u00f5es especiais. Reserve agora!","og_url":"https:\/\/www.pacoteshyatt.com.br\/sao-paulo\/product\/hospedagem-cultural\/","og_site_name":"GRAND HYATT S\u00c3O PAULO","article_modified_time":"2025-05-14T12:34:41+00:00","og_image":[{"width":308,"height":200,"url":"https:\/\/www.pacoteshyatt.com.br\/sao-paulo\/wp-content\/uploads\/sites\/3\/2025\/03\/GHSP_PacoteCultural_Banner_308x200px_v1.png","type":"image\/png"}],"twitter_card":"summary_large_image","twitter_misc":{"Est. tempo de leitura":"2 minutos"},"schema":{"@context":"https:\/\/schema.org","@graph":[{"@type":"WebSite","@id":"https:\/\/www.pacoteshyatt.com.br\/sao-paulo\/#website","url":"https:\/\/www.pacoteshyatt.com.br\/sao-paulo\/","name":"GRAND HYATT S\u00c3O PAULO","description":"S\u00f3 mais um site Hot\u00e9is Grand Hyatt Rio de Janeiro e S\u00e3o Paulo sites","potentialAction":[{"@type":"SearchAction","target":{"@type":"EntryPoint","urlTemplate":"https:\/\/www.pacoteshyatt.com.br\/sao-paulo\/?s={search_term_string}"},"query-input":"required name=search_term_string"}],"inLanguage":"pt-BR"},{"@type":"ImageObject","@id":"https:\/\/www.pacoteshyatt.com.br\/sao-paulo\/product\/hospedagem-cultural\/#primaryimage","inLanguage":"pt-BR","url":"https:\/\/www.pacoteshyatt.com.br\/sao-paulo\/wp-content\/uploads\/sites\/3\/2025\/03\/GHSP_PacoteCultural_Banner_308x200px_v1.png","contentUrl":"https:\/\/www.pacoteshyatt.com.br\/sao-paulo\/wp-content\/uploads\/sites\/3\/2025\/03\/GHSP_PacoteCultural_Banner_308x200px_v1.png","width":308,"height":200},{"@type":"WebPage","@id":"https:\/\/www.pacoteshyatt.com.br\/sao-paulo\/product\/hospedagem-cultural\/#webpage","url":"https:\/\/www.pacoteshyatt.com.br\/sao-paulo\/product\/hospedagem-cultural\/","name":"Hospedagem Cultural - Hyatt S\u00e3o Paulo","isPartOf":{"@id":"https:\/\/www.pacoteshyatt.com.br\/sao-paulo\/#website"},"primaryImageOfPage":{"@id":"https:\/\/www.pacoteshyatt.com.br\/sao-paulo\/product\/hospedagem-cultural\/#primaryimage"},"datePublished":"2025-03-04T19:19:03+00:00","dateModified":"2025-05-14T12:34:41+00:00","description":"Aproveite benef\u00edcios no Hyatt S\u00e3o Paulo, exclusivo para membros World of Hyatt. Hospedagem com conforto, luxo e condi\u00e7\u00f5es especiais. Reserve agora!","breadcrumb":{"@id":"https:\/\/www.pacoteshyatt.com.br\/sao-paulo\/product\/hospedagem-cultural\/#breadcrumb"},"inLanguage":"pt-BR","potentialAction":[{"@type":"ReadAction","target":["https:\/\/www.pacoteshyatt.com.br\/sao-paulo\/product\/hospedagem-cultural\/"]}]},{"@type":"BreadcrumbList","@id":"https:\/\/www.pacoteshyatt.com.br\/sao-paulo\/product\/hospedagem-cultural\/#breadcrumb","itemListElement":[{"@type":"ListItem","position":1,"name":"Home","item":"https:\/\/www.pacoteshyatt.com.br\/sao-paulo\/"},{"@type":"ListItem","position":2,"name":"Shop","item":"https:\/\/www.pacoteshyatt.com.br\/sao-paulo\/shop\/"},{"@type":"ListItem","position":3,"name":"HOSPEDAGEM CULTURAL"}]}]}},"_links":{"self":[{"href":"https:\/\/www.pacoteshyatt.com.br\/sao-paulo\/wp-json\/wp\/v2\/product\/17088"}],"collection":[{"href":"https:\/\/www.pacoteshyatt.com.br\/sao-paulo\/wp-json\/wp\/v2\/product"}],"about":[{"href":"https:\/\/www.pacoteshyatt.com.br\/sao-paulo\/wp-json\/wp\/v2\/types\/product"}],"replies":[{"embeddable":true,"href":"https:\/\/www.pacoteshyatt.com.br\/sao-paulo\/wp-json\/wp\/v2\/comments?post=17088"}],"wp:featuredmedia":[{"embeddable":true,"href":"https:\/\/www.pacoteshyatt.com.br\/sao-paulo\/wp-json\/wp\/v2\/media\/17228"}],"wp:attachment":[{"href":"https:\/\/www.pacoteshyatt.com.br\/sao-paulo\/wp-json\/wp\/v2\/media?parent=17088"}],"wp:term":[{"taxonomy":"product_cat","embeddable":true,"href":"https:\/\/www.pacoteshyatt.com.br\/sao-paulo\/wp-json\/wp\/v2\/product_cat?post=17088"},{"taxonomy":"product_tag","embeddable":true,"href":"https:\/\/www.pacoteshyatt.com.br\/sao-paulo\/wp-json\/wp\/v2\/product_tag?post=17088"}],"curies":[{"name":"wp","href":"https:\/\/api.w.org\/{rel}","templated":true}]}}