{"id":18394,"date":"2025-07-10T10:50:25","date_gmt":"2025-07-10T13:50:25","guid":{"rendered":"https:\/\/www.pacoteshyatt.com.br\/sao-paulo\/?post_type=product&#038;p=18394"},"modified":"2025-12-23T17:16:31","modified_gmt":"2025-12-23T20:16:31","slug":"o-segredo-da-caipirinha-perfeita","status":"publish","type":"product","link":"https:\/\/www.pacoteshyatt.com.br\/sao-paulo\/product\/o-segredo-da-caipirinha-perfeita\/","title":{"rendered":"O SEGREDO DA CAIPIRINHA PERFEITA"},"content":{"rendered":"<p>Mergulhe na cultura brasileira por meio de uma de suas maiores express\u00f5es: a <strong>caipirinha<\/strong>. Neste workshop de imersivo, voc\u00ea se torna o protagonista de uma jornada sensorial, conduzida por um sommelier especializado em cacha\u00e7a, que revela segredos e curiosidades sobre essa bebida tipicamente nacional.<\/p>\n<div data-offset-key=\"c0h6k-0-0\"><\/div>\n<div class=\"\" data-block=\"true\" data-editor=\"4e1gb\" data-offset-key=\"f657u-0-0\">\n<div class=\"public-DraftStyleDefault-block public-DraftStyleDefault-ltr\" data-offset-key=\"f657u-0-0\">\n<p>Durante a experi\u00eancia do <strong>workshop de caipirinha<\/strong>, voc\u00ea aprender\u00e1 desde a escolha ideal das frutas at\u00e9 t\u00e9cnicas de preparo, equilibrando sabores e aromas. Explore no evento combina\u00e7\u00f5es inusitadas, sinta as nuances c\u00edtricas no ar e entenda como cada detalhe influencia no resultado final.<\/p>\n<p>Mais do que um simples drink, a caipirinha se transforma em um s\u00edmbolo de identidade, hist\u00f3ria e celebra\u00e7\u00e3o. Ao final, brinde com sua pr\u00f3pria cria\u00e7\u00e3o e leve com voc\u00ea n\u00e3o s\u00f3 o sabor, mas a mem\u00f3ria afetiva de um momento aut\u00eantico, divertido e repleto de brasilidade.<\/p>\n<p>*Esta experi\u00eancia <strong>masterclass o segredo da caipirinha perfeita<\/strong> requer um n\u00famero m\u00ednimo de participantes para acontecer. Caso esse n\u00famero n\u00e3o seja atingido, a atividade poder\u00e1 ser reagendada ou cancelada, com aviso pr\u00e9vio e reembolso total (se aplic\u00e1vel).<\/p>\n<\/div>\n<\/div>\n","protected":false},"excerpt":{"rendered":"<p>Mergulhe na cultura brasileira por meio de uma de suas maiores express\u00f5es: a caipirinha. Neste workshop de imersivo, voc\u00ea se torna o protagonista de uma jornada sensorial, conduzida por um sommelier especializado em cacha\u00e7a, que revela segredos e curiosidades sobre essa bebida tipicamente nacional. Durante a experi\u00eancia do workshop de caipirinha, voc\u00ea aprender\u00e1 desde a [&hellip;]<\/p>\n","protected":false},"featured_media":18412,"comment_status":"open","ping_status":"closed","template":"","meta":{"_eb_attr":""},"product_cat":[57,85,27,28],"product_tag":[],"yoast_head":"<!-- This site is optimized with the Yoast SEO plugin v18.4.1 - https:\/\/yoast.com\/wordpress\/plugins\/seo\/ -->\n<title>Workshop Segredo da Caipirinha Perfeita - Grand Hyatt SP<\/title>\n<meta name=\"description\" content=\"Descubra os segredos da caipirinha em um workshop imersivo. Aprenda t\u00e9cnicas, explore sabores e viva uma experi\u00eancia cultural aut\u00eantica e divertida!\" \/>\n<meta name=\"robots\" content=\"index, follow, max-snippet:-1, max-image-preview:large, max-video-preview:-1\" \/>\n<link rel=\"canonical\" href=\"https:\/\/www.pacoteshyatt.com.br\/sao-paulo\/product\/o-segredo-da-caipirinha-perfeita\/\" \/>\n<meta property=\"og:locale\" content=\"pt_BR\" \/>\n<meta property=\"og:type\" content=\"article\" \/>\n<meta property=\"og:title\" content=\"Workshop Segredo da Caipirinha Perfeita - Grand Hyatt SP\" \/>\n<meta property=\"og:description\" content=\"Descubra os segredos da caipirinha em um workshop imersivo. Aprenda t\u00e9cnicas, explore sabores e viva uma experi\u00eancia cultural aut\u00eantica e divertida!\" \/>\n<meta property=\"og:url\" content=\"https:\/\/www.pacoteshyatt.com.br\/sao-paulo\/product\/o-segredo-da-caipirinha-perfeita\/\" \/>\n<meta property=\"og:site_name\" content=\"GRAND HYATT S\u00c3O PAULO\" \/>\n<meta property=\"article:modified_time\" content=\"2025-12-23T20:16:31+00:00\" \/>\n<meta property=\"og:image\" content=\"https:\/\/www.pacoteshyatt.com.br\/sao-paulo\/wp-content\/uploads\/sites\/3\/2025\/07\/GHSP_WorkshopCaipirinhaWellbeing_2025_Banner_308x200px_v1.png\" \/>\n\t<meta property=\"og:image:width\" content=\"308\" \/>\n\t<meta property=\"og:image:height\" content=\"200\" \/>\n\t<meta property=\"og:image:type\" content=\"image\/png\" \/>\n<meta name=\"twitter:card\" content=\"summary_large_image\" \/>\n<meta name=\"twitter:label1\" content=\"Est. tempo de leitura\" \/>\n\t<meta name=\"twitter:data1\" content=\"2 minutos\" \/>\n<script type=\"application\/ld+json\" class=\"yoast-schema-graph\">{\"@context\":\"https:\/\/schema.org\",\"@graph\":[{\"@type\":\"WebSite\",\"@id\":\"https:\/\/www.pacoteshyatt.com.br\/sao-paulo\/#website\",\"url\":\"https:\/\/www.pacoteshyatt.com.br\/sao-paulo\/\",\"name\":\"GRAND HYATT S\u00c3O PAULO\",\"description\":\"S\u00f3 mais um site Hot\u00e9is Grand Hyatt Rio de Janeiro e S\u00e3o Paulo sites\",\"potentialAction\":[{\"@type\":\"SearchAction\",\"target\":{\"@type\":\"EntryPoint\",\"urlTemplate\":\"https:\/\/www.pacoteshyatt.com.br\/sao-paulo\/?s={search_term_string}\"},\"query-input\":\"required name=search_term_string\"}],\"inLanguage\":\"pt-BR\"},{\"@type\":\"ImageObject\",\"@id\":\"https:\/\/www.pacoteshyatt.com.br\/sao-paulo\/product\/o-segredo-da-caipirinha-perfeita\/#primaryimage\",\"inLanguage\":\"pt-BR\",\"url\":\"https:\/\/www.pacoteshyatt.com.br\/sao-paulo\/wp-content\/uploads\/sites\/3\/2025\/07\/GHSP_WorkshopCaipirinhaWellbeing_2025_Banner_308x200px_v1.png\",\"contentUrl\":\"https:\/\/www.pacoteshyatt.com.br\/sao-paulo\/wp-content\/uploads\/sites\/3\/2025\/07\/GHSP_WorkshopCaipirinhaWellbeing_2025_Banner_308x200px_v1.png\",\"width\":308,\"height\":200,\"caption\":\"workshop de caipirinha do grand hyatrt s\u00e3o paulo\"},{\"@type\":\"WebPage\",\"@id\":\"https:\/\/www.pacoteshyatt.com.br\/sao-paulo\/product\/o-segredo-da-caipirinha-perfeita\/#webpage\",\"url\":\"https:\/\/www.pacoteshyatt.com.br\/sao-paulo\/product\/o-segredo-da-caipirinha-perfeita\/\",\"name\":\"Workshop Segredo da Caipirinha Perfeita - Grand Hyatt SP\",\"isPartOf\":{\"@id\":\"https:\/\/www.pacoteshyatt.com.br\/sao-paulo\/#website\"},\"primaryImageOfPage\":{\"@id\":\"https:\/\/www.pacoteshyatt.com.br\/sao-paulo\/product\/o-segredo-da-caipirinha-perfeita\/#primaryimage\"},\"datePublished\":\"2025-07-10T13:50:25+00:00\",\"dateModified\":\"2025-12-23T20:16:31+00:00\",\"description\":\"Descubra os segredos da caipirinha em um workshop imersivo. Aprenda t\u00e9cnicas, explore sabores e viva uma experi\u00eancia cultural aut\u00eantica e divertida!\",\"breadcrumb\":{\"@id\":\"https:\/\/www.pacoteshyatt.com.br\/sao-paulo\/product\/o-segredo-da-caipirinha-perfeita\/#breadcrumb\"},\"inLanguage\":\"pt-BR\",\"potentialAction\":[{\"@type\":\"ReadAction\",\"target\":[\"https:\/\/www.pacoteshyatt.com.br\/sao-paulo\/product\/o-segredo-da-caipirinha-perfeita\/\"]}]},{\"@type\":\"BreadcrumbList\",\"@id\":\"https:\/\/www.pacoteshyatt.com.br\/sao-paulo\/product\/o-segredo-da-caipirinha-perfeita\/#breadcrumb\",\"itemListElement\":[{\"@type\":\"ListItem\",\"position\":1,\"name\":\"Home\",\"item\":\"https:\/\/www.pacoteshyatt.com.br\/sao-paulo\/\"},{\"@type\":\"ListItem\",\"position\":2,\"name\":\"Shop\",\"item\":\"https:\/\/www.pacoteshyatt.com.br\/sao-paulo\/shop\/\"},{\"@type\":\"ListItem\",\"position\":3,\"name\":\"O SEGREDO DA CAIPIRINHA PERFEITA\"}]}]}<\/script>\n<!-- \/ Yoast SEO plugin. -->","yoast_head_json":{"title":"Workshop Segredo da Caipirinha Perfeita - Grand Hyatt SP","description":"Descubra os segredos da caipirinha em um workshop imersivo. Aprenda t\u00e9cnicas, explore sabores e viva uma experi\u00eancia cultural aut\u00eantica e divertida!","robots":{"index":"index","follow":"follow","max-snippet":"max-snippet:-1","max-image-preview":"max-image-preview:large","max-video-preview":"max-video-preview:-1"},"canonical":"https:\/\/www.pacoteshyatt.com.br\/sao-paulo\/product\/o-segredo-da-caipirinha-perfeita\/","og_locale":"pt_BR","og_type":"article","og_title":"Workshop Segredo da Caipirinha Perfeita - Grand Hyatt SP","og_description":"Descubra os segredos da caipirinha em um workshop imersivo. Aprenda t\u00e9cnicas, explore sabores e viva uma experi\u00eancia cultural aut\u00eantica e divertida!","og_url":"https:\/\/www.pacoteshyatt.com.br\/sao-paulo\/product\/o-segredo-da-caipirinha-perfeita\/","og_site_name":"GRAND HYATT S\u00c3O PAULO","article_modified_time":"2025-12-23T20:16:31+00:00","og_image":[{"width":308,"height":200,"url":"https:\/\/www.pacoteshyatt.com.br\/sao-paulo\/wp-content\/uploads\/sites\/3\/2025\/07\/GHSP_WorkshopCaipirinhaWellbeing_2025_Banner_308x200px_v1.png","type":"image\/png"}],"twitter_card":"summary_large_image","twitter_misc":{"Est. tempo de leitura":"2 minutos"},"schema":{"@context":"https:\/\/schema.org","@graph":[{"@type":"WebSite","@id":"https:\/\/www.pacoteshyatt.com.br\/sao-paulo\/#website","url":"https:\/\/www.pacoteshyatt.com.br\/sao-paulo\/","name":"GRAND HYATT S\u00c3O PAULO","description":"S\u00f3 mais um site Hot\u00e9is Grand Hyatt Rio de Janeiro e S\u00e3o Paulo sites","potentialAction":[{"@type":"SearchAction","target":{"@type":"EntryPoint","urlTemplate":"https:\/\/www.pacoteshyatt.com.br\/sao-paulo\/?s={search_term_string}"},"query-input":"required name=search_term_string"}],"inLanguage":"pt-BR"},{"@type":"ImageObject","@id":"https:\/\/www.pacoteshyatt.com.br\/sao-paulo\/product\/o-segredo-da-caipirinha-perfeita\/#primaryimage","inLanguage":"pt-BR","url":"https:\/\/www.pacoteshyatt.com.br\/sao-paulo\/wp-content\/uploads\/sites\/3\/2025\/07\/GHSP_WorkshopCaipirinhaWellbeing_2025_Banner_308x200px_v1.png","contentUrl":"https:\/\/www.pacoteshyatt.com.br\/sao-paulo\/wp-content\/uploads\/sites\/3\/2025\/07\/GHSP_WorkshopCaipirinhaWellbeing_2025_Banner_308x200px_v1.png","width":308,"height":200,"caption":"workshop de caipirinha do grand hyatrt s\u00e3o paulo"},{"@type":"WebPage","@id":"https:\/\/www.pacoteshyatt.com.br\/sao-paulo\/product\/o-segredo-da-caipirinha-perfeita\/#webpage","url":"https:\/\/www.pacoteshyatt.com.br\/sao-paulo\/product\/o-segredo-da-caipirinha-perfeita\/","name":"Workshop Segredo da Caipirinha Perfeita - Grand Hyatt SP","isPartOf":{"@id":"https:\/\/www.pacoteshyatt.com.br\/sao-paulo\/#website"},"primaryImageOfPage":{"@id":"https:\/\/www.pacoteshyatt.com.br\/sao-paulo\/product\/o-segredo-da-caipirinha-perfeita\/#primaryimage"},"datePublished":"2025-07-10T13:50:25+00:00","dateModified":"2025-12-23T20:16:31+00:00","description":"Descubra os segredos da caipirinha em um workshop imersivo. Aprenda t\u00e9cnicas, explore sabores e viva uma experi\u00eancia cultural aut\u00eantica e divertida!","breadcrumb":{"@id":"https:\/\/www.pacoteshyatt.com.br\/sao-paulo\/product\/o-segredo-da-caipirinha-perfeita\/#breadcrumb"},"inLanguage":"pt-BR","potentialAction":[{"@type":"ReadAction","target":["https:\/\/www.pacoteshyatt.com.br\/sao-paulo\/product\/o-segredo-da-caipirinha-perfeita\/"]}]},{"@type":"BreadcrumbList","@id":"https:\/\/www.pacoteshyatt.com.br\/sao-paulo\/product\/o-segredo-da-caipirinha-perfeita\/#breadcrumb","itemListElement":[{"@type":"ListItem","position":1,"name":"Home","item":"https:\/\/www.pacoteshyatt.com.br\/sao-paulo\/"},{"@type":"ListItem","position":2,"name":"Shop","item":"https:\/\/www.pacoteshyatt.com.br\/sao-paulo\/shop\/"},{"@type":"ListItem","position":3,"name":"O SEGREDO DA CAIPIRINHA PERFEITA"}]}]}},"_links":{"self":[{"href":"https:\/\/www.pacoteshyatt.com.br\/sao-paulo\/wp-json\/wp\/v2\/product\/18394"}],"collection":[{"href":"https:\/\/www.pacoteshyatt.com.br\/sao-paulo\/wp-json\/wp\/v2\/product"}],"about":[{"href":"https:\/\/www.pacoteshyatt.com.br\/sao-paulo\/wp-json\/wp\/v2\/types\/product"}],"replies":[{"embeddable":true,"href":"https:\/\/www.pacoteshyatt.com.br\/sao-paulo\/wp-json\/wp\/v2\/comments?post=18394"}],"wp:featuredmedia":[{"embeddable":true,"href":"https:\/\/www.pacoteshyatt.com.br\/sao-paulo\/wp-json\/wp\/v2\/media\/18412"}],"wp:attachment":[{"href":"https:\/\/www.pacoteshyatt.com.br\/sao-paulo\/wp-json\/wp\/v2\/media?parent=18394"}],"wp:term":[{"taxonomy":"product_cat","embeddable":true,"href":"https:\/\/www.pacoteshyatt.com.br\/sao-paulo\/wp-json\/wp\/v2\/product_cat?post=18394"},{"taxonomy":"product_tag","embeddable":true,"href":"https:\/\/www.pacoteshyatt.com.br\/sao-paulo\/wp-json\/wp\/v2\/product_tag?post=18394"}],"curies":[{"name":"wp","href":"https:\/\/api.w.org\/{rel}","templated":true}]}}