{"id":18395,"date":"2025-07-10T11:43:08","date_gmt":"2025-07-10T14:43:08","guid":{"rendered":"https:\/\/www.pacoteshyatt.com.br\/sao-paulo\/?post_type=product&#038;p=18395"},"modified":"2025-12-23T17:17:10","modified_gmt":"2025-12-23T20:17:10","slug":"flow-and-glow","status":"publish","type":"product","link":"https:\/\/www.pacoteshyatt.com.br\/sao-paulo\/product\/flow-and-glow\/","title":{"rendered":"FLOW &amp; GLOW &#8211; IMERS\u00c3O"},"content":{"rendered":"<p data-start=\"114\" data-end=\"148\"><strong data-start=\"114\" data-end=\"148\">Conex\u00e3o. Movimento. Renova\u00e7\u00e3o.<\/strong><\/p>\n<p data-start=\"150\" data-end=\"464\"><strong>Flow &amp; Glow<\/strong> \u00e9 mais do que um momento de bem-estar \u2014 \u00e9 uma jornada transformadora que convida corpo e mente a se alinharem com o ritmo da natureza. Inspirada na for\u00e7a serena da Mata Atl\u00e2ntica, essa <strong>experi\u00eancia de 4 horas<\/strong> foi criada para quem busca desacelerar, respirar com presen\u00e7a e se reconectar com o essencial.<\/p>\n<p data-start=\"466\" data-end=\"841\">A viv\u00eancia come\u00e7a ao ar livre, com pr\u00e1ticas suaves de alongamento que despertam o corpo, seguidas por uma aula de yoga que integra movimento e consci\u00eancia em um fluxo leve e restaurador. Em seguida, o cuidado continua no spa, com rituais sensoriais que nutrem corpo e alma, utilizando ingredientes nativos que evocam as texturas, os aromas e a energia da floresta brasileira.<\/p>\n<p data-start=\"843\" data-end=\"983\">Mais do que relaxar, <strong>Flow &amp; Glow<\/strong> prop\u00f5e um reencontro \u00edntimo com voc\u00ea mesmo. Um convite para fluir com leveza e brilhar de dentro para fora.<\/p>\n<p data-start=\"985\" data-end=\"1029\" data-is-last-node=\"\" data-is-only-node=\"\">Dispon\u00edvel com exclusividade no Amanary Spa.<\/p>\n<p>** Esta experi\u00eancia requer um n\u00famero m\u00ednimo de participantes para acontecer. Caso esse n\u00famero n\u00e3o seja atingido, a atividade poder\u00e1 ser reagendada ou cancelada, com aviso pr\u00e9vio e reembolso total (se aplic\u00e1vel).<\/p>\n","protected":false},"excerpt":{"rendered":"<p>Conex\u00e3o. Movimento. Renova\u00e7\u00e3o. Flow &amp; Glow \u00e9 mais do que um momento de bem-estar \u2014 \u00e9 uma jornada transformadora que convida corpo e mente a se alinharem com o ritmo da natureza. Inspirada na for\u00e7a serena da Mata Atl\u00e2ntica, essa experi\u00eancia de 4 horas foi criada para quem busca desacelerar, respirar com presen\u00e7a e se [&hellip;]<\/p>\n","protected":false},"featured_media":18409,"comment_status":"open","ping_status":"closed","template":"","meta":{"_eb_attr":""},"product_cat":[57,73,85,20,21],"product_tag":[],"yoast_head":"<!-- This site is optimized with the Yoast SEO plugin v18.4.1 - https:\/\/yoast.com\/wordpress\/plugins\/seo\/ -->\n<title>Flow &amp; Glow Imers\u00e3o e Jornada de Bem-Estar - Grand Hyatt SP<\/title>\n<meta name=\"description\" content=\"Flow &amp; Glow \u00e9 uma experi\u00eancia de bem-estar no Amanary Spa que combina yoga ao ar livre, rituais sensoriais e ingredientes da Mata Atl\u00e2ntica. Reserve j\u00e1!\" \/>\n<meta name=\"robots\" content=\"index, follow, max-snippet:-1, max-image-preview:large, max-video-preview:-1\" \/>\n<link rel=\"canonical\" href=\"https:\/\/www.pacoteshyatt.com.br\/sao-paulo\/product\/flow-and-glow\/\" \/>\n<meta property=\"og:locale\" content=\"pt_BR\" \/>\n<meta property=\"og:type\" content=\"article\" \/>\n<meta property=\"og:title\" content=\"Flow &amp; Glow Imers\u00e3o e Jornada de Bem-Estar - Grand Hyatt SP\" \/>\n<meta property=\"og:description\" content=\"Flow &amp; Glow \u00e9 uma experi\u00eancia de bem-estar no Amanary Spa que combina yoga ao ar livre, rituais sensoriais e ingredientes da Mata Atl\u00e2ntica. Reserve j\u00e1!\" \/>\n<meta property=\"og:url\" content=\"https:\/\/www.pacoteshyatt.com.br\/sao-paulo\/product\/flow-and-glow\/\" \/>\n<meta property=\"og:site_name\" content=\"GRAND HYATT S\u00c3O PAULO\" \/>\n<meta property=\"article:modified_time\" content=\"2025-12-23T20:17:10+00:00\" \/>\n<meta property=\"og:image\" content=\"https:\/\/www.pacoteshyatt.com.br\/sao-paulo\/wp-content\/uploads\/sites\/3\/2025\/07\/GHSP_ExperienciasDeSpaWellbeing_2025_Banner_308x200px_v1B.png\" \/>\n\t<meta property=\"og:image:width\" content=\"308\" \/>\n\t<meta property=\"og:image:height\" content=\"200\" \/>\n\t<meta property=\"og:image:type\" content=\"image\/png\" \/>\n<meta name=\"twitter:card\" content=\"summary_large_image\" \/>\n<meta name=\"twitter:label1\" content=\"Est. tempo de leitura\" \/>\n\t<meta name=\"twitter:data1\" content=\"2 minutos\" \/>\n<script type=\"application\/ld+json\" class=\"yoast-schema-graph\">{\"@context\":\"https:\/\/schema.org\",\"@graph\":[{\"@type\":\"WebSite\",\"@id\":\"https:\/\/www.pacoteshyatt.com.br\/sao-paulo\/#website\",\"url\":\"https:\/\/www.pacoteshyatt.com.br\/sao-paulo\/\",\"name\":\"GRAND HYATT S\u00c3O PAULO\",\"description\":\"S\u00f3 mais um site Hot\u00e9is Grand Hyatt Rio de Janeiro e S\u00e3o Paulo sites\",\"potentialAction\":[{\"@type\":\"SearchAction\",\"target\":{\"@type\":\"EntryPoint\",\"urlTemplate\":\"https:\/\/www.pacoteshyatt.com.br\/sao-paulo\/?s={search_term_string}\"},\"query-input\":\"required name=search_term_string\"}],\"inLanguage\":\"pt-BR\"},{\"@type\":\"ImageObject\",\"@id\":\"https:\/\/www.pacoteshyatt.com.br\/sao-paulo\/product\/flow-and-glow\/#primaryimage\",\"inLanguage\":\"pt-BR\",\"url\":\"https:\/\/www.pacoteshyatt.com.br\/sao-paulo\/wp-content\/uploads\/sites\/3\/2025\/07\/GHSP_ExperienciasDeSpaWellbeing_2025_Banner_308x200px_v1B.png\",\"contentUrl\":\"https:\/\/www.pacoteshyatt.com.br\/sao-paulo\/wp-content\/uploads\/sites\/3\/2025\/07\/GHSP_ExperienciasDeSpaWellbeing_2025_Banner_308x200px_v1B.png\",\"width\":308,\"height\":200},{\"@type\":\"WebPage\",\"@id\":\"https:\/\/www.pacoteshyatt.com.br\/sao-paulo\/product\/flow-and-glow\/#webpage\",\"url\":\"https:\/\/www.pacoteshyatt.com.br\/sao-paulo\/product\/flow-and-glow\/\",\"name\":\"Flow & Glow Imers\u00e3o e Jornada de Bem-Estar - Grand Hyatt SP\",\"isPartOf\":{\"@id\":\"https:\/\/www.pacoteshyatt.com.br\/sao-paulo\/#website\"},\"primaryImageOfPage\":{\"@id\":\"https:\/\/www.pacoteshyatt.com.br\/sao-paulo\/product\/flow-and-glow\/#primaryimage\"},\"datePublished\":\"2025-07-10T14:43:08+00:00\",\"dateModified\":\"2025-12-23T20:17:10+00:00\",\"description\":\"Flow & Glow \u00e9 uma experi\u00eancia de bem-estar no Amanary Spa que combina yoga ao ar livre, rituais sensoriais e ingredientes da Mata Atl\u00e2ntica. Reserve j\u00e1!\",\"breadcrumb\":{\"@id\":\"https:\/\/www.pacoteshyatt.com.br\/sao-paulo\/product\/flow-and-glow\/#breadcrumb\"},\"inLanguage\":\"pt-BR\",\"potentialAction\":[{\"@type\":\"ReadAction\",\"target\":[\"https:\/\/www.pacoteshyatt.com.br\/sao-paulo\/product\/flow-and-glow\/\"]}]},{\"@type\":\"BreadcrumbList\",\"@id\":\"https:\/\/www.pacoteshyatt.com.br\/sao-paulo\/product\/flow-and-glow\/#breadcrumb\",\"itemListElement\":[{\"@type\":\"ListItem\",\"position\":1,\"name\":\"Home\",\"item\":\"https:\/\/www.pacoteshyatt.com.br\/sao-paulo\/\"},{\"@type\":\"ListItem\",\"position\":2,\"name\":\"Shop\",\"item\":\"https:\/\/www.pacoteshyatt.com.br\/sao-paulo\/shop\/\"},{\"@type\":\"ListItem\",\"position\":3,\"name\":\"FLOW &amp; GLOW &#8211; IMERS\u00c3O\"}]}]}<\/script>\n<!-- \/ Yoast SEO plugin. -->","yoast_head_json":{"title":"Flow & Glow Imers\u00e3o e Jornada de Bem-Estar - Grand Hyatt SP","description":"Flow & Glow \u00e9 uma experi\u00eancia de bem-estar no Amanary Spa que combina yoga ao ar livre, rituais sensoriais e ingredientes da Mata Atl\u00e2ntica. Reserve j\u00e1!","robots":{"index":"index","follow":"follow","max-snippet":"max-snippet:-1","max-image-preview":"max-image-preview:large","max-video-preview":"max-video-preview:-1"},"canonical":"https:\/\/www.pacoteshyatt.com.br\/sao-paulo\/product\/flow-and-glow\/","og_locale":"pt_BR","og_type":"article","og_title":"Flow & Glow Imers\u00e3o e Jornada de Bem-Estar - Grand Hyatt SP","og_description":"Flow & Glow \u00e9 uma experi\u00eancia de bem-estar no Amanary Spa que combina yoga ao ar livre, rituais sensoriais e ingredientes da Mata Atl\u00e2ntica. Reserve j\u00e1!","og_url":"https:\/\/www.pacoteshyatt.com.br\/sao-paulo\/product\/flow-and-glow\/","og_site_name":"GRAND HYATT S\u00c3O PAULO","article_modified_time":"2025-12-23T20:17:10+00:00","og_image":[{"width":308,"height":200,"url":"https:\/\/www.pacoteshyatt.com.br\/sao-paulo\/wp-content\/uploads\/sites\/3\/2025\/07\/GHSP_ExperienciasDeSpaWellbeing_2025_Banner_308x200px_v1B.png","type":"image\/png"}],"twitter_card":"summary_large_image","twitter_misc":{"Est. tempo de leitura":"2 minutos"},"schema":{"@context":"https:\/\/schema.org","@graph":[{"@type":"WebSite","@id":"https:\/\/www.pacoteshyatt.com.br\/sao-paulo\/#website","url":"https:\/\/www.pacoteshyatt.com.br\/sao-paulo\/","name":"GRAND HYATT S\u00c3O PAULO","description":"S\u00f3 mais um site Hot\u00e9is Grand Hyatt Rio de Janeiro e S\u00e3o Paulo sites","potentialAction":[{"@type":"SearchAction","target":{"@type":"EntryPoint","urlTemplate":"https:\/\/www.pacoteshyatt.com.br\/sao-paulo\/?s={search_term_string}"},"query-input":"required name=search_term_string"}],"inLanguage":"pt-BR"},{"@type":"ImageObject","@id":"https:\/\/www.pacoteshyatt.com.br\/sao-paulo\/product\/flow-and-glow\/#primaryimage","inLanguage":"pt-BR","url":"https:\/\/www.pacoteshyatt.com.br\/sao-paulo\/wp-content\/uploads\/sites\/3\/2025\/07\/GHSP_ExperienciasDeSpaWellbeing_2025_Banner_308x200px_v1B.png","contentUrl":"https:\/\/www.pacoteshyatt.com.br\/sao-paulo\/wp-content\/uploads\/sites\/3\/2025\/07\/GHSP_ExperienciasDeSpaWellbeing_2025_Banner_308x200px_v1B.png","width":308,"height":200},{"@type":"WebPage","@id":"https:\/\/www.pacoteshyatt.com.br\/sao-paulo\/product\/flow-and-glow\/#webpage","url":"https:\/\/www.pacoteshyatt.com.br\/sao-paulo\/product\/flow-and-glow\/","name":"Flow & Glow Imers\u00e3o e Jornada de Bem-Estar - Grand Hyatt SP","isPartOf":{"@id":"https:\/\/www.pacoteshyatt.com.br\/sao-paulo\/#website"},"primaryImageOfPage":{"@id":"https:\/\/www.pacoteshyatt.com.br\/sao-paulo\/product\/flow-and-glow\/#primaryimage"},"datePublished":"2025-07-10T14:43:08+00:00","dateModified":"2025-12-23T20:17:10+00:00","description":"Flow & Glow \u00e9 uma experi\u00eancia de bem-estar no Amanary Spa que combina yoga ao ar livre, rituais sensoriais e ingredientes da Mata Atl\u00e2ntica. Reserve j\u00e1!","breadcrumb":{"@id":"https:\/\/www.pacoteshyatt.com.br\/sao-paulo\/product\/flow-and-glow\/#breadcrumb"},"inLanguage":"pt-BR","potentialAction":[{"@type":"ReadAction","target":["https:\/\/www.pacoteshyatt.com.br\/sao-paulo\/product\/flow-and-glow\/"]}]},{"@type":"BreadcrumbList","@id":"https:\/\/www.pacoteshyatt.com.br\/sao-paulo\/product\/flow-and-glow\/#breadcrumb","itemListElement":[{"@type":"ListItem","position":1,"name":"Home","item":"https:\/\/www.pacoteshyatt.com.br\/sao-paulo\/"},{"@type":"ListItem","position":2,"name":"Shop","item":"https:\/\/www.pacoteshyatt.com.br\/sao-paulo\/shop\/"},{"@type":"ListItem","position":3,"name":"FLOW &amp; GLOW &#8211; IMERS\u00c3O"}]}]}},"_links":{"self":[{"href":"https:\/\/www.pacoteshyatt.com.br\/sao-paulo\/wp-json\/wp\/v2\/product\/18395"}],"collection":[{"href":"https:\/\/www.pacoteshyatt.com.br\/sao-paulo\/wp-json\/wp\/v2\/product"}],"about":[{"href":"https:\/\/www.pacoteshyatt.com.br\/sao-paulo\/wp-json\/wp\/v2\/types\/product"}],"replies":[{"embeddable":true,"href":"https:\/\/www.pacoteshyatt.com.br\/sao-paulo\/wp-json\/wp\/v2\/comments?post=18395"}],"wp:featuredmedia":[{"embeddable":true,"href":"https:\/\/www.pacoteshyatt.com.br\/sao-paulo\/wp-json\/wp\/v2\/media\/18409"}],"wp:attachment":[{"href":"https:\/\/www.pacoteshyatt.com.br\/sao-paulo\/wp-json\/wp\/v2\/media?parent=18395"}],"wp:term":[{"taxonomy":"product_cat","embeddable":true,"href":"https:\/\/www.pacoteshyatt.com.br\/sao-paulo\/wp-json\/wp\/v2\/product_cat?post=18395"},{"taxonomy":"product_tag","embeddable":true,"href":"https:\/\/www.pacoteshyatt.com.br\/sao-paulo\/wp-json\/wp\/v2\/product_tag?post=18395"}],"curies":[{"name":"wp","href":"https:\/\/api.w.org\/{rel}","templated":true}]}}