{"id":18396,"date":"2025-07-10T13:19:48","date_gmt":"2025-07-10T16:19:48","guid":{"rendered":"https:\/\/www.pacoteshyatt.com.br\/sao-paulo\/?post_type=product&#038;p=18396"},"modified":"2026-02-25T16:16:32","modified_gmt":"2026-02-25T19:16:32","slug":"essencia-da-mata-atlantica","status":"publish","type":"product","link":"https:\/\/www.pacoteshyatt.com.br\/sao-paulo\/product\/essencia-da-mata-atlantica\/","title":{"rendered":"DAY SPA &#8211; ESS\u00caNCIA DA MATA ATL\u00c2NTICA"},"content":{"rendered":"<p>Imagine-se no cora\u00e7\u00e3o da Mata Atl\u00e2ntica, onde os aromas de pitanga e jabuticaba despertam os sentidos e convidam a um reencontro com a natureza. Essa \u00e9 a proposta da experi\u00eancia \u201c<strong>Day Spa Ess\u00eancia da Mata Atl\u00e2ntica<\/strong>\u201d no Amanary Spa \u2014 uma imers\u00e3o de 2h50 em cuidado, reconex\u00e3o e equil\u00edbrio.<\/p>\n<p>O ritual come\u00e7a com um banho de p\u00e9s arom\u00e1tico, seguido por uma reflexologia que traz harmonia ao corpo. A esfolia\u00e7\u00e3o corporal revigora a pele e prepara o terreno para uma massagem profundamente hidratante, com toques terap\u00eauticos que restauram a vitalidade.<\/p>\n<p>Ao final, uma delicada bruma de brom\u00e9lias e orqu\u00eddeas envolve o corpo como um abra\u00e7o da floresta, celebrando a diversidade e a riqueza natural do Brasil. Cada etapa dessa jornada \u00e9 um convite \u00e0 presen\u00e7a, \u00e0 introspec\u00e7\u00e3o e ao bem-estar em sua forma mais pura.<\/p>\n<p>O <strong>Day Spa Ess\u00eancia<\/strong> Dispon\u00edvel com exclusividade no Amanary Spa.<\/p>\n","protected":false},"excerpt":{"rendered":"<p>Imagine-se no cora\u00e7\u00e3o da Mata Atl\u00e2ntica, onde os aromas de pitanga e jabuticaba despertam os sentidos e convidam a um reencontro com a natureza. Essa \u00e9 a proposta da experi\u00eancia \u201cDay Spa Ess\u00eancia da Mata Atl\u00e2ntica\u201d no Amanary Spa \u2014 uma imers\u00e3o de 2h50 em cuidado, reconex\u00e3o e equil\u00edbrio. O ritual come\u00e7a com um banho [&hellip;]<\/p>\n","protected":false},"featured_media":18406,"comment_status":"open","ping_status":"closed","template":"","meta":{"_eb_attr":""},"product_cat":[57,73,85,20,21],"product_tag":[],"yoast_head":"<!-- This site is optimized with the Yoast SEO plugin v18.4.1 - https:\/\/yoast.com\/wordpress\/plugins\/seo\/ -->\n<title>Day Spa Ess\u00eancia da Mata Atl\u00e2ntica - Grand Hyatt S\u00e3o Paulo<\/title>\n<meta name=\"description\" content=\"Day Spa Ess\u00eancia da Mata Atl\u00e2ntica \u00e9 uma imers\u00e3o de 10 sess\u00f5es relaxantes e aromas da natureza. S\u00e3o 2h50 de uma experi\u00eancia inesquec\u00edvel. Reserve Agora!\" \/>\n<meta name=\"robots\" content=\"index, follow, max-snippet:-1, max-image-preview:large, max-video-preview:-1\" \/>\n<link rel=\"canonical\" href=\"https:\/\/www.pacoteshyatt.com.br\/sao-paulo\/product\/essencia-da-mata-atlantica\/\" \/>\n<meta property=\"og:locale\" content=\"pt_BR\" \/>\n<meta property=\"og:type\" content=\"article\" \/>\n<meta property=\"og:title\" content=\"Day Spa Ess\u00eancia da Mata Atl\u00e2ntica - Grand Hyatt S\u00e3o Paulo\" \/>\n<meta property=\"og:description\" content=\"Day Spa Ess\u00eancia da Mata Atl\u00e2ntica \u00e9 uma imers\u00e3o de 10 sess\u00f5es relaxantes e aromas da natureza. S\u00e3o 2h50 de uma experi\u00eancia inesquec\u00edvel. Reserve Agora!\" \/>\n<meta property=\"og:url\" content=\"https:\/\/www.pacoteshyatt.com.br\/sao-paulo\/product\/essencia-da-mata-atlantica\/\" \/>\n<meta property=\"og:site_name\" content=\"GRAND HYATT S\u00c3O PAULO\" \/>\n<meta property=\"article:modified_time\" content=\"2026-02-25T19:16:32+00:00\" \/>\n<meta property=\"og:image\" content=\"https:\/\/www.pacoteshyatt.com.br\/sao-paulo\/wp-content\/uploads\/sites\/3\/2025\/07\/GHSP_ExperienciasDeSpaWellbeing_2025_Banner_308x200px_v1A.png\" \/>\n\t<meta property=\"og:image:width\" content=\"308\" \/>\n\t<meta property=\"og:image:height\" content=\"200\" \/>\n\t<meta property=\"og:image:type\" content=\"image\/png\" \/>\n<meta name=\"twitter:card\" content=\"summary_large_image\" \/>\n<meta name=\"twitter:label1\" content=\"Est. tempo de leitura\" \/>\n\t<meta name=\"twitter:data1\" content=\"2 minutos\" \/>\n<script type=\"application\/ld+json\" class=\"yoast-schema-graph\">{\"@context\":\"https:\/\/schema.org\",\"@graph\":[{\"@type\":\"WebSite\",\"@id\":\"https:\/\/www.pacoteshyatt.com.br\/sao-paulo\/#website\",\"url\":\"https:\/\/www.pacoteshyatt.com.br\/sao-paulo\/\",\"name\":\"GRAND HYATT S\u00c3O PAULO\",\"description\":\"S\u00f3 mais um site Hot\u00e9is Grand Hyatt Rio de Janeiro e S\u00e3o Paulo sites\",\"potentialAction\":[{\"@type\":\"SearchAction\",\"target\":{\"@type\":\"EntryPoint\",\"urlTemplate\":\"https:\/\/www.pacoteshyatt.com.br\/sao-paulo\/?s={search_term_string}\"},\"query-input\":\"required name=search_term_string\"}],\"inLanguage\":\"pt-BR\"},{\"@type\":\"ImageObject\",\"@id\":\"https:\/\/www.pacoteshyatt.com.br\/sao-paulo\/product\/essencia-da-mata-atlantica\/#primaryimage\",\"inLanguage\":\"pt-BR\",\"url\":\"https:\/\/www.pacoteshyatt.com.br\/sao-paulo\/wp-content\/uploads\/sites\/3\/2025\/07\/GHSP_ExperienciasDeSpaWellbeing_2025_Banner_308x200px_v1A.png\",\"contentUrl\":\"https:\/\/www.pacoteshyatt.com.br\/sao-paulo\/wp-content\/uploads\/sites\/3\/2025\/07\/GHSP_ExperienciasDeSpaWellbeing_2025_Banner_308x200px_v1A.png\",\"width\":308,\"height\":200},{\"@type\":\"WebPage\",\"@id\":\"https:\/\/www.pacoteshyatt.com.br\/sao-paulo\/product\/essencia-da-mata-atlantica\/#webpage\",\"url\":\"https:\/\/www.pacoteshyatt.com.br\/sao-paulo\/product\/essencia-da-mata-atlantica\/\",\"name\":\"Day Spa Ess\u00eancia da Mata Atl\u00e2ntica - Grand Hyatt S\u00e3o Paulo\",\"isPartOf\":{\"@id\":\"https:\/\/www.pacoteshyatt.com.br\/sao-paulo\/#website\"},\"primaryImageOfPage\":{\"@id\":\"https:\/\/www.pacoteshyatt.com.br\/sao-paulo\/product\/essencia-da-mata-atlantica\/#primaryimage\"},\"datePublished\":\"2025-07-10T16:19:48+00:00\",\"dateModified\":\"2026-02-25T19:16:32+00:00\",\"description\":\"Day Spa Ess\u00eancia da Mata Atl\u00e2ntica \u00e9 uma imers\u00e3o de 10 sess\u00f5es relaxantes e aromas da natureza. S\u00e3o 2h50 de uma experi\u00eancia inesquec\u00edvel. Reserve Agora!\",\"breadcrumb\":{\"@id\":\"https:\/\/www.pacoteshyatt.com.br\/sao-paulo\/product\/essencia-da-mata-atlantica\/#breadcrumb\"},\"inLanguage\":\"pt-BR\",\"potentialAction\":[{\"@type\":\"ReadAction\",\"target\":[\"https:\/\/www.pacoteshyatt.com.br\/sao-paulo\/product\/essencia-da-mata-atlantica\/\"]}]},{\"@type\":\"BreadcrumbList\",\"@id\":\"https:\/\/www.pacoteshyatt.com.br\/sao-paulo\/product\/essencia-da-mata-atlantica\/#breadcrumb\",\"itemListElement\":[{\"@type\":\"ListItem\",\"position\":1,\"name\":\"Home\",\"item\":\"https:\/\/www.pacoteshyatt.com.br\/sao-paulo\/\"},{\"@type\":\"ListItem\",\"position\":2,\"name\":\"Shop\",\"item\":\"https:\/\/www.pacoteshyatt.com.br\/sao-paulo\/shop\/\"},{\"@type\":\"ListItem\",\"position\":3,\"name\":\"DAY SPA &#8211; ESS\u00caNCIA DA MATA ATL\u00c2NTICA\"}]}]}<\/script>\n<!-- \/ Yoast SEO plugin. -->","yoast_head_json":{"title":"Day Spa Ess\u00eancia da Mata Atl\u00e2ntica - Grand Hyatt S\u00e3o Paulo","description":"Day Spa Ess\u00eancia da Mata Atl\u00e2ntica \u00e9 uma imers\u00e3o de 10 sess\u00f5es relaxantes e aromas da natureza. S\u00e3o 2h50 de uma experi\u00eancia inesquec\u00edvel. Reserve Agora!","robots":{"index":"index","follow":"follow","max-snippet":"max-snippet:-1","max-image-preview":"max-image-preview:large","max-video-preview":"max-video-preview:-1"},"canonical":"https:\/\/www.pacoteshyatt.com.br\/sao-paulo\/product\/essencia-da-mata-atlantica\/","og_locale":"pt_BR","og_type":"article","og_title":"Day Spa Ess\u00eancia da Mata Atl\u00e2ntica - Grand Hyatt S\u00e3o Paulo","og_description":"Day Spa Ess\u00eancia da Mata Atl\u00e2ntica \u00e9 uma imers\u00e3o de 10 sess\u00f5es relaxantes e aromas da natureza. S\u00e3o 2h50 de uma experi\u00eancia inesquec\u00edvel. Reserve Agora!","og_url":"https:\/\/www.pacoteshyatt.com.br\/sao-paulo\/product\/essencia-da-mata-atlantica\/","og_site_name":"GRAND HYATT S\u00c3O PAULO","article_modified_time":"2026-02-25T19:16:32+00:00","og_image":[{"width":308,"height":200,"url":"https:\/\/www.pacoteshyatt.com.br\/sao-paulo\/wp-content\/uploads\/sites\/3\/2025\/07\/GHSP_ExperienciasDeSpaWellbeing_2025_Banner_308x200px_v1A.png","type":"image\/png"}],"twitter_card":"summary_large_image","twitter_misc":{"Est. tempo de leitura":"2 minutos"},"schema":{"@context":"https:\/\/schema.org","@graph":[{"@type":"WebSite","@id":"https:\/\/www.pacoteshyatt.com.br\/sao-paulo\/#website","url":"https:\/\/www.pacoteshyatt.com.br\/sao-paulo\/","name":"GRAND HYATT S\u00c3O PAULO","description":"S\u00f3 mais um site Hot\u00e9is Grand Hyatt Rio de Janeiro e S\u00e3o Paulo sites","potentialAction":[{"@type":"SearchAction","target":{"@type":"EntryPoint","urlTemplate":"https:\/\/www.pacoteshyatt.com.br\/sao-paulo\/?s={search_term_string}"},"query-input":"required name=search_term_string"}],"inLanguage":"pt-BR"},{"@type":"ImageObject","@id":"https:\/\/www.pacoteshyatt.com.br\/sao-paulo\/product\/essencia-da-mata-atlantica\/#primaryimage","inLanguage":"pt-BR","url":"https:\/\/www.pacoteshyatt.com.br\/sao-paulo\/wp-content\/uploads\/sites\/3\/2025\/07\/GHSP_ExperienciasDeSpaWellbeing_2025_Banner_308x200px_v1A.png","contentUrl":"https:\/\/www.pacoteshyatt.com.br\/sao-paulo\/wp-content\/uploads\/sites\/3\/2025\/07\/GHSP_ExperienciasDeSpaWellbeing_2025_Banner_308x200px_v1A.png","width":308,"height":200},{"@type":"WebPage","@id":"https:\/\/www.pacoteshyatt.com.br\/sao-paulo\/product\/essencia-da-mata-atlantica\/#webpage","url":"https:\/\/www.pacoteshyatt.com.br\/sao-paulo\/product\/essencia-da-mata-atlantica\/","name":"Day Spa Ess\u00eancia da Mata Atl\u00e2ntica - Grand Hyatt S\u00e3o Paulo","isPartOf":{"@id":"https:\/\/www.pacoteshyatt.com.br\/sao-paulo\/#website"},"primaryImageOfPage":{"@id":"https:\/\/www.pacoteshyatt.com.br\/sao-paulo\/product\/essencia-da-mata-atlantica\/#primaryimage"},"datePublished":"2025-07-10T16:19:48+00:00","dateModified":"2026-02-25T19:16:32+00:00","description":"Day Spa Ess\u00eancia da Mata Atl\u00e2ntica \u00e9 uma imers\u00e3o de 10 sess\u00f5es relaxantes e aromas da natureza. S\u00e3o 2h50 de uma experi\u00eancia inesquec\u00edvel. Reserve Agora!","breadcrumb":{"@id":"https:\/\/www.pacoteshyatt.com.br\/sao-paulo\/product\/essencia-da-mata-atlantica\/#breadcrumb"},"inLanguage":"pt-BR","potentialAction":[{"@type":"ReadAction","target":["https:\/\/www.pacoteshyatt.com.br\/sao-paulo\/product\/essencia-da-mata-atlantica\/"]}]},{"@type":"BreadcrumbList","@id":"https:\/\/www.pacoteshyatt.com.br\/sao-paulo\/product\/essencia-da-mata-atlantica\/#breadcrumb","itemListElement":[{"@type":"ListItem","position":1,"name":"Home","item":"https:\/\/www.pacoteshyatt.com.br\/sao-paulo\/"},{"@type":"ListItem","position":2,"name":"Shop","item":"https:\/\/www.pacoteshyatt.com.br\/sao-paulo\/shop\/"},{"@type":"ListItem","position":3,"name":"DAY SPA &#8211; ESS\u00caNCIA DA MATA ATL\u00c2NTICA"}]}]}},"_links":{"self":[{"href":"https:\/\/www.pacoteshyatt.com.br\/sao-paulo\/wp-json\/wp\/v2\/product\/18396"}],"collection":[{"href":"https:\/\/www.pacoteshyatt.com.br\/sao-paulo\/wp-json\/wp\/v2\/product"}],"about":[{"href":"https:\/\/www.pacoteshyatt.com.br\/sao-paulo\/wp-json\/wp\/v2\/types\/product"}],"replies":[{"embeddable":true,"href":"https:\/\/www.pacoteshyatt.com.br\/sao-paulo\/wp-json\/wp\/v2\/comments?post=18396"}],"wp:featuredmedia":[{"embeddable":true,"href":"https:\/\/www.pacoteshyatt.com.br\/sao-paulo\/wp-json\/wp\/v2\/media\/18406"}],"wp:attachment":[{"href":"https:\/\/www.pacoteshyatt.com.br\/sao-paulo\/wp-json\/wp\/v2\/media?parent=18396"}],"wp:term":[{"taxonomy":"product_cat","embeddable":true,"href":"https:\/\/www.pacoteshyatt.com.br\/sao-paulo\/wp-json\/wp\/v2\/product_cat?post=18396"},{"taxonomy":"product_tag","embeddable":true,"href":"https:\/\/www.pacoteshyatt.com.br\/sao-paulo\/wp-json\/wp\/v2\/product_tag?post=18396"}],"curies":[{"name":"wp","href":"https:\/\/api.w.org\/{rel}","templated":true}]}}