{"id":19097,"date":"2025-09-30T17:24:28","date_gmt":"2025-09-30T20:24:28","guid":{"rendered":"https:\/\/www.pacoteshyatt.com.br\/sao-paulo\/?post_type=product&#038;p=19097"},"modified":"2025-10-08T11:18:04","modified_gmt":"2025-10-08T14:18:04","slug":"hospedagem-deliz","status":"publish","type":"product","link":"https:\/\/www.pacoteshyatt.com.br\/sao-paulo\/product\/hospedagem-deliz\/","title":{"rendered":"HOSPEDAGEM | DELIZ"},"content":{"rendered":"","protected":true},"excerpt":{"rendered":"","protected":true},"featured_media":19102,"comment_status":"open","ping_status":"closed","template":"","meta":{"_eb_attr":""},"product_cat":[15],"product_tag":[],"yoast_head":"<!-- This site is optimized with the Yoast SEO plugin v18.4.1 - https:\/\/yoast.com\/wordpress\/plugins\/seo\/ -->\n<title>HOSPEDAGEM | DELIZ - GRAND HYATT S\u00c3O PAULO<\/title>\n<meta name=\"robots\" content=\"index, follow, max-snippet:-1, max-image-preview:large, max-video-preview:-1\" \/>\n<link rel=\"canonical\" href=\"https:\/\/www.pacoteshyatt.com.br\/sao-paulo\/product\/hospedagem-deliz\/\" \/>\n<meta property=\"og:locale\" content=\"pt_BR\" \/>\n<meta property=\"og:type\" content=\"article\" \/>\n<meta property=\"og:title\" content=\"HOSPEDAGEM | DELIZ - GRAND HYATT S\u00c3O PAULO\" \/>\n<meta property=\"og:description\" content=\"N\u00e3o h\u00e1 resumo por ser um post protegido.\" \/>\n<meta property=\"og:url\" content=\"https:\/\/www.pacoteshyatt.com.br\/sao-paulo\/product\/hospedagem-deliz\/\" \/>\n<meta property=\"og:site_name\" content=\"GRAND HYATT S\u00c3O PAULO\" \/>\n<meta property=\"article:modified_time\" content=\"2025-10-08T14:18:04+00:00\" \/>\n<meta name=\"twitter:card\" content=\"summary_large_image\" \/>\n<meta name=\"twitter:label1\" content=\"Est. tempo de leitura\" \/>\n\t<meta name=\"twitter:data1\" content=\"1 minuto\" \/>\n<script type=\"application\/ld+json\" class=\"yoast-schema-graph\">{\"@context\":\"https:\/\/schema.org\",\"@graph\":[{\"@type\":\"WebSite\",\"@id\":\"https:\/\/www.pacoteshyatt.com.br\/sao-paulo\/#website\",\"url\":\"https:\/\/www.pacoteshyatt.com.br\/sao-paulo\/\",\"name\":\"GRAND HYATT S\u00c3O PAULO\",\"description\":\"S\u00f3 mais um site Hot\u00e9is Grand Hyatt Rio de Janeiro e S\u00e3o Paulo sites\",\"potentialAction\":[{\"@type\":\"SearchAction\",\"target\":{\"@type\":\"EntryPoint\",\"urlTemplate\":\"https:\/\/www.pacoteshyatt.com.br\/sao-paulo\/?s={search_term_string}\"},\"query-input\":\"required name=search_term_string\"}],\"inLanguage\":\"pt-BR\"},{\"@type\":\"WebPage\",\"@id\":\"https:\/\/www.pacoteshyatt.com.br\/sao-paulo\/product\/hospedagem-deliz\/#webpage\",\"url\":\"https:\/\/www.pacoteshyatt.com.br\/sao-paulo\/product\/hospedagem-deliz\/\",\"name\":\"HOSPEDAGEM | DELIZ - GRAND HYATT S\u00c3O PAULO\",\"isPartOf\":{\"@id\":\"https:\/\/www.pacoteshyatt.com.br\/sao-paulo\/#website\"},\"datePublished\":\"2025-09-30T20:24:28+00:00\",\"dateModified\":\"2025-10-08T14:18:04+00:00\",\"breadcrumb\":{\"@id\":\"https:\/\/www.pacoteshyatt.com.br\/sao-paulo\/product\/hospedagem-deliz\/#breadcrumb\"},\"inLanguage\":\"pt-BR\"}]}<\/script>\n<!-- \/ Yoast SEO plugin. -->","yoast_head_json":{"title":"HOSPEDAGEM | DELIZ - GRAND HYATT S\u00c3O PAULO","robots":{"index":"index","follow":"follow","max-snippet":"max-snippet:-1","max-image-preview":"max-image-preview:large","max-video-preview":"max-video-preview:-1"},"canonical":"https:\/\/www.pacoteshyatt.com.br\/sao-paulo\/product\/hospedagem-deliz\/","og_locale":"pt_BR","og_type":"article","og_title":"HOSPEDAGEM | DELIZ - GRAND HYATT S\u00c3O PAULO","og_description":"N\u00e3o h\u00e1 resumo por ser um post protegido.","og_url":"https:\/\/www.pacoteshyatt.com.br\/sao-paulo\/product\/hospedagem-deliz\/","og_site_name":"GRAND HYATT S\u00c3O PAULO","article_modified_time":"2025-10-08T14:18:04+00:00","twitter_card":"summary_large_image","twitter_misc":{"Est. tempo de leitura":"1 minuto"},"schema":{"@context":"https:\/\/schema.org","@graph":[{"@type":"WebSite","@id":"https:\/\/www.pacoteshyatt.com.br\/sao-paulo\/#website","url":"https:\/\/www.pacoteshyatt.com.br\/sao-paulo\/","name":"GRAND HYATT S\u00c3O PAULO","description":"S\u00f3 mais um site Hot\u00e9is Grand Hyatt Rio de Janeiro e S\u00e3o Paulo sites","potentialAction":[{"@type":"SearchAction","target":{"@type":"EntryPoint","urlTemplate":"https:\/\/www.pacoteshyatt.com.br\/sao-paulo\/?s={search_term_string}"},"query-input":"required name=search_term_string"}],"inLanguage":"pt-BR"},{"@type":"WebPage","@id":"https:\/\/www.pacoteshyatt.com.br\/sao-paulo\/product\/hospedagem-deliz\/#webpage","url":"https:\/\/www.pacoteshyatt.com.br\/sao-paulo\/product\/hospedagem-deliz\/","name":"HOSPEDAGEM | DELIZ - GRAND HYATT S\u00c3O PAULO","isPartOf":{"@id":"https:\/\/www.pacoteshyatt.com.br\/sao-paulo\/#website"},"datePublished":"2025-09-30T20:24:28+00:00","dateModified":"2025-10-08T14:18:04+00:00","breadcrumb":{"@id":"https:\/\/www.pacoteshyatt.com.br\/sao-paulo\/product\/hospedagem-deliz\/#breadcrumb"},"inLanguage":"pt-BR"}]}},"_links":{"self":[{"href":"https:\/\/www.pacoteshyatt.com.br\/sao-paulo\/wp-json\/wp\/v2\/product\/19097"}],"collection":[{"href":"https:\/\/www.pacoteshyatt.com.br\/sao-paulo\/wp-json\/wp\/v2\/product"}],"about":[{"href":"https:\/\/www.pacoteshyatt.com.br\/sao-paulo\/wp-json\/wp\/v2\/types\/product"}],"replies":[{"embeddable":true,"href":"https:\/\/www.pacoteshyatt.com.br\/sao-paulo\/wp-json\/wp\/v2\/comments?post=19097"}],"wp:featuredmedia":[{"embeddable":true,"href":"https:\/\/www.pacoteshyatt.com.br\/sao-paulo\/wp-json\/wp\/v2\/media\/19102"}],"wp:attachment":[{"href":"https:\/\/www.pacoteshyatt.com.br\/sao-paulo\/wp-json\/wp\/v2\/media?parent=19097"}],"wp:term":[{"taxonomy":"product_cat","embeddable":true,"href":"https:\/\/www.pacoteshyatt.com.br\/sao-paulo\/wp-json\/wp\/v2\/product_cat?post=19097"},{"taxonomy":"product_tag","embeddable":true,"href":"https:\/\/www.pacoteshyatt.com.br\/sao-paulo\/wp-json\/wp\/v2\/product_tag?post=19097"}],"curies":[{"name":"wp","href":"https:\/\/api.w.org\/{rel}","templated":true}]}}