{"id":19290,"date":"2025-10-21T12:24:03","date_gmt":"2025-10-21T15:24:03","guid":{"rendered":"https:\/\/www.pacoteshyatt.com.br\/sao-paulo\/?post_type=product&#038;p=19290"},"modified":"2025-12-01T06:30:12","modified_gmt":"2025-12-01T09:30:12","slug":"menu-3-tempos-black-november","status":"publish","type":"product","link":"https:\/\/www.pacoteshyatt.com.br\/sao-paulo\/product\/menu-3-tempos-black-november\/","title":{"rendered":"MENU 3 TEMPOS | BLACK NOVEMBER"},"content":{"rendered":"<p><strong>Black November: Menu Italiano 3 Tempos<\/strong><\/p>\n<p>Durante o m\u00eas de novembro, o <strong>Restaurante Cittadino<\/strong> oferece uma oportunidade especial para quem deseja explorar o melhor da gastronomia italiana com um toque contempor\u00e2neo.<\/p>\n<p>Com um menu exclusivo de <strong>3 tempos<\/strong> \u2014 entrada, prato principal e sobremesa \u2014 voc\u00ea vivencia uma experi\u00eancia completa, repleta de sabores aut\u00eanticos, ingredientes frescos e combina\u00e7\u00f5es surpreendentes.<\/p>\n<p>Em um ambiente sofisticado e acolhedor, cada prato \u00e9 pensado para transformar sua noite em um momento memor\u00e1vel.<\/p>\n<p><strong>Aproveite o valor especial de Black November<\/strong> e descubra o prazer de uma boa mesa com sofistica\u00e7\u00e3o, criatividade e sabor.<\/p>\n<p><strong>O Menu 3 tempos \u00e9 exclusivo para o jantar no restaurante Cittadino.<\/strong><\/p>\n","protected":false},"excerpt":{"rendered":"<p>Black November: Menu Italiano 3 Tempos Durante o m\u00eas de novembro, o Restaurante Cittadino oferece uma oportunidade especial para quem deseja explorar o melhor da gastronomia italiana com um toque contempor\u00e2neo. Com um menu exclusivo de 3 tempos \u2014 entrada, prato principal e sobremesa \u2014 voc\u00ea vivencia uma experi\u00eancia completa, repleta de sabores aut\u00eanticos, ingredientes [&hellip;]<\/p>\n","protected":false},"featured_media":19440,"comment_status":"open","ping_status":"closed","template":"","meta":{"_eb_attr":""},"product_cat":[52,57,48,44,47,31,27],"product_tag":[],"yoast_head":"<!-- This site is optimized with the Yoast SEO plugin v18.4.1 - https:\/\/yoast.com\/wordpress\/plugins\/seo\/ -->\n<title>Menu 3 Tempos: Restaurante Cittadino - Grand Hyatt SP<\/title>\n<meta name=\"description\" content=\"Aproveite o Menu 3 Tempos com descontos da Black November no Hyatt S\u00e3o Paulo. Gastronomia sofisticada em uma experi\u00eancia completa. Reserve agora.\" \/>\n<meta name=\"robots\" content=\"index, follow, max-snippet:-1, max-image-preview:large, max-video-preview:-1\" \/>\n<link rel=\"canonical\" href=\"https:\/\/www.pacoteshyatt.com.br\/sao-paulo\/product\/menu-3-tempos-black-november\/\" \/>\n<meta property=\"og:locale\" content=\"pt_BR\" \/>\n<meta property=\"og:type\" content=\"article\" \/>\n<meta property=\"og:title\" content=\"Menu 3 Tempos: Restaurante Cittadino - Grand Hyatt SP\" \/>\n<meta property=\"og:description\" content=\"Aproveite o Menu 3 Tempos com descontos da Black November no Hyatt S\u00e3o Paulo. Gastronomia sofisticada em uma experi\u00eancia completa. Reserve agora.\" \/>\n<meta property=\"og:url\" content=\"https:\/\/www.pacoteshyatt.com.br\/sao-paulo\/product\/menu-3-tempos-black-november\/\" \/>\n<meta property=\"og:site_name\" content=\"GRAND HYATT S\u00c3O PAULO\" \/>\n<meta property=\"article:modified_time\" content=\"2025-12-01T09:30:12+00:00\" \/>\n<meta property=\"og:image\" content=\"https:\/\/www.pacoteshyatt.com.br\/sao-paulo\/wp-content\/uploads\/sites\/3\/2025\/10\/Banner_Site_MenuCittadino_308x200.jpg\" \/>\n\t<meta property=\"og:image:width\" content=\"308\" \/>\n\t<meta property=\"og:image:height\" content=\"200\" \/>\n\t<meta property=\"og:image:type\" content=\"image\/jpeg\" \/>\n<meta name=\"twitter:card\" content=\"summary_large_image\" \/>\n<meta name=\"twitter:label1\" content=\"Est. tempo de leitura\" \/>\n\t<meta name=\"twitter:data1\" content=\"1 minuto\" \/>\n<script type=\"application\/ld+json\" class=\"yoast-schema-graph\">{\"@context\":\"https:\/\/schema.org\",\"@graph\":[{\"@type\":\"WebSite\",\"@id\":\"https:\/\/www.pacoteshyatt.com.br\/sao-paulo\/#website\",\"url\":\"https:\/\/www.pacoteshyatt.com.br\/sao-paulo\/\",\"name\":\"GRAND HYATT S\u00c3O PAULO\",\"description\":\"S\u00f3 mais um site Hot\u00e9is Grand Hyatt Rio de Janeiro e S\u00e3o Paulo sites\",\"potentialAction\":[{\"@type\":\"SearchAction\",\"target\":{\"@type\":\"EntryPoint\",\"urlTemplate\":\"https:\/\/www.pacoteshyatt.com.br\/sao-paulo\/?s={search_term_string}\"},\"query-input\":\"required name=search_term_string\"}],\"inLanguage\":\"pt-BR\"},{\"@type\":\"ImageObject\",\"@id\":\"https:\/\/www.pacoteshyatt.com.br\/sao-paulo\/product\/menu-3-tempos-black-november\/#primaryimage\",\"inLanguage\":\"pt-BR\",\"url\":\"https:\/\/www.pacoteshyatt.com.br\/sao-paulo\/wp-content\/uploads\/sites\/3\/2025\/10\/Banner_Site_MenuCittadino_308x200.jpg\",\"contentUrl\":\"https:\/\/www.pacoteshyatt.com.br\/sao-paulo\/wp-content\/uploads\/sites\/3\/2025\/10\/Banner_Site_MenuCittadino_308x200.jpg\",\"width\":308,\"height\":200,\"caption\":\"Menu 3 tempos: Restaurante CittadinoCitan\"},{\"@type\":\"WebPage\",\"@id\":\"https:\/\/www.pacoteshyatt.com.br\/sao-paulo\/product\/menu-3-tempos-black-november\/#webpage\",\"url\":\"https:\/\/www.pacoteshyatt.com.br\/sao-paulo\/product\/menu-3-tempos-black-november\/\",\"name\":\"Menu 3 Tempos: Restaurante Cittadino - Grand Hyatt SP\",\"isPartOf\":{\"@id\":\"https:\/\/www.pacoteshyatt.com.br\/sao-paulo\/#website\"},\"primaryImageOfPage\":{\"@id\":\"https:\/\/www.pacoteshyatt.com.br\/sao-paulo\/product\/menu-3-tempos-black-november\/#primaryimage\"},\"datePublished\":\"2025-10-21T15:24:03+00:00\",\"dateModified\":\"2025-12-01T09:30:12+00:00\",\"description\":\"Aproveite o Menu 3 Tempos com descontos da Black November no Hyatt S\u00e3o Paulo. Gastronomia sofisticada em uma experi\u00eancia completa. Reserve agora.\",\"breadcrumb\":{\"@id\":\"https:\/\/www.pacoteshyatt.com.br\/sao-paulo\/product\/menu-3-tempos-black-november\/#breadcrumb\"},\"inLanguage\":\"pt-BR\",\"potentialAction\":[{\"@type\":\"ReadAction\",\"target\":[\"https:\/\/www.pacoteshyatt.com.br\/sao-paulo\/product\/menu-3-tempos-black-november\/\"]}]},{\"@type\":\"BreadcrumbList\",\"@id\":\"https:\/\/www.pacoteshyatt.com.br\/sao-paulo\/product\/menu-3-tempos-black-november\/#breadcrumb\",\"itemListElement\":[{\"@type\":\"ListItem\",\"position\":1,\"name\":\"Home\",\"item\":\"https:\/\/www.pacoteshyatt.com.br\/sao-paulo\/\"},{\"@type\":\"ListItem\",\"position\":2,\"name\":\"Shop\",\"item\":\"https:\/\/www.pacoteshyatt.com.br\/sao-paulo\/shop\/\"},{\"@type\":\"ListItem\",\"position\":3,\"name\":\"MENU 3 TEMPOS | BLACK NOVEMBER\"}]}]}<\/script>\n<!-- \/ Yoast SEO plugin. -->","yoast_head_json":{"title":"Menu 3 Tempos: Restaurante Cittadino - Grand Hyatt SP","description":"Aproveite o Menu 3 Tempos com descontos da Black November no Hyatt S\u00e3o Paulo. Gastronomia sofisticada em uma experi\u00eancia completa. Reserve agora.","robots":{"index":"index","follow":"follow","max-snippet":"max-snippet:-1","max-image-preview":"max-image-preview:large","max-video-preview":"max-video-preview:-1"},"canonical":"https:\/\/www.pacoteshyatt.com.br\/sao-paulo\/product\/menu-3-tempos-black-november\/","og_locale":"pt_BR","og_type":"article","og_title":"Menu 3 Tempos: Restaurante Cittadino - Grand Hyatt SP","og_description":"Aproveite o Menu 3 Tempos com descontos da Black November no Hyatt S\u00e3o Paulo. Gastronomia sofisticada em uma experi\u00eancia completa. Reserve agora.","og_url":"https:\/\/www.pacoteshyatt.com.br\/sao-paulo\/product\/menu-3-tempos-black-november\/","og_site_name":"GRAND HYATT S\u00c3O PAULO","article_modified_time":"2025-12-01T09:30:12+00:00","og_image":[{"width":308,"height":200,"url":"https:\/\/www.pacoteshyatt.com.br\/sao-paulo\/wp-content\/uploads\/sites\/3\/2025\/10\/Banner_Site_MenuCittadino_308x200.jpg","type":"image\/jpeg"}],"twitter_card":"summary_large_image","twitter_misc":{"Est. tempo de leitura":"1 minuto"},"schema":{"@context":"https:\/\/schema.org","@graph":[{"@type":"WebSite","@id":"https:\/\/www.pacoteshyatt.com.br\/sao-paulo\/#website","url":"https:\/\/www.pacoteshyatt.com.br\/sao-paulo\/","name":"GRAND HYATT S\u00c3O PAULO","description":"S\u00f3 mais um site Hot\u00e9is Grand Hyatt Rio de Janeiro e S\u00e3o Paulo sites","potentialAction":[{"@type":"SearchAction","target":{"@type":"EntryPoint","urlTemplate":"https:\/\/www.pacoteshyatt.com.br\/sao-paulo\/?s={search_term_string}"},"query-input":"required name=search_term_string"}],"inLanguage":"pt-BR"},{"@type":"ImageObject","@id":"https:\/\/www.pacoteshyatt.com.br\/sao-paulo\/product\/menu-3-tempos-black-november\/#primaryimage","inLanguage":"pt-BR","url":"https:\/\/www.pacoteshyatt.com.br\/sao-paulo\/wp-content\/uploads\/sites\/3\/2025\/10\/Banner_Site_MenuCittadino_308x200.jpg","contentUrl":"https:\/\/www.pacoteshyatt.com.br\/sao-paulo\/wp-content\/uploads\/sites\/3\/2025\/10\/Banner_Site_MenuCittadino_308x200.jpg","width":308,"height":200,"caption":"Menu 3 tempos: Restaurante CittadinoCitan"},{"@type":"WebPage","@id":"https:\/\/www.pacoteshyatt.com.br\/sao-paulo\/product\/menu-3-tempos-black-november\/#webpage","url":"https:\/\/www.pacoteshyatt.com.br\/sao-paulo\/product\/menu-3-tempos-black-november\/","name":"Menu 3 Tempos: Restaurante Cittadino - Grand Hyatt SP","isPartOf":{"@id":"https:\/\/www.pacoteshyatt.com.br\/sao-paulo\/#website"},"primaryImageOfPage":{"@id":"https:\/\/www.pacoteshyatt.com.br\/sao-paulo\/product\/menu-3-tempos-black-november\/#primaryimage"},"datePublished":"2025-10-21T15:24:03+00:00","dateModified":"2025-12-01T09:30:12+00:00","description":"Aproveite o Menu 3 Tempos com descontos da Black November no Hyatt S\u00e3o Paulo. Gastronomia sofisticada em uma experi\u00eancia completa. Reserve agora.","breadcrumb":{"@id":"https:\/\/www.pacoteshyatt.com.br\/sao-paulo\/product\/menu-3-tempos-black-november\/#breadcrumb"},"inLanguage":"pt-BR","potentialAction":[{"@type":"ReadAction","target":["https:\/\/www.pacoteshyatt.com.br\/sao-paulo\/product\/menu-3-tempos-black-november\/"]}]},{"@type":"BreadcrumbList","@id":"https:\/\/www.pacoteshyatt.com.br\/sao-paulo\/product\/menu-3-tempos-black-november\/#breadcrumb","itemListElement":[{"@type":"ListItem","position":1,"name":"Home","item":"https:\/\/www.pacoteshyatt.com.br\/sao-paulo\/"},{"@type":"ListItem","position":2,"name":"Shop","item":"https:\/\/www.pacoteshyatt.com.br\/sao-paulo\/shop\/"},{"@type":"ListItem","position":3,"name":"MENU 3 TEMPOS | BLACK NOVEMBER"}]}]}},"_links":{"self":[{"href":"https:\/\/www.pacoteshyatt.com.br\/sao-paulo\/wp-json\/wp\/v2\/product\/19290"}],"collection":[{"href":"https:\/\/www.pacoteshyatt.com.br\/sao-paulo\/wp-json\/wp\/v2\/product"}],"about":[{"href":"https:\/\/www.pacoteshyatt.com.br\/sao-paulo\/wp-json\/wp\/v2\/types\/product"}],"replies":[{"embeddable":true,"href":"https:\/\/www.pacoteshyatt.com.br\/sao-paulo\/wp-json\/wp\/v2\/comments?post=19290"}],"wp:featuredmedia":[{"embeddable":true,"href":"https:\/\/www.pacoteshyatt.com.br\/sao-paulo\/wp-json\/wp\/v2\/media\/19440"}],"wp:attachment":[{"href":"https:\/\/www.pacoteshyatt.com.br\/sao-paulo\/wp-json\/wp\/v2\/media?parent=19290"}],"wp:term":[{"taxonomy":"product_cat","embeddable":true,"href":"https:\/\/www.pacoteshyatt.com.br\/sao-paulo\/wp-json\/wp\/v2\/product_cat?post=19290"},{"taxonomy":"product_tag","embeddable":true,"href":"https:\/\/www.pacoteshyatt.com.br\/sao-paulo\/wp-json\/wp\/v2\/product_tag?post=19290"}],"curies":[{"name":"wp","href":"https:\/\/api.w.org\/{rel}","templated":true}]}}