{"id":21189,"date":"2026-02-19T15:43:13","date_gmt":"2026-02-19T18:43:13","guid":{"rendered":"https:\/\/www.pacoteshyatt.com.br\/sao-paulo\/?post_type=product&#038;p=21189"},"modified":"2026-03-02T15:26:11","modified_gmt":"2026-03-02T18:26:11","slug":"massagem-pos-carnaval","status":"publish","type":"product","link":"https:\/\/www.pacoteshyatt.com.br\/sao-paulo\/product\/massagem-pos-carnaval\/","title":{"rendered":"MASSAGEM P\u00d3S CARNAVAL"},"content":{"rendered":"<p><strong>Renove as energias p\u00f3s\u2011Carnaval com 20% OFF em todas as massagens<\/strong>* de 50 ou 80 minutos no Amanary Spa.<\/p>\n<div>\n<p>Apenas at\u00e9 <strong>28 de fevereiro de 2026<\/strong>, desfrute de t\u00e9cnicas que aliviam tens\u00f5es, melhoram a circula\u00e7\u00e3o, fortalecem a imunidade e restauram o equil\u00edbrio entre corpo e mente \u2014 perfeitas para recuperar a vitalidade ap\u00f3s os dias intensos de folia.<\/p>\n<p>Escolha entre op\u00e7\u00f5es como <strong>Massagem Sueca<\/strong>, <strong>Shiatsu<\/strong>, <strong>Aromaterapia<\/strong>, <strong>Esportiva<\/strong> ou <strong>Pedras Quentes<\/strong>*, todas personalizadas para o seu bem\u2011estar. Pacotes de 5, 10 ou 15 sess\u00f5es tamb\u00e9m fazem parte da oferta.<\/p>\n<p><strong>Agende sua experi\u00eancia at\u00e9 28\/02 e sinta a diferen\u00e7a de um cuidado pensado para revigorar voc\u00ea.<\/strong><\/p>\n<p>*Pedras Quentes dispon\u00edvel apenas para sess\u00f5es de 80 minutos.<br \/>\n*Desconto v\u00e1lido para massagens realizadas at\u00e9 <strong>28\/02\/2026<\/strong>.<\/p>\n<\/div>\n","protected":false},"excerpt":{"rendered":"<p>Renove as energias p\u00f3s\u2011Carnaval com 20% OFF em todas as massagens* de 50 ou 80 minutos no Amanary Spa. Apenas at\u00e9 28 de fevereiro de 2026, desfrute de t\u00e9cnicas que aliviam tens\u00f5es, melhoram a circula\u00e7\u00e3o, fortalecem a imunidade e restauram o equil\u00edbrio entre corpo e mente \u2014 perfeitas para recuperar a vitalidade ap\u00f3s os dias [&hellip;]<\/p>\n","protected":false},"featured_media":21196,"comment_status":"open","ping_status":"closed","template":"","meta":{"_eb_attr":""},"product_cat":[57,73,20],"product_tag":[],"yoast_head":"<!-- This site is optimized with the Yoast SEO plugin v18.4.1 - https:\/\/yoast.com\/wordpress\/plugins\/seo\/ -->\n<title>MASSAGEM P\u00d3S CARNAVAL - GRAND HYATT S\u00c3O PAULO<\/title>\n<meta name=\"description\" content=\"Renove as energias p\u00f3s\u2011Carnaval com 20% OFF em massagens de 50 ou 80 minutos no Amanary Spa. Bem\u2011estar e relaxamento com desconto v\u00e1lido at\u00e9 28\/02.\" \/>\n<meta name=\"robots\" content=\"index, follow, max-snippet:-1, max-image-preview:large, max-video-preview:-1\" \/>\n<link rel=\"canonical\" href=\"https:\/\/www.pacoteshyatt.com.br\/sao-paulo\/product\/massagem-pos-carnaval\/\" \/>\n<meta property=\"og:locale\" content=\"pt_BR\" \/>\n<meta property=\"og:type\" content=\"article\" \/>\n<meta property=\"og:title\" content=\"MASSAGEM P\u00d3S CARNAVAL - GRAND HYATT S\u00c3O PAULO\" \/>\n<meta property=\"og:description\" content=\"Renove as energias p\u00f3s\u2011Carnaval com 20% OFF em massagens de 50 ou 80 minutos no Amanary Spa. Bem\u2011estar e relaxamento com desconto v\u00e1lido at\u00e9 28\/02.\" \/>\n<meta property=\"og:url\" content=\"https:\/\/www.pacoteshyatt.com.br\/sao-paulo\/product\/massagem-pos-carnaval\/\" \/>\n<meta property=\"og:site_name\" content=\"GRAND HYATT S\u00c3O PAULO\" \/>\n<meta property=\"article:modified_time\" content=\"2026-03-02T18:26:11+00:00\" \/>\n<meta property=\"og:image\" content=\"https:\/\/www.pacoteshyatt.com.br\/sao-paulo\/wp-content\/uploads\/sites\/3\/2026\/02\/GHSP_Massagem-Pos-Carnaval_BannerDesktop_308x200px.png\" \/>\n\t<meta property=\"og:image:width\" content=\"308\" \/>\n\t<meta property=\"og:image:height\" content=\"200\" \/>\n\t<meta property=\"og:image:type\" content=\"image\/png\" \/>\n<meta name=\"twitter:card\" content=\"summary_large_image\" \/>\n<meta name=\"twitter:label1\" content=\"Est. tempo de leitura\" \/>\n\t<meta name=\"twitter:data1\" content=\"2 minutos\" \/>\n<script type=\"application\/ld+json\" class=\"yoast-schema-graph\">{\"@context\":\"https:\/\/schema.org\",\"@graph\":[{\"@type\":\"WebSite\",\"@id\":\"https:\/\/www.pacoteshyatt.com.br\/sao-paulo\/#website\",\"url\":\"https:\/\/www.pacoteshyatt.com.br\/sao-paulo\/\",\"name\":\"GRAND HYATT S\u00c3O PAULO\",\"description\":\"S\u00f3 mais um site Hot\u00e9is Grand Hyatt Rio de Janeiro e S\u00e3o Paulo sites\",\"potentialAction\":[{\"@type\":\"SearchAction\",\"target\":{\"@type\":\"EntryPoint\",\"urlTemplate\":\"https:\/\/www.pacoteshyatt.com.br\/sao-paulo\/?s={search_term_string}\"},\"query-input\":\"required name=search_term_string\"}],\"inLanguage\":\"pt-BR\"},{\"@type\":\"ImageObject\",\"@id\":\"https:\/\/www.pacoteshyatt.com.br\/sao-paulo\/product\/massagem-pos-carnaval\/#primaryimage\",\"inLanguage\":\"pt-BR\",\"url\":\"https:\/\/www.pacoteshyatt.com.br\/sao-paulo\/wp-content\/uploads\/sites\/3\/2026\/02\/GHSP_Massagem-Pos-Carnaval_BannerDesktop_308x200px.png\",\"contentUrl\":\"https:\/\/www.pacoteshyatt.com.br\/sao-paulo\/wp-content\/uploads\/sites\/3\/2026\/02\/GHSP_Massagem-Pos-Carnaval_BannerDesktop_308x200px.png\",\"width\":308,\"height\":200},{\"@type\":\"WebPage\",\"@id\":\"https:\/\/www.pacoteshyatt.com.br\/sao-paulo\/product\/massagem-pos-carnaval\/#webpage\",\"url\":\"https:\/\/www.pacoteshyatt.com.br\/sao-paulo\/product\/massagem-pos-carnaval\/\",\"name\":\"MASSAGEM P\u00d3S CARNAVAL - GRAND HYATT S\u00c3O PAULO\",\"isPartOf\":{\"@id\":\"https:\/\/www.pacoteshyatt.com.br\/sao-paulo\/#website\"},\"primaryImageOfPage\":{\"@id\":\"https:\/\/www.pacoteshyatt.com.br\/sao-paulo\/product\/massagem-pos-carnaval\/#primaryimage\"},\"datePublished\":\"2026-02-19T18:43:13+00:00\",\"dateModified\":\"2026-03-02T18:26:11+00:00\",\"description\":\"Renove as energias p\u00f3s\u2011Carnaval com 20% OFF em massagens de 50 ou 80 minutos no Amanary Spa. Bem\u2011estar e relaxamento com desconto v\u00e1lido at\u00e9 28\/02.\",\"breadcrumb\":{\"@id\":\"https:\/\/www.pacoteshyatt.com.br\/sao-paulo\/product\/massagem-pos-carnaval\/#breadcrumb\"},\"inLanguage\":\"pt-BR\",\"potentialAction\":[{\"@type\":\"ReadAction\",\"target\":[\"https:\/\/www.pacoteshyatt.com.br\/sao-paulo\/product\/massagem-pos-carnaval\/\"]}]},{\"@type\":\"BreadcrumbList\",\"@id\":\"https:\/\/www.pacoteshyatt.com.br\/sao-paulo\/product\/massagem-pos-carnaval\/#breadcrumb\",\"itemListElement\":[{\"@type\":\"ListItem\",\"position\":1,\"name\":\"Home\",\"item\":\"https:\/\/www.pacoteshyatt.com.br\/sao-paulo\/\"},{\"@type\":\"ListItem\",\"position\":2,\"name\":\"Shop\",\"item\":\"https:\/\/www.pacoteshyatt.com.br\/sao-paulo\/shop\/\"},{\"@type\":\"ListItem\",\"position\":3,\"name\":\"MASSAGEM P\u00d3S CARNAVAL\"}]}]}<\/script>\n<!-- \/ Yoast SEO plugin. -->","yoast_head_json":{"title":"MASSAGEM P\u00d3S CARNAVAL - GRAND HYATT S\u00c3O PAULO","description":"Renove as energias p\u00f3s\u2011Carnaval com 20% OFF em massagens de 50 ou 80 minutos no Amanary Spa. Bem\u2011estar e relaxamento com desconto v\u00e1lido at\u00e9 28\/02.","robots":{"index":"index","follow":"follow","max-snippet":"max-snippet:-1","max-image-preview":"max-image-preview:large","max-video-preview":"max-video-preview:-1"},"canonical":"https:\/\/www.pacoteshyatt.com.br\/sao-paulo\/product\/massagem-pos-carnaval\/","og_locale":"pt_BR","og_type":"article","og_title":"MASSAGEM P\u00d3S CARNAVAL - GRAND HYATT S\u00c3O PAULO","og_description":"Renove as energias p\u00f3s\u2011Carnaval com 20% OFF em massagens de 50 ou 80 minutos no Amanary Spa. Bem\u2011estar e relaxamento com desconto v\u00e1lido at\u00e9 28\/02.","og_url":"https:\/\/www.pacoteshyatt.com.br\/sao-paulo\/product\/massagem-pos-carnaval\/","og_site_name":"GRAND HYATT S\u00c3O PAULO","article_modified_time":"2026-03-02T18:26:11+00:00","og_image":[{"width":308,"height":200,"url":"https:\/\/www.pacoteshyatt.com.br\/sao-paulo\/wp-content\/uploads\/sites\/3\/2026\/02\/GHSP_Massagem-Pos-Carnaval_BannerDesktop_308x200px.png","type":"image\/png"}],"twitter_card":"summary_large_image","twitter_misc":{"Est. tempo de leitura":"2 minutos"},"schema":{"@context":"https:\/\/schema.org","@graph":[{"@type":"WebSite","@id":"https:\/\/www.pacoteshyatt.com.br\/sao-paulo\/#website","url":"https:\/\/www.pacoteshyatt.com.br\/sao-paulo\/","name":"GRAND HYATT S\u00c3O PAULO","description":"S\u00f3 mais um site Hot\u00e9is Grand Hyatt Rio de Janeiro e S\u00e3o Paulo sites","potentialAction":[{"@type":"SearchAction","target":{"@type":"EntryPoint","urlTemplate":"https:\/\/www.pacoteshyatt.com.br\/sao-paulo\/?s={search_term_string}"},"query-input":"required name=search_term_string"}],"inLanguage":"pt-BR"},{"@type":"ImageObject","@id":"https:\/\/www.pacoteshyatt.com.br\/sao-paulo\/product\/massagem-pos-carnaval\/#primaryimage","inLanguage":"pt-BR","url":"https:\/\/www.pacoteshyatt.com.br\/sao-paulo\/wp-content\/uploads\/sites\/3\/2026\/02\/GHSP_Massagem-Pos-Carnaval_BannerDesktop_308x200px.png","contentUrl":"https:\/\/www.pacoteshyatt.com.br\/sao-paulo\/wp-content\/uploads\/sites\/3\/2026\/02\/GHSP_Massagem-Pos-Carnaval_BannerDesktop_308x200px.png","width":308,"height":200},{"@type":"WebPage","@id":"https:\/\/www.pacoteshyatt.com.br\/sao-paulo\/product\/massagem-pos-carnaval\/#webpage","url":"https:\/\/www.pacoteshyatt.com.br\/sao-paulo\/product\/massagem-pos-carnaval\/","name":"MASSAGEM P\u00d3S CARNAVAL - GRAND HYATT S\u00c3O PAULO","isPartOf":{"@id":"https:\/\/www.pacoteshyatt.com.br\/sao-paulo\/#website"},"primaryImageOfPage":{"@id":"https:\/\/www.pacoteshyatt.com.br\/sao-paulo\/product\/massagem-pos-carnaval\/#primaryimage"},"datePublished":"2026-02-19T18:43:13+00:00","dateModified":"2026-03-02T18:26:11+00:00","description":"Renove as energias p\u00f3s\u2011Carnaval com 20% OFF em massagens de 50 ou 80 minutos no Amanary Spa. Bem\u2011estar e relaxamento com desconto v\u00e1lido at\u00e9 28\/02.","breadcrumb":{"@id":"https:\/\/www.pacoteshyatt.com.br\/sao-paulo\/product\/massagem-pos-carnaval\/#breadcrumb"},"inLanguage":"pt-BR","potentialAction":[{"@type":"ReadAction","target":["https:\/\/www.pacoteshyatt.com.br\/sao-paulo\/product\/massagem-pos-carnaval\/"]}]},{"@type":"BreadcrumbList","@id":"https:\/\/www.pacoteshyatt.com.br\/sao-paulo\/product\/massagem-pos-carnaval\/#breadcrumb","itemListElement":[{"@type":"ListItem","position":1,"name":"Home","item":"https:\/\/www.pacoteshyatt.com.br\/sao-paulo\/"},{"@type":"ListItem","position":2,"name":"Shop","item":"https:\/\/www.pacoteshyatt.com.br\/sao-paulo\/shop\/"},{"@type":"ListItem","position":3,"name":"MASSAGEM P\u00d3S CARNAVAL"}]}]}},"_links":{"self":[{"href":"https:\/\/www.pacoteshyatt.com.br\/sao-paulo\/wp-json\/wp\/v2\/product\/21189"}],"collection":[{"href":"https:\/\/www.pacoteshyatt.com.br\/sao-paulo\/wp-json\/wp\/v2\/product"}],"about":[{"href":"https:\/\/www.pacoteshyatt.com.br\/sao-paulo\/wp-json\/wp\/v2\/types\/product"}],"replies":[{"embeddable":true,"href":"https:\/\/www.pacoteshyatt.com.br\/sao-paulo\/wp-json\/wp\/v2\/comments?post=21189"}],"wp:featuredmedia":[{"embeddable":true,"href":"https:\/\/www.pacoteshyatt.com.br\/sao-paulo\/wp-json\/wp\/v2\/media\/21196"}],"wp:attachment":[{"href":"https:\/\/www.pacoteshyatt.com.br\/sao-paulo\/wp-json\/wp\/v2\/media?parent=21189"}],"wp:term":[{"taxonomy":"product_cat","embeddable":true,"href":"https:\/\/www.pacoteshyatt.com.br\/sao-paulo\/wp-json\/wp\/v2\/product_cat?post=21189"},{"taxonomy":"product_tag","embeddable":true,"href":"https:\/\/www.pacoteshyatt.com.br\/sao-paulo\/wp-json\/wp\/v2\/product_tag?post=21189"}],"curies":[{"name":"wp","href":"https:\/\/api.w.org\/{rel}","templated":true}]}}