{"id":21372,"date":"2026-03-09T11:41:46","date_gmt":"2026-03-09T14:41:46","guid":{"rendered":"https:\/\/www.pacoteshyatt.com.br\/sao-paulo\/?post_type=product&#038;p=21372"},"modified":"2026-03-20T11:45:45","modified_gmt":"2026-03-20T14:45:45","slug":"ritual-facial-de-cacau","status":"publish","type":"product","link":"https:\/\/www.pacoteshyatt.com.br\/sao-paulo\/product\/ritual-facial-de-cacau\/","title":{"rendered":"RITUAL FACIAL DE CACAU &#8211; ESPECIAL DE P\u00c1SCOA"},"content":{"rendered":"<p><strong>Ritual Facial de Cacau do Grand Hyatt S\u00e3o Paulo<\/strong><\/p>\n<p>Nesta P\u00e1scoa, o Amanary Spa apresenta um <strong>ritual exclusivo<\/strong> de 50 minutos inspirado nas notas quentes e envolventes do cacau. O <strong><em>Ritual Facial de Cacau<\/em><\/strong> foi desenvolvido para oferecer uma experi\u00eancia acolhedora, calmante e revitalizante, unindo cuidado, aroma e sensorialidade em um s\u00f3 momento.<\/p>\n<div>\n<p>O tratamento combina etapas pensadas para renovar e nutrir a pele: uma <strong>limpeza delicada<\/strong>, <strong>massagem nutritiva<\/strong> que acalma tens\u00f5es, <strong>m\u00e1scara cremosa de chocolate<\/strong> com a\u00e7\u00e3o antioxidante e firmante, e uma <strong>finaliza\u00e7\u00e3o hidratante<\/strong> que devolve vi\u00e7o e maciez. O aroma de cacau acompanha todo o processo, proporcionando uma sensa\u00e7\u00e3o de conforto e bem\u2011estar.<\/p>\n<p>O <strong>sess\u00e3o de hidrata\u00e7\u00e3o facial<\/strong> Uma experi\u00eancia perfeita para quem deseja celebrar a P\u00e1scoa com pausa, cuidado e conforto.<\/p>\n<\/div>\n","protected":false},"excerpt":{"rendered":"<p>Ritual Facial de Cacau do Grand Hyatt S\u00e3o Paulo Nesta P\u00e1scoa, o Amanary Spa apresenta um ritual exclusivo de 50 minutos inspirado nas notas quentes e envolventes do cacau. O Ritual Facial de Cacau foi desenvolvido para oferecer uma experi\u00eancia acolhedora, calmante e revitalizante, unindo cuidado, aroma e sensorialidade em um s\u00f3 momento. O tratamento [&hellip;]<\/p>\n","protected":false},"featured_media":21375,"comment_status":"open","ping_status":"closed","template":"","meta":{"_eb_attr":""},"product_cat":[57,40,64],"product_tag":[],"yoast_head":"<!-- This site is optimized with the Yoast SEO plugin v18.4.1 - https:\/\/yoast.com\/wordpress\/plugins\/seo\/ -->\n<title>Ritual Facial de Cacau | hidrata\u00e7\u00e3o Facial - Grand Hyatt SP<\/title>\n<meta name=\"description\" content=\"Ritual Facial de Cacau do Amanary Spa: tratamento de 50 min com aroma de cacau, limpeza delicada, massagem nutritiva e m\u00e1scara de chocolate. Reserve j\u00e1!\" \/>\n<meta name=\"robots\" content=\"index, follow, max-snippet:-1, max-image-preview:large, max-video-preview:-1\" \/>\n<link rel=\"canonical\" href=\"https:\/\/www.pacoteshyatt.com.br\/sao-paulo\/product\/ritual-facial-de-cacau\/\" \/>\n<meta property=\"og:locale\" content=\"pt_BR\" \/>\n<meta property=\"og:type\" content=\"article\" \/>\n<meta property=\"og:title\" content=\"Ritual Facial de Cacau | hidrata\u00e7\u00e3o Facial - Grand Hyatt SP\" \/>\n<meta property=\"og:description\" content=\"Ritual Facial de Cacau do Amanary Spa: tratamento de 50 min com aroma de cacau, limpeza delicada, massagem nutritiva e m\u00e1scara de chocolate. Reserve j\u00e1!\" \/>\n<meta property=\"og:url\" content=\"https:\/\/www.pacoteshyatt.com.br\/sao-paulo\/product\/ritual-facial-de-cacau\/\" \/>\n<meta property=\"og:site_name\" content=\"GRAND HYATT S\u00c3O PAULO\" \/>\n<meta property=\"article:modified_time\" content=\"2026-03-20T14:45:45+00:00\" \/>\n<meta property=\"og:image\" content=\"https:\/\/www.pacoteshyatt.com.br\/sao-paulo\/wp-content\/uploads\/sites\/3\/2026\/03\/GHSP_AmanaryPascoa_Banner_308x200px_v02A-1.png\" \/>\n\t<meta property=\"og:image:width\" content=\"308\" \/>\n\t<meta property=\"og:image:height\" content=\"200\" \/>\n\t<meta property=\"og:image:type\" content=\"image\/png\" \/>\n<meta name=\"twitter:card\" content=\"summary_large_image\" \/>\n<meta name=\"twitter:label1\" content=\"Est. tempo de leitura\" \/>\n\t<meta name=\"twitter:data1\" content=\"1 minuto\" \/>\n<script type=\"application\/ld+json\" class=\"yoast-schema-graph\">{\"@context\":\"https:\/\/schema.org\",\"@graph\":[{\"@type\":\"WebSite\",\"@id\":\"https:\/\/www.pacoteshyatt.com.br\/sao-paulo\/#website\",\"url\":\"https:\/\/www.pacoteshyatt.com.br\/sao-paulo\/\",\"name\":\"GRAND HYATT S\u00c3O PAULO\",\"description\":\"S\u00f3 mais um site Hot\u00e9is Grand Hyatt Rio de Janeiro e S\u00e3o Paulo sites\",\"potentialAction\":[{\"@type\":\"SearchAction\",\"target\":{\"@type\":\"EntryPoint\",\"urlTemplate\":\"https:\/\/www.pacoteshyatt.com.br\/sao-paulo\/?s={search_term_string}\"},\"query-input\":\"required name=search_term_string\"}],\"inLanguage\":\"pt-BR\"},{\"@type\":\"ImageObject\",\"@id\":\"https:\/\/www.pacoteshyatt.com.br\/sao-paulo\/product\/ritual-facial-de-cacau\/#primaryimage\",\"inLanguage\":\"pt-BR\",\"url\":\"https:\/\/www.pacoteshyatt.com.br\/sao-paulo\/wp-content\/uploads\/sites\/3\/2026\/03\/GHSP_AmanaryPascoa_Banner_308x200px_v02A-1.png\",\"contentUrl\":\"https:\/\/www.pacoteshyatt.com.br\/sao-paulo\/wp-content\/uploads\/sites\/3\/2026\/03\/GHSP_AmanaryPascoa_Banner_308x200px_v02A-1.png\",\"width\":308,\"height\":200},{\"@type\":\"WebPage\",\"@id\":\"https:\/\/www.pacoteshyatt.com.br\/sao-paulo\/product\/ritual-facial-de-cacau\/#webpage\",\"url\":\"https:\/\/www.pacoteshyatt.com.br\/sao-paulo\/product\/ritual-facial-de-cacau\/\",\"name\":\"Ritual Facial de Cacau | hidrata\u00e7\u00e3o Facial - Grand Hyatt SP\",\"isPartOf\":{\"@id\":\"https:\/\/www.pacoteshyatt.com.br\/sao-paulo\/#website\"},\"primaryImageOfPage\":{\"@id\":\"https:\/\/www.pacoteshyatt.com.br\/sao-paulo\/product\/ritual-facial-de-cacau\/#primaryimage\"},\"datePublished\":\"2026-03-09T14:41:46+00:00\",\"dateModified\":\"2026-03-20T14:45:45+00:00\",\"description\":\"Ritual Facial de Cacau do Amanary Spa: tratamento de 50 min com aroma de cacau, limpeza delicada, massagem nutritiva e m\u00e1scara de chocolate. Reserve j\u00e1!\",\"breadcrumb\":{\"@id\":\"https:\/\/www.pacoteshyatt.com.br\/sao-paulo\/product\/ritual-facial-de-cacau\/#breadcrumb\"},\"inLanguage\":\"pt-BR\",\"potentialAction\":[{\"@type\":\"ReadAction\",\"target\":[\"https:\/\/www.pacoteshyatt.com.br\/sao-paulo\/product\/ritual-facial-de-cacau\/\"]}]},{\"@type\":\"BreadcrumbList\",\"@id\":\"https:\/\/www.pacoteshyatt.com.br\/sao-paulo\/product\/ritual-facial-de-cacau\/#breadcrumb\",\"itemListElement\":[{\"@type\":\"ListItem\",\"position\":1,\"name\":\"Home\",\"item\":\"https:\/\/www.pacoteshyatt.com.br\/sao-paulo\/\"},{\"@type\":\"ListItem\",\"position\":2,\"name\":\"Shop\",\"item\":\"https:\/\/www.pacoteshyatt.com.br\/sao-paulo\/shop\/\"},{\"@type\":\"ListItem\",\"position\":3,\"name\":\"RITUAL FACIAL DE CACAU &#8211; ESPECIAL DE P\u00c1SCOA\"}]}]}<\/script>\n<!-- \/ Yoast SEO plugin. -->","yoast_head_json":{"title":"Ritual Facial de Cacau | hidrata\u00e7\u00e3o Facial - Grand Hyatt SP","description":"Ritual Facial de Cacau do Amanary Spa: tratamento de 50 min com aroma de cacau, limpeza delicada, massagem nutritiva e m\u00e1scara de chocolate. Reserve j\u00e1!","robots":{"index":"index","follow":"follow","max-snippet":"max-snippet:-1","max-image-preview":"max-image-preview:large","max-video-preview":"max-video-preview:-1"},"canonical":"https:\/\/www.pacoteshyatt.com.br\/sao-paulo\/product\/ritual-facial-de-cacau\/","og_locale":"pt_BR","og_type":"article","og_title":"Ritual Facial de Cacau | hidrata\u00e7\u00e3o Facial - Grand Hyatt SP","og_description":"Ritual Facial de Cacau do Amanary Spa: tratamento de 50 min com aroma de cacau, limpeza delicada, massagem nutritiva e m\u00e1scara de chocolate. Reserve j\u00e1!","og_url":"https:\/\/www.pacoteshyatt.com.br\/sao-paulo\/product\/ritual-facial-de-cacau\/","og_site_name":"GRAND HYATT S\u00c3O PAULO","article_modified_time":"2026-03-20T14:45:45+00:00","og_image":[{"width":308,"height":200,"url":"https:\/\/www.pacoteshyatt.com.br\/sao-paulo\/wp-content\/uploads\/sites\/3\/2026\/03\/GHSP_AmanaryPascoa_Banner_308x200px_v02A-1.png","type":"image\/png"}],"twitter_card":"summary_large_image","twitter_misc":{"Est. tempo de leitura":"1 minuto"},"schema":{"@context":"https:\/\/schema.org","@graph":[{"@type":"WebSite","@id":"https:\/\/www.pacoteshyatt.com.br\/sao-paulo\/#website","url":"https:\/\/www.pacoteshyatt.com.br\/sao-paulo\/","name":"GRAND HYATT S\u00c3O PAULO","description":"S\u00f3 mais um site Hot\u00e9is Grand Hyatt Rio de Janeiro e S\u00e3o Paulo sites","potentialAction":[{"@type":"SearchAction","target":{"@type":"EntryPoint","urlTemplate":"https:\/\/www.pacoteshyatt.com.br\/sao-paulo\/?s={search_term_string}"},"query-input":"required name=search_term_string"}],"inLanguage":"pt-BR"},{"@type":"ImageObject","@id":"https:\/\/www.pacoteshyatt.com.br\/sao-paulo\/product\/ritual-facial-de-cacau\/#primaryimage","inLanguage":"pt-BR","url":"https:\/\/www.pacoteshyatt.com.br\/sao-paulo\/wp-content\/uploads\/sites\/3\/2026\/03\/GHSP_AmanaryPascoa_Banner_308x200px_v02A-1.png","contentUrl":"https:\/\/www.pacoteshyatt.com.br\/sao-paulo\/wp-content\/uploads\/sites\/3\/2026\/03\/GHSP_AmanaryPascoa_Banner_308x200px_v02A-1.png","width":308,"height":200},{"@type":"WebPage","@id":"https:\/\/www.pacoteshyatt.com.br\/sao-paulo\/product\/ritual-facial-de-cacau\/#webpage","url":"https:\/\/www.pacoteshyatt.com.br\/sao-paulo\/product\/ritual-facial-de-cacau\/","name":"Ritual Facial de Cacau | hidrata\u00e7\u00e3o Facial - Grand Hyatt SP","isPartOf":{"@id":"https:\/\/www.pacoteshyatt.com.br\/sao-paulo\/#website"},"primaryImageOfPage":{"@id":"https:\/\/www.pacoteshyatt.com.br\/sao-paulo\/product\/ritual-facial-de-cacau\/#primaryimage"},"datePublished":"2026-03-09T14:41:46+00:00","dateModified":"2026-03-20T14:45:45+00:00","description":"Ritual Facial de Cacau do Amanary Spa: tratamento de 50 min com aroma de cacau, limpeza delicada, massagem nutritiva e m\u00e1scara de chocolate. Reserve j\u00e1!","breadcrumb":{"@id":"https:\/\/www.pacoteshyatt.com.br\/sao-paulo\/product\/ritual-facial-de-cacau\/#breadcrumb"},"inLanguage":"pt-BR","potentialAction":[{"@type":"ReadAction","target":["https:\/\/www.pacoteshyatt.com.br\/sao-paulo\/product\/ritual-facial-de-cacau\/"]}]},{"@type":"BreadcrumbList","@id":"https:\/\/www.pacoteshyatt.com.br\/sao-paulo\/product\/ritual-facial-de-cacau\/#breadcrumb","itemListElement":[{"@type":"ListItem","position":1,"name":"Home","item":"https:\/\/www.pacoteshyatt.com.br\/sao-paulo\/"},{"@type":"ListItem","position":2,"name":"Shop","item":"https:\/\/www.pacoteshyatt.com.br\/sao-paulo\/shop\/"},{"@type":"ListItem","position":3,"name":"RITUAL FACIAL DE CACAU &#8211; ESPECIAL DE P\u00c1SCOA"}]}]}},"_links":{"self":[{"href":"https:\/\/www.pacoteshyatt.com.br\/sao-paulo\/wp-json\/wp\/v2\/product\/21372"}],"collection":[{"href":"https:\/\/www.pacoteshyatt.com.br\/sao-paulo\/wp-json\/wp\/v2\/product"}],"about":[{"href":"https:\/\/www.pacoteshyatt.com.br\/sao-paulo\/wp-json\/wp\/v2\/types\/product"}],"replies":[{"embeddable":true,"href":"https:\/\/www.pacoteshyatt.com.br\/sao-paulo\/wp-json\/wp\/v2\/comments?post=21372"}],"wp:featuredmedia":[{"embeddable":true,"href":"https:\/\/www.pacoteshyatt.com.br\/sao-paulo\/wp-json\/wp\/v2\/media\/21375"}],"wp:attachment":[{"href":"https:\/\/www.pacoteshyatt.com.br\/sao-paulo\/wp-json\/wp\/v2\/media?parent=21372"}],"wp:term":[{"taxonomy":"product_cat","embeddable":true,"href":"https:\/\/www.pacoteshyatt.com.br\/sao-paulo\/wp-json\/wp\/v2\/product_cat?post=21372"},{"taxonomy":"product_tag","embeddable":true,"href":"https:\/\/www.pacoteshyatt.com.br\/sao-paulo\/wp-json\/wp\/v2\/product_tag?post=21372"}],"curies":[{"name":"wp","href":"https:\/\/api.w.org\/{rel}","templated":true}]}}