{"id":2847,"date":"2021-07-15T11:14:12","date_gmt":"2021-07-15T14:14:12","guid":{"rendered":"https:\/\/www.pacoteshyatt.com.br\/sao-paulo\/?post_type=product&#038;p=2847"},"modified":"2025-08-12T13:07:23","modified_gmt":"2025-08-12T16:07:23","slug":"almoco-dia-dos-pais","status":"publish","type":"product","link":"https:\/\/www.pacoteshyatt.com.br\/sao-paulo\/product\/almoco-dia-dos-pais\/","title":{"rendered":"10\/08 &#8211; ALMO\u00c7O DE DIA DOS PAIS"},"content":{"rendered":"<p><span style=\"color: #ff0000\">Para verificar a disponibilidade, por gentileza entre em contato com a nossa equipe pelo telefone (11) 2838 3203 ou e-mail hosts.ghsaopaulo@hyatt.com<\/span><\/p>\n<p data-start=\"117\" data-end=\"192\"><strong data-start=\"117\" data-end=\"192\"><br \/>\nCelebre o Dia dos Pais com um almo\u00e7o especial no Grand Hyatt S\u00e3o Paulo!<\/strong><\/p>\n<p data-start=\"194\" data-end=\"333\">Neste Dia dos Pais, prepare-se para uma experi\u00eancia gastron\u00f4mica marcante com o sabor inconfund\u00edvel de um verdadeiro festival de churrasco.<\/p>\n<p data-start=\"335\" data-end=\"560\">Servido das 13h \u00e0s 16h, o nosso almo\u00e7o especial traz cortes nobres preparados com maestria na parrilla, al\u00e9m de antepastos variados, saladas frescas, esta\u00e7\u00e3o japonesa e deliciosas sobremesas criadas especialmente para a data.<\/p>\n<p data-start=\"562\" data-end=\"853\">E para brindar esse momento em grande estilo e completar o presente de dia dos pais, unimos for\u00e7as com as cervejarias <strong data-start=\"641\" data-end=\"654\">Lagunitas<\/strong> e <strong data-start=\"657\" data-end=\"671\">BadenBaden<\/strong>, trazendo <strong data-start=\"682\" data-end=\"702\">chopps especiais<\/strong> que harmonizam perfeitamente com o menu do dia. Al\u00e9m dos chopps, o almo\u00e7o inclui espumante, vinhos e bebidas n\u00e3o alco\u00f3licas.<\/p>\n<p data-start=\"855\" data-end=\"983\"><strong>\u00c9 dia de celebrar com sabor, estilo e muito carinho. Fa\u00e7a sua reserva e viva um Dia dos Pais memor\u00e1vel no Grand Hyatt S\u00e3o Paulo!<\/strong><\/p>\n","protected":false},"excerpt":{"rendered":"<p>Para verificar a disponibilidade, por gentileza entre em contato com a nossa equipe pelo telefone (11) 2838 3203 ou e-mail hosts.ghsaopaulo@hyatt.com Celebre o Dia dos Pais com um almo\u00e7o especial no Grand Hyatt S\u00e3o Paulo! Neste Dia dos Pais, prepare-se para uma experi\u00eancia gastron\u00f4mica marcante com o sabor inconfund\u00edvel de um verdadeiro festival de churrasco. [&hellip;]<\/p>\n","protected":false},"featured_media":18363,"comment_status":"open","ping_status":"closed","template":"","meta":{"_eb_attr":""},"product_cat":[57,86,27,28],"product_tag":[],"yoast_head":"<!-- This site is optimized with the Yoast SEO plugin v18.4.1 - https:\/\/yoast.com\/wordpress\/plugins\/seo\/ -->\n<title>Almo\u00e7o de Dia dos Pais c\/ Chop e Churrasco - Grand Hyatt SP<\/title>\n<meta name=\"description\" content=\"Saboreie com seu her\u00f3i o almo\u00e7o de dia dos pais no restaurante do Grand Hyatt! O buffet conta com menu diversificado, chops especiais e churrasco. Reserve j\u00e1!\" \/>\n<meta name=\"robots\" content=\"index, follow, max-snippet:-1, max-image-preview:large, max-video-preview:-1\" \/>\n<link rel=\"canonical\" href=\"https:\/\/www.pacoteshyatt.com.br\/sao-paulo\/product\/almoco-dia-dos-pais\/\" \/>\n<meta property=\"og:locale\" content=\"pt_BR\" \/>\n<meta property=\"og:type\" content=\"article\" \/>\n<meta property=\"og:title\" content=\"Almo\u00e7o de Dia dos Pais c\/ Chop e Churrasco - Grand Hyatt SP\" \/>\n<meta property=\"og:description\" content=\"Saboreie com seu her\u00f3i o almo\u00e7o de dia dos pais no restaurante do Grand Hyatt! O buffet conta com menu diversificado, chops especiais e churrasco. Reserve j\u00e1!\" \/>\n<meta property=\"og:url\" content=\"https:\/\/www.pacoteshyatt.com.br\/sao-paulo\/product\/almoco-dia-dos-pais\/\" \/>\n<meta property=\"og:site_name\" content=\"GRAND HYATT S\u00c3O PAULO\" \/>\n<meta property=\"article:modified_time\" content=\"2025-08-12T16:07:23+00:00\" \/>\n<meta property=\"og:image\" content=\"https:\/\/www.pacoteshyatt.com.br\/sao-paulo\/wp-content\/uploads\/sites\/3\/2021\/07\/GHSP_DiaDosPais2025_Banner_308x200px_v2B.png\" \/>\n\t<meta property=\"og:image:width\" content=\"308\" \/>\n\t<meta property=\"og:image:height\" content=\"200\" \/>\n\t<meta property=\"og:image:type\" content=\"image\/png\" \/>\n<meta name=\"twitter:card\" content=\"summary_large_image\" \/>\n<meta name=\"twitter:label1\" content=\"Est. tempo de leitura\" \/>\n\t<meta name=\"twitter:data1\" content=\"2 minutos\" \/>\n<script type=\"application\/ld+json\" class=\"yoast-schema-graph\">{\"@context\":\"https:\/\/schema.org\",\"@graph\":[{\"@type\":\"WebSite\",\"@id\":\"https:\/\/www.pacoteshyatt.com.br\/sao-paulo\/#website\",\"url\":\"https:\/\/www.pacoteshyatt.com.br\/sao-paulo\/\",\"name\":\"GRAND HYATT S\u00c3O PAULO\",\"description\":\"S\u00f3 mais um site Hot\u00e9is Grand Hyatt Rio de Janeiro e S\u00e3o Paulo sites\",\"potentialAction\":[{\"@type\":\"SearchAction\",\"target\":{\"@type\":\"EntryPoint\",\"urlTemplate\":\"https:\/\/www.pacoteshyatt.com.br\/sao-paulo\/?s={search_term_string}\"},\"query-input\":\"required name=search_term_string\"}],\"inLanguage\":\"pt-BR\"},{\"@type\":\"ImageObject\",\"@id\":\"https:\/\/www.pacoteshyatt.com.br\/sao-paulo\/product\/almoco-dia-dos-pais\/#primaryimage\",\"inLanguage\":\"pt-BR\",\"url\":\"https:\/\/www.pacoteshyatt.com.br\/sao-paulo\/wp-content\/uploads\/sites\/3\/2021\/07\/GHSP_DiaDosPais2025_Banner_308x200px_v2B.png\",\"contentUrl\":\"https:\/\/www.pacoteshyatt.com.br\/sao-paulo\/wp-content\/uploads\/sites\/3\/2021\/07\/GHSP_DiaDosPais2025_Banner_308x200px_v2B.png\",\"width\":308,\"height\":200,\"caption\":\"Banner de evento do grand hyatt mostrando onde almo\u00e7ar no dia dos pais\"},{\"@type\":\"WebPage\",\"@id\":\"https:\/\/www.pacoteshyatt.com.br\/sao-paulo\/product\/almoco-dia-dos-pais\/#webpage\",\"url\":\"https:\/\/www.pacoteshyatt.com.br\/sao-paulo\/product\/almoco-dia-dos-pais\/\",\"name\":\"Almo\u00e7o de Dia dos Pais c\/ Chop e Churrasco - Grand Hyatt SP\",\"isPartOf\":{\"@id\":\"https:\/\/www.pacoteshyatt.com.br\/sao-paulo\/#website\"},\"primaryImageOfPage\":{\"@id\":\"https:\/\/www.pacoteshyatt.com.br\/sao-paulo\/product\/almoco-dia-dos-pais\/#primaryimage\"},\"datePublished\":\"2021-07-15T14:14:12+00:00\",\"dateModified\":\"2025-08-12T16:07:23+00:00\",\"description\":\"Saboreie com seu her\u00f3i o almo\u00e7o de dia dos pais no restaurante do Grand Hyatt! O buffet conta com menu diversificado, chops especiais e churrasco. Reserve j\u00e1!\",\"breadcrumb\":{\"@id\":\"https:\/\/www.pacoteshyatt.com.br\/sao-paulo\/product\/almoco-dia-dos-pais\/#breadcrumb\"},\"inLanguage\":\"pt-BR\",\"potentialAction\":[{\"@type\":\"ReadAction\",\"target\":[\"https:\/\/www.pacoteshyatt.com.br\/sao-paulo\/product\/almoco-dia-dos-pais\/\"]}]},{\"@type\":\"BreadcrumbList\",\"@id\":\"https:\/\/www.pacoteshyatt.com.br\/sao-paulo\/product\/almoco-dia-dos-pais\/#breadcrumb\",\"itemListElement\":[{\"@type\":\"ListItem\",\"position\":1,\"name\":\"Home\",\"item\":\"https:\/\/www.pacoteshyatt.com.br\/sao-paulo\/\"},{\"@type\":\"ListItem\",\"position\":2,\"name\":\"Shop\",\"item\":\"https:\/\/www.pacoteshyatt.com.br\/sao-paulo\/shop\/\"},{\"@type\":\"ListItem\",\"position\":3,\"name\":\"10\/08 &#8211; ALMO\u00c7O DE DIA DOS PAIS\"}]}]}<\/script>\n<!-- \/ Yoast SEO plugin. -->","yoast_head_json":{"title":"Almo\u00e7o de Dia dos Pais c\/ Chop e Churrasco - Grand Hyatt SP","description":"Saboreie com seu her\u00f3i o almo\u00e7o de dia dos pais no restaurante do Grand Hyatt! O buffet conta com menu diversificado, chops especiais e churrasco. Reserve j\u00e1!","robots":{"index":"index","follow":"follow","max-snippet":"max-snippet:-1","max-image-preview":"max-image-preview:large","max-video-preview":"max-video-preview:-1"},"canonical":"https:\/\/www.pacoteshyatt.com.br\/sao-paulo\/product\/almoco-dia-dos-pais\/","og_locale":"pt_BR","og_type":"article","og_title":"Almo\u00e7o de Dia dos Pais c\/ Chop e Churrasco - Grand Hyatt SP","og_description":"Saboreie com seu her\u00f3i o almo\u00e7o de dia dos pais no restaurante do Grand Hyatt! O buffet conta com menu diversificado, chops especiais e churrasco. Reserve j\u00e1!","og_url":"https:\/\/www.pacoteshyatt.com.br\/sao-paulo\/product\/almoco-dia-dos-pais\/","og_site_name":"GRAND HYATT S\u00c3O PAULO","article_modified_time":"2025-08-12T16:07:23+00:00","og_image":[{"width":308,"height":200,"url":"https:\/\/www.pacoteshyatt.com.br\/sao-paulo\/wp-content\/uploads\/sites\/3\/2021\/07\/GHSP_DiaDosPais2025_Banner_308x200px_v2B.png","type":"image\/png"}],"twitter_card":"summary_large_image","twitter_misc":{"Est. tempo de leitura":"2 minutos"},"schema":{"@context":"https:\/\/schema.org","@graph":[{"@type":"WebSite","@id":"https:\/\/www.pacoteshyatt.com.br\/sao-paulo\/#website","url":"https:\/\/www.pacoteshyatt.com.br\/sao-paulo\/","name":"GRAND HYATT S\u00c3O PAULO","description":"S\u00f3 mais um site Hot\u00e9is Grand Hyatt Rio de Janeiro e S\u00e3o Paulo sites","potentialAction":[{"@type":"SearchAction","target":{"@type":"EntryPoint","urlTemplate":"https:\/\/www.pacoteshyatt.com.br\/sao-paulo\/?s={search_term_string}"},"query-input":"required name=search_term_string"}],"inLanguage":"pt-BR"},{"@type":"ImageObject","@id":"https:\/\/www.pacoteshyatt.com.br\/sao-paulo\/product\/almoco-dia-dos-pais\/#primaryimage","inLanguage":"pt-BR","url":"https:\/\/www.pacoteshyatt.com.br\/sao-paulo\/wp-content\/uploads\/sites\/3\/2021\/07\/GHSP_DiaDosPais2025_Banner_308x200px_v2B.png","contentUrl":"https:\/\/www.pacoteshyatt.com.br\/sao-paulo\/wp-content\/uploads\/sites\/3\/2021\/07\/GHSP_DiaDosPais2025_Banner_308x200px_v2B.png","width":308,"height":200,"caption":"Banner de evento do grand hyatt mostrando onde almo\u00e7ar no dia dos pais"},{"@type":"WebPage","@id":"https:\/\/www.pacoteshyatt.com.br\/sao-paulo\/product\/almoco-dia-dos-pais\/#webpage","url":"https:\/\/www.pacoteshyatt.com.br\/sao-paulo\/product\/almoco-dia-dos-pais\/","name":"Almo\u00e7o de Dia dos Pais c\/ Chop e Churrasco - Grand Hyatt SP","isPartOf":{"@id":"https:\/\/www.pacoteshyatt.com.br\/sao-paulo\/#website"},"primaryImageOfPage":{"@id":"https:\/\/www.pacoteshyatt.com.br\/sao-paulo\/product\/almoco-dia-dos-pais\/#primaryimage"},"datePublished":"2021-07-15T14:14:12+00:00","dateModified":"2025-08-12T16:07:23+00:00","description":"Saboreie com seu her\u00f3i o almo\u00e7o de dia dos pais no restaurante do Grand Hyatt! O buffet conta com menu diversificado, chops especiais e churrasco. Reserve j\u00e1!","breadcrumb":{"@id":"https:\/\/www.pacoteshyatt.com.br\/sao-paulo\/product\/almoco-dia-dos-pais\/#breadcrumb"},"inLanguage":"pt-BR","potentialAction":[{"@type":"ReadAction","target":["https:\/\/www.pacoteshyatt.com.br\/sao-paulo\/product\/almoco-dia-dos-pais\/"]}]},{"@type":"BreadcrumbList","@id":"https:\/\/www.pacoteshyatt.com.br\/sao-paulo\/product\/almoco-dia-dos-pais\/#breadcrumb","itemListElement":[{"@type":"ListItem","position":1,"name":"Home","item":"https:\/\/www.pacoteshyatt.com.br\/sao-paulo\/"},{"@type":"ListItem","position":2,"name":"Shop","item":"https:\/\/www.pacoteshyatt.com.br\/sao-paulo\/shop\/"},{"@type":"ListItem","position":3,"name":"10\/08 &#8211; ALMO\u00c7O DE DIA DOS PAIS"}]}]}},"_links":{"self":[{"href":"https:\/\/www.pacoteshyatt.com.br\/sao-paulo\/wp-json\/wp\/v2\/product\/2847"}],"collection":[{"href":"https:\/\/www.pacoteshyatt.com.br\/sao-paulo\/wp-json\/wp\/v2\/product"}],"about":[{"href":"https:\/\/www.pacoteshyatt.com.br\/sao-paulo\/wp-json\/wp\/v2\/types\/product"}],"replies":[{"embeddable":true,"href":"https:\/\/www.pacoteshyatt.com.br\/sao-paulo\/wp-json\/wp\/v2\/comments?post=2847"}],"wp:featuredmedia":[{"embeddable":true,"href":"https:\/\/www.pacoteshyatt.com.br\/sao-paulo\/wp-json\/wp\/v2\/media\/18363"}],"wp:attachment":[{"href":"https:\/\/www.pacoteshyatt.com.br\/sao-paulo\/wp-json\/wp\/v2\/media?parent=2847"}],"wp:term":[{"taxonomy":"product_cat","embeddable":true,"href":"https:\/\/www.pacoteshyatt.com.br\/sao-paulo\/wp-json\/wp\/v2\/product_cat?post=2847"},{"taxonomy":"product_tag","embeddable":true,"href":"https:\/\/www.pacoteshyatt.com.br\/sao-paulo\/wp-json\/wp\/v2\/product_tag?post=2847"}],"curies":[{"name":"wp","href":"https:\/\/api.w.org\/{rel}","templated":true}]}}