{"id":3275,"date":"2021-09-14T15:44:07","date_gmt":"2021-09-14T18:44:07","guid":{"rendered":"https:\/\/www.pacoteshyatt.com.br\/sao-paulo\/?post_type=product&#038;p=3275"},"modified":"2025-11-20T16:25:52","modified_gmt":"2025-11-20T19:25:52","slug":"ceia-de-natal","status":"publish","type":"product","link":"https:\/\/www.pacoteshyatt.com.br\/sao-paulo\/product\/ceia-de-natal\/","title":{"rendered":"24\/12 | CEIA DE NATAL"},"content":{"rendered":"<p><strong>Viva a Magia do Natal no Grand Hyatt S\u00e3o Paulo: Um Banquete Luxuoso para Toda a Fam\u00edlia<\/strong><\/p>\n<p>Celebre o Natal com estilo no Grand Hyatt S\u00e3o Paulo e desfrute de uma experi\u00eancia gastron\u00f4mica inesquec\u00edvel nas salas Vanguardas, com in\u00edcio \u00e0s 20h do dia 24 de dezembro. O jantar, acompanhado por m\u00fasica ao vivo e recrea\u00e7\u00e3o infantil, traz uma sele\u00e7\u00e3o excepcional de pratos e bebidas premium, em um ambiente sofisticado e acolhedor.<\/p>\n<p>Para aqueles que buscam uma experi\u00eancia ainda mais exclusiva, estamos oferecendo mesas para at\u00e9 30 pessoas em uma sala privativa, perfeita para comemorar com a fam\u00edlia. Com um gar\u00e7om dedicado \u00e0 disposi\u00e7\u00e3o*, voc\u00ea e seus convidados poder\u00e3o aproveitar a noite com total conforto e privacidade.<\/p>\n<p>O buffet inicia com esta\u00e7\u00f5es de saladas refinadas, incluindo brie quente e terrine de porco, al\u00e9m de esta\u00e7\u00f5es de queijos, frios e p\u00e3es. A esta\u00e7\u00e3o de frutos do mar oferece polvo grelhado com batatas, camar\u00f5es e ostras, enquanto os pratos quentes destacam o sorrentini de b\u00fafala, brisket defumado e o delicioso risoto de tomate cereja confit. O Peru assado com farofa e o Salm\u00e3o Wellington s\u00e3o os destaques da esta\u00e7\u00e3o de carving, perfeitos para compartilhar com a fam\u00edlia. O menu japon\u00eas traz uma sele\u00e7\u00e3o de sashimis e niguiris frescos complementando essa noite especial.<\/p>\n<p>O open bar, que inclui uma ampla variedade de bebidas, desde vinhos e champagnes at\u00e9 whiskies e coquet\u00e9is cl\u00e1ssicos, garante que os adultos possam relaxar e aproveitar a noite. Para os pequenos, a visita do Papai Noel adiciona um toque m\u00e1gico \u00e0 celebra\u00e7\u00e3o.<\/p>\n<p>E para finalizar a noite com chave de ouro, uma esta\u00e7\u00e3o de sobremesas deslumbrantes, com doces t\u00edpicos de <strong>Ceia de<\/strong> <strong>Natal<\/strong>, como panetones e rabanadas, al\u00e9m de macarons e mousses sofisticadas, oferece o equil\u00edbrio perfeito entre tradi\u00e7\u00e3o e inova\u00e7\u00e3o.<\/p>\n<p>&nbsp;<\/p>\n<p><strong>Para reservas com mais pessoas ou crian\u00e7as, por gentileza entrar em contato com nosso Restaurante pelo 11 2838 3203 ou e-mail hosts.ghsaopaulo@hyatt.com.<\/strong><\/p>\n<p>&nbsp;<\/p>\n<p><strong>*Sala pivativa e gar\u00e7om dedicado somente a partir de 10 lugares garantidos e pr\u00e9-pagos.<\/strong><\/p>\n","protected":false},"excerpt":{"rendered":"<p>Viva a Magia do Natal no Grand Hyatt S\u00e3o Paulo: Um Banquete Luxuoso para Toda a Fam\u00edlia Celebre o Natal com estilo no Grand Hyatt S\u00e3o Paulo e desfrute de uma experi\u00eancia gastron\u00f4mica inesquec\u00edvel nas salas Vanguardas, com in\u00edcio \u00e0s 20h do dia 24 de dezembro. O jantar, acompanhado por m\u00fasica ao vivo e recrea\u00e7\u00e3o [&hellip;]<\/p>\n","protected":false},"featured_media":19173,"comment_status":"open","ping_status":"closed","template":"","meta":{"_eb_attr":""},"product_cat":[57,41,27],"product_tag":[],"yoast_head":"<!-- This site is optimized with the Yoast SEO plugin v18.4.1 - https:\/\/yoast.com\/wordpress\/plugins\/seo\/ -->\n<title>Ceia de Natal: Jantar e Open Bar - Grand Hyatt S\u00e3o Paulo<\/title>\n<meta name=\"description\" content=\"Participe da Ceia de Natal no Grand Hyatt SP: buffet completo, m\u00fasica ao vivo e presen\u00e7a do Papai Noel. Uma noite inesquec\u00edvel para toda a fam\u00edlia. Acesse!\" \/>\n<meta name=\"robots\" content=\"index, follow, max-snippet:-1, max-image-preview:large, max-video-preview:-1\" \/>\n<link rel=\"canonical\" href=\"https:\/\/www.pacoteshyatt.com.br\/sao-paulo\/product\/ceia-de-natal\/\" \/>\n<meta property=\"og:locale\" content=\"pt_BR\" \/>\n<meta property=\"og:type\" content=\"article\" \/>\n<meta property=\"og:title\" content=\"Ceia de Natal: Jantar e Open Bar - Grand Hyatt S\u00e3o Paulo\" \/>\n<meta property=\"og:description\" content=\"Participe da Ceia de Natal no Grand Hyatt SP: buffet completo, m\u00fasica ao vivo e presen\u00e7a do Papai Noel. Uma noite inesquec\u00edvel para toda a fam\u00edlia. Acesse!\" \/>\n<meta property=\"og:url\" content=\"https:\/\/www.pacoteshyatt.com.br\/sao-paulo\/product\/ceia-de-natal\/\" \/>\n<meta property=\"og:site_name\" content=\"GRAND HYATT S\u00c3O PAULO\" \/>\n<meta property=\"article:modified_time\" content=\"2025-11-20T19:25:52+00:00\" \/>\n<meta property=\"og:image\" content=\"https:\/\/www.pacoteshyatt.com.br\/sao-paulo\/wp-content\/uploads\/sites\/3\/2021\/09\/GHSP_FimDeAno_Banners_2025_308x200px_v01_v2.png\" \/>\n\t<meta property=\"og:image:width\" content=\"308\" \/>\n\t<meta property=\"og:image:height\" content=\"200\" \/>\n\t<meta property=\"og:image:type\" content=\"image\/png\" \/>\n<meta name=\"twitter:card\" content=\"summary_large_image\" \/>\n<meta name=\"twitter:label1\" content=\"Est. tempo de leitura\" \/>\n\t<meta name=\"twitter:data1\" content=\"2 minutos\" \/>\n<script type=\"application\/ld+json\" class=\"yoast-schema-graph\">{\"@context\":\"https:\/\/schema.org\",\"@graph\":[{\"@type\":\"WebSite\",\"@id\":\"https:\/\/www.pacoteshyatt.com.br\/sao-paulo\/#website\",\"url\":\"https:\/\/www.pacoteshyatt.com.br\/sao-paulo\/\",\"name\":\"GRAND HYATT S\u00c3O PAULO\",\"description\":\"S\u00f3 mais um site Hot\u00e9is Grand Hyatt Rio de Janeiro e S\u00e3o Paulo sites\",\"potentialAction\":[{\"@type\":\"SearchAction\",\"target\":{\"@type\":\"EntryPoint\",\"urlTemplate\":\"https:\/\/www.pacoteshyatt.com.br\/sao-paulo\/?s={search_term_string}\"},\"query-input\":\"required name=search_term_string\"}],\"inLanguage\":\"pt-BR\"},{\"@type\":\"ImageObject\",\"@id\":\"https:\/\/www.pacoteshyatt.com.br\/sao-paulo\/product\/ceia-de-natal\/#primaryimage\",\"inLanguage\":\"pt-BR\",\"url\":\"https:\/\/www.pacoteshyatt.com.br\/sao-paulo\/wp-content\/uploads\/sites\/3\/2021\/09\/GHSP_FimDeAno_Banners_2025_308x200px_v01_v2.png\",\"contentUrl\":\"https:\/\/www.pacoteshyatt.com.br\/sao-paulo\/wp-content\/uploads\/sites\/3\/2021\/09\/GHSP_FimDeAno_Banners_2025_308x200px_v01_v2.png\",\"width\":308,\"height\":200},{\"@type\":\"WebPage\",\"@id\":\"https:\/\/www.pacoteshyatt.com.br\/sao-paulo\/product\/ceia-de-natal\/#webpage\",\"url\":\"https:\/\/www.pacoteshyatt.com.br\/sao-paulo\/product\/ceia-de-natal\/\",\"name\":\"Ceia de Natal: Jantar e Open Bar - Grand Hyatt S\u00e3o Paulo\",\"isPartOf\":{\"@id\":\"https:\/\/www.pacoteshyatt.com.br\/sao-paulo\/#website\"},\"primaryImageOfPage\":{\"@id\":\"https:\/\/www.pacoteshyatt.com.br\/sao-paulo\/product\/ceia-de-natal\/#primaryimage\"},\"datePublished\":\"2021-09-14T18:44:07+00:00\",\"dateModified\":\"2025-11-20T19:25:52+00:00\",\"description\":\"Participe da Ceia de Natal no Grand Hyatt SP: buffet completo, m\u00fasica ao vivo e presen\u00e7a do Papai Noel. Uma noite inesquec\u00edvel para toda a fam\u00edlia. Acesse!\",\"breadcrumb\":{\"@id\":\"https:\/\/www.pacoteshyatt.com.br\/sao-paulo\/product\/ceia-de-natal\/#breadcrumb\"},\"inLanguage\":\"pt-BR\",\"potentialAction\":[{\"@type\":\"ReadAction\",\"target\":[\"https:\/\/www.pacoteshyatt.com.br\/sao-paulo\/product\/ceia-de-natal\/\"]}]},{\"@type\":\"BreadcrumbList\",\"@id\":\"https:\/\/www.pacoteshyatt.com.br\/sao-paulo\/product\/ceia-de-natal\/#breadcrumb\",\"itemListElement\":[{\"@type\":\"ListItem\",\"position\":1,\"name\":\"Home\",\"item\":\"https:\/\/www.pacoteshyatt.com.br\/sao-paulo\/\"},{\"@type\":\"ListItem\",\"position\":2,\"name\":\"Shop\",\"item\":\"https:\/\/www.pacoteshyatt.com.br\/sao-paulo\/shop\/\"},{\"@type\":\"ListItem\",\"position\":3,\"name\":\"24\/12 | CEIA DE NATAL\"}]}]}<\/script>\n<!-- \/ Yoast SEO plugin. -->","yoast_head_json":{"title":"Ceia de Natal: Jantar e Open Bar - Grand Hyatt S\u00e3o Paulo","description":"Participe da Ceia de Natal no Grand Hyatt SP: buffet completo, m\u00fasica ao vivo e presen\u00e7a do Papai Noel. Uma noite inesquec\u00edvel para toda a fam\u00edlia. Acesse!","robots":{"index":"index","follow":"follow","max-snippet":"max-snippet:-1","max-image-preview":"max-image-preview:large","max-video-preview":"max-video-preview:-1"},"canonical":"https:\/\/www.pacoteshyatt.com.br\/sao-paulo\/product\/ceia-de-natal\/","og_locale":"pt_BR","og_type":"article","og_title":"Ceia de Natal: Jantar e Open Bar - Grand Hyatt S\u00e3o Paulo","og_description":"Participe da Ceia de Natal no Grand Hyatt SP: buffet completo, m\u00fasica ao vivo e presen\u00e7a do Papai Noel. Uma noite inesquec\u00edvel para toda a fam\u00edlia. Acesse!","og_url":"https:\/\/www.pacoteshyatt.com.br\/sao-paulo\/product\/ceia-de-natal\/","og_site_name":"GRAND HYATT S\u00c3O PAULO","article_modified_time":"2025-11-20T19:25:52+00:00","og_image":[{"width":308,"height":200,"url":"https:\/\/www.pacoteshyatt.com.br\/sao-paulo\/wp-content\/uploads\/sites\/3\/2021\/09\/GHSP_FimDeAno_Banners_2025_308x200px_v01_v2.png","type":"image\/png"}],"twitter_card":"summary_large_image","twitter_misc":{"Est. tempo de leitura":"2 minutos"},"schema":{"@context":"https:\/\/schema.org","@graph":[{"@type":"WebSite","@id":"https:\/\/www.pacoteshyatt.com.br\/sao-paulo\/#website","url":"https:\/\/www.pacoteshyatt.com.br\/sao-paulo\/","name":"GRAND HYATT S\u00c3O PAULO","description":"S\u00f3 mais um site Hot\u00e9is Grand Hyatt Rio de Janeiro e S\u00e3o Paulo sites","potentialAction":[{"@type":"SearchAction","target":{"@type":"EntryPoint","urlTemplate":"https:\/\/www.pacoteshyatt.com.br\/sao-paulo\/?s={search_term_string}"},"query-input":"required name=search_term_string"}],"inLanguage":"pt-BR"},{"@type":"ImageObject","@id":"https:\/\/www.pacoteshyatt.com.br\/sao-paulo\/product\/ceia-de-natal\/#primaryimage","inLanguage":"pt-BR","url":"https:\/\/www.pacoteshyatt.com.br\/sao-paulo\/wp-content\/uploads\/sites\/3\/2021\/09\/GHSP_FimDeAno_Banners_2025_308x200px_v01_v2.png","contentUrl":"https:\/\/www.pacoteshyatt.com.br\/sao-paulo\/wp-content\/uploads\/sites\/3\/2021\/09\/GHSP_FimDeAno_Banners_2025_308x200px_v01_v2.png","width":308,"height":200},{"@type":"WebPage","@id":"https:\/\/www.pacoteshyatt.com.br\/sao-paulo\/product\/ceia-de-natal\/#webpage","url":"https:\/\/www.pacoteshyatt.com.br\/sao-paulo\/product\/ceia-de-natal\/","name":"Ceia de Natal: Jantar e Open Bar - Grand Hyatt S\u00e3o Paulo","isPartOf":{"@id":"https:\/\/www.pacoteshyatt.com.br\/sao-paulo\/#website"},"primaryImageOfPage":{"@id":"https:\/\/www.pacoteshyatt.com.br\/sao-paulo\/product\/ceia-de-natal\/#primaryimage"},"datePublished":"2021-09-14T18:44:07+00:00","dateModified":"2025-11-20T19:25:52+00:00","description":"Participe da Ceia de Natal no Grand Hyatt SP: buffet completo, m\u00fasica ao vivo e presen\u00e7a do Papai Noel. Uma noite inesquec\u00edvel para toda a fam\u00edlia. Acesse!","breadcrumb":{"@id":"https:\/\/www.pacoteshyatt.com.br\/sao-paulo\/product\/ceia-de-natal\/#breadcrumb"},"inLanguage":"pt-BR","potentialAction":[{"@type":"ReadAction","target":["https:\/\/www.pacoteshyatt.com.br\/sao-paulo\/product\/ceia-de-natal\/"]}]},{"@type":"BreadcrumbList","@id":"https:\/\/www.pacoteshyatt.com.br\/sao-paulo\/product\/ceia-de-natal\/#breadcrumb","itemListElement":[{"@type":"ListItem","position":1,"name":"Home","item":"https:\/\/www.pacoteshyatt.com.br\/sao-paulo\/"},{"@type":"ListItem","position":2,"name":"Shop","item":"https:\/\/www.pacoteshyatt.com.br\/sao-paulo\/shop\/"},{"@type":"ListItem","position":3,"name":"24\/12 | CEIA DE NATAL"}]}]}},"_links":{"self":[{"href":"https:\/\/www.pacoteshyatt.com.br\/sao-paulo\/wp-json\/wp\/v2\/product\/3275"}],"collection":[{"href":"https:\/\/www.pacoteshyatt.com.br\/sao-paulo\/wp-json\/wp\/v2\/product"}],"about":[{"href":"https:\/\/www.pacoteshyatt.com.br\/sao-paulo\/wp-json\/wp\/v2\/types\/product"}],"replies":[{"embeddable":true,"href":"https:\/\/www.pacoteshyatt.com.br\/sao-paulo\/wp-json\/wp\/v2\/comments?post=3275"}],"wp:featuredmedia":[{"embeddable":true,"href":"https:\/\/www.pacoteshyatt.com.br\/sao-paulo\/wp-json\/wp\/v2\/media\/19173"}],"wp:attachment":[{"href":"https:\/\/www.pacoteshyatt.com.br\/sao-paulo\/wp-json\/wp\/v2\/media?parent=3275"}],"wp:term":[{"taxonomy":"product_cat","embeddable":true,"href":"https:\/\/www.pacoteshyatt.com.br\/sao-paulo\/wp-json\/wp\/v2\/product_cat?post=3275"},{"taxonomy":"product_tag","embeddable":true,"href":"https:\/\/www.pacoteshyatt.com.br\/sao-paulo\/wp-json\/wp\/v2\/product_tag?post=3275"}],"curies":[{"name":"wp","href":"https:\/\/api.w.org\/{rel}","templated":true}]}}