{"id":3276,"date":"2021-09-14T16:40:20","date_gmt":"2021-09-14T19:40:20","guid":{"rendered":"https:\/\/www.pacoteshyatt.com.br\/sao-paulo\/?post_type=product&#038;p=3276"},"modified":"2025-12-26T11:32:55","modified_gmt":"2025-12-26T14:32:55","slug":"almoco-de-natal","status":"publish","type":"product","link":"https:\/\/www.pacoteshyatt.com.br\/sao-paulo\/product\/almoco-de-natal\/","title":{"rendered":"25\/12 | ALMO\u00c7O DE NATAL"},"content":{"rendered":"<p data-start=\"248\" data-end=\"358\">Natal<strong data-start=\"248\" data-end=\"356\"> em Fam\u00edlia no Grand Hyatt S\u00e3o Paulo: Almo\u00e7o Especial com M\u00fasica ao Vivo e Atividades para Crian\u00e7as<\/strong><\/p>\n<p data-start=\"360\" data-end=\"543\">No dia 25 de dezembro de 2025, o Grand Hyatt S\u00e3o Paulo convida voc\u00ea e sua fam\u00edlia para celebrar o Natal em grande estilo com um almo\u00e7o repleto de sabores, tradi\u00e7\u00e3o e momentos inesquec\u00edveis.<\/p>\n<p data-start=\"545\" data-end=\"839\">Das <strong data-start=\"549\" data-end=\"563\">13h \u00e0s 16h<\/strong>, nossos chefs ir\u00e3o preparar um buffet natalino exclusivo, pensado para encantar todos os paladares, em um ambiente elegante e acolhedor. A experi\u00eancia ser\u00e1 acompanhada de <strong data-start=\"735\" data-end=\"753\">m\u00fasica ao vivo<\/strong>, trazendo ainda mais emo\u00e7\u00e3o e alegria para a celebra\u00e7\u00e3o.<\/p>\n<p data-start=\"841\" data-end=\"1174\">As fam\u00edlias poder\u00e3o aproveitar a j\u00e1 tradicional <strong data-start=\"889\" data-end=\"922\">visita especial do Papai Noel<\/strong>, que chega para encantar crian\u00e7as e adultos, tornando o momento ainda mais m\u00e1gico. Para os pequenos, haver\u00e1 tamb\u00e9m um espa\u00e7o dedicado \u00e0 recrea\u00e7\u00e3o infantil, com atividades divertidas e monitoradas, garantindo que todos desfrutem ao m\u00e1ximo do dia.<\/p>\n<p data-start=\"1176\" data-end=\"1373\">Celebre o Natal com quem voc\u00ea ama em um evento que une gastronomia, entretenimento e a verdadeira magia das festas de fim de ano. O <strong data-start=\"1628\" data-end=\"1662\">hotel com almo\u00e7o de Natal 2025<\/strong> do Grand Hyatt S\u00e3o Paulo est\u00e1 preparado para transformar sua celebra\u00e7\u00e3o em uma lembran\u00e7a inesquec\u00edvel, marcada por sabor, emo\u00e7\u00e3o e hospitalidade.<\/p>\n<p data-start=\"1176\" data-end=\"1373\"><strong>*O Almo\u00e7o de Natal ser\u00e1 servida no Restaurante Cittadino. Temos disponibilidade de mesas somente na \u00e1rea externa &#8211; Terra\u00e7o do Cittadino.<\/strong><\/p>\n<h3 data-start=\"1176\" data-end=\"1373\">Vendas encerradas, para mais informa\u00e7\u00f5es e lista de espera, por favor, entrar em contato pelo Whatsapp 11 99464-4694<\/h3>\n","protected":false},"excerpt":{"rendered":"<p>Natal em Fam\u00edlia no Grand Hyatt S\u00e3o Paulo: Almo\u00e7o Especial com M\u00fasica ao Vivo e Atividades para Crian\u00e7as No dia 25 de dezembro de 2025, o Grand Hyatt S\u00e3o Paulo convida voc\u00ea e sua fam\u00edlia para celebrar o Natal em grande estilo com um almo\u00e7o repleto de sabores, tradi\u00e7\u00e3o e momentos inesquec\u00edveis. Das 13h \u00e0s [&hellip;]<\/p>\n","protected":false},"featured_media":19047,"comment_status":"open","ping_status":"closed","template":"","meta":{"_eb_attr":""},"product_cat":[84,57,41,27],"product_tag":[],"yoast_head":"<!-- This site is optimized with the Yoast SEO plugin v18.4.1 - https:\/\/yoast.com\/wordpress\/plugins\/seo\/ -->\n<title>Hotel com almo\u00e7o de Natal 2025 - Grand Hyatt S\u00e3o Paulo<\/title>\n<meta name=\"description\" content=\"O almo\u00e7o de Natal no hotel Grand Hyatt de S\u00e3o Paulo, com frutos do mar, esta\u00e7\u00f5es gourmet, carnes e pratos t\u00edpicos natalinos. Reserve e viva essa experi\u00eancia!\" \/>\n<meta name=\"robots\" content=\"index, follow, max-snippet:-1, max-image-preview:large, max-video-preview:-1\" \/>\n<link rel=\"canonical\" href=\"https:\/\/www.pacoteshyatt.com.br\/sao-paulo\/product\/almoco-de-natal\/\" \/>\n<meta property=\"og:locale\" content=\"pt_BR\" \/>\n<meta property=\"og:type\" content=\"article\" \/>\n<meta property=\"og:title\" content=\"Hotel com almo\u00e7o de Natal 2025 - Grand Hyatt S\u00e3o Paulo\" \/>\n<meta property=\"og:description\" content=\"O almo\u00e7o de Natal no hotel Grand Hyatt de S\u00e3o Paulo, com frutos do mar, esta\u00e7\u00f5es gourmet, carnes e pratos t\u00edpicos natalinos. Reserve e viva essa experi\u00eancia!\" \/>\n<meta property=\"og:url\" content=\"https:\/\/www.pacoteshyatt.com.br\/sao-paulo\/product\/almoco-de-natal\/\" \/>\n<meta property=\"og:site_name\" content=\"GRAND HYATT S\u00c3O PAULO\" \/>\n<meta property=\"article:modified_time\" content=\"2025-12-26T14:32:55+00:00\" \/>\n<meta property=\"og:image\" content=\"https:\/\/www.pacoteshyatt.com.br\/sao-paulo\/wp-content\/uploads\/sites\/3\/2021\/09\/GHSP_FimDeAno_NatalAlmoco_Banner_2025_308x200px_v01.png\" \/>\n\t<meta property=\"og:image:width\" content=\"308\" \/>\n\t<meta property=\"og:image:height\" content=\"200\" \/>\n\t<meta property=\"og:image:type\" content=\"image\/png\" \/>\n<meta name=\"twitter:card\" content=\"summary_large_image\" \/>\n<meta name=\"twitter:label1\" content=\"Est. tempo de leitura\" \/>\n\t<meta name=\"twitter:data1\" content=\"2 minutos\" \/>\n<script type=\"application\/ld+json\" class=\"yoast-schema-graph\">{\"@context\":\"https:\/\/schema.org\",\"@graph\":[{\"@type\":\"WebSite\",\"@id\":\"https:\/\/www.pacoteshyatt.com.br\/sao-paulo\/#website\",\"url\":\"https:\/\/www.pacoteshyatt.com.br\/sao-paulo\/\",\"name\":\"GRAND HYATT S\u00c3O PAULO\",\"description\":\"S\u00f3 mais um site Hot\u00e9is Grand Hyatt Rio de Janeiro e S\u00e3o Paulo sites\",\"potentialAction\":[{\"@type\":\"SearchAction\",\"target\":{\"@type\":\"EntryPoint\",\"urlTemplate\":\"https:\/\/www.pacoteshyatt.com.br\/sao-paulo\/?s={search_term_string}\"},\"query-input\":\"required name=search_term_string\"}],\"inLanguage\":\"pt-BR\"},{\"@type\":\"ImageObject\",\"@id\":\"https:\/\/www.pacoteshyatt.com.br\/sao-paulo\/product\/almoco-de-natal\/#primaryimage\",\"inLanguage\":\"pt-BR\",\"url\":\"https:\/\/www.pacoteshyatt.com.br\/sao-paulo\/wp-content\/uploads\/sites\/3\/2021\/09\/GHSP_FimDeAno_NatalAlmoco_Banner_2025_308x200px_v01.png\",\"contentUrl\":\"https:\/\/www.pacoteshyatt.com.br\/sao-paulo\/wp-content\/uploads\/sites\/3\/2021\/09\/GHSP_FimDeAno_NatalAlmoco_Banner_2025_308x200px_v01.png\",\"width\":308,\"height\":200,\"caption\":\"Hotel com ceia de Natal 2025 e Almo\u00e7o no Grand Hyatt SP\"},{\"@type\":\"WebPage\",\"@id\":\"https:\/\/www.pacoteshyatt.com.br\/sao-paulo\/product\/almoco-de-natal\/#webpage\",\"url\":\"https:\/\/www.pacoteshyatt.com.br\/sao-paulo\/product\/almoco-de-natal\/\",\"name\":\"Hotel com almo\u00e7o de Natal 2025 - Grand Hyatt S\u00e3o Paulo\",\"isPartOf\":{\"@id\":\"https:\/\/www.pacoteshyatt.com.br\/sao-paulo\/#website\"},\"primaryImageOfPage\":{\"@id\":\"https:\/\/www.pacoteshyatt.com.br\/sao-paulo\/product\/almoco-de-natal\/#primaryimage\"},\"datePublished\":\"2021-09-14T19:40:20+00:00\",\"dateModified\":\"2025-12-26T14:32:55+00:00\",\"description\":\"O almo\u00e7o de Natal no hotel Grand Hyatt de S\u00e3o Paulo, com frutos do mar, esta\u00e7\u00f5es gourmet, carnes e pratos t\u00edpicos natalinos. Reserve e viva essa experi\u00eancia!\",\"breadcrumb\":{\"@id\":\"https:\/\/www.pacoteshyatt.com.br\/sao-paulo\/product\/almoco-de-natal\/#breadcrumb\"},\"inLanguage\":\"pt-BR\",\"potentialAction\":[{\"@type\":\"ReadAction\",\"target\":[\"https:\/\/www.pacoteshyatt.com.br\/sao-paulo\/product\/almoco-de-natal\/\"]}]},{\"@type\":\"BreadcrumbList\",\"@id\":\"https:\/\/www.pacoteshyatt.com.br\/sao-paulo\/product\/almoco-de-natal\/#breadcrumb\",\"itemListElement\":[{\"@type\":\"ListItem\",\"position\":1,\"name\":\"Home\",\"item\":\"https:\/\/www.pacoteshyatt.com.br\/sao-paulo\/\"},{\"@type\":\"ListItem\",\"position\":2,\"name\":\"Shop\",\"item\":\"https:\/\/www.pacoteshyatt.com.br\/sao-paulo\/shop\/\"},{\"@type\":\"ListItem\",\"position\":3,\"name\":\"25\/12 | ALMO\u00c7O DE NATAL\"}]}]}<\/script>\n<!-- \/ Yoast SEO plugin. -->","yoast_head_json":{"title":"Hotel com almo\u00e7o de Natal 2025 - Grand Hyatt S\u00e3o Paulo","description":"O almo\u00e7o de Natal no hotel Grand Hyatt de S\u00e3o Paulo, com frutos do mar, esta\u00e7\u00f5es gourmet, carnes e pratos t\u00edpicos natalinos. Reserve e viva essa experi\u00eancia!","robots":{"index":"index","follow":"follow","max-snippet":"max-snippet:-1","max-image-preview":"max-image-preview:large","max-video-preview":"max-video-preview:-1"},"canonical":"https:\/\/www.pacoteshyatt.com.br\/sao-paulo\/product\/almoco-de-natal\/","og_locale":"pt_BR","og_type":"article","og_title":"Hotel com almo\u00e7o de Natal 2025 - Grand Hyatt S\u00e3o Paulo","og_description":"O almo\u00e7o de Natal no hotel Grand Hyatt de S\u00e3o Paulo, com frutos do mar, esta\u00e7\u00f5es gourmet, carnes e pratos t\u00edpicos natalinos. Reserve e viva essa experi\u00eancia!","og_url":"https:\/\/www.pacoteshyatt.com.br\/sao-paulo\/product\/almoco-de-natal\/","og_site_name":"GRAND HYATT S\u00c3O PAULO","article_modified_time":"2025-12-26T14:32:55+00:00","og_image":[{"width":308,"height":200,"url":"https:\/\/www.pacoteshyatt.com.br\/sao-paulo\/wp-content\/uploads\/sites\/3\/2021\/09\/GHSP_FimDeAno_NatalAlmoco_Banner_2025_308x200px_v01.png","type":"image\/png"}],"twitter_card":"summary_large_image","twitter_misc":{"Est. tempo de leitura":"2 minutos"},"schema":{"@context":"https:\/\/schema.org","@graph":[{"@type":"WebSite","@id":"https:\/\/www.pacoteshyatt.com.br\/sao-paulo\/#website","url":"https:\/\/www.pacoteshyatt.com.br\/sao-paulo\/","name":"GRAND HYATT S\u00c3O PAULO","description":"S\u00f3 mais um site Hot\u00e9is Grand Hyatt Rio de Janeiro e S\u00e3o Paulo sites","potentialAction":[{"@type":"SearchAction","target":{"@type":"EntryPoint","urlTemplate":"https:\/\/www.pacoteshyatt.com.br\/sao-paulo\/?s={search_term_string}"},"query-input":"required name=search_term_string"}],"inLanguage":"pt-BR"},{"@type":"ImageObject","@id":"https:\/\/www.pacoteshyatt.com.br\/sao-paulo\/product\/almoco-de-natal\/#primaryimage","inLanguage":"pt-BR","url":"https:\/\/www.pacoteshyatt.com.br\/sao-paulo\/wp-content\/uploads\/sites\/3\/2021\/09\/GHSP_FimDeAno_NatalAlmoco_Banner_2025_308x200px_v01.png","contentUrl":"https:\/\/www.pacoteshyatt.com.br\/sao-paulo\/wp-content\/uploads\/sites\/3\/2021\/09\/GHSP_FimDeAno_NatalAlmoco_Banner_2025_308x200px_v01.png","width":308,"height":200,"caption":"Hotel com ceia de Natal 2025 e Almo\u00e7o no Grand Hyatt SP"},{"@type":"WebPage","@id":"https:\/\/www.pacoteshyatt.com.br\/sao-paulo\/product\/almoco-de-natal\/#webpage","url":"https:\/\/www.pacoteshyatt.com.br\/sao-paulo\/product\/almoco-de-natal\/","name":"Hotel com almo\u00e7o de Natal 2025 - Grand Hyatt S\u00e3o Paulo","isPartOf":{"@id":"https:\/\/www.pacoteshyatt.com.br\/sao-paulo\/#website"},"primaryImageOfPage":{"@id":"https:\/\/www.pacoteshyatt.com.br\/sao-paulo\/product\/almoco-de-natal\/#primaryimage"},"datePublished":"2021-09-14T19:40:20+00:00","dateModified":"2025-12-26T14:32:55+00:00","description":"O almo\u00e7o de Natal no hotel Grand Hyatt de S\u00e3o Paulo, com frutos do mar, esta\u00e7\u00f5es gourmet, carnes e pratos t\u00edpicos natalinos. Reserve e viva essa experi\u00eancia!","breadcrumb":{"@id":"https:\/\/www.pacoteshyatt.com.br\/sao-paulo\/product\/almoco-de-natal\/#breadcrumb"},"inLanguage":"pt-BR","potentialAction":[{"@type":"ReadAction","target":["https:\/\/www.pacoteshyatt.com.br\/sao-paulo\/product\/almoco-de-natal\/"]}]},{"@type":"BreadcrumbList","@id":"https:\/\/www.pacoteshyatt.com.br\/sao-paulo\/product\/almoco-de-natal\/#breadcrumb","itemListElement":[{"@type":"ListItem","position":1,"name":"Home","item":"https:\/\/www.pacoteshyatt.com.br\/sao-paulo\/"},{"@type":"ListItem","position":2,"name":"Shop","item":"https:\/\/www.pacoteshyatt.com.br\/sao-paulo\/shop\/"},{"@type":"ListItem","position":3,"name":"25\/12 | ALMO\u00c7O DE NATAL"}]}]}},"_links":{"self":[{"href":"https:\/\/www.pacoteshyatt.com.br\/sao-paulo\/wp-json\/wp\/v2\/product\/3276"}],"collection":[{"href":"https:\/\/www.pacoteshyatt.com.br\/sao-paulo\/wp-json\/wp\/v2\/product"}],"about":[{"href":"https:\/\/www.pacoteshyatt.com.br\/sao-paulo\/wp-json\/wp\/v2\/types\/product"}],"replies":[{"embeddable":true,"href":"https:\/\/www.pacoteshyatt.com.br\/sao-paulo\/wp-json\/wp\/v2\/comments?post=3276"}],"wp:featuredmedia":[{"embeddable":true,"href":"https:\/\/www.pacoteshyatt.com.br\/sao-paulo\/wp-json\/wp\/v2\/media\/19047"}],"wp:attachment":[{"href":"https:\/\/www.pacoteshyatt.com.br\/sao-paulo\/wp-json\/wp\/v2\/media?parent=3276"}],"wp:term":[{"taxonomy":"product_cat","embeddable":true,"href":"https:\/\/www.pacoteshyatt.com.br\/sao-paulo\/wp-json\/wp\/v2\/product_cat?post=3276"},{"taxonomy":"product_tag","embeddable":true,"href":"https:\/\/www.pacoteshyatt.com.br\/sao-paulo\/wp-json\/wp\/v2\/product_tag?post=3276"}],"curies":[{"name":"wp","href":"https:\/\/api.w.org\/{rel}","templated":true}]}}