{"id":3300,"date":"2021-09-15T17:40:32","date_gmt":"2021-09-15T20:40:32","guid":{"rendered":"https:\/\/www.pacoteshyatt.com.br\/sao-paulo\/?post_type=product&#038;p=3300"},"modified":"2024-05-09T15:54:41","modified_gmt":"2024-05-09T18:54:41","slug":"dia-das-criancas","status":"publish","type":"product","link":"https:\/\/www.pacoteshyatt.com.br\/sao-paulo\/product\/dia-das-criancas\/","title":{"rendered":"12\/10 | ALMO\u00c7O DE DIA DAS CRIAN\u00c7AS"},"content":{"rendered":"<p>Experi\u00eancia temporariamente indispon\u00edvel!<\/p>\n<p>Lamentamos informar que, no momento, o Almo\u00e7o de Dia das Crian\u00e7as est\u00e1 temporariamente indispon\u00edvel para compra. Mas n\u00e3o se preocupe, estamos trabalhando para trazer uma experi\u00eancia renovada e ainda mais incr\u00edvel para voc\u00ea.<\/p>\n<p>Fique de olho em nossas redes sociais para saber mais!<\/p>\n","protected":false},"excerpt":{"rendered":"<p>Experi\u00eancia temporariamente indispon\u00edvel! Lamentamos informar que, no momento, o Almo\u00e7o de Dia das Crian\u00e7as est\u00e1 temporariamente indispon\u00edvel para compra. Mas n\u00e3o se preocupe, estamos trabalhando para trazer uma experi\u00eancia renovada e ainda mais incr\u00edvel para voc\u00ea. Fique de olho em nossas redes sociais para saber mais!<\/p>\n","protected":false},"featured_media":0,"comment_status":"open","ping_status":"closed","template":"","meta":{"_eb_attr":""},"product_cat":[15],"product_tag":[],"yoast_head":"<!-- This site is optimized with the Yoast SEO plugin v18.4.1 - https:\/\/yoast.com\/wordpress\/plugins\/seo\/ -->\n<title>12\/10 | ALMO\u00c7O DE DIA DAS CRIAN\u00c7AS - GRAND HYATT S\u00c3O PAULO<\/title>\n<meta name=\"robots\" content=\"index, follow, max-snippet:-1, max-image-preview:large, max-video-preview:-1\" \/>\n<link rel=\"canonical\" href=\"https:\/\/www.pacoteshyatt.com.br\/sao-paulo\/product\/dia-das-criancas\/\" \/>\n<meta property=\"og:locale\" content=\"pt_BR\" \/>\n<meta property=\"og:type\" content=\"article\" \/>\n<meta property=\"og:title\" content=\"12\/10 | ALMO\u00c7O DE DIA DAS CRIAN\u00c7AS - GRAND HYATT S\u00c3O PAULO\" \/>\n<meta property=\"og:description\" content=\"Experi\u00eancia temporariamente indispon\u00edvel! Lamentamos informar que, no momento, o Almo\u00e7o de Dia das Crian\u00e7as est\u00e1 temporariamente indispon\u00edvel para compra. Mas n\u00e3o se preocupe, estamos trabalhando para trazer uma experi\u00eancia renovada e ainda mais incr\u00edvel para voc\u00ea. Fique de olho em nossas redes sociais para saber mais!\" \/>\n<meta property=\"og:url\" content=\"https:\/\/www.pacoteshyatt.com.br\/sao-paulo\/product\/dia-das-criancas\/\" \/>\n<meta property=\"og:site_name\" content=\"GRAND HYATT S\u00c3O PAULO\" \/>\n<meta property=\"article:modified_time\" content=\"2024-05-09T18:54:41+00:00\" \/>\n<meta property=\"og:image\" content=\"https:\/\/www.pacoteshyatt.com.br\/sao-paulo\/wp-content\/uploads\/sites\/3\/2021\/09\/Arte-dia-das-criancas_Iamgem-de-produto.png\" \/>\n\t<meta property=\"og:image:width\" content=\"1284\" \/>\n\t<meta property=\"og:image:height\" content=\"834\" \/>\n\t<meta property=\"og:image:type\" content=\"image\/png\" \/>\n<meta name=\"twitter:card\" content=\"summary_large_image\" \/>\n<meta name=\"twitter:label1\" content=\"Est. tempo de leitura\" \/>\n\t<meta name=\"twitter:data1\" content=\"1 minuto\" \/>\n<script type=\"application\/ld+json\" class=\"yoast-schema-graph\">{\"@context\":\"https:\/\/schema.org\",\"@graph\":[{\"@type\":\"WebSite\",\"@id\":\"https:\/\/www.pacoteshyatt.com.br\/sao-paulo\/#website\",\"url\":\"https:\/\/www.pacoteshyatt.com.br\/sao-paulo\/\",\"name\":\"GRAND HYATT S\u00c3O PAULO\",\"description\":\"S\u00f3 mais um site Hot\u00e9is Grand Hyatt Rio de Janeiro e S\u00e3o Paulo sites\",\"potentialAction\":[{\"@type\":\"SearchAction\",\"target\":{\"@type\":\"EntryPoint\",\"urlTemplate\":\"https:\/\/www.pacoteshyatt.com.br\/sao-paulo\/?s={search_term_string}\"},\"query-input\":\"required name=search_term_string\"}],\"inLanguage\":\"pt-BR\"},{\"@type\":\"WebPage\",\"@id\":\"https:\/\/www.pacoteshyatt.com.br\/sao-paulo\/product\/dia-das-criancas\/#webpage\",\"url\":\"https:\/\/www.pacoteshyatt.com.br\/sao-paulo\/product\/dia-das-criancas\/\",\"name\":\"12\/10 | ALMO\u00c7O DE DIA DAS CRIAN\u00c7AS - GRAND HYATT S\u00c3O PAULO\",\"isPartOf\":{\"@id\":\"https:\/\/www.pacoteshyatt.com.br\/sao-paulo\/#website\"},\"datePublished\":\"2021-09-15T20:40:32+00:00\",\"dateModified\":\"2024-05-09T18:54:41+00:00\",\"breadcrumb\":{\"@id\":\"https:\/\/www.pacoteshyatt.com.br\/sao-paulo\/product\/dia-das-criancas\/#breadcrumb\"},\"inLanguage\":\"pt-BR\",\"potentialAction\":[{\"@type\":\"ReadAction\",\"target\":[\"https:\/\/www.pacoteshyatt.com.br\/sao-paulo\/product\/dia-das-criancas\/\"]}]},{\"@type\":\"BreadcrumbList\",\"@id\":\"https:\/\/www.pacoteshyatt.com.br\/sao-paulo\/product\/dia-das-criancas\/#breadcrumb\",\"itemListElement\":[{\"@type\":\"ListItem\",\"position\":1,\"name\":\"Home\",\"item\":\"https:\/\/www.pacoteshyatt.com.br\/sao-paulo\/\"},{\"@type\":\"ListItem\",\"position\":2,\"name\":\"Shop\",\"item\":\"https:\/\/www.pacoteshyatt.com.br\/sao-paulo\/shop\/\"},{\"@type\":\"ListItem\",\"position\":3,\"name\":\"12\/10 | ALMO\u00c7O DE DIA DAS CRIAN\u00c7AS\"}]}]}<\/script>\n<!-- \/ Yoast SEO plugin. -->","yoast_head_json":{"title":"12\/10 | ALMO\u00c7O DE DIA DAS CRIAN\u00c7AS - GRAND HYATT S\u00c3O PAULO","robots":{"index":"index","follow":"follow","max-snippet":"max-snippet:-1","max-image-preview":"max-image-preview:large","max-video-preview":"max-video-preview:-1"},"canonical":"https:\/\/www.pacoteshyatt.com.br\/sao-paulo\/product\/dia-das-criancas\/","og_locale":"pt_BR","og_type":"article","og_title":"12\/10 | ALMO\u00c7O DE DIA DAS CRIAN\u00c7AS - GRAND HYATT S\u00c3O PAULO","og_description":"Experi\u00eancia temporariamente indispon\u00edvel! Lamentamos informar que, no momento, o Almo\u00e7o de Dia das Crian\u00e7as est\u00e1 temporariamente indispon\u00edvel para compra. Mas n\u00e3o se preocupe, estamos trabalhando para trazer uma experi\u00eancia renovada e ainda mais incr\u00edvel para voc\u00ea. Fique de olho em nossas redes sociais para saber mais!","og_url":"https:\/\/www.pacoteshyatt.com.br\/sao-paulo\/product\/dia-das-criancas\/","og_site_name":"GRAND HYATT S\u00c3O PAULO","article_modified_time":"2024-05-09T18:54:41+00:00","og_image":[{"width":1284,"height":834,"url":"https:\/\/www.pacoteshyatt.com.br\/sao-paulo\/wp-content\/uploads\/sites\/3\/2021\/09\/Arte-dia-das-criancas_Iamgem-de-produto.png","type":"image\/png"}],"twitter_card":"summary_large_image","twitter_misc":{"Est. tempo de leitura":"1 minuto"},"schema":{"@context":"https:\/\/schema.org","@graph":[{"@type":"WebSite","@id":"https:\/\/www.pacoteshyatt.com.br\/sao-paulo\/#website","url":"https:\/\/www.pacoteshyatt.com.br\/sao-paulo\/","name":"GRAND HYATT S\u00c3O PAULO","description":"S\u00f3 mais um site Hot\u00e9is Grand Hyatt Rio de Janeiro e S\u00e3o Paulo sites","potentialAction":[{"@type":"SearchAction","target":{"@type":"EntryPoint","urlTemplate":"https:\/\/www.pacoteshyatt.com.br\/sao-paulo\/?s={search_term_string}"},"query-input":"required name=search_term_string"}],"inLanguage":"pt-BR"},{"@type":"WebPage","@id":"https:\/\/www.pacoteshyatt.com.br\/sao-paulo\/product\/dia-das-criancas\/#webpage","url":"https:\/\/www.pacoteshyatt.com.br\/sao-paulo\/product\/dia-das-criancas\/","name":"12\/10 | ALMO\u00c7O DE DIA DAS CRIAN\u00c7AS - GRAND HYATT S\u00c3O PAULO","isPartOf":{"@id":"https:\/\/www.pacoteshyatt.com.br\/sao-paulo\/#website"},"datePublished":"2021-09-15T20:40:32+00:00","dateModified":"2024-05-09T18:54:41+00:00","breadcrumb":{"@id":"https:\/\/www.pacoteshyatt.com.br\/sao-paulo\/product\/dia-das-criancas\/#breadcrumb"},"inLanguage":"pt-BR","potentialAction":[{"@type":"ReadAction","target":["https:\/\/www.pacoteshyatt.com.br\/sao-paulo\/product\/dia-das-criancas\/"]}]},{"@type":"BreadcrumbList","@id":"https:\/\/www.pacoteshyatt.com.br\/sao-paulo\/product\/dia-das-criancas\/#breadcrumb","itemListElement":[{"@type":"ListItem","position":1,"name":"Home","item":"https:\/\/www.pacoteshyatt.com.br\/sao-paulo\/"},{"@type":"ListItem","position":2,"name":"Shop","item":"https:\/\/www.pacoteshyatt.com.br\/sao-paulo\/shop\/"},{"@type":"ListItem","position":3,"name":"12\/10 | ALMO\u00c7O DE DIA DAS CRIAN\u00c7AS"}]}]}},"_links":{"self":[{"href":"https:\/\/www.pacoteshyatt.com.br\/sao-paulo\/wp-json\/wp\/v2\/product\/3300"}],"collection":[{"href":"https:\/\/www.pacoteshyatt.com.br\/sao-paulo\/wp-json\/wp\/v2\/product"}],"about":[{"href":"https:\/\/www.pacoteshyatt.com.br\/sao-paulo\/wp-json\/wp\/v2\/types\/product"}],"replies":[{"embeddable":true,"href":"https:\/\/www.pacoteshyatt.com.br\/sao-paulo\/wp-json\/wp\/v2\/comments?post=3300"}],"wp:attachment":[{"href":"https:\/\/www.pacoteshyatt.com.br\/sao-paulo\/wp-json\/wp\/v2\/media?parent=3300"}],"wp:term":[{"taxonomy":"product_cat","embeddable":true,"href":"https:\/\/www.pacoteshyatt.com.br\/sao-paulo\/wp-json\/wp\/v2\/product_cat?post=3300"},{"taxonomy":"product_tag","embeddable":true,"href":"https:\/\/www.pacoteshyatt.com.br\/sao-paulo\/wp-json\/wp\/v2\/product_tag?post=3300"}],"curies":[{"name":"wp","href":"https:\/\/api.w.org\/{rel}","templated":true}]}}