{"id":3335,"date":"2021-09-17T16:23:19","date_gmt":"2021-09-17T19:23:19","guid":{"rendered":"https:\/\/www.pacoteshyatt.com.br\/sao-paulo\/?post_type=product&#038;p=3335"},"modified":"2025-12-31T11:33:25","modified_gmt":"2025-12-31T14:33:25","slug":"almoco-de-ano-novo","status":"publish","type":"product","link":"https:\/\/www.pacoteshyatt.com.br\/sao-paulo\/product\/almoco-de-ano-novo\/","title":{"rendered":"01\/01 | ALMO\u00c7O DE ANO NOVO"},"content":{"rendered":"<p data-start=\"262\" data-end=\"311\"><strong data-start=\"262\" data-end=\"309\">Almo\u00e7o de Ano Novo 2026 no Grand Hyatt S\u00e3o Paulo<\/strong><\/p>\n<p data-start=\"313\" data-end=\"540\">Comece 2026 em grande estilo com o <strong data-start=\"261\" data-end=\"290\">Pacote Almo\u00e7o de Ano Novo<\/strong> do <strong data-start=\"294\" data-end=\"319\">Grand Hyatt S\u00e3o Paulo<\/strong>, uma experi\u00eancia pensada para celebrar a virada com sofistica\u00e7\u00e3o, sabor e momentos inesquec\u00edveis. No dia 1\u00ba de janeiro, celebramos a chegada do novo ano no restaurante <strong data-start=\"487\" data-end=\"500\">Cittadino<\/strong>, em um ambiente elegante e acolhedor.<\/p>\n<p data-start=\"542\" data-end=\"813\">Nossos chefs ir\u00e3o preparar um buffet especial que une tradi\u00e7\u00e3o e sofistica\u00e7\u00e3o, perfeito para reunir a fam\u00edlia e os amigos no primeiro dia do ano. A\u00a0celebra\u00e7\u00e3o inclui bebidas selecionadas, sobremesas irresist\u00edveis e o clima festivo caracter\u00edstico do Grand Hyatt, ideal para quem busca um <strong data-start=\"912\" data-end=\"935\">almo\u00e7o de R\u00e9veillon<\/strong> refinado e memor\u00e1vel<\/p>\n<p data-start=\"1038\" data-end=\"1159\">Reserve agora o seu pacote<strong data-start=\"1388\" data-end=\"1422\"> almo\u00e7o de Ano Novo 2026<\/strong>\u00a0e viva uma experi\u00eancia \u00fanica, com a excel\u00eancia e o charme que s\u00f3 o Grand Hyatt S\u00e3o Paulo pode oferecer.<\/p>\n<p data-start=\"1176\" data-end=\"1373\"><strong>*O Almo\u00e7o de Natal ser\u00e1 servida no Restaurante Cittadino. Temos disponibilidade de mesas somente na \u00e1rea externa \u2013 Terra\u00e7o do Cittadino.<\/strong><\/p>\n","protected":false},"excerpt":{"rendered":"<p>Almo\u00e7o de Ano Novo 2026 no Grand Hyatt S\u00e3o Paulo Comece 2026 em grande estilo com o Pacote Almo\u00e7o de Ano Novo do Grand Hyatt S\u00e3o Paulo, uma experi\u00eancia pensada para celebrar a virada com sofistica\u00e7\u00e3o, sabor e momentos inesquec\u00edveis. No dia 1\u00ba de janeiro, celebramos a chegada do novo ano no restaurante Cittadino, em [&hellip;]<\/p>\n","protected":false},"featured_media":19053,"comment_status":"open","ping_status":"closed","template":"","meta":{"_eb_attr":""},"product_cat":[84,57,41,27],"product_tag":[],"yoast_head":"<!-- This site is optimized with the Yoast SEO plugin v18.4.1 - https:\/\/yoast.com\/wordpress\/plugins\/seo\/ -->\n<title>Pacote Almo\u00e7o de Ano Novo (01\/01\/2026) - Grand Hyatt SP<\/title>\n<meta name=\"description\" content=\"Celebre o R\u00e9veillon com o pacote de almo\u00e7o de Ano Novo do Grand Hyatt S\u00e3o Paulo, com buffet especial e aconchegante no restaurante Cittadino. Vagas limitadas!\" \/>\n<meta name=\"robots\" content=\"index, follow, max-snippet:-1, max-image-preview:large, max-video-preview:-1\" \/>\n<link rel=\"canonical\" href=\"https:\/\/www.pacoteshyatt.com.br\/sao-paulo\/product\/almoco-de-ano-novo\/\" \/>\n<meta property=\"og:locale\" content=\"pt_BR\" \/>\n<meta property=\"og:type\" content=\"article\" \/>\n<meta property=\"og:title\" content=\"Pacote Almo\u00e7o de Ano Novo (01\/01\/2026) - Grand Hyatt SP\" \/>\n<meta property=\"og:description\" content=\"Celebre o R\u00e9veillon com o pacote de almo\u00e7o de Ano Novo do Grand Hyatt S\u00e3o Paulo, com buffet especial e aconchegante no restaurante Cittadino. Vagas limitadas!\" \/>\n<meta property=\"og:url\" content=\"https:\/\/www.pacoteshyatt.com.br\/sao-paulo\/product\/almoco-de-ano-novo\/\" \/>\n<meta property=\"og:site_name\" content=\"GRAND HYATT S\u00c3O PAULO\" \/>\n<meta property=\"article:modified_time\" content=\"2025-12-31T14:33:25+00:00\" \/>\n<meta property=\"og:image\" content=\"https:\/\/www.pacoteshyatt.com.br\/sao-paulo\/wp-content\/uploads\/sites\/3\/2021\/09\/GHSP_FimDeAno_AnoNovoAlmoco_Banner_2025_308x200px_v01.png\" \/>\n\t<meta property=\"og:image:width\" content=\"308\" \/>\n\t<meta property=\"og:image:height\" content=\"200\" \/>\n\t<meta property=\"og:image:type\" content=\"image\/png\" \/>\n<meta name=\"twitter:card\" content=\"summary_large_image\" \/>\n<meta name=\"twitter:label1\" content=\"Est. tempo de leitura\" \/>\n\t<meta name=\"twitter:data1\" content=\"1 minuto\" \/>\n<script type=\"application\/ld+json\" class=\"yoast-schema-graph\">{\"@context\":\"https:\/\/schema.org\",\"@graph\":[{\"@type\":\"WebSite\",\"@id\":\"https:\/\/www.pacoteshyatt.com.br\/sao-paulo\/#website\",\"url\":\"https:\/\/www.pacoteshyatt.com.br\/sao-paulo\/\",\"name\":\"GRAND HYATT S\u00c3O PAULO\",\"description\":\"S\u00f3 mais um site Hot\u00e9is Grand Hyatt Rio de Janeiro e S\u00e3o Paulo sites\",\"potentialAction\":[{\"@type\":\"SearchAction\",\"target\":{\"@type\":\"EntryPoint\",\"urlTemplate\":\"https:\/\/www.pacoteshyatt.com.br\/sao-paulo\/?s={search_term_string}\"},\"query-input\":\"required name=search_term_string\"}],\"inLanguage\":\"pt-BR\"},{\"@type\":\"ImageObject\",\"@id\":\"https:\/\/www.pacoteshyatt.com.br\/sao-paulo\/product\/almoco-de-ano-novo\/#primaryimage\",\"inLanguage\":\"pt-BR\",\"url\":\"https:\/\/www.pacoteshyatt.com.br\/sao-paulo\/wp-content\/uploads\/sites\/3\/2021\/09\/GHSP_FimDeAno_AnoNovoAlmoco_Banner_2025_308x200px_v01.png\",\"contentUrl\":\"https:\/\/www.pacoteshyatt.com.br\/sao-paulo\/wp-content\/uploads\/sites\/3\/2021\/09\/GHSP_FimDeAno_AnoNovoAlmoco_Banner_2025_308x200px_v01.png\",\"width\":308,\"height\":200,\"caption\":\"Almo\u00e7o de ano novo 2026 Grand Hyatt S\u00e3o Paulo\"},{\"@type\":\"WebPage\",\"@id\":\"https:\/\/www.pacoteshyatt.com.br\/sao-paulo\/product\/almoco-de-ano-novo\/#webpage\",\"url\":\"https:\/\/www.pacoteshyatt.com.br\/sao-paulo\/product\/almoco-de-ano-novo\/\",\"name\":\"Pacote Almo\u00e7o de Ano Novo (01\/01\/2026) - Grand Hyatt SP\",\"isPartOf\":{\"@id\":\"https:\/\/www.pacoteshyatt.com.br\/sao-paulo\/#website\"},\"primaryImageOfPage\":{\"@id\":\"https:\/\/www.pacoteshyatt.com.br\/sao-paulo\/product\/almoco-de-ano-novo\/#primaryimage\"},\"datePublished\":\"2021-09-17T19:23:19+00:00\",\"dateModified\":\"2025-12-31T14:33:25+00:00\",\"description\":\"Celebre o R\u00e9veillon com o pacote de almo\u00e7o de Ano Novo do Grand Hyatt S\u00e3o Paulo, com buffet especial e aconchegante no restaurante Cittadino. Vagas limitadas!\",\"breadcrumb\":{\"@id\":\"https:\/\/www.pacoteshyatt.com.br\/sao-paulo\/product\/almoco-de-ano-novo\/#breadcrumb\"},\"inLanguage\":\"pt-BR\",\"potentialAction\":[{\"@type\":\"ReadAction\",\"target\":[\"https:\/\/www.pacoteshyatt.com.br\/sao-paulo\/product\/almoco-de-ano-novo\/\"]}]},{\"@type\":\"BreadcrumbList\",\"@id\":\"https:\/\/www.pacoteshyatt.com.br\/sao-paulo\/product\/almoco-de-ano-novo\/#breadcrumb\",\"itemListElement\":[{\"@type\":\"ListItem\",\"position\":1,\"name\":\"Home\",\"item\":\"https:\/\/www.pacoteshyatt.com.br\/sao-paulo\/\"},{\"@type\":\"ListItem\",\"position\":2,\"name\":\"Shop\",\"item\":\"https:\/\/www.pacoteshyatt.com.br\/sao-paulo\/shop\/\"},{\"@type\":\"ListItem\",\"position\":3,\"name\":\"01\/01 | ALMO\u00c7O DE ANO NOVO\"}]}]}<\/script>\n<!-- \/ Yoast SEO plugin. -->","yoast_head_json":{"title":"Pacote Almo\u00e7o de Ano Novo (01\/01\/2026) - Grand Hyatt SP","description":"Celebre o R\u00e9veillon com o pacote de almo\u00e7o de Ano Novo do Grand Hyatt S\u00e3o Paulo, com buffet especial e aconchegante no restaurante Cittadino. Vagas limitadas!","robots":{"index":"index","follow":"follow","max-snippet":"max-snippet:-1","max-image-preview":"max-image-preview:large","max-video-preview":"max-video-preview:-1"},"canonical":"https:\/\/www.pacoteshyatt.com.br\/sao-paulo\/product\/almoco-de-ano-novo\/","og_locale":"pt_BR","og_type":"article","og_title":"Pacote Almo\u00e7o de Ano Novo (01\/01\/2026) - Grand Hyatt SP","og_description":"Celebre o R\u00e9veillon com o pacote de almo\u00e7o de Ano Novo do Grand Hyatt S\u00e3o Paulo, com buffet especial e aconchegante no restaurante Cittadino. Vagas limitadas!","og_url":"https:\/\/www.pacoteshyatt.com.br\/sao-paulo\/product\/almoco-de-ano-novo\/","og_site_name":"GRAND HYATT S\u00c3O PAULO","article_modified_time":"2025-12-31T14:33:25+00:00","og_image":[{"width":308,"height":200,"url":"https:\/\/www.pacoteshyatt.com.br\/sao-paulo\/wp-content\/uploads\/sites\/3\/2021\/09\/GHSP_FimDeAno_AnoNovoAlmoco_Banner_2025_308x200px_v01.png","type":"image\/png"}],"twitter_card":"summary_large_image","twitter_misc":{"Est. tempo de leitura":"1 minuto"},"schema":{"@context":"https:\/\/schema.org","@graph":[{"@type":"WebSite","@id":"https:\/\/www.pacoteshyatt.com.br\/sao-paulo\/#website","url":"https:\/\/www.pacoteshyatt.com.br\/sao-paulo\/","name":"GRAND HYATT S\u00c3O PAULO","description":"S\u00f3 mais um site Hot\u00e9is Grand Hyatt Rio de Janeiro e S\u00e3o Paulo sites","potentialAction":[{"@type":"SearchAction","target":{"@type":"EntryPoint","urlTemplate":"https:\/\/www.pacoteshyatt.com.br\/sao-paulo\/?s={search_term_string}"},"query-input":"required name=search_term_string"}],"inLanguage":"pt-BR"},{"@type":"ImageObject","@id":"https:\/\/www.pacoteshyatt.com.br\/sao-paulo\/product\/almoco-de-ano-novo\/#primaryimage","inLanguage":"pt-BR","url":"https:\/\/www.pacoteshyatt.com.br\/sao-paulo\/wp-content\/uploads\/sites\/3\/2021\/09\/GHSP_FimDeAno_AnoNovoAlmoco_Banner_2025_308x200px_v01.png","contentUrl":"https:\/\/www.pacoteshyatt.com.br\/sao-paulo\/wp-content\/uploads\/sites\/3\/2021\/09\/GHSP_FimDeAno_AnoNovoAlmoco_Banner_2025_308x200px_v01.png","width":308,"height":200,"caption":"Almo\u00e7o de ano novo 2026 Grand Hyatt S\u00e3o Paulo"},{"@type":"WebPage","@id":"https:\/\/www.pacoteshyatt.com.br\/sao-paulo\/product\/almoco-de-ano-novo\/#webpage","url":"https:\/\/www.pacoteshyatt.com.br\/sao-paulo\/product\/almoco-de-ano-novo\/","name":"Pacote Almo\u00e7o de Ano Novo (01\/01\/2026) - Grand Hyatt SP","isPartOf":{"@id":"https:\/\/www.pacoteshyatt.com.br\/sao-paulo\/#website"},"primaryImageOfPage":{"@id":"https:\/\/www.pacoteshyatt.com.br\/sao-paulo\/product\/almoco-de-ano-novo\/#primaryimage"},"datePublished":"2021-09-17T19:23:19+00:00","dateModified":"2025-12-31T14:33:25+00:00","description":"Celebre o R\u00e9veillon com o pacote de almo\u00e7o de Ano Novo do Grand Hyatt S\u00e3o Paulo, com buffet especial e aconchegante no restaurante Cittadino. Vagas limitadas!","breadcrumb":{"@id":"https:\/\/www.pacoteshyatt.com.br\/sao-paulo\/product\/almoco-de-ano-novo\/#breadcrumb"},"inLanguage":"pt-BR","potentialAction":[{"@type":"ReadAction","target":["https:\/\/www.pacoteshyatt.com.br\/sao-paulo\/product\/almoco-de-ano-novo\/"]}]},{"@type":"BreadcrumbList","@id":"https:\/\/www.pacoteshyatt.com.br\/sao-paulo\/product\/almoco-de-ano-novo\/#breadcrumb","itemListElement":[{"@type":"ListItem","position":1,"name":"Home","item":"https:\/\/www.pacoteshyatt.com.br\/sao-paulo\/"},{"@type":"ListItem","position":2,"name":"Shop","item":"https:\/\/www.pacoteshyatt.com.br\/sao-paulo\/shop\/"},{"@type":"ListItem","position":3,"name":"01\/01 | ALMO\u00c7O DE ANO NOVO"}]}]}},"_links":{"self":[{"href":"https:\/\/www.pacoteshyatt.com.br\/sao-paulo\/wp-json\/wp\/v2\/product\/3335"}],"collection":[{"href":"https:\/\/www.pacoteshyatt.com.br\/sao-paulo\/wp-json\/wp\/v2\/product"}],"about":[{"href":"https:\/\/www.pacoteshyatt.com.br\/sao-paulo\/wp-json\/wp\/v2\/types\/product"}],"replies":[{"embeddable":true,"href":"https:\/\/www.pacoteshyatt.com.br\/sao-paulo\/wp-json\/wp\/v2\/comments?post=3335"}],"wp:featuredmedia":[{"embeddable":true,"href":"https:\/\/www.pacoteshyatt.com.br\/sao-paulo\/wp-json\/wp\/v2\/media\/19053"}],"wp:attachment":[{"href":"https:\/\/www.pacoteshyatt.com.br\/sao-paulo\/wp-json\/wp\/v2\/media?parent=3335"}],"wp:term":[{"taxonomy":"product_cat","embeddable":true,"href":"https:\/\/www.pacoteshyatt.com.br\/sao-paulo\/wp-json\/wp\/v2\/product_cat?post=3335"},{"taxonomy":"product_tag","embeddable":true,"href":"https:\/\/www.pacoteshyatt.com.br\/sao-paulo\/wp-json\/wp\/v2\/product_tag?post=3335"}],"curies":[{"name":"wp","href":"https:\/\/api.w.org\/{rel}","templated":true}]}}