{"id":3439,"date":"2021-09-21T11:56:18","date_gmt":"2021-09-21T14:56:18","guid":{"rendered":"https:\/\/www.pacoteshyatt.com.br\/sao-paulo\/?post_type=product&#038;p=3439"},"modified":"2024-12-23T10:45:44","modified_gmt":"2024-12-23T13:45:44","slug":"pacote-natal-hospedagem-ceia-almoco","status":"publish","type":"product","link":"https:\/\/www.pacoteshyatt.com.br\/sao-paulo\/product\/pacote-natal-hospedagem-ceia-almoco\/","title":{"rendered":"PACOTE NATAL | HOSPEDAGEM + CEIA + ALMO\u00c7O"},"content":{"rendered":"<p><strong>Viva um Natal Encantado no Grand Hyatt S\u00e3o Paulo: Pacote de Hospedagem Luxuoso com Ceia e Almo\u00e7o Especial<\/strong><\/p>\n<p>Celebre o Natal em grande estilo no Grand Hyatt S\u00e3o Paulo e desfrute de uma experi\u00eancia exclusiva em um dos hot\u00e9is mais sofisticados da cidade.<\/p>\n<p>Nosso Pacote de Hospedagem de Natal oferece tudo o que voc\u00ea e sua fam\u00edlia precisam para criar mem\u00f3rias inesquec\u00edveis, com uma combina\u00e7\u00e3o perfeita de alta gastronomia, hospitalidade impec\u00e1vel e atividades especiais para todas as idades.<\/p>\n<p>No dia 24 de dezembro, nosso jantar de Natal oferecido na sala Vanguarda, \u00e9 um verdadeiro banquete para os sentidos, com um menu cuidadosamente elaborado pelos nossos renomados chefs. Comece sua experi\u00eancia com saladas inovadoras, como a de brie quente com frutas vermelhas e favo de mel e a deliciosa salada de terrine de porco com pistache. Nos pratos principais, delicie-se com uma sofisticada esta\u00e7\u00e3o de massa, Brisket defumado com batatas r\u00fasticas e Salm\u00e3o Wellington com espinafre e mousse de cogumelos trufados ao molho de maracuj\u00e1. O ponto alto da ceia \u00e9 o tradicional peru assado, perfeito para compartilhar com a fam\u00edlia, complementado por uma esta\u00e7\u00e3o de frutos do mar frescos e iguarias da culin\u00e1ria japonesa. Al\u00e9m disso, a visita m\u00e1gica do Papai Noel trar\u00e1 ainda mais encanto para a noite, criando momentos \u00fanicos para os pequenos.<\/p>\n<p>A experi\u00eancia continua com uma noite tranquila em nossos quartos amplos e confort\u00e1veis, com vistas deslumbrantes para a ic\u00f4nica Ponte Estaiada, garantindo o m\u00e1ximo de conforto e relaxamento. No dia seguinte, delicie-se com o caf\u00e9 da manh\u00e3 incluso, seguido por um Almo\u00e7o Especial de Natal, que inclui um menu variado com frutos do mar frescos, como camar\u00f5es e mexilh\u00f5es, al\u00e9m de quiches, terrines e uma esta\u00e7\u00e3o de bruschettas com op\u00e7\u00f5es requintadas, como steak tartare de angus. As sobremesas artesanais, como nossos famosos macarons de doce de leite com caf\u00e9 e \u00e9clairs de avel\u00e3, s\u00e3o o fechamento perfeito para essa experi\u00eancia gastron\u00f4mica.<\/p>\n<p>Para sua total conveni\u00eancia, o pacote inclui estacionamento gratuito com manobrista, permitindo que voc\u00ea aproveite cada instante da celebra\u00e7\u00e3o sem preocupa\u00e7\u00f5es. Venha viver um Natal inesquec\u00edvel no Grand Hyatt S\u00e3o Paulo, onde cada detalhe foi pensado para tornar essa data ainda mais especial para voc\u00ea e sua fam\u00edlia. Reserve agora e celebre o Natal com requinte e sofistica\u00e7\u00e3o.<\/p>\n<p><strong>*O Almo\u00e7o de Natal ser\u00e1 servido no Restaurante C. Temos disponibilidade de mesas somente na \u00e1rea externa &#8211; Terra\u00e7o do C.<\/strong><\/p>\n","protected":false},"excerpt":{"rendered":"<p>Viva um Natal Encantado no Grand Hyatt S\u00e3o Paulo: Pacote de Hospedagem Luxuoso com Ceia e Almo\u00e7o Especial Celebre o Natal em grande estilo no Grand Hyatt S\u00e3o Paulo e desfrute de uma experi\u00eancia exclusiva em um dos hot\u00e9is mais sofisticados da cidade. Nosso Pacote de Hospedagem de Natal oferece tudo o que voc\u00ea e [&hellip;]<\/p>\n","protected":false},"featured_media":14458,"comment_status":"open","ping_status":"closed","template":"","meta":{"_eb_attr":""},"product_cat":[57,41,19],"product_tag":[],"yoast_head":"<!-- This site is optimized with the Yoast SEO plugin v18.4.1 - https:\/\/yoast.com\/wordpress\/plugins\/seo\/ -->\n<title>PACOTE NATAL | HOSPEDAGEM + CEIA + ALMO\u00c7O - GRAND HYATT S\u00c3O PAULO<\/title>\n<meta name=\"robots\" content=\"index, follow, max-snippet:-1, max-image-preview:large, max-video-preview:-1\" \/>\n<link rel=\"canonical\" href=\"https:\/\/www.pacoteshyatt.com.br\/sao-paulo\/product\/pacote-natal-hospedagem-ceia-almoco\/\" \/>\n<meta property=\"og:locale\" content=\"pt_BR\" \/>\n<meta property=\"og:type\" content=\"article\" \/>\n<meta property=\"og:title\" content=\"PACOTE NATAL | HOSPEDAGEM + CEIA + ALMO\u00c7O - GRAND HYATT S\u00c3O PAULO\" \/>\n<meta property=\"og:description\" content=\"Viva um Natal Encantado no Grand Hyatt S\u00e3o Paulo: Pacote de Hospedagem Luxuoso com Ceia e Almo\u00e7o Especial Celebre o Natal em grande estilo no Grand Hyatt S\u00e3o Paulo e desfrute de uma experi\u00eancia exclusiva em um dos hot\u00e9is mais sofisticados da cidade. Nosso Pacote de Hospedagem de Natal oferece tudo o que voc\u00ea e [&hellip;]\" \/>\n<meta property=\"og:url\" content=\"https:\/\/www.pacoteshyatt.com.br\/sao-paulo\/product\/pacote-natal-hospedagem-ceia-almoco\/\" \/>\n<meta property=\"og:site_name\" content=\"GRAND HYATT S\u00c3O PAULO\" \/>\n<meta property=\"article:modified_time\" content=\"2024-12-23T13:45:44+00:00\" \/>\n<meta property=\"og:image\" content=\"https:\/\/www.pacoteshyatt.com.br\/sao-paulo\/wp-content\/uploads\/sites\/3\/2024\/10\/GHSP_PacoteNatal2024_Almoco_Banner_308x200px_v2.png\" \/>\n\t<meta property=\"og:image:width\" content=\"308\" \/>\n\t<meta property=\"og:image:height\" content=\"200\" \/>\n\t<meta property=\"og:image:type\" content=\"image\/png\" \/>\n<meta name=\"twitter:card\" content=\"summary_large_image\" \/>\n<meta name=\"twitter:label1\" content=\"Est. tempo de leitura\" \/>\n\t<meta name=\"twitter:data1\" content=\"3 minutos\" \/>\n<script type=\"application\/ld+json\" class=\"yoast-schema-graph\">{\"@context\":\"https:\/\/schema.org\",\"@graph\":[{\"@type\":\"WebSite\",\"@id\":\"https:\/\/www.pacoteshyatt.com.br\/sao-paulo\/#website\",\"url\":\"https:\/\/www.pacoteshyatt.com.br\/sao-paulo\/\",\"name\":\"GRAND HYATT S\u00c3O PAULO\",\"description\":\"S\u00f3 mais um site Hot\u00e9is Grand Hyatt Rio de Janeiro e S\u00e3o Paulo sites\",\"potentialAction\":[{\"@type\":\"SearchAction\",\"target\":{\"@type\":\"EntryPoint\",\"urlTemplate\":\"https:\/\/www.pacoteshyatt.com.br\/sao-paulo\/?s={search_term_string}\"},\"query-input\":\"required name=search_term_string\"}],\"inLanguage\":\"pt-BR\"},{\"@type\":\"ImageObject\",\"@id\":\"https:\/\/www.pacoteshyatt.com.br\/sao-paulo\/product\/pacote-natal-hospedagem-ceia-almoco\/#primaryimage\",\"inLanguage\":\"pt-BR\",\"url\":\"https:\/\/www.pacoteshyatt.com.br\/sao-paulo\/wp-content\/uploads\/sites\/3\/2024\/10\/GHSP_PacoteNatal2024_Almoco_Banner_308x200px_v2.png\",\"contentUrl\":\"https:\/\/www.pacoteshyatt.com.br\/sao-paulo\/wp-content\/uploads\/sites\/3\/2024\/10\/GHSP_PacoteNatal2024_Almoco_Banner_308x200px_v2.png\",\"width\":308,\"height\":200,\"caption\":\"Pacote Natal Almo\u00e7o\"},{\"@type\":\"WebPage\",\"@id\":\"https:\/\/www.pacoteshyatt.com.br\/sao-paulo\/product\/pacote-natal-hospedagem-ceia-almoco\/#webpage\",\"url\":\"https:\/\/www.pacoteshyatt.com.br\/sao-paulo\/product\/pacote-natal-hospedagem-ceia-almoco\/\",\"name\":\"PACOTE NATAL | HOSPEDAGEM + CEIA + ALMO\u00c7O - GRAND HYATT S\u00c3O PAULO\",\"isPartOf\":{\"@id\":\"https:\/\/www.pacoteshyatt.com.br\/sao-paulo\/#website\"},\"primaryImageOfPage\":{\"@id\":\"https:\/\/www.pacoteshyatt.com.br\/sao-paulo\/product\/pacote-natal-hospedagem-ceia-almoco\/#primaryimage\"},\"datePublished\":\"2021-09-21T14:56:18+00:00\",\"dateModified\":\"2024-12-23T13:45:44+00:00\",\"breadcrumb\":{\"@id\":\"https:\/\/www.pacoteshyatt.com.br\/sao-paulo\/product\/pacote-natal-hospedagem-ceia-almoco\/#breadcrumb\"},\"inLanguage\":\"pt-BR\",\"potentialAction\":[{\"@type\":\"ReadAction\",\"target\":[\"https:\/\/www.pacoteshyatt.com.br\/sao-paulo\/product\/pacote-natal-hospedagem-ceia-almoco\/\"]}]},{\"@type\":\"BreadcrumbList\",\"@id\":\"https:\/\/www.pacoteshyatt.com.br\/sao-paulo\/product\/pacote-natal-hospedagem-ceia-almoco\/#breadcrumb\",\"itemListElement\":[{\"@type\":\"ListItem\",\"position\":1,\"name\":\"Home\",\"item\":\"https:\/\/www.pacoteshyatt.com.br\/sao-paulo\/\"},{\"@type\":\"ListItem\",\"position\":2,\"name\":\"Shop\",\"item\":\"https:\/\/www.pacoteshyatt.com.br\/sao-paulo\/shop\/\"},{\"@type\":\"ListItem\",\"position\":3,\"name\":\"PACOTE NATAL | HOSPEDAGEM + CEIA + ALMO\u00c7O\"}]}]}<\/script>\n<!-- \/ Yoast SEO plugin. -->","yoast_head_json":{"title":"PACOTE NATAL | HOSPEDAGEM + CEIA + ALMO\u00c7O - GRAND HYATT S\u00c3O PAULO","robots":{"index":"index","follow":"follow","max-snippet":"max-snippet:-1","max-image-preview":"max-image-preview:large","max-video-preview":"max-video-preview:-1"},"canonical":"https:\/\/www.pacoteshyatt.com.br\/sao-paulo\/product\/pacote-natal-hospedagem-ceia-almoco\/","og_locale":"pt_BR","og_type":"article","og_title":"PACOTE NATAL | HOSPEDAGEM + CEIA + ALMO\u00c7O - GRAND HYATT S\u00c3O PAULO","og_description":"Viva um Natal Encantado no Grand Hyatt S\u00e3o Paulo: Pacote de Hospedagem Luxuoso com Ceia e Almo\u00e7o Especial Celebre o Natal em grande estilo no Grand Hyatt S\u00e3o Paulo e desfrute de uma experi\u00eancia exclusiva em um dos hot\u00e9is mais sofisticados da cidade. Nosso Pacote de Hospedagem de Natal oferece tudo o que voc\u00ea e [&hellip;]","og_url":"https:\/\/www.pacoteshyatt.com.br\/sao-paulo\/product\/pacote-natal-hospedagem-ceia-almoco\/","og_site_name":"GRAND HYATT S\u00c3O PAULO","article_modified_time":"2024-12-23T13:45:44+00:00","og_image":[{"width":308,"height":200,"url":"https:\/\/www.pacoteshyatt.com.br\/sao-paulo\/wp-content\/uploads\/sites\/3\/2024\/10\/GHSP_PacoteNatal2024_Almoco_Banner_308x200px_v2.png","type":"image\/png"}],"twitter_card":"summary_large_image","twitter_misc":{"Est. tempo de leitura":"3 minutos"},"schema":{"@context":"https:\/\/schema.org","@graph":[{"@type":"WebSite","@id":"https:\/\/www.pacoteshyatt.com.br\/sao-paulo\/#website","url":"https:\/\/www.pacoteshyatt.com.br\/sao-paulo\/","name":"GRAND HYATT S\u00c3O PAULO","description":"S\u00f3 mais um site Hot\u00e9is Grand Hyatt Rio de Janeiro e S\u00e3o Paulo sites","potentialAction":[{"@type":"SearchAction","target":{"@type":"EntryPoint","urlTemplate":"https:\/\/www.pacoteshyatt.com.br\/sao-paulo\/?s={search_term_string}"},"query-input":"required name=search_term_string"}],"inLanguage":"pt-BR"},{"@type":"ImageObject","@id":"https:\/\/www.pacoteshyatt.com.br\/sao-paulo\/product\/pacote-natal-hospedagem-ceia-almoco\/#primaryimage","inLanguage":"pt-BR","url":"https:\/\/www.pacoteshyatt.com.br\/sao-paulo\/wp-content\/uploads\/sites\/3\/2024\/10\/GHSP_PacoteNatal2024_Almoco_Banner_308x200px_v2.png","contentUrl":"https:\/\/www.pacoteshyatt.com.br\/sao-paulo\/wp-content\/uploads\/sites\/3\/2024\/10\/GHSP_PacoteNatal2024_Almoco_Banner_308x200px_v2.png","width":308,"height":200,"caption":"Pacote Natal Almo\u00e7o"},{"@type":"WebPage","@id":"https:\/\/www.pacoteshyatt.com.br\/sao-paulo\/product\/pacote-natal-hospedagem-ceia-almoco\/#webpage","url":"https:\/\/www.pacoteshyatt.com.br\/sao-paulo\/product\/pacote-natal-hospedagem-ceia-almoco\/","name":"PACOTE NATAL | HOSPEDAGEM + CEIA + ALMO\u00c7O - GRAND HYATT S\u00c3O PAULO","isPartOf":{"@id":"https:\/\/www.pacoteshyatt.com.br\/sao-paulo\/#website"},"primaryImageOfPage":{"@id":"https:\/\/www.pacoteshyatt.com.br\/sao-paulo\/product\/pacote-natal-hospedagem-ceia-almoco\/#primaryimage"},"datePublished":"2021-09-21T14:56:18+00:00","dateModified":"2024-12-23T13:45:44+00:00","breadcrumb":{"@id":"https:\/\/www.pacoteshyatt.com.br\/sao-paulo\/product\/pacote-natal-hospedagem-ceia-almoco\/#breadcrumb"},"inLanguage":"pt-BR","potentialAction":[{"@type":"ReadAction","target":["https:\/\/www.pacoteshyatt.com.br\/sao-paulo\/product\/pacote-natal-hospedagem-ceia-almoco\/"]}]},{"@type":"BreadcrumbList","@id":"https:\/\/www.pacoteshyatt.com.br\/sao-paulo\/product\/pacote-natal-hospedagem-ceia-almoco\/#breadcrumb","itemListElement":[{"@type":"ListItem","position":1,"name":"Home","item":"https:\/\/www.pacoteshyatt.com.br\/sao-paulo\/"},{"@type":"ListItem","position":2,"name":"Shop","item":"https:\/\/www.pacoteshyatt.com.br\/sao-paulo\/shop\/"},{"@type":"ListItem","position":3,"name":"PACOTE NATAL | HOSPEDAGEM + CEIA + ALMO\u00c7O"}]}]}},"_links":{"self":[{"href":"https:\/\/www.pacoteshyatt.com.br\/sao-paulo\/wp-json\/wp\/v2\/product\/3439"}],"collection":[{"href":"https:\/\/www.pacoteshyatt.com.br\/sao-paulo\/wp-json\/wp\/v2\/product"}],"about":[{"href":"https:\/\/www.pacoteshyatt.com.br\/sao-paulo\/wp-json\/wp\/v2\/types\/product"}],"replies":[{"embeddable":true,"href":"https:\/\/www.pacoteshyatt.com.br\/sao-paulo\/wp-json\/wp\/v2\/comments?post=3439"}],"wp:featuredmedia":[{"embeddable":true,"href":"https:\/\/www.pacoteshyatt.com.br\/sao-paulo\/wp-json\/wp\/v2\/media\/14458"}],"wp:attachment":[{"href":"https:\/\/www.pacoteshyatt.com.br\/sao-paulo\/wp-json\/wp\/v2\/media?parent=3439"}],"wp:term":[{"taxonomy":"product_cat","embeddable":true,"href":"https:\/\/www.pacoteshyatt.com.br\/sao-paulo\/wp-json\/wp\/v2\/product_cat?post=3439"},{"taxonomy":"product_tag","embeddable":true,"href":"https:\/\/www.pacoteshyatt.com.br\/sao-paulo\/wp-json\/wp\/v2\/product_tag?post=3439"}],"curies":[{"name":"wp","href":"https:\/\/api.w.org\/{rel}","templated":true}]}}