{"id":3766,"date":"2021-10-14T16:21:17","date_gmt":"2021-10-14T19:21:17","guid":{"rendered":"https:\/\/www.pacoteshyatt.com.br\/sao-paulo\/?post_type=product&#038;p=3766"},"modified":"2025-11-28T08:06:14","modified_gmt":"2025-11-28T11:06:14","slug":"thanksgiving","status":"publish","type":"product","link":"https:\/\/www.pacoteshyatt.com.br\/sao-paulo\/product\/thanksgiving\/","title":{"rendered":"27\/11 | THANKSGIVING"},"content":{"rendered":"<p><strong>Celebre o Thanksgiving no Grand Hyatt S\u00e3o Paulo: Jantar Exclusivo com Sabores Inesquec\u00edveis<\/strong><\/p>\n<p>Neste Thanksgiving, o Grand Hyatt S\u00e3o Paulo convida voc\u00ea e sua fam\u00edlia para uma celebra\u00e7\u00e3o \u00fanica, marcada pela gratid\u00e3o e uni\u00e3o. Em uma noite especial, envolta em sofistica\u00e7\u00e3o e aconchego, voc\u00ea ter\u00e1 a oportunidade de desfrutar de um jantar requintado que traz as tradi\u00e7\u00f5es da gastronomia norte-americana para o cora\u00e7\u00e3o de S\u00e3o Paulo.<\/p>\n<p>Nosso jantar de Thanksgiving oferece uma experi\u00eancia culin\u00e1ria impec\u00e1vel, ideal para aqueles que desejam celebrar em grande estilo. O menu elaborado combina cl\u00e1ssicos da data com toques modernos, criando uma refei\u00e7\u00e3o rica em sabor e eleg\u00e2ncia. O destaque principal, o tradicional peru assado, pode ser saboreado com ou sem recheio. O jantar inclui bebidas n\u00e3o alco\u00f3licas: \u00e1gua, sucos e refrigerantes.<\/p>\n<p>A atmosfera acolhedora e sofisticada do Grand Hyatt S\u00e3o Paulo \u00e9 o cen\u00e1rio perfeito para reunir amigos e familiares em torno de uma mesa generosa, onde cada detalhe foi pensado para oferecer uma noite memor\u00e1vel. <strong>Garanta j\u00e1 o seu lugar<\/strong> e permita-se vivenciar um Thanksgiving inesquec\u00edvel, cheio de momentos especiais e sabores \u00fanicos.<\/p>\n","protected":false},"excerpt":{"rendered":"<p>Celebre o Thanksgiving no Grand Hyatt S\u00e3o Paulo: Jantar Exclusivo com Sabores Inesquec\u00edveis Neste Thanksgiving, o Grand Hyatt S\u00e3o Paulo convida voc\u00ea e sua fam\u00edlia para uma celebra\u00e7\u00e3o \u00fanica, marcada pela gratid\u00e3o e uni\u00e3o. Em uma noite especial, envolta em sofistica\u00e7\u00e3o e aconchego, voc\u00ea ter\u00e1 a oportunidade de desfrutar de um jantar requintado que traz [&hellip;]<\/p>\n","protected":false},"featured_media":19328,"comment_status":"open","ping_status":"closed","template":"","meta":{"_eb_attr":""},"product_cat":[57,41,27],"product_tag":[],"yoast_head":"<!-- This site is optimized with the Yoast SEO plugin v18.4.1 - https:\/\/yoast.com\/wordpress\/plugins\/seo\/ -->\n<title>Thanksgiving com menu t\u00edpico - Grand Hyatt S\u00e3o Paulo<\/title>\n<meta name=\"description\" content=\"Comemore o Thanksgiving no Grand Hyatt S\u00e3o Paulo com saboroso menu t\u00edpico com peru assado, acompanhamentos especiais e sobremesas t\u00edpicas! Vouchers aqui:\" \/>\n<meta name=\"robots\" content=\"index, follow, max-snippet:-1, max-image-preview:large, max-video-preview:-1\" \/>\n<link rel=\"canonical\" href=\"https:\/\/www.pacoteshyatt.com.br\/sao-paulo\/product\/thanksgiving\/\" \/>\n<meta property=\"og:locale\" content=\"pt_BR\" \/>\n<meta property=\"og:type\" content=\"article\" \/>\n<meta property=\"og:title\" content=\"Thanksgiving com menu t\u00edpico - Grand Hyatt S\u00e3o Paulo\" \/>\n<meta property=\"og:description\" content=\"Comemore o Thanksgiving no Grand Hyatt S\u00e3o Paulo com saboroso menu t\u00edpico com peru assado, acompanhamentos especiais e sobremesas t\u00edpicas! Vouchers aqui:\" \/>\n<meta property=\"og:url\" content=\"https:\/\/www.pacoteshyatt.com.br\/sao-paulo\/product\/thanksgiving\/\" \/>\n<meta property=\"og:site_name\" content=\"GRAND HYATT S\u00c3O PAULO\" \/>\n<meta property=\"article:modified_time\" content=\"2025-11-28T11:06:14+00:00\" \/>\n<meta property=\"og:image\" content=\"https:\/\/www.pacoteshyatt.com.br\/sao-paulo\/wp-content\/uploads\/sites\/3\/2021\/10\/GHSP_Thanksgiving_Banner_308x200px.png\" \/>\n\t<meta property=\"og:image:width\" content=\"308\" \/>\n\t<meta property=\"og:image:height\" content=\"200\" \/>\n\t<meta property=\"og:image:type\" content=\"image\/png\" \/>\n<meta name=\"twitter:card\" content=\"summary_large_image\" \/>\n<meta name=\"twitter:label1\" content=\"Est. tempo de leitura\" \/>\n\t<meta name=\"twitter:data1\" content=\"1 minuto\" \/>\n<script type=\"application\/ld+json\" class=\"yoast-schema-graph\">{\"@context\":\"https:\/\/schema.org\",\"@graph\":[{\"@type\":\"WebSite\",\"@id\":\"https:\/\/www.pacoteshyatt.com.br\/sao-paulo\/#website\",\"url\":\"https:\/\/www.pacoteshyatt.com.br\/sao-paulo\/\",\"name\":\"GRAND HYATT S\u00c3O PAULO\",\"description\":\"S\u00f3 mais um site Hot\u00e9is Grand Hyatt Rio de Janeiro e S\u00e3o Paulo sites\",\"potentialAction\":[{\"@type\":\"SearchAction\",\"target\":{\"@type\":\"EntryPoint\",\"urlTemplate\":\"https:\/\/www.pacoteshyatt.com.br\/sao-paulo\/?s={search_term_string}\"},\"query-input\":\"required name=search_term_string\"}],\"inLanguage\":\"pt-BR\"},{\"@type\":\"ImageObject\",\"@id\":\"https:\/\/www.pacoteshyatt.com.br\/sao-paulo\/product\/thanksgiving\/#primaryimage\",\"inLanguage\":\"pt-BR\",\"url\":\"https:\/\/www.pacoteshyatt.com.br\/sao-paulo\/wp-content\/uploads\/sites\/3\/2021\/10\/GHSP_Thanksgiving_Banner_308x200px.png\",\"contentUrl\":\"https:\/\/www.pacoteshyatt.com.br\/sao-paulo\/wp-content\/uploads\/sites\/3\/2021\/10\/GHSP_Thanksgiving_Banner_308x200px.png\",\"width\":308,\"height\":200},{\"@type\":\"WebPage\",\"@id\":\"https:\/\/www.pacoteshyatt.com.br\/sao-paulo\/product\/thanksgiving\/#webpage\",\"url\":\"https:\/\/www.pacoteshyatt.com.br\/sao-paulo\/product\/thanksgiving\/\",\"name\":\"Thanksgiving com menu t\u00edpico - Grand Hyatt S\u00e3o Paulo\",\"isPartOf\":{\"@id\":\"https:\/\/www.pacoteshyatt.com.br\/sao-paulo\/#website\"},\"primaryImageOfPage\":{\"@id\":\"https:\/\/www.pacoteshyatt.com.br\/sao-paulo\/product\/thanksgiving\/#primaryimage\"},\"datePublished\":\"2021-10-14T19:21:17+00:00\",\"dateModified\":\"2025-11-28T11:06:14+00:00\",\"description\":\"Comemore o Thanksgiving no Grand Hyatt S\u00e3o Paulo com saboroso menu t\u00edpico com peru assado, acompanhamentos especiais e sobremesas t\u00edpicas! Vouchers aqui:\",\"breadcrumb\":{\"@id\":\"https:\/\/www.pacoteshyatt.com.br\/sao-paulo\/product\/thanksgiving\/#breadcrumb\"},\"inLanguage\":\"pt-BR\",\"potentialAction\":[{\"@type\":\"ReadAction\",\"target\":[\"https:\/\/www.pacoteshyatt.com.br\/sao-paulo\/product\/thanksgiving\/\"]}]},{\"@type\":\"BreadcrumbList\",\"@id\":\"https:\/\/www.pacoteshyatt.com.br\/sao-paulo\/product\/thanksgiving\/#breadcrumb\",\"itemListElement\":[{\"@type\":\"ListItem\",\"position\":1,\"name\":\"Home\",\"item\":\"https:\/\/www.pacoteshyatt.com.br\/sao-paulo\/\"},{\"@type\":\"ListItem\",\"position\":2,\"name\":\"Shop\",\"item\":\"https:\/\/www.pacoteshyatt.com.br\/sao-paulo\/shop\/\"},{\"@type\":\"ListItem\",\"position\":3,\"name\":\"27\/11 | THANKSGIVING\"}]}]}<\/script>\n<!-- \/ Yoast SEO plugin. -->","yoast_head_json":{"title":"Thanksgiving com menu t\u00edpico - Grand Hyatt S\u00e3o Paulo","description":"Comemore o Thanksgiving no Grand Hyatt S\u00e3o Paulo com saboroso menu t\u00edpico com peru assado, acompanhamentos especiais e sobremesas t\u00edpicas! Vouchers aqui:","robots":{"index":"index","follow":"follow","max-snippet":"max-snippet:-1","max-image-preview":"max-image-preview:large","max-video-preview":"max-video-preview:-1"},"canonical":"https:\/\/www.pacoteshyatt.com.br\/sao-paulo\/product\/thanksgiving\/","og_locale":"pt_BR","og_type":"article","og_title":"Thanksgiving com menu t\u00edpico - Grand Hyatt S\u00e3o Paulo","og_description":"Comemore o Thanksgiving no Grand Hyatt S\u00e3o Paulo com saboroso menu t\u00edpico com peru assado, acompanhamentos especiais e sobremesas t\u00edpicas! Vouchers aqui:","og_url":"https:\/\/www.pacoteshyatt.com.br\/sao-paulo\/product\/thanksgiving\/","og_site_name":"GRAND HYATT S\u00c3O PAULO","article_modified_time":"2025-11-28T11:06:14+00:00","og_image":[{"width":308,"height":200,"url":"https:\/\/www.pacoteshyatt.com.br\/sao-paulo\/wp-content\/uploads\/sites\/3\/2021\/10\/GHSP_Thanksgiving_Banner_308x200px.png","type":"image\/png"}],"twitter_card":"summary_large_image","twitter_misc":{"Est. tempo de leitura":"1 minuto"},"schema":{"@context":"https:\/\/schema.org","@graph":[{"@type":"WebSite","@id":"https:\/\/www.pacoteshyatt.com.br\/sao-paulo\/#website","url":"https:\/\/www.pacoteshyatt.com.br\/sao-paulo\/","name":"GRAND HYATT S\u00c3O PAULO","description":"S\u00f3 mais um site Hot\u00e9is Grand Hyatt Rio de Janeiro e S\u00e3o Paulo sites","potentialAction":[{"@type":"SearchAction","target":{"@type":"EntryPoint","urlTemplate":"https:\/\/www.pacoteshyatt.com.br\/sao-paulo\/?s={search_term_string}"},"query-input":"required name=search_term_string"}],"inLanguage":"pt-BR"},{"@type":"ImageObject","@id":"https:\/\/www.pacoteshyatt.com.br\/sao-paulo\/product\/thanksgiving\/#primaryimage","inLanguage":"pt-BR","url":"https:\/\/www.pacoteshyatt.com.br\/sao-paulo\/wp-content\/uploads\/sites\/3\/2021\/10\/GHSP_Thanksgiving_Banner_308x200px.png","contentUrl":"https:\/\/www.pacoteshyatt.com.br\/sao-paulo\/wp-content\/uploads\/sites\/3\/2021\/10\/GHSP_Thanksgiving_Banner_308x200px.png","width":308,"height":200},{"@type":"WebPage","@id":"https:\/\/www.pacoteshyatt.com.br\/sao-paulo\/product\/thanksgiving\/#webpage","url":"https:\/\/www.pacoteshyatt.com.br\/sao-paulo\/product\/thanksgiving\/","name":"Thanksgiving com menu t\u00edpico - Grand Hyatt S\u00e3o Paulo","isPartOf":{"@id":"https:\/\/www.pacoteshyatt.com.br\/sao-paulo\/#website"},"primaryImageOfPage":{"@id":"https:\/\/www.pacoteshyatt.com.br\/sao-paulo\/product\/thanksgiving\/#primaryimage"},"datePublished":"2021-10-14T19:21:17+00:00","dateModified":"2025-11-28T11:06:14+00:00","description":"Comemore o Thanksgiving no Grand Hyatt S\u00e3o Paulo com saboroso menu t\u00edpico com peru assado, acompanhamentos especiais e sobremesas t\u00edpicas! Vouchers aqui:","breadcrumb":{"@id":"https:\/\/www.pacoteshyatt.com.br\/sao-paulo\/product\/thanksgiving\/#breadcrumb"},"inLanguage":"pt-BR","potentialAction":[{"@type":"ReadAction","target":["https:\/\/www.pacoteshyatt.com.br\/sao-paulo\/product\/thanksgiving\/"]}]},{"@type":"BreadcrumbList","@id":"https:\/\/www.pacoteshyatt.com.br\/sao-paulo\/product\/thanksgiving\/#breadcrumb","itemListElement":[{"@type":"ListItem","position":1,"name":"Home","item":"https:\/\/www.pacoteshyatt.com.br\/sao-paulo\/"},{"@type":"ListItem","position":2,"name":"Shop","item":"https:\/\/www.pacoteshyatt.com.br\/sao-paulo\/shop\/"},{"@type":"ListItem","position":3,"name":"27\/11 | THANKSGIVING"}]}]}},"_links":{"self":[{"href":"https:\/\/www.pacoteshyatt.com.br\/sao-paulo\/wp-json\/wp\/v2\/product\/3766"}],"collection":[{"href":"https:\/\/www.pacoteshyatt.com.br\/sao-paulo\/wp-json\/wp\/v2\/product"}],"about":[{"href":"https:\/\/www.pacoteshyatt.com.br\/sao-paulo\/wp-json\/wp\/v2\/types\/product"}],"replies":[{"embeddable":true,"href":"https:\/\/www.pacoteshyatt.com.br\/sao-paulo\/wp-json\/wp\/v2\/comments?post=3766"}],"wp:featuredmedia":[{"embeddable":true,"href":"https:\/\/www.pacoteshyatt.com.br\/sao-paulo\/wp-json\/wp\/v2\/media\/19328"}],"wp:attachment":[{"href":"https:\/\/www.pacoteshyatt.com.br\/sao-paulo\/wp-json\/wp\/v2\/media?parent=3766"}],"wp:term":[{"taxonomy":"product_cat","embeddable":true,"href":"https:\/\/www.pacoteshyatt.com.br\/sao-paulo\/wp-json\/wp\/v2\/product_cat?post=3766"},{"taxonomy":"product_tag","embeddable":true,"href":"https:\/\/www.pacoteshyatt.com.br\/sao-paulo\/wp-json\/wp\/v2\/product_tag?post=3766"}],"curies":[{"name":"wp","href":"https:\/\/api.w.org\/{rel}","templated":true}]}}