{"id":3935,"date":"2024-10-31T00:01:24","date_gmt":"2024-10-31T03:01:24","guid":{"rendered":"https:\/\/www.pacoteshyatt.com.br\/sao-paulo\/?post_type=product&#038;p=3935"},"modified":"2025-12-01T18:54:20","modified_gmt":"2025-12-01T21:54:20","slug":"feijuca-black-week","status":"publish","type":"product","link":"https:\/\/www.pacoteshyatt.com.br\/sao-paulo\/product\/feijuca-black-week\/","title":{"rendered":"FEIJUCA | BLACK NOVEMBER"},"content":{"rendered":"<p>Venha saborear a famosa <strong>Feijuca do Hyatt no Grand Hyatt S\u00e3o Paulo.<\/strong><\/p>\n<p>Todos os s\u00e1bados, das 13h \u00e0s 16h, o Restaurante Cittadino transforma-se em um ponto de encontro para os amantes da feijoada, oferecendo uma experi\u00eancia gastron\u00f4mica que combina tradi\u00e7\u00e3o, sabor e sofistica\u00e7\u00e3o.<\/p>\n<h2>Uma Feijoada Completa<\/h2>\n<p>Desfrute de uma aut\u00eantica feijoada brasileira, preparada com os melhores ingredientes, servida com acompanhamentos cl\u00e1ssicos como arroz branco, couve refogada e farofa. Para quem prefere op\u00e7\u00f5es vegetarianas, nossa feijoada sem carne garante que todos possam aproveitar essa del\u00edcia. E, para complementar, voc\u00ea ainda encontrar\u00e1 uma sele\u00e7\u00e3o de saladas frescas e petiscos irresist\u00edveis, como banana frita, bolinho de queijo e mandioca.<\/p>\n<h3><strong>Caipirinha \u00e0 Vontade<\/strong><\/h3>\n<p>Nada melhor que uma caipirinha \u00e0 vontade para acompanhar sua feijoada. Preparadas com os melhores ingredientes, nossas caipirinhas s\u00e3o o acompanhamento perfeito para tornar sua refei\u00e7\u00e3o ainda mais especial.<\/p>\n<h3>Sobremesas<\/h3>\n<p>Finalizando a experi\u00eancia, nossa mesa de sobremesas traz o melhor da do\u00e7aria e cria\u00e7\u00f5es exclusivas dos nossos chefs, prometendo encantar seu paladar.<\/p>\n<p>A <strong>Feijuca do Hyatt<\/strong> \u00e9 o programa ideal para os s\u00e1bados, agora com 30% de desconto nesta Black Friday. N\u00e3o perca a chance de viver essa experi\u00eancia \u00fanica de sabor e celebra\u00e7\u00e3o no Grand Hyatt S\u00e3o Paulo.<\/p>\n<p><strong>Este voucher d\u00e1 direito a uma Feijoada do Hyatt realizada aos s\u00e1bados com validade de 90 dias.<\/strong><\/p>\n","protected":false},"excerpt":{"rendered":"<p>Venha saborear a famosa Feijuca do Hyatt no Grand Hyatt S\u00e3o Paulo. Todos os s\u00e1bados, das 13h \u00e0s 16h, o Restaurante Cittadino transforma-se em um ponto de encontro para os amantes da feijoada, oferecendo uma experi\u00eancia gastron\u00f4mica que combina tradi\u00e7\u00e3o, sabor e sofistica\u00e7\u00e3o. Uma Feijoada Completa Desfrute de uma aut\u00eantica feijoada brasileira, preparada com os [&hellip;]<\/p>\n","protected":false},"featured_media":14679,"comment_status":"open","ping_status":"closed","template":"","meta":{"_eb_attr":""},"product_cat":[52,57,48,44,47,31,27],"product_tag":[],"yoast_head":"<!-- This site is optimized with the Yoast SEO plugin v18.4.1 - https:\/\/yoast.com\/wordpress\/plugins\/seo\/ -->\n<title>Feijuca com Desconto Exclusivo na Black November - Hyatt S\u00e3o Paulo<\/title>\n<meta name=\"description\" content=\"Aproveite a tradicional Feijuca do Hyatt S\u00e3o Paulo com descontos especiais durante a Black November. Sabor e tradi\u00e7\u00e3o em um ambiente sofisticado. Confira!\" \/>\n<meta name=\"robots\" content=\"index, follow, max-snippet:-1, max-image-preview:large, max-video-preview:-1\" \/>\n<link rel=\"canonical\" href=\"https:\/\/www.pacoteshyatt.com.br\/sao-paulo\/product\/feijuca-black-week\/\" \/>\n<meta property=\"og:locale\" content=\"pt_BR\" \/>\n<meta property=\"og:type\" content=\"article\" \/>\n<meta property=\"og:title\" content=\"Feijuca com Desconto Exclusivo na Black November - Hyatt S\u00e3o Paulo\" \/>\n<meta property=\"og:description\" content=\"Aproveite a tradicional Feijuca do Hyatt S\u00e3o Paulo com descontos especiais durante a Black November. Sabor e tradi\u00e7\u00e3o em um ambiente sofisticado. Confira!\" \/>\n<meta property=\"og:url\" content=\"https:\/\/www.pacoteshyatt.com.br\/sao-paulo\/product\/feijuca-black-week\/\" \/>\n<meta property=\"og:site_name\" content=\"GRAND HYATT S\u00c3O PAULO\" \/>\n<meta property=\"article:modified_time\" content=\"2025-12-01T21:54:20+00:00\" \/>\n<meta property=\"og:image\" content=\"https:\/\/www.pacoteshyatt.com.br\/sao-paulo\/wp-content\/uploads\/sites\/3\/2021\/11\/Campanha_Feijuca_308x200.png\" \/>\n\t<meta property=\"og:image:width\" content=\"308\" \/>\n\t<meta property=\"og:image:height\" content=\"200\" \/>\n\t<meta property=\"og:image:type\" content=\"image\/png\" \/>\n<meta name=\"twitter:card\" content=\"summary_large_image\" \/>\n<meta name=\"twitter:label1\" content=\"Est. tempo de leitura\" \/>\n\t<meta name=\"twitter:data1\" content=\"2 minutos\" \/>\n<script type=\"application\/ld+json\" class=\"yoast-schema-graph\">{\"@context\":\"https:\/\/schema.org\",\"@graph\":[{\"@type\":\"WebSite\",\"@id\":\"https:\/\/www.pacoteshyatt.com.br\/sao-paulo\/#website\",\"url\":\"https:\/\/www.pacoteshyatt.com.br\/sao-paulo\/\",\"name\":\"GRAND HYATT S\u00c3O PAULO\",\"description\":\"S\u00f3 mais um site Hot\u00e9is Grand Hyatt Rio de Janeiro e S\u00e3o Paulo sites\",\"potentialAction\":[{\"@type\":\"SearchAction\",\"target\":{\"@type\":\"EntryPoint\",\"urlTemplate\":\"https:\/\/www.pacoteshyatt.com.br\/sao-paulo\/?s={search_term_string}\"},\"query-input\":\"required name=search_term_string\"}],\"inLanguage\":\"pt-BR\"},{\"@type\":\"ImageObject\",\"@id\":\"https:\/\/www.pacoteshyatt.com.br\/sao-paulo\/product\/feijuca-black-week\/#primaryimage\",\"inLanguage\":\"pt-BR\",\"url\":\"https:\/\/www.pacoteshyatt.com.br\/sao-paulo\/wp-content\/uploads\/sites\/3\/2021\/11\/Campanha_Feijuca_308x200.png\",\"contentUrl\":\"https:\/\/www.pacoteshyatt.com.br\/sao-paulo\/wp-content\/uploads\/sites\/3\/2021\/11\/Campanha_Feijuca_308x200.png\",\"width\":308,\"height\":200,\"caption\":\"feijuca black\"},{\"@type\":\"WebPage\",\"@id\":\"https:\/\/www.pacoteshyatt.com.br\/sao-paulo\/product\/feijuca-black-week\/#webpage\",\"url\":\"https:\/\/www.pacoteshyatt.com.br\/sao-paulo\/product\/feijuca-black-week\/\",\"name\":\"Feijuca com Desconto Exclusivo na Black November - Hyatt S\u00e3o Paulo\",\"isPartOf\":{\"@id\":\"https:\/\/www.pacoteshyatt.com.br\/sao-paulo\/#website\"},\"primaryImageOfPage\":{\"@id\":\"https:\/\/www.pacoteshyatt.com.br\/sao-paulo\/product\/feijuca-black-week\/#primaryimage\"},\"datePublished\":\"2024-10-31T03:01:24+00:00\",\"dateModified\":\"2025-12-01T21:54:20+00:00\",\"description\":\"Aproveite a tradicional Feijuca do Hyatt S\u00e3o Paulo com descontos especiais durante a Black November. Sabor e tradi\u00e7\u00e3o em um ambiente sofisticado. Confira!\",\"breadcrumb\":{\"@id\":\"https:\/\/www.pacoteshyatt.com.br\/sao-paulo\/product\/feijuca-black-week\/#breadcrumb\"},\"inLanguage\":\"pt-BR\",\"potentialAction\":[{\"@type\":\"ReadAction\",\"target\":[\"https:\/\/www.pacoteshyatt.com.br\/sao-paulo\/product\/feijuca-black-week\/\"]}]},{\"@type\":\"BreadcrumbList\",\"@id\":\"https:\/\/www.pacoteshyatt.com.br\/sao-paulo\/product\/feijuca-black-week\/#breadcrumb\",\"itemListElement\":[{\"@type\":\"ListItem\",\"position\":1,\"name\":\"Home\",\"item\":\"https:\/\/www.pacoteshyatt.com.br\/sao-paulo\/\"},{\"@type\":\"ListItem\",\"position\":2,\"name\":\"Shop\",\"item\":\"https:\/\/www.pacoteshyatt.com.br\/sao-paulo\/shop\/\"},{\"@type\":\"ListItem\",\"position\":3,\"name\":\"FEIJUCA | BLACK NOVEMBER\"}]}]}<\/script>\n<!-- \/ Yoast SEO plugin. -->","yoast_head_json":{"title":"Feijuca com Desconto Exclusivo na Black November - Hyatt S\u00e3o Paulo","description":"Aproveite a tradicional Feijuca do Hyatt S\u00e3o Paulo com descontos especiais durante a Black November. Sabor e tradi\u00e7\u00e3o em um ambiente sofisticado. Confira!","robots":{"index":"index","follow":"follow","max-snippet":"max-snippet:-1","max-image-preview":"max-image-preview:large","max-video-preview":"max-video-preview:-1"},"canonical":"https:\/\/www.pacoteshyatt.com.br\/sao-paulo\/product\/feijuca-black-week\/","og_locale":"pt_BR","og_type":"article","og_title":"Feijuca com Desconto Exclusivo na Black November - Hyatt S\u00e3o Paulo","og_description":"Aproveite a tradicional Feijuca do Hyatt S\u00e3o Paulo com descontos especiais durante a Black November. Sabor e tradi\u00e7\u00e3o em um ambiente sofisticado. Confira!","og_url":"https:\/\/www.pacoteshyatt.com.br\/sao-paulo\/product\/feijuca-black-week\/","og_site_name":"GRAND HYATT S\u00c3O PAULO","article_modified_time":"2025-12-01T21:54:20+00:00","og_image":[{"width":308,"height":200,"url":"https:\/\/www.pacoteshyatt.com.br\/sao-paulo\/wp-content\/uploads\/sites\/3\/2021\/11\/Campanha_Feijuca_308x200.png","type":"image\/png"}],"twitter_card":"summary_large_image","twitter_misc":{"Est. tempo de leitura":"2 minutos"},"schema":{"@context":"https:\/\/schema.org","@graph":[{"@type":"WebSite","@id":"https:\/\/www.pacoteshyatt.com.br\/sao-paulo\/#website","url":"https:\/\/www.pacoteshyatt.com.br\/sao-paulo\/","name":"GRAND HYATT S\u00c3O PAULO","description":"S\u00f3 mais um site Hot\u00e9is Grand Hyatt Rio de Janeiro e S\u00e3o Paulo sites","potentialAction":[{"@type":"SearchAction","target":{"@type":"EntryPoint","urlTemplate":"https:\/\/www.pacoteshyatt.com.br\/sao-paulo\/?s={search_term_string}"},"query-input":"required name=search_term_string"}],"inLanguage":"pt-BR"},{"@type":"ImageObject","@id":"https:\/\/www.pacoteshyatt.com.br\/sao-paulo\/product\/feijuca-black-week\/#primaryimage","inLanguage":"pt-BR","url":"https:\/\/www.pacoteshyatt.com.br\/sao-paulo\/wp-content\/uploads\/sites\/3\/2021\/11\/Campanha_Feijuca_308x200.png","contentUrl":"https:\/\/www.pacoteshyatt.com.br\/sao-paulo\/wp-content\/uploads\/sites\/3\/2021\/11\/Campanha_Feijuca_308x200.png","width":308,"height":200,"caption":"feijuca black"},{"@type":"WebPage","@id":"https:\/\/www.pacoteshyatt.com.br\/sao-paulo\/product\/feijuca-black-week\/#webpage","url":"https:\/\/www.pacoteshyatt.com.br\/sao-paulo\/product\/feijuca-black-week\/","name":"Feijuca com Desconto Exclusivo na Black November - Hyatt S\u00e3o Paulo","isPartOf":{"@id":"https:\/\/www.pacoteshyatt.com.br\/sao-paulo\/#website"},"primaryImageOfPage":{"@id":"https:\/\/www.pacoteshyatt.com.br\/sao-paulo\/product\/feijuca-black-week\/#primaryimage"},"datePublished":"2024-10-31T03:01:24+00:00","dateModified":"2025-12-01T21:54:20+00:00","description":"Aproveite a tradicional Feijuca do Hyatt S\u00e3o Paulo com descontos especiais durante a Black November. Sabor e tradi\u00e7\u00e3o em um ambiente sofisticado. Confira!","breadcrumb":{"@id":"https:\/\/www.pacoteshyatt.com.br\/sao-paulo\/product\/feijuca-black-week\/#breadcrumb"},"inLanguage":"pt-BR","potentialAction":[{"@type":"ReadAction","target":["https:\/\/www.pacoteshyatt.com.br\/sao-paulo\/product\/feijuca-black-week\/"]}]},{"@type":"BreadcrumbList","@id":"https:\/\/www.pacoteshyatt.com.br\/sao-paulo\/product\/feijuca-black-week\/#breadcrumb","itemListElement":[{"@type":"ListItem","position":1,"name":"Home","item":"https:\/\/www.pacoteshyatt.com.br\/sao-paulo\/"},{"@type":"ListItem","position":2,"name":"Shop","item":"https:\/\/www.pacoteshyatt.com.br\/sao-paulo\/shop\/"},{"@type":"ListItem","position":3,"name":"FEIJUCA | BLACK NOVEMBER"}]}]}},"_links":{"self":[{"href":"https:\/\/www.pacoteshyatt.com.br\/sao-paulo\/wp-json\/wp\/v2\/product\/3935"}],"collection":[{"href":"https:\/\/www.pacoteshyatt.com.br\/sao-paulo\/wp-json\/wp\/v2\/product"}],"about":[{"href":"https:\/\/www.pacoteshyatt.com.br\/sao-paulo\/wp-json\/wp\/v2\/types\/product"}],"replies":[{"embeddable":true,"href":"https:\/\/www.pacoteshyatt.com.br\/sao-paulo\/wp-json\/wp\/v2\/comments?post=3935"}],"wp:featuredmedia":[{"embeddable":true,"href":"https:\/\/www.pacoteshyatt.com.br\/sao-paulo\/wp-json\/wp\/v2\/media\/14679"}],"wp:attachment":[{"href":"https:\/\/www.pacoteshyatt.com.br\/sao-paulo\/wp-json\/wp\/v2\/media?parent=3935"}],"wp:term":[{"taxonomy":"product_cat","embeddable":true,"href":"https:\/\/www.pacoteshyatt.com.br\/sao-paulo\/wp-json\/wp\/v2\/product_cat?post=3935"},{"taxonomy":"product_tag","embeddable":true,"href":"https:\/\/www.pacoteshyatt.com.br\/sao-paulo\/wp-json\/wp\/v2\/product_tag?post=3935"}],"curies":[{"name":"wp","href":"https:\/\/api.w.org\/{rel}","templated":true}]}}