{"id":470,"date":"2020-12-02T11:11:36","date_gmt":"2020-12-02T14:11:36","guid":{"rendered":"https:\/\/www.pacoteshyatt.com.br\/sao-paulo\/?post_type=product&#038;p=470"},"modified":"2026-03-16T09:20:22","modified_gmt":"2026-03-16T12:20:22","slug":"sunday-brunch","status":"publish","type":"product","link":"https:\/\/www.pacoteshyatt.com.br\/sao-paulo\/product\/sunday-brunch\/","title":{"rendered":"SUNDAY BRUNCH | DOMINGOS"},"content":{"rendered":"<p><em>Desfrute do nosso tradicional Sunday Brunch!<\/em><\/p>\n<h2>Local e hor\u00e1rio<\/h2>\n<p>&nbsp;<\/p>\n<p>O\u00a0<strong>Sunday Brunch<\/strong> vem com o tradicional conceito de Brunch charmoso e delicioso e acontece aos domingos a partir das 13h00, no Cittadino, restaurante do Hotel Grand Hyatt S\u00e3o Paulo.<\/p>\n<p>O Grand Hyatt S\u00e3o Paulo est\u00e1 localizado na <a href=\"https:\/\/maps.app.goo.gl\/zh4wtkX3vyMvBBw5A\" target=\"_blank\" rel=\"noopener\">Avenida das Na\u00e7\u00f5es Unidas, 13301 Morumbi, S\u00e3o Paulo, Brasil<\/a>.<\/p>\n<h2>O Buffet<\/h2>\n<p>&nbsp;<\/p>\n<p>O buffet \u00e9 composto por incr\u00edveis op\u00e7\u00f5es com frutos do mar, ostras, esta\u00e7\u00f5es gourmet e tamb\u00e9m uma variedade de pratos quentes.<\/p>\n<p>Al\u00e9m disso, os famosos itens de caf\u00e9 da manh\u00e3 que n\u00e3o poderiam faltar: muffins, waffles, panquecas com Maple Syrup, ovos Poch\u00ea e Beneditino.<\/p>\n<p>Para ado\u00e7ar a tarde, h\u00e1 uma\u00a0<strong>mesa de sobremesas<\/strong>\u00a0esperando por voc\u00ea!<\/p>\n<h2>Op\u00e7\u00f5es de Bebidas<\/h2>\n<p>&nbsp;<\/p>\n<p>Para harmonizar com a variedade de pratos, temos as op\u00e7\u00f5es de\u00a0<strong>espumante, vinho tinto e branco \u00e0 vontade.<\/strong><\/p>\n<p>Aproveite a parceria com Grey Goose Vodka e Bombay para saborear uma sele\u00e7\u00e3o de dois coquet\u00e9is cl\u00e1ssicos perfeitos para incrementar sua experi\u00eancia gastron\u00f4mica<\/p>\n<h2>A Experi\u00eancia do Brunch em S\u00e3o Paulo<\/h2>\n<p>&nbsp;<\/p>\n<p>Venha viver essa experi\u00eancia gastron\u00f4mica \u00fanica na cidade de S\u00e3o Paulo e desfrute de um ambiente singular, sofisticado e aconchegante do Grand Hyatt S\u00e3o Paulo, Hotel 5 estrelas.<\/p>\n<p><em>* Consulte-nos para condi\u00e7\u00f5es especiais para anivers\u00e1rios e comemora\u00e7\u00f5es!<\/em><\/p>\n<p><em>* Este voucher \u00e9 v\u00e1lido para 1 pessoa, e deve ser utilizado somente aos domingos* (das 13h \u00e0s 16h), com validade de 90 dias a partir da data da compra.<\/em><\/p>\n","protected":false},"excerpt":{"rendered":"<p>Desfrute do nosso tradicional Sunday Brunch! Local e hor\u00e1rio &nbsp; O\u00a0Sunday Brunch vem com o tradicional conceito de Brunch charmoso e delicioso e acontece aos domingos a partir das 13h00, no Cittadino, restaurante do Hotel Grand Hyatt S\u00e3o Paulo. O Grand Hyatt S\u00e3o Paulo est\u00e1 localizado na Avenida das Na\u00e7\u00f5es Unidas, 13301 Morumbi, S\u00e3o Paulo, [&hellip;]<\/p>\n","protected":false},"featured_media":12550,"comment_status":"open","ping_status":"closed","template":"","meta":{"_eb_attr":""},"product_cat":[84,57,27,28],"product_tag":[],"yoast_head":"<!-- This site is optimized with the Yoast SEO plugin v18.4.1 - https:\/\/yoast.com\/wordpress\/plugins\/seo\/ -->\n<title>Brunch de Domingo | Sunday Brunch - Grand Hyatt SP<\/title>\n<meta name=\"description\" content=\"O Brunch mais delicioso de S\u00e3o Paulo, com frutos do mar, esta\u00e7\u00f5es gourmet e de carnes. Espumante, vinho tinto e branco \u00e0 vontade. Viva essa experi\u00eancia:\" \/>\n<meta name=\"robots\" content=\"index, follow, max-snippet:-1, max-image-preview:large, max-video-preview:-1\" \/>\n<link rel=\"canonical\" href=\"https:\/\/www.pacoteshyatt.com.br\/sao-paulo\/product\/sunday-brunch\/\" \/>\n<meta property=\"og:locale\" content=\"pt_BR\" \/>\n<meta property=\"og:type\" content=\"article\" \/>\n<meta property=\"og:title\" content=\"Brunch de Domingo | Sunday Brunch - Grand Hyatt SP\" \/>\n<meta property=\"og:description\" content=\"O Brunch mais delicioso de S\u00e3o Paulo, com frutos do mar, esta\u00e7\u00f5es gourmet e de carnes. Espumante, vinho tinto e branco \u00e0 vontade. Viva essa experi\u00eancia:\" \/>\n<meta property=\"og:url\" content=\"https:\/\/www.pacoteshyatt.com.br\/sao-paulo\/product\/sunday-brunch\/\" \/>\n<meta property=\"og:site_name\" content=\"GRAND HYATT S\u00c3O PAULO\" \/>\n<meta property=\"article:modified_time\" content=\"2026-03-16T12:20:22+00:00\" \/>\n<meta property=\"og:image\" content=\"https:\/\/www.pacoteshyatt.com.br\/sao-paulo\/wp-content\/uploads\/sites\/3\/2020\/12\/GHSP_SundayBrunch_Banner_308x200px_v2C.png\" \/>\n\t<meta property=\"og:image:width\" content=\"308\" \/>\n\t<meta property=\"og:image:height\" content=\"200\" \/>\n\t<meta property=\"og:image:type\" content=\"image\/png\" \/>\n<meta name=\"twitter:card\" content=\"summary_large_image\" \/>\n<meta name=\"twitter:label1\" content=\"Est. tempo de leitura\" \/>\n\t<meta name=\"twitter:data1\" content=\"2 minutos\" \/>\n<script type=\"application\/ld+json\" class=\"yoast-schema-graph\">{\"@context\":\"https:\/\/schema.org\",\"@graph\":[{\"@type\":\"WebSite\",\"@id\":\"https:\/\/www.pacoteshyatt.com.br\/sao-paulo\/#website\",\"url\":\"https:\/\/www.pacoteshyatt.com.br\/sao-paulo\/\",\"name\":\"GRAND HYATT S\u00c3O PAULO\",\"description\":\"S\u00f3 mais um site Hot\u00e9is Grand Hyatt Rio de Janeiro e S\u00e3o Paulo sites\",\"potentialAction\":[{\"@type\":\"SearchAction\",\"target\":{\"@type\":\"EntryPoint\",\"urlTemplate\":\"https:\/\/www.pacoteshyatt.com.br\/sao-paulo\/?s={search_term_string}\"},\"query-input\":\"required name=search_term_string\"}],\"inLanguage\":\"pt-BR\"},{\"@type\":\"ImageObject\",\"@id\":\"https:\/\/www.pacoteshyatt.com.br\/sao-paulo\/product\/sunday-brunch\/#primaryimage\",\"inLanguage\":\"pt-BR\",\"url\":\"https:\/\/www.pacoteshyatt.com.br\/sao-paulo\/wp-content\/uploads\/sites\/3\/2020\/12\/GHSP_SundayBrunch_Banner_308x200px_v2C.png\",\"contentUrl\":\"https:\/\/www.pacoteshyatt.com.br\/sao-paulo\/wp-content\/uploads\/sites\/3\/2020\/12\/GHSP_SundayBrunch_Banner_308x200px_v2C.png\",\"width\":308,\"height\":200,\"caption\":\"Brunch de domingo Grand Hyatt S\u00e3o Paulo\"},{\"@type\":\"WebPage\",\"@id\":\"https:\/\/www.pacoteshyatt.com.br\/sao-paulo\/product\/sunday-brunch\/#webpage\",\"url\":\"https:\/\/www.pacoteshyatt.com.br\/sao-paulo\/product\/sunday-brunch\/\",\"name\":\"Brunch de Domingo | Sunday Brunch - Grand Hyatt SP\",\"isPartOf\":{\"@id\":\"https:\/\/www.pacoteshyatt.com.br\/sao-paulo\/#website\"},\"primaryImageOfPage\":{\"@id\":\"https:\/\/www.pacoteshyatt.com.br\/sao-paulo\/product\/sunday-brunch\/#primaryimage\"},\"datePublished\":\"2020-12-02T14:11:36+00:00\",\"dateModified\":\"2026-03-16T12:20:22+00:00\",\"description\":\"O Brunch mais delicioso de S\u00e3o Paulo, com frutos do mar, esta\u00e7\u00f5es gourmet e de carnes. Espumante, vinho tinto e branco \u00e0 vontade. Viva essa experi\u00eancia:\",\"breadcrumb\":{\"@id\":\"https:\/\/www.pacoteshyatt.com.br\/sao-paulo\/product\/sunday-brunch\/#breadcrumb\"},\"inLanguage\":\"pt-BR\",\"potentialAction\":[{\"@type\":\"ReadAction\",\"target\":[\"https:\/\/www.pacoteshyatt.com.br\/sao-paulo\/product\/sunday-brunch\/\"]}]},{\"@type\":\"BreadcrumbList\",\"@id\":\"https:\/\/www.pacoteshyatt.com.br\/sao-paulo\/product\/sunday-brunch\/#breadcrumb\",\"itemListElement\":[{\"@type\":\"ListItem\",\"position\":1,\"name\":\"Home\",\"item\":\"https:\/\/www.pacoteshyatt.com.br\/sao-paulo\/\"},{\"@type\":\"ListItem\",\"position\":2,\"name\":\"Shop\",\"item\":\"https:\/\/www.pacoteshyatt.com.br\/sao-paulo\/shop\/\"},{\"@type\":\"ListItem\",\"position\":3,\"name\":\"SUNDAY BRUNCH | DOMINGOS\"}]}]}<\/script>\n<!-- \/ Yoast SEO plugin. -->","yoast_head_json":{"title":"Brunch de Domingo | Sunday Brunch - Grand Hyatt SP","description":"O Brunch mais delicioso de S\u00e3o Paulo, com frutos do mar, esta\u00e7\u00f5es gourmet e de carnes. Espumante, vinho tinto e branco \u00e0 vontade. Viva essa experi\u00eancia:","robots":{"index":"index","follow":"follow","max-snippet":"max-snippet:-1","max-image-preview":"max-image-preview:large","max-video-preview":"max-video-preview:-1"},"canonical":"https:\/\/www.pacoteshyatt.com.br\/sao-paulo\/product\/sunday-brunch\/","og_locale":"pt_BR","og_type":"article","og_title":"Brunch de Domingo | Sunday Brunch - Grand Hyatt SP","og_description":"O Brunch mais delicioso de S\u00e3o Paulo, com frutos do mar, esta\u00e7\u00f5es gourmet e de carnes. Espumante, vinho tinto e branco \u00e0 vontade. Viva essa experi\u00eancia:","og_url":"https:\/\/www.pacoteshyatt.com.br\/sao-paulo\/product\/sunday-brunch\/","og_site_name":"GRAND HYATT S\u00c3O PAULO","article_modified_time":"2026-03-16T12:20:22+00:00","og_image":[{"width":308,"height":200,"url":"https:\/\/www.pacoteshyatt.com.br\/sao-paulo\/wp-content\/uploads\/sites\/3\/2020\/12\/GHSP_SundayBrunch_Banner_308x200px_v2C.png","type":"image\/png"}],"twitter_card":"summary_large_image","twitter_misc":{"Est. tempo de leitura":"2 minutos"},"schema":{"@context":"https:\/\/schema.org","@graph":[{"@type":"WebSite","@id":"https:\/\/www.pacoteshyatt.com.br\/sao-paulo\/#website","url":"https:\/\/www.pacoteshyatt.com.br\/sao-paulo\/","name":"GRAND HYATT S\u00c3O PAULO","description":"S\u00f3 mais um site Hot\u00e9is Grand Hyatt Rio de Janeiro e S\u00e3o Paulo sites","potentialAction":[{"@type":"SearchAction","target":{"@type":"EntryPoint","urlTemplate":"https:\/\/www.pacoteshyatt.com.br\/sao-paulo\/?s={search_term_string}"},"query-input":"required name=search_term_string"}],"inLanguage":"pt-BR"},{"@type":"ImageObject","@id":"https:\/\/www.pacoteshyatt.com.br\/sao-paulo\/product\/sunday-brunch\/#primaryimage","inLanguage":"pt-BR","url":"https:\/\/www.pacoteshyatt.com.br\/sao-paulo\/wp-content\/uploads\/sites\/3\/2020\/12\/GHSP_SundayBrunch_Banner_308x200px_v2C.png","contentUrl":"https:\/\/www.pacoteshyatt.com.br\/sao-paulo\/wp-content\/uploads\/sites\/3\/2020\/12\/GHSP_SundayBrunch_Banner_308x200px_v2C.png","width":308,"height":200,"caption":"Brunch de domingo Grand Hyatt S\u00e3o Paulo"},{"@type":"WebPage","@id":"https:\/\/www.pacoteshyatt.com.br\/sao-paulo\/product\/sunday-brunch\/#webpage","url":"https:\/\/www.pacoteshyatt.com.br\/sao-paulo\/product\/sunday-brunch\/","name":"Brunch de Domingo | Sunday Brunch - Grand Hyatt SP","isPartOf":{"@id":"https:\/\/www.pacoteshyatt.com.br\/sao-paulo\/#website"},"primaryImageOfPage":{"@id":"https:\/\/www.pacoteshyatt.com.br\/sao-paulo\/product\/sunday-brunch\/#primaryimage"},"datePublished":"2020-12-02T14:11:36+00:00","dateModified":"2026-03-16T12:20:22+00:00","description":"O Brunch mais delicioso de S\u00e3o Paulo, com frutos do mar, esta\u00e7\u00f5es gourmet e de carnes. Espumante, vinho tinto e branco \u00e0 vontade. Viva essa experi\u00eancia:","breadcrumb":{"@id":"https:\/\/www.pacoteshyatt.com.br\/sao-paulo\/product\/sunday-brunch\/#breadcrumb"},"inLanguage":"pt-BR","potentialAction":[{"@type":"ReadAction","target":["https:\/\/www.pacoteshyatt.com.br\/sao-paulo\/product\/sunday-brunch\/"]}]},{"@type":"BreadcrumbList","@id":"https:\/\/www.pacoteshyatt.com.br\/sao-paulo\/product\/sunday-brunch\/#breadcrumb","itemListElement":[{"@type":"ListItem","position":1,"name":"Home","item":"https:\/\/www.pacoteshyatt.com.br\/sao-paulo\/"},{"@type":"ListItem","position":2,"name":"Shop","item":"https:\/\/www.pacoteshyatt.com.br\/sao-paulo\/shop\/"},{"@type":"ListItem","position":3,"name":"SUNDAY BRUNCH | DOMINGOS"}]}]}},"_links":{"self":[{"href":"https:\/\/www.pacoteshyatt.com.br\/sao-paulo\/wp-json\/wp\/v2\/product\/470"}],"collection":[{"href":"https:\/\/www.pacoteshyatt.com.br\/sao-paulo\/wp-json\/wp\/v2\/product"}],"about":[{"href":"https:\/\/www.pacoteshyatt.com.br\/sao-paulo\/wp-json\/wp\/v2\/types\/product"}],"replies":[{"embeddable":true,"href":"https:\/\/www.pacoteshyatt.com.br\/sao-paulo\/wp-json\/wp\/v2\/comments?post=470"}],"wp:featuredmedia":[{"embeddable":true,"href":"https:\/\/www.pacoteshyatt.com.br\/sao-paulo\/wp-json\/wp\/v2\/media\/12550"}],"wp:attachment":[{"href":"https:\/\/www.pacoteshyatt.com.br\/sao-paulo\/wp-json\/wp\/v2\/media?parent=470"}],"wp:term":[{"taxonomy":"product_cat","embeddable":true,"href":"https:\/\/www.pacoteshyatt.com.br\/sao-paulo\/wp-json\/wp\/v2\/product_cat?post=470"},{"taxonomy":"product_tag","embeddable":true,"href":"https:\/\/www.pacoteshyatt.com.br\/sao-paulo\/wp-json\/wp\/v2\/product_tag?post=470"}],"curies":[{"name":"wp","href":"https:\/\/api.w.org\/{rel}","templated":true}]}}