{"id":480,"date":"2020-12-02T11:26:59","date_gmt":"2020-12-02T14:26:59","guid":{"rendered":"https:\/\/www.pacoteshyatt.com.br\/sao-paulo\/?post_type=product&#038;p=480"},"modified":"2026-04-29T18:07:12","modified_gmt":"2026-04-29T21:07:12","slug":"grand-chefs","status":"publish","type":"product","link":"https:\/\/www.pacoteshyatt.com.br\/sao-paulo\/product\/grand-chefs\/","title":{"rendered":"09\/05 | GRAND CHEFS &#8211; JOJO RAMEN"},"content":{"rendered":"<div>\n<p>O Grand Hyatt S\u00e3o Paulo tem o prazer de apresentar uma nova edi\u00e7\u00e3o do <strong>Grand Chefs<\/strong>, desta vez celebrando a excel\u00eancia da gastronomia japonesa contempor\u00e2nea e o encontro entre tradi\u00e7\u00e3o e t\u00e9cnica.<\/p>\n<p>Nesta noite especial, o <strong>Kinu Sushi Bar<\/strong> recebe <strong>Takeshi Koitani<\/strong>, renomado <em>Ramen Master<\/em> do Jap\u00e3o e criador das receitas do <strong>Jojo Ramen<\/strong>. Ao lado do chef <strong>Nelson Tanaka<\/strong>, Takeshi assina um <strong>menu exclusivo de sete tempos<\/strong>, criado a quatro m\u00e3os, que traduz a precis\u00e3o da culin\u00e1ria japonesa e a sensibilidade autoral de dois grandes nomes da cena gastron\u00f4mica.<\/p>\n<p>A experi\u00eancia inicia \u00e0s <strong>20h <\/strong>e convida o p\u00fablico a explorar sabores em uma narrativa gastron\u00f4mica que valoriza identidade e interc\u00e2mbio cultural.<\/p>\n<p>O menu pode ser experienciado tamb\u00e9m em vers\u00e3o harmonizada com uma <strong>sele\u00e7\u00e3o especial de saqu\u00eas<\/strong>, conduzida por <strong>Yasmin Yonashiro<\/strong>, elevando a experi\u00eancia sensorial da noite.<\/p>\n<p>Para dar as boas-vindas, os participantes do Grand Chefs ser\u00e3o recebidos com um <strong>welcome drink exclusivo<\/strong> no <strong>Vena Cosmopolitan Bar<\/strong>, que tamb\u00e9m promove uma noite de <strong>Guest Bartender<\/strong>, recebendo <strong>Akira Nakazato<\/strong> e <strong>Satoshi Sugiura<\/strong> para uma apresenta\u00e7\u00e3o especial de alta coquetelaria.<\/p>\n<p>Uma noite que celebra a conviv\u00eancia entre cozinhas, culturas e talentos excepcionais, em uma experi\u00eancia \u00fanica no cen\u00e1rio da alta gastronomia em S\u00e3o Paulo.<\/p>\n<p><strong>Reserve e viva essa experi\u00eancia.<\/strong><\/p>\n<\/div>\n<section id=\"produto-descricao\">\n<dl class=\"lista-itens\">\n<dt class=\"fechado\"><\/dt>\n<\/dl>\n<\/section>\n","protected":false},"excerpt":{"rendered":"<p>O Grand Hyatt S\u00e3o Paulo tem o prazer de apresentar uma nova edi\u00e7\u00e3o do Grand Chefs, desta vez celebrando a excel\u00eancia da gastronomia japonesa contempor\u00e2nea e o encontro entre tradi\u00e7\u00e3o e t\u00e9cnica. Nesta noite especial, o Kinu Sushi Bar recebe Takeshi Koitani, renomado Ramen Master do Jap\u00e3o e criador das receitas do Jojo Ramen. Ao [&hellip;]<\/p>\n","protected":false},"featured_media":21810,"comment_status":"open","ping_status":"closed","template":"","meta":{"_eb_attr":""},"product_cat":[57,66,65,27,28],"product_tag":[],"yoast_head":"<!-- This site is optimized with the Yoast SEO plugin v18.4.1 - https:\/\/yoast.com\/wordpress\/plugins\/seo\/ -->\n<title>Grand Chefs: Jantar Exclusivo no Grand Hyatt S\u00e3o Paulo<\/title>\n<meta name=\"description\" content=\"Participe do Grand Chefs no Grand Hyatt S\u00e3o Paulo, um jantar exclusivo com chefs renomados, menu especial e harmoniza\u00e7\u00e3o de bebidas. Reserve j\u00e1!\" \/>\n<meta name=\"robots\" content=\"index, follow, max-snippet:-1, max-image-preview:large, max-video-preview:-1\" \/>\n<link rel=\"canonical\" href=\"https:\/\/www.pacoteshyatt.com.br\/sao-paulo\/product\/grand-chefs\/\" \/>\n<meta property=\"og:locale\" content=\"pt_BR\" \/>\n<meta property=\"og:type\" content=\"article\" \/>\n<meta property=\"og:title\" content=\"Grand Chefs: Jantar Exclusivo no Grand Hyatt S\u00e3o Paulo\" \/>\n<meta property=\"og:description\" content=\"Participe do Grand Chefs no Grand Hyatt S\u00e3o Paulo, um jantar exclusivo com chefs renomados, menu especial e harmoniza\u00e7\u00e3o de bebidas. Reserve j\u00e1!\" \/>\n<meta property=\"og:url\" content=\"https:\/\/www.pacoteshyatt.com.br\/sao-paulo\/product\/grand-chefs\/\" \/>\n<meta property=\"og:site_name\" content=\"GRAND HYATT S\u00c3O PAULO\" \/>\n<meta property=\"article:modified_time\" content=\"2026-04-29T21:07:12+00:00\" \/>\n<meta property=\"og:image\" content=\"https:\/\/www.pacoteshyatt.com.br\/sao-paulo\/wp-content\/uploads\/sites\/3\/2020\/12\/GHSP_GrandChefs_Maio_BannerDestaques_308x200px_v1.png\" \/>\n\t<meta property=\"og:image:width\" content=\"308\" \/>\n\t<meta property=\"og:image:height\" content=\"200\" \/>\n\t<meta property=\"og:image:type\" content=\"image\/png\" \/>\n<meta name=\"twitter:card\" content=\"summary_large_image\" \/>\n<meta name=\"twitter:label1\" content=\"Est. tempo de leitura\" \/>\n\t<meta name=\"twitter:data1\" content=\"2 minutos\" \/>\n<script type=\"application\/ld+json\" class=\"yoast-schema-graph\">{\"@context\":\"https:\/\/schema.org\",\"@graph\":[{\"@type\":\"WebSite\",\"@id\":\"https:\/\/www.pacoteshyatt.com.br\/sao-paulo\/#website\",\"url\":\"https:\/\/www.pacoteshyatt.com.br\/sao-paulo\/\",\"name\":\"GRAND HYATT S\u00c3O PAULO\",\"description\":\"S\u00f3 mais um site Hot\u00e9is Grand Hyatt Rio de Janeiro e S\u00e3o Paulo sites\",\"potentialAction\":[{\"@type\":\"SearchAction\",\"target\":{\"@type\":\"EntryPoint\",\"urlTemplate\":\"https:\/\/www.pacoteshyatt.com.br\/sao-paulo\/?s={search_term_string}\"},\"query-input\":\"required name=search_term_string\"}],\"inLanguage\":\"pt-BR\"},{\"@type\":\"ImageObject\",\"@id\":\"https:\/\/www.pacoteshyatt.com.br\/sao-paulo\/product\/grand-chefs\/#primaryimage\",\"inLanguage\":\"pt-BR\",\"url\":\"https:\/\/www.pacoteshyatt.com.br\/sao-paulo\/wp-content\/uploads\/sites\/3\/2020\/12\/GHSP_GrandChefs_Maio_BannerDestaques_308x200px_v1.png\",\"contentUrl\":\"https:\/\/www.pacoteshyatt.com.br\/sao-paulo\/wp-content\/uploads\/sites\/3\/2020\/12\/GHSP_GrandChefs_Maio_BannerDestaques_308x200px_v1.png\",\"width\":308,\"height\":200},{\"@type\":\"WebPage\",\"@id\":\"https:\/\/www.pacoteshyatt.com.br\/sao-paulo\/product\/grand-chefs\/#webpage\",\"url\":\"https:\/\/www.pacoteshyatt.com.br\/sao-paulo\/product\/grand-chefs\/\",\"name\":\"Grand Chefs: Jantar Exclusivo no Grand Hyatt S\u00e3o Paulo\",\"isPartOf\":{\"@id\":\"https:\/\/www.pacoteshyatt.com.br\/sao-paulo\/#website\"},\"primaryImageOfPage\":{\"@id\":\"https:\/\/www.pacoteshyatt.com.br\/sao-paulo\/product\/grand-chefs\/#primaryimage\"},\"datePublished\":\"2020-12-02T14:26:59+00:00\",\"dateModified\":\"2026-04-29T21:07:12+00:00\",\"description\":\"Participe do Grand Chefs no Grand Hyatt S\u00e3o Paulo, um jantar exclusivo com chefs renomados, menu especial e harmoniza\u00e7\u00e3o de bebidas. Reserve j\u00e1!\",\"breadcrumb\":{\"@id\":\"https:\/\/www.pacoteshyatt.com.br\/sao-paulo\/product\/grand-chefs\/#breadcrumb\"},\"inLanguage\":\"pt-BR\",\"potentialAction\":[{\"@type\":\"ReadAction\",\"target\":[\"https:\/\/www.pacoteshyatt.com.br\/sao-paulo\/product\/grand-chefs\/\"]}]},{\"@type\":\"BreadcrumbList\",\"@id\":\"https:\/\/www.pacoteshyatt.com.br\/sao-paulo\/product\/grand-chefs\/#breadcrumb\",\"itemListElement\":[{\"@type\":\"ListItem\",\"position\":1,\"name\":\"Home\",\"item\":\"https:\/\/www.pacoteshyatt.com.br\/sao-paulo\/\"},{\"@type\":\"ListItem\",\"position\":2,\"name\":\"Shop\",\"item\":\"https:\/\/www.pacoteshyatt.com.br\/sao-paulo\/shop\/\"},{\"@type\":\"ListItem\",\"position\":3,\"name\":\"09\/05 | GRAND CHEFS &#8211; JOJO RAMEN\"}]}]}<\/script>\n<!-- \/ Yoast SEO plugin. -->","yoast_head_json":{"title":"Grand Chefs: Jantar Exclusivo no Grand Hyatt S\u00e3o Paulo","description":"Participe do Grand Chefs no Grand Hyatt S\u00e3o Paulo, um jantar exclusivo com chefs renomados, menu especial e harmoniza\u00e7\u00e3o de bebidas. Reserve j\u00e1!","robots":{"index":"index","follow":"follow","max-snippet":"max-snippet:-1","max-image-preview":"max-image-preview:large","max-video-preview":"max-video-preview:-1"},"canonical":"https:\/\/www.pacoteshyatt.com.br\/sao-paulo\/product\/grand-chefs\/","og_locale":"pt_BR","og_type":"article","og_title":"Grand Chefs: Jantar Exclusivo no Grand Hyatt S\u00e3o Paulo","og_description":"Participe do Grand Chefs no Grand Hyatt S\u00e3o Paulo, um jantar exclusivo com chefs renomados, menu especial e harmoniza\u00e7\u00e3o de bebidas. Reserve j\u00e1!","og_url":"https:\/\/www.pacoteshyatt.com.br\/sao-paulo\/product\/grand-chefs\/","og_site_name":"GRAND HYATT S\u00c3O PAULO","article_modified_time":"2026-04-29T21:07:12+00:00","og_image":[{"width":308,"height":200,"url":"https:\/\/www.pacoteshyatt.com.br\/sao-paulo\/wp-content\/uploads\/sites\/3\/2020\/12\/GHSP_GrandChefs_Maio_BannerDestaques_308x200px_v1.png","type":"image\/png"}],"twitter_card":"summary_large_image","twitter_misc":{"Est. tempo de leitura":"2 minutos"},"schema":{"@context":"https:\/\/schema.org","@graph":[{"@type":"WebSite","@id":"https:\/\/www.pacoteshyatt.com.br\/sao-paulo\/#website","url":"https:\/\/www.pacoteshyatt.com.br\/sao-paulo\/","name":"GRAND HYATT S\u00c3O PAULO","description":"S\u00f3 mais um site Hot\u00e9is Grand Hyatt Rio de Janeiro e S\u00e3o Paulo sites","potentialAction":[{"@type":"SearchAction","target":{"@type":"EntryPoint","urlTemplate":"https:\/\/www.pacoteshyatt.com.br\/sao-paulo\/?s={search_term_string}"},"query-input":"required name=search_term_string"}],"inLanguage":"pt-BR"},{"@type":"ImageObject","@id":"https:\/\/www.pacoteshyatt.com.br\/sao-paulo\/product\/grand-chefs\/#primaryimage","inLanguage":"pt-BR","url":"https:\/\/www.pacoteshyatt.com.br\/sao-paulo\/wp-content\/uploads\/sites\/3\/2020\/12\/GHSP_GrandChefs_Maio_BannerDestaques_308x200px_v1.png","contentUrl":"https:\/\/www.pacoteshyatt.com.br\/sao-paulo\/wp-content\/uploads\/sites\/3\/2020\/12\/GHSP_GrandChefs_Maio_BannerDestaques_308x200px_v1.png","width":308,"height":200},{"@type":"WebPage","@id":"https:\/\/www.pacoteshyatt.com.br\/sao-paulo\/product\/grand-chefs\/#webpage","url":"https:\/\/www.pacoteshyatt.com.br\/sao-paulo\/product\/grand-chefs\/","name":"Grand Chefs: Jantar Exclusivo no Grand Hyatt S\u00e3o Paulo","isPartOf":{"@id":"https:\/\/www.pacoteshyatt.com.br\/sao-paulo\/#website"},"primaryImageOfPage":{"@id":"https:\/\/www.pacoteshyatt.com.br\/sao-paulo\/product\/grand-chefs\/#primaryimage"},"datePublished":"2020-12-02T14:26:59+00:00","dateModified":"2026-04-29T21:07:12+00:00","description":"Participe do Grand Chefs no Grand Hyatt S\u00e3o Paulo, um jantar exclusivo com chefs renomados, menu especial e harmoniza\u00e7\u00e3o de bebidas. Reserve j\u00e1!","breadcrumb":{"@id":"https:\/\/www.pacoteshyatt.com.br\/sao-paulo\/product\/grand-chefs\/#breadcrumb"},"inLanguage":"pt-BR","potentialAction":[{"@type":"ReadAction","target":["https:\/\/www.pacoteshyatt.com.br\/sao-paulo\/product\/grand-chefs\/"]}]},{"@type":"BreadcrumbList","@id":"https:\/\/www.pacoteshyatt.com.br\/sao-paulo\/product\/grand-chefs\/#breadcrumb","itemListElement":[{"@type":"ListItem","position":1,"name":"Home","item":"https:\/\/www.pacoteshyatt.com.br\/sao-paulo\/"},{"@type":"ListItem","position":2,"name":"Shop","item":"https:\/\/www.pacoteshyatt.com.br\/sao-paulo\/shop\/"},{"@type":"ListItem","position":3,"name":"09\/05 | GRAND CHEFS &#8211; JOJO RAMEN"}]}]}},"_links":{"self":[{"href":"https:\/\/www.pacoteshyatt.com.br\/sao-paulo\/wp-json\/wp\/v2\/product\/480"}],"collection":[{"href":"https:\/\/www.pacoteshyatt.com.br\/sao-paulo\/wp-json\/wp\/v2\/product"}],"about":[{"href":"https:\/\/www.pacoteshyatt.com.br\/sao-paulo\/wp-json\/wp\/v2\/types\/product"}],"replies":[{"embeddable":true,"href":"https:\/\/www.pacoteshyatt.com.br\/sao-paulo\/wp-json\/wp\/v2\/comments?post=480"}],"wp:featuredmedia":[{"embeddable":true,"href":"https:\/\/www.pacoteshyatt.com.br\/sao-paulo\/wp-json\/wp\/v2\/media\/21810"}],"wp:attachment":[{"href":"https:\/\/www.pacoteshyatt.com.br\/sao-paulo\/wp-json\/wp\/v2\/media?parent=480"}],"wp:term":[{"taxonomy":"product_cat","embeddable":true,"href":"https:\/\/www.pacoteshyatt.com.br\/sao-paulo\/wp-json\/wp\/v2\/product_cat?post=480"},{"taxonomy":"product_tag","embeddable":true,"href":"https:\/\/www.pacoteshyatt.com.br\/sao-paulo\/wp-json\/wp\/v2\/product_tag?post=480"}],"curies":[{"name":"wp","href":"https:\/\/api.w.org\/{rel}","templated":true}]}}