{"id":5470,"date":"2022-03-03T18:46:24","date_gmt":"2022-03-03T21:46:24","guid":{"rendered":"https:\/\/www.pacoteshyatt.com.br\/sao-paulo\/?post_type=product&#038;p=5470"},"modified":"2026-04-06T09:28:58","modified_gmt":"2026-04-06T12:28:58","slug":"almoco-de-pascoa","status":"publish","type":"product","link":"https:\/\/www.pacoteshyatt.com.br\/sao-paulo\/product\/almoco-de-pascoa\/","title":{"rendered":"05\/04 &#8211; ALMO\u00c7O DE P\u00c1SCOA"},"content":{"rendered":"<p><strong>Almo\u00e7o de P\u00e1scoa do Restaurante Citadino<\/strong> &#8211; Grand Hyatt S\u00e3o Paulo<\/p>\n<p>Celebre a P\u00e1scoa com um almo\u00e7o tradicional repleto de sabores que marcam a data. No domingo, <strong>5 de abril, das 13h \u00e0s 16h<\/strong>, o <strong>Cittadino do Grand Hyatt S\u00e3o Paulo<\/strong> recebe voc\u00ea e sua fam\u00edlia para uma experi\u00eancia acolhedora com pratos t\u00edpicos preparados especialmente para a ocasi\u00e3o.<\/p>\n<div>\n<p>Pensado para todas as idades, o ambiente \u00e9 perfeito para aproveitar o feriado com tranquilidade. As crian\u00e7as contam com atra\u00e7\u00f5es dedicadas a elas, enquanto os adultos desfrutam de uma sele\u00e7\u00e3o de pratos especiais. Para completar, uma mesa de sobremesas tem\u00e1ticas de P\u00e1scoa, com chocolates e doces exclusivos, torna o momento ainda mais doce.<\/p>\n<p>Viva a P\u00e1scoa com sabor, fam\u00edlia e tradi\u00e7\u00e3o.<\/p>\n<\/div>\n<p>Reserve j\u00e1 o seu <strong>almo\u00e7o de p\u00e1scoa<\/strong> pois as vagas s\u00e3o limitadas!<\/p>\n<p><strong>*O Almo\u00e7o de P\u00e1scoa est\u00e1 esgotado. Para Maiores informa\u00e7\u00f5es, entre em contato com o Whatsapp: 11 99464-4694<\/strong><\/p>\n","protected":false},"excerpt":{"rendered":"<p>Almo\u00e7o de P\u00e1scoa do Restaurante Citadino &#8211; Grand Hyatt S\u00e3o Paulo Celebre a P\u00e1scoa com um almo\u00e7o tradicional repleto de sabores que marcam a data. No domingo, 5 de abril, das 13h \u00e0s 16h, o Cittadino do Grand Hyatt S\u00e3o Paulo recebe voc\u00ea e sua fam\u00edlia para uma experi\u00eancia acolhedora com pratos t\u00edpicos preparados especialmente [&hellip;]<\/p>\n","protected":false},"featured_media":21391,"comment_status":"open","ping_status":"closed","template":"","meta":{"_eb_attr":""},"product_cat":[57,62,40,27,28],"product_tag":[],"yoast_head":"<!-- This site is optimized with the Yoast SEO plugin v18.4.1 - https:\/\/yoast.com\/wordpress\/plugins\/seo\/ -->\n<title>Almo\u00e7o de P\u00e1scoa: Restaurante Citadino - Grand Hyatt SP<\/title>\n<meta name=\"description\" content=\"Viva a P\u00e1scoa com estilo Hyatt S\u00e3o Paulo! Desfrute de um almo\u00e7o de p\u00e1scoa exclusivo ao estilo Brunch, com card\u00e1pio cuidadosamente elaborado. Vouchers aqui:\" \/>\n<meta name=\"robots\" content=\"index, follow, max-snippet:-1, max-image-preview:large, max-video-preview:-1\" \/>\n<link rel=\"canonical\" href=\"https:\/\/www.pacoteshyatt.com.br\/sao-paulo\/product\/almoco-de-pascoa\/\" \/>\n<meta property=\"og:locale\" content=\"pt_BR\" \/>\n<meta property=\"og:type\" content=\"article\" \/>\n<meta property=\"og:title\" content=\"Almo\u00e7o de P\u00e1scoa: Restaurante Citadino - Grand Hyatt SP\" \/>\n<meta property=\"og:description\" content=\"Viva a P\u00e1scoa com estilo Hyatt S\u00e3o Paulo! Desfrute de um almo\u00e7o de p\u00e1scoa exclusivo ao estilo Brunch, com card\u00e1pio cuidadosamente elaborado. Vouchers aqui:\" \/>\n<meta property=\"og:url\" content=\"https:\/\/www.pacoteshyatt.com.br\/sao-paulo\/product\/almoco-de-pascoa\/\" \/>\n<meta property=\"og:site_name\" content=\"GRAND HYATT S\u00c3O PAULO\" \/>\n<meta property=\"article:modified_time\" content=\"2026-04-06T12:28:58+00:00\" \/>\n<meta property=\"og:image\" content=\"https:\/\/www.pacoteshyatt.com.br\/sao-paulo\/wp-content\/uploads\/sites\/3\/2022\/03\/GHSP_AlmocoDePascoa_2026_Banner_308x200px_v1-1-1.png\" \/>\n\t<meta property=\"og:image:width\" content=\"308\" \/>\n\t<meta property=\"og:image:height\" content=\"200\" \/>\n\t<meta property=\"og:image:type\" content=\"image\/png\" \/>\n<meta name=\"twitter:card\" content=\"summary_large_image\" \/>\n<meta name=\"twitter:label1\" content=\"Est. tempo de leitura\" \/>\n\t<meta name=\"twitter:data1\" content=\"1 minuto\" \/>\n<script type=\"application\/ld+json\" class=\"yoast-schema-graph\">{\"@context\":\"https:\/\/schema.org\",\"@graph\":[{\"@type\":\"WebSite\",\"@id\":\"https:\/\/www.pacoteshyatt.com.br\/sao-paulo\/#website\",\"url\":\"https:\/\/www.pacoteshyatt.com.br\/sao-paulo\/\",\"name\":\"GRAND HYATT S\u00c3O PAULO\",\"description\":\"S\u00f3 mais um site Hot\u00e9is Grand Hyatt Rio de Janeiro e S\u00e3o Paulo sites\",\"potentialAction\":[{\"@type\":\"SearchAction\",\"target\":{\"@type\":\"EntryPoint\",\"urlTemplate\":\"https:\/\/www.pacoteshyatt.com.br\/sao-paulo\/?s={search_term_string}\"},\"query-input\":\"required name=search_term_string\"}],\"inLanguage\":\"pt-BR\"},{\"@type\":\"ImageObject\",\"@id\":\"https:\/\/www.pacoteshyatt.com.br\/sao-paulo\/product\/almoco-de-pascoa\/#primaryimage\",\"inLanguage\":\"pt-BR\",\"url\":\"https:\/\/www.pacoteshyatt.com.br\/sao-paulo\/wp-content\/uploads\/sites\/3\/2022\/03\/GHSP_AlmocoDePascoa_2026_Banner_308x200px_v1-1-1.png\",\"contentUrl\":\"https:\/\/www.pacoteshyatt.com.br\/sao-paulo\/wp-content\/uploads\/sites\/3\/2022\/03\/GHSP_AlmocoDePascoa_2026_Banner_308x200px_v1-1-1.png\",\"width\":308,\"height\":200},{\"@type\":\"WebPage\",\"@id\":\"https:\/\/www.pacoteshyatt.com.br\/sao-paulo\/product\/almoco-de-pascoa\/#webpage\",\"url\":\"https:\/\/www.pacoteshyatt.com.br\/sao-paulo\/product\/almoco-de-pascoa\/\",\"name\":\"Almo\u00e7o de P\u00e1scoa: Restaurante Citadino - Grand Hyatt SP\",\"isPartOf\":{\"@id\":\"https:\/\/www.pacoteshyatt.com.br\/sao-paulo\/#website\"},\"primaryImageOfPage\":{\"@id\":\"https:\/\/www.pacoteshyatt.com.br\/sao-paulo\/product\/almoco-de-pascoa\/#primaryimage\"},\"datePublished\":\"2022-03-03T21:46:24+00:00\",\"dateModified\":\"2026-04-06T12:28:58+00:00\",\"description\":\"Viva a P\u00e1scoa com estilo Hyatt S\u00e3o Paulo! Desfrute de um almo\u00e7o de p\u00e1scoa exclusivo ao estilo Brunch, com card\u00e1pio cuidadosamente elaborado. Vouchers aqui:\",\"breadcrumb\":{\"@id\":\"https:\/\/www.pacoteshyatt.com.br\/sao-paulo\/product\/almoco-de-pascoa\/#breadcrumb\"},\"inLanguage\":\"pt-BR\",\"potentialAction\":[{\"@type\":\"ReadAction\",\"target\":[\"https:\/\/www.pacoteshyatt.com.br\/sao-paulo\/product\/almoco-de-pascoa\/\"]}]},{\"@type\":\"BreadcrumbList\",\"@id\":\"https:\/\/www.pacoteshyatt.com.br\/sao-paulo\/product\/almoco-de-pascoa\/#breadcrumb\",\"itemListElement\":[{\"@type\":\"ListItem\",\"position\":1,\"name\":\"Home\",\"item\":\"https:\/\/www.pacoteshyatt.com.br\/sao-paulo\/\"},{\"@type\":\"ListItem\",\"position\":2,\"name\":\"Shop\",\"item\":\"https:\/\/www.pacoteshyatt.com.br\/sao-paulo\/shop\/\"},{\"@type\":\"ListItem\",\"position\":3,\"name\":\"05\/04 &#8211; ALMO\u00c7O DE P\u00c1SCOA\"}]}]}<\/script>\n<!-- \/ Yoast SEO plugin. -->","yoast_head_json":{"title":"Almo\u00e7o de P\u00e1scoa: Restaurante Citadino - Grand Hyatt SP","description":"Viva a P\u00e1scoa com estilo Hyatt S\u00e3o Paulo! Desfrute de um almo\u00e7o de p\u00e1scoa exclusivo ao estilo Brunch, com card\u00e1pio cuidadosamente elaborado. Vouchers aqui:","robots":{"index":"index","follow":"follow","max-snippet":"max-snippet:-1","max-image-preview":"max-image-preview:large","max-video-preview":"max-video-preview:-1"},"canonical":"https:\/\/www.pacoteshyatt.com.br\/sao-paulo\/product\/almoco-de-pascoa\/","og_locale":"pt_BR","og_type":"article","og_title":"Almo\u00e7o de P\u00e1scoa: Restaurante Citadino - Grand Hyatt SP","og_description":"Viva a P\u00e1scoa com estilo Hyatt S\u00e3o Paulo! Desfrute de um almo\u00e7o de p\u00e1scoa exclusivo ao estilo Brunch, com card\u00e1pio cuidadosamente elaborado. Vouchers aqui:","og_url":"https:\/\/www.pacoteshyatt.com.br\/sao-paulo\/product\/almoco-de-pascoa\/","og_site_name":"GRAND HYATT S\u00c3O PAULO","article_modified_time":"2026-04-06T12:28:58+00:00","og_image":[{"width":308,"height":200,"url":"https:\/\/www.pacoteshyatt.com.br\/sao-paulo\/wp-content\/uploads\/sites\/3\/2022\/03\/GHSP_AlmocoDePascoa_2026_Banner_308x200px_v1-1-1.png","type":"image\/png"}],"twitter_card":"summary_large_image","twitter_misc":{"Est. tempo de leitura":"1 minuto"},"schema":{"@context":"https:\/\/schema.org","@graph":[{"@type":"WebSite","@id":"https:\/\/www.pacoteshyatt.com.br\/sao-paulo\/#website","url":"https:\/\/www.pacoteshyatt.com.br\/sao-paulo\/","name":"GRAND HYATT S\u00c3O PAULO","description":"S\u00f3 mais um site Hot\u00e9is Grand Hyatt Rio de Janeiro e S\u00e3o Paulo sites","potentialAction":[{"@type":"SearchAction","target":{"@type":"EntryPoint","urlTemplate":"https:\/\/www.pacoteshyatt.com.br\/sao-paulo\/?s={search_term_string}"},"query-input":"required name=search_term_string"}],"inLanguage":"pt-BR"},{"@type":"ImageObject","@id":"https:\/\/www.pacoteshyatt.com.br\/sao-paulo\/product\/almoco-de-pascoa\/#primaryimage","inLanguage":"pt-BR","url":"https:\/\/www.pacoteshyatt.com.br\/sao-paulo\/wp-content\/uploads\/sites\/3\/2022\/03\/GHSP_AlmocoDePascoa_2026_Banner_308x200px_v1-1-1.png","contentUrl":"https:\/\/www.pacoteshyatt.com.br\/sao-paulo\/wp-content\/uploads\/sites\/3\/2022\/03\/GHSP_AlmocoDePascoa_2026_Banner_308x200px_v1-1-1.png","width":308,"height":200},{"@type":"WebPage","@id":"https:\/\/www.pacoteshyatt.com.br\/sao-paulo\/product\/almoco-de-pascoa\/#webpage","url":"https:\/\/www.pacoteshyatt.com.br\/sao-paulo\/product\/almoco-de-pascoa\/","name":"Almo\u00e7o de P\u00e1scoa: Restaurante Citadino - Grand Hyatt SP","isPartOf":{"@id":"https:\/\/www.pacoteshyatt.com.br\/sao-paulo\/#website"},"primaryImageOfPage":{"@id":"https:\/\/www.pacoteshyatt.com.br\/sao-paulo\/product\/almoco-de-pascoa\/#primaryimage"},"datePublished":"2022-03-03T21:46:24+00:00","dateModified":"2026-04-06T12:28:58+00:00","description":"Viva a P\u00e1scoa com estilo Hyatt S\u00e3o Paulo! Desfrute de um almo\u00e7o de p\u00e1scoa exclusivo ao estilo Brunch, com card\u00e1pio cuidadosamente elaborado. Vouchers aqui:","breadcrumb":{"@id":"https:\/\/www.pacoteshyatt.com.br\/sao-paulo\/product\/almoco-de-pascoa\/#breadcrumb"},"inLanguage":"pt-BR","potentialAction":[{"@type":"ReadAction","target":["https:\/\/www.pacoteshyatt.com.br\/sao-paulo\/product\/almoco-de-pascoa\/"]}]},{"@type":"BreadcrumbList","@id":"https:\/\/www.pacoteshyatt.com.br\/sao-paulo\/product\/almoco-de-pascoa\/#breadcrumb","itemListElement":[{"@type":"ListItem","position":1,"name":"Home","item":"https:\/\/www.pacoteshyatt.com.br\/sao-paulo\/"},{"@type":"ListItem","position":2,"name":"Shop","item":"https:\/\/www.pacoteshyatt.com.br\/sao-paulo\/shop\/"},{"@type":"ListItem","position":3,"name":"05\/04 &#8211; ALMO\u00c7O DE P\u00c1SCOA"}]}]}},"_links":{"self":[{"href":"https:\/\/www.pacoteshyatt.com.br\/sao-paulo\/wp-json\/wp\/v2\/product\/5470"}],"collection":[{"href":"https:\/\/www.pacoteshyatt.com.br\/sao-paulo\/wp-json\/wp\/v2\/product"}],"about":[{"href":"https:\/\/www.pacoteshyatt.com.br\/sao-paulo\/wp-json\/wp\/v2\/types\/product"}],"replies":[{"embeddable":true,"href":"https:\/\/www.pacoteshyatt.com.br\/sao-paulo\/wp-json\/wp\/v2\/comments?post=5470"}],"wp:featuredmedia":[{"embeddable":true,"href":"https:\/\/www.pacoteshyatt.com.br\/sao-paulo\/wp-json\/wp\/v2\/media\/21391"}],"wp:attachment":[{"href":"https:\/\/www.pacoteshyatt.com.br\/sao-paulo\/wp-json\/wp\/v2\/media?parent=5470"}],"wp:term":[{"taxonomy":"product_cat","embeddable":true,"href":"https:\/\/www.pacoteshyatt.com.br\/sao-paulo\/wp-json\/wp\/v2\/product_cat?post=5470"},{"taxonomy":"product_tag","embeddable":true,"href":"https:\/\/www.pacoteshyatt.com.br\/sao-paulo\/wp-json\/wp\/v2\/product_tag?post=5470"}],"curies":[{"name":"wp","href":"https:\/\/api.w.org\/{rel}","templated":true}]}}