{"id":5828,"date":"2022-04-19T14:03:58","date_gmt":"2022-04-19T17:03:58","guid":{"rendered":"https:\/\/www.pacoteshyatt.com.br\/sao-paulo\/?post_type=product&#038;p=5828"},"modified":"2025-06-06T18:03:02","modified_gmt":"2025-06-06T21:03:02","slug":"harmonizacao","status":"publish","type":"product","link":"https:\/\/www.pacoteshyatt.com.br\/sao-paulo\/product\/harmonizacao\/","title":{"rendered":"Harmoniza\u00e7\u00e3o | Dia dos Namorados"},"content":{"rendered":"<p>Surpreenda no jantar mais rom\u00e2ntico do ano com a escolha ideal de vinhos para cada prato.<\/p>\n<p>Garanta a harmoniza\u00e7\u00e3o perfeita e torne essa experi\u00eancia ainda mais especial.<\/p>\n<p>\ud83c\udf77 Garanta sua harmoniza\u00e7\u00e3o personalizada!<\/p>\n<p>&nbsp;<\/p>\n<p><strong>* O voucher de harmoniza\u00e7\u00e3o contempla o valor para o casal.<\/strong><\/p>\n","protected":false},"excerpt":{"rendered":"<p>Surpreenda no jantar mais rom\u00e2ntico do ano com a escolha ideal de vinhos para cada prato. Garanta a harmoniza\u00e7\u00e3o perfeita e torne essa experi\u00eancia ainda mais especial. \ud83c\udf77 Garanta sua harmoniza\u00e7\u00e3o personalizada! &nbsp; * O voucher de harmoniza\u00e7\u00e3o contempla o valor para o casal.<\/p>\n","protected":false},"featured_media":17889,"comment_status":"open","ping_status":"closed","template":"","meta":{"_eb_attr":""},"product_cat":[57,27,28],"product_tag":[],"yoast_head":"<!-- This site is optimized with the Yoast SEO plugin v18.4.1 - https:\/\/yoast.com\/wordpress\/plugins\/seo\/ -->\n<title>Harmoniza\u00e7\u00e3o | Dia dos Namorados - GRAND HYATT S\u00c3O PAULO<\/title>\n<meta name=\"robots\" content=\"index, follow, max-snippet:-1, max-image-preview:large, max-video-preview:-1\" \/>\n<link rel=\"canonical\" href=\"https:\/\/www.pacoteshyatt.com.br\/sao-paulo\/product\/harmonizacao\/\" \/>\n<meta property=\"og:locale\" content=\"pt_BR\" \/>\n<meta property=\"og:type\" content=\"article\" \/>\n<meta property=\"og:title\" content=\"Harmoniza\u00e7\u00e3o | Dia dos Namorados - GRAND HYATT S\u00c3O PAULO\" \/>\n<meta property=\"og:description\" content=\"Surpreenda no jantar mais rom\u00e2ntico do ano com a escolha ideal de vinhos para cada prato. Garanta a harmoniza\u00e7\u00e3o perfeita e torne essa experi\u00eancia ainda mais especial. \ud83c\udf77 Garanta sua harmoniza\u00e7\u00e3o personalizada! &nbsp; * O voucher de harmoniza\u00e7\u00e3o contempla o valor para o casal.\" \/>\n<meta property=\"og:url\" content=\"https:\/\/www.pacoteshyatt.com.br\/sao-paulo\/product\/harmonizacao\/\" \/>\n<meta property=\"og:site_name\" content=\"GRAND HYATT S\u00c3O PAULO\" \/>\n<meta property=\"article:modified_time\" content=\"2025-06-06T21:03:02+00:00\" \/>\n<meta property=\"og:image\" content=\"https:\/\/www.pacoteshyatt.com.br\/sao-paulo\/wp-content\/uploads\/sites\/3\/2025\/05\/GHSP_DiaDosNamorados_Jantar_Banner_308x200px_v2.png\" \/>\n\t<meta property=\"og:image:width\" content=\"308\" \/>\n\t<meta property=\"og:image:height\" content=\"200\" \/>\n\t<meta property=\"og:image:type\" content=\"image\/png\" \/>\n<meta name=\"twitter:card\" content=\"summary_large_image\" \/>\n<meta name=\"twitter:label1\" content=\"Est. tempo de leitura\" \/>\n\t<meta name=\"twitter:data1\" content=\"1 minuto\" \/>\n<script type=\"application\/ld+json\" class=\"yoast-schema-graph\">{\"@context\":\"https:\/\/schema.org\",\"@graph\":[{\"@type\":\"WebSite\",\"@id\":\"https:\/\/www.pacoteshyatt.com.br\/sao-paulo\/#website\",\"url\":\"https:\/\/www.pacoteshyatt.com.br\/sao-paulo\/\",\"name\":\"GRAND HYATT S\u00c3O PAULO\",\"description\":\"S\u00f3 mais um site Hot\u00e9is Grand Hyatt Rio de Janeiro e S\u00e3o Paulo sites\",\"potentialAction\":[{\"@type\":\"SearchAction\",\"target\":{\"@type\":\"EntryPoint\",\"urlTemplate\":\"https:\/\/www.pacoteshyatt.com.br\/sao-paulo\/?s={search_term_string}\"},\"query-input\":\"required name=search_term_string\"}],\"inLanguage\":\"pt-BR\"},{\"@type\":\"ImageObject\",\"@id\":\"https:\/\/www.pacoteshyatt.com.br\/sao-paulo\/product\/harmonizacao\/#primaryimage\",\"inLanguage\":\"pt-BR\",\"url\":\"https:\/\/www.pacoteshyatt.com.br\/sao-paulo\/wp-content\/uploads\/sites\/3\/2025\/05\/GHSP_DiaDosNamorados_Jantar_Banner_308x200px_v2.png\",\"contentUrl\":\"https:\/\/www.pacoteshyatt.com.br\/sao-paulo\/wp-content\/uploads\/sites\/3\/2025\/05\/GHSP_DiaDosNamorados_Jantar_Banner_308x200px_v2.png\",\"width\":308,\"height\":200},{\"@type\":\"WebPage\",\"@id\":\"https:\/\/www.pacoteshyatt.com.br\/sao-paulo\/product\/harmonizacao\/#webpage\",\"url\":\"https:\/\/www.pacoteshyatt.com.br\/sao-paulo\/product\/harmonizacao\/\",\"name\":\"Harmoniza\u00e7\u00e3o | Dia dos Namorados - GRAND HYATT S\u00c3O PAULO\",\"isPartOf\":{\"@id\":\"https:\/\/www.pacoteshyatt.com.br\/sao-paulo\/#website\"},\"primaryImageOfPage\":{\"@id\":\"https:\/\/www.pacoteshyatt.com.br\/sao-paulo\/product\/harmonizacao\/#primaryimage\"},\"datePublished\":\"2022-04-19T17:03:58+00:00\",\"dateModified\":\"2025-06-06T21:03:02+00:00\",\"breadcrumb\":{\"@id\":\"https:\/\/www.pacoteshyatt.com.br\/sao-paulo\/product\/harmonizacao\/#breadcrumb\"},\"inLanguage\":\"pt-BR\",\"potentialAction\":[{\"@type\":\"ReadAction\",\"target\":[\"https:\/\/www.pacoteshyatt.com.br\/sao-paulo\/product\/harmonizacao\/\"]}]},{\"@type\":\"BreadcrumbList\",\"@id\":\"https:\/\/www.pacoteshyatt.com.br\/sao-paulo\/product\/harmonizacao\/#breadcrumb\",\"itemListElement\":[{\"@type\":\"ListItem\",\"position\":1,\"name\":\"Home\",\"item\":\"https:\/\/www.pacoteshyatt.com.br\/sao-paulo\/\"},{\"@type\":\"ListItem\",\"position\":2,\"name\":\"Shop\",\"item\":\"https:\/\/www.pacoteshyatt.com.br\/sao-paulo\/shop\/\"},{\"@type\":\"ListItem\",\"position\":3,\"name\":\"Harmoniza\u00e7\u00e3o | Dia dos Namorados\"}]}]}<\/script>\n<!-- \/ Yoast SEO plugin. -->","yoast_head_json":{"title":"Harmoniza\u00e7\u00e3o | Dia dos Namorados - GRAND HYATT S\u00c3O PAULO","robots":{"index":"index","follow":"follow","max-snippet":"max-snippet:-1","max-image-preview":"max-image-preview:large","max-video-preview":"max-video-preview:-1"},"canonical":"https:\/\/www.pacoteshyatt.com.br\/sao-paulo\/product\/harmonizacao\/","og_locale":"pt_BR","og_type":"article","og_title":"Harmoniza\u00e7\u00e3o | Dia dos Namorados - GRAND HYATT S\u00c3O PAULO","og_description":"Surpreenda no jantar mais rom\u00e2ntico do ano com a escolha ideal de vinhos para cada prato. Garanta a harmoniza\u00e7\u00e3o perfeita e torne essa experi\u00eancia ainda mais especial. \ud83c\udf77 Garanta sua harmoniza\u00e7\u00e3o personalizada! &nbsp; * O voucher de harmoniza\u00e7\u00e3o contempla o valor para o casal.","og_url":"https:\/\/www.pacoteshyatt.com.br\/sao-paulo\/product\/harmonizacao\/","og_site_name":"GRAND HYATT S\u00c3O PAULO","article_modified_time":"2025-06-06T21:03:02+00:00","og_image":[{"width":308,"height":200,"url":"https:\/\/www.pacoteshyatt.com.br\/sao-paulo\/wp-content\/uploads\/sites\/3\/2025\/05\/GHSP_DiaDosNamorados_Jantar_Banner_308x200px_v2.png","type":"image\/png"}],"twitter_card":"summary_large_image","twitter_misc":{"Est. tempo de leitura":"1 minuto"},"schema":{"@context":"https:\/\/schema.org","@graph":[{"@type":"WebSite","@id":"https:\/\/www.pacoteshyatt.com.br\/sao-paulo\/#website","url":"https:\/\/www.pacoteshyatt.com.br\/sao-paulo\/","name":"GRAND HYATT S\u00c3O PAULO","description":"S\u00f3 mais um site Hot\u00e9is Grand Hyatt Rio de Janeiro e S\u00e3o Paulo sites","potentialAction":[{"@type":"SearchAction","target":{"@type":"EntryPoint","urlTemplate":"https:\/\/www.pacoteshyatt.com.br\/sao-paulo\/?s={search_term_string}"},"query-input":"required name=search_term_string"}],"inLanguage":"pt-BR"},{"@type":"ImageObject","@id":"https:\/\/www.pacoteshyatt.com.br\/sao-paulo\/product\/harmonizacao\/#primaryimage","inLanguage":"pt-BR","url":"https:\/\/www.pacoteshyatt.com.br\/sao-paulo\/wp-content\/uploads\/sites\/3\/2025\/05\/GHSP_DiaDosNamorados_Jantar_Banner_308x200px_v2.png","contentUrl":"https:\/\/www.pacoteshyatt.com.br\/sao-paulo\/wp-content\/uploads\/sites\/3\/2025\/05\/GHSP_DiaDosNamorados_Jantar_Banner_308x200px_v2.png","width":308,"height":200},{"@type":"WebPage","@id":"https:\/\/www.pacoteshyatt.com.br\/sao-paulo\/product\/harmonizacao\/#webpage","url":"https:\/\/www.pacoteshyatt.com.br\/sao-paulo\/product\/harmonizacao\/","name":"Harmoniza\u00e7\u00e3o | Dia dos Namorados - GRAND HYATT S\u00c3O PAULO","isPartOf":{"@id":"https:\/\/www.pacoteshyatt.com.br\/sao-paulo\/#website"},"primaryImageOfPage":{"@id":"https:\/\/www.pacoteshyatt.com.br\/sao-paulo\/product\/harmonizacao\/#primaryimage"},"datePublished":"2022-04-19T17:03:58+00:00","dateModified":"2025-06-06T21:03:02+00:00","breadcrumb":{"@id":"https:\/\/www.pacoteshyatt.com.br\/sao-paulo\/product\/harmonizacao\/#breadcrumb"},"inLanguage":"pt-BR","potentialAction":[{"@type":"ReadAction","target":["https:\/\/www.pacoteshyatt.com.br\/sao-paulo\/product\/harmonizacao\/"]}]},{"@type":"BreadcrumbList","@id":"https:\/\/www.pacoteshyatt.com.br\/sao-paulo\/product\/harmonizacao\/#breadcrumb","itemListElement":[{"@type":"ListItem","position":1,"name":"Home","item":"https:\/\/www.pacoteshyatt.com.br\/sao-paulo\/"},{"@type":"ListItem","position":2,"name":"Shop","item":"https:\/\/www.pacoteshyatt.com.br\/sao-paulo\/shop\/"},{"@type":"ListItem","position":3,"name":"Harmoniza\u00e7\u00e3o | Dia dos Namorados"}]}]}},"_links":{"self":[{"href":"https:\/\/www.pacoteshyatt.com.br\/sao-paulo\/wp-json\/wp\/v2\/product\/5828"}],"collection":[{"href":"https:\/\/www.pacoteshyatt.com.br\/sao-paulo\/wp-json\/wp\/v2\/product"}],"about":[{"href":"https:\/\/www.pacoteshyatt.com.br\/sao-paulo\/wp-json\/wp\/v2\/types\/product"}],"replies":[{"embeddable":true,"href":"https:\/\/www.pacoteshyatt.com.br\/sao-paulo\/wp-json\/wp\/v2\/comments?post=5828"}],"wp:featuredmedia":[{"embeddable":true,"href":"https:\/\/www.pacoteshyatt.com.br\/sao-paulo\/wp-json\/wp\/v2\/media\/17889"}],"wp:attachment":[{"href":"https:\/\/www.pacoteshyatt.com.br\/sao-paulo\/wp-json\/wp\/v2\/media?parent=5828"}],"wp:term":[{"taxonomy":"product_cat","embeddable":true,"href":"https:\/\/www.pacoteshyatt.com.br\/sao-paulo\/wp-json\/wp\/v2\/product_cat?post=5828"},{"taxonomy":"product_tag","embeddable":true,"href":"https:\/\/www.pacoteshyatt.com.br\/sao-paulo\/wp-json\/wp\/v2\/product_tag?post=5828"}],"curies":[{"name":"wp","href":"https:\/\/api.w.org\/{rel}","templated":true}]}}