{"id":61,"date":"2020-08-16T13:29:25","date_gmt":"2020-08-16T16:29:25","guid":{"rendered":"https:\/\/www.pacoteshyatt.com.br\/sao-paulo\/?post_type=product&#038;p=61"},"modified":"2026-03-16T09:19:27","modified_gmt":"2026-03-16T12:19:27","slug":"feijoada-do-hyatt","status":"publish","type":"product","link":"https:\/\/www.pacoteshyatt.com.br\/sao-paulo\/product\/feijoada-do-hyatt\/","title":{"rendered":"S\u00c1BADOS | FEIJOADA DO HYATT"},"content":{"rendered":"<p>Bem-vindo a uma tradi\u00e7\u00e3o saborosamente brasileira, direto no cora\u00e7\u00e3o de <strong>S\u00e3o Paulo<\/strong>! Todos os s\u00e1bados, o Cittadino do Grand Hyatt S\u00e3o Paulo se transforma no epicentro de uma celebra\u00e7\u00e3o gastron\u00f4mica sem igual: a<strong> Feijoada do Hyatt<\/strong>. Uma experi\u00eancia que combina sabor, tradi\u00e7\u00e3o e alegria, ideal para reunir amigos e fam\u00edlia em torno de uma das paix\u00f5es nacionais.<\/p>\n<p>&nbsp;<\/p>\n<h2>Uma feijoada em S\u00e3o Paulo Completa!<\/h2>\n<p>Nossa feijoada \u00e9 preparada com dedica\u00e7\u00e3o e os melhores ingredientes, garantindo aquela autenticidade que s\u00f3 a culin\u00e1ria brasileira tem.<\/p>\n<p>Das op\u00e7\u00f5es tradicionais aos acompanhamentos que todos amamos, cada detalhe \u00e9 pensado para oferecer uma experi\u00eancia \u00fanica. Al\u00e9m\u00a0disso, temos orgulho de tamb\u00e9m oferecer uma\u00a0<strong>feijoada vegetariana<\/strong>\u00a0deliciosa, completamente livre de carne, garantindo que todos encontrem algo para saborear.<\/p>\n<p>Para acompanhar, nossa sele\u00e7\u00e3o de acompanhamentos \u00e9 vasta e inclui deliciosas op\u00e7\u00f5es vegetarianas. Desfrute de saladas frescas, couve refogada e uma variedade de petiscos como bolinhas de queijo, banana frita e mandioca.<\/p>\n<p>A esta\u00e7\u00e3o de saladas \u00e9 um destaque \u00e0 parte, onde oferecemos diferentes tipos de saladas a cada semana, sempre sem carne, garantindo novidades e variedade a cada visita.<\/p>\n<p>&nbsp;<\/p>\n<h2>Caipirinha \u00e0 vontade<\/h2>\n<p>E o que seria de uma boa feijoada sem a tradicional caipirinha para acompanhar? No Cittadino, voc\u00ea pode desfrutar de caipirinhas de cacha\u00e7a \u00e0 vontade, preparadas na hora por nossa equipe com frutas frescas e ingredientes selecionados.<br \/>\nAs cacha\u00e7as utilizadas s\u00e3o escolhidas criteriosamente pelos nossos bartenders, garantindo sempre uma experi\u00eancia aut\u00eantica e saborosa \u2014 perfeita para harmonizar com a feijoada.<\/p>\n<p>&nbsp;<\/p>\n<h2>Doces encantos brasileiros<\/h2>\n<p>Para fechar com chave de ouro, nosso buffet de sobremesas \u00e9 uma verdadeira ode \u00e0s del\u00edcias t\u00edpicas brasileiras. De doces tradicionais a cria\u00e7\u00f5es exclusivas, cada op\u00e7\u00e3o \u00e9 uma nova descoberta de sabores e texturas, prometendo uma experi\u00eancia inesquec\u00edvel ao seu paladar.<\/p>\n<p>&nbsp;<\/p>\n<h2>Informa\u00e7\u00f5es importantes sobre a Feijoada em S\u00e3o Paulo<\/h2>\n<p>&#8211; Quando? Todos os s\u00e1bados<\/p>\n<p>&#8211; Hor\u00e1rio: Das 13h \u00e0s 16h<\/p>\n<p>&#8211; Incluso: Feijoada completa com caipirinha \u00e0 vontade<\/p>\n<p>&nbsp;<\/p>\n<p>Venha viver uma tarde inesquec\u00edvel da <strong>melhor feijoada em S\u00e3o Paulo<\/strong> do Hyatt, repleta de sabor, alegria e boa companhia. Estamos te esperando para celebrar os s\u00e1bados de uma maneira que s\u00f3 o Hyatt S\u00e3o Paulo pode oferecer. Garanta j\u00e1 o seu lugar!<\/p>\n<p>&nbsp;<\/p>\n<p><strong>* Este voucher \u00e9 v\u00e1lido para 1 pessoa, e deve ser utilizado somente aos s\u00e1bados* (das 13h \u00e0s 16h), com validade de 90 dias a partir da data da compra.<\/strong><\/p>\n<p><strong>*Aten\u00e7\u00e3o: Devido ao evento Bar &amp; Brasa, n\u00e3o teremos a Feijoada do Hyatt no dia 06\/12\u00a0<\/strong><\/p>\n","protected":false},"excerpt":{"rendered":"<p>Bem-vindo a uma tradi\u00e7\u00e3o saborosamente brasileira, direto no cora\u00e7\u00e3o de S\u00e3o Paulo! Todos os s\u00e1bados, o Cittadino do Grand Hyatt S\u00e3o Paulo se transforma no epicentro de uma celebra\u00e7\u00e3o gastron\u00f4mica sem igual: a Feijoada do Hyatt. Uma experi\u00eancia que combina sabor, tradi\u00e7\u00e3o e alegria, ideal para reunir amigos e fam\u00edlia em torno de uma das [&hellip;]<\/p>\n","protected":false},"featured_media":21319,"comment_status":"open","ping_status":"closed","template":"","meta":{"_eb_attr":""},"product_cat":[57,27,28],"product_tag":[],"yoast_head":"<!-- This site is optimized with the Yoast SEO plugin v18.4.1 - https:\/\/yoast.com\/wordpress\/plugins\/seo\/ -->\n<title>Feijoada em S\u00e3o Paulo com Caipirinha \u00c0 VONTADE - Hyatt SP<\/title>\n<meta name=\"description\" content=\"A melhor feijoada de S\u00e3o Paulo \u00e9 a Feijoada Hyatt! Todos os s\u00e1bados, com muita caipirinha \u00e0 vontade e deliciosos doces t\u00edpicos brasileiros. Voucher aqui!\" \/>\n<meta name=\"robots\" content=\"index, follow, max-snippet:-1, max-image-preview:large, max-video-preview:-1\" \/>\n<link rel=\"canonical\" href=\"https:\/\/www.pacoteshyatt.com.br\/sao-paulo\/product\/feijoada-do-hyatt\/\" \/>\n<meta property=\"og:locale\" content=\"pt_BR\" \/>\n<meta property=\"og:type\" content=\"article\" \/>\n<meta property=\"og:title\" content=\"Feijoada em S\u00e3o Paulo com Caipirinha \u00c0 VONTADE - Hyatt SP\" \/>\n<meta property=\"og:description\" content=\"A melhor feijoada de S\u00e3o Paulo \u00e9 a Feijoada Hyatt! Todos os s\u00e1bados, com muita caipirinha \u00e0 vontade e deliciosos doces t\u00edpicos brasileiros. Voucher aqui!\" \/>\n<meta property=\"og:url\" content=\"https:\/\/www.pacoteshyatt.com.br\/sao-paulo\/product\/feijoada-do-hyatt\/\" \/>\n<meta property=\"og:site_name\" content=\"GRAND HYATT S\u00c3O PAULO\" \/>\n<meta property=\"article:modified_time\" content=\"2026-03-16T12:19:27+00:00\" \/>\n<meta property=\"og:image\" content=\"https:\/\/www.pacoteshyatt.com.br\/sao-paulo\/wp-content\/uploads\/sites\/3\/2020\/08\/GHSP_Feijuca_BannerDestaques_308x200px_v2.png\" \/>\n\t<meta property=\"og:image:width\" content=\"308\" \/>\n\t<meta property=\"og:image:height\" content=\"200\" \/>\n\t<meta property=\"og:image:type\" content=\"image\/png\" \/>\n<meta name=\"twitter:card\" content=\"summary_large_image\" \/>\n<meta name=\"twitter:label1\" content=\"Est. tempo de leitura\" \/>\n\t<meta name=\"twitter:data1\" content=\"3 minutos\" \/>\n<script type=\"application\/ld+json\" class=\"yoast-schema-graph\">{\"@context\":\"https:\/\/schema.org\",\"@graph\":[{\"@type\":\"WebSite\",\"@id\":\"https:\/\/www.pacoteshyatt.com.br\/sao-paulo\/#website\",\"url\":\"https:\/\/www.pacoteshyatt.com.br\/sao-paulo\/\",\"name\":\"GRAND HYATT S\u00c3O PAULO\",\"description\":\"S\u00f3 mais um site Hot\u00e9is Grand Hyatt Rio de Janeiro e S\u00e3o Paulo sites\",\"potentialAction\":[{\"@type\":\"SearchAction\",\"target\":{\"@type\":\"EntryPoint\",\"urlTemplate\":\"https:\/\/www.pacoteshyatt.com.br\/sao-paulo\/?s={search_term_string}\"},\"query-input\":\"required name=search_term_string\"}],\"inLanguage\":\"pt-BR\"},{\"@type\":\"ImageObject\",\"@id\":\"https:\/\/www.pacoteshyatt.com.br\/sao-paulo\/product\/feijoada-do-hyatt\/#primaryimage\",\"inLanguage\":\"pt-BR\",\"url\":\"https:\/\/www.pacoteshyatt.com.br\/sao-paulo\/wp-content\/uploads\/sites\/3\/2020\/08\/GHSP_Feijuca_BannerDestaques_308x200px_v2.png\",\"contentUrl\":\"https:\/\/www.pacoteshyatt.com.br\/sao-paulo\/wp-content\/uploads\/sites\/3\/2020\/08\/GHSP_Feijuca_BannerDestaques_308x200px_v2.png\",\"width\":308,\"height\":200},{\"@type\":\"WebPage\",\"@id\":\"https:\/\/www.pacoteshyatt.com.br\/sao-paulo\/product\/feijoada-do-hyatt\/#webpage\",\"url\":\"https:\/\/www.pacoteshyatt.com.br\/sao-paulo\/product\/feijoada-do-hyatt\/\",\"name\":\"Feijoada em S\u00e3o Paulo com Caipirinha \u00c0 VONTADE - Hyatt SP\",\"isPartOf\":{\"@id\":\"https:\/\/www.pacoteshyatt.com.br\/sao-paulo\/#website\"},\"primaryImageOfPage\":{\"@id\":\"https:\/\/www.pacoteshyatt.com.br\/sao-paulo\/product\/feijoada-do-hyatt\/#primaryimage\"},\"datePublished\":\"2020-08-16T16:29:25+00:00\",\"dateModified\":\"2026-03-16T12:19:27+00:00\",\"description\":\"A melhor feijoada de S\u00e3o Paulo \u00e9 a Feijoada Hyatt! Todos os s\u00e1bados, com muita caipirinha \u00e0 vontade e deliciosos doces t\u00edpicos brasileiros. Voucher aqui!\",\"breadcrumb\":{\"@id\":\"https:\/\/www.pacoteshyatt.com.br\/sao-paulo\/product\/feijoada-do-hyatt\/#breadcrumb\"},\"inLanguage\":\"pt-BR\",\"potentialAction\":[{\"@type\":\"ReadAction\",\"target\":[\"https:\/\/www.pacoteshyatt.com.br\/sao-paulo\/product\/feijoada-do-hyatt\/\"]}]},{\"@type\":\"BreadcrumbList\",\"@id\":\"https:\/\/www.pacoteshyatt.com.br\/sao-paulo\/product\/feijoada-do-hyatt\/#breadcrumb\",\"itemListElement\":[{\"@type\":\"ListItem\",\"position\":1,\"name\":\"Home\",\"item\":\"https:\/\/www.pacoteshyatt.com.br\/sao-paulo\/\"},{\"@type\":\"ListItem\",\"position\":2,\"name\":\"Shop\",\"item\":\"https:\/\/www.pacoteshyatt.com.br\/sao-paulo\/shop\/\"},{\"@type\":\"ListItem\",\"position\":3,\"name\":\"S\u00c1BADOS | FEIJOADA DO HYATT\"}]}]}<\/script>\n<!-- \/ Yoast SEO plugin. -->","yoast_head_json":{"title":"Feijoada em S\u00e3o Paulo com Caipirinha \u00c0 VONTADE - Hyatt SP","description":"A melhor feijoada de S\u00e3o Paulo \u00e9 a Feijoada Hyatt! Todos os s\u00e1bados, com muita caipirinha \u00e0 vontade e deliciosos doces t\u00edpicos brasileiros. Voucher aqui!","robots":{"index":"index","follow":"follow","max-snippet":"max-snippet:-1","max-image-preview":"max-image-preview:large","max-video-preview":"max-video-preview:-1"},"canonical":"https:\/\/www.pacoteshyatt.com.br\/sao-paulo\/product\/feijoada-do-hyatt\/","og_locale":"pt_BR","og_type":"article","og_title":"Feijoada em S\u00e3o Paulo com Caipirinha \u00c0 VONTADE - Hyatt SP","og_description":"A melhor feijoada de S\u00e3o Paulo \u00e9 a Feijoada Hyatt! Todos os s\u00e1bados, com muita caipirinha \u00e0 vontade e deliciosos doces t\u00edpicos brasileiros. Voucher aqui!","og_url":"https:\/\/www.pacoteshyatt.com.br\/sao-paulo\/product\/feijoada-do-hyatt\/","og_site_name":"GRAND HYATT S\u00c3O PAULO","article_modified_time":"2026-03-16T12:19:27+00:00","og_image":[{"width":308,"height":200,"url":"https:\/\/www.pacoteshyatt.com.br\/sao-paulo\/wp-content\/uploads\/sites\/3\/2020\/08\/GHSP_Feijuca_BannerDestaques_308x200px_v2.png","type":"image\/png"}],"twitter_card":"summary_large_image","twitter_misc":{"Est. tempo de leitura":"3 minutos"},"schema":{"@context":"https:\/\/schema.org","@graph":[{"@type":"WebSite","@id":"https:\/\/www.pacoteshyatt.com.br\/sao-paulo\/#website","url":"https:\/\/www.pacoteshyatt.com.br\/sao-paulo\/","name":"GRAND HYATT S\u00c3O PAULO","description":"S\u00f3 mais um site Hot\u00e9is Grand Hyatt Rio de Janeiro e S\u00e3o Paulo sites","potentialAction":[{"@type":"SearchAction","target":{"@type":"EntryPoint","urlTemplate":"https:\/\/www.pacoteshyatt.com.br\/sao-paulo\/?s={search_term_string}"},"query-input":"required name=search_term_string"}],"inLanguage":"pt-BR"},{"@type":"ImageObject","@id":"https:\/\/www.pacoteshyatt.com.br\/sao-paulo\/product\/feijoada-do-hyatt\/#primaryimage","inLanguage":"pt-BR","url":"https:\/\/www.pacoteshyatt.com.br\/sao-paulo\/wp-content\/uploads\/sites\/3\/2020\/08\/GHSP_Feijuca_BannerDestaques_308x200px_v2.png","contentUrl":"https:\/\/www.pacoteshyatt.com.br\/sao-paulo\/wp-content\/uploads\/sites\/3\/2020\/08\/GHSP_Feijuca_BannerDestaques_308x200px_v2.png","width":308,"height":200},{"@type":"WebPage","@id":"https:\/\/www.pacoteshyatt.com.br\/sao-paulo\/product\/feijoada-do-hyatt\/#webpage","url":"https:\/\/www.pacoteshyatt.com.br\/sao-paulo\/product\/feijoada-do-hyatt\/","name":"Feijoada em S\u00e3o Paulo com Caipirinha \u00c0 VONTADE - Hyatt SP","isPartOf":{"@id":"https:\/\/www.pacoteshyatt.com.br\/sao-paulo\/#website"},"primaryImageOfPage":{"@id":"https:\/\/www.pacoteshyatt.com.br\/sao-paulo\/product\/feijoada-do-hyatt\/#primaryimage"},"datePublished":"2020-08-16T16:29:25+00:00","dateModified":"2026-03-16T12:19:27+00:00","description":"A melhor feijoada de S\u00e3o Paulo \u00e9 a Feijoada Hyatt! Todos os s\u00e1bados, com muita caipirinha \u00e0 vontade e deliciosos doces t\u00edpicos brasileiros. Voucher aqui!","breadcrumb":{"@id":"https:\/\/www.pacoteshyatt.com.br\/sao-paulo\/product\/feijoada-do-hyatt\/#breadcrumb"},"inLanguage":"pt-BR","potentialAction":[{"@type":"ReadAction","target":["https:\/\/www.pacoteshyatt.com.br\/sao-paulo\/product\/feijoada-do-hyatt\/"]}]},{"@type":"BreadcrumbList","@id":"https:\/\/www.pacoteshyatt.com.br\/sao-paulo\/product\/feijoada-do-hyatt\/#breadcrumb","itemListElement":[{"@type":"ListItem","position":1,"name":"Home","item":"https:\/\/www.pacoteshyatt.com.br\/sao-paulo\/"},{"@type":"ListItem","position":2,"name":"Shop","item":"https:\/\/www.pacoteshyatt.com.br\/sao-paulo\/shop\/"},{"@type":"ListItem","position":3,"name":"S\u00c1BADOS | FEIJOADA DO HYATT"}]}]}},"_links":{"self":[{"href":"https:\/\/www.pacoteshyatt.com.br\/sao-paulo\/wp-json\/wp\/v2\/product\/61"}],"collection":[{"href":"https:\/\/www.pacoteshyatt.com.br\/sao-paulo\/wp-json\/wp\/v2\/product"}],"about":[{"href":"https:\/\/www.pacoteshyatt.com.br\/sao-paulo\/wp-json\/wp\/v2\/types\/product"}],"replies":[{"embeddable":true,"href":"https:\/\/www.pacoteshyatt.com.br\/sao-paulo\/wp-json\/wp\/v2\/comments?post=61"}],"wp:featuredmedia":[{"embeddable":true,"href":"https:\/\/www.pacoteshyatt.com.br\/sao-paulo\/wp-json\/wp\/v2\/media\/21319"}],"wp:attachment":[{"href":"https:\/\/www.pacoteshyatt.com.br\/sao-paulo\/wp-json\/wp\/v2\/media?parent=61"}],"wp:term":[{"taxonomy":"product_cat","embeddable":true,"href":"https:\/\/www.pacoteshyatt.com.br\/sao-paulo\/wp-json\/wp\/v2\/product_cat?post=61"},{"taxonomy":"product_tag","embeddable":true,"href":"https:\/\/www.pacoteshyatt.com.br\/sao-paulo\/wp-json\/wp\/v2\/product_tag?post=61"}],"curies":[{"name":"wp","href":"https:\/\/api.w.org\/{rel}","templated":true}]}}